{"id":1205293,"date":"2022-06-15T12:54:33","date_gmt":"2022-06-15T10:54:33","guid":{"rendered":"https:\/\/www.cudgel.de\/produkt\/holocausto-canibal-crueza-ferina-cd\/"},"modified":"2025-12-30T23:29:10","modified_gmt":"2025-12-30T22:29:10","slug":"holocausto-canibal-crueza-ferina-cd","status":"publish","type":"product","link":"https:\/\/www.cudgel.de\/en\/product\/holocausto-canibal-crueza-ferina-cd\/","title":{"rendered":"HOLOCAUSTO CANIBAL &#8211; crueza ferina CD"},"content":{"rendered":"<p>the portuguese master of gory death grind are back with their 6th full length attack<\/p>\n<p><strong>Tracks:<\/strong><\/p>\n<ol class=\"tracklisting\">\n<li>Ad Bizarrem Morem<\/li>\n<li>\u00caxodo Mortuoso<\/li>\n<li>Epic\u00e9dio Madrigaz<\/li>\n<li>Sinaxe do Sep\u00falcro Taf\u00f3fobo<\/li>\n<li>Ancestrais Ritos Hip\u00f3xicos<\/li>\n<li>Apresto Execut\u00f3rio<\/li>\n<li>Aniquila\u00e7\u00e3o Su\u00eddea<\/li>\n<li>\u00c1vida Traga\u00e7\u00e3o<\/li>\n<li>Congrega\u00e7\u00e3o da Flama Fel\u00eddea<\/li>\n<li>Psic\u00f3tico Interl\u00fadio<\/li>\n<li>An\u00e1temas Nefandos<\/li>\n<li>Esquartejado em Segundos<\/li>\n<li>Pren\u00fancios da Vingan\u00e7a Cavic\u00f3rnea<\/li>\n<li>Suprema Domin\u00e2ncia Taurina<\/li>\n<li>Campas do Negro Breu<\/li>\n<li>Gir\u00e2ndolas da Agonia Profunda<\/li>\n<li>Miasmas Onanizantes<\/li>\n<li>Qu\u00e9rulo dos Finados<\/li>\n<li>Sortil\u00e9gio da Pervers\u00e3o<\/li>\n<\/ol>\n<p><strong>Genres:<\/strong> Death Metal, Grindcore, Goregrind<\/p>\n<p> <strong>Label:<\/strong> Selfmadegod Records<\/p>\n<p> <strong>Erscheinungsjahr:<\/strong> 2022<\/p>\n<p> <strong>K\u00fcnstler:<\/strong> HOLOCAUSTO CANIBAL<\/p>\n<p> <strong>Spieldauer:<\/strong> 33:31<\/p>\n<p> <strong>Format:<\/strong> CD<\/p>\n<p> <strong>EAN:<\/strong> 5904673202851<\/p>\n","protected":false},"excerpt":{"rendered":"<p>the portuguese master of gory death grind are back with their 6th full length attack Tracks: Ad Bizarrem Morem \u00caxodo Mortuoso Epic\u00e9dio Madrigaz Sinaxe do Sep\u00falcro Taf\u00f3fobo Ancestrais Ritos Hip\u00f3xicos Apresto Execut\u00f3rio Aniquila\u00e7\u00e3o Su\u00eddea \u00c1vida Traga\u00e7\u00e3o Congrega\u00e7\u00e3o da Flama Fel\u00eddea Psic\u00f3tico Interl\u00fadio An\u00e1temas Nefandos Esquartejado em Segundos Pren\u00fancios da Vingan\u00e7a Cavic\u00f3rnea Suprema Domin\u00e2ncia Taurina Campas [&#8230;]\n","protected":false},"featured_media":1205291,"comment_status":"open","ping_status":"closed","template":"","meta":[],"product_cat":[455],"product_tag":[],"class_list":{"0":"post-1205293","1":"product","2":"type-product","3":"status-publish","4":"has-post-thumbnail","6":"product_cat-cd-h","7":"pa_band-holocausto-canibal","8":"pa_productgenre-death-metal","9":"pa_productgenre-goregrind","10":"pa_productgenre-grindcore","11":"pa_productlabel-selfmadegod-records","13":"first","14":"instock","15":"taxable","16":"shipping-taxable","17":"purchasable","18":"product-type-simple"},"yoast_head":"<!-- This site is optimized with the Yoast SEO plugin v22.9 - https:\/\/yoast.com\/wordpress\/plugins\/seo\/ -->\n<title>HOLOCAUSTO CANIBAL - crueza ferina CD - cudgel | Der ultimative Metal Online Store<\/title>\n<meta name=\"robots\" content=\"index, follow, max-snippet:-1, max-image-preview:large, max-video-preview:-1\" \/>\n<link rel=\"canonical\" href=\"https:\/\/www.cudgel.de\/produkt\/holocausto-canibal-crueza-ferina-cd\/\" \/>\n<meta property=\"og:locale\" content=\"en_US\" \/>\n<meta property=\"og:type\" content=\"article\" \/>\n<meta property=\"og:title\" content=\"HOLOCAUSTO CANIBAL - crueza ferina CD - cudgel | Der ultimative Metal Online Store\" \/>\n<meta property=\"og:description\" content=\"the portuguese master of gory death grind are back with their 6th full length attack Tracks: Ad Bizarrem Morem \u00caxodo Mortuoso Epic\u00e9dio Madrigaz Sinaxe do Sep\u00falcro Taf\u00f3fobo Ancestrais Ritos Hip\u00f3xicos Apresto Execut\u00f3rio Aniquila\u00e7\u00e3o Su\u00eddea \u00c1vida Traga\u00e7\u00e3o Congrega\u00e7\u00e3o da Flama Fel\u00eddea Psic\u00f3tico Interl\u00fadio An\u00e1temas Nefandos Esquartejado em Segundos Pren\u00fancios da Vingan\u00e7a Cavic\u00f3rnea Suprema Domin\u00e2ncia Taurina Campas [...]\" \/>\n<meta property=\"og:url\" content=\"https:\/\/www.cudgel.de\/produkt\/holocausto-canibal-crueza-ferina-cd\/\" \/>\n<meta property=\"og:site_name\" content=\"cudgel | Der ultimative Metal Online Store\" \/>\n<meta property=\"article:publisher\" content=\"https:\/\/www.facebook.com\/CudgelVertrieb\" \/>\n<meta property=\"article:modified_time\" content=\"2025-12-30T22:29:10+00:00\" \/>\n<meta property=\"og:image\" content=\"https:\/\/www.cudgel.de\/wp-content\/uploads\/2022\/06\/Art220144.jpg\" \/>\n\t<meta property=\"og:image:width\" content=\"1000\" \/>\n\t<meta property=\"og:image:height\" content=\"1000\" \/>\n\t<meta property=\"og:image:type\" content=\"image\/jpeg\" \/>\n<meta name=\"twitter:card\" content=\"summary_large_image\" \/>\n<script type=\"application\/ld+json\" class=\"yoast-schema-graph\">{\"@context\":\"https:\/\/schema.org\",\"@graph\":[{\"@type\":\"WebPage\",\"@id\":\"https:\/\/www.cudgel.de\/produkt\/holocausto-canibal-crueza-ferina-cd\/\",\"url\":\"https:\/\/www.cudgel.de\/produkt\/holocausto-canibal-crueza-ferina-cd\/\",\"name\":\"HOLOCAUSTO CANIBAL - crueza ferina CD - cudgel | Der ultimative Metal Online Store\",\"isPartOf\":{\"@id\":\"https:\/\/www.cudgel.de\/#website\"},\"primaryImageOfPage\":{\"@id\":\"https:\/\/www.cudgel.de\/produkt\/holocausto-canibal-crueza-ferina-cd\/#primaryimage\"},\"image\":{\"@id\":\"https:\/\/www.cudgel.de\/produkt\/holocausto-canibal-crueza-ferina-cd\/#primaryimage\"},\"thumbnailUrl\":\"https:\/\/www.cudgel.de\/wp-content\/uploads\/2022\/06\/Art220144.jpg\",\"datePublished\":\"2022-06-15T10:54:33+00:00\",\"dateModified\":\"2025-12-30T22:29:10+00:00\",\"breadcrumb\":{\"@id\":\"https:\/\/www.cudgel.de\/produkt\/holocausto-canibal-crueza-ferina-cd\/#breadcrumb\"},\"inLanguage\":\"en-US\",\"potentialAction\":[{\"@type\":\"ReadAction\",\"target\":[\"https:\/\/www.cudgel.de\/produkt\/holocausto-canibal-crueza-ferina-cd\/\"]}]},{\"@type\":\"ImageObject\",\"inLanguage\":\"en-US\",\"@id\":\"https:\/\/www.cudgel.de\/produkt\/holocausto-canibal-crueza-ferina-cd\/#primaryimage\",\"url\":\"https:\/\/www.cudgel.de\/wp-content\/uploads\/2022\/06\/Art220144.jpg\",\"contentUrl\":\"https:\/\/www.cudgel.de\/wp-content\/uploads\/2022\/06\/Art220144.jpg\",\"width\":1000,\"height\":1000},{\"@type\":\"BreadcrumbList\",\"@id\":\"https:\/\/www.cudgel.de\/produkt\/holocausto-canibal-crueza-ferina-cd\/#breadcrumb\",\"itemListElement\":[{\"@type\":\"ListItem\",\"position\":1,\"name\":\"Home\",\"item\":\"https:\/\/www.cudgel.de\/en\/\"},{\"@type\":\"ListItem\",\"position\":2,\"name\":\"Shop\",\"item\":\"https:\/\/www.cudgel.de\/en\/shop\/\"},{\"@type\":\"ListItem\",\"position\":3,\"name\":\"HOLOCAUSTO CANIBAL &#8211; crueza ferina CD\"}]},{\"@type\":\"WebSite\",\"@id\":\"https:\/\/www.cudgel.de\/#website\",\"url\":\"https:\/\/www.cudgel.de\/\",\"name\":\"cudgel | Der ultimative Metal Online Store\",\"description\":\"Eine weitere WordPress-Website\",\"publisher\":{\"@id\":\"https:\/\/www.cudgel.de\/#organization\"},\"potentialAction\":[{\"@type\":\"SearchAction\",\"target\":{\"@type\":\"EntryPoint\",\"urlTemplate\":\"https:\/\/www.cudgel.de\/?s={search_term_string}\"},\"query-input\":\"required name=search_term_string\"}],\"inLanguage\":\"en-US\"},{\"@type\":\"Organization\",\"@id\":\"https:\/\/www.cudgel.de\/#organization\",\"name\":\"cudgel | Der ultimative Metal Online Store\",\"url\":\"https:\/\/www.cudgel.de\/\",\"logo\":{\"@type\":\"ImageObject\",\"inLanguage\":\"en-US\",\"@id\":\"https:\/\/www.cudgel.de\/#\/schema\/logo\/image\/\",\"url\":\"https:\/\/www.cudgel.de\/wp-content\/uploads\/2024\/06\/cudgel-logo-neu-1-1400x419png.webp\",\"contentUrl\":\"https:\/\/www.cudgel.de\/wp-content\/uploads\/2024\/06\/cudgel-logo-neu-1-1400x419png.webp\",\"width\":1400,\"height\":419,\"caption\":\"cudgel | Der ultimative Metal Online Store\"},\"image\":{\"@id\":\"https:\/\/www.cudgel.de\/#\/schema\/logo\/image\/\"},\"sameAs\":[\"https:\/\/www.facebook.com\/CudgelVertrieb\"]}]}<\/script>\n<!-- \/ Yoast SEO plugin. -->","yoast_head_json":{"title":"HOLOCAUSTO CANIBAL - crueza ferina CD - cudgel | Der ultimative Metal Online Store","robots":{"index":"index","follow":"follow","max-snippet":"max-snippet:-1","max-image-preview":"max-image-preview:large","max-video-preview":"max-video-preview:-1"},"canonical":"https:\/\/www.cudgel.de\/produkt\/holocausto-canibal-crueza-ferina-cd\/","og_locale":"en_US","og_type":"article","og_title":"HOLOCAUSTO CANIBAL - crueza ferina CD - cudgel | Der ultimative Metal Online Store","og_description":"the portuguese master of gory death grind are back with their 6th full length attack Tracks: Ad Bizarrem Morem \u00caxodo Mortuoso Epic\u00e9dio Madrigaz Sinaxe do Sep\u00falcro Taf\u00f3fobo Ancestrais Ritos Hip\u00f3xicos Apresto Execut\u00f3rio Aniquila\u00e7\u00e3o Su\u00eddea \u00c1vida Traga\u00e7\u00e3o Congrega\u00e7\u00e3o da Flama Fel\u00eddea Psic\u00f3tico Interl\u00fadio An\u00e1temas Nefandos Esquartejado em Segundos Pren\u00fancios da Vingan\u00e7a Cavic\u00f3rnea Suprema Domin\u00e2ncia Taurina Campas [...]","og_url":"https:\/\/www.cudgel.de\/produkt\/holocausto-canibal-crueza-ferina-cd\/","og_site_name":"cudgel | Der ultimative Metal Online Store","article_publisher":"https:\/\/www.facebook.com\/CudgelVertrieb","article_modified_time":"2025-12-30T22:29:10+00:00","og_image":[{"width":1000,"height":1000,"url":"https:\/\/www.cudgel.de\/wp-content\/uploads\/2022\/06\/Art220144.jpg","type":"image\/jpeg"}],"twitter_card":"summary_large_image","schema":{"@context":"https:\/\/schema.org","@graph":[{"@type":"WebPage","@id":"https:\/\/www.cudgel.de\/produkt\/holocausto-canibal-crueza-ferina-cd\/","url":"https:\/\/www.cudgel.de\/produkt\/holocausto-canibal-crueza-ferina-cd\/","name":"HOLOCAUSTO CANIBAL - crueza ferina CD - cudgel | Der ultimative Metal Online Store","isPartOf":{"@id":"https:\/\/www.cudgel.de\/#website"},"primaryImageOfPage":{"@id":"https:\/\/www.cudgel.de\/produkt\/holocausto-canibal-crueza-ferina-cd\/#primaryimage"},"image":{"@id":"https:\/\/www.cudgel.de\/produkt\/holocausto-canibal-crueza-ferina-cd\/#primaryimage"},"thumbnailUrl":"https:\/\/www.cudgel.de\/wp-content\/uploads\/2022\/06\/Art220144.jpg","datePublished":"2022-06-15T10:54:33+00:00","dateModified":"2025-12-30T22:29:10+00:00","breadcrumb":{"@id":"https:\/\/www.cudgel.de\/produkt\/holocausto-canibal-crueza-ferina-cd\/#breadcrumb"},"inLanguage":"en-US","potentialAction":[{"@type":"ReadAction","target":["https:\/\/www.cudgel.de\/produkt\/holocausto-canibal-crueza-ferina-cd\/"]}]},{"@type":"ImageObject","inLanguage":"en-US","@id":"https:\/\/www.cudgel.de\/produkt\/holocausto-canibal-crueza-ferina-cd\/#primaryimage","url":"https:\/\/www.cudgel.de\/wp-content\/uploads\/2022\/06\/Art220144.jpg","contentUrl":"https:\/\/www.cudgel.de\/wp-content\/uploads\/2022\/06\/Art220144.jpg","width":1000,"height":1000},{"@type":"BreadcrumbList","@id":"https:\/\/www.cudgel.de\/produkt\/holocausto-canibal-crueza-ferina-cd\/#breadcrumb","itemListElement":[{"@type":"ListItem","position":1,"name":"Home","item":"https:\/\/www.cudgel.de\/en\/"},{"@type":"ListItem","position":2,"name":"Shop","item":"https:\/\/www.cudgel.de\/en\/shop\/"},{"@type":"ListItem","position":3,"name":"HOLOCAUSTO CANIBAL &#8211; crueza ferina CD"}]},{"@type":"WebSite","@id":"https:\/\/www.cudgel.de\/#website","url":"https:\/\/www.cudgel.de\/","name":"cudgel | Der ultimative Metal Online Store","description":"Eine weitere WordPress-Website","publisher":{"@id":"https:\/\/www.cudgel.de\/#organization"},"potentialAction":[{"@type":"SearchAction","target":{"@type":"EntryPoint","urlTemplate":"https:\/\/www.cudgel.de\/?s={search_term_string}"},"query-input":"required name=search_term_string"}],"inLanguage":"en-US"},{"@type":"Organization","@id":"https:\/\/www.cudgel.de\/#organization","name":"cudgel | Der ultimative Metal Online Store","url":"https:\/\/www.cudgel.de\/","logo":{"@type":"ImageObject","inLanguage":"en-US","@id":"https:\/\/www.cudgel.de\/#\/schema\/logo\/image\/","url":"https:\/\/www.cudgel.de\/wp-content\/uploads\/2024\/06\/cudgel-logo-neu-1-1400x419png.webp","contentUrl":"https:\/\/www.cudgel.de\/wp-content\/uploads\/2024\/06\/cudgel-logo-neu-1-1400x419png.webp","width":1400,"height":419,"caption":"cudgel | Der ultimative Metal Online Store"},"image":{"@id":"https:\/\/www.cudgel.de\/#\/schema\/logo\/image\/"},"sameAs":["https:\/\/www.facebook.com\/CudgelVertrieb"]}]}},"_links":{"self":[{"href":"https:\/\/www.cudgel.de\/en\/wp-json\/wp\/v2\/product\/1205293","targetHints":{"allow":["GET"]}}],"collection":[{"href":"https:\/\/www.cudgel.de\/en\/wp-json\/wp\/v2\/product"}],"about":[{"href":"https:\/\/www.cudgel.de\/en\/wp-json\/wp\/v2\/types\/product"}],"replies":[{"embeddable":true,"href":"https:\/\/www.cudgel.de\/en\/wp-json\/wp\/v2\/comments?post=1205293"}],"wp:featuredmedia":[{"embeddable":true,"href":"https:\/\/www.cudgel.de\/en\/wp-json\/wp\/v2\/media\/1205291"}],"wp:attachment":[{"href":"https:\/\/www.cudgel.de\/en\/wp-json\/wp\/v2\/media?parent=1205293"}],"wp:term":[{"taxonomy":"product_cat","embeddable":true,"href":"https:\/\/www.cudgel.de\/en\/wp-json\/wp\/v2\/product_cat?post=1205293"},{"taxonomy":"product_tag","embeddable":true,"href":"https:\/\/www.cudgel.de\/en\/wp-json\/wp\/v2\/product_tag?post=1205293"}],"curies":[{"name":"wp","href":"https:\/\/api.w.org\/{rel}","templated":true}]}}