{"id":122602,"date":"2020-03-26T10:47:53","date_gmt":"2020-03-26T09:47:53","guid":{"rendered":"https:\/\/www.cudgel.de\/produkt\/gore-carnage-carnage-drinking-party-cd\/"},"modified":"2025-12-17T00:05:36","modified_gmt":"2025-12-16T23:05:36","slug":"gore-carnage-carnage-drinking-party-cd","status":"publish","type":"product","link":"https:\/\/www.cudgel.de\/en\/product\/gore-carnage-carnage-drinking-party-cd\/","title":{"rendered":"GORE &amp; CARNAGE &#8211; carnage drinking party CD"},"content":{"rendered":"<p>mexican gore grind inferno feat. a excellent RAMONES cover<\/p>\n<p><strong>Tracks:<\/strong><\/p>\n<ol class=\"tracklisting\">\n<li>Start Gore Time<\/li>\n<li>Cock Sucker Old Ladies Fucker<\/li>\n<li>Pose\u00eddo por mezcal<\/li>\n<li>Enamorado de mi siempre respetado jam\u00e1s igualado fetus in fetus<\/li>\n<li>Carnage Drinking Party!<\/li>\n<li>La labor del bastardo mu\u00f1oz<\/li>\n<li>Erotica profanaci\u00f3n de una fosa com\u00fan<\/li>\n<li>Anal Bullying<\/li>\n<li>Mueres violado<\/li>\n<li>Blitzkrieg Pop (Ramones cover)<\/li>\n<li>Fucking Wlad in Paris<\/li>\n<li>Zombie Etilic Club<\/li>\n<\/ol>\n<p><strong>Genres:<\/strong> Grindcore, Goregrind<\/p>\n<p> <strong>Label:<\/strong> American Line Productions<\/p>\n<p> <strong>Erscheinungsjahr:<\/strong> 2017<\/p>\n<p> <strong>K\u00fcnstler:<\/strong> GORE &amp; CARNAGE<\/p>\n<p> <strong>Spieldauer:<\/strong> 30:11<\/p>\n<p> <strong>Format:<\/strong> CD<\/p>\n<p> <strong>EAN:<\/strong> &#8211;<\/p>\n","protected":false},"excerpt":{"rendered":"<p>mexican gore grind inferno feat. a excellent RAMONES cover Tracks: Start Gore Time Cock Sucker Old Ladies Fucker Pose\u00eddo por mezcal Enamorado de mi siempre respetado jam\u00e1s igualado fetus in fetus Carnage Drinking Party! La labor del bastardo mu\u00f1oz Erotica profanaci\u00f3n de una fosa com\u00fan Anal Bullying Mueres violado Blitzkrieg Pop (Ramones cover) Fucking Wlad [&#8230;]\n","protected":false},"featured_media":122600,"comment_status":"open","ping_status":"closed","template":"","meta":[],"product_cat":[454],"product_tag":[],"class_list":{"0":"post-122602","1":"product","2":"type-product","3":"status-publish","4":"has-post-thumbnail","6":"product_cat-cd-g","7":"pa_band-gore-carnage","8":"pa_productgenre-goregrind","9":"pa_productgenre-grindcore","10":"pa_productlabel-american-line-productions","12":"first","13":"instock","14":"taxable","15":"shipping-taxable","16":"purchasable","17":"product-type-simple"},"yoast_head":"<!-- This site is optimized with the Yoast SEO plugin v22.9 - https:\/\/yoast.com\/wordpress\/plugins\/seo\/ -->\n<title>GORE &amp; CARNAGE - carnage drinking party CD - cudgel | Der ultimative Metal Online Store<\/title>\n<meta name=\"robots\" content=\"index, follow, max-snippet:-1, max-image-preview:large, max-video-preview:-1\" \/>\n<link rel=\"canonical\" href=\"https:\/\/www.cudgel.de\/produkt\/gore-carnage-carnage-drinking-party-cd\/\" \/>\n<meta property=\"og:locale\" content=\"en_US\" \/>\n<meta property=\"og:type\" content=\"article\" \/>\n<meta property=\"og:title\" content=\"GORE &amp; CARNAGE - carnage drinking party CD - cudgel | Der ultimative Metal Online Store\" \/>\n<meta property=\"og:description\" content=\"mexican gore grind inferno feat. a excellent RAMONES cover Tracks: Start Gore Time Cock Sucker Old Ladies Fucker Pose\u00eddo por mezcal Enamorado de mi siempre respetado jam\u00e1s igualado fetus in fetus Carnage Drinking Party! La labor del bastardo mu\u00f1oz Erotica profanaci\u00f3n de una fosa com\u00fan Anal Bullying Mueres violado Blitzkrieg Pop (Ramones cover) Fucking Wlad [...]\" \/>\n<meta property=\"og:url\" content=\"https:\/\/www.cudgel.de\/produkt\/gore-carnage-carnage-drinking-party-cd\/\" \/>\n<meta property=\"og:site_name\" content=\"cudgel | Der ultimative Metal Online Store\" \/>\n<meta property=\"article:publisher\" content=\"https:\/\/www.facebook.com\/CudgelVertrieb\" \/>\n<meta property=\"article:modified_time\" content=\"2025-12-16T23:05:36+00:00\" \/>\n<meta property=\"og:image\" content=\"https:\/\/www.cudgel.de\/wp-content\/uploads\/2020\/03\/Art218644.jpg\" \/>\n\t<meta property=\"og:image:width\" content=\"1000\" \/>\n\t<meta property=\"og:image:height\" content=\"1027\" \/>\n\t<meta property=\"og:image:type\" content=\"image\/jpeg\" \/>\n<meta name=\"twitter:card\" content=\"summary_large_image\" \/>\n<script type=\"application\/ld+json\" class=\"yoast-schema-graph\">{\"@context\":\"https:\/\/schema.org\",\"@graph\":[{\"@type\":\"WebPage\",\"@id\":\"https:\/\/www.cudgel.de\/produkt\/gore-carnage-carnage-drinking-party-cd\/\",\"url\":\"https:\/\/www.cudgel.de\/produkt\/gore-carnage-carnage-drinking-party-cd\/\",\"name\":\"GORE &amp; CARNAGE - carnage drinking party CD - cudgel | Der ultimative Metal Online Store\",\"isPartOf\":{\"@id\":\"https:\/\/www.cudgel.de\/#website\"},\"primaryImageOfPage\":{\"@id\":\"https:\/\/www.cudgel.de\/produkt\/gore-carnage-carnage-drinking-party-cd\/#primaryimage\"},\"image\":{\"@id\":\"https:\/\/www.cudgel.de\/produkt\/gore-carnage-carnage-drinking-party-cd\/#primaryimage\"},\"thumbnailUrl\":\"https:\/\/www.cudgel.de\/wp-content\/uploads\/2020\/03\/Art218644.jpg\",\"datePublished\":\"2020-03-26T09:47:53+00:00\",\"dateModified\":\"2025-12-16T23:05:36+00:00\",\"breadcrumb\":{\"@id\":\"https:\/\/www.cudgel.de\/produkt\/gore-carnage-carnage-drinking-party-cd\/#breadcrumb\"},\"inLanguage\":\"en-US\",\"potentialAction\":[{\"@type\":\"ReadAction\",\"target\":[\"https:\/\/www.cudgel.de\/produkt\/gore-carnage-carnage-drinking-party-cd\/\"]}]},{\"@type\":\"ImageObject\",\"inLanguage\":\"en-US\",\"@id\":\"https:\/\/www.cudgel.de\/produkt\/gore-carnage-carnage-drinking-party-cd\/#primaryimage\",\"url\":\"https:\/\/www.cudgel.de\/wp-content\/uploads\/2020\/03\/Art218644.jpg\",\"contentUrl\":\"https:\/\/www.cudgel.de\/wp-content\/uploads\/2020\/03\/Art218644.jpg\",\"width\":1000,\"height\":1027},{\"@type\":\"BreadcrumbList\",\"@id\":\"https:\/\/www.cudgel.de\/produkt\/gore-carnage-carnage-drinking-party-cd\/#breadcrumb\",\"itemListElement\":[{\"@type\":\"ListItem\",\"position\":1,\"name\":\"Home\",\"item\":\"https:\/\/www.cudgel.de\/en\/\"},{\"@type\":\"ListItem\",\"position\":2,\"name\":\"Shop\",\"item\":\"https:\/\/www.cudgel.de\/en\/shop\/\"},{\"@type\":\"ListItem\",\"position\":3,\"name\":\"GORE &amp; CARNAGE &#8211; carnage drinking party CD\"}]},{\"@type\":\"WebSite\",\"@id\":\"https:\/\/www.cudgel.de\/#website\",\"url\":\"https:\/\/www.cudgel.de\/\",\"name\":\"cudgel | Der ultimative Metal Online Store\",\"description\":\"Eine weitere WordPress-Website\",\"publisher\":{\"@id\":\"https:\/\/www.cudgel.de\/#organization\"},\"potentialAction\":[{\"@type\":\"SearchAction\",\"target\":{\"@type\":\"EntryPoint\",\"urlTemplate\":\"https:\/\/www.cudgel.de\/?s={search_term_string}\"},\"query-input\":\"required name=search_term_string\"}],\"inLanguage\":\"en-US\"},{\"@type\":\"Organization\",\"@id\":\"https:\/\/www.cudgel.de\/#organization\",\"name\":\"cudgel | Der ultimative Metal Online Store\",\"url\":\"https:\/\/www.cudgel.de\/\",\"logo\":{\"@type\":\"ImageObject\",\"inLanguage\":\"en-US\",\"@id\":\"https:\/\/www.cudgel.de\/#\/schema\/logo\/image\/\",\"url\":\"https:\/\/www.cudgel.de\/wp-content\/uploads\/2024\/06\/cudgel-logo-neu-1-1400x419png.webp\",\"contentUrl\":\"https:\/\/www.cudgel.de\/wp-content\/uploads\/2024\/06\/cudgel-logo-neu-1-1400x419png.webp\",\"width\":1400,\"height\":419,\"caption\":\"cudgel | Der ultimative Metal Online Store\"},\"image\":{\"@id\":\"https:\/\/www.cudgel.de\/#\/schema\/logo\/image\/\"},\"sameAs\":[\"https:\/\/www.facebook.com\/CudgelVertrieb\"]}]}<\/script>\n<!-- \/ Yoast SEO plugin. -->","yoast_head_json":{"title":"GORE &amp; CARNAGE - carnage drinking party CD - cudgel | Der ultimative Metal Online Store","robots":{"index":"index","follow":"follow","max-snippet":"max-snippet:-1","max-image-preview":"max-image-preview:large","max-video-preview":"max-video-preview:-1"},"canonical":"https:\/\/www.cudgel.de\/produkt\/gore-carnage-carnage-drinking-party-cd\/","og_locale":"en_US","og_type":"article","og_title":"GORE &amp; CARNAGE - carnage drinking party CD - cudgel | Der ultimative Metal Online Store","og_description":"mexican gore grind inferno feat. a excellent RAMONES cover Tracks: Start Gore Time Cock Sucker Old Ladies Fucker Pose\u00eddo por mezcal Enamorado de mi siempre respetado jam\u00e1s igualado fetus in fetus Carnage Drinking Party! La labor del bastardo mu\u00f1oz Erotica profanaci\u00f3n de una fosa com\u00fan Anal Bullying Mueres violado Blitzkrieg Pop (Ramones cover) Fucking Wlad [...]","og_url":"https:\/\/www.cudgel.de\/produkt\/gore-carnage-carnage-drinking-party-cd\/","og_site_name":"cudgel | Der ultimative Metal Online Store","article_publisher":"https:\/\/www.facebook.com\/CudgelVertrieb","article_modified_time":"2025-12-16T23:05:36+00:00","og_image":[{"width":1000,"height":1027,"url":"https:\/\/www.cudgel.de\/wp-content\/uploads\/2020\/03\/Art218644.jpg","type":"image\/jpeg"}],"twitter_card":"summary_large_image","schema":{"@context":"https:\/\/schema.org","@graph":[{"@type":"WebPage","@id":"https:\/\/www.cudgel.de\/produkt\/gore-carnage-carnage-drinking-party-cd\/","url":"https:\/\/www.cudgel.de\/produkt\/gore-carnage-carnage-drinking-party-cd\/","name":"GORE &amp; CARNAGE - carnage drinking party CD - cudgel | Der ultimative Metal Online Store","isPartOf":{"@id":"https:\/\/www.cudgel.de\/#website"},"primaryImageOfPage":{"@id":"https:\/\/www.cudgel.de\/produkt\/gore-carnage-carnage-drinking-party-cd\/#primaryimage"},"image":{"@id":"https:\/\/www.cudgel.de\/produkt\/gore-carnage-carnage-drinking-party-cd\/#primaryimage"},"thumbnailUrl":"https:\/\/www.cudgel.de\/wp-content\/uploads\/2020\/03\/Art218644.jpg","datePublished":"2020-03-26T09:47:53+00:00","dateModified":"2025-12-16T23:05:36+00:00","breadcrumb":{"@id":"https:\/\/www.cudgel.de\/produkt\/gore-carnage-carnage-drinking-party-cd\/#breadcrumb"},"inLanguage":"en-US","potentialAction":[{"@type":"ReadAction","target":["https:\/\/www.cudgel.de\/produkt\/gore-carnage-carnage-drinking-party-cd\/"]}]},{"@type":"ImageObject","inLanguage":"en-US","@id":"https:\/\/www.cudgel.de\/produkt\/gore-carnage-carnage-drinking-party-cd\/#primaryimage","url":"https:\/\/www.cudgel.de\/wp-content\/uploads\/2020\/03\/Art218644.jpg","contentUrl":"https:\/\/www.cudgel.de\/wp-content\/uploads\/2020\/03\/Art218644.jpg","width":1000,"height":1027},{"@type":"BreadcrumbList","@id":"https:\/\/www.cudgel.de\/produkt\/gore-carnage-carnage-drinking-party-cd\/#breadcrumb","itemListElement":[{"@type":"ListItem","position":1,"name":"Home","item":"https:\/\/www.cudgel.de\/en\/"},{"@type":"ListItem","position":2,"name":"Shop","item":"https:\/\/www.cudgel.de\/en\/shop\/"},{"@type":"ListItem","position":3,"name":"GORE &amp; CARNAGE &#8211; carnage drinking party CD"}]},{"@type":"WebSite","@id":"https:\/\/www.cudgel.de\/#website","url":"https:\/\/www.cudgel.de\/","name":"cudgel | Der ultimative Metal Online Store","description":"Eine weitere WordPress-Website","publisher":{"@id":"https:\/\/www.cudgel.de\/#organization"},"potentialAction":[{"@type":"SearchAction","target":{"@type":"EntryPoint","urlTemplate":"https:\/\/www.cudgel.de\/?s={search_term_string}"},"query-input":"required name=search_term_string"}],"inLanguage":"en-US"},{"@type":"Organization","@id":"https:\/\/www.cudgel.de\/#organization","name":"cudgel | Der ultimative Metal Online Store","url":"https:\/\/www.cudgel.de\/","logo":{"@type":"ImageObject","inLanguage":"en-US","@id":"https:\/\/www.cudgel.de\/#\/schema\/logo\/image\/","url":"https:\/\/www.cudgel.de\/wp-content\/uploads\/2024\/06\/cudgel-logo-neu-1-1400x419png.webp","contentUrl":"https:\/\/www.cudgel.de\/wp-content\/uploads\/2024\/06\/cudgel-logo-neu-1-1400x419png.webp","width":1400,"height":419,"caption":"cudgel | Der ultimative Metal Online Store"},"image":{"@id":"https:\/\/www.cudgel.de\/#\/schema\/logo\/image\/"},"sameAs":["https:\/\/www.facebook.com\/CudgelVertrieb"]}]}},"_links":{"self":[{"href":"https:\/\/www.cudgel.de\/en\/wp-json\/wp\/v2\/product\/122602","targetHints":{"allow":["GET"]}}],"collection":[{"href":"https:\/\/www.cudgel.de\/en\/wp-json\/wp\/v2\/product"}],"about":[{"href":"https:\/\/www.cudgel.de\/en\/wp-json\/wp\/v2\/types\/product"}],"replies":[{"embeddable":true,"href":"https:\/\/www.cudgel.de\/en\/wp-json\/wp\/v2\/comments?post=122602"}],"wp:featuredmedia":[{"embeddable":true,"href":"https:\/\/www.cudgel.de\/en\/wp-json\/wp\/v2\/media\/122600"}],"wp:attachment":[{"href":"https:\/\/www.cudgel.de\/en\/wp-json\/wp\/v2\/media?parent=122602"}],"wp:term":[{"taxonomy":"product_cat","embeddable":true,"href":"https:\/\/www.cudgel.de\/en\/wp-json\/wp\/v2\/product_cat?post=122602"},{"taxonomy":"product_tag","embeddable":true,"href":"https:\/\/www.cudgel.de\/en\/wp-json\/wp\/v2\/product_tag?post=122602"}],"curies":[{"name":"wp","href":"https:\/\/api.w.org\/{rel}","templated":true}]}}