{"id":1691062,"date":"2023-09-27T09:35:42","date_gmt":"2023-09-27T07:35:42","guid":{"rendered":"https:\/\/www.cudgel.de\/produkt\/ruin-lust-dissimulant-lp-b2-black-white-galaxy\/"},"modified":"2025-12-31T01:10:23","modified_gmt":"2025-12-31T00:10:23","slug":"ruin-lust-dissimulant-lp-b2-black-white-galaxy","status":"publish","type":"product","link":"https:\/\/www.cudgel.de\/en\/product\/ruin-lust-dissimulant-lp-b2-black-white-galaxy\/","title":{"rendered":"RUIN LUST &#8211; dissimulant LP B2 black white galaxy"},"content":{"rendered":"<p>4. Album der New Yorker Death Metal Band Ruin Lust.In der Endphase imperialistischer F\u00e4ulnis erkl\u00e4rt Ruin Lust den schw\u00e4renden Wahnvorstellungen einer sich entwickelnden Spezies den Krieg. Die vernichtendsten Aspekte des modernen Death Metal, des Grinding War Metal und der bestialischen Tendenzen des Black Metal erzwingen diesen akustischen Exorzismus, der den Brunnen vergiftet wie eine Biowaffe, die unter freiem Himmel ausgebreitet wird, erstickend und ver\u00e4chtlich. Mit dem Albumabschluss &#8216;Chemical Wind&#8217;, ist alles, was \u00fcbrig bleibt, ausgetrocknete Knochen und vertrocknete Schatten. Barbarisch pestilent und doch kompositorisch bed\u00e4chtig, wirft &#8216;Dissimulant&#8217; einen bitteren Schatten und hinterl\u00e4sst eine offene Wunde in der Death Metal-Szene f\u00fcr 2023. Ein militanter Meilenstein in der Diskografie von Ruin Lust.,<\/p>\n<p>lim. black \/ white galaxy vinyl ( B2)<\/p>\n<p><strong>Tracks:<\/strong><\/p>\n<ol class=\"tracklisting\">\n<li>Eden<\/li>\n<li>Imperium<\/li>\n<li>Clinamen<\/li>\n<li>Thall<\/li>\n<li>Dissimulant<\/li>\n<li>Purge<\/li>\n<li>Infinite Regress<\/li>\n<li>Chemical Wind<\/li>\n<\/ol>\n<p><strong>Genres:<\/strong> Death Metal, Black Metal<\/p>\n","protected":false},"excerpt":{"rendered":"<p>4. Album der New Yorker Death Metal Band Ruin Lust.In der Endphase imperialistischer F\u00e4ulnis erkl\u00e4rt Ruin Lust den schw\u00e4renden Wahnvorstellungen einer sich entwickelnden Spezies den Krieg. Die vernichtendsten Aspekte des modernen Death Metal, des Grinding War Metal und der bestialischen Tendenzen des Black Metal erzwingen diesen akustischen Exorzismus, der den Brunnen vergiftet wie eine Biowaffe, [&#8230;]\n","protected":false},"featured_media":1691060,"comment_status":"open","ping_status":"closed","template":"","meta":[],"product_cat":[440],"product_tag":[],"class_list":{"0":"post-1691062","1":"product","2":"type-product","3":"status-publish","4":"has-post-thumbnail","6":"product_cat-vinyl-r","7":"pa_band-ruin-lust","8":"pa_productgenre-black-metal","9":"pa_productgenre-death-metal","10":"pa_productlabel-20-buck-spin","12":"first","13":"instock","14":"taxable","15":"shipping-taxable","16":"purchasable","17":"product-type-simple"},"yoast_head":"<!-- This site is optimized with the Yoast SEO plugin v22.9 - https:\/\/yoast.com\/wordpress\/plugins\/seo\/ -->\n<title>RUIN LUST - dissimulant LP B2 black white galaxy - cudgel | Der ultimative Metal Online Store<\/title>\n<meta name=\"robots\" content=\"index, follow, max-snippet:-1, max-image-preview:large, max-video-preview:-1\" \/>\n<link rel=\"canonical\" href=\"https:\/\/www.cudgel.de\/produkt\/ruin-lust-dissimulant-lp-b2-black-white-galaxy\/\" \/>\n<meta property=\"og:locale\" content=\"en_US\" \/>\n<meta property=\"og:type\" content=\"article\" \/>\n<meta property=\"og:title\" content=\"RUIN LUST - dissimulant LP B2 black white galaxy - cudgel | Der ultimative Metal Online Store\" \/>\n<meta property=\"og:description\" content=\"4. Album der New Yorker Death Metal Band Ruin Lust.In der Endphase imperialistischer F\u00e4ulnis erkl\u00e4rt Ruin Lust den schw\u00e4renden Wahnvorstellungen einer sich entwickelnden Spezies den Krieg. Die vernichtendsten Aspekte des modernen Death Metal, des Grinding War Metal und der bestialischen Tendenzen des Black Metal erzwingen diesen akustischen Exorzismus, der den Brunnen vergiftet wie eine Biowaffe, [...]\" \/>\n<meta property=\"og:url\" content=\"https:\/\/www.cudgel.de\/produkt\/ruin-lust-dissimulant-lp-b2-black-white-galaxy\/\" \/>\n<meta property=\"og:site_name\" content=\"cudgel | Der ultimative Metal Online Store\" \/>\n<meta property=\"article:publisher\" content=\"https:\/\/www.facebook.com\/CudgelVertrieb\" \/>\n<meta property=\"article:modified_time\" content=\"2025-12-31T00:10:23+00:00\" \/>\n<meta property=\"og:image\" content=\"https:\/\/www.cudgel.de\/wp-content\/uploads\/2023\/09\/Art109439-3.jpg\" \/>\n\t<meta property=\"og:image:width\" content=\"1000\" \/>\n\t<meta property=\"og:image:height\" content=\"1002\" \/>\n\t<meta property=\"og:image:type\" content=\"image\/jpeg\" \/>\n<meta name=\"twitter:card\" content=\"summary_large_image\" \/>\n<meta name=\"twitter:label1\" content=\"Est. reading time\" \/>\n\t<meta name=\"twitter:data1\" content=\"1 minute\" \/>\n<script type=\"application\/ld+json\" class=\"yoast-schema-graph\">{\"@context\":\"https:\/\/schema.org\",\"@graph\":[{\"@type\":\"WebPage\",\"@id\":\"https:\/\/www.cudgel.de\/produkt\/ruin-lust-dissimulant-lp-b2-black-white-galaxy\/\",\"url\":\"https:\/\/www.cudgel.de\/produkt\/ruin-lust-dissimulant-lp-b2-black-white-galaxy\/\",\"name\":\"RUIN LUST - dissimulant LP B2 black white galaxy - cudgel | Der ultimative Metal Online Store\",\"isPartOf\":{\"@id\":\"https:\/\/www.cudgel.de\/#website\"},\"primaryImageOfPage\":{\"@id\":\"https:\/\/www.cudgel.de\/produkt\/ruin-lust-dissimulant-lp-b2-black-white-galaxy\/#primaryimage\"},\"image\":{\"@id\":\"https:\/\/www.cudgel.de\/produkt\/ruin-lust-dissimulant-lp-b2-black-white-galaxy\/#primaryimage\"},\"thumbnailUrl\":\"https:\/\/www.cudgel.de\/wp-content\/uploads\/2023\/09\/Art109439-3.jpg\",\"datePublished\":\"2023-09-27T07:35:42+00:00\",\"dateModified\":\"2025-12-31T00:10:23+00:00\",\"breadcrumb\":{\"@id\":\"https:\/\/www.cudgel.de\/produkt\/ruin-lust-dissimulant-lp-b2-black-white-galaxy\/#breadcrumb\"},\"inLanguage\":\"en-US\",\"potentialAction\":[{\"@type\":\"ReadAction\",\"target\":[\"https:\/\/www.cudgel.de\/produkt\/ruin-lust-dissimulant-lp-b2-black-white-galaxy\/\"]}]},{\"@type\":\"ImageObject\",\"inLanguage\":\"en-US\",\"@id\":\"https:\/\/www.cudgel.de\/produkt\/ruin-lust-dissimulant-lp-b2-black-white-galaxy\/#primaryimage\",\"url\":\"https:\/\/www.cudgel.de\/wp-content\/uploads\/2023\/09\/Art109439-3.jpg\",\"contentUrl\":\"https:\/\/www.cudgel.de\/wp-content\/uploads\/2023\/09\/Art109439-3.jpg\",\"width\":1000,\"height\":1002},{\"@type\":\"BreadcrumbList\",\"@id\":\"https:\/\/www.cudgel.de\/produkt\/ruin-lust-dissimulant-lp-b2-black-white-galaxy\/#breadcrumb\",\"itemListElement\":[{\"@type\":\"ListItem\",\"position\":1,\"name\":\"Home\",\"item\":\"https:\/\/www.cudgel.de\/en\/\"},{\"@type\":\"ListItem\",\"position\":2,\"name\":\"Shop\",\"item\":\"https:\/\/www.cudgel.de\/en\/shop\/\"},{\"@type\":\"ListItem\",\"position\":3,\"name\":\"RUIN LUST &#8211; dissimulant LP B2 black white galaxy\"}]},{\"@type\":\"WebSite\",\"@id\":\"https:\/\/www.cudgel.de\/#website\",\"url\":\"https:\/\/www.cudgel.de\/\",\"name\":\"cudgel | Der ultimative Metal Online Store\",\"description\":\"Eine weitere WordPress-Website\",\"publisher\":{\"@id\":\"https:\/\/www.cudgel.de\/#organization\"},\"potentialAction\":[{\"@type\":\"SearchAction\",\"target\":{\"@type\":\"EntryPoint\",\"urlTemplate\":\"https:\/\/www.cudgel.de\/?s={search_term_string}\"},\"query-input\":\"required name=search_term_string\"}],\"inLanguage\":\"en-US\"},{\"@type\":\"Organization\",\"@id\":\"https:\/\/www.cudgel.de\/#organization\",\"name\":\"cudgel | Der ultimative Metal Online Store\",\"url\":\"https:\/\/www.cudgel.de\/\",\"logo\":{\"@type\":\"ImageObject\",\"inLanguage\":\"en-US\",\"@id\":\"https:\/\/www.cudgel.de\/#\/schema\/logo\/image\/\",\"url\":\"https:\/\/www.cudgel.de\/wp-content\/uploads\/2024\/06\/cudgel-logo-neu-1-1400x419png.webp\",\"contentUrl\":\"https:\/\/www.cudgel.de\/wp-content\/uploads\/2024\/06\/cudgel-logo-neu-1-1400x419png.webp\",\"width\":1400,\"height\":419,\"caption\":\"cudgel | Der ultimative Metal Online Store\"},\"image\":{\"@id\":\"https:\/\/www.cudgel.de\/#\/schema\/logo\/image\/\"},\"sameAs\":[\"https:\/\/www.facebook.com\/CudgelVertrieb\"]}]}<\/script>\n<!-- \/ Yoast SEO plugin. -->","yoast_head_json":{"title":"RUIN LUST - dissimulant LP B2 black white galaxy - cudgel | Der ultimative Metal Online Store","robots":{"index":"index","follow":"follow","max-snippet":"max-snippet:-1","max-image-preview":"max-image-preview:large","max-video-preview":"max-video-preview:-1"},"canonical":"https:\/\/www.cudgel.de\/produkt\/ruin-lust-dissimulant-lp-b2-black-white-galaxy\/","og_locale":"en_US","og_type":"article","og_title":"RUIN LUST - dissimulant LP B2 black white galaxy - cudgel | Der ultimative Metal Online Store","og_description":"4. Album der New Yorker Death Metal Band Ruin Lust.In der Endphase imperialistischer F\u00e4ulnis erkl\u00e4rt Ruin Lust den schw\u00e4renden Wahnvorstellungen einer sich entwickelnden Spezies den Krieg. Die vernichtendsten Aspekte des modernen Death Metal, des Grinding War Metal und der bestialischen Tendenzen des Black Metal erzwingen diesen akustischen Exorzismus, der den Brunnen vergiftet wie eine Biowaffe, [...]","og_url":"https:\/\/www.cudgel.de\/produkt\/ruin-lust-dissimulant-lp-b2-black-white-galaxy\/","og_site_name":"cudgel | Der ultimative Metal Online Store","article_publisher":"https:\/\/www.facebook.com\/CudgelVertrieb","article_modified_time":"2025-12-31T00:10:23+00:00","og_image":[{"width":1000,"height":1002,"url":"https:\/\/www.cudgel.de\/wp-content\/uploads\/2023\/09\/Art109439-3.jpg","type":"image\/jpeg"}],"twitter_card":"summary_large_image","twitter_misc":{"Est. reading time":"1 minute"},"schema":{"@context":"https:\/\/schema.org","@graph":[{"@type":"WebPage","@id":"https:\/\/www.cudgel.de\/produkt\/ruin-lust-dissimulant-lp-b2-black-white-galaxy\/","url":"https:\/\/www.cudgel.de\/produkt\/ruin-lust-dissimulant-lp-b2-black-white-galaxy\/","name":"RUIN LUST - dissimulant LP B2 black white galaxy - cudgel | Der ultimative Metal Online Store","isPartOf":{"@id":"https:\/\/www.cudgel.de\/#website"},"primaryImageOfPage":{"@id":"https:\/\/www.cudgel.de\/produkt\/ruin-lust-dissimulant-lp-b2-black-white-galaxy\/#primaryimage"},"image":{"@id":"https:\/\/www.cudgel.de\/produkt\/ruin-lust-dissimulant-lp-b2-black-white-galaxy\/#primaryimage"},"thumbnailUrl":"https:\/\/www.cudgel.de\/wp-content\/uploads\/2023\/09\/Art109439-3.jpg","datePublished":"2023-09-27T07:35:42+00:00","dateModified":"2025-12-31T00:10:23+00:00","breadcrumb":{"@id":"https:\/\/www.cudgel.de\/produkt\/ruin-lust-dissimulant-lp-b2-black-white-galaxy\/#breadcrumb"},"inLanguage":"en-US","potentialAction":[{"@type":"ReadAction","target":["https:\/\/www.cudgel.de\/produkt\/ruin-lust-dissimulant-lp-b2-black-white-galaxy\/"]}]},{"@type":"ImageObject","inLanguage":"en-US","@id":"https:\/\/www.cudgel.de\/produkt\/ruin-lust-dissimulant-lp-b2-black-white-galaxy\/#primaryimage","url":"https:\/\/www.cudgel.de\/wp-content\/uploads\/2023\/09\/Art109439-3.jpg","contentUrl":"https:\/\/www.cudgel.de\/wp-content\/uploads\/2023\/09\/Art109439-3.jpg","width":1000,"height":1002},{"@type":"BreadcrumbList","@id":"https:\/\/www.cudgel.de\/produkt\/ruin-lust-dissimulant-lp-b2-black-white-galaxy\/#breadcrumb","itemListElement":[{"@type":"ListItem","position":1,"name":"Home","item":"https:\/\/www.cudgel.de\/en\/"},{"@type":"ListItem","position":2,"name":"Shop","item":"https:\/\/www.cudgel.de\/en\/shop\/"},{"@type":"ListItem","position":3,"name":"RUIN LUST &#8211; dissimulant LP B2 black white galaxy"}]},{"@type":"WebSite","@id":"https:\/\/www.cudgel.de\/#website","url":"https:\/\/www.cudgel.de\/","name":"cudgel | Der ultimative Metal Online Store","description":"Eine weitere WordPress-Website","publisher":{"@id":"https:\/\/www.cudgel.de\/#organization"},"potentialAction":[{"@type":"SearchAction","target":{"@type":"EntryPoint","urlTemplate":"https:\/\/www.cudgel.de\/?s={search_term_string}"},"query-input":"required name=search_term_string"}],"inLanguage":"en-US"},{"@type":"Organization","@id":"https:\/\/www.cudgel.de\/#organization","name":"cudgel | Der ultimative Metal Online Store","url":"https:\/\/www.cudgel.de\/","logo":{"@type":"ImageObject","inLanguage":"en-US","@id":"https:\/\/www.cudgel.de\/#\/schema\/logo\/image\/","url":"https:\/\/www.cudgel.de\/wp-content\/uploads\/2024\/06\/cudgel-logo-neu-1-1400x419png.webp","contentUrl":"https:\/\/www.cudgel.de\/wp-content\/uploads\/2024\/06\/cudgel-logo-neu-1-1400x419png.webp","width":1400,"height":419,"caption":"cudgel | Der ultimative Metal Online Store"},"image":{"@id":"https:\/\/www.cudgel.de\/#\/schema\/logo\/image\/"},"sameAs":["https:\/\/www.facebook.com\/CudgelVertrieb"]}]}},"_links":{"self":[{"href":"https:\/\/www.cudgel.de\/en\/wp-json\/wp\/v2\/product\/1691062","targetHints":{"allow":["GET"]}}],"collection":[{"href":"https:\/\/www.cudgel.de\/en\/wp-json\/wp\/v2\/product"}],"about":[{"href":"https:\/\/www.cudgel.de\/en\/wp-json\/wp\/v2\/types\/product"}],"replies":[{"embeddable":true,"href":"https:\/\/www.cudgel.de\/en\/wp-json\/wp\/v2\/comments?post=1691062"}],"wp:featuredmedia":[{"embeddable":true,"href":"https:\/\/www.cudgel.de\/en\/wp-json\/wp\/v2\/media\/1691060"}],"wp:attachment":[{"href":"https:\/\/www.cudgel.de\/en\/wp-json\/wp\/v2\/media?parent=1691062"}],"wp:term":[{"taxonomy":"product_cat","embeddable":true,"href":"https:\/\/www.cudgel.de\/en\/wp-json\/wp\/v2\/product_cat?post=1691062"},{"taxonomy":"product_tag","embeddable":true,"href":"https:\/\/www.cudgel.de\/en\/wp-json\/wp\/v2\/product_tag?post=1691062"}],"curies":[{"name":"wp","href":"https:\/\/api.w.org\/{rel}","templated":true}]}}