{"id":1705209,"date":"2023-10-19T10:07:12","date_gmt":"2023-10-19T08:07:12","guid":{"rendered":"https:\/\/www.cudgel.de\/produkt\/go-ahead-and-die-unhealthy-mechanisms-cd\/"},"modified":"2025-12-31T01:09:50","modified_gmt":"2025-12-31T00:09:50","slug":"go-ahead-and-die-unhealthy-mechanisms-cd","status":"publish","type":"product","link":"https:\/\/www.cudgel.de\/en\/product\/go-ahead-and-die-unhealthy-mechanisms-cd\/","title":{"rendered":"GO AHEAD AND DIE &#8211; unhealthy mechanisms CD"},"content":{"rendered":"<p>Metal-Legende Max Cavalera (Soulfly, Killer Be Killed, ex-Sepultura) und sein multi-talentierter<br \/>\nSohn Igor kehren mit ihrem zweiten Album zur\u00fcck und werden damit f\u00fcr richtiggehende Aufst\u00e4nde in<br \/>\nden Pits und Wohnzimmern der Szene sorgen. Ihr Crust\/Death\/Thrash-Sound ist der Soundtrack f\u00fcr<br \/>\ndie rebellische Jungend in diesen chaotischen, gef\u00e4hrlich und verdrehten Zeiten.<\/p>\n<p><strong>Tracks:<\/strong><\/p>\n<ol class=\"tracklisting\">\n<li>Desert Carnage<\/li>\n<li>Split Scalp<\/li>\n<li>Tumors<\/li>\n<li>Drug-O-Cop<\/li>\n<li>No Easy Way Out<\/li>\n<li>M.D.A. (Most Dangerous Animal)<\/li>\n<li>Chasm<\/li>\n<li>Cyber Slavery<\/li>\n<li>Blast Zone<\/li>\n<li>Unhealthy Mechanisms<\/li>\n<\/ol>\n<p><strong>Genres:<\/strong> Death Metal, Thrash Metal, Crust<\/p>\n<p> <strong>Label:<\/strong> Nuclear Blast Records<\/p>\n<p> <strong>Erscheinungsjahr:<\/strong> 2023<\/p>\n<p> <strong>K\u00fcnstler:<\/strong> GO AHEAD AND DIE<\/p>\n<p> <strong>Format:<\/strong> CD<\/p>\n<p> <strong>EAN:<\/strong> 4065629701239<\/p>\n","protected":false},"excerpt":{"rendered":"<p>Metal-Legende Max Cavalera (Soulfly, Killer Be Killed, ex-Sepultura) und sein multi-talentierter Sohn Igor kehren mit ihrem zweiten Album zur\u00fcck und werden damit f\u00fcr richtiggehende Aufst\u00e4nde in den Pits und Wohnzimmern der Szene sorgen. Ihr Crust\/Death\/Thrash-Sound ist der Soundtrack f\u00fcr die rebellische Jungend in diesen chaotischen, gef\u00e4hrlich und verdrehten Zeiten. Tracks: Desert Carnage Split Scalp Tumors [&#8230;]\n","protected":false},"featured_media":1705207,"comment_status":"open","ping_status":"closed","template":"","meta":[],"product_cat":[454],"product_tag":[],"class_list":{"0":"post-1705209","1":"product","2":"type-product","3":"status-publish","4":"has-post-thumbnail","6":"product_cat-cd-g","7":"pa_band-go-ahead-and-die","8":"pa_productgenre-crust","9":"pa_productgenre-death-metal","10":"pa_productgenre-thrash-metal","11":"pa_productlabel-nuclear-blast-records","13":"first","14":"instock","15":"taxable","16":"shipping-taxable","17":"purchasable","18":"product-type-simple"},"yoast_head":"<!-- This site is optimized with the Yoast SEO plugin v22.9 - https:\/\/yoast.com\/wordpress\/plugins\/seo\/ -->\n<title>GO AHEAD AND DIE - unhealthy mechanisms CD - cudgel | Der ultimative Metal Online Store<\/title>\n<meta name=\"robots\" content=\"index, follow, max-snippet:-1, max-image-preview:large, max-video-preview:-1\" \/>\n<link rel=\"canonical\" href=\"https:\/\/www.cudgel.de\/produkt\/go-ahead-and-die-unhealthy-mechanisms-cd\/\" \/>\n<meta property=\"og:locale\" content=\"en_US\" \/>\n<meta property=\"og:type\" content=\"article\" \/>\n<meta property=\"og:title\" content=\"GO AHEAD AND DIE - unhealthy mechanisms CD - cudgel | Der ultimative Metal Online Store\" \/>\n<meta property=\"og:description\" content=\"Metal-Legende Max Cavalera (Soulfly, Killer Be Killed, ex-Sepultura) und sein multi-talentierter Sohn Igor kehren mit ihrem zweiten Album zur\u00fcck und werden damit f\u00fcr richtiggehende Aufst\u00e4nde in den Pits und Wohnzimmern der Szene sorgen. Ihr Crust\/Death\/Thrash-Sound ist der Soundtrack f\u00fcr die rebellische Jungend in diesen chaotischen, gef\u00e4hrlich und verdrehten Zeiten. Tracks: Desert Carnage Split Scalp Tumors [...]\" \/>\n<meta property=\"og:url\" content=\"https:\/\/www.cudgel.de\/produkt\/go-ahead-and-die-unhealthy-mechanisms-cd\/\" \/>\n<meta property=\"og:site_name\" content=\"cudgel | Der ultimative Metal Online Store\" \/>\n<meta property=\"article:publisher\" content=\"https:\/\/www.facebook.com\/CudgelVertrieb\" \/>\n<meta property=\"article:modified_time\" content=\"2025-12-31T00:09:50+00:00\" \/>\n<meta property=\"og:image\" content=\"https:\/\/www.cudgel.de\/wp-content\/uploads\/2023\/10\/Art221052.jpg\" \/>\n\t<meta property=\"og:image:width\" content=\"1000\" \/>\n\t<meta property=\"og:image:height\" content=\"1000\" \/>\n\t<meta property=\"og:image:type\" content=\"image\/jpeg\" \/>\n<meta name=\"twitter:card\" content=\"summary_large_image\" \/>\n<script type=\"application\/ld+json\" class=\"yoast-schema-graph\">{\"@context\":\"https:\/\/schema.org\",\"@graph\":[{\"@type\":\"WebPage\",\"@id\":\"https:\/\/www.cudgel.de\/produkt\/go-ahead-and-die-unhealthy-mechanisms-cd\/\",\"url\":\"https:\/\/www.cudgel.de\/produkt\/go-ahead-and-die-unhealthy-mechanisms-cd\/\",\"name\":\"GO AHEAD AND DIE - unhealthy mechanisms CD - cudgel | Der ultimative Metal Online Store\",\"isPartOf\":{\"@id\":\"https:\/\/www.cudgel.de\/#website\"},\"primaryImageOfPage\":{\"@id\":\"https:\/\/www.cudgel.de\/produkt\/go-ahead-and-die-unhealthy-mechanisms-cd\/#primaryimage\"},\"image\":{\"@id\":\"https:\/\/www.cudgel.de\/produkt\/go-ahead-and-die-unhealthy-mechanisms-cd\/#primaryimage\"},\"thumbnailUrl\":\"https:\/\/www.cudgel.de\/wp-content\/uploads\/2023\/10\/Art221052.jpg\",\"datePublished\":\"2023-10-19T08:07:12+00:00\",\"dateModified\":\"2025-12-31T00:09:50+00:00\",\"breadcrumb\":{\"@id\":\"https:\/\/www.cudgel.de\/produkt\/go-ahead-and-die-unhealthy-mechanisms-cd\/#breadcrumb\"},\"inLanguage\":\"en-US\",\"potentialAction\":[{\"@type\":\"ReadAction\",\"target\":[\"https:\/\/www.cudgel.de\/produkt\/go-ahead-and-die-unhealthy-mechanisms-cd\/\"]}]},{\"@type\":\"ImageObject\",\"inLanguage\":\"en-US\",\"@id\":\"https:\/\/www.cudgel.de\/produkt\/go-ahead-and-die-unhealthy-mechanisms-cd\/#primaryimage\",\"url\":\"https:\/\/www.cudgel.de\/wp-content\/uploads\/2023\/10\/Art221052.jpg\",\"contentUrl\":\"https:\/\/www.cudgel.de\/wp-content\/uploads\/2023\/10\/Art221052.jpg\",\"width\":1000,\"height\":1000},{\"@type\":\"BreadcrumbList\",\"@id\":\"https:\/\/www.cudgel.de\/produkt\/go-ahead-and-die-unhealthy-mechanisms-cd\/#breadcrumb\",\"itemListElement\":[{\"@type\":\"ListItem\",\"position\":1,\"name\":\"Home\",\"item\":\"https:\/\/www.cudgel.de\/en\/\"},{\"@type\":\"ListItem\",\"position\":2,\"name\":\"Shop\",\"item\":\"https:\/\/www.cudgel.de\/en\/shop\/\"},{\"@type\":\"ListItem\",\"position\":3,\"name\":\"GO AHEAD AND DIE &#8211; unhealthy mechanisms CD\"}]},{\"@type\":\"WebSite\",\"@id\":\"https:\/\/www.cudgel.de\/#website\",\"url\":\"https:\/\/www.cudgel.de\/\",\"name\":\"cudgel | Der ultimative Metal Online Store\",\"description\":\"Eine weitere WordPress-Website\",\"publisher\":{\"@id\":\"https:\/\/www.cudgel.de\/#organization\"},\"potentialAction\":[{\"@type\":\"SearchAction\",\"target\":{\"@type\":\"EntryPoint\",\"urlTemplate\":\"https:\/\/www.cudgel.de\/?s={search_term_string}\"},\"query-input\":\"required name=search_term_string\"}],\"inLanguage\":\"en-US\"},{\"@type\":\"Organization\",\"@id\":\"https:\/\/www.cudgel.de\/#organization\",\"name\":\"cudgel | Der ultimative Metal Online Store\",\"url\":\"https:\/\/www.cudgel.de\/\",\"logo\":{\"@type\":\"ImageObject\",\"inLanguage\":\"en-US\",\"@id\":\"https:\/\/www.cudgel.de\/#\/schema\/logo\/image\/\",\"url\":\"https:\/\/www.cudgel.de\/wp-content\/uploads\/2024\/06\/cudgel-logo-neu-1-1400x419png.webp\",\"contentUrl\":\"https:\/\/www.cudgel.de\/wp-content\/uploads\/2024\/06\/cudgel-logo-neu-1-1400x419png.webp\",\"width\":1400,\"height\":419,\"caption\":\"cudgel | Der ultimative Metal Online Store\"},\"image\":{\"@id\":\"https:\/\/www.cudgel.de\/#\/schema\/logo\/image\/\"},\"sameAs\":[\"https:\/\/www.facebook.com\/CudgelVertrieb\"]}]}<\/script>\n<!-- \/ Yoast SEO plugin. -->","yoast_head_json":{"title":"GO AHEAD AND DIE - unhealthy mechanisms CD - cudgel | Der ultimative Metal Online Store","robots":{"index":"index","follow":"follow","max-snippet":"max-snippet:-1","max-image-preview":"max-image-preview:large","max-video-preview":"max-video-preview:-1"},"canonical":"https:\/\/www.cudgel.de\/produkt\/go-ahead-and-die-unhealthy-mechanisms-cd\/","og_locale":"en_US","og_type":"article","og_title":"GO AHEAD AND DIE - unhealthy mechanisms CD - cudgel | Der ultimative Metal Online Store","og_description":"Metal-Legende Max Cavalera (Soulfly, Killer Be Killed, ex-Sepultura) und sein multi-talentierter Sohn Igor kehren mit ihrem zweiten Album zur\u00fcck und werden damit f\u00fcr richtiggehende Aufst\u00e4nde in den Pits und Wohnzimmern der Szene sorgen. Ihr Crust\/Death\/Thrash-Sound ist der Soundtrack f\u00fcr die rebellische Jungend in diesen chaotischen, gef\u00e4hrlich und verdrehten Zeiten. Tracks: Desert Carnage Split Scalp Tumors [...]","og_url":"https:\/\/www.cudgel.de\/produkt\/go-ahead-and-die-unhealthy-mechanisms-cd\/","og_site_name":"cudgel | Der ultimative Metal Online Store","article_publisher":"https:\/\/www.facebook.com\/CudgelVertrieb","article_modified_time":"2025-12-31T00:09:50+00:00","og_image":[{"width":1000,"height":1000,"url":"https:\/\/www.cudgel.de\/wp-content\/uploads\/2023\/10\/Art221052.jpg","type":"image\/jpeg"}],"twitter_card":"summary_large_image","schema":{"@context":"https:\/\/schema.org","@graph":[{"@type":"WebPage","@id":"https:\/\/www.cudgel.de\/produkt\/go-ahead-and-die-unhealthy-mechanisms-cd\/","url":"https:\/\/www.cudgel.de\/produkt\/go-ahead-and-die-unhealthy-mechanisms-cd\/","name":"GO AHEAD AND DIE - unhealthy mechanisms CD - cudgel | Der ultimative Metal Online Store","isPartOf":{"@id":"https:\/\/www.cudgel.de\/#website"},"primaryImageOfPage":{"@id":"https:\/\/www.cudgel.de\/produkt\/go-ahead-and-die-unhealthy-mechanisms-cd\/#primaryimage"},"image":{"@id":"https:\/\/www.cudgel.de\/produkt\/go-ahead-and-die-unhealthy-mechanisms-cd\/#primaryimage"},"thumbnailUrl":"https:\/\/www.cudgel.de\/wp-content\/uploads\/2023\/10\/Art221052.jpg","datePublished":"2023-10-19T08:07:12+00:00","dateModified":"2025-12-31T00:09:50+00:00","breadcrumb":{"@id":"https:\/\/www.cudgel.de\/produkt\/go-ahead-and-die-unhealthy-mechanisms-cd\/#breadcrumb"},"inLanguage":"en-US","potentialAction":[{"@type":"ReadAction","target":["https:\/\/www.cudgel.de\/produkt\/go-ahead-and-die-unhealthy-mechanisms-cd\/"]}]},{"@type":"ImageObject","inLanguage":"en-US","@id":"https:\/\/www.cudgel.de\/produkt\/go-ahead-and-die-unhealthy-mechanisms-cd\/#primaryimage","url":"https:\/\/www.cudgel.de\/wp-content\/uploads\/2023\/10\/Art221052.jpg","contentUrl":"https:\/\/www.cudgel.de\/wp-content\/uploads\/2023\/10\/Art221052.jpg","width":1000,"height":1000},{"@type":"BreadcrumbList","@id":"https:\/\/www.cudgel.de\/produkt\/go-ahead-and-die-unhealthy-mechanisms-cd\/#breadcrumb","itemListElement":[{"@type":"ListItem","position":1,"name":"Home","item":"https:\/\/www.cudgel.de\/en\/"},{"@type":"ListItem","position":2,"name":"Shop","item":"https:\/\/www.cudgel.de\/en\/shop\/"},{"@type":"ListItem","position":3,"name":"GO AHEAD AND DIE &#8211; unhealthy mechanisms CD"}]},{"@type":"WebSite","@id":"https:\/\/www.cudgel.de\/#website","url":"https:\/\/www.cudgel.de\/","name":"cudgel | Der ultimative Metal Online Store","description":"Eine weitere WordPress-Website","publisher":{"@id":"https:\/\/www.cudgel.de\/#organization"},"potentialAction":[{"@type":"SearchAction","target":{"@type":"EntryPoint","urlTemplate":"https:\/\/www.cudgel.de\/?s={search_term_string}"},"query-input":"required name=search_term_string"}],"inLanguage":"en-US"},{"@type":"Organization","@id":"https:\/\/www.cudgel.de\/#organization","name":"cudgel | Der ultimative Metal Online Store","url":"https:\/\/www.cudgel.de\/","logo":{"@type":"ImageObject","inLanguage":"en-US","@id":"https:\/\/www.cudgel.de\/#\/schema\/logo\/image\/","url":"https:\/\/www.cudgel.de\/wp-content\/uploads\/2024\/06\/cudgel-logo-neu-1-1400x419png.webp","contentUrl":"https:\/\/www.cudgel.de\/wp-content\/uploads\/2024\/06\/cudgel-logo-neu-1-1400x419png.webp","width":1400,"height":419,"caption":"cudgel | Der ultimative Metal Online Store"},"image":{"@id":"https:\/\/www.cudgel.de\/#\/schema\/logo\/image\/"},"sameAs":["https:\/\/www.facebook.com\/CudgelVertrieb"]}]}},"_links":{"self":[{"href":"https:\/\/www.cudgel.de\/en\/wp-json\/wp\/v2\/product\/1705209","targetHints":{"allow":["GET"]}}],"collection":[{"href":"https:\/\/www.cudgel.de\/en\/wp-json\/wp\/v2\/product"}],"about":[{"href":"https:\/\/www.cudgel.de\/en\/wp-json\/wp\/v2\/types\/product"}],"replies":[{"embeddable":true,"href":"https:\/\/www.cudgel.de\/en\/wp-json\/wp\/v2\/comments?post=1705209"}],"wp:featuredmedia":[{"embeddable":true,"href":"https:\/\/www.cudgel.de\/en\/wp-json\/wp\/v2\/media\/1705207"}],"wp:attachment":[{"href":"https:\/\/www.cudgel.de\/en\/wp-json\/wp\/v2\/media?parent=1705209"}],"wp:term":[{"taxonomy":"product_cat","embeddable":true,"href":"https:\/\/www.cudgel.de\/en\/wp-json\/wp\/v2\/product_cat?post=1705209"},{"taxonomy":"product_tag","embeddable":true,"href":"https:\/\/www.cudgel.de\/en\/wp-json\/wp\/v2\/product_tag?post=1705209"}],"curies":[{"name":"wp","href":"https:\/\/api.w.org\/{rel}","templated":true}]}}