{"id":1705218,"date":"2023-10-19T10:07:34","date_gmt":"2023-10-19T08:07:34","guid":{"rendered":"https:\/\/www.cudgel.de\/produkt\/saturnus-the-storm-within-digicd\/"},"modified":"2026-04-10T09:15:56","modified_gmt":"2026-04-10T07:15:56","slug":"saturnus-the-storm-within-digicd","status":"publish","type":"product","link":"https:\/\/www.cudgel.de\/en\/product\/saturnus-the-storm-within-digicd\/","title":{"rendered":"SATURNUS &#8211; the storm within DigiCD"},"content":{"rendered":"<p>Der Titel des f\u00fcnften SATURNUS-Albums, &#8220;The Storm Within&#8221;, spielt sowohl auf die St\u00fcrme an, die in der Natur tosen, als auch Aufruhr in der Seele. Es ist recht offenkundig, dass die lange Zeit, welche die D\u00e4nen f\u00fcr dieses Album gebraucht haben, und die pers\u00f6nlichen Gr\u00fcnde, die hinter dem Umbruch in der Band standen, dessen k\u00fcnstlerischen Ausdruck stark inspiriert haben. SATURNUS haben sich mit &#8220;The Storm Within&#8221; selbst \u00fcbertroffen. Die musikalischen Themen Meer, Regen und st\u00fcrmische Gew\u00e4sser ziehen sich wie ein roter Faden durch die Songs, in denen sich Wut, Verlust, Melancholie und Schmerz gleicherma\u00dfen widerspiegeln. Die handwerkliche Reife des Albums verleiht seinen erhabenen aber auch ruhigen Momenten sowie den gelegentlichen brutalen Ausbr\u00fcchen eine \u00e4u\u00dferst spannende Dynamik. Obendrein sorgt die erneute Zusammenarbeit mit Produzent Flemming Rasmussen, dem legend\u00e4ren d\u00e4nischen Produzenten der METALLICA-Klassiker daf\u00fcr, dass der Sound von &#8220;The Storm Within&#8221; seiner herausragenden musikalischen Qualit\u00e4t mehr als gerecht wirdEhrlichkeit. SATURNUS offenbaren ihre Seele und genau das macht &#8220;The Storm Within&#8221; zu einem brillanten St\u00fcck Musik.<\/p>\n<p><strong>Tracks:<\/strong><\/p>\n<ol class=\"tracklisting\">\n<li>The Storm Within<\/li>\n<li>Chasing Ghosts<\/li>\n<li>The Calling<\/li>\n<li>Even Tide<\/li>\n<li>Closing the Circle<\/li>\n<li>Breathe New Life<\/li>\n<li>Truth<\/li>\n<\/ol>\n<p><strong>Genres:<\/strong> Doom Metal, Death Metal, Gothic Metal<\/p>\n<p> <strong>Label:<\/strong> Prophecy Productions<\/p>\n<p> <strong>Erscheinungsjahr:<\/strong> 2023<\/p>\n<p> <strong>K\u00fcnstler:<\/strong> SATURNUS<\/p>\n<p> <strong>Spieldauer:<\/strong> 59:17<\/p>\n<p> <strong>Format:<\/strong> CD<\/p>\n<p> <strong>EAN:<\/strong> 0884388865570<\/p>\n","protected":false},"excerpt":{"rendered":"<p>Der Titel des f\u00fcnften SATURNUS-Albums, &#8220;The Storm Within&#8221;, spielt sowohl auf die St\u00fcrme an, die in der Natur tosen, als auch Aufruhr in der Seele. Es ist recht offenkundig, dass die lange Zeit, welche die D\u00e4nen f\u00fcr dieses Album gebraucht haben, und die pers\u00f6nlichen Gr\u00fcnde, die hinter dem Umbruch in der Band standen, dessen k\u00fcnstlerischen [&#8230;]\n","protected":false},"featured_media":1705216,"comment_status":"open","ping_status":"closed","template":"","meta":[],"product_cat":[462],"product_tag":[],"class_list":{"0":"post-1705218","1":"product","2":"type-product","3":"status-publish","4":"has-post-thumbnail","6":"product_cat-cd-s","7":"pa_band-saturnus","8":"pa_productgenre-death-metal","9":"pa_productgenre-doom-metal","10":"pa_productgenre-gothic-metal","11":"pa_productlabel-prophecy-productions","13":"first","14":"instock","15":"taxable","16":"shipping-taxable","17":"purchasable","18":"product-type-simple"},"yoast_head":"<!-- This site is optimized with the Yoast SEO plugin v22.9 - https:\/\/yoast.com\/wordpress\/plugins\/seo\/ -->\n<title>SATURNUS - the storm within DigiCD - cudgel | Der ultimative Metal Online Store<\/title>\n<meta name=\"robots\" content=\"index, follow, max-snippet:-1, max-image-preview:large, max-video-preview:-1\" \/>\n<link rel=\"canonical\" href=\"https:\/\/www.cudgel.de\/produkt\/saturnus-the-storm-within-digicd\/\" \/>\n<meta property=\"og:locale\" content=\"en_US\" \/>\n<meta property=\"og:type\" content=\"article\" \/>\n<meta property=\"og:title\" content=\"SATURNUS - the storm within DigiCD - cudgel | Der ultimative Metal Online Store\" \/>\n<meta property=\"og:description\" content=\"Der Titel des f\u00fcnften SATURNUS-Albums, &#8220;The Storm Within&#8221;, spielt sowohl auf die St\u00fcrme an, die in der Natur tosen, als auch Aufruhr in der Seele. Es ist recht offenkundig, dass die lange Zeit, welche die D\u00e4nen f\u00fcr dieses Album gebraucht haben, und die pers\u00f6nlichen Gr\u00fcnde, die hinter dem Umbruch in der Band standen, dessen k\u00fcnstlerischen [...]\" \/>\n<meta property=\"og:url\" content=\"https:\/\/www.cudgel.de\/produkt\/saturnus-the-storm-within-digicd\/\" \/>\n<meta property=\"og:site_name\" content=\"cudgel | Der ultimative Metal Online Store\" \/>\n<meta property=\"article:publisher\" content=\"https:\/\/www.facebook.com\/CudgelVertrieb\" \/>\n<meta property=\"article:modified_time\" content=\"2026-04-10T07:15:56+00:00\" \/>\n<meta property=\"og:image\" content=\"https:\/\/www.cudgel.de\/wp-content\/uploads\/2023\/10\/Art220802-1.jpg\" \/>\n\t<meta property=\"og:image:width\" content=\"1000\" \/>\n\t<meta property=\"og:image:height\" content=\"1000\" \/>\n\t<meta property=\"og:image:type\" content=\"image\/jpeg\" \/>\n<meta name=\"twitter:card\" content=\"summary_large_image\" \/>\n<meta name=\"twitter:label1\" content=\"Est. reading time\" \/>\n\t<meta name=\"twitter:data1\" content=\"1 minute\" \/>\n<script type=\"application\/ld+json\" class=\"yoast-schema-graph\">{\"@context\":\"https:\/\/schema.org\",\"@graph\":[{\"@type\":\"WebPage\",\"@id\":\"https:\/\/www.cudgel.de\/produkt\/saturnus-the-storm-within-digicd\/\",\"url\":\"https:\/\/www.cudgel.de\/produkt\/saturnus-the-storm-within-digicd\/\",\"name\":\"SATURNUS - the storm within DigiCD - cudgel | Der ultimative Metal Online Store\",\"isPartOf\":{\"@id\":\"https:\/\/www.cudgel.de\/#website\"},\"primaryImageOfPage\":{\"@id\":\"https:\/\/www.cudgel.de\/produkt\/saturnus-the-storm-within-digicd\/#primaryimage\"},\"image\":{\"@id\":\"https:\/\/www.cudgel.de\/produkt\/saturnus-the-storm-within-digicd\/#primaryimage\"},\"thumbnailUrl\":\"https:\/\/www.cudgel.de\/wp-content\/uploads\/2023\/10\/Art220802-1.jpg\",\"datePublished\":\"2023-10-19T08:07:34+00:00\",\"dateModified\":\"2026-04-10T07:15:56+00:00\",\"breadcrumb\":{\"@id\":\"https:\/\/www.cudgel.de\/produkt\/saturnus-the-storm-within-digicd\/#breadcrumb\"},\"inLanguage\":\"en-US\",\"potentialAction\":[{\"@type\":\"ReadAction\",\"target\":[\"https:\/\/www.cudgel.de\/produkt\/saturnus-the-storm-within-digicd\/\"]}]},{\"@type\":\"ImageObject\",\"inLanguage\":\"en-US\",\"@id\":\"https:\/\/www.cudgel.de\/produkt\/saturnus-the-storm-within-digicd\/#primaryimage\",\"url\":\"https:\/\/www.cudgel.de\/wp-content\/uploads\/2023\/10\/Art220802-1.jpg\",\"contentUrl\":\"https:\/\/www.cudgel.de\/wp-content\/uploads\/2023\/10\/Art220802-1.jpg\",\"width\":1000,\"height\":1000},{\"@type\":\"BreadcrumbList\",\"@id\":\"https:\/\/www.cudgel.de\/produkt\/saturnus-the-storm-within-digicd\/#breadcrumb\",\"itemListElement\":[{\"@type\":\"ListItem\",\"position\":1,\"name\":\"Home\",\"item\":\"https:\/\/www.cudgel.de\/en\/\"},{\"@type\":\"ListItem\",\"position\":2,\"name\":\"Shop\",\"item\":\"https:\/\/www.cudgel.de\/en\/shop\/\"},{\"@type\":\"ListItem\",\"position\":3,\"name\":\"SATURNUS &#8211; the storm within DigiCD\"}]},{\"@type\":\"WebSite\",\"@id\":\"https:\/\/www.cudgel.de\/#website\",\"url\":\"https:\/\/www.cudgel.de\/\",\"name\":\"cudgel | Der ultimative Metal Online Store\",\"description\":\"Eine weitere WordPress-Website\",\"publisher\":{\"@id\":\"https:\/\/www.cudgel.de\/#organization\"},\"potentialAction\":[{\"@type\":\"SearchAction\",\"target\":{\"@type\":\"EntryPoint\",\"urlTemplate\":\"https:\/\/www.cudgel.de\/?s={search_term_string}\"},\"query-input\":\"required name=search_term_string\"}],\"inLanguage\":\"en-US\"},{\"@type\":\"Organization\",\"@id\":\"https:\/\/www.cudgel.de\/#organization\",\"name\":\"cudgel | Der ultimative Metal Online Store\",\"url\":\"https:\/\/www.cudgel.de\/\",\"logo\":{\"@type\":\"ImageObject\",\"inLanguage\":\"en-US\",\"@id\":\"https:\/\/www.cudgel.de\/#\/schema\/logo\/image\/\",\"url\":\"https:\/\/www.cudgel.de\/wp-content\/uploads\/2024\/06\/cudgel-logo-neu-1-1400x419png.webp\",\"contentUrl\":\"https:\/\/www.cudgel.de\/wp-content\/uploads\/2024\/06\/cudgel-logo-neu-1-1400x419png.webp\",\"width\":1400,\"height\":419,\"caption\":\"cudgel | Der ultimative Metal Online Store\"},\"image\":{\"@id\":\"https:\/\/www.cudgel.de\/#\/schema\/logo\/image\/\"},\"sameAs\":[\"https:\/\/www.facebook.com\/CudgelVertrieb\"]}]}<\/script>\n<!-- \/ Yoast SEO plugin. -->","yoast_head_json":{"title":"SATURNUS - the storm within DigiCD - cudgel | Der ultimative Metal Online Store","robots":{"index":"index","follow":"follow","max-snippet":"max-snippet:-1","max-image-preview":"max-image-preview:large","max-video-preview":"max-video-preview:-1"},"canonical":"https:\/\/www.cudgel.de\/produkt\/saturnus-the-storm-within-digicd\/","og_locale":"en_US","og_type":"article","og_title":"SATURNUS - the storm within DigiCD - cudgel | Der ultimative Metal Online Store","og_description":"Der Titel des f\u00fcnften SATURNUS-Albums, &#8220;The Storm Within&#8221;, spielt sowohl auf die St\u00fcrme an, die in der Natur tosen, als auch Aufruhr in der Seele. Es ist recht offenkundig, dass die lange Zeit, welche die D\u00e4nen f\u00fcr dieses Album gebraucht haben, und die pers\u00f6nlichen Gr\u00fcnde, die hinter dem Umbruch in der Band standen, dessen k\u00fcnstlerischen [...]","og_url":"https:\/\/www.cudgel.de\/produkt\/saturnus-the-storm-within-digicd\/","og_site_name":"cudgel | Der ultimative Metal Online Store","article_publisher":"https:\/\/www.facebook.com\/CudgelVertrieb","article_modified_time":"2026-04-10T07:15:56+00:00","og_image":[{"width":1000,"height":1000,"url":"https:\/\/www.cudgel.de\/wp-content\/uploads\/2023\/10\/Art220802-1.jpg","type":"image\/jpeg"}],"twitter_card":"summary_large_image","twitter_misc":{"Est. reading time":"1 minute"},"schema":{"@context":"https:\/\/schema.org","@graph":[{"@type":"WebPage","@id":"https:\/\/www.cudgel.de\/produkt\/saturnus-the-storm-within-digicd\/","url":"https:\/\/www.cudgel.de\/produkt\/saturnus-the-storm-within-digicd\/","name":"SATURNUS - the storm within DigiCD - cudgel | Der ultimative Metal Online Store","isPartOf":{"@id":"https:\/\/www.cudgel.de\/#website"},"primaryImageOfPage":{"@id":"https:\/\/www.cudgel.de\/produkt\/saturnus-the-storm-within-digicd\/#primaryimage"},"image":{"@id":"https:\/\/www.cudgel.de\/produkt\/saturnus-the-storm-within-digicd\/#primaryimage"},"thumbnailUrl":"https:\/\/www.cudgel.de\/wp-content\/uploads\/2023\/10\/Art220802-1.jpg","datePublished":"2023-10-19T08:07:34+00:00","dateModified":"2026-04-10T07:15:56+00:00","breadcrumb":{"@id":"https:\/\/www.cudgel.de\/produkt\/saturnus-the-storm-within-digicd\/#breadcrumb"},"inLanguage":"en-US","potentialAction":[{"@type":"ReadAction","target":["https:\/\/www.cudgel.de\/produkt\/saturnus-the-storm-within-digicd\/"]}]},{"@type":"ImageObject","inLanguage":"en-US","@id":"https:\/\/www.cudgel.de\/produkt\/saturnus-the-storm-within-digicd\/#primaryimage","url":"https:\/\/www.cudgel.de\/wp-content\/uploads\/2023\/10\/Art220802-1.jpg","contentUrl":"https:\/\/www.cudgel.de\/wp-content\/uploads\/2023\/10\/Art220802-1.jpg","width":1000,"height":1000},{"@type":"BreadcrumbList","@id":"https:\/\/www.cudgel.de\/produkt\/saturnus-the-storm-within-digicd\/#breadcrumb","itemListElement":[{"@type":"ListItem","position":1,"name":"Home","item":"https:\/\/www.cudgel.de\/en\/"},{"@type":"ListItem","position":2,"name":"Shop","item":"https:\/\/www.cudgel.de\/en\/shop\/"},{"@type":"ListItem","position":3,"name":"SATURNUS &#8211; the storm within DigiCD"}]},{"@type":"WebSite","@id":"https:\/\/www.cudgel.de\/#website","url":"https:\/\/www.cudgel.de\/","name":"cudgel | Der ultimative Metal Online Store","description":"Eine weitere WordPress-Website","publisher":{"@id":"https:\/\/www.cudgel.de\/#organization"},"potentialAction":[{"@type":"SearchAction","target":{"@type":"EntryPoint","urlTemplate":"https:\/\/www.cudgel.de\/?s={search_term_string}"},"query-input":"required name=search_term_string"}],"inLanguage":"en-US"},{"@type":"Organization","@id":"https:\/\/www.cudgel.de\/#organization","name":"cudgel | Der ultimative Metal Online Store","url":"https:\/\/www.cudgel.de\/","logo":{"@type":"ImageObject","inLanguage":"en-US","@id":"https:\/\/www.cudgel.de\/#\/schema\/logo\/image\/","url":"https:\/\/www.cudgel.de\/wp-content\/uploads\/2024\/06\/cudgel-logo-neu-1-1400x419png.webp","contentUrl":"https:\/\/www.cudgel.de\/wp-content\/uploads\/2024\/06\/cudgel-logo-neu-1-1400x419png.webp","width":1400,"height":419,"caption":"cudgel | Der ultimative Metal Online Store"},"image":{"@id":"https:\/\/www.cudgel.de\/#\/schema\/logo\/image\/"},"sameAs":["https:\/\/www.facebook.com\/CudgelVertrieb"]}]}},"_links":{"self":[{"href":"https:\/\/www.cudgel.de\/en\/wp-json\/wp\/v2\/product\/1705218","targetHints":{"allow":["GET"]}}],"collection":[{"href":"https:\/\/www.cudgel.de\/en\/wp-json\/wp\/v2\/product"}],"about":[{"href":"https:\/\/www.cudgel.de\/en\/wp-json\/wp\/v2\/types\/product"}],"replies":[{"embeddable":true,"href":"https:\/\/www.cudgel.de\/en\/wp-json\/wp\/v2\/comments?post=1705218"}],"wp:featuredmedia":[{"embeddable":true,"href":"https:\/\/www.cudgel.de\/en\/wp-json\/wp\/v2\/media\/1705216"}],"wp:attachment":[{"href":"https:\/\/www.cudgel.de\/en\/wp-json\/wp\/v2\/media?parent=1705218"}],"wp:term":[{"taxonomy":"product_cat","embeddable":true,"href":"https:\/\/www.cudgel.de\/en\/wp-json\/wp\/v2\/product_cat?post=1705218"},{"taxonomy":"product_tag","embeddable":true,"href":"https:\/\/www.cudgel.de\/en\/wp-json\/wp\/v2\/product_tag?post=1705218"}],"curies":[{"name":"wp","href":"https:\/\/api.w.org\/{rel}","templated":true}]}}