{"id":1768642,"date":"2023-12-22T10:43:37","date_gmt":"2023-12-22T09:43:37","guid":{"rendered":"https:\/\/www.cudgel.de\/produkt\/kommand-death-age-lp-silver\/"},"modified":"2025-12-31T00:28:46","modified_gmt":"2025-12-30T23:28:46","slug":"kommand-death-age-lp-silver","status":"publish","type":"product","link":"https:\/\/www.cudgel.de\/en\/product\/kommand-death-age-lp-silver\/","title":{"rendered":"KOMMAND &#8211; death age LP silver"},"content":{"rendered":"<p>&#8220;Death Age&#8221; beh\u00e4lt die bis an die Z\u00e4hne bewaffnete, wilde Militanz des fr\u00fcheren Materials von LA&#8217;s Kommand bei &#8211; mit mehr grausamer, kriegerischer Brutalit\u00e4t als je zuvor in feindliches Gebiet vorgedrungen. Die koordinierte Bombardierung eines ganzen Kontinents ank\u00fcndigend, ist &#8220;Death Age&#8221; eine Luftangriffssirene f\u00fcr eine bevorstehende Katastrophe!<\/p>\n<p>Die bedrohliche Atmosph\u00e4re von &#8220;Death Age&#8221; k\u00fcndigt das Ziel an: zerschlagen, zerst\u00f6ren und vernichten, ohne R\u00fccksicht auf Verluste. Death Metal dieser Art beruft sich auf die primitivsten, ungez\u00e4hmten Instinkte und r\u00fcckt vor wie ein Panzerkonvoi durch besetztes Gebiet, r\u00fccksichtslos gegen\u00fcber allem und jedem, der sich ihm in den Weg stellt.<\/p>\n<p>Vom Opener &#8220;Final Virus&#8221; bis zum abschlie\u00dfenden &#8220;Collapse Metropolis&#8221; beschw\u00f6ren Kommand die Vision einer dystopischen H\u00f6llenlandschaft mit St\u00e4dten, die permanent von schweren Waffen unter Beschuss stehen, und jenen Ungl\u00fccklichen, die den Ansturm \u00fcberlebt haben. &#8220;Death Age&#8221; hinterl\u00e4sst somit einen endg\u00fcltigen Epitaph auf dem blutigen M\u00fcllhaufen der nahen Zukunft.<\/p>\n<p>FO: Bolt Thrower, Asphyx, Acephalix, Vastum, Hail of Bullets, Stormcrow, Hellshock, Sanctum<\/p>\n<p>lim. silver vinyl<\/p>\n<p><strong>Tracks:<\/strong><\/p>\n<ol class=\"tracklisting\">\n<li>Final Virus<\/li>\n<li>Chimera Soldiers<\/li>\n<li>Global Death<\/li>\n<li>Polar Holdout<\/li>\n<li>Fleeing Western Territories<\/li>\n<li>Collapse Metropolis<\/li>\n<\/ol>\n<p><strong>Genres:<\/strong> Death Metal<\/p>\n","protected":false},"excerpt":{"rendered":"<p>&#8220;Death Age&#8221; beh\u00e4lt die bis an die Z\u00e4hne bewaffnete, wilde Militanz des fr\u00fcheren Materials von LA&#8217;s Kommand bei &#8211; mit mehr grausamer, kriegerischer Brutalit\u00e4t als je zuvor in feindliches Gebiet vorgedrungen. Die koordinierte Bombardierung eines ganzen Kontinents ank\u00fcndigend, ist &#8220;Death Age&#8221; eine Luftangriffssirene f\u00fcr eine bevorstehende Katastrophe! Die bedrohliche Atmosph\u00e4re von &#8220;Death Age&#8221; k\u00fcndigt das [&#8230;]\n","protected":false},"featured_media":1768640,"comment_status":"open","ping_status":"closed","template":"","meta":[],"product_cat":[436],"product_tag":[],"class_list":{"0":"post-1768642","1":"product","2":"type-product","3":"status-publish","4":"has-post-thumbnail","6":"product_cat-vinyl-i-l","7":"pa_band-kommand","8":"pa_productgenre-death-metal","9":"pa_productlabel-20-buck-spin","11":"first","12":"instock","13":"taxable","14":"shipping-taxable","15":"purchasable","16":"product-type-simple"},"yoast_head":"<!-- This site is optimized with the Yoast SEO plugin v22.9 - https:\/\/yoast.com\/wordpress\/plugins\/seo\/ -->\n<title>KOMMAND - death age LP silver - cudgel | Der ultimative Metal Online Store<\/title>\n<meta name=\"robots\" content=\"index, follow, max-snippet:-1, max-image-preview:large, max-video-preview:-1\" \/>\n<link rel=\"canonical\" href=\"https:\/\/www.cudgel.de\/produkt\/kommand-death-age-lp-silver\/\" \/>\n<meta property=\"og:locale\" content=\"en_US\" \/>\n<meta property=\"og:type\" content=\"article\" \/>\n<meta property=\"og:title\" content=\"KOMMAND - death age LP silver - cudgel | Der ultimative Metal Online Store\" \/>\n<meta property=\"og:description\" content=\"&#8220;Death Age&#8221; beh\u00e4lt die bis an die Z\u00e4hne bewaffnete, wilde Militanz des fr\u00fcheren Materials von LA&#8217;s Kommand bei &#8211; mit mehr grausamer, kriegerischer Brutalit\u00e4t als je zuvor in feindliches Gebiet vorgedrungen. Die koordinierte Bombardierung eines ganzen Kontinents ank\u00fcndigend, ist &#8220;Death Age&#8221; eine Luftangriffssirene f\u00fcr eine bevorstehende Katastrophe! Die bedrohliche Atmosph\u00e4re von &#8220;Death Age&#8221; k\u00fcndigt das [...]\" \/>\n<meta property=\"og:url\" content=\"https:\/\/www.cudgel.de\/produkt\/kommand-death-age-lp-silver\/\" \/>\n<meta property=\"og:site_name\" content=\"cudgel | Der ultimative Metal Online Store\" \/>\n<meta property=\"article:publisher\" content=\"https:\/\/www.facebook.com\/CudgelVertrieb\" \/>\n<meta property=\"article:modified_time\" content=\"2025-12-30T23:28:46+00:00\" \/>\n<meta property=\"og:image\" content=\"https:\/\/www.cudgel.de\/wp-content\/uploads\/2023\/12\/Art109178.jpg\" \/>\n\t<meta property=\"og:image:width\" content=\"1500\" \/>\n\t<meta property=\"og:image:height\" content=\"1384\" \/>\n\t<meta property=\"og:image:type\" content=\"image\/jpeg\" \/>\n<meta name=\"twitter:card\" content=\"summary_large_image\" \/>\n<meta name=\"twitter:label1\" content=\"Est. reading time\" \/>\n\t<meta name=\"twitter:data1\" content=\"1 minute\" \/>\n<script type=\"application\/ld+json\" class=\"yoast-schema-graph\">{\"@context\":\"https:\/\/schema.org\",\"@graph\":[{\"@type\":\"WebPage\",\"@id\":\"https:\/\/www.cudgel.de\/produkt\/kommand-death-age-lp-silver\/\",\"url\":\"https:\/\/www.cudgel.de\/produkt\/kommand-death-age-lp-silver\/\",\"name\":\"KOMMAND - death age LP silver - cudgel | Der ultimative Metal Online Store\",\"isPartOf\":{\"@id\":\"https:\/\/www.cudgel.de\/#website\"},\"primaryImageOfPage\":{\"@id\":\"https:\/\/www.cudgel.de\/produkt\/kommand-death-age-lp-silver\/#primaryimage\"},\"image\":{\"@id\":\"https:\/\/www.cudgel.de\/produkt\/kommand-death-age-lp-silver\/#primaryimage\"},\"thumbnailUrl\":\"https:\/\/www.cudgel.de\/wp-content\/uploads\/2023\/12\/Art109178.jpg\",\"datePublished\":\"2023-12-22T09:43:37+00:00\",\"dateModified\":\"2025-12-30T23:28:46+00:00\",\"breadcrumb\":{\"@id\":\"https:\/\/www.cudgel.de\/produkt\/kommand-death-age-lp-silver\/#breadcrumb\"},\"inLanguage\":\"en-US\",\"potentialAction\":[{\"@type\":\"ReadAction\",\"target\":[\"https:\/\/www.cudgel.de\/produkt\/kommand-death-age-lp-silver\/\"]}]},{\"@type\":\"ImageObject\",\"inLanguage\":\"en-US\",\"@id\":\"https:\/\/www.cudgel.de\/produkt\/kommand-death-age-lp-silver\/#primaryimage\",\"url\":\"https:\/\/www.cudgel.de\/wp-content\/uploads\/2023\/12\/Art109178.jpg\",\"contentUrl\":\"https:\/\/www.cudgel.de\/wp-content\/uploads\/2023\/12\/Art109178.jpg\",\"width\":1500,\"height\":1384},{\"@type\":\"BreadcrumbList\",\"@id\":\"https:\/\/www.cudgel.de\/produkt\/kommand-death-age-lp-silver\/#breadcrumb\",\"itemListElement\":[{\"@type\":\"ListItem\",\"position\":1,\"name\":\"Home\",\"item\":\"https:\/\/www.cudgel.de\/en\/\"},{\"@type\":\"ListItem\",\"position\":2,\"name\":\"Shop\",\"item\":\"https:\/\/www.cudgel.de\/en\/shop\/\"},{\"@type\":\"ListItem\",\"position\":3,\"name\":\"KOMMAND &#8211; death age LP silver\"}]},{\"@type\":\"WebSite\",\"@id\":\"https:\/\/www.cudgel.de\/#website\",\"url\":\"https:\/\/www.cudgel.de\/\",\"name\":\"cudgel | Der ultimative Metal Online Store\",\"description\":\"Eine weitere WordPress-Website\",\"publisher\":{\"@id\":\"https:\/\/www.cudgel.de\/#organization\"},\"potentialAction\":[{\"@type\":\"SearchAction\",\"target\":{\"@type\":\"EntryPoint\",\"urlTemplate\":\"https:\/\/www.cudgel.de\/?s={search_term_string}\"},\"query-input\":\"required name=search_term_string\"}],\"inLanguage\":\"en-US\"},{\"@type\":\"Organization\",\"@id\":\"https:\/\/www.cudgel.de\/#organization\",\"name\":\"cudgel | Der ultimative Metal Online Store\",\"url\":\"https:\/\/www.cudgel.de\/\",\"logo\":{\"@type\":\"ImageObject\",\"inLanguage\":\"en-US\",\"@id\":\"https:\/\/www.cudgel.de\/#\/schema\/logo\/image\/\",\"url\":\"https:\/\/www.cudgel.de\/wp-content\/uploads\/2024\/06\/cudgel-logo-neu-1-1400x419png.webp\",\"contentUrl\":\"https:\/\/www.cudgel.de\/wp-content\/uploads\/2024\/06\/cudgel-logo-neu-1-1400x419png.webp\",\"width\":1400,\"height\":419,\"caption\":\"cudgel | Der ultimative Metal Online Store\"},\"image\":{\"@id\":\"https:\/\/www.cudgel.de\/#\/schema\/logo\/image\/\"},\"sameAs\":[\"https:\/\/www.facebook.com\/CudgelVertrieb\"]}]}<\/script>\n<!-- \/ Yoast SEO plugin. -->","yoast_head_json":{"title":"KOMMAND - death age LP silver - cudgel | Der ultimative Metal Online Store","robots":{"index":"index","follow":"follow","max-snippet":"max-snippet:-1","max-image-preview":"max-image-preview:large","max-video-preview":"max-video-preview:-1"},"canonical":"https:\/\/www.cudgel.de\/produkt\/kommand-death-age-lp-silver\/","og_locale":"en_US","og_type":"article","og_title":"KOMMAND - death age LP silver - cudgel | Der ultimative Metal Online Store","og_description":"&#8220;Death Age&#8221; beh\u00e4lt die bis an die Z\u00e4hne bewaffnete, wilde Militanz des fr\u00fcheren Materials von LA&#8217;s Kommand bei &#8211; mit mehr grausamer, kriegerischer Brutalit\u00e4t als je zuvor in feindliches Gebiet vorgedrungen. Die koordinierte Bombardierung eines ganzen Kontinents ank\u00fcndigend, ist &#8220;Death Age&#8221; eine Luftangriffssirene f\u00fcr eine bevorstehende Katastrophe! Die bedrohliche Atmosph\u00e4re von &#8220;Death Age&#8221; k\u00fcndigt das [...]","og_url":"https:\/\/www.cudgel.de\/produkt\/kommand-death-age-lp-silver\/","og_site_name":"cudgel | Der ultimative Metal Online Store","article_publisher":"https:\/\/www.facebook.com\/CudgelVertrieb","article_modified_time":"2025-12-30T23:28:46+00:00","og_image":[{"width":1500,"height":1384,"url":"https:\/\/www.cudgel.de\/wp-content\/uploads\/2023\/12\/Art109178.jpg","type":"image\/jpeg"}],"twitter_card":"summary_large_image","twitter_misc":{"Est. reading time":"1 minute"},"schema":{"@context":"https:\/\/schema.org","@graph":[{"@type":"WebPage","@id":"https:\/\/www.cudgel.de\/produkt\/kommand-death-age-lp-silver\/","url":"https:\/\/www.cudgel.de\/produkt\/kommand-death-age-lp-silver\/","name":"KOMMAND - death age LP silver - cudgel | Der ultimative Metal Online Store","isPartOf":{"@id":"https:\/\/www.cudgel.de\/#website"},"primaryImageOfPage":{"@id":"https:\/\/www.cudgel.de\/produkt\/kommand-death-age-lp-silver\/#primaryimage"},"image":{"@id":"https:\/\/www.cudgel.de\/produkt\/kommand-death-age-lp-silver\/#primaryimage"},"thumbnailUrl":"https:\/\/www.cudgel.de\/wp-content\/uploads\/2023\/12\/Art109178.jpg","datePublished":"2023-12-22T09:43:37+00:00","dateModified":"2025-12-30T23:28:46+00:00","breadcrumb":{"@id":"https:\/\/www.cudgel.de\/produkt\/kommand-death-age-lp-silver\/#breadcrumb"},"inLanguage":"en-US","potentialAction":[{"@type":"ReadAction","target":["https:\/\/www.cudgel.de\/produkt\/kommand-death-age-lp-silver\/"]}]},{"@type":"ImageObject","inLanguage":"en-US","@id":"https:\/\/www.cudgel.de\/produkt\/kommand-death-age-lp-silver\/#primaryimage","url":"https:\/\/www.cudgel.de\/wp-content\/uploads\/2023\/12\/Art109178.jpg","contentUrl":"https:\/\/www.cudgel.de\/wp-content\/uploads\/2023\/12\/Art109178.jpg","width":1500,"height":1384},{"@type":"BreadcrumbList","@id":"https:\/\/www.cudgel.de\/produkt\/kommand-death-age-lp-silver\/#breadcrumb","itemListElement":[{"@type":"ListItem","position":1,"name":"Home","item":"https:\/\/www.cudgel.de\/en\/"},{"@type":"ListItem","position":2,"name":"Shop","item":"https:\/\/www.cudgel.de\/en\/shop\/"},{"@type":"ListItem","position":3,"name":"KOMMAND &#8211; death age LP silver"}]},{"@type":"WebSite","@id":"https:\/\/www.cudgel.de\/#website","url":"https:\/\/www.cudgel.de\/","name":"cudgel | Der ultimative Metal Online Store","description":"Eine weitere WordPress-Website","publisher":{"@id":"https:\/\/www.cudgel.de\/#organization"},"potentialAction":[{"@type":"SearchAction","target":{"@type":"EntryPoint","urlTemplate":"https:\/\/www.cudgel.de\/?s={search_term_string}"},"query-input":"required name=search_term_string"}],"inLanguage":"en-US"},{"@type":"Organization","@id":"https:\/\/www.cudgel.de\/#organization","name":"cudgel | Der ultimative Metal Online Store","url":"https:\/\/www.cudgel.de\/","logo":{"@type":"ImageObject","inLanguage":"en-US","@id":"https:\/\/www.cudgel.de\/#\/schema\/logo\/image\/","url":"https:\/\/www.cudgel.de\/wp-content\/uploads\/2024\/06\/cudgel-logo-neu-1-1400x419png.webp","contentUrl":"https:\/\/www.cudgel.de\/wp-content\/uploads\/2024\/06\/cudgel-logo-neu-1-1400x419png.webp","width":1400,"height":419,"caption":"cudgel | Der ultimative Metal Online Store"},"image":{"@id":"https:\/\/www.cudgel.de\/#\/schema\/logo\/image\/"},"sameAs":["https:\/\/www.facebook.com\/CudgelVertrieb"]}]}},"_links":{"self":[{"href":"https:\/\/www.cudgel.de\/en\/wp-json\/wp\/v2\/product\/1768642","targetHints":{"allow":["GET"]}}],"collection":[{"href":"https:\/\/www.cudgel.de\/en\/wp-json\/wp\/v2\/product"}],"about":[{"href":"https:\/\/www.cudgel.de\/en\/wp-json\/wp\/v2\/types\/product"}],"replies":[{"embeddable":true,"href":"https:\/\/www.cudgel.de\/en\/wp-json\/wp\/v2\/comments?post=1768642"}],"wp:featuredmedia":[{"embeddable":true,"href":"https:\/\/www.cudgel.de\/en\/wp-json\/wp\/v2\/media\/1768640"}],"wp:attachment":[{"href":"https:\/\/www.cudgel.de\/en\/wp-json\/wp\/v2\/media?parent=1768642"}],"wp:term":[{"taxonomy":"product_cat","embeddable":true,"href":"https:\/\/www.cudgel.de\/en\/wp-json\/wp\/v2\/product_cat?post=1768642"},{"taxonomy":"product_tag","embeddable":true,"href":"https:\/\/www.cudgel.de\/en\/wp-json\/wp\/v2\/product_tag?post=1768642"}],"curies":[{"name":"wp","href":"https:\/\/api.w.org\/{rel}","templated":true}]}}