{"id":1815069,"date":"2024-02-05T11:13:30","date_gmt":"2024-02-05T10:13:30","guid":{"rendered":"https:\/\/www.cudgel.de\/produkt\/spectral-voice-sparagmos-lp-gold-trans-brown-cudgel-exclusive\/"},"modified":"2026-03-16T09:13:42","modified_gmt":"2026-03-16T08:13:42","slug":"spectral-voice-sparagmos-lp-gold-trans-brown-cudgel-exclusive","status":"publish","type":"product","link":"https:\/\/www.cudgel.de\/en\/product\/spectral-voice-sparagmos-lp-gold-trans-brown-cudgel-exclusive\/","title":{"rendered":"SPECTRAL VOICE &#8211; sparagmos LP gold trans brown CUDGEL EXCLUSIVE"},"content":{"rendered":"<p>lim. gold \/ trans brown vinyl lim. to 100 copies EXCLUSIVE @Cudgel Vertrieb + Poster<\/p>\n<p>&#8216;Sparagmos&#8217; von Spectral Voice ist das zweite Album unter dem Banner von Dark Descent Records und markiert den H\u00f6hepunkt einer Periode katabatischen Eintauchens in das Material. Der Titel selbst, der auf den dionysischen Ritus des Zerrei\u00dfens von Gliedma\u00dfen anspielt, bildet die B\u00fchne f\u00fcr eine tiefgreifende Erforschung von Leben, Tod und der ungez\u00e4hmten Essenz im Inneren.<\/p>\n<p>&#8220;Der Inhalt des Albums oszilliert zwischen Wehklagen und Begeisterung. Eine eindringliche, morbide Atmosph\u00e4re der Funerealit\u00e4t sehnt sich nach der Befreiung durch den Tod und beklagt die Qualen des Lebens. Gepaart mit Momenten des frenetischen Wahnsinns, der Erhabenheit, des Schreckens und der Ekstase ist der Punkt, den wir zu erreichen versuchen, der Moment, in dem &#8211; durch das Opfer &#8211; die atavistische Wildheit entfesselt wird und die ultimative Erh\u00f6hung des Lebens durch den Tod realisiert wird&#8221;, reflektiert Schlagzeuger\/S\u00e4nger E. Wendler.<\/p>\n<p>Einfl\u00fcsse aus den esoterischen Bereichen von Death, Black und Doom Metal, Dark Ambient und arkaner Literatur flie\u00dfen in Spectral Voice&#8217;s neuestem Werk zusammen. Mit dem klanglichen K\u00f6nnen von M. Kolontyrsky (Gitarre), P. Riedl (Gitarre) und J. Barrett (Bass) &#8211; ebenfalls von Blood Incantation &#8211; sowie dem Schlagzeuger\/S\u00e4nger E. Wendler, weben Spectral Voice einen Klangteppich, der selbst ihre eigenen hohen Standards \u00fcbertrifft!<\/p>\n<p>Sparagmos ist ein definitives Death Metal-Highlight des Jahres 2024!<\/p>\n<p>FFO: BLOOD INCANTATION, WORM, VASTUM<\/p>\n<p><strong>Tracks:<\/strong><\/p>\n<ol class=\"tracklisting\">\n<li>Be Cadaver<\/li>\n<li>Red Feasts Condensed into One<\/li>\n<li>Sinew Censer<\/li>\n<li>Death&#8217;s Knell Rings in Eternity<\/li>\n<\/ol>\n<p><strong>Genres:<\/strong> Death Metal, Doom Metal<\/p>\n","protected":false},"excerpt":{"rendered":"<p>lim. gold \/ trans brown vinyl lim. to 100 copies EXCLUSIVE @Cudgel Vertrieb + Poster &#8216;Sparagmos&#8217; von Spectral Voice ist das zweite Album unter dem Banner von Dark Descent Records und markiert den H\u00f6hepunkt einer Periode katabatischen Eintauchens in das Material. Der Titel selbst, der auf den dionysischen Ritus des Zerrei\u00dfens von Gliedma\u00dfen anspielt, bildet [&#8230;]\n","protected":false},"featured_media":2404337,"comment_status":"open","ping_status":"closed","template":"","meta":[],"product_cat":[441],"product_tag":[],"class_list":{"0":"post-1815069","1":"product","2":"type-product","3":"status-publish","4":"has-post-thumbnail","6":"product_cat-vinyl-s","7":"pa_band-spectral-voice","8":"pa_productgenre-death-metal","9":"pa_productgenre-doom-metal","10":"pa_productlabel-dark-descent-records","12":"first","13":"instock","14":"taxable","15":"shipping-taxable","16":"purchasable","17":"product-type-simple"},"yoast_head":"<!-- This site is optimized with the Yoast SEO plugin v22.9 - https:\/\/yoast.com\/wordpress\/plugins\/seo\/ -->\n<title>SPECTRAL VOICE - sparagmos LP gold trans brown CUDGEL EXCLUSIVE - cudgel | Der ultimative Metal Online Store<\/title>\n<meta name=\"robots\" content=\"index, follow, max-snippet:-1, max-image-preview:large, max-video-preview:-1\" \/>\n<link rel=\"canonical\" href=\"https:\/\/www.cudgel.de\/produkt\/spectral-voice-sparagmos-lp-gold-trans-brown-cudgel-exclusive\/\" \/>\n<meta property=\"og:locale\" content=\"en_US\" \/>\n<meta property=\"og:type\" content=\"article\" \/>\n<meta property=\"og:title\" content=\"SPECTRAL VOICE - sparagmos LP gold trans brown CUDGEL EXCLUSIVE - cudgel | Der ultimative Metal Online Store\" \/>\n<meta property=\"og:description\" content=\"lim. gold \/ trans brown vinyl lim. to 100 copies EXCLUSIVE @Cudgel Vertrieb + Poster &#8216;Sparagmos&#8217; von Spectral Voice ist das zweite Album unter dem Banner von Dark Descent Records und markiert den H\u00f6hepunkt einer Periode katabatischen Eintauchens in das Material. Der Titel selbst, der auf den dionysischen Ritus des Zerrei\u00dfens von Gliedma\u00dfen anspielt, bildet [...]\" \/>\n<meta property=\"og:url\" content=\"https:\/\/www.cudgel.de\/produkt\/spectral-voice-sparagmos-lp-gold-trans-brown-cudgel-exclusive\/\" \/>\n<meta property=\"og:site_name\" content=\"cudgel | Der ultimative Metal Online Store\" \/>\n<meta property=\"article:publisher\" content=\"https:\/\/www.facebook.com\/CudgelVertrieb\" \/>\n<meta property=\"article:modified_time\" content=\"2026-03-16T08:13:42+00:00\" \/>\n<meta property=\"og:image\" content=\"https:\/\/www.cudgel.de\/wp-content\/uploads\/2024\/02\/spectral-voice-sparagmos-lp-gold-trans-brown.jpg\" \/>\n\t<meta property=\"og:image:width\" content=\"1500\" \/>\n\t<meta property=\"og:image:height\" content=\"1384\" \/>\n\t<meta property=\"og:image:type\" content=\"image\/jpeg\" \/>\n<meta name=\"twitter:card\" content=\"summary_large_image\" \/>\n<meta name=\"twitter:label1\" content=\"Est. reading time\" \/>\n\t<meta name=\"twitter:data1\" content=\"2 minutes\" \/>\n<script type=\"application\/ld+json\" class=\"yoast-schema-graph\">{\"@context\":\"https:\/\/schema.org\",\"@graph\":[{\"@type\":\"WebPage\",\"@id\":\"https:\/\/www.cudgel.de\/produkt\/spectral-voice-sparagmos-lp-gold-trans-brown-cudgel-exclusive\/\",\"url\":\"https:\/\/www.cudgel.de\/produkt\/spectral-voice-sparagmos-lp-gold-trans-brown-cudgel-exclusive\/\",\"name\":\"SPECTRAL VOICE - sparagmos LP gold trans brown CUDGEL EXCLUSIVE - cudgel | Der ultimative Metal Online Store\",\"isPartOf\":{\"@id\":\"https:\/\/www.cudgel.de\/#website\"},\"primaryImageOfPage\":{\"@id\":\"https:\/\/www.cudgel.de\/produkt\/spectral-voice-sparagmos-lp-gold-trans-brown-cudgel-exclusive\/#primaryimage\"},\"image\":{\"@id\":\"https:\/\/www.cudgel.de\/produkt\/spectral-voice-sparagmos-lp-gold-trans-brown-cudgel-exclusive\/#primaryimage\"},\"thumbnailUrl\":\"https:\/\/www.cudgel.de\/wp-content\/uploads\/2024\/02\/spectral-voice-sparagmos-lp-gold-trans-brown.jpg\",\"datePublished\":\"2024-02-05T10:13:30+00:00\",\"dateModified\":\"2026-03-16T08:13:42+00:00\",\"breadcrumb\":{\"@id\":\"https:\/\/www.cudgel.de\/produkt\/spectral-voice-sparagmos-lp-gold-trans-brown-cudgel-exclusive\/#breadcrumb\"},\"inLanguage\":\"en-US\",\"potentialAction\":[{\"@type\":\"ReadAction\",\"target\":[\"https:\/\/www.cudgel.de\/produkt\/spectral-voice-sparagmos-lp-gold-trans-brown-cudgel-exclusive\/\"]}]},{\"@type\":\"ImageObject\",\"inLanguage\":\"en-US\",\"@id\":\"https:\/\/www.cudgel.de\/produkt\/spectral-voice-sparagmos-lp-gold-trans-brown-cudgel-exclusive\/#primaryimage\",\"url\":\"https:\/\/www.cudgel.de\/wp-content\/uploads\/2024\/02\/spectral-voice-sparagmos-lp-gold-trans-brown.jpg\",\"contentUrl\":\"https:\/\/www.cudgel.de\/wp-content\/uploads\/2024\/02\/spectral-voice-sparagmos-lp-gold-trans-brown.jpg\",\"width\":1500,\"height\":1384},{\"@type\":\"BreadcrumbList\",\"@id\":\"https:\/\/www.cudgel.de\/produkt\/spectral-voice-sparagmos-lp-gold-trans-brown-cudgel-exclusive\/#breadcrumb\",\"itemListElement\":[{\"@type\":\"ListItem\",\"position\":1,\"name\":\"Home\",\"item\":\"https:\/\/www.cudgel.de\/en\/\"},{\"@type\":\"ListItem\",\"position\":2,\"name\":\"Shop\",\"item\":\"https:\/\/www.cudgel.de\/en\/shop\/\"},{\"@type\":\"ListItem\",\"position\":3,\"name\":\"SPECTRAL VOICE &#8211; sparagmos LP gold trans brown CUDGEL EXCLUSIVE\"}]},{\"@type\":\"WebSite\",\"@id\":\"https:\/\/www.cudgel.de\/#website\",\"url\":\"https:\/\/www.cudgel.de\/\",\"name\":\"cudgel | Der ultimative Metal Online Store\",\"description\":\"Eine weitere WordPress-Website\",\"publisher\":{\"@id\":\"https:\/\/www.cudgel.de\/#organization\"},\"potentialAction\":[{\"@type\":\"SearchAction\",\"target\":{\"@type\":\"EntryPoint\",\"urlTemplate\":\"https:\/\/www.cudgel.de\/?s={search_term_string}\"},\"query-input\":\"required name=search_term_string\"}],\"inLanguage\":\"en-US\"},{\"@type\":\"Organization\",\"@id\":\"https:\/\/www.cudgel.de\/#organization\",\"name\":\"cudgel | Der ultimative Metal Online Store\",\"url\":\"https:\/\/www.cudgel.de\/\",\"logo\":{\"@type\":\"ImageObject\",\"inLanguage\":\"en-US\",\"@id\":\"https:\/\/www.cudgel.de\/#\/schema\/logo\/image\/\",\"url\":\"https:\/\/www.cudgel.de\/wp-content\/uploads\/2024\/06\/cudgel-logo-neu-1-1400x419png.webp\",\"contentUrl\":\"https:\/\/www.cudgel.de\/wp-content\/uploads\/2024\/06\/cudgel-logo-neu-1-1400x419png.webp\",\"width\":1400,\"height\":419,\"caption\":\"cudgel | Der ultimative Metal Online Store\"},\"image\":{\"@id\":\"https:\/\/www.cudgel.de\/#\/schema\/logo\/image\/\"},\"sameAs\":[\"https:\/\/www.facebook.com\/CudgelVertrieb\"]}]}<\/script>\n<!-- \/ Yoast SEO plugin. -->","yoast_head_json":{"title":"SPECTRAL VOICE - sparagmos LP gold trans brown CUDGEL EXCLUSIVE - cudgel | Der ultimative Metal Online Store","robots":{"index":"index","follow":"follow","max-snippet":"max-snippet:-1","max-image-preview":"max-image-preview:large","max-video-preview":"max-video-preview:-1"},"canonical":"https:\/\/www.cudgel.de\/produkt\/spectral-voice-sparagmos-lp-gold-trans-brown-cudgel-exclusive\/","og_locale":"en_US","og_type":"article","og_title":"SPECTRAL VOICE - sparagmos LP gold trans brown CUDGEL EXCLUSIVE - cudgel | Der ultimative Metal Online Store","og_description":"lim. gold \/ trans brown vinyl lim. to 100 copies EXCLUSIVE @Cudgel Vertrieb + Poster &#8216;Sparagmos&#8217; von Spectral Voice ist das zweite Album unter dem Banner von Dark Descent Records und markiert den H\u00f6hepunkt einer Periode katabatischen Eintauchens in das Material. Der Titel selbst, der auf den dionysischen Ritus des Zerrei\u00dfens von Gliedma\u00dfen anspielt, bildet [...]","og_url":"https:\/\/www.cudgel.de\/produkt\/spectral-voice-sparagmos-lp-gold-trans-brown-cudgel-exclusive\/","og_site_name":"cudgel | Der ultimative Metal Online Store","article_publisher":"https:\/\/www.facebook.com\/CudgelVertrieb","article_modified_time":"2026-03-16T08:13:42+00:00","og_image":[{"width":1500,"height":1384,"url":"https:\/\/www.cudgel.de\/wp-content\/uploads\/2024\/02\/spectral-voice-sparagmos-lp-gold-trans-brown.jpg","type":"image\/jpeg"}],"twitter_card":"summary_large_image","twitter_misc":{"Est. reading time":"2 minutes"},"schema":{"@context":"https:\/\/schema.org","@graph":[{"@type":"WebPage","@id":"https:\/\/www.cudgel.de\/produkt\/spectral-voice-sparagmos-lp-gold-trans-brown-cudgel-exclusive\/","url":"https:\/\/www.cudgel.de\/produkt\/spectral-voice-sparagmos-lp-gold-trans-brown-cudgel-exclusive\/","name":"SPECTRAL VOICE - sparagmos LP gold trans brown CUDGEL EXCLUSIVE - cudgel | Der ultimative Metal Online Store","isPartOf":{"@id":"https:\/\/www.cudgel.de\/#website"},"primaryImageOfPage":{"@id":"https:\/\/www.cudgel.de\/produkt\/spectral-voice-sparagmos-lp-gold-trans-brown-cudgel-exclusive\/#primaryimage"},"image":{"@id":"https:\/\/www.cudgel.de\/produkt\/spectral-voice-sparagmos-lp-gold-trans-brown-cudgel-exclusive\/#primaryimage"},"thumbnailUrl":"https:\/\/www.cudgel.de\/wp-content\/uploads\/2024\/02\/spectral-voice-sparagmos-lp-gold-trans-brown.jpg","datePublished":"2024-02-05T10:13:30+00:00","dateModified":"2026-03-16T08:13:42+00:00","breadcrumb":{"@id":"https:\/\/www.cudgel.de\/produkt\/spectral-voice-sparagmos-lp-gold-trans-brown-cudgel-exclusive\/#breadcrumb"},"inLanguage":"en-US","potentialAction":[{"@type":"ReadAction","target":["https:\/\/www.cudgel.de\/produkt\/spectral-voice-sparagmos-lp-gold-trans-brown-cudgel-exclusive\/"]}]},{"@type":"ImageObject","inLanguage":"en-US","@id":"https:\/\/www.cudgel.de\/produkt\/spectral-voice-sparagmos-lp-gold-trans-brown-cudgel-exclusive\/#primaryimage","url":"https:\/\/www.cudgel.de\/wp-content\/uploads\/2024\/02\/spectral-voice-sparagmos-lp-gold-trans-brown.jpg","contentUrl":"https:\/\/www.cudgel.de\/wp-content\/uploads\/2024\/02\/spectral-voice-sparagmos-lp-gold-trans-brown.jpg","width":1500,"height":1384},{"@type":"BreadcrumbList","@id":"https:\/\/www.cudgel.de\/produkt\/spectral-voice-sparagmos-lp-gold-trans-brown-cudgel-exclusive\/#breadcrumb","itemListElement":[{"@type":"ListItem","position":1,"name":"Home","item":"https:\/\/www.cudgel.de\/en\/"},{"@type":"ListItem","position":2,"name":"Shop","item":"https:\/\/www.cudgel.de\/en\/shop\/"},{"@type":"ListItem","position":3,"name":"SPECTRAL VOICE &#8211; sparagmos LP gold trans brown CUDGEL EXCLUSIVE"}]},{"@type":"WebSite","@id":"https:\/\/www.cudgel.de\/#website","url":"https:\/\/www.cudgel.de\/","name":"cudgel | Der ultimative Metal Online Store","description":"Eine weitere WordPress-Website","publisher":{"@id":"https:\/\/www.cudgel.de\/#organization"},"potentialAction":[{"@type":"SearchAction","target":{"@type":"EntryPoint","urlTemplate":"https:\/\/www.cudgel.de\/?s={search_term_string}"},"query-input":"required name=search_term_string"}],"inLanguage":"en-US"},{"@type":"Organization","@id":"https:\/\/www.cudgel.de\/#organization","name":"cudgel | Der ultimative Metal Online Store","url":"https:\/\/www.cudgel.de\/","logo":{"@type":"ImageObject","inLanguage":"en-US","@id":"https:\/\/www.cudgel.de\/#\/schema\/logo\/image\/","url":"https:\/\/www.cudgel.de\/wp-content\/uploads\/2024\/06\/cudgel-logo-neu-1-1400x419png.webp","contentUrl":"https:\/\/www.cudgel.de\/wp-content\/uploads\/2024\/06\/cudgel-logo-neu-1-1400x419png.webp","width":1400,"height":419,"caption":"cudgel | Der ultimative Metal Online Store"},"image":{"@id":"https:\/\/www.cudgel.de\/#\/schema\/logo\/image\/"},"sameAs":["https:\/\/www.facebook.com\/CudgelVertrieb"]}]}},"_links":{"self":[{"href":"https:\/\/www.cudgel.de\/en\/wp-json\/wp\/v2\/product\/1815069","targetHints":{"allow":["GET"]}}],"collection":[{"href":"https:\/\/www.cudgel.de\/en\/wp-json\/wp\/v2\/product"}],"about":[{"href":"https:\/\/www.cudgel.de\/en\/wp-json\/wp\/v2\/types\/product"}],"replies":[{"embeddable":true,"href":"https:\/\/www.cudgel.de\/en\/wp-json\/wp\/v2\/comments?post=1815069"}],"wp:featuredmedia":[{"embeddable":true,"href":"https:\/\/www.cudgel.de\/en\/wp-json\/wp\/v2\/media\/2404337"}],"wp:attachment":[{"href":"https:\/\/www.cudgel.de\/en\/wp-json\/wp\/v2\/media?parent=1815069"}],"wp:term":[{"taxonomy":"product_cat","embeddable":true,"href":"https:\/\/www.cudgel.de\/en\/wp-json\/wp\/v2\/product_cat?post=1815069"},{"taxonomy":"product_tag","embeddable":true,"href":"https:\/\/www.cudgel.de\/en\/wp-json\/wp\/v2\/product_tag?post=1815069"}],"curies":[{"name":"wp","href":"https:\/\/api.w.org\/{rel}","templated":true}]}}