{"id":1831099,"date":"2024-02-22T15:24:09","date_gmt":"2024-02-22T14:24:09","guid":{"rendered":"https:\/\/www.cudgel.de\/produkt\/dimmu-borgir-inspiratio-profanus-digicd\/"},"modified":"2025-12-31T01:59:04","modified_gmt":"2025-12-31T00:59:04","slug":"dimmu-borgir-inspiratio-profanus-digicd","status":"publish","type":"product","link":"https:\/\/www.cudgel.de\/en\/product\/dimmu-borgir-inspiratio-profanus-digicd\/","title":{"rendered":"DIMMU BORGIR &#8211; inspiratio profanus DigiCD"},"content":{"rendered":"<p>digipak cd with 4-page booklet<\/p>\n<p>Nach ihren letzten beiden Erfolgsalben &#8216;Abrahadabra&#8217; und &#8216;Eonian&#8217; und der Remix-Version von &#8216;Puritanical Euphoric Misanthropia&#8217; l\u00e4uten DIMMU BORGIR ihr 30-j\u00e4hriges Verm\u00e4chtnis ein, indem sie zum ersten Mal eine Sammlung ihrer Coversongs zusammen ver\u00f6ffentlichen. &#8216;Inspiratio Profanus&#8217; enth\u00e4lt Coversongs von TWISTED SISTER, DEEP PURPLE, VENOM und elektrisierende Interpretationen der legend\u00e4ren CELTIC FROST, sowie anderer einflussreicher K\u00fcnstler.<\/p>\n<p><strong>Tracks:<\/strong><\/p>\n<ol class=\"tracklisting\">\n<li>Black Metal (Venom cover)<\/li>\n<li>Satan My Master (Bathory cover)<\/li>\n<li>Dead Men Don&#8217;t Rape (G.G.F.H. cover)<\/li>\n<li>Nocturnal Fear (Celtic Frost cover)<\/li>\n<li>Burn in Hell (Twisted Sister cover)<\/li>\n<li>Perfect Strangers (Deep Purple cover)<\/li>\n<li>Metal Heart (Accept cover)<\/li>\n<li>Nocturnal Fear (Celtically Processed, Celtic Frost cover)<\/li>\n<\/ol>\n<p><strong>Genres:<\/strong> Black Metal<\/p>\n<p> <strong>Label:<\/strong> Nuclear Blast Records<\/p>\n<p> <strong>Erscheinungsjahr:<\/strong> 2023<\/p>\n<p> <strong>K\u00fcnstler:<\/strong> DIMMU BORGIR<\/p>\n<p> <strong>Spieldauer:<\/strong> 31:53<\/p>\n<p> <strong>Format:<\/strong> CD<\/p>\n<p> <strong>EAN:<\/strong> 4065629707927<\/p>\n","protected":false},"excerpt":{"rendered":"<p>digipak cd with 4-page booklet Nach ihren letzten beiden Erfolgsalben &#8216;Abrahadabra&#8217; und &#8216;Eonian&#8217; und der Remix-Version von &#8216;Puritanical Euphoric Misanthropia&#8217; l\u00e4uten DIMMU BORGIR ihr 30-j\u00e4hriges Verm\u00e4chtnis ein, indem sie zum ersten Mal eine Sammlung ihrer Coversongs zusammen ver\u00f6ffentlichen. &#8216;Inspiratio Profanus&#8217; enth\u00e4lt Coversongs von TWISTED SISTER, DEEP PURPLE, VENOM und elektrisierende Interpretationen der legend\u00e4ren CELTIC FROST, [&#8230;]\n","protected":false},"featured_media":1831097,"comment_status":"open","ping_status":"closed","template":"","meta":[],"product_cat":[451],"product_tag":[],"class_list":{"0":"post-1831099","1":"product","2":"type-product","3":"status-publish","4":"has-post-thumbnail","6":"product_cat-cd-d","7":"pa_band-dimmu-borgir","8":"pa_productgenre-black-metal","9":"pa_productlabel-nuclear-blast-records","11":"first","12":"instock","13":"taxable","14":"shipping-taxable","15":"purchasable","16":"product-type-simple"},"yoast_head":"<!-- This site is optimized with the Yoast SEO plugin v22.9 - https:\/\/yoast.com\/wordpress\/plugins\/seo\/ -->\n<title>DIMMU BORGIR - inspiratio profanus DigiCD - cudgel | Der ultimative Metal Online Store<\/title>\n<meta name=\"robots\" content=\"index, follow, max-snippet:-1, max-image-preview:large, max-video-preview:-1\" \/>\n<link rel=\"canonical\" href=\"https:\/\/www.cudgel.de\/produkt\/dimmu-borgir-inspiratio-profanus-digicd\/\" \/>\n<meta property=\"og:locale\" content=\"en_US\" \/>\n<meta property=\"og:type\" content=\"article\" \/>\n<meta property=\"og:title\" content=\"DIMMU BORGIR - inspiratio profanus DigiCD - cudgel | Der ultimative Metal Online Store\" \/>\n<meta property=\"og:description\" content=\"digipak cd with 4-page booklet Nach ihren letzten beiden Erfolgsalben &#8216;Abrahadabra&#8217; und &#8216;Eonian&#8217; und der Remix-Version von &#8216;Puritanical Euphoric Misanthropia&#8217; l\u00e4uten DIMMU BORGIR ihr 30-j\u00e4hriges Verm\u00e4chtnis ein, indem sie zum ersten Mal eine Sammlung ihrer Coversongs zusammen ver\u00f6ffentlichen. &#8216;Inspiratio Profanus&#8217; enth\u00e4lt Coversongs von TWISTED SISTER, DEEP PURPLE, VENOM und elektrisierende Interpretationen der legend\u00e4ren CELTIC FROST, [...]\" \/>\n<meta property=\"og:url\" content=\"https:\/\/www.cudgel.de\/produkt\/dimmu-borgir-inspiratio-profanus-digicd\/\" \/>\n<meta property=\"og:site_name\" content=\"cudgel | Der ultimative Metal Online Store\" \/>\n<meta property=\"article:publisher\" content=\"https:\/\/www.facebook.com\/CudgelVertrieb\" \/>\n<meta property=\"article:modified_time\" content=\"2025-12-31T00:59:04+00:00\" \/>\n<meta property=\"og:image\" content=\"https:\/\/www.cudgel.de\/wp-content\/uploads\/2024\/02\/Art221297.jpg\" \/>\n\t<meta property=\"og:image:width\" content=\"500\" \/>\n\t<meta property=\"og:image:height\" content=\"500\" \/>\n\t<meta property=\"og:image:type\" content=\"image\/jpeg\" \/>\n<meta name=\"twitter:card\" content=\"summary_large_image\" \/>\n<meta name=\"twitter:label1\" content=\"Est. reading time\" \/>\n\t<meta name=\"twitter:data1\" content=\"1 minute\" \/>\n<script type=\"application\/ld+json\" class=\"yoast-schema-graph\">{\"@context\":\"https:\/\/schema.org\",\"@graph\":[{\"@type\":\"WebPage\",\"@id\":\"https:\/\/www.cudgel.de\/produkt\/dimmu-borgir-inspiratio-profanus-digicd\/\",\"url\":\"https:\/\/www.cudgel.de\/produkt\/dimmu-borgir-inspiratio-profanus-digicd\/\",\"name\":\"DIMMU BORGIR - inspiratio profanus DigiCD - cudgel | Der ultimative Metal Online Store\",\"isPartOf\":{\"@id\":\"https:\/\/www.cudgel.de\/#website\"},\"primaryImageOfPage\":{\"@id\":\"https:\/\/www.cudgel.de\/produkt\/dimmu-borgir-inspiratio-profanus-digicd\/#primaryimage\"},\"image\":{\"@id\":\"https:\/\/www.cudgel.de\/produkt\/dimmu-borgir-inspiratio-profanus-digicd\/#primaryimage\"},\"thumbnailUrl\":\"https:\/\/www.cudgel.de\/wp-content\/uploads\/2024\/02\/Art221297.jpg\",\"datePublished\":\"2024-02-22T14:24:09+00:00\",\"dateModified\":\"2025-12-31T00:59:04+00:00\",\"breadcrumb\":{\"@id\":\"https:\/\/www.cudgel.de\/produkt\/dimmu-borgir-inspiratio-profanus-digicd\/#breadcrumb\"},\"inLanguage\":\"en-US\",\"potentialAction\":[{\"@type\":\"ReadAction\",\"target\":[\"https:\/\/www.cudgel.de\/produkt\/dimmu-borgir-inspiratio-profanus-digicd\/\"]}]},{\"@type\":\"ImageObject\",\"inLanguage\":\"en-US\",\"@id\":\"https:\/\/www.cudgel.de\/produkt\/dimmu-borgir-inspiratio-profanus-digicd\/#primaryimage\",\"url\":\"https:\/\/www.cudgel.de\/wp-content\/uploads\/2024\/02\/Art221297.jpg\",\"contentUrl\":\"https:\/\/www.cudgel.de\/wp-content\/uploads\/2024\/02\/Art221297.jpg\",\"width\":500,\"height\":500},{\"@type\":\"BreadcrumbList\",\"@id\":\"https:\/\/www.cudgel.de\/produkt\/dimmu-borgir-inspiratio-profanus-digicd\/#breadcrumb\",\"itemListElement\":[{\"@type\":\"ListItem\",\"position\":1,\"name\":\"Home\",\"item\":\"https:\/\/www.cudgel.de\/en\/\"},{\"@type\":\"ListItem\",\"position\":2,\"name\":\"Shop\",\"item\":\"https:\/\/www.cudgel.de\/en\/shop\/\"},{\"@type\":\"ListItem\",\"position\":3,\"name\":\"DIMMU BORGIR &#8211; inspiratio profanus DigiCD\"}]},{\"@type\":\"WebSite\",\"@id\":\"https:\/\/www.cudgel.de\/#website\",\"url\":\"https:\/\/www.cudgel.de\/\",\"name\":\"cudgel | Der ultimative Metal Online Store\",\"description\":\"Eine weitere WordPress-Website\",\"publisher\":{\"@id\":\"https:\/\/www.cudgel.de\/#organization\"},\"potentialAction\":[{\"@type\":\"SearchAction\",\"target\":{\"@type\":\"EntryPoint\",\"urlTemplate\":\"https:\/\/www.cudgel.de\/?s={search_term_string}\"},\"query-input\":\"required name=search_term_string\"}],\"inLanguage\":\"en-US\"},{\"@type\":\"Organization\",\"@id\":\"https:\/\/www.cudgel.de\/#organization\",\"name\":\"cudgel | Der ultimative Metal Online Store\",\"url\":\"https:\/\/www.cudgel.de\/\",\"logo\":{\"@type\":\"ImageObject\",\"inLanguage\":\"en-US\",\"@id\":\"https:\/\/www.cudgel.de\/#\/schema\/logo\/image\/\",\"url\":\"https:\/\/www.cudgel.de\/wp-content\/uploads\/2024\/06\/cudgel-logo-neu-1-1400x419png.webp\",\"contentUrl\":\"https:\/\/www.cudgel.de\/wp-content\/uploads\/2024\/06\/cudgel-logo-neu-1-1400x419png.webp\",\"width\":1400,\"height\":419,\"caption\":\"cudgel | Der ultimative Metal Online Store\"},\"image\":{\"@id\":\"https:\/\/www.cudgel.de\/#\/schema\/logo\/image\/\"},\"sameAs\":[\"https:\/\/www.facebook.com\/CudgelVertrieb\"]}]}<\/script>\n<!-- \/ Yoast SEO plugin. -->","yoast_head_json":{"title":"DIMMU BORGIR - inspiratio profanus DigiCD - cudgel | Der ultimative Metal Online Store","robots":{"index":"index","follow":"follow","max-snippet":"max-snippet:-1","max-image-preview":"max-image-preview:large","max-video-preview":"max-video-preview:-1"},"canonical":"https:\/\/www.cudgel.de\/produkt\/dimmu-borgir-inspiratio-profanus-digicd\/","og_locale":"en_US","og_type":"article","og_title":"DIMMU BORGIR - inspiratio profanus DigiCD - cudgel | Der ultimative Metal Online Store","og_description":"digipak cd with 4-page booklet Nach ihren letzten beiden Erfolgsalben &#8216;Abrahadabra&#8217; und &#8216;Eonian&#8217; und der Remix-Version von &#8216;Puritanical Euphoric Misanthropia&#8217; l\u00e4uten DIMMU BORGIR ihr 30-j\u00e4hriges Verm\u00e4chtnis ein, indem sie zum ersten Mal eine Sammlung ihrer Coversongs zusammen ver\u00f6ffentlichen. &#8216;Inspiratio Profanus&#8217; enth\u00e4lt Coversongs von TWISTED SISTER, DEEP PURPLE, VENOM und elektrisierende Interpretationen der legend\u00e4ren CELTIC FROST, [...]","og_url":"https:\/\/www.cudgel.de\/produkt\/dimmu-borgir-inspiratio-profanus-digicd\/","og_site_name":"cudgel | Der ultimative Metal Online Store","article_publisher":"https:\/\/www.facebook.com\/CudgelVertrieb","article_modified_time":"2025-12-31T00:59:04+00:00","og_image":[{"width":500,"height":500,"url":"https:\/\/www.cudgel.de\/wp-content\/uploads\/2024\/02\/Art221297.jpg","type":"image\/jpeg"}],"twitter_card":"summary_large_image","twitter_misc":{"Est. reading time":"1 minute"},"schema":{"@context":"https:\/\/schema.org","@graph":[{"@type":"WebPage","@id":"https:\/\/www.cudgel.de\/produkt\/dimmu-borgir-inspiratio-profanus-digicd\/","url":"https:\/\/www.cudgel.de\/produkt\/dimmu-borgir-inspiratio-profanus-digicd\/","name":"DIMMU BORGIR - inspiratio profanus DigiCD - cudgel | Der ultimative Metal Online Store","isPartOf":{"@id":"https:\/\/www.cudgel.de\/#website"},"primaryImageOfPage":{"@id":"https:\/\/www.cudgel.de\/produkt\/dimmu-borgir-inspiratio-profanus-digicd\/#primaryimage"},"image":{"@id":"https:\/\/www.cudgel.de\/produkt\/dimmu-borgir-inspiratio-profanus-digicd\/#primaryimage"},"thumbnailUrl":"https:\/\/www.cudgel.de\/wp-content\/uploads\/2024\/02\/Art221297.jpg","datePublished":"2024-02-22T14:24:09+00:00","dateModified":"2025-12-31T00:59:04+00:00","breadcrumb":{"@id":"https:\/\/www.cudgel.de\/produkt\/dimmu-borgir-inspiratio-profanus-digicd\/#breadcrumb"},"inLanguage":"en-US","potentialAction":[{"@type":"ReadAction","target":["https:\/\/www.cudgel.de\/produkt\/dimmu-borgir-inspiratio-profanus-digicd\/"]}]},{"@type":"ImageObject","inLanguage":"en-US","@id":"https:\/\/www.cudgel.de\/produkt\/dimmu-borgir-inspiratio-profanus-digicd\/#primaryimage","url":"https:\/\/www.cudgel.de\/wp-content\/uploads\/2024\/02\/Art221297.jpg","contentUrl":"https:\/\/www.cudgel.de\/wp-content\/uploads\/2024\/02\/Art221297.jpg","width":500,"height":500},{"@type":"BreadcrumbList","@id":"https:\/\/www.cudgel.de\/produkt\/dimmu-borgir-inspiratio-profanus-digicd\/#breadcrumb","itemListElement":[{"@type":"ListItem","position":1,"name":"Home","item":"https:\/\/www.cudgel.de\/en\/"},{"@type":"ListItem","position":2,"name":"Shop","item":"https:\/\/www.cudgel.de\/en\/shop\/"},{"@type":"ListItem","position":3,"name":"DIMMU BORGIR &#8211; inspiratio profanus DigiCD"}]},{"@type":"WebSite","@id":"https:\/\/www.cudgel.de\/#website","url":"https:\/\/www.cudgel.de\/","name":"cudgel | Der ultimative Metal Online Store","description":"Eine weitere WordPress-Website","publisher":{"@id":"https:\/\/www.cudgel.de\/#organization"},"potentialAction":[{"@type":"SearchAction","target":{"@type":"EntryPoint","urlTemplate":"https:\/\/www.cudgel.de\/?s={search_term_string}"},"query-input":"required name=search_term_string"}],"inLanguage":"en-US"},{"@type":"Organization","@id":"https:\/\/www.cudgel.de\/#organization","name":"cudgel | Der ultimative Metal Online Store","url":"https:\/\/www.cudgel.de\/","logo":{"@type":"ImageObject","inLanguage":"en-US","@id":"https:\/\/www.cudgel.de\/#\/schema\/logo\/image\/","url":"https:\/\/www.cudgel.de\/wp-content\/uploads\/2024\/06\/cudgel-logo-neu-1-1400x419png.webp","contentUrl":"https:\/\/www.cudgel.de\/wp-content\/uploads\/2024\/06\/cudgel-logo-neu-1-1400x419png.webp","width":1400,"height":419,"caption":"cudgel | Der ultimative Metal Online Store"},"image":{"@id":"https:\/\/www.cudgel.de\/#\/schema\/logo\/image\/"},"sameAs":["https:\/\/www.facebook.com\/CudgelVertrieb"]}]}},"_links":{"self":[{"href":"https:\/\/www.cudgel.de\/en\/wp-json\/wp\/v2\/product\/1831099","targetHints":{"allow":["GET"]}}],"collection":[{"href":"https:\/\/www.cudgel.de\/en\/wp-json\/wp\/v2\/product"}],"about":[{"href":"https:\/\/www.cudgel.de\/en\/wp-json\/wp\/v2\/types\/product"}],"replies":[{"embeddable":true,"href":"https:\/\/www.cudgel.de\/en\/wp-json\/wp\/v2\/comments?post=1831099"}],"wp:featuredmedia":[{"embeddable":true,"href":"https:\/\/www.cudgel.de\/en\/wp-json\/wp\/v2\/media\/1831097"}],"wp:attachment":[{"href":"https:\/\/www.cudgel.de\/en\/wp-json\/wp\/v2\/media?parent=1831099"}],"wp:term":[{"taxonomy":"product_cat","embeddable":true,"href":"https:\/\/www.cudgel.de\/en\/wp-json\/wp\/v2\/product_cat?post=1831099"},{"taxonomy":"product_tag","embeddable":true,"href":"https:\/\/www.cudgel.de\/en\/wp-json\/wp\/v2\/product_tag?post=1831099"}],"curies":[{"name":"wp","href":"https:\/\/api.w.org\/{rel}","templated":true}]}}