{"id":1877287,"date":"2024-03-21T12:22:15","date_gmt":"2024-03-21T11:22:15","guid":{"rendered":"https:\/\/www.cudgel.de\/produkt\/october-tide-the-cancer-pledge-lp-black\/"},"modified":"2025-12-31T02:30:25","modified_gmt":"2025-12-31T01:30:25","slug":"october-tide-the-cancer-pledge-lp-black","status":"publish","type":"product","link":"https:\/\/www.cudgel.de\/en\/product\/october-tide-the-cancer-pledge-lp-black\/","title":{"rendered":"OCTOBER TIDE &#8211; the cancer pledge LP black"},"content":{"rendered":"<p>Recent output has seen OCTOBER TIDE tone down on the doom particle, and throw the listener in a colder embrace of a melodic death metal rainstorm. This trend remains consistent on &#8220;The Cancer Pledge&#8221;, and overlaps with the direction spearheaded by guitarist Fredrik Norrman (ex-Katatonia, ex-Trees Of Eternity, Thenighttimeproject), keen on rejuvenating OCTOBER TIDE with a touch of the past. &#8220;It&#8217;s a direct continuation of the previous album,&#8221; states Norrman. &#8220;Less doom and more death metal, yet melodic and with more layers. I\u0092ve searched for inspiration in records I listened to in the 80\u0092s and 90\u0092s when I grew up. But it still sounds like October Tide.&#8221;<\/p>\n<p>The sound of OCTOBER TIDE, aside from being doom intertwined melodeath, is fronted by emotionally compelling guitarwork, known to subside into melancholic and introspective tones. Even though the band has shapeshifted over the years &#8211; starting off as a duo of Katatonia fame musicians, Fredrik Norrman and Jonas Renske, back in 1994 &#8211; it has retained and evolved its trademark formula. The present-day line-up, intact since 2016, features said guitarist &amp; founder Fredrik Norrman, second guitarist &amp; Fredrik&#8217;s brother Mattias Norrman (ex-Katatonia), vocalist Alexander H\u00f6gbom (ex-Demonical), bassist Johan J\u00f6nseg\u00e5rd (Letters From The Colony) and drummer Jonas Sk\u00f6ld (Letters From The Colony \/ Thenighttimeproject).<\/p>\n<p>&#8220;The Cancer Pledge&#8221; was recorded and produced in 2023 by OCTOBER TIDE and Karl Daniel Lid\u00e9n (Bloodbath, Katatonia). The latter mixed and master the album, whose cover artwork was designed by Albin H\u00f6gbom.  <\/p>\n<p>lim. black vinyl <\/p>\n<p><strong>Tracks:<\/strong><\/p>\n<ol class=\"tracklisting\">\n<li>Peaceful, Quiet, Safe<\/li>\n<li>Tapestry of Our End<\/li>\n<li>Unprecedented Aggression<\/li>\n<li>Blodfattig<\/li>\n<li>The Cancer Pledge<\/li>\n<li>I Know Why I&#8217;m Cold<\/li>\n<li>Season of Arson<\/li>\n<li>Breathe the Water<\/li>\n<\/ol>\n<p><strong>Genres:<\/strong> Doom Metal, Death Metal<\/p>\n","protected":false},"excerpt":{"rendered":"<p>Recent output has seen OCTOBER TIDE tone down on the doom particle, and throw the listener in a colder embrace of a melodic death metal rainstorm. This trend remains consistent on &#8220;The Cancer Pledge&#8221;, and overlaps with the direction spearheaded by guitarist Fredrik Norrman (ex-Katatonia, ex-Trees Of Eternity, Thenighttimeproject), keen on rejuvenating OCTOBER TIDE with [&#8230;]\n","protected":false},"featured_media":1877285,"comment_status":"open","ping_status":"closed","template":"","meta":[],"product_cat":[439],"product_tag":[],"class_list":{"0":"post-1877287","1":"product","2":"type-product","3":"status-publish","4":"has-post-thumbnail","6":"product_cat-vinyl-o-q","7":"pa_band-october-tide","8":"pa_productgenre-death-metal","9":"pa_productgenre-doom-metal","10":"pa_productlabel-agonia-records","12":"first","13":"instock","14":"taxable","15":"shipping-taxable","16":"purchasable","17":"product-type-simple"},"yoast_head":"<!-- This site is optimized with the Yoast SEO plugin v22.9 - https:\/\/yoast.com\/wordpress\/plugins\/seo\/ -->\n<title>OCTOBER TIDE - the cancer pledge LP black - cudgel | Der ultimative Metal Online Store<\/title>\n<meta name=\"robots\" content=\"index, follow, max-snippet:-1, max-image-preview:large, max-video-preview:-1\" \/>\n<link rel=\"canonical\" href=\"https:\/\/www.cudgel.de\/produkt\/october-tide-the-cancer-pledge-lp-black\/\" \/>\n<meta property=\"og:locale\" content=\"en_US\" \/>\n<meta property=\"og:type\" content=\"article\" \/>\n<meta property=\"og:title\" content=\"OCTOBER TIDE - the cancer pledge LP black - cudgel | Der ultimative Metal Online Store\" \/>\n<meta property=\"og:description\" content=\"Recent output has seen OCTOBER TIDE tone down on the doom particle, and throw the listener in a colder embrace of a melodic death metal rainstorm. This trend remains consistent on &#8220;The Cancer Pledge&#8221;, and overlaps with the direction spearheaded by guitarist Fredrik Norrman (ex-Katatonia, ex-Trees Of Eternity, Thenighttimeproject), keen on rejuvenating OCTOBER TIDE with [...]\" \/>\n<meta property=\"og:url\" content=\"https:\/\/www.cudgel.de\/produkt\/october-tide-the-cancer-pledge-lp-black\/\" \/>\n<meta property=\"og:site_name\" content=\"cudgel | Der ultimative Metal Online Store\" \/>\n<meta property=\"article:publisher\" content=\"https:\/\/www.facebook.com\/CudgelVertrieb\" \/>\n<meta property=\"article:modified_time\" content=\"2025-12-31T01:30:25+00:00\" \/>\n<meta property=\"og:image\" content=\"https:\/\/www.cudgel.de\/wp-content\/uploads\/2024\/03\/Art109741-1.jpg\" \/>\n\t<meta property=\"og:image:width\" content=\"1000\" \/>\n\t<meta property=\"og:image:height\" content=\"1000\" \/>\n\t<meta property=\"og:image:type\" content=\"image\/jpeg\" \/>\n<meta name=\"twitter:card\" content=\"summary_large_image\" \/>\n<meta name=\"twitter:label1\" content=\"Est. reading time\" \/>\n\t<meta name=\"twitter:data1\" content=\"1 minute\" \/>\n<script type=\"application\/ld+json\" class=\"yoast-schema-graph\">{\"@context\":\"https:\/\/schema.org\",\"@graph\":[{\"@type\":\"WebPage\",\"@id\":\"https:\/\/www.cudgel.de\/produkt\/october-tide-the-cancer-pledge-lp-black\/\",\"url\":\"https:\/\/www.cudgel.de\/produkt\/october-tide-the-cancer-pledge-lp-black\/\",\"name\":\"OCTOBER TIDE - the cancer pledge LP black - cudgel | Der ultimative Metal Online Store\",\"isPartOf\":{\"@id\":\"https:\/\/www.cudgel.de\/#website\"},\"primaryImageOfPage\":{\"@id\":\"https:\/\/www.cudgel.de\/produkt\/october-tide-the-cancer-pledge-lp-black\/#primaryimage\"},\"image\":{\"@id\":\"https:\/\/www.cudgel.de\/produkt\/october-tide-the-cancer-pledge-lp-black\/#primaryimage\"},\"thumbnailUrl\":\"https:\/\/www.cudgel.de\/wp-content\/uploads\/2024\/03\/Art109741-1.jpg\",\"datePublished\":\"2024-03-21T11:22:15+00:00\",\"dateModified\":\"2025-12-31T01:30:25+00:00\",\"breadcrumb\":{\"@id\":\"https:\/\/www.cudgel.de\/produkt\/october-tide-the-cancer-pledge-lp-black\/#breadcrumb\"},\"inLanguage\":\"en-US\",\"potentialAction\":[{\"@type\":\"ReadAction\",\"target\":[\"https:\/\/www.cudgel.de\/produkt\/october-tide-the-cancer-pledge-lp-black\/\"]}]},{\"@type\":\"ImageObject\",\"inLanguage\":\"en-US\",\"@id\":\"https:\/\/www.cudgel.de\/produkt\/october-tide-the-cancer-pledge-lp-black\/#primaryimage\",\"url\":\"https:\/\/www.cudgel.de\/wp-content\/uploads\/2024\/03\/Art109741-1.jpg\",\"contentUrl\":\"https:\/\/www.cudgel.de\/wp-content\/uploads\/2024\/03\/Art109741-1.jpg\",\"width\":1000,\"height\":1000},{\"@type\":\"BreadcrumbList\",\"@id\":\"https:\/\/www.cudgel.de\/produkt\/october-tide-the-cancer-pledge-lp-black\/#breadcrumb\",\"itemListElement\":[{\"@type\":\"ListItem\",\"position\":1,\"name\":\"Home\",\"item\":\"https:\/\/www.cudgel.de\/en\/\"},{\"@type\":\"ListItem\",\"position\":2,\"name\":\"Shop\",\"item\":\"https:\/\/www.cudgel.de\/en\/shop\/\"},{\"@type\":\"ListItem\",\"position\":3,\"name\":\"OCTOBER TIDE &#8211; the cancer pledge LP black\"}]},{\"@type\":\"WebSite\",\"@id\":\"https:\/\/www.cudgel.de\/#website\",\"url\":\"https:\/\/www.cudgel.de\/\",\"name\":\"cudgel | Der ultimative Metal Online Store\",\"description\":\"Eine weitere WordPress-Website\",\"publisher\":{\"@id\":\"https:\/\/www.cudgel.de\/#organization\"},\"potentialAction\":[{\"@type\":\"SearchAction\",\"target\":{\"@type\":\"EntryPoint\",\"urlTemplate\":\"https:\/\/www.cudgel.de\/?s={search_term_string}\"},\"query-input\":\"required name=search_term_string\"}],\"inLanguage\":\"en-US\"},{\"@type\":\"Organization\",\"@id\":\"https:\/\/www.cudgel.de\/#organization\",\"name\":\"cudgel | Der ultimative Metal Online Store\",\"url\":\"https:\/\/www.cudgel.de\/\",\"logo\":{\"@type\":\"ImageObject\",\"inLanguage\":\"en-US\",\"@id\":\"https:\/\/www.cudgel.de\/#\/schema\/logo\/image\/\",\"url\":\"https:\/\/www.cudgel.de\/wp-content\/uploads\/2024\/06\/cudgel-logo-neu-1-1400x419png.webp\",\"contentUrl\":\"https:\/\/www.cudgel.de\/wp-content\/uploads\/2024\/06\/cudgel-logo-neu-1-1400x419png.webp\",\"width\":1400,\"height\":419,\"caption\":\"cudgel | Der ultimative Metal Online Store\"},\"image\":{\"@id\":\"https:\/\/www.cudgel.de\/#\/schema\/logo\/image\/\"},\"sameAs\":[\"https:\/\/www.facebook.com\/CudgelVertrieb\"]}]}<\/script>\n<!-- \/ Yoast SEO plugin. -->","yoast_head_json":{"title":"OCTOBER TIDE - the cancer pledge LP black - cudgel | Der ultimative Metal Online Store","robots":{"index":"index","follow":"follow","max-snippet":"max-snippet:-1","max-image-preview":"max-image-preview:large","max-video-preview":"max-video-preview:-1"},"canonical":"https:\/\/www.cudgel.de\/produkt\/october-tide-the-cancer-pledge-lp-black\/","og_locale":"en_US","og_type":"article","og_title":"OCTOBER TIDE - the cancer pledge LP black - cudgel | Der ultimative Metal Online Store","og_description":"Recent output has seen OCTOBER TIDE tone down on the doom particle, and throw the listener in a colder embrace of a melodic death metal rainstorm. This trend remains consistent on &#8220;The Cancer Pledge&#8221;, and overlaps with the direction spearheaded by guitarist Fredrik Norrman (ex-Katatonia, ex-Trees Of Eternity, Thenighttimeproject), keen on rejuvenating OCTOBER TIDE with [...]","og_url":"https:\/\/www.cudgel.de\/produkt\/october-tide-the-cancer-pledge-lp-black\/","og_site_name":"cudgel | Der ultimative Metal Online Store","article_publisher":"https:\/\/www.facebook.com\/CudgelVertrieb","article_modified_time":"2025-12-31T01:30:25+00:00","og_image":[{"width":1000,"height":1000,"url":"https:\/\/www.cudgel.de\/wp-content\/uploads\/2024\/03\/Art109741-1.jpg","type":"image\/jpeg"}],"twitter_card":"summary_large_image","twitter_misc":{"Est. reading time":"1 minute"},"schema":{"@context":"https:\/\/schema.org","@graph":[{"@type":"WebPage","@id":"https:\/\/www.cudgel.de\/produkt\/october-tide-the-cancer-pledge-lp-black\/","url":"https:\/\/www.cudgel.de\/produkt\/october-tide-the-cancer-pledge-lp-black\/","name":"OCTOBER TIDE - the cancer pledge LP black - cudgel | Der ultimative Metal Online Store","isPartOf":{"@id":"https:\/\/www.cudgel.de\/#website"},"primaryImageOfPage":{"@id":"https:\/\/www.cudgel.de\/produkt\/october-tide-the-cancer-pledge-lp-black\/#primaryimage"},"image":{"@id":"https:\/\/www.cudgel.de\/produkt\/october-tide-the-cancer-pledge-lp-black\/#primaryimage"},"thumbnailUrl":"https:\/\/www.cudgel.de\/wp-content\/uploads\/2024\/03\/Art109741-1.jpg","datePublished":"2024-03-21T11:22:15+00:00","dateModified":"2025-12-31T01:30:25+00:00","breadcrumb":{"@id":"https:\/\/www.cudgel.de\/produkt\/october-tide-the-cancer-pledge-lp-black\/#breadcrumb"},"inLanguage":"en-US","potentialAction":[{"@type":"ReadAction","target":["https:\/\/www.cudgel.de\/produkt\/october-tide-the-cancer-pledge-lp-black\/"]}]},{"@type":"ImageObject","inLanguage":"en-US","@id":"https:\/\/www.cudgel.de\/produkt\/october-tide-the-cancer-pledge-lp-black\/#primaryimage","url":"https:\/\/www.cudgel.de\/wp-content\/uploads\/2024\/03\/Art109741-1.jpg","contentUrl":"https:\/\/www.cudgel.de\/wp-content\/uploads\/2024\/03\/Art109741-1.jpg","width":1000,"height":1000},{"@type":"BreadcrumbList","@id":"https:\/\/www.cudgel.de\/produkt\/october-tide-the-cancer-pledge-lp-black\/#breadcrumb","itemListElement":[{"@type":"ListItem","position":1,"name":"Home","item":"https:\/\/www.cudgel.de\/en\/"},{"@type":"ListItem","position":2,"name":"Shop","item":"https:\/\/www.cudgel.de\/en\/shop\/"},{"@type":"ListItem","position":3,"name":"OCTOBER TIDE &#8211; the cancer pledge LP black"}]},{"@type":"WebSite","@id":"https:\/\/www.cudgel.de\/#website","url":"https:\/\/www.cudgel.de\/","name":"cudgel | Der ultimative Metal Online Store","description":"Eine weitere WordPress-Website","publisher":{"@id":"https:\/\/www.cudgel.de\/#organization"},"potentialAction":[{"@type":"SearchAction","target":{"@type":"EntryPoint","urlTemplate":"https:\/\/www.cudgel.de\/?s={search_term_string}"},"query-input":"required name=search_term_string"}],"inLanguage":"en-US"},{"@type":"Organization","@id":"https:\/\/www.cudgel.de\/#organization","name":"cudgel | Der ultimative Metal Online Store","url":"https:\/\/www.cudgel.de\/","logo":{"@type":"ImageObject","inLanguage":"en-US","@id":"https:\/\/www.cudgel.de\/#\/schema\/logo\/image\/","url":"https:\/\/www.cudgel.de\/wp-content\/uploads\/2024\/06\/cudgel-logo-neu-1-1400x419png.webp","contentUrl":"https:\/\/www.cudgel.de\/wp-content\/uploads\/2024\/06\/cudgel-logo-neu-1-1400x419png.webp","width":1400,"height":419,"caption":"cudgel | Der ultimative Metal Online Store"},"image":{"@id":"https:\/\/www.cudgel.de\/#\/schema\/logo\/image\/"},"sameAs":["https:\/\/www.facebook.com\/CudgelVertrieb"]}]}},"_links":{"self":[{"href":"https:\/\/www.cudgel.de\/en\/wp-json\/wp\/v2\/product\/1877287","targetHints":{"allow":["GET"]}}],"collection":[{"href":"https:\/\/www.cudgel.de\/en\/wp-json\/wp\/v2\/product"}],"about":[{"href":"https:\/\/www.cudgel.de\/en\/wp-json\/wp\/v2\/types\/product"}],"replies":[{"embeddable":true,"href":"https:\/\/www.cudgel.de\/en\/wp-json\/wp\/v2\/comments?post=1877287"}],"wp:featuredmedia":[{"embeddable":true,"href":"https:\/\/www.cudgel.de\/en\/wp-json\/wp\/v2\/media\/1877285"}],"wp:attachment":[{"href":"https:\/\/www.cudgel.de\/en\/wp-json\/wp\/v2\/media?parent=1877287"}],"wp:term":[{"taxonomy":"product_cat","embeddable":true,"href":"https:\/\/www.cudgel.de\/en\/wp-json\/wp\/v2\/product_cat?post=1877287"},{"taxonomy":"product_tag","embeddable":true,"href":"https:\/\/www.cudgel.de\/en\/wp-json\/wp\/v2\/product_tag?post=1877287"}],"curies":[{"name":"wp","href":"https:\/\/api.w.org\/{rel}","templated":true}]}}