{"id":1907800,"date":"2024-04-15T11:14:53","date_gmt":"2024-04-15T09:14:53","guid":{"rendered":"https:\/\/www.cudgel.de\/produkt\/atrae-bilis-aumicide-lp-orange-crush-b3\/"},"modified":"2025-12-31T01:56:57","modified_gmt":"2025-12-31T00:56:57","slug":"atrae-bilis-aumicide-lp-orange-crush-b3","status":"publish","type":"product","link":"https:\/\/www.cudgel.de\/en\/product\/atrae-bilis-aumicide-lp-orange-crush-b3\/","title":{"rendered":"ATRAE BILIS &#8211; aumicide LP orange crush (B3)"},"content":{"rendered":"<p>lim. orange crush (B3) vinyl<\/p>\n<p>Wie alle Bands, die unterschiedliche Auspr\u00e4gungen des Metal vereinen, lassen sich auch Atr\u00e6 Bilis aus Vancouver nicht so leicht in eine Schublade stecken. Death Metal, atmosph\u00e4rische Dissonanz, technische Brutalit\u00e4t und vieles mehr werden in den Fleischwolf geworfen und verschmelzen auf wunderbare und verst\u00f6rende Weise zu ihrer eigenen, unverwechselbaren Mischung &#8211; wie eine perfekt funktionierende, innovative Maschine.<\/p>\n<p>Auf dem neuen Album &#8220;Aumicide&#8221;, dem Nachfolger des 2021 erschienenen Deb\u00fcts &#8220;Apexapien&#8221;, haben Atr\u00e6 Bilis den Umfang ihrer verwirrenden Melange aus lodernden Beschw\u00f6rungen noch einmal deutlich erweitert. Die Band, die sowohl dr\u00fcckend direkt als auch glatt und organisch klingt, sprengt alle Grenzen, indem sie Cyberdyne-Slams, mystische Unergr\u00fcndlichkeit und ungez\u00fcgelte neue Ausma\u00dfe bei den Vocals einf\u00fchrt. Konzeptuell ebenso engagiert wie technisch versiert, erz\u00e4hlt &#8220;Aumicide&#8221; von einem Testexemplar, das Experimenten zur Glaubensentfernung unterzogen wird, indem es durch H\u00f6llensimulationen gezwungen wird, um das Selbst vom Multiversum zu trennen &#8211; was zur Entstehung einer neuen \u00c4ra f\u00fchrt; einem Egregor, der durch absolute Gottlosigkeit erzeugt wird.<\/p>\n<p>Produziert, produziert, gemischt und gemastert von Christian Donaldson von Cryptopsy, katapultiert die massive Produktion von &#8220;Aumicide&#8221; die kanadische Power zu ungeahnten Extremen. Das Ergebnis ist eine der ambitioniertesten Underground-Ver\u00f6ffentlichungen des Jahres 2024, die das oft r\u00fcckw\u00e4rtsgewandte Death Metal-Genre unbeirrt in eine weitaus erschreckendere Zukunft katapultiert.<\/p>\n<p>&#8211; FFO: Ulcerate, Suffocation, Cryptopsy, Neuraxis, Beyond Creation, Gorguts, Afterbirth, Deeds Of Flesh, Dying Fetus, Decapitated, Circle of Dead Children<\/p>\n<p><strong>Tracks:<\/strong><\/p>\n<ol class=\"tracklisting\">\n<li>Protoxenesis<\/li>\n<li>Hell Simulation<\/li>\n<li>Salted In Stygia<\/li>\n<li>Inward To Abraxas<\/li>\n<li>To Snuff The Spirit Guides<\/li>\n<li>Aumicide<\/li>\n<li>A Kingdom Of Cortisol<\/li>\n<li>Monolith Aflame<\/li>\n<li>Through The Hologram&#8217;s Cervix<\/li>\n<li>Excruciate Incarnate<\/li>\n<\/ol>\n<p><strong>Genres:<\/strong> Death Metal, Black Metal, Tech Death<\/p>\n","protected":false},"excerpt":{"rendered":"<p>lim. orange crush (B3) vinyl Wie alle Bands, die unterschiedliche Auspr\u00e4gungen des Metal vereinen, lassen sich auch Atr\u00e6 Bilis aus Vancouver nicht so leicht in eine Schublade stecken. Death Metal, atmosph\u00e4rische Dissonanz, technische Brutalit\u00e4t und vieles mehr werden in den Fleischwolf geworfen und verschmelzen auf wunderbare und verst\u00f6rende Weise zu ihrer eigenen, unverwechselbaren Mischung &#8211; [&#8230;]\n","protected":false},"featured_media":1907798,"comment_status":"open","ping_status":"closed","template":"","meta":[],"product_cat":[430],"product_tag":[],"class_list":{"0":"post-1907800","1":"product","2":"type-product","3":"status-publish","4":"has-post-thumbnail","6":"product_cat-vinyl-a","7":"pa_band-atrae-bilis","8":"pa_productgenre-black-metal","9":"pa_productgenre-death-metal","10":"pa_productgenre-tech-death","11":"pa_productlabel-20-buck-spin","13":"first","14":"instock","15":"taxable","16":"shipping-taxable","17":"purchasable","18":"product-type-simple"},"yoast_head":"<!-- This site is optimized with the Yoast SEO plugin v22.9 - https:\/\/yoast.com\/wordpress\/plugins\/seo\/ -->\n<title>ATRAE BILIS - aumicide LP orange crush (B3) - cudgel | Der ultimative Metal Online Store<\/title>\n<meta name=\"robots\" content=\"index, follow, max-snippet:-1, max-image-preview:large, max-video-preview:-1\" \/>\n<link rel=\"canonical\" href=\"https:\/\/www.cudgel.de\/produkt\/atrae-bilis-aumicide-lp-orange-crush-b3\/\" \/>\n<meta property=\"og:locale\" content=\"en_US\" \/>\n<meta property=\"og:type\" content=\"article\" \/>\n<meta property=\"og:title\" content=\"ATRAE BILIS - aumicide LP orange crush (B3) - cudgel | Der ultimative Metal Online Store\" \/>\n<meta property=\"og:description\" content=\"lim. orange crush (B3) vinyl Wie alle Bands, die unterschiedliche Auspr\u00e4gungen des Metal vereinen, lassen sich auch Atr\u00e6 Bilis aus Vancouver nicht so leicht in eine Schublade stecken. Death Metal, atmosph\u00e4rische Dissonanz, technische Brutalit\u00e4t und vieles mehr werden in den Fleischwolf geworfen und verschmelzen auf wunderbare und verst\u00f6rende Weise zu ihrer eigenen, unverwechselbaren Mischung &#8211; [...]\" \/>\n<meta property=\"og:url\" content=\"https:\/\/www.cudgel.de\/produkt\/atrae-bilis-aumicide-lp-orange-crush-b3\/\" \/>\n<meta property=\"og:site_name\" content=\"cudgel | Der ultimative Metal Online Store\" \/>\n<meta property=\"article:publisher\" content=\"https:\/\/www.facebook.com\/CudgelVertrieb\" \/>\n<meta property=\"article:modified_time\" content=\"2025-12-31T00:56:57+00:00\" \/>\n<meta property=\"og:image\" content=\"https:\/\/www.cudgel.de\/wp-content\/uploads\/2024\/04\/Art109790.jpg\" \/>\n\t<meta property=\"og:image:width\" content=\"1500\" \/>\n\t<meta property=\"og:image:height\" content=\"1384\" \/>\n\t<meta property=\"og:image:type\" content=\"image\/jpeg\" \/>\n<meta name=\"twitter:card\" content=\"summary_large_image\" \/>\n<meta name=\"twitter:label1\" content=\"Est. reading time\" \/>\n\t<meta name=\"twitter:data1\" content=\"1 minute\" \/>\n<script type=\"application\/ld+json\" class=\"yoast-schema-graph\">{\"@context\":\"https:\/\/schema.org\",\"@graph\":[{\"@type\":\"WebPage\",\"@id\":\"https:\/\/www.cudgel.de\/produkt\/atrae-bilis-aumicide-lp-orange-crush-b3\/\",\"url\":\"https:\/\/www.cudgel.de\/produkt\/atrae-bilis-aumicide-lp-orange-crush-b3\/\",\"name\":\"ATRAE BILIS - aumicide LP orange crush (B3) - cudgel | Der ultimative Metal Online Store\",\"isPartOf\":{\"@id\":\"https:\/\/www.cudgel.de\/#website\"},\"primaryImageOfPage\":{\"@id\":\"https:\/\/www.cudgel.de\/produkt\/atrae-bilis-aumicide-lp-orange-crush-b3\/#primaryimage\"},\"image\":{\"@id\":\"https:\/\/www.cudgel.de\/produkt\/atrae-bilis-aumicide-lp-orange-crush-b3\/#primaryimage\"},\"thumbnailUrl\":\"https:\/\/www.cudgel.de\/wp-content\/uploads\/2024\/04\/Art109790.jpg\",\"datePublished\":\"2024-04-15T09:14:53+00:00\",\"dateModified\":\"2025-12-31T00:56:57+00:00\",\"breadcrumb\":{\"@id\":\"https:\/\/www.cudgel.de\/produkt\/atrae-bilis-aumicide-lp-orange-crush-b3\/#breadcrumb\"},\"inLanguage\":\"en-US\",\"potentialAction\":[{\"@type\":\"ReadAction\",\"target\":[\"https:\/\/www.cudgel.de\/produkt\/atrae-bilis-aumicide-lp-orange-crush-b3\/\"]}]},{\"@type\":\"ImageObject\",\"inLanguage\":\"en-US\",\"@id\":\"https:\/\/www.cudgel.de\/produkt\/atrae-bilis-aumicide-lp-orange-crush-b3\/#primaryimage\",\"url\":\"https:\/\/www.cudgel.de\/wp-content\/uploads\/2024\/04\/Art109790.jpg\",\"contentUrl\":\"https:\/\/www.cudgel.de\/wp-content\/uploads\/2024\/04\/Art109790.jpg\",\"width\":1500,\"height\":1384},{\"@type\":\"BreadcrumbList\",\"@id\":\"https:\/\/www.cudgel.de\/produkt\/atrae-bilis-aumicide-lp-orange-crush-b3\/#breadcrumb\",\"itemListElement\":[{\"@type\":\"ListItem\",\"position\":1,\"name\":\"Home\",\"item\":\"https:\/\/www.cudgel.de\/en\/\"},{\"@type\":\"ListItem\",\"position\":2,\"name\":\"Shop\",\"item\":\"https:\/\/www.cudgel.de\/en\/shop\/\"},{\"@type\":\"ListItem\",\"position\":3,\"name\":\"ATRAE BILIS &#8211; aumicide LP orange crush (B3)\"}]},{\"@type\":\"WebSite\",\"@id\":\"https:\/\/www.cudgel.de\/#website\",\"url\":\"https:\/\/www.cudgel.de\/\",\"name\":\"cudgel | Der ultimative Metal Online Store\",\"description\":\"Eine weitere WordPress-Website\",\"publisher\":{\"@id\":\"https:\/\/www.cudgel.de\/#organization\"},\"potentialAction\":[{\"@type\":\"SearchAction\",\"target\":{\"@type\":\"EntryPoint\",\"urlTemplate\":\"https:\/\/www.cudgel.de\/?s={search_term_string}\"},\"query-input\":\"required name=search_term_string\"}],\"inLanguage\":\"en-US\"},{\"@type\":\"Organization\",\"@id\":\"https:\/\/www.cudgel.de\/#organization\",\"name\":\"cudgel | Der ultimative Metal Online Store\",\"url\":\"https:\/\/www.cudgel.de\/\",\"logo\":{\"@type\":\"ImageObject\",\"inLanguage\":\"en-US\",\"@id\":\"https:\/\/www.cudgel.de\/#\/schema\/logo\/image\/\",\"url\":\"https:\/\/www.cudgel.de\/wp-content\/uploads\/2024\/06\/cudgel-logo-neu-1-1400x419png.webp\",\"contentUrl\":\"https:\/\/www.cudgel.de\/wp-content\/uploads\/2024\/06\/cudgel-logo-neu-1-1400x419png.webp\",\"width\":1400,\"height\":419,\"caption\":\"cudgel | Der ultimative Metal Online Store\"},\"image\":{\"@id\":\"https:\/\/www.cudgel.de\/#\/schema\/logo\/image\/\"},\"sameAs\":[\"https:\/\/www.facebook.com\/CudgelVertrieb\"]}]}<\/script>\n<!-- \/ Yoast SEO plugin. -->","yoast_head_json":{"title":"ATRAE BILIS - aumicide LP orange crush (B3) - cudgel | Der ultimative Metal Online Store","robots":{"index":"index","follow":"follow","max-snippet":"max-snippet:-1","max-image-preview":"max-image-preview:large","max-video-preview":"max-video-preview:-1"},"canonical":"https:\/\/www.cudgel.de\/produkt\/atrae-bilis-aumicide-lp-orange-crush-b3\/","og_locale":"en_US","og_type":"article","og_title":"ATRAE BILIS - aumicide LP orange crush (B3) - cudgel | Der ultimative Metal Online Store","og_description":"lim. orange crush (B3) vinyl Wie alle Bands, die unterschiedliche Auspr\u00e4gungen des Metal vereinen, lassen sich auch Atr\u00e6 Bilis aus Vancouver nicht so leicht in eine Schublade stecken. Death Metal, atmosph\u00e4rische Dissonanz, technische Brutalit\u00e4t und vieles mehr werden in den Fleischwolf geworfen und verschmelzen auf wunderbare und verst\u00f6rende Weise zu ihrer eigenen, unverwechselbaren Mischung &#8211; [...]","og_url":"https:\/\/www.cudgel.de\/produkt\/atrae-bilis-aumicide-lp-orange-crush-b3\/","og_site_name":"cudgel | Der ultimative Metal Online Store","article_publisher":"https:\/\/www.facebook.com\/CudgelVertrieb","article_modified_time":"2025-12-31T00:56:57+00:00","og_image":[{"width":1500,"height":1384,"url":"https:\/\/www.cudgel.de\/wp-content\/uploads\/2024\/04\/Art109790.jpg","type":"image\/jpeg"}],"twitter_card":"summary_large_image","twitter_misc":{"Est. reading time":"1 minute"},"schema":{"@context":"https:\/\/schema.org","@graph":[{"@type":"WebPage","@id":"https:\/\/www.cudgel.de\/produkt\/atrae-bilis-aumicide-lp-orange-crush-b3\/","url":"https:\/\/www.cudgel.de\/produkt\/atrae-bilis-aumicide-lp-orange-crush-b3\/","name":"ATRAE BILIS - aumicide LP orange crush (B3) - cudgel | Der ultimative Metal Online Store","isPartOf":{"@id":"https:\/\/www.cudgel.de\/#website"},"primaryImageOfPage":{"@id":"https:\/\/www.cudgel.de\/produkt\/atrae-bilis-aumicide-lp-orange-crush-b3\/#primaryimage"},"image":{"@id":"https:\/\/www.cudgel.de\/produkt\/atrae-bilis-aumicide-lp-orange-crush-b3\/#primaryimage"},"thumbnailUrl":"https:\/\/www.cudgel.de\/wp-content\/uploads\/2024\/04\/Art109790.jpg","datePublished":"2024-04-15T09:14:53+00:00","dateModified":"2025-12-31T00:56:57+00:00","breadcrumb":{"@id":"https:\/\/www.cudgel.de\/produkt\/atrae-bilis-aumicide-lp-orange-crush-b3\/#breadcrumb"},"inLanguage":"en-US","potentialAction":[{"@type":"ReadAction","target":["https:\/\/www.cudgel.de\/produkt\/atrae-bilis-aumicide-lp-orange-crush-b3\/"]}]},{"@type":"ImageObject","inLanguage":"en-US","@id":"https:\/\/www.cudgel.de\/produkt\/atrae-bilis-aumicide-lp-orange-crush-b3\/#primaryimage","url":"https:\/\/www.cudgel.de\/wp-content\/uploads\/2024\/04\/Art109790.jpg","contentUrl":"https:\/\/www.cudgel.de\/wp-content\/uploads\/2024\/04\/Art109790.jpg","width":1500,"height":1384},{"@type":"BreadcrumbList","@id":"https:\/\/www.cudgel.de\/produkt\/atrae-bilis-aumicide-lp-orange-crush-b3\/#breadcrumb","itemListElement":[{"@type":"ListItem","position":1,"name":"Home","item":"https:\/\/www.cudgel.de\/en\/"},{"@type":"ListItem","position":2,"name":"Shop","item":"https:\/\/www.cudgel.de\/en\/shop\/"},{"@type":"ListItem","position":3,"name":"ATRAE BILIS &#8211; aumicide LP orange crush (B3)"}]},{"@type":"WebSite","@id":"https:\/\/www.cudgel.de\/#website","url":"https:\/\/www.cudgel.de\/","name":"cudgel | Der ultimative Metal Online Store","description":"Eine weitere WordPress-Website","publisher":{"@id":"https:\/\/www.cudgel.de\/#organization"},"potentialAction":[{"@type":"SearchAction","target":{"@type":"EntryPoint","urlTemplate":"https:\/\/www.cudgel.de\/?s={search_term_string}"},"query-input":"required name=search_term_string"}],"inLanguage":"en-US"},{"@type":"Organization","@id":"https:\/\/www.cudgel.de\/#organization","name":"cudgel | Der ultimative Metal Online Store","url":"https:\/\/www.cudgel.de\/","logo":{"@type":"ImageObject","inLanguage":"en-US","@id":"https:\/\/www.cudgel.de\/#\/schema\/logo\/image\/","url":"https:\/\/www.cudgel.de\/wp-content\/uploads\/2024\/06\/cudgel-logo-neu-1-1400x419png.webp","contentUrl":"https:\/\/www.cudgel.de\/wp-content\/uploads\/2024\/06\/cudgel-logo-neu-1-1400x419png.webp","width":1400,"height":419,"caption":"cudgel | Der ultimative Metal Online Store"},"image":{"@id":"https:\/\/www.cudgel.de\/#\/schema\/logo\/image\/"},"sameAs":["https:\/\/www.facebook.com\/CudgelVertrieb"]}]}},"_links":{"self":[{"href":"https:\/\/www.cudgel.de\/en\/wp-json\/wp\/v2\/product\/1907800","targetHints":{"allow":["GET"]}}],"collection":[{"href":"https:\/\/www.cudgel.de\/en\/wp-json\/wp\/v2\/product"}],"about":[{"href":"https:\/\/www.cudgel.de\/en\/wp-json\/wp\/v2\/types\/product"}],"replies":[{"embeddable":true,"href":"https:\/\/www.cudgel.de\/en\/wp-json\/wp\/v2\/comments?post=1907800"}],"wp:featuredmedia":[{"embeddable":true,"href":"https:\/\/www.cudgel.de\/en\/wp-json\/wp\/v2\/media\/1907798"}],"wp:attachment":[{"href":"https:\/\/www.cudgel.de\/en\/wp-json\/wp\/v2\/media?parent=1907800"}],"wp:term":[{"taxonomy":"product_cat","embeddable":true,"href":"https:\/\/www.cudgel.de\/en\/wp-json\/wp\/v2\/product_cat?post=1907800"},{"taxonomy":"product_tag","embeddable":true,"href":"https:\/\/www.cudgel.de\/en\/wp-json\/wp\/v2\/product_tag?post=1907800"}],"curies":[{"name":"wp","href":"https:\/\/api.w.org\/{rel}","templated":true}]}}