{"id":1915921,"date":"2024-04-22T13:03:31","date_gmt":"2024-04-22T11:03:31","guid":{"rendered":"https:\/\/www.cudgel.de\/produkt\/horrendous-ontological-mysteriumdigicd\/"},"modified":"2025-12-31T01:11:15","modified_gmt":"2025-12-31T00:11:15","slug":"horrendous-ontological-mysteriumdigicd","status":"publish","type":"product","link":"https:\/\/www.cudgel.de\/en\/product\/horrendous-ontological-mysteriumdigicd\/","title":{"rendered":"HORRENDOUS &#8211; ontological mysteriumDigiCD"},"content":{"rendered":"<p>Mit &#8220;Ontological Mysterium&#8221; haben HORRENDOUS einen gewaltigen Death-Metal-Thrill-Ride hingelegt! Die schiere Gr\u00f6\u00dfe und Bandbreite ihres neuen Albums ist gewaltig. Die Riffs drehen und wenden sich durch labyrinthische Arrangements und brechen in hochfliegende, melodische Leads aus. Ihr f\u00fcnftes Album &#8220;Ontological Mysterium&#8221; f\u00e4ngt den wahren Geist der goldenen Zeiten des extremen Metals ein. Es klingt zeitlos, markiert aber einen k\u00fchnen Schritt nach vorne f\u00fcr diese aufstrebende Band.<\/p>\n<p>f\u00fcr fans von MORBID ANGEL oder GRAVE MIASMA<\/p>\n<p><strong>Tracks:<\/strong><\/p>\n<ol class=\"tracklisting\">\n<li>The Blaze<\/li>\n<li>Chrysopoeia (The Archaeology Of Dawn)<\/li>\n<li>Neon Leviathan<\/li>\n<li>Aurora Neoterica<\/li>\n<li>Preterition Hymn<\/li>\n<li>Cult Of Shaad&#8217;oah<\/li>\n<li>Exeg(en)esis<\/li>\n<li>Ontological Mysterium<\/li>\n<li>The Death Knell Ringeth<\/li>\n<\/ol>\n<p><strong>Genres:<\/strong> Death Metal<\/p>\n<p> <strong>Label:<\/strong> Season of Mist<\/p>\n<p> <strong>Erscheinungsjahr:<\/strong> 2023<\/p>\n<p> <strong>K\u00fcnstler:<\/strong> HORRENDOUS<\/p>\n<p> <strong>Spieldauer:<\/strong> 37:46<\/p>\n<p> <strong>Format:<\/strong> CD<\/p>\n<p> <strong>EAN:<\/strong> 0822603153125<\/p>\n","protected":false},"excerpt":{"rendered":"<p>Mit &#8220;Ontological Mysterium&#8221; haben HORRENDOUS einen gewaltigen Death-Metal-Thrill-Ride hingelegt! Die schiere Gr\u00f6\u00dfe und Bandbreite ihres neuen Albums ist gewaltig. Die Riffs drehen und wenden sich durch labyrinthische Arrangements und brechen in hochfliegende, melodische Leads aus. Ihr f\u00fcnftes Album &#8220;Ontological Mysterium&#8221; f\u00e4ngt den wahren Geist der goldenen Zeiten des extremen Metals ein. Es klingt zeitlos, markiert [&#8230;]\n","protected":false},"featured_media":1915919,"comment_status":"open","ping_status":"closed","template":"","meta":[],"product_cat":[455],"product_tag":[],"class_list":{"0":"post-1915921","1":"product","2":"type-product","3":"status-publish","4":"has-post-thumbnail","6":"product_cat-cd-h","7":"pa_band-horrendous","8":"pa_productgenre-death-metal","9":"pa_productlabel-season-of-mist","11":"first","12":"instock","13":"taxable","14":"shipping-taxable","15":"purchasable","16":"product-type-simple"},"yoast_head":"<!-- This site is optimized with the Yoast SEO plugin v22.9 - https:\/\/yoast.com\/wordpress\/plugins\/seo\/ -->\n<title>HORRENDOUS - ontological mysteriumDigiCD - cudgel | Der ultimative Metal Online Store<\/title>\n<meta name=\"robots\" content=\"index, follow, max-snippet:-1, max-image-preview:large, max-video-preview:-1\" \/>\n<link rel=\"canonical\" href=\"https:\/\/www.cudgel.de\/produkt\/horrendous-ontological-mysteriumdigicd\/\" \/>\n<meta property=\"og:locale\" content=\"en_US\" \/>\n<meta property=\"og:type\" content=\"article\" \/>\n<meta property=\"og:title\" content=\"HORRENDOUS - ontological mysteriumDigiCD - cudgel | Der ultimative Metal Online Store\" \/>\n<meta property=\"og:description\" content=\"Mit &#8220;Ontological Mysterium&#8221; haben HORRENDOUS einen gewaltigen Death-Metal-Thrill-Ride hingelegt! Die schiere Gr\u00f6\u00dfe und Bandbreite ihres neuen Albums ist gewaltig. Die Riffs drehen und wenden sich durch labyrinthische Arrangements und brechen in hochfliegende, melodische Leads aus. Ihr f\u00fcnftes Album &#8220;Ontological Mysterium&#8221; f\u00e4ngt den wahren Geist der goldenen Zeiten des extremen Metals ein. Es klingt zeitlos, markiert [...]\" \/>\n<meta property=\"og:url\" content=\"https:\/\/www.cudgel.de\/produkt\/horrendous-ontological-mysteriumdigicd\/\" \/>\n<meta property=\"og:site_name\" content=\"cudgel | Der ultimative Metal Online Store\" \/>\n<meta property=\"article:publisher\" content=\"https:\/\/www.facebook.com\/CudgelVertrieb\" \/>\n<meta property=\"article:modified_time\" content=\"2025-12-31T00:11:15+00:00\" \/>\n<meta property=\"og:image\" content=\"https:\/\/www.cudgel.de\/wp-content\/uploads\/2024\/04\/Art220937.jpg\" \/>\n\t<meta property=\"og:image:width\" content=\"1000\" \/>\n\t<meta property=\"og:image:height\" content=\"1000\" \/>\n\t<meta property=\"og:image:type\" content=\"image\/jpeg\" \/>\n<meta name=\"twitter:card\" content=\"summary_large_image\" \/>\n<meta name=\"twitter:label1\" content=\"Est. reading time\" \/>\n\t<meta name=\"twitter:data1\" content=\"1 minute\" \/>\n<script type=\"application\/ld+json\" class=\"yoast-schema-graph\">{\"@context\":\"https:\/\/schema.org\",\"@graph\":[{\"@type\":\"WebPage\",\"@id\":\"https:\/\/www.cudgel.de\/produkt\/horrendous-ontological-mysteriumdigicd\/\",\"url\":\"https:\/\/www.cudgel.de\/produkt\/horrendous-ontological-mysteriumdigicd\/\",\"name\":\"HORRENDOUS - ontological mysteriumDigiCD - cudgel | Der ultimative Metal Online Store\",\"isPartOf\":{\"@id\":\"https:\/\/www.cudgel.de\/#website\"},\"primaryImageOfPage\":{\"@id\":\"https:\/\/www.cudgel.de\/produkt\/horrendous-ontological-mysteriumdigicd\/#primaryimage\"},\"image\":{\"@id\":\"https:\/\/www.cudgel.de\/produkt\/horrendous-ontological-mysteriumdigicd\/#primaryimage\"},\"thumbnailUrl\":\"https:\/\/www.cudgel.de\/wp-content\/uploads\/2024\/04\/Art220937.jpg\",\"datePublished\":\"2024-04-22T11:03:31+00:00\",\"dateModified\":\"2025-12-31T00:11:15+00:00\",\"breadcrumb\":{\"@id\":\"https:\/\/www.cudgel.de\/produkt\/horrendous-ontological-mysteriumdigicd\/#breadcrumb\"},\"inLanguage\":\"en-US\",\"potentialAction\":[{\"@type\":\"ReadAction\",\"target\":[\"https:\/\/www.cudgel.de\/produkt\/horrendous-ontological-mysteriumdigicd\/\"]}]},{\"@type\":\"ImageObject\",\"inLanguage\":\"en-US\",\"@id\":\"https:\/\/www.cudgel.de\/produkt\/horrendous-ontological-mysteriumdigicd\/#primaryimage\",\"url\":\"https:\/\/www.cudgel.de\/wp-content\/uploads\/2024\/04\/Art220937.jpg\",\"contentUrl\":\"https:\/\/www.cudgel.de\/wp-content\/uploads\/2024\/04\/Art220937.jpg\",\"width\":1000,\"height\":1000},{\"@type\":\"BreadcrumbList\",\"@id\":\"https:\/\/www.cudgel.de\/produkt\/horrendous-ontological-mysteriumdigicd\/#breadcrumb\",\"itemListElement\":[{\"@type\":\"ListItem\",\"position\":1,\"name\":\"Home\",\"item\":\"https:\/\/www.cudgel.de\/en\/\"},{\"@type\":\"ListItem\",\"position\":2,\"name\":\"Shop\",\"item\":\"https:\/\/www.cudgel.de\/en\/shop\/\"},{\"@type\":\"ListItem\",\"position\":3,\"name\":\"HORRENDOUS &#8211; ontological mysteriumDigiCD\"}]},{\"@type\":\"WebSite\",\"@id\":\"https:\/\/www.cudgel.de\/#website\",\"url\":\"https:\/\/www.cudgel.de\/\",\"name\":\"cudgel | Der ultimative Metal Online Store\",\"description\":\"Eine weitere WordPress-Website\",\"publisher\":{\"@id\":\"https:\/\/www.cudgel.de\/#organization\"},\"potentialAction\":[{\"@type\":\"SearchAction\",\"target\":{\"@type\":\"EntryPoint\",\"urlTemplate\":\"https:\/\/www.cudgel.de\/?s={search_term_string}\"},\"query-input\":\"required name=search_term_string\"}],\"inLanguage\":\"en-US\"},{\"@type\":\"Organization\",\"@id\":\"https:\/\/www.cudgel.de\/#organization\",\"name\":\"cudgel | Der ultimative Metal Online Store\",\"url\":\"https:\/\/www.cudgel.de\/\",\"logo\":{\"@type\":\"ImageObject\",\"inLanguage\":\"en-US\",\"@id\":\"https:\/\/www.cudgel.de\/#\/schema\/logo\/image\/\",\"url\":\"https:\/\/www.cudgel.de\/wp-content\/uploads\/2024\/06\/cudgel-logo-neu-1-1400x419png.webp\",\"contentUrl\":\"https:\/\/www.cudgel.de\/wp-content\/uploads\/2024\/06\/cudgel-logo-neu-1-1400x419png.webp\",\"width\":1400,\"height\":419,\"caption\":\"cudgel | Der ultimative Metal Online Store\"},\"image\":{\"@id\":\"https:\/\/www.cudgel.de\/#\/schema\/logo\/image\/\"},\"sameAs\":[\"https:\/\/www.facebook.com\/CudgelVertrieb\"]}]}<\/script>\n<!-- \/ Yoast SEO plugin. -->","yoast_head_json":{"title":"HORRENDOUS - ontological mysteriumDigiCD - cudgel | Der ultimative Metal Online Store","robots":{"index":"index","follow":"follow","max-snippet":"max-snippet:-1","max-image-preview":"max-image-preview:large","max-video-preview":"max-video-preview:-1"},"canonical":"https:\/\/www.cudgel.de\/produkt\/horrendous-ontological-mysteriumdigicd\/","og_locale":"en_US","og_type":"article","og_title":"HORRENDOUS - ontological mysteriumDigiCD - cudgel | Der ultimative Metal Online Store","og_description":"Mit &#8220;Ontological Mysterium&#8221; haben HORRENDOUS einen gewaltigen Death-Metal-Thrill-Ride hingelegt! Die schiere Gr\u00f6\u00dfe und Bandbreite ihres neuen Albums ist gewaltig. Die Riffs drehen und wenden sich durch labyrinthische Arrangements und brechen in hochfliegende, melodische Leads aus. Ihr f\u00fcnftes Album &#8220;Ontological Mysterium&#8221; f\u00e4ngt den wahren Geist der goldenen Zeiten des extremen Metals ein. Es klingt zeitlos, markiert [...]","og_url":"https:\/\/www.cudgel.de\/produkt\/horrendous-ontological-mysteriumdigicd\/","og_site_name":"cudgel | Der ultimative Metal Online Store","article_publisher":"https:\/\/www.facebook.com\/CudgelVertrieb","article_modified_time":"2025-12-31T00:11:15+00:00","og_image":[{"width":1000,"height":1000,"url":"https:\/\/www.cudgel.de\/wp-content\/uploads\/2024\/04\/Art220937.jpg","type":"image\/jpeg"}],"twitter_card":"summary_large_image","twitter_misc":{"Est. reading time":"1 minute"},"schema":{"@context":"https:\/\/schema.org","@graph":[{"@type":"WebPage","@id":"https:\/\/www.cudgel.de\/produkt\/horrendous-ontological-mysteriumdigicd\/","url":"https:\/\/www.cudgel.de\/produkt\/horrendous-ontological-mysteriumdigicd\/","name":"HORRENDOUS - ontological mysteriumDigiCD - cudgel | Der ultimative Metal Online Store","isPartOf":{"@id":"https:\/\/www.cudgel.de\/#website"},"primaryImageOfPage":{"@id":"https:\/\/www.cudgel.de\/produkt\/horrendous-ontological-mysteriumdigicd\/#primaryimage"},"image":{"@id":"https:\/\/www.cudgel.de\/produkt\/horrendous-ontological-mysteriumdigicd\/#primaryimage"},"thumbnailUrl":"https:\/\/www.cudgel.de\/wp-content\/uploads\/2024\/04\/Art220937.jpg","datePublished":"2024-04-22T11:03:31+00:00","dateModified":"2025-12-31T00:11:15+00:00","breadcrumb":{"@id":"https:\/\/www.cudgel.de\/produkt\/horrendous-ontological-mysteriumdigicd\/#breadcrumb"},"inLanguage":"en-US","potentialAction":[{"@type":"ReadAction","target":["https:\/\/www.cudgel.de\/produkt\/horrendous-ontological-mysteriumdigicd\/"]}]},{"@type":"ImageObject","inLanguage":"en-US","@id":"https:\/\/www.cudgel.de\/produkt\/horrendous-ontological-mysteriumdigicd\/#primaryimage","url":"https:\/\/www.cudgel.de\/wp-content\/uploads\/2024\/04\/Art220937.jpg","contentUrl":"https:\/\/www.cudgel.de\/wp-content\/uploads\/2024\/04\/Art220937.jpg","width":1000,"height":1000},{"@type":"BreadcrumbList","@id":"https:\/\/www.cudgel.de\/produkt\/horrendous-ontological-mysteriumdigicd\/#breadcrumb","itemListElement":[{"@type":"ListItem","position":1,"name":"Home","item":"https:\/\/www.cudgel.de\/en\/"},{"@type":"ListItem","position":2,"name":"Shop","item":"https:\/\/www.cudgel.de\/en\/shop\/"},{"@type":"ListItem","position":3,"name":"HORRENDOUS &#8211; ontological mysteriumDigiCD"}]},{"@type":"WebSite","@id":"https:\/\/www.cudgel.de\/#website","url":"https:\/\/www.cudgel.de\/","name":"cudgel | Der ultimative Metal Online Store","description":"Eine weitere WordPress-Website","publisher":{"@id":"https:\/\/www.cudgel.de\/#organization"},"potentialAction":[{"@type":"SearchAction","target":{"@type":"EntryPoint","urlTemplate":"https:\/\/www.cudgel.de\/?s={search_term_string}"},"query-input":"required name=search_term_string"}],"inLanguage":"en-US"},{"@type":"Organization","@id":"https:\/\/www.cudgel.de\/#organization","name":"cudgel | Der ultimative Metal Online Store","url":"https:\/\/www.cudgel.de\/","logo":{"@type":"ImageObject","inLanguage":"en-US","@id":"https:\/\/www.cudgel.de\/#\/schema\/logo\/image\/","url":"https:\/\/www.cudgel.de\/wp-content\/uploads\/2024\/06\/cudgel-logo-neu-1-1400x419png.webp","contentUrl":"https:\/\/www.cudgel.de\/wp-content\/uploads\/2024\/06\/cudgel-logo-neu-1-1400x419png.webp","width":1400,"height":419,"caption":"cudgel | Der ultimative Metal Online Store"},"image":{"@id":"https:\/\/www.cudgel.de\/#\/schema\/logo\/image\/"},"sameAs":["https:\/\/www.facebook.com\/CudgelVertrieb"]}]}},"_links":{"self":[{"href":"https:\/\/www.cudgel.de\/en\/wp-json\/wp\/v2\/product\/1915921","targetHints":{"allow":["GET"]}}],"collection":[{"href":"https:\/\/www.cudgel.de\/en\/wp-json\/wp\/v2\/product"}],"about":[{"href":"https:\/\/www.cudgel.de\/en\/wp-json\/wp\/v2\/types\/product"}],"replies":[{"embeddable":true,"href":"https:\/\/www.cudgel.de\/en\/wp-json\/wp\/v2\/comments?post=1915921"}],"wp:featuredmedia":[{"embeddable":true,"href":"https:\/\/www.cudgel.de\/en\/wp-json\/wp\/v2\/media\/1915919"}],"wp:attachment":[{"href":"https:\/\/www.cudgel.de\/en\/wp-json\/wp\/v2\/media?parent=1915921"}],"wp:term":[{"taxonomy":"product_cat","embeddable":true,"href":"https:\/\/www.cudgel.de\/en\/wp-json\/wp\/v2\/product_cat?post=1915921"},{"taxonomy":"product_tag","embeddable":true,"href":"https:\/\/www.cudgel.de\/en\/wp-json\/wp\/v2\/product_tag?post=1915921"}],"curies":[{"name":"wp","href":"https:\/\/api.w.org\/{rel}","templated":true}]}}