{"id":1920869,"date":"2024-04-26T16:03:21","date_gmt":"2024-04-26T14:03:21","guid":{"rendered":"https:\/\/www.cudgel.de\/produkt\/swallow-the-sun-when-a-shadow-is-forced-into-the-light-cd\/"},"modified":"2025-12-15T18:41:43","modified_gmt":"2025-12-15T17:41:43","slug":"swallow-the-sun-when-a-shadow-is-forced-into-the-light-cd","status":"publish","type":"product","link":"https:\/\/www.cudgel.de\/en\/product\/swallow-the-sun-when-a-shadow-is-forced-into-the-light-cd\/","title":{"rendered":"SWALLOW THE SUN &#8211; when a shadow is forced into the light CD"},"content":{"rendered":"<p>Mit \u0093When A Shadow Is Forced Into The Light\u0094 ver\u00f6ffentlichen Swallow The Sun ihr nunmehr siebtes Album seit ihrer Gr\u00fcndung im Jahr 2000. Wie auch schon bei den vorangegangenen Alben bleibt Hauptsongwriter und Gitarrist Juha Raivio seiner Linie treu und stellt zutiefst pers\u00f6nliche Themen in den Fokus der d\u00fcsteren Klangwelten und so dient \u0093When A Shadow Is Forced Into The Light\u0094 der Bew\u00e4ltigung eines schweren, pers\u00f6nlichen Schicksalschlages. \u0093When A Shadow Is Forced Into The Light\u0094 ist nicht nur Pflichtprogramm f\u00fcr jeden Doom-Death-Metal-Fan, sondern sollte mit seinen vielen ruhigen Passagen und sch\u00f6nen Klarges\u00e4ngen au\u00dferdem jeden begeistern, der auf melancholisch sch\u00f6ne Post-Metal-Kl\u00e4nge steht. <\/p>\n<p><strong>Tracks:<\/strong><\/p>\n<ol class=\"tracklisting\">\n<li>When a Shadow Is Forced into the Light<\/li>\n<li>The Crimson Crown<\/li>\n<li>Firelights<\/li>\n<li>Upon the Water<\/li>\n<li>Stone Wings<\/li>\n<li>Clouds on Your Side<\/li>\n<li>Here on the Black Earth<\/li>\n<li>Never Left<\/li>\n<\/ol>\n<p><strong>Genres:<\/strong> Melodic Death Metal, Doom Metal, Gothic Metal<\/p>\n<p> <strong>Label:<\/strong> Century Media Records<\/p>\n<p> <strong>Erscheinungsjahr:<\/strong> 2019<\/p>\n<p> <strong>K\u00fcnstler:<\/strong> SWALLOW THE SUN<\/p>\n<p> <strong>Spieldauer:<\/strong> 52:31<\/p>\n<p> <strong>Format:<\/strong> CD<\/p>\n<p> <strong>EAN:<\/strong> 0194397123524<\/p>\n","protected":false},"excerpt":{"rendered":"<p>Mit \u0093When A Shadow Is Forced Into The Light\u0094 ver\u00f6ffentlichen Swallow The Sun ihr nunmehr siebtes Album seit ihrer Gr\u00fcndung im Jahr 2000. Wie auch schon bei den vorangegangenen Alben bleibt Hauptsongwriter und Gitarrist Juha Raivio seiner Linie treu und stellt zutiefst pers\u00f6nliche Themen in den Fokus der d\u00fcsteren Klangwelten und so dient \u0093When A [&#8230;]\n","protected":false},"featured_media":1920867,"comment_status":"open","ping_status":"closed","template":"","meta":[],"product_cat":[462],"product_tag":[],"class_list":{"0":"post-1920869","1":"product","2":"type-product","3":"status-publish","4":"has-post-thumbnail","6":"product_cat-cd-s","7":"pa_band-swallow-the-sun","8":"pa_productgenre-doom-metal","9":"pa_productgenre-gothic-metal","10":"pa_productgenre-melodic-death-metal","11":"pa_productlabel-century-media-records","13":"first","14":"instock","15":"taxable","16":"shipping-taxable","17":"purchasable","18":"product-type-simple"},"yoast_head":"<!-- This site is optimized with the Yoast SEO plugin v22.9 - https:\/\/yoast.com\/wordpress\/plugins\/seo\/ -->\n<title>SWALLOW THE SUN - when a shadow is forced into the light CD - cudgel | Der ultimative Metal Online Store<\/title>\n<meta name=\"robots\" content=\"index, follow, max-snippet:-1, max-image-preview:large, max-video-preview:-1\" \/>\n<link rel=\"canonical\" href=\"https:\/\/www.cudgel.de\/produkt\/swallow-the-sun-when-a-shadow-is-forced-into-the-light-cd\/\" \/>\n<meta property=\"og:locale\" content=\"en_US\" \/>\n<meta property=\"og:type\" content=\"article\" \/>\n<meta property=\"og:title\" content=\"SWALLOW THE SUN - when a shadow is forced into the light CD - cudgel | Der ultimative Metal Online Store\" \/>\n<meta property=\"og:description\" content=\"Mit \u0093When A Shadow Is Forced Into The Light\u0094 ver\u00f6ffentlichen Swallow The Sun ihr nunmehr siebtes Album seit ihrer Gr\u00fcndung im Jahr 2000. Wie auch schon bei den vorangegangenen Alben bleibt Hauptsongwriter und Gitarrist Juha Raivio seiner Linie treu und stellt zutiefst pers\u00f6nliche Themen in den Fokus der d\u00fcsteren Klangwelten und so dient \u0093When A [...]\" \/>\n<meta property=\"og:url\" content=\"https:\/\/www.cudgel.de\/produkt\/swallow-the-sun-when-a-shadow-is-forced-into-the-light-cd\/\" \/>\n<meta property=\"og:site_name\" content=\"cudgel | Der ultimative Metal Online Store\" \/>\n<meta property=\"article:publisher\" content=\"https:\/\/www.facebook.com\/CudgelVertrieb\" \/>\n<meta property=\"article:modified_time\" content=\"2025-12-15T17:41:43+00:00\" \/>\n<meta property=\"og:image\" content=\"https:\/\/www.cudgel.de\/wp-content\/uploads\/2024\/04\/Art217799-1.jpg\" \/>\n\t<meta property=\"og:image:width\" content=\"1000\" \/>\n\t<meta property=\"og:image:height\" content=\"1000\" \/>\n\t<meta property=\"og:image:type\" content=\"image\/jpeg\" \/>\n<meta name=\"twitter:card\" content=\"summary_large_image\" \/>\n<meta name=\"twitter:label1\" content=\"Est. reading time\" \/>\n\t<meta name=\"twitter:data1\" content=\"1 minute\" \/>\n<script type=\"application\/ld+json\" class=\"yoast-schema-graph\">{\"@context\":\"https:\/\/schema.org\",\"@graph\":[{\"@type\":\"WebPage\",\"@id\":\"https:\/\/www.cudgel.de\/produkt\/swallow-the-sun-when-a-shadow-is-forced-into-the-light-cd\/\",\"url\":\"https:\/\/www.cudgel.de\/produkt\/swallow-the-sun-when-a-shadow-is-forced-into-the-light-cd\/\",\"name\":\"SWALLOW THE SUN - when a shadow is forced into the light CD - cudgel | Der ultimative Metal Online Store\",\"isPartOf\":{\"@id\":\"https:\/\/www.cudgel.de\/#website\"},\"primaryImageOfPage\":{\"@id\":\"https:\/\/www.cudgel.de\/produkt\/swallow-the-sun-when-a-shadow-is-forced-into-the-light-cd\/#primaryimage\"},\"image\":{\"@id\":\"https:\/\/www.cudgel.de\/produkt\/swallow-the-sun-when-a-shadow-is-forced-into-the-light-cd\/#primaryimage\"},\"thumbnailUrl\":\"https:\/\/www.cudgel.de\/wp-content\/uploads\/2024\/04\/Art217799-1.jpg\",\"datePublished\":\"2024-04-26T14:03:21+00:00\",\"dateModified\":\"2025-12-15T17:41:43+00:00\",\"breadcrumb\":{\"@id\":\"https:\/\/www.cudgel.de\/produkt\/swallow-the-sun-when-a-shadow-is-forced-into-the-light-cd\/#breadcrumb\"},\"inLanguage\":\"en-US\",\"potentialAction\":[{\"@type\":\"ReadAction\",\"target\":[\"https:\/\/www.cudgel.de\/produkt\/swallow-the-sun-when-a-shadow-is-forced-into-the-light-cd\/\"]}]},{\"@type\":\"ImageObject\",\"inLanguage\":\"en-US\",\"@id\":\"https:\/\/www.cudgel.de\/produkt\/swallow-the-sun-when-a-shadow-is-forced-into-the-light-cd\/#primaryimage\",\"url\":\"https:\/\/www.cudgel.de\/wp-content\/uploads\/2024\/04\/Art217799-1.jpg\",\"contentUrl\":\"https:\/\/www.cudgel.de\/wp-content\/uploads\/2024\/04\/Art217799-1.jpg\",\"width\":1000,\"height\":1000},{\"@type\":\"BreadcrumbList\",\"@id\":\"https:\/\/www.cudgel.de\/produkt\/swallow-the-sun-when-a-shadow-is-forced-into-the-light-cd\/#breadcrumb\",\"itemListElement\":[{\"@type\":\"ListItem\",\"position\":1,\"name\":\"Home\",\"item\":\"https:\/\/www.cudgel.de\/en\/\"},{\"@type\":\"ListItem\",\"position\":2,\"name\":\"Shop\",\"item\":\"https:\/\/www.cudgel.de\/en\/shop\/\"},{\"@type\":\"ListItem\",\"position\":3,\"name\":\"SWALLOW THE SUN &#8211; when a shadow is forced into the light CD\"}]},{\"@type\":\"WebSite\",\"@id\":\"https:\/\/www.cudgel.de\/#website\",\"url\":\"https:\/\/www.cudgel.de\/\",\"name\":\"cudgel | Der ultimative Metal Online Store\",\"description\":\"Eine weitere WordPress-Website\",\"publisher\":{\"@id\":\"https:\/\/www.cudgel.de\/#organization\"},\"potentialAction\":[{\"@type\":\"SearchAction\",\"target\":{\"@type\":\"EntryPoint\",\"urlTemplate\":\"https:\/\/www.cudgel.de\/?s={search_term_string}\"},\"query-input\":\"required name=search_term_string\"}],\"inLanguage\":\"en-US\"},{\"@type\":\"Organization\",\"@id\":\"https:\/\/www.cudgel.de\/#organization\",\"name\":\"cudgel | Der ultimative Metal Online Store\",\"url\":\"https:\/\/www.cudgel.de\/\",\"logo\":{\"@type\":\"ImageObject\",\"inLanguage\":\"en-US\",\"@id\":\"https:\/\/www.cudgel.de\/#\/schema\/logo\/image\/\",\"url\":\"https:\/\/www.cudgel.de\/wp-content\/uploads\/2024\/06\/cudgel-logo-neu-1-1400x419png.webp\",\"contentUrl\":\"https:\/\/www.cudgel.de\/wp-content\/uploads\/2024\/06\/cudgel-logo-neu-1-1400x419png.webp\",\"width\":1400,\"height\":419,\"caption\":\"cudgel | Der ultimative Metal Online Store\"},\"image\":{\"@id\":\"https:\/\/www.cudgel.de\/#\/schema\/logo\/image\/\"},\"sameAs\":[\"https:\/\/www.facebook.com\/CudgelVertrieb\"]}]}<\/script>\n<!-- \/ Yoast SEO plugin. -->","yoast_head_json":{"title":"SWALLOW THE SUN - when a shadow is forced into the light CD - cudgel | Der ultimative Metal Online Store","robots":{"index":"index","follow":"follow","max-snippet":"max-snippet:-1","max-image-preview":"max-image-preview:large","max-video-preview":"max-video-preview:-1"},"canonical":"https:\/\/www.cudgel.de\/produkt\/swallow-the-sun-when-a-shadow-is-forced-into-the-light-cd\/","og_locale":"en_US","og_type":"article","og_title":"SWALLOW THE SUN - when a shadow is forced into the light CD - cudgel | Der ultimative Metal Online Store","og_description":"Mit \u0093When A Shadow Is Forced Into The Light\u0094 ver\u00f6ffentlichen Swallow The Sun ihr nunmehr siebtes Album seit ihrer Gr\u00fcndung im Jahr 2000. Wie auch schon bei den vorangegangenen Alben bleibt Hauptsongwriter und Gitarrist Juha Raivio seiner Linie treu und stellt zutiefst pers\u00f6nliche Themen in den Fokus der d\u00fcsteren Klangwelten und so dient \u0093When A [...]","og_url":"https:\/\/www.cudgel.de\/produkt\/swallow-the-sun-when-a-shadow-is-forced-into-the-light-cd\/","og_site_name":"cudgel | Der ultimative Metal Online Store","article_publisher":"https:\/\/www.facebook.com\/CudgelVertrieb","article_modified_time":"2025-12-15T17:41:43+00:00","og_image":[{"width":1000,"height":1000,"url":"https:\/\/www.cudgel.de\/wp-content\/uploads\/2024\/04\/Art217799-1.jpg","type":"image\/jpeg"}],"twitter_card":"summary_large_image","twitter_misc":{"Est. reading time":"1 minute"},"schema":{"@context":"https:\/\/schema.org","@graph":[{"@type":"WebPage","@id":"https:\/\/www.cudgel.de\/produkt\/swallow-the-sun-when-a-shadow-is-forced-into-the-light-cd\/","url":"https:\/\/www.cudgel.de\/produkt\/swallow-the-sun-when-a-shadow-is-forced-into-the-light-cd\/","name":"SWALLOW THE SUN - when a shadow is forced into the light CD - cudgel | Der ultimative Metal Online Store","isPartOf":{"@id":"https:\/\/www.cudgel.de\/#website"},"primaryImageOfPage":{"@id":"https:\/\/www.cudgel.de\/produkt\/swallow-the-sun-when-a-shadow-is-forced-into-the-light-cd\/#primaryimage"},"image":{"@id":"https:\/\/www.cudgel.de\/produkt\/swallow-the-sun-when-a-shadow-is-forced-into-the-light-cd\/#primaryimage"},"thumbnailUrl":"https:\/\/www.cudgel.de\/wp-content\/uploads\/2024\/04\/Art217799-1.jpg","datePublished":"2024-04-26T14:03:21+00:00","dateModified":"2025-12-15T17:41:43+00:00","breadcrumb":{"@id":"https:\/\/www.cudgel.de\/produkt\/swallow-the-sun-when-a-shadow-is-forced-into-the-light-cd\/#breadcrumb"},"inLanguage":"en-US","potentialAction":[{"@type":"ReadAction","target":["https:\/\/www.cudgel.de\/produkt\/swallow-the-sun-when-a-shadow-is-forced-into-the-light-cd\/"]}]},{"@type":"ImageObject","inLanguage":"en-US","@id":"https:\/\/www.cudgel.de\/produkt\/swallow-the-sun-when-a-shadow-is-forced-into-the-light-cd\/#primaryimage","url":"https:\/\/www.cudgel.de\/wp-content\/uploads\/2024\/04\/Art217799-1.jpg","contentUrl":"https:\/\/www.cudgel.de\/wp-content\/uploads\/2024\/04\/Art217799-1.jpg","width":1000,"height":1000},{"@type":"BreadcrumbList","@id":"https:\/\/www.cudgel.de\/produkt\/swallow-the-sun-when-a-shadow-is-forced-into-the-light-cd\/#breadcrumb","itemListElement":[{"@type":"ListItem","position":1,"name":"Home","item":"https:\/\/www.cudgel.de\/en\/"},{"@type":"ListItem","position":2,"name":"Shop","item":"https:\/\/www.cudgel.de\/en\/shop\/"},{"@type":"ListItem","position":3,"name":"SWALLOW THE SUN &#8211; when a shadow is forced into the light CD"}]},{"@type":"WebSite","@id":"https:\/\/www.cudgel.de\/#website","url":"https:\/\/www.cudgel.de\/","name":"cudgel | Der ultimative Metal Online Store","description":"Eine weitere WordPress-Website","publisher":{"@id":"https:\/\/www.cudgel.de\/#organization"},"potentialAction":[{"@type":"SearchAction","target":{"@type":"EntryPoint","urlTemplate":"https:\/\/www.cudgel.de\/?s={search_term_string}"},"query-input":"required name=search_term_string"}],"inLanguage":"en-US"},{"@type":"Organization","@id":"https:\/\/www.cudgel.de\/#organization","name":"cudgel | Der ultimative Metal Online Store","url":"https:\/\/www.cudgel.de\/","logo":{"@type":"ImageObject","inLanguage":"en-US","@id":"https:\/\/www.cudgel.de\/#\/schema\/logo\/image\/","url":"https:\/\/www.cudgel.de\/wp-content\/uploads\/2024\/06\/cudgel-logo-neu-1-1400x419png.webp","contentUrl":"https:\/\/www.cudgel.de\/wp-content\/uploads\/2024\/06\/cudgel-logo-neu-1-1400x419png.webp","width":1400,"height":419,"caption":"cudgel | Der ultimative Metal Online Store"},"image":{"@id":"https:\/\/www.cudgel.de\/#\/schema\/logo\/image\/"},"sameAs":["https:\/\/www.facebook.com\/CudgelVertrieb"]}]}},"_links":{"self":[{"href":"https:\/\/www.cudgel.de\/en\/wp-json\/wp\/v2\/product\/1920869","targetHints":{"allow":["GET"]}}],"collection":[{"href":"https:\/\/www.cudgel.de\/en\/wp-json\/wp\/v2\/product"}],"about":[{"href":"https:\/\/www.cudgel.de\/en\/wp-json\/wp\/v2\/types\/product"}],"replies":[{"embeddable":true,"href":"https:\/\/www.cudgel.de\/en\/wp-json\/wp\/v2\/comments?post=1920869"}],"wp:featuredmedia":[{"embeddable":true,"href":"https:\/\/www.cudgel.de\/en\/wp-json\/wp\/v2\/media\/1920867"}],"wp:attachment":[{"href":"https:\/\/www.cudgel.de\/en\/wp-json\/wp\/v2\/media?parent=1920869"}],"wp:term":[{"taxonomy":"product_cat","embeddable":true,"href":"https:\/\/www.cudgel.de\/en\/wp-json\/wp\/v2\/product_cat?post=1920869"},{"taxonomy":"product_tag","embeddable":true,"href":"https:\/\/www.cudgel.de\/en\/wp-json\/wp\/v2\/product_tag?post=1920869"}],"curies":[{"name":"wp","href":"https:\/\/api.w.org\/{rel}","templated":true}]}}