{"id":1928976,"date":"2024-05-02T14:51:09","date_gmt":"2024-05-02T12:51:09","guid":{"rendered":"https:\/\/www.cudgel.de\/produkt\/grave-miasma-abyss-of-wrathful-deities-dlp-black\/"},"modified":"2025-12-30T00:08:18","modified_gmt":"2025-12-29T23:08:18","slug":"grave-miasma-abyss-of-wrathful-deities-dlp-black","status":"publish","type":"product","link":"https:\/\/www.cudgel.de\/en\/product\/grave-miasma-abyss-of-wrathful-deities-dlp-black\/","title":{"rendered":"GRAVE MIASMA &#8211; abyss of wrathful deities DLP black"},"content":{"rendered":"<p>after a sheer endless wait the british masters of abysmal death metal with a captivating pitch-plack atmosphere materialize a second full length manifest, lim. gatefold double black vinyl <\/p>\n<p>nach einer schier endlosen wartezeit sind die britischen meister des abgr\u00fcndigen deathmetals mit tiefschwarzer atmopsh\u00e4re zur\u00fcck mit einem zweiten album, lim. schwarzes doppel-vinyl im klappcover<\/p>\n<p><strong>Tracks:<\/strong><\/p>\n<ol class=\"tracklisting\">\n<li>Guardians of Death<\/li>\n<li>Rogyapa<\/li>\n<li>Ancestral Waters<\/li>\n<li>Erudite Decomposition<\/li>\n<li>Under the Megalith<\/li>\n<li>Demons of the Sand<\/li>\n<li>Interlude<\/li>\n<li>Exhumation Rites<\/li>\n<li>Kingdoms Beyond Kallash<\/li>\n<\/ol>\n<p><strong>Genres:<\/strong> Death Metal<\/p>\n","protected":false},"excerpt":{"rendered":"<p>after a sheer endless wait the british masters of abysmal death metal with a captivating pitch-plack atmosphere materialize a second full length manifest, lim. gatefold double black vinyl nach einer schier endlosen wartezeit sind die britischen meister des abgr\u00fcndigen deathmetals mit tiefschwarzer atmopsh\u00e4re zur\u00fcck mit einem zweiten album, lim. schwarzes doppel-vinyl im klappcover Tracks: Guardians [&#8230;]\n","protected":false},"featured_media":1928974,"comment_status":"open","ping_status":"closed","template":"","meta":[],"product_cat":[435],"product_tag":[],"class_list":{"0":"post-1928976","1":"product","2":"type-product","3":"status-publish","4":"has-post-thumbnail","6":"product_cat-vinyl-f-h","7":"pa_band-grave-miasma","8":"pa_productgenre-death-metal","9":"pa_productlabel-sepulchral-voice-records","11":"first","12":"instock","13":"taxable","14":"shipping-taxable","15":"purchasable","16":"product-type-simple"},"yoast_head":"<!-- This site is optimized with the Yoast SEO plugin v22.9 - https:\/\/yoast.com\/wordpress\/plugins\/seo\/ -->\n<title>GRAVE MIASMA - abyss of wrathful deities DLP black - cudgel | Der ultimative Metal Online Store<\/title>\n<meta name=\"robots\" content=\"index, follow, max-snippet:-1, max-image-preview:large, max-video-preview:-1\" \/>\n<link rel=\"canonical\" href=\"https:\/\/www.cudgel.de\/produkt\/grave-miasma-abyss-of-wrathful-deities-dlp-black\/\" \/>\n<meta property=\"og:locale\" content=\"en_US\" \/>\n<meta property=\"og:type\" content=\"article\" \/>\n<meta property=\"og:title\" content=\"GRAVE MIASMA - abyss of wrathful deities DLP black - cudgel | Der ultimative Metal Online Store\" \/>\n<meta property=\"og:description\" content=\"after a sheer endless wait the british masters of abysmal death metal with a captivating pitch-plack atmosphere materialize a second full length manifest, lim. gatefold double black vinyl nach einer schier endlosen wartezeit sind die britischen meister des abgr\u00fcndigen deathmetals mit tiefschwarzer atmopsh\u00e4re zur\u00fcck mit einem zweiten album, lim. schwarzes doppel-vinyl im klappcover Tracks: Guardians [...]\" \/>\n<meta property=\"og:url\" content=\"https:\/\/www.cudgel.de\/produkt\/grave-miasma-abyss-of-wrathful-deities-dlp-black\/\" \/>\n<meta property=\"og:site_name\" content=\"cudgel | Der ultimative Metal Online Store\" \/>\n<meta property=\"article:publisher\" content=\"https:\/\/www.facebook.com\/CudgelVertrieb\" \/>\n<meta property=\"article:modified_time\" content=\"2025-12-29T23:08:18+00:00\" \/>\n<meta property=\"og:image\" content=\"https:\/\/www.cudgel.de\/wp-content\/uploads\/2024\/05\/Art108339.jpg\" \/>\n\t<meta property=\"og:image:width\" content=\"1500\" \/>\n\t<meta property=\"og:image:height\" content=\"1384\" \/>\n\t<meta property=\"og:image:type\" content=\"image\/jpeg\" \/>\n<meta name=\"twitter:card\" content=\"summary_large_image\" \/>\n<script type=\"application\/ld+json\" class=\"yoast-schema-graph\">{\"@context\":\"https:\/\/schema.org\",\"@graph\":[{\"@type\":\"WebPage\",\"@id\":\"https:\/\/www.cudgel.de\/produkt\/grave-miasma-abyss-of-wrathful-deities-dlp-black\/\",\"url\":\"https:\/\/www.cudgel.de\/produkt\/grave-miasma-abyss-of-wrathful-deities-dlp-black\/\",\"name\":\"GRAVE MIASMA - abyss of wrathful deities DLP black - cudgel | Der ultimative Metal Online Store\",\"isPartOf\":{\"@id\":\"https:\/\/www.cudgel.de\/#website\"},\"primaryImageOfPage\":{\"@id\":\"https:\/\/www.cudgel.de\/produkt\/grave-miasma-abyss-of-wrathful-deities-dlp-black\/#primaryimage\"},\"image\":{\"@id\":\"https:\/\/www.cudgel.de\/produkt\/grave-miasma-abyss-of-wrathful-deities-dlp-black\/#primaryimage\"},\"thumbnailUrl\":\"https:\/\/www.cudgel.de\/wp-content\/uploads\/2024\/05\/Art108339.jpg\",\"datePublished\":\"2024-05-02T12:51:09+00:00\",\"dateModified\":\"2025-12-29T23:08:18+00:00\",\"breadcrumb\":{\"@id\":\"https:\/\/www.cudgel.de\/produkt\/grave-miasma-abyss-of-wrathful-deities-dlp-black\/#breadcrumb\"},\"inLanguage\":\"en-US\",\"potentialAction\":[{\"@type\":\"ReadAction\",\"target\":[\"https:\/\/www.cudgel.de\/produkt\/grave-miasma-abyss-of-wrathful-deities-dlp-black\/\"]}]},{\"@type\":\"ImageObject\",\"inLanguage\":\"en-US\",\"@id\":\"https:\/\/www.cudgel.de\/produkt\/grave-miasma-abyss-of-wrathful-deities-dlp-black\/#primaryimage\",\"url\":\"https:\/\/www.cudgel.de\/wp-content\/uploads\/2024\/05\/Art108339.jpg\",\"contentUrl\":\"https:\/\/www.cudgel.de\/wp-content\/uploads\/2024\/05\/Art108339.jpg\",\"width\":1500,\"height\":1384},{\"@type\":\"BreadcrumbList\",\"@id\":\"https:\/\/www.cudgel.de\/produkt\/grave-miasma-abyss-of-wrathful-deities-dlp-black\/#breadcrumb\",\"itemListElement\":[{\"@type\":\"ListItem\",\"position\":1,\"name\":\"Home\",\"item\":\"https:\/\/www.cudgel.de\/en\/\"},{\"@type\":\"ListItem\",\"position\":2,\"name\":\"Shop\",\"item\":\"https:\/\/www.cudgel.de\/en\/shop\/\"},{\"@type\":\"ListItem\",\"position\":3,\"name\":\"GRAVE MIASMA &#8211; abyss of wrathful deities DLP black\"}]},{\"@type\":\"WebSite\",\"@id\":\"https:\/\/www.cudgel.de\/#website\",\"url\":\"https:\/\/www.cudgel.de\/\",\"name\":\"cudgel | Der ultimative Metal Online Store\",\"description\":\"Eine weitere WordPress-Website\",\"publisher\":{\"@id\":\"https:\/\/www.cudgel.de\/#organization\"},\"potentialAction\":[{\"@type\":\"SearchAction\",\"target\":{\"@type\":\"EntryPoint\",\"urlTemplate\":\"https:\/\/www.cudgel.de\/?s={search_term_string}\"},\"query-input\":\"required name=search_term_string\"}],\"inLanguage\":\"en-US\"},{\"@type\":\"Organization\",\"@id\":\"https:\/\/www.cudgel.de\/#organization\",\"name\":\"cudgel | Der ultimative Metal Online Store\",\"url\":\"https:\/\/www.cudgel.de\/\",\"logo\":{\"@type\":\"ImageObject\",\"inLanguage\":\"en-US\",\"@id\":\"https:\/\/www.cudgel.de\/#\/schema\/logo\/image\/\",\"url\":\"https:\/\/www.cudgel.de\/wp-content\/uploads\/2024\/06\/cudgel-logo-neu-1-1400x419png.webp\",\"contentUrl\":\"https:\/\/www.cudgel.de\/wp-content\/uploads\/2024\/06\/cudgel-logo-neu-1-1400x419png.webp\",\"width\":1400,\"height\":419,\"caption\":\"cudgel | Der ultimative Metal Online Store\"},\"image\":{\"@id\":\"https:\/\/www.cudgel.de\/#\/schema\/logo\/image\/\"},\"sameAs\":[\"https:\/\/www.facebook.com\/CudgelVertrieb\"]}]}<\/script>\n<!-- \/ Yoast SEO plugin. -->","yoast_head_json":{"title":"GRAVE MIASMA - abyss of wrathful deities DLP black - cudgel | Der ultimative Metal Online Store","robots":{"index":"index","follow":"follow","max-snippet":"max-snippet:-1","max-image-preview":"max-image-preview:large","max-video-preview":"max-video-preview:-1"},"canonical":"https:\/\/www.cudgel.de\/produkt\/grave-miasma-abyss-of-wrathful-deities-dlp-black\/","og_locale":"en_US","og_type":"article","og_title":"GRAVE MIASMA - abyss of wrathful deities DLP black - cudgel | Der ultimative Metal Online Store","og_description":"after a sheer endless wait the british masters of abysmal death metal with a captivating pitch-plack atmosphere materialize a second full length manifest, lim. gatefold double black vinyl nach einer schier endlosen wartezeit sind die britischen meister des abgr\u00fcndigen deathmetals mit tiefschwarzer atmopsh\u00e4re zur\u00fcck mit einem zweiten album, lim. schwarzes doppel-vinyl im klappcover Tracks: Guardians [...]","og_url":"https:\/\/www.cudgel.de\/produkt\/grave-miasma-abyss-of-wrathful-deities-dlp-black\/","og_site_name":"cudgel | Der ultimative Metal Online Store","article_publisher":"https:\/\/www.facebook.com\/CudgelVertrieb","article_modified_time":"2025-12-29T23:08:18+00:00","og_image":[{"width":1500,"height":1384,"url":"https:\/\/www.cudgel.de\/wp-content\/uploads\/2024\/05\/Art108339.jpg","type":"image\/jpeg"}],"twitter_card":"summary_large_image","schema":{"@context":"https:\/\/schema.org","@graph":[{"@type":"WebPage","@id":"https:\/\/www.cudgel.de\/produkt\/grave-miasma-abyss-of-wrathful-deities-dlp-black\/","url":"https:\/\/www.cudgel.de\/produkt\/grave-miasma-abyss-of-wrathful-deities-dlp-black\/","name":"GRAVE MIASMA - abyss of wrathful deities DLP black - cudgel | Der ultimative Metal Online Store","isPartOf":{"@id":"https:\/\/www.cudgel.de\/#website"},"primaryImageOfPage":{"@id":"https:\/\/www.cudgel.de\/produkt\/grave-miasma-abyss-of-wrathful-deities-dlp-black\/#primaryimage"},"image":{"@id":"https:\/\/www.cudgel.de\/produkt\/grave-miasma-abyss-of-wrathful-deities-dlp-black\/#primaryimage"},"thumbnailUrl":"https:\/\/www.cudgel.de\/wp-content\/uploads\/2024\/05\/Art108339.jpg","datePublished":"2024-05-02T12:51:09+00:00","dateModified":"2025-12-29T23:08:18+00:00","breadcrumb":{"@id":"https:\/\/www.cudgel.de\/produkt\/grave-miasma-abyss-of-wrathful-deities-dlp-black\/#breadcrumb"},"inLanguage":"en-US","potentialAction":[{"@type":"ReadAction","target":["https:\/\/www.cudgel.de\/produkt\/grave-miasma-abyss-of-wrathful-deities-dlp-black\/"]}]},{"@type":"ImageObject","inLanguage":"en-US","@id":"https:\/\/www.cudgel.de\/produkt\/grave-miasma-abyss-of-wrathful-deities-dlp-black\/#primaryimage","url":"https:\/\/www.cudgel.de\/wp-content\/uploads\/2024\/05\/Art108339.jpg","contentUrl":"https:\/\/www.cudgel.de\/wp-content\/uploads\/2024\/05\/Art108339.jpg","width":1500,"height":1384},{"@type":"BreadcrumbList","@id":"https:\/\/www.cudgel.de\/produkt\/grave-miasma-abyss-of-wrathful-deities-dlp-black\/#breadcrumb","itemListElement":[{"@type":"ListItem","position":1,"name":"Home","item":"https:\/\/www.cudgel.de\/en\/"},{"@type":"ListItem","position":2,"name":"Shop","item":"https:\/\/www.cudgel.de\/en\/shop\/"},{"@type":"ListItem","position":3,"name":"GRAVE MIASMA &#8211; abyss of wrathful deities DLP black"}]},{"@type":"WebSite","@id":"https:\/\/www.cudgel.de\/#website","url":"https:\/\/www.cudgel.de\/","name":"cudgel | Der ultimative Metal Online Store","description":"Eine weitere WordPress-Website","publisher":{"@id":"https:\/\/www.cudgel.de\/#organization"},"potentialAction":[{"@type":"SearchAction","target":{"@type":"EntryPoint","urlTemplate":"https:\/\/www.cudgel.de\/?s={search_term_string}"},"query-input":"required name=search_term_string"}],"inLanguage":"en-US"},{"@type":"Organization","@id":"https:\/\/www.cudgel.de\/#organization","name":"cudgel | Der ultimative Metal Online Store","url":"https:\/\/www.cudgel.de\/","logo":{"@type":"ImageObject","inLanguage":"en-US","@id":"https:\/\/www.cudgel.de\/#\/schema\/logo\/image\/","url":"https:\/\/www.cudgel.de\/wp-content\/uploads\/2024\/06\/cudgel-logo-neu-1-1400x419png.webp","contentUrl":"https:\/\/www.cudgel.de\/wp-content\/uploads\/2024\/06\/cudgel-logo-neu-1-1400x419png.webp","width":1400,"height":419,"caption":"cudgel | Der ultimative Metal Online Store"},"image":{"@id":"https:\/\/www.cudgel.de\/#\/schema\/logo\/image\/"},"sameAs":["https:\/\/www.facebook.com\/CudgelVertrieb"]}]}},"_links":{"self":[{"href":"https:\/\/www.cudgel.de\/en\/wp-json\/wp\/v2\/product\/1928976","targetHints":{"allow":["GET"]}}],"collection":[{"href":"https:\/\/www.cudgel.de\/en\/wp-json\/wp\/v2\/product"}],"about":[{"href":"https:\/\/www.cudgel.de\/en\/wp-json\/wp\/v2\/types\/product"}],"replies":[{"embeddable":true,"href":"https:\/\/www.cudgel.de\/en\/wp-json\/wp\/v2\/comments?post=1928976"}],"wp:featuredmedia":[{"embeddable":true,"href":"https:\/\/www.cudgel.de\/en\/wp-json\/wp\/v2\/media\/1928974"}],"wp:attachment":[{"href":"https:\/\/www.cudgel.de\/en\/wp-json\/wp\/v2\/media?parent=1928976"}],"wp:term":[{"taxonomy":"product_cat","embeddable":true,"href":"https:\/\/www.cudgel.de\/en\/wp-json\/wp\/v2\/product_cat?post=1928976"},{"taxonomy":"product_tag","embeddable":true,"href":"https:\/\/www.cudgel.de\/en\/wp-json\/wp\/v2\/product_tag?post=1928976"}],"curies":[{"name":"wp","href":"https:\/\/api.w.org\/{rel}","templated":true}]}}