{"id":1929159,"date":"2024-05-02T14:57:27","date_gmt":"2024-05-02T12:57:27","guid":{"rendered":"https:\/\/www.cudgel.de\/produkt\/memory-garden-1349-cd\/"},"modified":"2025-12-31T01:52:57","modified_gmt":"2025-12-31T00:52:57","slug":"memory-garden-1349-cd","status":"publish","type":"product","link":"https:\/\/www.cudgel.de\/en\/product\/memory-garden-1349-cd\/","title":{"rendered":"MEMORY GARDEN &#8211; 1349 CD"},"content":{"rendered":"<p>Memory Garden were formed in 1992 in Sweden, recording demo and EP releases (including &#8220;Forever&#8221;, one of the finest EPs in metal history) until 1996 where their debut full-length album &#8220;Tides&#8221; shocked the Doom Metal world. A technical, crushing and powerful album that paved the way for the future, with Memory Garden joining Metal Blade Records releasing the albums &#8220;Verdict of Posterity&#8221; (1998) and &#8220;Mirage&#8221; (2000). At that point, Memory Garden were already hailed as one of the leading forces of the Power\/Doom Metal field. And while time and tide wait for no man, they kept the course releasing &#8220;Carnage Carnival&#8221; (2008) and &#8220;Doomain&#8221; (2013). Eight years later, Swedish powerdoom-metal is ready to strike again with an album that will shock the scene.<\/p>\n<p>&#8220;1349&#8221; is a conceptual album and the storyline covers both fact and fiction, taking place during the pandemic years of the black plague. The album is mixed and mastered by Dan Swan\u00f6 and the artwork is created once again by the mighty Hjules (Destruction, Grave Digger, Annihilator, Stratovarius). Guest artists such as Niklas St\u00e5lvind (Wolf), Josefin B\u00e4ck (the original voice of &#8220;Marion&#8221; from the first demo in 1993!) and G\u00f6ran &#8220;Freddy&#8221; Fredrikson (medieval instruments) contribute to this album. An album which will offer a sufficient dose of Swedish powerdoom-metal!<\/p>\n<p><strong>Tracks:<\/strong><\/p>\n<ol class=\"tracklisting\">\n<li>Shallow Waters<\/li>\n<li>Pariah<\/li>\n<li>Distrust<\/li>\n<li>Rivers Run Black<\/li>\n<li>The Flagellants<\/li>\n<li>The Messenger<\/li>\n<li>The Empiric<\/li>\n<li>1349<\/li>\n<li>Blood Moon<\/li>\n<\/ol>\n<p><strong>Genres:<\/strong> Heavy Metal, Doom Metal<\/p>\n<p> <strong>Label:<\/strong> No Remorse Records<\/p>\n<p> <strong>Erscheinungsjahr:<\/strong> 2021<\/p>\n<p> <strong>K\u00fcnstler:<\/strong> MEMORY GARDEN<\/p>\n<p> <strong>Spieldauer:<\/strong> 51:25<\/p>\n<p> <strong>Format:<\/strong> CD<\/p>\n<p> <strong>EAN:<\/strong> 0723803978214<\/p>\n","protected":false},"excerpt":{"rendered":"<p>Memory Garden were formed in 1992 in Sweden, recording demo and EP releases (including &#8220;Forever&#8221;, one of the finest EPs in metal history) until 1996 where their debut full-length album &#8220;Tides&#8221; shocked the Doom Metal world. A technical, crushing and powerful album that paved the way for the future, with Memory Garden joining Metal Blade [&#8230;]\n","protected":false},"featured_media":1929157,"comment_status":"open","ping_status":"closed","template":"","meta":[],"product_cat":[458],"product_tag":[],"class_list":{"0":"post-1929159","1":"product","2":"type-product","3":"status-publish","4":"has-post-thumbnail","6":"product_cat-cd-m","7":"pa_band-memory-garden","8":"pa_productgenre-doom-metal","9":"pa_productgenre-heavy-metal","10":"pa_productlabel-no-remorse-records","12":"first","13":"instock","14":"taxable","15":"shipping-taxable","16":"purchasable","17":"product-type-simple"},"yoast_head":"<!-- This site is optimized with the Yoast SEO plugin v22.9 - https:\/\/yoast.com\/wordpress\/plugins\/seo\/ -->\n<title>MEMORY GARDEN - 1349 CD - cudgel | Der ultimative Metal Online Store<\/title>\n<meta name=\"robots\" content=\"index, follow, max-snippet:-1, max-image-preview:large, max-video-preview:-1\" \/>\n<link rel=\"canonical\" href=\"https:\/\/www.cudgel.de\/produkt\/memory-garden-1349-cd\/\" \/>\n<meta property=\"og:locale\" content=\"en_US\" \/>\n<meta property=\"og:type\" content=\"article\" \/>\n<meta property=\"og:title\" content=\"MEMORY GARDEN - 1349 CD - cudgel | Der ultimative Metal Online Store\" \/>\n<meta property=\"og:description\" content=\"Memory Garden were formed in 1992 in Sweden, recording demo and EP releases (including &#8220;Forever&#8221;, one of the finest EPs in metal history) until 1996 where their debut full-length album &#8220;Tides&#8221; shocked the Doom Metal world. A technical, crushing and powerful album that paved the way for the future, with Memory Garden joining Metal Blade [...]\" \/>\n<meta property=\"og:url\" content=\"https:\/\/www.cudgel.de\/produkt\/memory-garden-1349-cd\/\" \/>\n<meta property=\"og:site_name\" content=\"cudgel | Der ultimative Metal Online Store\" \/>\n<meta property=\"article:publisher\" content=\"https:\/\/www.facebook.com\/CudgelVertrieb\" \/>\n<meta property=\"article:modified_time\" content=\"2025-12-31T00:52:57+00:00\" \/>\n<meta property=\"og:image\" content=\"https:\/\/www.cudgel.de\/wp-content\/uploads\/2024\/05\/Art221495-1.jpg\" \/>\n\t<meta property=\"og:image:width\" content=\"1000\" \/>\n\t<meta property=\"og:image:height\" content=\"1000\" \/>\n\t<meta property=\"og:image:type\" content=\"image\/jpeg\" \/>\n<meta name=\"twitter:card\" content=\"summary_large_image\" \/>\n<meta name=\"twitter:label1\" content=\"Est. reading time\" \/>\n\t<meta name=\"twitter:data1\" content=\"1 minute\" \/>\n<script type=\"application\/ld+json\" class=\"yoast-schema-graph\">{\"@context\":\"https:\/\/schema.org\",\"@graph\":[{\"@type\":\"WebPage\",\"@id\":\"https:\/\/www.cudgel.de\/produkt\/memory-garden-1349-cd\/\",\"url\":\"https:\/\/www.cudgel.de\/produkt\/memory-garden-1349-cd\/\",\"name\":\"MEMORY GARDEN - 1349 CD - cudgel | Der ultimative Metal Online Store\",\"isPartOf\":{\"@id\":\"https:\/\/www.cudgel.de\/#website\"},\"primaryImageOfPage\":{\"@id\":\"https:\/\/www.cudgel.de\/produkt\/memory-garden-1349-cd\/#primaryimage\"},\"image\":{\"@id\":\"https:\/\/www.cudgel.de\/produkt\/memory-garden-1349-cd\/#primaryimage\"},\"thumbnailUrl\":\"https:\/\/www.cudgel.de\/wp-content\/uploads\/2024\/05\/Art221495-1.jpg\",\"datePublished\":\"2024-05-02T12:57:27+00:00\",\"dateModified\":\"2025-12-31T00:52:57+00:00\",\"breadcrumb\":{\"@id\":\"https:\/\/www.cudgel.de\/produkt\/memory-garden-1349-cd\/#breadcrumb\"},\"inLanguage\":\"en-US\",\"potentialAction\":[{\"@type\":\"ReadAction\",\"target\":[\"https:\/\/www.cudgel.de\/produkt\/memory-garden-1349-cd\/\"]}]},{\"@type\":\"ImageObject\",\"inLanguage\":\"en-US\",\"@id\":\"https:\/\/www.cudgel.de\/produkt\/memory-garden-1349-cd\/#primaryimage\",\"url\":\"https:\/\/www.cudgel.de\/wp-content\/uploads\/2024\/05\/Art221495-1.jpg\",\"contentUrl\":\"https:\/\/www.cudgel.de\/wp-content\/uploads\/2024\/05\/Art221495-1.jpg\",\"width\":1000,\"height\":1000},{\"@type\":\"BreadcrumbList\",\"@id\":\"https:\/\/www.cudgel.de\/produkt\/memory-garden-1349-cd\/#breadcrumb\",\"itemListElement\":[{\"@type\":\"ListItem\",\"position\":1,\"name\":\"Home\",\"item\":\"https:\/\/www.cudgel.de\/en\/\"},{\"@type\":\"ListItem\",\"position\":2,\"name\":\"Shop\",\"item\":\"https:\/\/www.cudgel.de\/en\/shop\/\"},{\"@type\":\"ListItem\",\"position\":3,\"name\":\"MEMORY GARDEN &#8211; 1349 CD\"}]},{\"@type\":\"WebSite\",\"@id\":\"https:\/\/www.cudgel.de\/#website\",\"url\":\"https:\/\/www.cudgel.de\/\",\"name\":\"cudgel | Der ultimative Metal Online Store\",\"description\":\"Eine weitere WordPress-Website\",\"publisher\":{\"@id\":\"https:\/\/www.cudgel.de\/#organization\"},\"potentialAction\":[{\"@type\":\"SearchAction\",\"target\":{\"@type\":\"EntryPoint\",\"urlTemplate\":\"https:\/\/www.cudgel.de\/?s={search_term_string}\"},\"query-input\":\"required name=search_term_string\"}],\"inLanguage\":\"en-US\"},{\"@type\":\"Organization\",\"@id\":\"https:\/\/www.cudgel.de\/#organization\",\"name\":\"cudgel | Der ultimative Metal Online Store\",\"url\":\"https:\/\/www.cudgel.de\/\",\"logo\":{\"@type\":\"ImageObject\",\"inLanguage\":\"en-US\",\"@id\":\"https:\/\/www.cudgel.de\/#\/schema\/logo\/image\/\",\"url\":\"https:\/\/www.cudgel.de\/wp-content\/uploads\/2024\/06\/cudgel-logo-neu-1-1400x419png.webp\",\"contentUrl\":\"https:\/\/www.cudgel.de\/wp-content\/uploads\/2024\/06\/cudgel-logo-neu-1-1400x419png.webp\",\"width\":1400,\"height\":419,\"caption\":\"cudgel | Der ultimative Metal Online Store\"},\"image\":{\"@id\":\"https:\/\/www.cudgel.de\/#\/schema\/logo\/image\/\"},\"sameAs\":[\"https:\/\/www.facebook.com\/CudgelVertrieb\"]}]}<\/script>\n<!-- \/ Yoast SEO plugin. -->","yoast_head_json":{"title":"MEMORY GARDEN - 1349 CD - cudgel | Der ultimative Metal Online Store","robots":{"index":"index","follow":"follow","max-snippet":"max-snippet:-1","max-image-preview":"max-image-preview:large","max-video-preview":"max-video-preview:-1"},"canonical":"https:\/\/www.cudgel.de\/produkt\/memory-garden-1349-cd\/","og_locale":"en_US","og_type":"article","og_title":"MEMORY GARDEN - 1349 CD - cudgel | Der ultimative Metal Online Store","og_description":"Memory Garden were formed in 1992 in Sweden, recording demo and EP releases (including &#8220;Forever&#8221;, one of the finest EPs in metal history) until 1996 where their debut full-length album &#8220;Tides&#8221; shocked the Doom Metal world. A technical, crushing and powerful album that paved the way for the future, with Memory Garden joining Metal Blade [...]","og_url":"https:\/\/www.cudgel.de\/produkt\/memory-garden-1349-cd\/","og_site_name":"cudgel | Der ultimative Metal Online Store","article_publisher":"https:\/\/www.facebook.com\/CudgelVertrieb","article_modified_time":"2025-12-31T00:52:57+00:00","og_image":[{"width":1000,"height":1000,"url":"https:\/\/www.cudgel.de\/wp-content\/uploads\/2024\/05\/Art221495-1.jpg","type":"image\/jpeg"}],"twitter_card":"summary_large_image","twitter_misc":{"Est. reading time":"1 minute"},"schema":{"@context":"https:\/\/schema.org","@graph":[{"@type":"WebPage","@id":"https:\/\/www.cudgel.de\/produkt\/memory-garden-1349-cd\/","url":"https:\/\/www.cudgel.de\/produkt\/memory-garden-1349-cd\/","name":"MEMORY GARDEN - 1349 CD - cudgel | Der ultimative Metal Online Store","isPartOf":{"@id":"https:\/\/www.cudgel.de\/#website"},"primaryImageOfPage":{"@id":"https:\/\/www.cudgel.de\/produkt\/memory-garden-1349-cd\/#primaryimage"},"image":{"@id":"https:\/\/www.cudgel.de\/produkt\/memory-garden-1349-cd\/#primaryimage"},"thumbnailUrl":"https:\/\/www.cudgel.de\/wp-content\/uploads\/2024\/05\/Art221495-1.jpg","datePublished":"2024-05-02T12:57:27+00:00","dateModified":"2025-12-31T00:52:57+00:00","breadcrumb":{"@id":"https:\/\/www.cudgel.de\/produkt\/memory-garden-1349-cd\/#breadcrumb"},"inLanguage":"en-US","potentialAction":[{"@type":"ReadAction","target":["https:\/\/www.cudgel.de\/produkt\/memory-garden-1349-cd\/"]}]},{"@type":"ImageObject","inLanguage":"en-US","@id":"https:\/\/www.cudgel.de\/produkt\/memory-garden-1349-cd\/#primaryimage","url":"https:\/\/www.cudgel.de\/wp-content\/uploads\/2024\/05\/Art221495-1.jpg","contentUrl":"https:\/\/www.cudgel.de\/wp-content\/uploads\/2024\/05\/Art221495-1.jpg","width":1000,"height":1000},{"@type":"BreadcrumbList","@id":"https:\/\/www.cudgel.de\/produkt\/memory-garden-1349-cd\/#breadcrumb","itemListElement":[{"@type":"ListItem","position":1,"name":"Home","item":"https:\/\/www.cudgel.de\/en\/"},{"@type":"ListItem","position":2,"name":"Shop","item":"https:\/\/www.cudgel.de\/en\/shop\/"},{"@type":"ListItem","position":3,"name":"MEMORY GARDEN &#8211; 1349 CD"}]},{"@type":"WebSite","@id":"https:\/\/www.cudgel.de\/#website","url":"https:\/\/www.cudgel.de\/","name":"cudgel | Der ultimative Metal Online Store","description":"Eine weitere WordPress-Website","publisher":{"@id":"https:\/\/www.cudgel.de\/#organization"},"potentialAction":[{"@type":"SearchAction","target":{"@type":"EntryPoint","urlTemplate":"https:\/\/www.cudgel.de\/?s={search_term_string}"},"query-input":"required name=search_term_string"}],"inLanguage":"en-US"},{"@type":"Organization","@id":"https:\/\/www.cudgel.de\/#organization","name":"cudgel | Der ultimative Metal Online Store","url":"https:\/\/www.cudgel.de\/","logo":{"@type":"ImageObject","inLanguage":"en-US","@id":"https:\/\/www.cudgel.de\/#\/schema\/logo\/image\/","url":"https:\/\/www.cudgel.de\/wp-content\/uploads\/2024\/06\/cudgel-logo-neu-1-1400x419png.webp","contentUrl":"https:\/\/www.cudgel.de\/wp-content\/uploads\/2024\/06\/cudgel-logo-neu-1-1400x419png.webp","width":1400,"height":419,"caption":"cudgel | Der ultimative Metal Online Store"},"image":{"@id":"https:\/\/www.cudgel.de\/#\/schema\/logo\/image\/"},"sameAs":["https:\/\/www.facebook.com\/CudgelVertrieb"]}]}},"_links":{"self":[{"href":"https:\/\/www.cudgel.de\/en\/wp-json\/wp\/v2\/product\/1929159","targetHints":{"allow":["GET"]}}],"collection":[{"href":"https:\/\/www.cudgel.de\/en\/wp-json\/wp\/v2\/product"}],"about":[{"href":"https:\/\/www.cudgel.de\/en\/wp-json\/wp\/v2\/types\/product"}],"replies":[{"embeddable":true,"href":"https:\/\/www.cudgel.de\/en\/wp-json\/wp\/v2\/comments?post=1929159"}],"wp:featuredmedia":[{"embeddable":true,"href":"https:\/\/www.cudgel.de\/en\/wp-json\/wp\/v2\/media\/1929157"}],"wp:attachment":[{"href":"https:\/\/www.cudgel.de\/en\/wp-json\/wp\/v2\/media?parent=1929159"}],"wp:term":[{"taxonomy":"product_cat","embeddable":true,"href":"https:\/\/www.cudgel.de\/en\/wp-json\/wp\/v2\/product_cat?post=1929159"},{"taxonomy":"product_tag","embeddable":true,"href":"https:\/\/www.cudgel.de\/en\/wp-json\/wp\/v2\/product_tag?post=1929159"}],"curies":[{"name":"wp","href":"https:\/\/api.w.org\/{rel}","templated":true}]}}