{"id":1937147,"date":"2024-05-10T08:28:48","date_gmt":"2024-05-10T06:28:48","guid":{"rendered":"https:\/\/www.cudgel.de\/produkt\/fortid-narkissos-digicd\/"},"modified":"2025-12-31T01:48:32","modified_gmt":"2025-12-31T00:48:32","slug":"fortid-narkissos-digicd","status":"publish","type":"product","link":"https:\/\/www.cudgel.de\/en\/product\/fortid-narkissos-digicd\/","title":{"rendered":"FORTID &#8211; narkissos DigiCD"},"content":{"rendered":"<p>Mit ihrem siebten Album &#8220;Narkissos&#8221; legen FORT\u00cd\u00d0 ein Meisterwerk vor, das in vielen Jahresbestenlisten weit oben stehen wird. Das isl\u00e4ndische Trio hat sich dabei kaum ver\u00e4ndert, es macht einfach alles noch besser als zuvor. FORT\u00cd\u00d0 schmieden melodischen Riff-Stahl aus Black, Death, Thrash und Heavy Metal zu einer scharfen Klinge zusammen. Die Isl\u00e4nder legen ihren Fokus nicht auf ein bestimmtes Genre, sondern sie konzentrieren sich alleine auf das Schreiben exzellenter Songs. Das Ergebnis sind die neun eing\u00e4ngigen und feurigen Metal-Hymnen auf Narkissos&#8221;. Die Koordinaten ihrer langen musikalischen Reise legten FORT\u00cd\u00d0 bereits mit der ambitionierten &#8220;V\u00f6lusp\u00e1&#8221;-Albumtrilogie fest, die von 2003 bis 2010 erschien. Die anf\u00e4ngliche Kombination aus hartem Black und Death Metal Riffing mit einer Prise Thrash und einem Hang zu epischen Melodien, vielseitigem Gesang sowie einer kr\u00e4ftigen Dosis &#8220;isl\u00e4ndischem Sound&#8221; wurde auf dem gefeierten vierten Album &#8220;Pagan Prophecies&#8221; (2012) ebenso wie auf dem folgenden Langspieler &#8220;9&#8221; (2015) kontinuierlich verfeinert. Mit dem dunklen sechsten Album &#8220;World Serpent&#8221; (2020) schlugen FORT\u00cd\u00d0 ihren aktuellen Kurs ein, der \u00fcber die Zwei-Track-EP &#8220;D\u00f3mur um dau\u00f0an hvern&#8221; (2022) direkt zu &#8220;Narkissos&#8221; f\u00fchrte. Lyrisch bleiben FORT\u00cd\u00d0 trotz dem Verweis auf den klassischen Mythos im Titel auf altnordischem und heidnischem Kurs. Bandkopf Einar Thorberg Gu\u00f0mundsson hat im nordischen Kontext ein konzeptionelles Garn \u00fcber einen Charakter mit der sogenannten narzisstischen Pers\u00f6nlichkeitsst\u00f6rung gesponnen, das sich als Roter Faden durch &#8220;Narkissos&#8221; zieht. FORT\u00cd\u00d0 liefern ein Metal-Album auf der H\u00f6he der Zeit ab, das die Isl\u00e4nder sowohl musikalisch als auch textlich auf einen neuen H\u00f6hepunkt f\u00fchrt und garantiert sein Publikum finden wird.<\/p>\n<p><strong>Tracks:<\/strong><\/p>\n<ol class=\"tracklisting\">\n<li>Narkissos<\/li>\n<li>Drottnari<\/li>\n<li>Vefurinn sem \u00e9g spinn<\/li>\n<li>Uppskera<\/li>\n<li>\u00de\u00fasund \u00fej\u00e1ninga smi\u00f0ur<\/li>\n<li>Rotinn arfur<\/li>\n<li>Illt skal me\u00f0 illu gjalda<\/li>\n<li>T\u00edmans \u00f6r<\/li>\n<li>Vi\u00f0 dau\u00f0ans dyr<\/li>\n<\/ol>\n<p><strong>Genres:<\/strong> Black Metal, Viking Metal, Death Metal<\/p>\n<p> <strong>Label:<\/strong> Lupus Lounge<\/p>\n<p> <strong>Erscheinungsjahr:<\/strong> 2023<\/p>\n<p> <strong>K\u00fcnstler:<\/strong> FORTID<\/p>\n<p> <strong>Spieldauer:<\/strong> 53:36<\/p>\n<p> <strong>Format:<\/strong> CD<\/p>\n<p> <strong>EAN:<\/strong> 0884388867260<\/p>\n","protected":false},"excerpt":{"rendered":"<p>Mit ihrem siebten Album &#8220;Narkissos&#8221; legen FORT\u00cd\u00d0 ein Meisterwerk vor, das in vielen Jahresbestenlisten weit oben stehen wird. Das isl\u00e4ndische Trio hat sich dabei kaum ver\u00e4ndert, es macht einfach alles noch besser als zuvor. FORT\u00cd\u00d0 schmieden melodischen Riff-Stahl aus Black, Death, Thrash und Heavy Metal zu einer scharfen Klinge zusammen. Die Isl\u00e4nder legen ihren Fokus [&#8230;]\n","protected":false},"featured_media":1937145,"comment_status":"open","ping_status":"closed","template":"","meta":[],"product_cat":[453],"product_tag":[],"class_list":{"0":"post-1937147","1":"product","2":"type-product","3":"status-publish","4":"has-post-thumbnail","6":"product_cat-cd-f","7":"pa_band-fortid","8":"pa_productgenre-black-metal","9":"pa_productgenre-death-metal","10":"pa_productgenre-viking-metal","11":"pa_productlabel-lupus-lounge","13":"first","14":"instock","15":"taxable","16":"shipping-taxable","17":"purchasable","18":"product-type-simple"},"yoast_head":"<!-- This site is optimized with the Yoast SEO plugin v22.9 - https:\/\/yoast.com\/wordpress\/plugins\/seo\/ -->\n<title>FORTID - narkissos DigiCD - cudgel | Der ultimative Metal Online Store<\/title>\n<meta name=\"robots\" content=\"index, follow, max-snippet:-1, max-image-preview:large, max-video-preview:-1\" \/>\n<link rel=\"canonical\" href=\"https:\/\/www.cudgel.de\/produkt\/fortid-narkissos-digicd\/\" \/>\n<meta property=\"og:locale\" content=\"en_US\" \/>\n<meta property=\"og:type\" content=\"article\" \/>\n<meta property=\"og:title\" content=\"FORTID - narkissos DigiCD - cudgel | Der ultimative Metal Online Store\" \/>\n<meta property=\"og:description\" content=\"Mit ihrem siebten Album &#8220;Narkissos&#8221; legen FORT\u00cd\u00d0 ein Meisterwerk vor, das in vielen Jahresbestenlisten weit oben stehen wird. Das isl\u00e4ndische Trio hat sich dabei kaum ver\u00e4ndert, es macht einfach alles noch besser als zuvor. FORT\u00cd\u00d0 schmieden melodischen Riff-Stahl aus Black, Death, Thrash und Heavy Metal zu einer scharfen Klinge zusammen. Die Isl\u00e4nder legen ihren Fokus [...]\" \/>\n<meta property=\"og:url\" content=\"https:\/\/www.cudgel.de\/produkt\/fortid-narkissos-digicd\/\" \/>\n<meta property=\"og:site_name\" content=\"cudgel | Der ultimative Metal Online Store\" \/>\n<meta property=\"article:publisher\" content=\"https:\/\/www.facebook.com\/CudgelVertrieb\" \/>\n<meta property=\"article:modified_time\" content=\"2025-12-31T00:48:32+00:00\" \/>\n<meta property=\"og:image\" content=\"https:\/\/www.cudgel.de\/wp-content\/uploads\/2024\/05\/Art221268.jpg\" \/>\n\t<meta property=\"og:image:width\" content=\"1000\" \/>\n\t<meta property=\"og:image:height\" content=\"1000\" \/>\n\t<meta property=\"og:image:type\" content=\"image\/jpeg\" \/>\n<meta name=\"twitter:card\" content=\"summary_large_image\" \/>\n<meta name=\"twitter:label1\" content=\"Est. reading time\" \/>\n\t<meta name=\"twitter:data1\" content=\"2 minutes\" \/>\n<script type=\"application\/ld+json\" class=\"yoast-schema-graph\">{\"@context\":\"https:\/\/schema.org\",\"@graph\":[{\"@type\":\"WebPage\",\"@id\":\"https:\/\/www.cudgel.de\/produkt\/fortid-narkissos-digicd\/\",\"url\":\"https:\/\/www.cudgel.de\/produkt\/fortid-narkissos-digicd\/\",\"name\":\"FORTID - narkissos DigiCD - cudgel | Der ultimative Metal Online Store\",\"isPartOf\":{\"@id\":\"https:\/\/www.cudgel.de\/#website\"},\"primaryImageOfPage\":{\"@id\":\"https:\/\/www.cudgel.de\/produkt\/fortid-narkissos-digicd\/#primaryimage\"},\"image\":{\"@id\":\"https:\/\/www.cudgel.de\/produkt\/fortid-narkissos-digicd\/#primaryimage\"},\"thumbnailUrl\":\"https:\/\/www.cudgel.de\/wp-content\/uploads\/2024\/05\/Art221268.jpg\",\"datePublished\":\"2024-05-10T06:28:48+00:00\",\"dateModified\":\"2025-12-31T00:48:32+00:00\",\"breadcrumb\":{\"@id\":\"https:\/\/www.cudgel.de\/produkt\/fortid-narkissos-digicd\/#breadcrumb\"},\"inLanguage\":\"en-US\",\"potentialAction\":[{\"@type\":\"ReadAction\",\"target\":[\"https:\/\/www.cudgel.de\/produkt\/fortid-narkissos-digicd\/\"]}]},{\"@type\":\"ImageObject\",\"inLanguage\":\"en-US\",\"@id\":\"https:\/\/www.cudgel.de\/produkt\/fortid-narkissos-digicd\/#primaryimage\",\"url\":\"https:\/\/www.cudgel.de\/wp-content\/uploads\/2024\/05\/Art221268.jpg\",\"contentUrl\":\"https:\/\/www.cudgel.de\/wp-content\/uploads\/2024\/05\/Art221268.jpg\",\"width\":1000,\"height\":1000},{\"@type\":\"BreadcrumbList\",\"@id\":\"https:\/\/www.cudgel.de\/produkt\/fortid-narkissos-digicd\/#breadcrumb\",\"itemListElement\":[{\"@type\":\"ListItem\",\"position\":1,\"name\":\"Home\",\"item\":\"https:\/\/www.cudgel.de\/en\/\"},{\"@type\":\"ListItem\",\"position\":2,\"name\":\"Shop\",\"item\":\"https:\/\/www.cudgel.de\/en\/shop\/\"},{\"@type\":\"ListItem\",\"position\":3,\"name\":\"FORTID &#8211; narkissos DigiCD\"}]},{\"@type\":\"WebSite\",\"@id\":\"https:\/\/www.cudgel.de\/#website\",\"url\":\"https:\/\/www.cudgel.de\/\",\"name\":\"cudgel | Der ultimative Metal Online Store\",\"description\":\"Eine weitere WordPress-Website\",\"publisher\":{\"@id\":\"https:\/\/www.cudgel.de\/#organization\"},\"potentialAction\":[{\"@type\":\"SearchAction\",\"target\":{\"@type\":\"EntryPoint\",\"urlTemplate\":\"https:\/\/www.cudgel.de\/?s={search_term_string}\"},\"query-input\":\"required name=search_term_string\"}],\"inLanguage\":\"en-US\"},{\"@type\":\"Organization\",\"@id\":\"https:\/\/www.cudgel.de\/#organization\",\"name\":\"cudgel | Der ultimative Metal Online Store\",\"url\":\"https:\/\/www.cudgel.de\/\",\"logo\":{\"@type\":\"ImageObject\",\"inLanguage\":\"en-US\",\"@id\":\"https:\/\/www.cudgel.de\/#\/schema\/logo\/image\/\",\"url\":\"https:\/\/www.cudgel.de\/wp-content\/uploads\/2024\/06\/cudgel-logo-neu-1-1400x419png.webp\",\"contentUrl\":\"https:\/\/www.cudgel.de\/wp-content\/uploads\/2024\/06\/cudgel-logo-neu-1-1400x419png.webp\",\"width\":1400,\"height\":419,\"caption\":\"cudgel | Der ultimative Metal Online Store\"},\"image\":{\"@id\":\"https:\/\/www.cudgel.de\/#\/schema\/logo\/image\/\"},\"sameAs\":[\"https:\/\/www.facebook.com\/CudgelVertrieb\"]}]}<\/script>\n<!-- \/ Yoast SEO plugin. -->","yoast_head_json":{"title":"FORTID - narkissos DigiCD - cudgel | Der ultimative Metal Online Store","robots":{"index":"index","follow":"follow","max-snippet":"max-snippet:-1","max-image-preview":"max-image-preview:large","max-video-preview":"max-video-preview:-1"},"canonical":"https:\/\/www.cudgel.de\/produkt\/fortid-narkissos-digicd\/","og_locale":"en_US","og_type":"article","og_title":"FORTID - narkissos DigiCD - cudgel | Der ultimative Metal Online Store","og_description":"Mit ihrem siebten Album &#8220;Narkissos&#8221; legen FORT\u00cd\u00d0 ein Meisterwerk vor, das in vielen Jahresbestenlisten weit oben stehen wird. Das isl\u00e4ndische Trio hat sich dabei kaum ver\u00e4ndert, es macht einfach alles noch besser als zuvor. FORT\u00cd\u00d0 schmieden melodischen Riff-Stahl aus Black, Death, Thrash und Heavy Metal zu einer scharfen Klinge zusammen. Die Isl\u00e4nder legen ihren Fokus [...]","og_url":"https:\/\/www.cudgel.de\/produkt\/fortid-narkissos-digicd\/","og_site_name":"cudgel | Der ultimative Metal Online Store","article_publisher":"https:\/\/www.facebook.com\/CudgelVertrieb","article_modified_time":"2025-12-31T00:48:32+00:00","og_image":[{"width":1000,"height":1000,"url":"https:\/\/www.cudgel.de\/wp-content\/uploads\/2024\/05\/Art221268.jpg","type":"image\/jpeg"}],"twitter_card":"summary_large_image","twitter_misc":{"Est. reading time":"2 minutes"},"schema":{"@context":"https:\/\/schema.org","@graph":[{"@type":"WebPage","@id":"https:\/\/www.cudgel.de\/produkt\/fortid-narkissos-digicd\/","url":"https:\/\/www.cudgel.de\/produkt\/fortid-narkissos-digicd\/","name":"FORTID - narkissos DigiCD - cudgel | Der ultimative Metal Online Store","isPartOf":{"@id":"https:\/\/www.cudgel.de\/#website"},"primaryImageOfPage":{"@id":"https:\/\/www.cudgel.de\/produkt\/fortid-narkissos-digicd\/#primaryimage"},"image":{"@id":"https:\/\/www.cudgel.de\/produkt\/fortid-narkissos-digicd\/#primaryimage"},"thumbnailUrl":"https:\/\/www.cudgel.de\/wp-content\/uploads\/2024\/05\/Art221268.jpg","datePublished":"2024-05-10T06:28:48+00:00","dateModified":"2025-12-31T00:48:32+00:00","breadcrumb":{"@id":"https:\/\/www.cudgel.de\/produkt\/fortid-narkissos-digicd\/#breadcrumb"},"inLanguage":"en-US","potentialAction":[{"@type":"ReadAction","target":["https:\/\/www.cudgel.de\/produkt\/fortid-narkissos-digicd\/"]}]},{"@type":"ImageObject","inLanguage":"en-US","@id":"https:\/\/www.cudgel.de\/produkt\/fortid-narkissos-digicd\/#primaryimage","url":"https:\/\/www.cudgel.de\/wp-content\/uploads\/2024\/05\/Art221268.jpg","contentUrl":"https:\/\/www.cudgel.de\/wp-content\/uploads\/2024\/05\/Art221268.jpg","width":1000,"height":1000},{"@type":"BreadcrumbList","@id":"https:\/\/www.cudgel.de\/produkt\/fortid-narkissos-digicd\/#breadcrumb","itemListElement":[{"@type":"ListItem","position":1,"name":"Home","item":"https:\/\/www.cudgel.de\/en\/"},{"@type":"ListItem","position":2,"name":"Shop","item":"https:\/\/www.cudgel.de\/en\/shop\/"},{"@type":"ListItem","position":3,"name":"FORTID &#8211; narkissos DigiCD"}]},{"@type":"WebSite","@id":"https:\/\/www.cudgel.de\/#website","url":"https:\/\/www.cudgel.de\/","name":"cudgel | Der ultimative Metal Online Store","description":"Eine weitere WordPress-Website","publisher":{"@id":"https:\/\/www.cudgel.de\/#organization"},"potentialAction":[{"@type":"SearchAction","target":{"@type":"EntryPoint","urlTemplate":"https:\/\/www.cudgel.de\/?s={search_term_string}"},"query-input":"required name=search_term_string"}],"inLanguage":"en-US"},{"@type":"Organization","@id":"https:\/\/www.cudgel.de\/#organization","name":"cudgel | Der ultimative Metal Online Store","url":"https:\/\/www.cudgel.de\/","logo":{"@type":"ImageObject","inLanguage":"en-US","@id":"https:\/\/www.cudgel.de\/#\/schema\/logo\/image\/","url":"https:\/\/www.cudgel.de\/wp-content\/uploads\/2024\/06\/cudgel-logo-neu-1-1400x419png.webp","contentUrl":"https:\/\/www.cudgel.de\/wp-content\/uploads\/2024\/06\/cudgel-logo-neu-1-1400x419png.webp","width":1400,"height":419,"caption":"cudgel | Der ultimative Metal Online Store"},"image":{"@id":"https:\/\/www.cudgel.de\/#\/schema\/logo\/image\/"},"sameAs":["https:\/\/www.facebook.com\/CudgelVertrieb"]}]}},"_links":{"self":[{"href":"https:\/\/www.cudgel.de\/en\/wp-json\/wp\/v2\/product\/1937147","targetHints":{"allow":["GET"]}}],"collection":[{"href":"https:\/\/www.cudgel.de\/en\/wp-json\/wp\/v2\/product"}],"about":[{"href":"https:\/\/www.cudgel.de\/en\/wp-json\/wp\/v2\/types\/product"}],"replies":[{"embeddable":true,"href":"https:\/\/www.cudgel.de\/en\/wp-json\/wp\/v2\/comments?post=1937147"}],"wp:featuredmedia":[{"embeddable":true,"href":"https:\/\/www.cudgel.de\/en\/wp-json\/wp\/v2\/media\/1937145"}],"wp:attachment":[{"href":"https:\/\/www.cudgel.de\/en\/wp-json\/wp\/v2\/media?parent=1937147"}],"wp:term":[{"taxonomy":"product_cat","embeddable":true,"href":"https:\/\/www.cudgel.de\/en\/wp-json\/wp\/v2\/product_cat?post=1937147"},{"taxonomy":"product_tag","embeddable":true,"href":"https:\/\/www.cudgel.de\/en\/wp-json\/wp\/v2\/product_tag?post=1937147"}],"curies":[{"name":"wp","href":"https:\/\/api.w.org\/{rel}","templated":true}]}}