{"id":1942223,"date":"2024-05-13T11:03:46","date_gmt":"2024-05-13T09:03:46","guid":{"rendered":"https:\/\/www.cudgel.de\/produkt\/black-tusk-the-way-forward-digicd\/"},"modified":"2025-12-31T01:57:09","modified_gmt":"2025-12-31T00:57:09","slug":"black-tusk-the-way-forward-digicd","status":"publish","type":"product","link":"https:\/\/www.cudgel.de\/en\/product\/black-tusk-the-way-forward-digicd\/","title":{"rendered":"BLACK TUSK  &#8211; the way forward DigiCD"},"content":{"rendered":"<p>Black Tusk kennen sich schon lange. Gitarrist Andrew Fidler und Schlagzeuger James May sind beide in den S\u00fcmpfen von Savannah, Georgia, aufgewachsen, wo sie seit 19 Jahren gemeinsam auf die Pauke hauen.<br \/>\nObwohl sie oft in einem Atemzug mit Baroness und Kylesa genannt werden, sind Black Tusk ein ganz anderes Kaliber. Diese Sumpfmonster haben sich nie weit von ihren Wurzeln im Metal, Sludge und Punk entfernt, obwohl sie auf ihrem letzten Album nach dem Tod von Bassist Jonathan Athon darum k\u00e4mpfen mussten, weiter zu bestehen.<br \/>\nThe Way Forward ist das Ergebnis des gewonnenen Kampfes. Das Album st\u00fcrmt mit neuer Besetzung (zu der auch die ehemaligen Mitstreiter Chris &#8220;Scary&#8221; Adams und Bassist Derek Lynch geh\u00f6ren) direkt nach vorne. Gemeinsam bahnt sich die Band einen Weg in die Zukunft, indem sie sich auf das verlassen, was Black Tusk am besten kann. Die Leadsingle &#8220;Brushfire&#8221; kommt mit einem fiesen, h\u00e4sslichen, mit den F\u00fc\u00dfen stampfenden Riff daher. Der raue und ruppige Gesang l\u00e4sst die Boxen durch &#8220;Dance on Your Grave&#8221; trampeln, w\u00e4hrend &#8220;Breath of Life&#8221; mit erhobener Faust lostrommelt, als ob ein Gewitter rollt und kracht.<\/p>\n<p>Nach fast zwanzig Jahren geben Black Tusk immer noch Vollgas, und das mehr denn je!<\/p>\n<p>FFO: Weedeater, Eyehategod<\/p>\n<p><strong>Tracks:<\/strong><\/p>\n<ol class=\"tracklisting\">\n<li>Out of Grasp<\/li>\n<li>Brushfire<\/li>\n<li>Harness (The Alchemist)<\/li>\n<li>Lessons Through Deception<\/li>\n<li>Breath of Life<\/li>\n<li>Dance on Your Grave<\/li>\n<li>Against the Undertow<\/li>\n<li>Lift Yourself<\/li>\n<li>Ocean of Obsidian<\/li>\n<li>Flee from Dawn<\/li>\n<li>The Way Forward<\/li>\n<\/ol>\n<p><strong>Genres:<\/strong> Doom Metal, Rock, Punk<\/p>\n<p> <strong>Label:<\/strong> Season Of Mist<\/p>\n<p> <strong>Erscheinungsjahr:<\/strong> 2024<\/p>\n<p> <strong>K\u00fcnstler:<\/strong> BLACK TUSK<\/p>\n<p> <strong>Spieldauer:<\/strong> 35:49<\/p>\n<p> <strong>Format:<\/strong> CD<\/p>\n<p> <strong>EAN:<\/strong> 0822603000122<\/p>\n","protected":false},"excerpt":{"rendered":"<p>Black Tusk kennen sich schon lange. Gitarrist Andrew Fidler und Schlagzeuger James May sind beide in den S\u00fcmpfen von Savannah, Georgia, aufgewachsen, wo sie seit 19 Jahren gemeinsam auf die Pauke hauen. Obwohl sie oft in einem Atemzug mit Baroness und Kylesa genannt werden, sind Black Tusk ein ganz anderes Kaliber. Diese Sumpfmonster haben sich [&#8230;]\n","protected":false},"featured_media":1942221,"comment_status":"open","ping_status":"closed","template":"","meta":[],"product_cat":[449],"product_tag":[],"class_list":{"0":"post-1942223","1":"product","2":"type-product","3":"status-publish","4":"has-post-thumbnail","6":"product_cat-cd-b","7":"pa_band-black-tusk","8":"pa_productgenre-doom-metal","9":"pa_productgenre-punk","10":"pa_productgenre-rock","11":"pa_productlabel-season-of-mist","13":"first","14":"instock","15":"taxable","16":"shipping-taxable","17":"purchasable","18":"product-type-simple"},"yoast_head":"<!-- This site is optimized with the Yoast SEO plugin v22.9 - https:\/\/yoast.com\/wordpress\/plugins\/seo\/ -->\n<title>BLACK TUSK - the way forward DigiCD - cudgel | Der ultimative Metal Online Store<\/title>\n<meta name=\"robots\" content=\"index, follow, max-snippet:-1, max-image-preview:large, max-video-preview:-1\" \/>\n<link rel=\"canonical\" href=\"https:\/\/www.cudgel.de\/produkt\/black-tusk-the-way-forward-digicd\/\" \/>\n<meta property=\"og:locale\" content=\"en_US\" \/>\n<meta property=\"og:type\" content=\"article\" \/>\n<meta property=\"og:title\" content=\"BLACK TUSK - the way forward DigiCD - cudgel | Der ultimative Metal Online Store\" \/>\n<meta property=\"og:description\" content=\"Black Tusk kennen sich schon lange. Gitarrist Andrew Fidler und Schlagzeuger James May sind beide in den S\u00fcmpfen von Savannah, Georgia, aufgewachsen, wo sie seit 19 Jahren gemeinsam auf die Pauke hauen. Obwohl sie oft in einem Atemzug mit Baroness und Kylesa genannt werden, sind Black Tusk ein ganz anderes Kaliber. Diese Sumpfmonster haben sich [...]\" \/>\n<meta property=\"og:url\" content=\"https:\/\/www.cudgel.de\/produkt\/black-tusk-the-way-forward-digicd\/\" \/>\n<meta property=\"og:site_name\" content=\"cudgel | Der ultimative Metal Online Store\" \/>\n<meta property=\"article:publisher\" content=\"https:\/\/www.facebook.com\/CudgelVertrieb\" \/>\n<meta property=\"article:modified_time\" content=\"2025-12-31T00:57:09+00:00\" \/>\n<meta property=\"og:image\" content=\"https:\/\/www.cudgel.de\/wp-content\/uploads\/2024\/05\/Art221485.jpg\" \/>\n\t<meta property=\"og:image:width\" content=\"1000\" \/>\n\t<meta property=\"og:image:height\" content=\"1000\" \/>\n\t<meta property=\"og:image:type\" content=\"image\/jpeg\" \/>\n<meta name=\"twitter:card\" content=\"summary_large_image\" \/>\n<meta name=\"twitter:label1\" content=\"Est. reading time\" \/>\n\t<meta name=\"twitter:data1\" content=\"1 minute\" \/>\n<script type=\"application\/ld+json\" class=\"yoast-schema-graph\">{\"@context\":\"https:\/\/schema.org\",\"@graph\":[{\"@type\":\"WebPage\",\"@id\":\"https:\/\/www.cudgel.de\/produkt\/black-tusk-the-way-forward-digicd\/\",\"url\":\"https:\/\/www.cudgel.de\/produkt\/black-tusk-the-way-forward-digicd\/\",\"name\":\"BLACK TUSK - the way forward DigiCD - cudgel | Der ultimative Metal Online Store\",\"isPartOf\":{\"@id\":\"https:\/\/www.cudgel.de\/#website\"},\"primaryImageOfPage\":{\"@id\":\"https:\/\/www.cudgel.de\/produkt\/black-tusk-the-way-forward-digicd\/#primaryimage\"},\"image\":{\"@id\":\"https:\/\/www.cudgel.de\/produkt\/black-tusk-the-way-forward-digicd\/#primaryimage\"},\"thumbnailUrl\":\"https:\/\/www.cudgel.de\/wp-content\/uploads\/2024\/05\/Art221485.jpg\",\"datePublished\":\"2024-05-13T09:03:46+00:00\",\"dateModified\":\"2025-12-31T00:57:09+00:00\",\"breadcrumb\":{\"@id\":\"https:\/\/www.cudgel.de\/produkt\/black-tusk-the-way-forward-digicd\/#breadcrumb\"},\"inLanguage\":\"en-US\",\"potentialAction\":[{\"@type\":\"ReadAction\",\"target\":[\"https:\/\/www.cudgel.de\/produkt\/black-tusk-the-way-forward-digicd\/\"]}]},{\"@type\":\"ImageObject\",\"inLanguage\":\"en-US\",\"@id\":\"https:\/\/www.cudgel.de\/produkt\/black-tusk-the-way-forward-digicd\/#primaryimage\",\"url\":\"https:\/\/www.cudgel.de\/wp-content\/uploads\/2024\/05\/Art221485.jpg\",\"contentUrl\":\"https:\/\/www.cudgel.de\/wp-content\/uploads\/2024\/05\/Art221485.jpg\",\"width\":1000,\"height\":1000},{\"@type\":\"BreadcrumbList\",\"@id\":\"https:\/\/www.cudgel.de\/produkt\/black-tusk-the-way-forward-digicd\/#breadcrumb\",\"itemListElement\":[{\"@type\":\"ListItem\",\"position\":1,\"name\":\"Home\",\"item\":\"https:\/\/www.cudgel.de\/en\/\"},{\"@type\":\"ListItem\",\"position\":2,\"name\":\"Shop\",\"item\":\"https:\/\/www.cudgel.de\/en\/shop\/\"},{\"@type\":\"ListItem\",\"position\":3,\"name\":\"BLACK TUSK &#8211; the way forward DigiCD\"}]},{\"@type\":\"WebSite\",\"@id\":\"https:\/\/www.cudgel.de\/#website\",\"url\":\"https:\/\/www.cudgel.de\/\",\"name\":\"cudgel | Der ultimative Metal Online Store\",\"description\":\"Eine weitere WordPress-Website\",\"publisher\":{\"@id\":\"https:\/\/www.cudgel.de\/#organization\"},\"potentialAction\":[{\"@type\":\"SearchAction\",\"target\":{\"@type\":\"EntryPoint\",\"urlTemplate\":\"https:\/\/www.cudgel.de\/?s={search_term_string}\"},\"query-input\":\"required name=search_term_string\"}],\"inLanguage\":\"en-US\"},{\"@type\":\"Organization\",\"@id\":\"https:\/\/www.cudgel.de\/#organization\",\"name\":\"cudgel | Der ultimative Metal Online Store\",\"url\":\"https:\/\/www.cudgel.de\/\",\"logo\":{\"@type\":\"ImageObject\",\"inLanguage\":\"en-US\",\"@id\":\"https:\/\/www.cudgel.de\/#\/schema\/logo\/image\/\",\"url\":\"https:\/\/www.cudgel.de\/wp-content\/uploads\/2024\/06\/cudgel-logo-neu-1-1400x419png.webp\",\"contentUrl\":\"https:\/\/www.cudgel.de\/wp-content\/uploads\/2024\/06\/cudgel-logo-neu-1-1400x419png.webp\",\"width\":1400,\"height\":419,\"caption\":\"cudgel | Der ultimative Metal Online Store\"},\"image\":{\"@id\":\"https:\/\/www.cudgel.de\/#\/schema\/logo\/image\/\"},\"sameAs\":[\"https:\/\/www.facebook.com\/CudgelVertrieb\"]}]}<\/script>\n<!-- \/ Yoast SEO plugin. -->","yoast_head_json":{"title":"BLACK TUSK - the way forward DigiCD - cudgel | Der ultimative Metal Online Store","robots":{"index":"index","follow":"follow","max-snippet":"max-snippet:-1","max-image-preview":"max-image-preview:large","max-video-preview":"max-video-preview:-1"},"canonical":"https:\/\/www.cudgel.de\/produkt\/black-tusk-the-way-forward-digicd\/","og_locale":"en_US","og_type":"article","og_title":"BLACK TUSK - the way forward DigiCD - cudgel | Der ultimative Metal Online Store","og_description":"Black Tusk kennen sich schon lange. Gitarrist Andrew Fidler und Schlagzeuger James May sind beide in den S\u00fcmpfen von Savannah, Georgia, aufgewachsen, wo sie seit 19 Jahren gemeinsam auf die Pauke hauen. Obwohl sie oft in einem Atemzug mit Baroness und Kylesa genannt werden, sind Black Tusk ein ganz anderes Kaliber. Diese Sumpfmonster haben sich [...]","og_url":"https:\/\/www.cudgel.de\/produkt\/black-tusk-the-way-forward-digicd\/","og_site_name":"cudgel | Der ultimative Metal Online Store","article_publisher":"https:\/\/www.facebook.com\/CudgelVertrieb","article_modified_time":"2025-12-31T00:57:09+00:00","og_image":[{"width":1000,"height":1000,"url":"https:\/\/www.cudgel.de\/wp-content\/uploads\/2024\/05\/Art221485.jpg","type":"image\/jpeg"}],"twitter_card":"summary_large_image","twitter_misc":{"Est. reading time":"1 minute"},"schema":{"@context":"https:\/\/schema.org","@graph":[{"@type":"WebPage","@id":"https:\/\/www.cudgel.de\/produkt\/black-tusk-the-way-forward-digicd\/","url":"https:\/\/www.cudgel.de\/produkt\/black-tusk-the-way-forward-digicd\/","name":"BLACK TUSK - the way forward DigiCD - cudgel | Der ultimative Metal Online Store","isPartOf":{"@id":"https:\/\/www.cudgel.de\/#website"},"primaryImageOfPage":{"@id":"https:\/\/www.cudgel.de\/produkt\/black-tusk-the-way-forward-digicd\/#primaryimage"},"image":{"@id":"https:\/\/www.cudgel.de\/produkt\/black-tusk-the-way-forward-digicd\/#primaryimage"},"thumbnailUrl":"https:\/\/www.cudgel.de\/wp-content\/uploads\/2024\/05\/Art221485.jpg","datePublished":"2024-05-13T09:03:46+00:00","dateModified":"2025-12-31T00:57:09+00:00","breadcrumb":{"@id":"https:\/\/www.cudgel.de\/produkt\/black-tusk-the-way-forward-digicd\/#breadcrumb"},"inLanguage":"en-US","potentialAction":[{"@type":"ReadAction","target":["https:\/\/www.cudgel.de\/produkt\/black-tusk-the-way-forward-digicd\/"]}]},{"@type":"ImageObject","inLanguage":"en-US","@id":"https:\/\/www.cudgel.de\/produkt\/black-tusk-the-way-forward-digicd\/#primaryimage","url":"https:\/\/www.cudgel.de\/wp-content\/uploads\/2024\/05\/Art221485.jpg","contentUrl":"https:\/\/www.cudgel.de\/wp-content\/uploads\/2024\/05\/Art221485.jpg","width":1000,"height":1000},{"@type":"BreadcrumbList","@id":"https:\/\/www.cudgel.de\/produkt\/black-tusk-the-way-forward-digicd\/#breadcrumb","itemListElement":[{"@type":"ListItem","position":1,"name":"Home","item":"https:\/\/www.cudgel.de\/en\/"},{"@type":"ListItem","position":2,"name":"Shop","item":"https:\/\/www.cudgel.de\/en\/shop\/"},{"@type":"ListItem","position":3,"name":"BLACK TUSK &#8211; the way forward DigiCD"}]},{"@type":"WebSite","@id":"https:\/\/www.cudgel.de\/#website","url":"https:\/\/www.cudgel.de\/","name":"cudgel | Der ultimative Metal Online Store","description":"Eine weitere WordPress-Website","publisher":{"@id":"https:\/\/www.cudgel.de\/#organization"},"potentialAction":[{"@type":"SearchAction","target":{"@type":"EntryPoint","urlTemplate":"https:\/\/www.cudgel.de\/?s={search_term_string}"},"query-input":"required name=search_term_string"}],"inLanguage":"en-US"},{"@type":"Organization","@id":"https:\/\/www.cudgel.de\/#organization","name":"cudgel | Der ultimative Metal Online Store","url":"https:\/\/www.cudgel.de\/","logo":{"@type":"ImageObject","inLanguage":"en-US","@id":"https:\/\/www.cudgel.de\/#\/schema\/logo\/image\/","url":"https:\/\/www.cudgel.de\/wp-content\/uploads\/2024\/06\/cudgel-logo-neu-1-1400x419png.webp","contentUrl":"https:\/\/www.cudgel.de\/wp-content\/uploads\/2024\/06\/cudgel-logo-neu-1-1400x419png.webp","width":1400,"height":419,"caption":"cudgel | Der ultimative Metal Online Store"},"image":{"@id":"https:\/\/www.cudgel.de\/#\/schema\/logo\/image\/"},"sameAs":["https:\/\/www.facebook.com\/CudgelVertrieb"]}]}},"_links":{"self":[{"href":"https:\/\/www.cudgel.de\/en\/wp-json\/wp\/v2\/product\/1942223","targetHints":{"allow":["GET"]}}],"collection":[{"href":"https:\/\/www.cudgel.de\/en\/wp-json\/wp\/v2\/product"}],"about":[{"href":"https:\/\/www.cudgel.de\/en\/wp-json\/wp\/v2\/types\/product"}],"replies":[{"embeddable":true,"href":"https:\/\/www.cudgel.de\/en\/wp-json\/wp\/v2\/comments?post=1942223"}],"wp:featuredmedia":[{"embeddable":true,"href":"https:\/\/www.cudgel.de\/en\/wp-json\/wp\/v2\/media\/1942221"}],"wp:attachment":[{"href":"https:\/\/www.cudgel.de\/en\/wp-json\/wp\/v2\/media?parent=1942223"}],"wp:term":[{"taxonomy":"product_cat","embeddable":true,"href":"https:\/\/www.cudgel.de\/en\/wp-json\/wp\/v2\/product_cat?post=1942223"},{"taxonomy":"product_tag","embeddable":true,"href":"https:\/\/www.cudgel.de\/en\/wp-json\/wp\/v2\/product_tag?post=1942223"}],"curies":[{"name":"wp","href":"https:\/\/api.w.org\/{rel}","templated":true}]}}