{"id":1954135,"date":"2024-05-21T12:04:33","date_gmt":"2024-05-21T10:04:33","guid":{"rendered":"https:\/\/www.cudgel.de\/produkt\/slimelord-chytridiomycosis-relinquished-lp-black\/"},"modified":"2025-12-31T01:32:16","modified_gmt":"2025-12-31T00:32:16","slug":"slimelord-chytridiomycosis-relinquished-lp-black","status":"publish","type":"product","link":"https:\/\/www.cudgel.de\/en\/product\/slimelord-chytridiomycosis-relinquished-lp-black\/","title":{"rendered":"SLIMELORD &#8211; chytridiomycosis relinquished LP black"},"content":{"rendered":"<p>lim. black vinyl<\/p>\n<p>Slimelord, Englands eigenartigste Death Metal-Kuriosit\u00e4t, hat auf ihrem Deb\u00fctalbum &#8220;Chytridiomycosis Relinquished&#8221; eine wilde und halluzinatorische Geschichte aus den unterirdischen Tiefen zusammengetragen. Das Logbuch der Suche verwebt sich mit den ungew\u00f6hnlichsten Elementen der Geologie, alten Mythen, Weltgeschichte, Umweltschutz und Fantasie. Ein Konzept, das so detailliert und komplex bizarr ist wie die Musik selbst.<\/p>\n<p>Nach mehreren hochgelobten EP-Ver\u00f6ffentlichungen sumpfiger Death- und Doom-Abartigkeiten zeigen sich Slimelord auf &#8220;Chytridiomycosis Relinquished&#8221; in Bezug auf Geschwindigkeit und Schwere in ihrer bisher st\u00e4rksten Form. Das gewaltige Riffing, gepaart mit ihrer F\u00e4higkeit, vertr\u00e4umte, abgedrehte Wiederholungen und improvisierte Unorthodoxie zu beschw\u00f6ren, wird durch \u00fcberlagerte Effektpedale und sogar Field-Recordings erg\u00e4nzt, um eine Atmosph\u00e4re von extremer Dichte und exzentrischer Mythosbildung zu schaffen, die ein v\u00f6lliges Eintauchen in die Dunkelheit erm\u00f6glicht.<\/p>\n<p>Mit Brad Moores filmischen und unheimlichen visuellen Landschaften, die Slimelords surreale Saga in eine lebendige Realit\u00e4t verwandeln, und zus\u00e4tzlichen Story-Ebenen jenseits der Texte, die in der Ver\u00f6ffentlichung enthalten sind, pr\u00e4sentiert &#8220;Chytridiomycosis Relinquished&#8221; eine enorme Weiterentwicklung der musikalischen Komposition und des Produktionswertes. Die umfassende musikalische und \u00e4sthetische Vision von Slimelord dringt wie ein Pilz in das Substrat ein, von dem sie sich ern\u00e4hrt.<\/p>\n<p>&#8211; Deb\u00fctalbum von Slimelord aus Gro\u00dfbritannien nach mehreren abgefeierten EPs<br \/>\n&#8211; Gemischt, neu abgemischt und gemastert von Damian Herring von Horrendous<br \/>\n&#8211; Artwork von Brad Moore (Tomb Mold, Worm)<br \/>\n&#8211; FFO: Disembowlment, Immolation, Morbid Angel, Voidceremony, Tomb Mold, Edge of Sanity, Morbus Chron<\/p>\n<p><strong>Tracks:<\/strong><\/p>\n<ol class=\"tracklisting\">\n<li>The Beckoning Bell<\/li>\n<li>Gut-Brain Axis<\/li>\n<li>Splayed Mudscape<\/li>\n<li>Batrachomorpha Ressurections Chamber<\/li>\n<li>The Hissing Moor<\/li>\n<li>Tidal Slaughtermarsh<\/li>\n<li>Heroic Demise<\/li>\n<\/ol>\n<p><strong>Genres:<\/strong> Death Metal, Doom Metal<\/p>\n","protected":false},"excerpt":{"rendered":"<p>lim. black vinyl Slimelord, Englands eigenartigste Death Metal-Kuriosit\u00e4t, hat auf ihrem Deb\u00fctalbum &#8220;Chytridiomycosis Relinquished&#8221; eine wilde und halluzinatorische Geschichte aus den unterirdischen Tiefen zusammengetragen. Das Logbuch der Suche verwebt sich mit den ungew\u00f6hnlichsten Elementen der Geologie, alten Mythen, Weltgeschichte, Umweltschutz und Fantasie. Ein Konzept, das so detailliert und komplex bizarr ist wie die Musik selbst. [&#8230;]\n","protected":false},"featured_media":1954133,"comment_status":"open","ping_status":"closed","template":"","meta":[],"product_cat":[441],"product_tag":[],"class_list":{"0":"post-1954135","1":"product","2":"type-product","3":"status-publish","4":"has-post-thumbnail","6":"product_cat-vinyl-s","7":"pa_band-slimelord","8":"pa_productgenre-death-metal","9":"pa_productgenre-doom-metal","10":"pa_productlabel-20-buck-spin","12":"first","13":"instock","14":"taxable","15":"shipping-taxable","16":"purchasable","17":"product-type-simple"},"yoast_head":"<!-- This site is optimized with the Yoast SEO plugin v22.9 - https:\/\/yoast.com\/wordpress\/plugins\/seo\/ -->\n<title>SLIMELORD - chytridiomycosis relinquished LP black - cudgel | Der ultimative Metal Online Store<\/title>\n<meta name=\"robots\" content=\"index, follow, max-snippet:-1, max-image-preview:large, max-video-preview:-1\" \/>\n<link rel=\"canonical\" href=\"https:\/\/www.cudgel.de\/produkt\/slimelord-chytridiomycosis-relinquished-lp-black\/\" \/>\n<meta property=\"og:locale\" content=\"en_US\" \/>\n<meta property=\"og:type\" content=\"article\" \/>\n<meta property=\"og:title\" content=\"SLIMELORD - chytridiomycosis relinquished LP black - cudgel | Der ultimative Metal Online Store\" \/>\n<meta property=\"og:description\" content=\"lim. black vinyl Slimelord, Englands eigenartigste Death Metal-Kuriosit\u00e4t, hat auf ihrem Deb\u00fctalbum &#8220;Chytridiomycosis Relinquished&#8221; eine wilde und halluzinatorische Geschichte aus den unterirdischen Tiefen zusammengetragen. Das Logbuch der Suche verwebt sich mit den ungew\u00f6hnlichsten Elementen der Geologie, alten Mythen, Weltgeschichte, Umweltschutz und Fantasie. Ein Konzept, das so detailliert und komplex bizarr ist wie die Musik selbst. [...]\" \/>\n<meta property=\"og:url\" content=\"https:\/\/www.cudgel.de\/produkt\/slimelord-chytridiomycosis-relinquished-lp-black\/\" \/>\n<meta property=\"og:site_name\" content=\"cudgel | Der ultimative Metal Online Store\" \/>\n<meta property=\"article:publisher\" content=\"https:\/\/www.facebook.com\/CudgelVertrieb\" \/>\n<meta property=\"article:modified_time\" content=\"2025-12-31T00:32:16+00:00\" \/>\n<meta property=\"og:image\" content=\"https:\/\/www.cudgel.de\/wp-content\/uploads\/2024\/05\/Art109656-1.jpg\" \/>\n\t<meta property=\"og:image:width\" content=\"1500\" \/>\n\t<meta property=\"og:image:height\" content=\"1384\" \/>\n\t<meta property=\"og:image:type\" content=\"image\/jpeg\" \/>\n<meta name=\"twitter:card\" content=\"summary_large_image\" \/>\n<meta name=\"twitter:label1\" content=\"Est. reading time\" \/>\n\t<meta name=\"twitter:data1\" content=\"1 minute\" \/>\n<script type=\"application\/ld+json\" class=\"yoast-schema-graph\">{\"@context\":\"https:\/\/schema.org\",\"@graph\":[{\"@type\":\"WebPage\",\"@id\":\"https:\/\/www.cudgel.de\/produkt\/slimelord-chytridiomycosis-relinquished-lp-black\/\",\"url\":\"https:\/\/www.cudgel.de\/produkt\/slimelord-chytridiomycosis-relinquished-lp-black\/\",\"name\":\"SLIMELORD - chytridiomycosis relinquished LP black - cudgel | Der ultimative Metal Online Store\",\"isPartOf\":{\"@id\":\"https:\/\/www.cudgel.de\/#website\"},\"primaryImageOfPage\":{\"@id\":\"https:\/\/www.cudgel.de\/produkt\/slimelord-chytridiomycosis-relinquished-lp-black\/#primaryimage\"},\"image\":{\"@id\":\"https:\/\/www.cudgel.de\/produkt\/slimelord-chytridiomycosis-relinquished-lp-black\/#primaryimage\"},\"thumbnailUrl\":\"https:\/\/www.cudgel.de\/wp-content\/uploads\/2024\/05\/Art109656-1.jpg\",\"datePublished\":\"2024-05-21T10:04:33+00:00\",\"dateModified\":\"2025-12-31T00:32:16+00:00\",\"breadcrumb\":{\"@id\":\"https:\/\/www.cudgel.de\/produkt\/slimelord-chytridiomycosis-relinquished-lp-black\/#breadcrumb\"},\"inLanguage\":\"en-US\",\"potentialAction\":[{\"@type\":\"ReadAction\",\"target\":[\"https:\/\/www.cudgel.de\/produkt\/slimelord-chytridiomycosis-relinquished-lp-black\/\"]}]},{\"@type\":\"ImageObject\",\"inLanguage\":\"en-US\",\"@id\":\"https:\/\/www.cudgel.de\/produkt\/slimelord-chytridiomycosis-relinquished-lp-black\/#primaryimage\",\"url\":\"https:\/\/www.cudgel.de\/wp-content\/uploads\/2024\/05\/Art109656-1.jpg\",\"contentUrl\":\"https:\/\/www.cudgel.de\/wp-content\/uploads\/2024\/05\/Art109656-1.jpg\",\"width\":1500,\"height\":1384},{\"@type\":\"BreadcrumbList\",\"@id\":\"https:\/\/www.cudgel.de\/produkt\/slimelord-chytridiomycosis-relinquished-lp-black\/#breadcrumb\",\"itemListElement\":[{\"@type\":\"ListItem\",\"position\":1,\"name\":\"Home\",\"item\":\"https:\/\/www.cudgel.de\/en\/\"},{\"@type\":\"ListItem\",\"position\":2,\"name\":\"Shop\",\"item\":\"https:\/\/www.cudgel.de\/en\/shop\/\"},{\"@type\":\"ListItem\",\"position\":3,\"name\":\"SLIMELORD &#8211; chytridiomycosis relinquished LP black\"}]},{\"@type\":\"WebSite\",\"@id\":\"https:\/\/www.cudgel.de\/#website\",\"url\":\"https:\/\/www.cudgel.de\/\",\"name\":\"cudgel | Der ultimative Metal Online Store\",\"description\":\"Eine weitere WordPress-Website\",\"publisher\":{\"@id\":\"https:\/\/www.cudgel.de\/#organization\"},\"potentialAction\":[{\"@type\":\"SearchAction\",\"target\":{\"@type\":\"EntryPoint\",\"urlTemplate\":\"https:\/\/www.cudgel.de\/?s={search_term_string}\"},\"query-input\":\"required name=search_term_string\"}],\"inLanguage\":\"en-US\"},{\"@type\":\"Organization\",\"@id\":\"https:\/\/www.cudgel.de\/#organization\",\"name\":\"cudgel | Der ultimative Metal Online Store\",\"url\":\"https:\/\/www.cudgel.de\/\",\"logo\":{\"@type\":\"ImageObject\",\"inLanguage\":\"en-US\",\"@id\":\"https:\/\/www.cudgel.de\/#\/schema\/logo\/image\/\",\"url\":\"https:\/\/www.cudgel.de\/wp-content\/uploads\/2024\/06\/cudgel-logo-neu-1-1400x419png.webp\",\"contentUrl\":\"https:\/\/www.cudgel.de\/wp-content\/uploads\/2024\/06\/cudgel-logo-neu-1-1400x419png.webp\",\"width\":1400,\"height\":419,\"caption\":\"cudgel | Der ultimative Metal Online Store\"},\"image\":{\"@id\":\"https:\/\/www.cudgel.de\/#\/schema\/logo\/image\/\"},\"sameAs\":[\"https:\/\/www.facebook.com\/CudgelVertrieb\"]}]}<\/script>\n<!-- \/ Yoast SEO plugin. -->","yoast_head_json":{"title":"SLIMELORD - chytridiomycosis relinquished LP black - cudgel | Der ultimative Metal Online Store","robots":{"index":"index","follow":"follow","max-snippet":"max-snippet:-1","max-image-preview":"max-image-preview:large","max-video-preview":"max-video-preview:-1"},"canonical":"https:\/\/www.cudgel.de\/produkt\/slimelord-chytridiomycosis-relinquished-lp-black\/","og_locale":"en_US","og_type":"article","og_title":"SLIMELORD - chytridiomycosis relinquished LP black - cudgel | Der ultimative Metal Online Store","og_description":"lim. black vinyl Slimelord, Englands eigenartigste Death Metal-Kuriosit\u00e4t, hat auf ihrem Deb\u00fctalbum &#8220;Chytridiomycosis Relinquished&#8221; eine wilde und halluzinatorische Geschichte aus den unterirdischen Tiefen zusammengetragen. Das Logbuch der Suche verwebt sich mit den ungew\u00f6hnlichsten Elementen der Geologie, alten Mythen, Weltgeschichte, Umweltschutz und Fantasie. Ein Konzept, das so detailliert und komplex bizarr ist wie die Musik selbst. [...]","og_url":"https:\/\/www.cudgel.de\/produkt\/slimelord-chytridiomycosis-relinquished-lp-black\/","og_site_name":"cudgel | Der ultimative Metal Online Store","article_publisher":"https:\/\/www.facebook.com\/CudgelVertrieb","article_modified_time":"2025-12-31T00:32:16+00:00","og_image":[{"width":1500,"height":1384,"url":"https:\/\/www.cudgel.de\/wp-content\/uploads\/2024\/05\/Art109656-1.jpg","type":"image\/jpeg"}],"twitter_card":"summary_large_image","twitter_misc":{"Est. reading time":"1 minute"},"schema":{"@context":"https:\/\/schema.org","@graph":[{"@type":"WebPage","@id":"https:\/\/www.cudgel.de\/produkt\/slimelord-chytridiomycosis-relinquished-lp-black\/","url":"https:\/\/www.cudgel.de\/produkt\/slimelord-chytridiomycosis-relinquished-lp-black\/","name":"SLIMELORD - chytridiomycosis relinquished LP black - cudgel | Der ultimative Metal Online Store","isPartOf":{"@id":"https:\/\/www.cudgel.de\/#website"},"primaryImageOfPage":{"@id":"https:\/\/www.cudgel.de\/produkt\/slimelord-chytridiomycosis-relinquished-lp-black\/#primaryimage"},"image":{"@id":"https:\/\/www.cudgel.de\/produkt\/slimelord-chytridiomycosis-relinquished-lp-black\/#primaryimage"},"thumbnailUrl":"https:\/\/www.cudgel.de\/wp-content\/uploads\/2024\/05\/Art109656-1.jpg","datePublished":"2024-05-21T10:04:33+00:00","dateModified":"2025-12-31T00:32:16+00:00","breadcrumb":{"@id":"https:\/\/www.cudgel.de\/produkt\/slimelord-chytridiomycosis-relinquished-lp-black\/#breadcrumb"},"inLanguage":"en-US","potentialAction":[{"@type":"ReadAction","target":["https:\/\/www.cudgel.de\/produkt\/slimelord-chytridiomycosis-relinquished-lp-black\/"]}]},{"@type":"ImageObject","inLanguage":"en-US","@id":"https:\/\/www.cudgel.de\/produkt\/slimelord-chytridiomycosis-relinquished-lp-black\/#primaryimage","url":"https:\/\/www.cudgel.de\/wp-content\/uploads\/2024\/05\/Art109656-1.jpg","contentUrl":"https:\/\/www.cudgel.de\/wp-content\/uploads\/2024\/05\/Art109656-1.jpg","width":1500,"height":1384},{"@type":"BreadcrumbList","@id":"https:\/\/www.cudgel.de\/produkt\/slimelord-chytridiomycosis-relinquished-lp-black\/#breadcrumb","itemListElement":[{"@type":"ListItem","position":1,"name":"Home","item":"https:\/\/www.cudgel.de\/en\/"},{"@type":"ListItem","position":2,"name":"Shop","item":"https:\/\/www.cudgel.de\/en\/shop\/"},{"@type":"ListItem","position":3,"name":"SLIMELORD &#8211; chytridiomycosis relinquished LP black"}]},{"@type":"WebSite","@id":"https:\/\/www.cudgel.de\/#website","url":"https:\/\/www.cudgel.de\/","name":"cudgel | Der ultimative Metal Online Store","description":"Eine weitere WordPress-Website","publisher":{"@id":"https:\/\/www.cudgel.de\/#organization"},"potentialAction":[{"@type":"SearchAction","target":{"@type":"EntryPoint","urlTemplate":"https:\/\/www.cudgel.de\/?s={search_term_string}"},"query-input":"required name=search_term_string"}],"inLanguage":"en-US"},{"@type":"Organization","@id":"https:\/\/www.cudgel.de\/#organization","name":"cudgel | Der ultimative Metal Online Store","url":"https:\/\/www.cudgel.de\/","logo":{"@type":"ImageObject","inLanguage":"en-US","@id":"https:\/\/www.cudgel.de\/#\/schema\/logo\/image\/","url":"https:\/\/www.cudgel.de\/wp-content\/uploads\/2024\/06\/cudgel-logo-neu-1-1400x419png.webp","contentUrl":"https:\/\/www.cudgel.de\/wp-content\/uploads\/2024\/06\/cudgel-logo-neu-1-1400x419png.webp","width":1400,"height":419,"caption":"cudgel | Der ultimative Metal Online Store"},"image":{"@id":"https:\/\/www.cudgel.de\/#\/schema\/logo\/image\/"},"sameAs":["https:\/\/www.facebook.com\/CudgelVertrieb"]}]}},"_links":{"self":[{"href":"https:\/\/www.cudgel.de\/en\/wp-json\/wp\/v2\/product\/1954135","targetHints":{"allow":["GET"]}}],"collection":[{"href":"https:\/\/www.cudgel.de\/en\/wp-json\/wp\/v2\/product"}],"about":[{"href":"https:\/\/www.cudgel.de\/en\/wp-json\/wp\/v2\/types\/product"}],"replies":[{"embeddable":true,"href":"https:\/\/www.cudgel.de\/en\/wp-json\/wp\/v2\/comments?post=1954135"}],"wp:featuredmedia":[{"embeddable":true,"href":"https:\/\/www.cudgel.de\/en\/wp-json\/wp\/v2\/media\/1954133"}],"wp:attachment":[{"href":"https:\/\/www.cudgel.de\/en\/wp-json\/wp\/v2\/media?parent=1954135"}],"wp:term":[{"taxonomy":"product_cat","embeddable":true,"href":"https:\/\/www.cudgel.de\/en\/wp-json\/wp\/v2\/product_cat?post=1954135"},{"taxonomy":"product_tag","embeddable":true,"href":"https:\/\/www.cudgel.de\/en\/wp-json\/wp\/v2\/product_tag?post=1954135"}],"curies":[{"name":"wp","href":"https:\/\/api.w.org\/{rel}","templated":true}]}}