{"id":1961849,"date":"2024-05-27T11:33:40","date_gmt":"2024-05-27T09:33:40","guid":{"rendered":"https:\/\/www.cudgel.de\/produkt\/strychnos-armageddon-patronage-cd\/"},"modified":"2025-12-31T02:12:37","modified_gmt":"2025-12-31T01:12:37","slug":"strychnos-armageddon-patronage-cd","status":"publish","type":"product","link":"https:\/\/www.cudgel.de\/en\/product\/strychnos-armageddon-patronage-cd\/","title":{"rendered":"STRYCHNOS &#8211; armageddon patronage CD"},"content":{"rendered":"<p>Armageddon Patronage verk\u00f6rpert den immensen Antrieb einer Band, die auf Hochtouren l\u00e4uft und ihre ganz eigene Mischung aus extremem Metal verfeinert. Nach einer Reihe von intensiven Festivalauftritten ist der Name Strychnos nun in aller Munde. Angetrieben von diesem enormen Schwung hat die Band unerm\u00fcdlich gearbeitet, um Armageddon Patronage weniger als zwei Jahre nach ihrem Deb\u00fct aufzunehmen und zu ver\u00f6ffentlichen.<br \/>\n&#8220;Diese Ver\u00f6ffentlichung stellt eine nat\u00fcrliche Fortsetzung dessen dar, was A Mother&#8217;s Curse begonnen haben&#8221;, meint Bassist\/S\u00e4nger Martin Leth Andersen. &#8220;Die Band versucht, die Schl\u00fcsselelemente des Deb\u00fcts zu verfeinern und weiter voranzutreiben &#8211; sowohl in Bezug auf die Aggressivit\u00e4t als auch auf die atmosph\u00e4rischeren Teile. Dieser Nachfolger zeigt auch eine Reihe neuer Details wie alternative Instrumentierung, Gesangsvariationen, Intros, Outros und ein paar bemerkenswerte Gastauftritte.&#8221;<br \/>\nEs ist selten, dass sich eine Band mit jeder neuen Ver\u00f6ffentlichung so exponentiell verbessert. Verpasse Strychnos nicht&#8230; denn man wei\u00df nie, wie lange der Untergrund sie noch halten kann!<br \/>\nArmageddon Patronage wurde von Lasse Ballade in den Kopenhagener Ballade Studios aufgenommen und gemischt und von keinem Geringeren als Necromorbus&#8217; ber\u00fcchtigtem Tore Stjerna gemastert.<\/p>\n<p><strong>Tracks:<\/strong><\/p>\n<ol class=\"tracklisting\">\n<li>Winds Warning the Final Storm<\/li>\n<li>Armageddon Patronage<\/li>\n<li>Choking Salvation<\/li>\n<li>Endless Void Dimension<\/li>\n<li>Pale Black Birds<\/li>\n<li>Stanken af dyd<\/li>\n<li>Sweeping Storm of Suicide<\/li>\n<li>Nattevandreriden<\/li>\n<\/ol>\n<p><strong>Genres:<\/strong> Death Metal, Black Metal<\/p>\n<p> <strong>Label:<\/strong> Dark Descent Records<\/p>\n<p> <strong>Erscheinungsjahr:<\/strong> 2024<\/p>\n<p> <strong>K\u00fcnstler:<\/strong> STRYCHNOS<\/p>\n<p> <strong>Spieldauer:<\/strong> 42:52<\/p>\n<p> <strong>Format:<\/strong> CD<\/p>\n<p> <strong>EAN:<\/strong> 0657628442950<\/p>\n","protected":false},"excerpt":{"rendered":"<p>Armageddon Patronage verk\u00f6rpert den immensen Antrieb einer Band, die auf Hochtouren l\u00e4uft und ihre ganz eigene Mischung aus extremem Metal verfeinert. Nach einer Reihe von intensiven Festivalauftritten ist der Name Strychnos nun in aller Munde. Angetrieben von diesem enormen Schwung hat die Band unerm\u00fcdlich gearbeitet, um Armageddon Patronage weniger als zwei Jahre nach ihrem Deb\u00fct [&#8230;]\n","protected":false},"featured_media":1961934,"comment_status":"open","ping_status":"closed","template":"","meta":[],"product_cat":[462],"product_tag":[],"class_list":{"0":"post-1961849","1":"product","2":"type-product","3":"status-publish","4":"has-post-thumbnail","6":"product_cat-cd-s","7":"pa_band-strychnos","8":"pa_productgenre-black-metal","9":"pa_productgenre-death-metal","10":"pa_productlabel-dark-descent-records","12":"first","13":"instock","14":"taxable","15":"shipping-taxable","16":"purchasable","17":"product-type-simple"},"yoast_head":"<!-- This site is optimized with the Yoast SEO plugin v22.9 - https:\/\/yoast.com\/wordpress\/plugins\/seo\/ -->\n<title>STRYCHNOS - armageddon patronage CD - cudgel | Der ultimative Metal Online Store<\/title>\n<meta name=\"robots\" content=\"index, follow, max-snippet:-1, max-image-preview:large, max-video-preview:-1\" \/>\n<link rel=\"canonical\" href=\"https:\/\/www.cudgel.de\/produkt\/strychnos-armageddon-patronage-cd\/\" \/>\n<meta property=\"og:locale\" content=\"en_US\" \/>\n<meta property=\"og:type\" content=\"article\" \/>\n<meta property=\"og:title\" content=\"STRYCHNOS - armageddon patronage CD - cudgel | Der ultimative Metal Online Store\" \/>\n<meta property=\"og:description\" content=\"Armageddon Patronage verk\u00f6rpert den immensen Antrieb einer Band, die auf Hochtouren l\u00e4uft und ihre ganz eigene Mischung aus extremem Metal verfeinert. Nach einer Reihe von intensiven Festivalauftritten ist der Name Strychnos nun in aller Munde. Angetrieben von diesem enormen Schwung hat die Band unerm\u00fcdlich gearbeitet, um Armageddon Patronage weniger als zwei Jahre nach ihrem Deb\u00fct [...]\" \/>\n<meta property=\"og:url\" content=\"https:\/\/www.cudgel.de\/produkt\/strychnos-armageddon-patronage-cd\/\" \/>\n<meta property=\"og:site_name\" content=\"cudgel | Der ultimative Metal Online Store\" \/>\n<meta property=\"article:publisher\" content=\"https:\/\/www.facebook.com\/CudgelVertrieb\" \/>\n<meta property=\"article:modified_time\" content=\"2025-12-31T01:12:37+00:00\" \/>\n<meta property=\"og:image\" content=\"https:\/\/www.cudgel.de\/wp-content\/uploads\/2024\/05\/strychnos-armageddon-patronage-cd.jpg\" \/>\n\t<meta property=\"og:image:width\" content=\"1000\" \/>\n\t<meta property=\"og:image:height\" content=\"998\" \/>\n\t<meta property=\"og:image:type\" content=\"image\/jpeg\" \/>\n<meta name=\"twitter:card\" content=\"summary_large_image\" \/>\n<meta name=\"twitter:label1\" content=\"Est. reading time\" \/>\n\t<meta name=\"twitter:data1\" content=\"1 minute\" \/>\n<script type=\"application\/ld+json\" class=\"yoast-schema-graph\">{\"@context\":\"https:\/\/schema.org\",\"@graph\":[{\"@type\":\"WebPage\",\"@id\":\"https:\/\/www.cudgel.de\/produkt\/strychnos-armageddon-patronage-cd\/\",\"url\":\"https:\/\/www.cudgel.de\/produkt\/strychnos-armageddon-patronage-cd\/\",\"name\":\"STRYCHNOS - armageddon patronage CD - cudgel | Der ultimative Metal Online Store\",\"isPartOf\":{\"@id\":\"https:\/\/www.cudgel.de\/#website\"},\"primaryImageOfPage\":{\"@id\":\"https:\/\/www.cudgel.de\/produkt\/strychnos-armageddon-patronage-cd\/#primaryimage\"},\"image\":{\"@id\":\"https:\/\/www.cudgel.de\/produkt\/strychnos-armageddon-patronage-cd\/#primaryimage\"},\"thumbnailUrl\":\"https:\/\/www.cudgel.de\/wp-content\/uploads\/2024\/05\/strychnos-armageddon-patronage-cd.jpg\",\"datePublished\":\"2024-05-27T09:33:40+00:00\",\"dateModified\":\"2025-12-31T01:12:37+00:00\",\"breadcrumb\":{\"@id\":\"https:\/\/www.cudgel.de\/produkt\/strychnos-armageddon-patronage-cd\/#breadcrumb\"},\"inLanguage\":\"en-US\",\"potentialAction\":[{\"@type\":\"ReadAction\",\"target\":[\"https:\/\/www.cudgel.de\/produkt\/strychnos-armageddon-patronage-cd\/\"]}]},{\"@type\":\"ImageObject\",\"inLanguage\":\"en-US\",\"@id\":\"https:\/\/www.cudgel.de\/produkt\/strychnos-armageddon-patronage-cd\/#primaryimage\",\"url\":\"https:\/\/www.cudgel.de\/wp-content\/uploads\/2024\/05\/strychnos-armageddon-patronage-cd.jpg\",\"contentUrl\":\"https:\/\/www.cudgel.de\/wp-content\/uploads\/2024\/05\/strychnos-armageddon-patronage-cd.jpg\",\"width\":1000,\"height\":998},{\"@type\":\"BreadcrumbList\",\"@id\":\"https:\/\/www.cudgel.de\/produkt\/strychnos-armageddon-patronage-cd\/#breadcrumb\",\"itemListElement\":[{\"@type\":\"ListItem\",\"position\":1,\"name\":\"Home\",\"item\":\"https:\/\/www.cudgel.de\/en\/\"},{\"@type\":\"ListItem\",\"position\":2,\"name\":\"Shop\",\"item\":\"https:\/\/www.cudgel.de\/en\/shop\/\"},{\"@type\":\"ListItem\",\"position\":3,\"name\":\"STRYCHNOS &#8211; armageddon patronage CD\"}]},{\"@type\":\"WebSite\",\"@id\":\"https:\/\/www.cudgel.de\/#website\",\"url\":\"https:\/\/www.cudgel.de\/\",\"name\":\"cudgel | Der ultimative Metal Online Store\",\"description\":\"Eine weitere WordPress-Website\",\"publisher\":{\"@id\":\"https:\/\/www.cudgel.de\/#organization\"},\"potentialAction\":[{\"@type\":\"SearchAction\",\"target\":{\"@type\":\"EntryPoint\",\"urlTemplate\":\"https:\/\/www.cudgel.de\/?s={search_term_string}\"},\"query-input\":\"required name=search_term_string\"}],\"inLanguage\":\"en-US\"},{\"@type\":\"Organization\",\"@id\":\"https:\/\/www.cudgel.de\/#organization\",\"name\":\"cudgel | Der ultimative Metal Online Store\",\"url\":\"https:\/\/www.cudgel.de\/\",\"logo\":{\"@type\":\"ImageObject\",\"inLanguage\":\"en-US\",\"@id\":\"https:\/\/www.cudgel.de\/#\/schema\/logo\/image\/\",\"url\":\"https:\/\/www.cudgel.de\/wp-content\/uploads\/2024\/06\/cudgel-logo-neu-1-1400x419png.webp\",\"contentUrl\":\"https:\/\/www.cudgel.de\/wp-content\/uploads\/2024\/06\/cudgel-logo-neu-1-1400x419png.webp\",\"width\":1400,\"height\":419,\"caption\":\"cudgel | Der ultimative Metal Online Store\"},\"image\":{\"@id\":\"https:\/\/www.cudgel.de\/#\/schema\/logo\/image\/\"},\"sameAs\":[\"https:\/\/www.facebook.com\/CudgelVertrieb\"]}]}<\/script>\n<!-- \/ Yoast SEO plugin. -->","yoast_head_json":{"title":"STRYCHNOS - armageddon patronage CD - cudgel | Der ultimative Metal Online Store","robots":{"index":"index","follow":"follow","max-snippet":"max-snippet:-1","max-image-preview":"max-image-preview:large","max-video-preview":"max-video-preview:-1"},"canonical":"https:\/\/www.cudgel.de\/produkt\/strychnos-armageddon-patronage-cd\/","og_locale":"en_US","og_type":"article","og_title":"STRYCHNOS - armageddon patronage CD - cudgel | Der ultimative Metal Online Store","og_description":"Armageddon Patronage verk\u00f6rpert den immensen Antrieb einer Band, die auf Hochtouren l\u00e4uft und ihre ganz eigene Mischung aus extremem Metal verfeinert. Nach einer Reihe von intensiven Festivalauftritten ist der Name Strychnos nun in aller Munde. Angetrieben von diesem enormen Schwung hat die Band unerm\u00fcdlich gearbeitet, um Armageddon Patronage weniger als zwei Jahre nach ihrem Deb\u00fct [...]","og_url":"https:\/\/www.cudgel.de\/produkt\/strychnos-armageddon-patronage-cd\/","og_site_name":"cudgel | Der ultimative Metal Online Store","article_publisher":"https:\/\/www.facebook.com\/CudgelVertrieb","article_modified_time":"2025-12-31T01:12:37+00:00","og_image":[{"width":1000,"height":998,"url":"https:\/\/www.cudgel.de\/wp-content\/uploads\/2024\/05\/strychnos-armageddon-patronage-cd.jpg","type":"image\/jpeg"}],"twitter_card":"summary_large_image","twitter_misc":{"Est. reading time":"1 minute"},"schema":{"@context":"https:\/\/schema.org","@graph":[{"@type":"WebPage","@id":"https:\/\/www.cudgel.de\/produkt\/strychnos-armageddon-patronage-cd\/","url":"https:\/\/www.cudgel.de\/produkt\/strychnos-armageddon-patronage-cd\/","name":"STRYCHNOS - armageddon patronage CD - cudgel | Der ultimative Metal Online Store","isPartOf":{"@id":"https:\/\/www.cudgel.de\/#website"},"primaryImageOfPage":{"@id":"https:\/\/www.cudgel.de\/produkt\/strychnos-armageddon-patronage-cd\/#primaryimage"},"image":{"@id":"https:\/\/www.cudgel.de\/produkt\/strychnos-armageddon-patronage-cd\/#primaryimage"},"thumbnailUrl":"https:\/\/www.cudgel.de\/wp-content\/uploads\/2024\/05\/strychnos-armageddon-patronage-cd.jpg","datePublished":"2024-05-27T09:33:40+00:00","dateModified":"2025-12-31T01:12:37+00:00","breadcrumb":{"@id":"https:\/\/www.cudgel.de\/produkt\/strychnos-armageddon-patronage-cd\/#breadcrumb"},"inLanguage":"en-US","potentialAction":[{"@type":"ReadAction","target":["https:\/\/www.cudgel.de\/produkt\/strychnos-armageddon-patronage-cd\/"]}]},{"@type":"ImageObject","inLanguage":"en-US","@id":"https:\/\/www.cudgel.de\/produkt\/strychnos-armageddon-patronage-cd\/#primaryimage","url":"https:\/\/www.cudgel.de\/wp-content\/uploads\/2024\/05\/strychnos-armageddon-patronage-cd.jpg","contentUrl":"https:\/\/www.cudgel.de\/wp-content\/uploads\/2024\/05\/strychnos-armageddon-patronage-cd.jpg","width":1000,"height":998},{"@type":"BreadcrumbList","@id":"https:\/\/www.cudgel.de\/produkt\/strychnos-armageddon-patronage-cd\/#breadcrumb","itemListElement":[{"@type":"ListItem","position":1,"name":"Home","item":"https:\/\/www.cudgel.de\/en\/"},{"@type":"ListItem","position":2,"name":"Shop","item":"https:\/\/www.cudgel.de\/en\/shop\/"},{"@type":"ListItem","position":3,"name":"STRYCHNOS &#8211; armageddon patronage CD"}]},{"@type":"WebSite","@id":"https:\/\/www.cudgel.de\/#website","url":"https:\/\/www.cudgel.de\/","name":"cudgel | Der ultimative Metal Online Store","description":"Eine weitere WordPress-Website","publisher":{"@id":"https:\/\/www.cudgel.de\/#organization"},"potentialAction":[{"@type":"SearchAction","target":{"@type":"EntryPoint","urlTemplate":"https:\/\/www.cudgel.de\/?s={search_term_string}"},"query-input":"required name=search_term_string"}],"inLanguage":"en-US"},{"@type":"Organization","@id":"https:\/\/www.cudgel.de\/#organization","name":"cudgel | Der ultimative Metal Online Store","url":"https:\/\/www.cudgel.de\/","logo":{"@type":"ImageObject","inLanguage":"en-US","@id":"https:\/\/www.cudgel.de\/#\/schema\/logo\/image\/","url":"https:\/\/www.cudgel.de\/wp-content\/uploads\/2024\/06\/cudgel-logo-neu-1-1400x419png.webp","contentUrl":"https:\/\/www.cudgel.de\/wp-content\/uploads\/2024\/06\/cudgel-logo-neu-1-1400x419png.webp","width":1400,"height":419,"caption":"cudgel | Der ultimative Metal Online Store"},"image":{"@id":"https:\/\/www.cudgel.de\/#\/schema\/logo\/image\/"},"sameAs":["https:\/\/www.facebook.com\/CudgelVertrieb"]}]}},"_links":{"self":[{"href":"https:\/\/www.cudgel.de\/en\/wp-json\/wp\/v2\/product\/1961849","targetHints":{"allow":["GET"]}}],"collection":[{"href":"https:\/\/www.cudgel.de\/en\/wp-json\/wp\/v2\/product"}],"about":[{"href":"https:\/\/www.cudgel.de\/en\/wp-json\/wp\/v2\/types\/product"}],"replies":[{"embeddable":true,"href":"https:\/\/www.cudgel.de\/en\/wp-json\/wp\/v2\/comments?post=1961849"}],"wp:featuredmedia":[{"embeddable":true,"href":"https:\/\/www.cudgel.de\/en\/wp-json\/wp\/v2\/media\/1961934"}],"wp:attachment":[{"href":"https:\/\/www.cudgel.de\/en\/wp-json\/wp\/v2\/media?parent=1961849"}],"wp:term":[{"taxonomy":"product_cat","embeddable":true,"href":"https:\/\/www.cudgel.de\/en\/wp-json\/wp\/v2\/product_cat?post=1961849"},{"taxonomy":"product_tag","embeddable":true,"href":"https:\/\/www.cudgel.de\/en\/wp-json\/wp\/v2\/product_tag?post=1961849"}],"curies":[{"name":"wp","href":"https:\/\/api.w.org\/{rel}","templated":true}]}}