{"id":2005869,"date":"2024-06-21T15:55:42","date_gmt":"2024-06-21T13:55:42","guid":{"rendered":"https:\/\/www.cudgel.de\/produkt\/varg-ewige-wacht-cd\/"},"modified":"2026-04-13T09:31:25","modified_gmt":"2026-04-13T07:31:25","slug":"varg-ewige-wacht-cd","status":"publish","type":"product","link":"https:\/\/www.cudgel.de\/en\/product\/varg-ewige-wacht-cd\/","title":{"rendered":"VARG &#8211; ewige wacht CD"},"content":{"rendered":"<p>&#8220;VARG, Germany\u0092s top-notch pagan metal force, returns stronger than ever on their new album, entitled Ewige Wacht.<\/p>\n<p>The eighth studio album transports Nordic mythology as well as values like honesty and loyalty. VARG once again show themselves to be an invincible unit, as the opening track &#8220;&#8221;Immer Treu&#8221;&#8221; (Engl. Always Faithful) already is proof of. At the very first listen it becomes apparently clear, how much singer Fylgja has been involved in the full album this time. Her valkyrie-like singing expands the band&#8217;s sonic spectrum and forms a perfectly harmonizing contrast to Freki&#8217;s razor-sharp screams and growls. &#8220;&#8221;Schildmaid&#8221;&#8221; (shieldmaiden), &#8220;&#8221;Fylgja&#8221;&#8221; and &#8220;&#8221;Eisenseite&#8221;&#8221; are emblematic of this interplay and the path VARG have been treading since Zeichen. &#8220;&#8221;Weltenfeind&#8221;&#8221; (enemy of the world), &#8220;&#8221;Tyr&#8221;&#8221; and &#8220;&#8221;Hammer&#8221;&#8221; resound as powerful hymns, uncompromising with mercilessly brute nagging and cutting riffs. The folky melodies in &#8220;&#8221;Morgenrot&#8221;&#8221; (dawn) lead to the epic &#8220;&#8221;Siegreiches Heer&#8221;&#8221; (victorious army), which once again sharpens the idea of unity that runs like a red thread through Ewige Wacht.  The title track forms the final climax and combines pagan themes, haunting melodies and the engaging power of the wolves to end this outstanding sonic adventure, leading into promising times for the German horde.&#8221;<\/p>\n<p><strong>Tracks:<\/strong><\/p>\n<ol class=\"tracklisting\">\n<li>Immer Treu<\/li>\n<li>Schildmaid<\/li>\n<li>Weltenfeind<\/li>\n<li>Fylgja<\/li>\n<li>Tyr<\/li>\n<li>J\u00e1rns\u00ed\u00f0aslei\u00f0<\/li>\n<li>Eisenseite<\/li>\n<li>Hammer<\/li>\n<li>Morgenrot<\/li>\n<li>Siegreiches Heer<\/li>\n<li>Ewige Wacht<\/li>\n<\/ol>\n<p><strong>Genres:<\/strong> Pagan Metal, Black Metal, Folk Metal<\/p>\n<p> <strong>Label:<\/strong> Napalm Records<\/p>\n<p> <strong>Erscheinungsjahr:<\/strong> 2023<\/p>\n<p> <strong>K\u00fcnstler:<\/strong> VARG<\/p>\n<p> <strong>Spieldauer:<\/strong> 45:02<\/p>\n<p> <strong>Format:<\/strong> CD<\/p>\n<p> <strong>EAN:<\/strong> 0840588184354<\/p>\n","protected":false},"excerpt":{"rendered":"<p>&#8220;VARG, Germany\u0092s top-notch pagan metal force, returns stronger than ever on their new album, entitled Ewige Wacht. The eighth studio album transports Nordic mythology as well as values like honesty and loyalty. VARG once again show themselves to be an invincible unit, as the opening track &#8220;&#8221;Immer Treu&#8221;&#8221; (Engl. Always Faithful) already is proof of. [&#8230;]\n","protected":false},"featured_media":2005867,"comment_status":"open","ping_status":"closed","template":"","meta":[],"product_cat":[465],"product_tag":[],"class_list":{"0":"post-2005869","1":"product","2":"type-product","3":"status-publish","4":"has-post-thumbnail","6":"product_cat-cd-v","7":"pa_band-varg","8":"pa_productgenre-black-metal","9":"pa_productgenre-folk-metal","10":"pa_productgenre-pagan-metal","11":"pa_productlabel-napalm-records","13":"first","14":"instock","15":"taxable","16":"shipping-taxable","17":"purchasable","18":"product-type-simple"},"yoast_head":"<!-- This site is optimized with the Yoast SEO plugin v22.9 - https:\/\/yoast.com\/wordpress\/plugins\/seo\/ -->\n<title>VARG - ewige wacht CD - cudgel | Der ultimative Metal Online Store<\/title>\n<meta name=\"robots\" content=\"index, follow, max-snippet:-1, max-image-preview:large, max-video-preview:-1\" \/>\n<link rel=\"canonical\" href=\"https:\/\/www.cudgel.de\/produkt\/varg-ewige-wacht-cd\/\" \/>\n<meta property=\"og:locale\" content=\"en_US\" \/>\n<meta property=\"og:type\" content=\"article\" \/>\n<meta property=\"og:title\" content=\"VARG - ewige wacht CD - cudgel | Der ultimative Metal Online Store\" \/>\n<meta property=\"og:description\" content=\"&#8220;VARG, Germany\u0092s top-notch pagan metal force, returns stronger than ever on their new album, entitled Ewige Wacht. The eighth studio album transports Nordic mythology as well as values like honesty and loyalty. VARG once again show themselves to be an invincible unit, as the opening track &#8220;&#8221;Immer Treu&#8221;&#8221; (Engl. Always Faithful) already is proof of. [...]\" \/>\n<meta property=\"og:url\" content=\"https:\/\/www.cudgel.de\/produkt\/varg-ewige-wacht-cd\/\" \/>\n<meta property=\"og:site_name\" content=\"cudgel | Der ultimative Metal Online Store\" \/>\n<meta property=\"article:publisher\" content=\"https:\/\/www.facebook.com\/CudgelVertrieb\" \/>\n<meta property=\"article:modified_time\" content=\"2026-04-13T07:31:25+00:00\" \/>\n<meta property=\"og:image\" content=\"https:\/\/www.cudgel.de\/wp-content\/uploads\/2024\/06\/Art221678.jpg\" \/>\n\t<meta property=\"og:image:width\" content=\"1000\" \/>\n\t<meta property=\"og:image:height\" content=\"1000\" \/>\n\t<meta property=\"og:image:type\" content=\"image\/jpeg\" \/>\n<meta name=\"twitter:card\" content=\"summary_large_image\" \/>\n<meta name=\"twitter:label1\" content=\"Est. reading time\" \/>\n\t<meta name=\"twitter:data1\" content=\"1 minute\" \/>\n<script type=\"application\/ld+json\" class=\"yoast-schema-graph\">{\"@context\":\"https:\/\/schema.org\",\"@graph\":[{\"@type\":\"WebPage\",\"@id\":\"https:\/\/www.cudgel.de\/produkt\/varg-ewige-wacht-cd\/\",\"url\":\"https:\/\/www.cudgel.de\/produkt\/varg-ewige-wacht-cd\/\",\"name\":\"VARG - ewige wacht CD - cudgel | Der ultimative Metal Online Store\",\"isPartOf\":{\"@id\":\"https:\/\/www.cudgel.de\/#website\"},\"primaryImageOfPage\":{\"@id\":\"https:\/\/www.cudgel.de\/produkt\/varg-ewige-wacht-cd\/#primaryimage\"},\"image\":{\"@id\":\"https:\/\/www.cudgel.de\/produkt\/varg-ewige-wacht-cd\/#primaryimage\"},\"thumbnailUrl\":\"https:\/\/www.cudgel.de\/wp-content\/uploads\/2024\/06\/Art221678.jpg\",\"datePublished\":\"2024-06-21T13:55:42+00:00\",\"dateModified\":\"2026-04-13T07:31:25+00:00\",\"breadcrumb\":{\"@id\":\"https:\/\/www.cudgel.de\/produkt\/varg-ewige-wacht-cd\/#breadcrumb\"},\"inLanguage\":\"en-US\",\"potentialAction\":[{\"@type\":\"ReadAction\",\"target\":[\"https:\/\/www.cudgel.de\/produkt\/varg-ewige-wacht-cd\/\"]}]},{\"@type\":\"ImageObject\",\"inLanguage\":\"en-US\",\"@id\":\"https:\/\/www.cudgel.de\/produkt\/varg-ewige-wacht-cd\/#primaryimage\",\"url\":\"https:\/\/www.cudgel.de\/wp-content\/uploads\/2024\/06\/Art221678.jpg\",\"contentUrl\":\"https:\/\/www.cudgel.de\/wp-content\/uploads\/2024\/06\/Art221678.jpg\",\"width\":1000,\"height\":1000},{\"@type\":\"BreadcrumbList\",\"@id\":\"https:\/\/www.cudgel.de\/produkt\/varg-ewige-wacht-cd\/#breadcrumb\",\"itemListElement\":[{\"@type\":\"ListItem\",\"position\":1,\"name\":\"Home\",\"item\":\"https:\/\/www.cudgel.de\/en\/\"},{\"@type\":\"ListItem\",\"position\":2,\"name\":\"Shop\",\"item\":\"https:\/\/www.cudgel.de\/en\/shop\/\"},{\"@type\":\"ListItem\",\"position\":3,\"name\":\"VARG &#8211; ewige wacht CD\"}]},{\"@type\":\"WebSite\",\"@id\":\"https:\/\/www.cudgel.de\/#website\",\"url\":\"https:\/\/www.cudgel.de\/\",\"name\":\"cudgel | Der ultimative Metal Online Store\",\"description\":\"Eine weitere WordPress-Website\",\"publisher\":{\"@id\":\"https:\/\/www.cudgel.de\/#organization\"},\"potentialAction\":[{\"@type\":\"SearchAction\",\"target\":{\"@type\":\"EntryPoint\",\"urlTemplate\":\"https:\/\/www.cudgel.de\/?s={search_term_string}\"},\"query-input\":\"required name=search_term_string\"}],\"inLanguage\":\"en-US\"},{\"@type\":\"Organization\",\"@id\":\"https:\/\/www.cudgel.de\/#organization\",\"name\":\"cudgel | Der ultimative Metal Online Store\",\"url\":\"https:\/\/www.cudgel.de\/\",\"logo\":{\"@type\":\"ImageObject\",\"inLanguage\":\"en-US\",\"@id\":\"https:\/\/www.cudgel.de\/#\/schema\/logo\/image\/\",\"url\":\"https:\/\/www.cudgel.de\/wp-content\/uploads\/2024\/06\/cudgel-logo-neu-1-1400x419png.webp\",\"contentUrl\":\"https:\/\/www.cudgel.de\/wp-content\/uploads\/2024\/06\/cudgel-logo-neu-1-1400x419png.webp\",\"width\":1400,\"height\":419,\"caption\":\"cudgel | Der ultimative Metal Online Store\"},\"image\":{\"@id\":\"https:\/\/www.cudgel.de\/#\/schema\/logo\/image\/\"},\"sameAs\":[\"https:\/\/www.facebook.com\/CudgelVertrieb\"]}]}<\/script>\n<!-- \/ Yoast SEO plugin. -->","yoast_head_json":{"title":"VARG - ewige wacht CD - cudgel | Der ultimative Metal Online Store","robots":{"index":"index","follow":"follow","max-snippet":"max-snippet:-1","max-image-preview":"max-image-preview:large","max-video-preview":"max-video-preview:-1"},"canonical":"https:\/\/www.cudgel.de\/produkt\/varg-ewige-wacht-cd\/","og_locale":"en_US","og_type":"article","og_title":"VARG - ewige wacht CD - cudgel | Der ultimative Metal Online Store","og_description":"&#8220;VARG, Germany\u0092s top-notch pagan metal force, returns stronger than ever on their new album, entitled Ewige Wacht. The eighth studio album transports Nordic mythology as well as values like honesty and loyalty. VARG once again show themselves to be an invincible unit, as the opening track &#8220;&#8221;Immer Treu&#8221;&#8221; (Engl. Always Faithful) already is proof of. [...]","og_url":"https:\/\/www.cudgel.de\/produkt\/varg-ewige-wacht-cd\/","og_site_name":"cudgel | Der ultimative Metal Online Store","article_publisher":"https:\/\/www.facebook.com\/CudgelVertrieb","article_modified_time":"2026-04-13T07:31:25+00:00","og_image":[{"width":1000,"height":1000,"url":"https:\/\/www.cudgel.de\/wp-content\/uploads\/2024\/06\/Art221678.jpg","type":"image\/jpeg"}],"twitter_card":"summary_large_image","twitter_misc":{"Est. reading time":"1 minute"},"schema":{"@context":"https:\/\/schema.org","@graph":[{"@type":"WebPage","@id":"https:\/\/www.cudgel.de\/produkt\/varg-ewige-wacht-cd\/","url":"https:\/\/www.cudgel.de\/produkt\/varg-ewige-wacht-cd\/","name":"VARG - ewige wacht CD - cudgel | Der ultimative Metal Online Store","isPartOf":{"@id":"https:\/\/www.cudgel.de\/#website"},"primaryImageOfPage":{"@id":"https:\/\/www.cudgel.de\/produkt\/varg-ewige-wacht-cd\/#primaryimage"},"image":{"@id":"https:\/\/www.cudgel.de\/produkt\/varg-ewige-wacht-cd\/#primaryimage"},"thumbnailUrl":"https:\/\/www.cudgel.de\/wp-content\/uploads\/2024\/06\/Art221678.jpg","datePublished":"2024-06-21T13:55:42+00:00","dateModified":"2026-04-13T07:31:25+00:00","breadcrumb":{"@id":"https:\/\/www.cudgel.de\/produkt\/varg-ewige-wacht-cd\/#breadcrumb"},"inLanguage":"en-US","potentialAction":[{"@type":"ReadAction","target":["https:\/\/www.cudgel.de\/produkt\/varg-ewige-wacht-cd\/"]}]},{"@type":"ImageObject","inLanguage":"en-US","@id":"https:\/\/www.cudgel.de\/produkt\/varg-ewige-wacht-cd\/#primaryimage","url":"https:\/\/www.cudgel.de\/wp-content\/uploads\/2024\/06\/Art221678.jpg","contentUrl":"https:\/\/www.cudgel.de\/wp-content\/uploads\/2024\/06\/Art221678.jpg","width":1000,"height":1000},{"@type":"BreadcrumbList","@id":"https:\/\/www.cudgel.de\/produkt\/varg-ewige-wacht-cd\/#breadcrumb","itemListElement":[{"@type":"ListItem","position":1,"name":"Home","item":"https:\/\/www.cudgel.de\/en\/"},{"@type":"ListItem","position":2,"name":"Shop","item":"https:\/\/www.cudgel.de\/en\/shop\/"},{"@type":"ListItem","position":3,"name":"VARG &#8211; ewige wacht CD"}]},{"@type":"WebSite","@id":"https:\/\/www.cudgel.de\/#website","url":"https:\/\/www.cudgel.de\/","name":"cudgel | Der ultimative Metal Online Store","description":"Eine weitere WordPress-Website","publisher":{"@id":"https:\/\/www.cudgel.de\/#organization"},"potentialAction":[{"@type":"SearchAction","target":{"@type":"EntryPoint","urlTemplate":"https:\/\/www.cudgel.de\/?s={search_term_string}"},"query-input":"required name=search_term_string"}],"inLanguage":"en-US"},{"@type":"Organization","@id":"https:\/\/www.cudgel.de\/#organization","name":"cudgel | Der ultimative Metal Online Store","url":"https:\/\/www.cudgel.de\/","logo":{"@type":"ImageObject","inLanguage":"en-US","@id":"https:\/\/www.cudgel.de\/#\/schema\/logo\/image\/","url":"https:\/\/www.cudgel.de\/wp-content\/uploads\/2024\/06\/cudgel-logo-neu-1-1400x419png.webp","contentUrl":"https:\/\/www.cudgel.de\/wp-content\/uploads\/2024\/06\/cudgel-logo-neu-1-1400x419png.webp","width":1400,"height":419,"caption":"cudgel | Der ultimative Metal Online Store"},"image":{"@id":"https:\/\/www.cudgel.de\/#\/schema\/logo\/image\/"},"sameAs":["https:\/\/www.facebook.com\/CudgelVertrieb"]}]}},"_links":{"self":[{"href":"https:\/\/www.cudgel.de\/en\/wp-json\/wp\/v2\/product\/2005869","targetHints":{"allow":["GET"]}}],"collection":[{"href":"https:\/\/www.cudgel.de\/en\/wp-json\/wp\/v2\/product"}],"about":[{"href":"https:\/\/www.cudgel.de\/en\/wp-json\/wp\/v2\/types\/product"}],"replies":[{"embeddable":true,"href":"https:\/\/www.cudgel.de\/en\/wp-json\/wp\/v2\/comments?post=2005869"}],"wp:featuredmedia":[{"embeddable":true,"href":"https:\/\/www.cudgel.de\/en\/wp-json\/wp\/v2\/media\/2005867"}],"wp:attachment":[{"href":"https:\/\/www.cudgel.de\/en\/wp-json\/wp\/v2\/media?parent=2005869"}],"wp:term":[{"taxonomy":"product_cat","embeddable":true,"href":"https:\/\/www.cudgel.de\/en\/wp-json\/wp\/v2\/product_cat?post=2005869"},{"taxonomy":"product_tag","embeddable":true,"href":"https:\/\/www.cudgel.de\/en\/wp-json\/wp\/v2\/product_tag?post=2005869"}],"curies":[{"name":"wp","href":"https:\/\/api.w.org\/{rel}","templated":true}]}}