{"id":2045645,"date":"2024-06-29T11:33:45","date_gmt":"2024-06-29T09:33:45","guid":{"rendered":"https:\/\/www.cudgel.de\/produkt\/mucus-mature-et-responsable-cd\/"},"modified":"2026-03-30T09:28:38","modified_gmt":"2026-03-30T07:28:38","slug":"mucus-mature-et-responsable-cd","status":"publish","type":"product","link":"https:\/\/www.cudgel.de\/en\/product\/mucus-mature-et-responsable-cd\/","title":{"rendered":"MUCUS &#8211; mature et responsable CD"},"content":{"rendered":"<p>Fast and loud grindcore band from mighty Belgium called Mucus\u0085 grinding on the scene for more than two decades! 14 tracks of new raw material + bonus tracks from diy, self-released album from 2014. Hardcore fans of bands like AxCx will definitely have all their desires fulfilled!<\/p>\n<p><strong>Tracks:<\/strong><\/p>\n<ol class=\"tracklisting\">\n<li>La Guerre, C&#8217;est Dommage<\/li>\n<li>La Pollution, C&#8217;est Emb\u00eatant<\/li>\n<li>La Corruption, Ce N&#8217;est Pas Bien<\/li>\n<li>Les Dictatures, On N&#8217;est Pas Pour<\/li>\n<li>Les L\u00e9gumes, On N&#8217;aime Pas<\/li>\n<li>Les Sans Domicile Fixe, Pas Sans Domicile Fixe<\/li>\n<li>Le Trafic D&#8217;organes, Pas Sans Hygi\u00e8ne<\/li>\n<li>L&#8217;escroquerie, Oh la la<\/li>\n<li>La Criminalit\u00e9 Grave Et Organis\u00e9e, C&#8217;est Grave Mais Le Probl\u00e8me C&#8217;est Que C&#8217;est Organis\u00e9<\/li>\n<li>Les Manifestations, Oui Tant Qu&#8217;il Fait Bea<\/li>\n<li>La Pornographie, C&#8217;est Honteux<\/li>\n<li>&#8212; &#8212;&#8212;- &#8212;- &#8212;&#8212;- (censur\u00e9)<\/li>\n<li>La &#8212;&#8211; C &#8216;est Pour &#8212;&#8212;&#8212; (iterdit)<\/li>\n<li>Les &#8212;&#8212;&#8211; Sont &#8212;&#8212;- (inadmissible)<\/li>\n<li>Egammod Tse&#8217;c, Erreug Al<\/li>\n<li>Tnat\u00eabme Tse&#8217;c, Noitullop Al<\/li>\n<li>Neib Sap Tse&#8217;n Ec, Noitpurroc Al<\/li>\n<li>Ruop Sap Tse&#8217;n No, Serutatcid Sel<\/li>\n<li>Sap Emia&#8217;n No, Semug\u00e9l Sel<\/li>\n<li>Exif Elicimod Snas Sap, Exif Elicimod Snas Sel<\/li>\n<li>En\u00e8igyh Snas Sap, Senagro&#8217;d Cifart El<\/li>\n<li>Al Al Ho, Eireuqorcse&#8217;L<\/li>\n<li>\u00e9sinagro Tse&#8217;c Euq Tse&#8217;c Em\u00e8lborp El Siam Evarg Tse&#8217;c, E\u00e9sinagro Te Evarg \u00e9tilanimirc Al<\/li>\n<li>Uaeb Tiaf Li&#8217;uq Tnat Iuo, Snoitatsefinam Sel<\/li>\n<li>Xuetnoh Tse&#8217;c, Eihpargonrop Al<\/li>\n<li>(\u00e9rusnec) &#8212;&#8212;- &#8212;- &#8212;&#8212;- &#8212;<\/li>\n<li>(tidretni) &#8212;&#8212;&#8212; Ruop Tse&#8217;c &#8212;&#8211; Al<\/li>\n<li>(elbissimdani) &#8212;&#8212;- Tnos &#8212;&#8212;&#8211; Sel \u00b4<\/li>\n<li>Beurre Toi Le Fion, J&#8217;arrive<\/li>\n<li>Ni Une Ni Deux, Gobe Moi Le Noeud<\/li>\n<li>Sant\u00e9, Bonheur, Joie Dans Ta Soeur<\/li>\n<li>Jus De Couille Sur Ma Vulve Froiss\u00e9e<\/li>\n<li>Inceste De Petite Fille Sida\u00efque, Issue De Famille Ais\u00e9e<\/li>\n<li>Cyprine De Beurette Sur Ma Quequette Blette<\/li>\n<li>Fistons Diam&#8217;s Avec Un Pied De Porc<\/li>\n<li>Y&#8217;a Du Jeu Dans Ton Cul, Je Ne Sens Pas Les Parois<\/li>\n<li>M.I.L.F. En Soubrette, Tension Sous La Braguette<\/li>\n<li>Ton Trou De Balle, C&#8217;est De La Ballle<\/li>\n<li>Mon Dieu Que T&#8217;es Grosse !!!<\/li>\n<li>Mucus Kings Of Caca<\/li>\n<li>T&#8217;es Tellement Petit Que Mimie Mathy Te Suce A Genou<\/li>\n<li>2 Slips Ami-Ami<\/li>\n<li>Tiens Toi Aux Rideaux Que Je Te Tringle<\/li>\n<li>Viens Faire Bailler Mon Hu\u00eetre<\/li>\n<li>Have You Got A Tablette? Do You Have A Smartphone? Yes??? It&#8217;s Good For You!!! Little Shit<\/li>\n<\/ol>\n<p><strong>Genres:<\/strong> Grindcore<\/p>\n<p> <strong>Label:<\/strong> Bizarre Leprous Productions<\/p>\n<p> <strong>Erscheinungsjahr:<\/strong> 2023<\/p>\n<p> <strong>K\u00fcnstler:<\/strong> MUCUS<\/p>\n<p> <strong>Format:<\/strong> CD<\/p>\n<p> <strong>EAN:<\/strong> &#8211;<\/p>\n","protected":false},"excerpt":{"rendered":"<p>Fast and loud grindcore band from mighty Belgium called Mucus\u0085 grinding on the scene for more than two decades! 14 tracks of new raw material + bonus tracks from diy, self-released album from 2014. Hardcore fans of bands like AxCx will definitely have all their desires fulfilled! Tracks: La Guerre, C&#8217;est Dommage La Pollution, C&#8217;est [&#8230;]\n","protected":false},"featured_media":2045643,"comment_status":"open","ping_status":"closed","template":"","meta":[],"product_cat":[458],"product_tag":[],"class_list":{"0":"post-2045645","1":"product","2":"type-product","3":"status-publish","4":"has-post-thumbnail","6":"product_cat-cd-m","7":"pa_band-mucus","8":"pa_productgenre-grindcore","9":"pa_productlabel-bizarre-leprous-productions","11":"first","12":"instock","13":"taxable","14":"shipping-taxable","15":"purchasable","16":"product-type-simple"},"yoast_head":"<!-- This site is optimized with the Yoast SEO plugin v22.9 - https:\/\/yoast.com\/wordpress\/plugins\/seo\/ -->\n<title>MUCUS - mature et responsable CD - cudgel | Der ultimative Metal Online Store<\/title>\n<meta name=\"robots\" content=\"index, follow, max-snippet:-1, max-image-preview:large, max-video-preview:-1\" \/>\n<link rel=\"canonical\" href=\"https:\/\/www.cudgel.de\/produkt\/mucus-mature-et-responsable-cd\/\" \/>\n<meta property=\"og:locale\" content=\"en_US\" \/>\n<meta property=\"og:type\" content=\"article\" \/>\n<meta property=\"og:title\" content=\"MUCUS - mature et responsable CD - cudgel | Der ultimative Metal Online Store\" \/>\n<meta property=\"og:description\" content=\"Fast and loud grindcore band from mighty Belgium called Mucus\u0085 grinding on the scene for more than two decades! 14 tracks of new raw material + bonus tracks from diy, self-released album from 2014. Hardcore fans of bands like AxCx will definitely have all their desires fulfilled! Tracks: La Guerre, C&#8217;est Dommage La Pollution, C&#8217;est [...]\" \/>\n<meta property=\"og:url\" content=\"https:\/\/www.cudgel.de\/produkt\/mucus-mature-et-responsable-cd\/\" \/>\n<meta property=\"og:site_name\" content=\"cudgel | Der ultimative Metal Online Store\" \/>\n<meta property=\"article:publisher\" content=\"https:\/\/www.facebook.com\/CudgelVertrieb\" \/>\n<meta property=\"article:modified_time\" content=\"2026-03-30T07:28:38+00:00\" \/>\n<meta property=\"og:image\" content=\"https:\/\/www.cudgel.de\/wp-content\/uploads\/2024\/06\/Art221693.jpg\" \/>\n\t<meta property=\"og:image:width\" content=\"1000\" \/>\n\t<meta property=\"og:image:height\" content=\"1000\" \/>\n\t<meta property=\"og:image:type\" content=\"image\/jpeg\" \/>\n<meta name=\"twitter:card\" content=\"summary_large_image\" \/>\n<meta name=\"twitter:label1\" content=\"Est. reading time\" \/>\n\t<meta name=\"twitter:data1\" content=\"2 minutes\" \/>\n<script type=\"application\/ld+json\" class=\"yoast-schema-graph\">{\"@context\":\"https:\/\/schema.org\",\"@graph\":[{\"@type\":\"WebPage\",\"@id\":\"https:\/\/www.cudgel.de\/produkt\/mucus-mature-et-responsable-cd\/\",\"url\":\"https:\/\/www.cudgel.de\/produkt\/mucus-mature-et-responsable-cd\/\",\"name\":\"MUCUS - mature et responsable CD - cudgel | Der ultimative Metal Online Store\",\"isPartOf\":{\"@id\":\"https:\/\/www.cudgel.de\/#website\"},\"primaryImageOfPage\":{\"@id\":\"https:\/\/www.cudgel.de\/produkt\/mucus-mature-et-responsable-cd\/#primaryimage\"},\"image\":{\"@id\":\"https:\/\/www.cudgel.de\/produkt\/mucus-mature-et-responsable-cd\/#primaryimage\"},\"thumbnailUrl\":\"https:\/\/www.cudgel.de\/wp-content\/uploads\/2024\/06\/Art221693.jpg\",\"datePublished\":\"2024-06-29T09:33:45+00:00\",\"dateModified\":\"2026-03-30T07:28:38+00:00\",\"breadcrumb\":{\"@id\":\"https:\/\/www.cudgel.de\/produkt\/mucus-mature-et-responsable-cd\/#breadcrumb\"},\"inLanguage\":\"en-US\",\"potentialAction\":[{\"@type\":\"ReadAction\",\"target\":[\"https:\/\/www.cudgel.de\/produkt\/mucus-mature-et-responsable-cd\/\"]}]},{\"@type\":\"ImageObject\",\"inLanguage\":\"en-US\",\"@id\":\"https:\/\/www.cudgel.de\/produkt\/mucus-mature-et-responsable-cd\/#primaryimage\",\"url\":\"https:\/\/www.cudgel.de\/wp-content\/uploads\/2024\/06\/Art221693.jpg\",\"contentUrl\":\"https:\/\/www.cudgel.de\/wp-content\/uploads\/2024\/06\/Art221693.jpg\",\"width\":1000,\"height\":1000},{\"@type\":\"BreadcrumbList\",\"@id\":\"https:\/\/www.cudgel.de\/produkt\/mucus-mature-et-responsable-cd\/#breadcrumb\",\"itemListElement\":[{\"@type\":\"ListItem\",\"position\":1,\"name\":\"Home\",\"item\":\"https:\/\/www.cudgel.de\/en\/\"},{\"@type\":\"ListItem\",\"position\":2,\"name\":\"Shop\",\"item\":\"https:\/\/www.cudgel.de\/en\/shop\/\"},{\"@type\":\"ListItem\",\"position\":3,\"name\":\"MUCUS &#8211; mature et responsable CD\"}]},{\"@type\":\"WebSite\",\"@id\":\"https:\/\/www.cudgel.de\/#website\",\"url\":\"https:\/\/www.cudgel.de\/\",\"name\":\"cudgel | Der ultimative Metal Online Store\",\"description\":\"Eine weitere WordPress-Website\",\"publisher\":{\"@id\":\"https:\/\/www.cudgel.de\/#organization\"},\"potentialAction\":[{\"@type\":\"SearchAction\",\"target\":{\"@type\":\"EntryPoint\",\"urlTemplate\":\"https:\/\/www.cudgel.de\/?s={search_term_string}\"},\"query-input\":\"required name=search_term_string\"}],\"inLanguage\":\"en-US\"},{\"@type\":\"Organization\",\"@id\":\"https:\/\/www.cudgel.de\/#organization\",\"name\":\"cudgel | Der ultimative Metal Online Store\",\"url\":\"https:\/\/www.cudgel.de\/\",\"logo\":{\"@type\":\"ImageObject\",\"inLanguage\":\"en-US\",\"@id\":\"https:\/\/www.cudgel.de\/#\/schema\/logo\/image\/\",\"url\":\"https:\/\/www.cudgel.de\/wp-content\/uploads\/2024\/06\/cudgel-logo-neu-1-1400x419png.webp\",\"contentUrl\":\"https:\/\/www.cudgel.de\/wp-content\/uploads\/2024\/06\/cudgel-logo-neu-1-1400x419png.webp\",\"width\":1400,\"height\":419,\"caption\":\"cudgel | Der ultimative Metal Online Store\"},\"image\":{\"@id\":\"https:\/\/www.cudgel.de\/#\/schema\/logo\/image\/\"},\"sameAs\":[\"https:\/\/www.facebook.com\/CudgelVertrieb\"]}]}<\/script>\n<!-- \/ Yoast SEO plugin. -->","yoast_head_json":{"title":"MUCUS - mature et responsable CD - cudgel | Der ultimative Metal Online Store","robots":{"index":"index","follow":"follow","max-snippet":"max-snippet:-1","max-image-preview":"max-image-preview:large","max-video-preview":"max-video-preview:-1"},"canonical":"https:\/\/www.cudgel.de\/produkt\/mucus-mature-et-responsable-cd\/","og_locale":"en_US","og_type":"article","og_title":"MUCUS - mature et responsable CD - cudgel | Der ultimative Metal Online Store","og_description":"Fast and loud grindcore band from mighty Belgium called Mucus\u0085 grinding on the scene for more than two decades! 14 tracks of new raw material + bonus tracks from diy, self-released album from 2014. Hardcore fans of bands like AxCx will definitely have all their desires fulfilled! Tracks: La Guerre, C&#8217;est Dommage La Pollution, C&#8217;est [...]","og_url":"https:\/\/www.cudgel.de\/produkt\/mucus-mature-et-responsable-cd\/","og_site_name":"cudgel | Der ultimative Metal Online Store","article_publisher":"https:\/\/www.facebook.com\/CudgelVertrieb","article_modified_time":"2026-03-30T07:28:38+00:00","og_image":[{"width":1000,"height":1000,"url":"https:\/\/www.cudgel.de\/wp-content\/uploads\/2024\/06\/Art221693.jpg","type":"image\/jpeg"}],"twitter_card":"summary_large_image","twitter_misc":{"Est. reading time":"2 minutes"},"schema":{"@context":"https:\/\/schema.org","@graph":[{"@type":"WebPage","@id":"https:\/\/www.cudgel.de\/produkt\/mucus-mature-et-responsable-cd\/","url":"https:\/\/www.cudgel.de\/produkt\/mucus-mature-et-responsable-cd\/","name":"MUCUS - mature et responsable CD - cudgel | Der ultimative Metal Online Store","isPartOf":{"@id":"https:\/\/www.cudgel.de\/#website"},"primaryImageOfPage":{"@id":"https:\/\/www.cudgel.de\/produkt\/mucus-mature-et-responsable-cd\/#primaryimage"},"image":{"@id":"https:\/\/www.cudgel.de\/produkt\/mucus-mature-et-responsable-cd\/#primaryimage"},"thumbnailUrl":"https:\/\/www.cudgel.de\/wp-content\/uploads\/2024\/06\/Art221693.jpg","datePublished":"2024-06-29T09:33:45+00:00","dateModified":"2026-03-30T07:28:38+00:00","breadcrumb":{"@id":"https:\/\/www.cudgel.de\/produkt\/mucus-mature-et-responsable-cd\/#breadcrumb"},"inLanguage":"en-US","potentialAction":[{"@type":"ReadAction","target":["https:\/\/www.cudgel.de\/produkt\/mucus-mature-et-responsable-cd\/"]}]},{"@type":"ImageObject","inLanguage":"en-US","@id":"https:\/\/www.cudgel.de\/produkt\/mucus-mature-et-responsable-cd\/#primaryimage","url":"https:\/\/www.cudgel.de\/wp-content\/uploads\/2024\/06\/Art221693.jpg","contentUrl":"https:\/\/www.cudgel.de\/wp-content\/uploads\/2024\/06\/Art221693.jpg","width":1000,"height":1000},{"@type":"BreadcrumbList","@id":"https:\/\/www.cudgel.de\/produkt\/mucus-mature-et-responsable-cd\/#breadcrumb","itemListElement":[{"@type":"ListItem","position":1,"name":"Home","item":"https:\/\/www.cudgel.de\/en\/"},{"@type":"ListItem","position":2,"name":"Shop","item":"https:\/\/www.cudgel.de\/en\/shop\/"},{"@type":"ListItem","position":3,"name":"MUCUS &#8211; mature et responsable CD"}]},{"@type":"WebSite","@id":"https:\/\/www.cudgel.de\/#website","url":"https:\/\/www.cudgel.de\/","name":"cudgel | Der ultimative Metal Online Store","description":"Eine weitere WordPress-Website","publisher":{"@id":"https:\/\/www.cudgel.de\/#organization"},"potentialAction":[{"@type":"SearchAction","target":{"@type":"EntryPoint","urlTemplate":"https:\/\/www.cudgel.de\/?s={search_term_string}"},"query-input":"required name=search_term_string"}],"inLanguage":"en-US"},{"@type":"Organization","@id":"https:\/\/www.cudgel.de\/#organization","name":"cudgel | Der ultimative Metal Online Store","url":"https:\/\/www.cudgel.de\/","logo":{"@type":"ImageObject","inLanguage":"en-US","@id":"https:\/\/www.cudgel.de\/#\/schema\/logo\/image\/","url":"https:\/\/www.cudgel.de\/wp-content\/uploads\/2024\/06\/cudgel-logo-neu-1-1400x419png.webp","contentUrl":"https:\/\/www.cudgel.de\/wp-content\/uploads\/2024\/06\/cudgel-logo-neu-1-1400x419png.webp","width":1400,"height":419,"caption":"cudgel | Der ultimative Metal Online Store"},"image":{"@id":"https:\/\/www.cudgel.de\/#\/schema\/logo\/image\/"},"sameAs":["https:\/\/www.facebook.com\/CudgelVertrieb"]}]}},"_links":{"self":[{"href":"https:\/\/www.cudgel.de\/en\/wp-json\/wp\/v2\/product\/2045645","targetHints":{"allow":["GET"]}}],"collection":[{"href":"https:\/\/www.cudgel.de\/en\/wp-json\/wp\/v2\/product"}],"about":[{"href":"https:\/\/www.cudgel.de\/en\/wp-json\/wp\/v2\/types\/product"}],"replies":[{"embeddable":true,"href":"https:\/\/www.cudgel.de\/en\/wp-json\/wp\/v2\/comments?post=2045645"}],"wp:featuredmedia":[{"embeddable":true,"href":"https:\/\/www.cudgel.de\/en\/wp-json\/wp\/v2\/media\/2045643"}],"wp:attachment":[{"href":"https:\/\/www.cudgel.de\/en\/wp-json\/wp\/v2\/media?parent=2045645"}],"wp:term":[{"taxonomy":"product_cat","embeddable":true,"href":"https:\/\/www.cudgel.de\/en\/wp-json\/wp\/v2\/product_cat?post=2045645"},{"taxonomy":"product_tag","embeddable":true,"href":"https:\/\/www.cudgel.de\/en\/wp-json\/wp\/v2\/product_tag?post=2045645"}],"curies":[{"name":"wp","href":"https:\/\/api.w.org\/{rel}","templated":true}]}}