{"id":2045688,"date":"2024-06-29T11:34:59","date_gmt":"2024-06-29T09:34:59","guid":{"rendered":"https:\/\/www.cudgel.de\/produkt\/belly-error-povidky-ze-sklepa-cd\/"},"modified":"2025-12-31T17:13:13","modified_gmt":"2025-12-31T16:13:13","slug":"belly-error-povidky-ze-sklepa-cd","status":"publish","type":"product","link":"https:\/\/www.cudgel.de\/en\/product\/belly-error-povidky-ze-sklepa-cd\/","title":{"rendered":"BELLY ERROR &#8211; povidky ze sklepa CD"},"content":{"rendered":"<p>First full album of Czech goregrind band Belly Error. 18 smashing tracks full of tales about human evel, bestial criminals and deviants with mixture of sci-fi and fantasy horror&#8230; For all fans of 90\u00b4s classics like Ulcerous Phlegm, Dead Infection, Impetigo, Regurgitate and mano more!!!<\/p>\n<p><strong>Tracks:<\/strong><\/p>\n<ol class=\"tracklisting\">\n<li>\u008a\u00edlenstv\u00ed (Pochod zl\u00e9ho Mesi\u00e1\u009ae)<\/li>\n<li>Primitiv a kanibal (Ladislav Hojer)<\/li>\n<li>Pov\u00eddky ze sklepa (Tajemstv\u00ed Herr Fritzla)<\/li>\n<li>Hlava str\u00fdcka Huberta (Hubert Pilc\u00edk)<\/li>\n<li>\u00dachyln\u00e9 stvoren\u00ed (Stephen King_ Geraldova hra)<\/li>\n<li>Prasata na usedlosti Poh\u00e1dka (Ivan Roubal)<\/li>\n<li>Nekrofiln\u00ed vecere (Lysergidov\u00fd trip na patologii)<\/li>\n<li>Telo (Stephen King_ Ray Brower na kolej\u00edch)<\/li>\n<li>Pepek (Hrbitovn\u00ed vrah)<\/li>\n<li>Hodn\u00fd ridic (Miroslav Somora)<\/li>\n<li>Pitevn\u00ed s\u00e1l 4 (Stephen King_ Howard Randolph na stole)<\/li>\n<li>Bestie (Aneb nocn\u00ed romance)<\/li>\n<li>Horehronsk\u00fd rozparovac (\u008atefan Svitek)<\/li>\n<li>Guru J\u00e1r (Jaroslav Dobe\u009a a Vysok\u00e1 \u009akola poetrie)<\/li>\n<li>Mutace (Lidsk\u00e1 metamorf\u00f3za na patofyziologick\u00e9 \u00farovni)<\/li>\n<li>Zombieland (Zeme nemrtv\u00fdch)<\/li>\n<li>Dusot Zombie (Mozek!)<\/li>\n<li>Modlitba odsouzence (Ulcerous Phlegm cover)<\/li>\n<\/ol>\n<p><strong>Genres:<\/strong> Grindcore, Death Metal, Goregrind<\/p>\n<p> <strong>Label:<\/strong> Bizarre Leprous Productions<\/p>\n<p> <strong>Erscheinungsjahr:<\/strong> 2023<\/p>\n<p> <strong>K\u00fcnstler:<\/strong> BELLY ERROR<\/p>\n<p> <strong>Spieldauer:<\/strong> 30:12<\/p>\n<p> <strong>Format:<\/strong> CD<\/p>\n<p> <strong>EAN:<\/strong> &#8211;<\/p>\n","protected":false},"excerpt":{"rendered":"<p>First full album of Czech goregrind band Belly Error. 18 smashing tracks full of tales about human evel, bestial criminals and deviants with mixture of sci-fi and fantasy horror&#8230; For all fans of 90\u00b4s classics like Ulcerous Phlegm, Dead Infection, Impetigo, Regurgitate and mano more!!! Tracks: \u008a\u00edlenstv\u00ed (Pochod zl\u00e9ho Mesi\u00e1\u009ae) Primitiv a kanibal (Ladislav Hojer) [&#8230;]\n","protected":false},"featured_media":2045686,"comment_status":"open","ping_status":"closed","template":"","meta":[],"product_cat":[449],"product_tag":[],"class_list":{"0":"post-2045688","1":"product","2":"type-product","3":"status-publish","4":"has-post-thumbnail","6":"product_cat-cd-b","7":"pa_band-belly-error","8":"pa_productgenre-death-metal","9":"pa_productgenre-goregrind","10":"pa_productgenre-grindcore","11":"pa_productlabel-bizarre-leprous-productions","13":"first","14":"instock","15":"taxable","16":"shipping-taxable","17":"purchasable","18":"product-type-simple"},"yoast_head":"<!-- This site is optimized with the Yoast SEO plugin v22.9 - https:\/\/yoast.com\/wordpress\/plugins\/seo\/ -->\n<title>BELLY ERROR - povidky ze sklepa CD - cudgel | Der ultimative Metal Online Store<\/title>\n<meta name=\"robots\" content=\"index, follow, max-snippet:-1, max-image-preview:large, max-video-preview:-1\" \/>\n<link rel=\"canonical\" href=\"https:\/\/www.cudgel.de\/produkt\/belly-error-povidky-ze-sklepa-cd\/\" \/>\n<meta property=\"og:locale\" content=\"en_US\" \/>\n<meta property=\"og:type\" content=\"article\" \/>\n<meta property=\"og:title\" content=\"BELLY ERROR - povidky ze sklepa CD - cudgel | Der ultimative Metal Online Store\" \/>\n<meta property=\"og:description\" content=\"First full album of Czech goregrind band Belly Error. 18 smashing tracks full of tales about human evel, bestial criminals and deviants with mixture of sci-fi and fantasy horror&#8230; For all fans of 90\u00b4s classics like Ulcerous Phlegm, Dead Infection, Impetigo, Regurgitate and mano more!!! Tracks: \u008a\u00edlenstv\u00ed (Pochod zl\u00e9ho Mesi\u00e1\u009ae) Primitiv a kanibal (Ladislav Hojer) [...]\" \/>\n<meta property=\"og:url\" content=\"https:\/\/www.cudgel.de\/produkt\/belly-error-povidky-ze-sklepa-cd\/\" \/>\n<meta property=\"og:site_name\" content=\"cudgel | Der ultimative Metal Online Store\" \/>\n<meta property=\"article:publisher\" content=\"https:\/\/www.facebook.com\/CudgelVertrieb\" \/>\n<meta property=\"article:modified_time\" content=\"2025-12-31T16:13:13+00:00\" \/>\n<meta property=\"og:image\" content=\"https:\/\/www.cudgel.de\/wp-content\/uploads\/2024\/06\/Art221702.jpg\" \/>\n\t<meta property=\"og:image:width\" content=\"1000\" \/>\n\t<meta property=\"og:image:height\" content=\"1000\" \/>\n\t<meta property=\"og:image:type\" content=\"image\/jpeg\" \/>\n<meta name=\"twitter:card\" content=\"summary_large_image\" \/>\n<meta name=\"twitter:label1\" content=\"Est. reading time\" \/>\n\t<meta name=\"twitter:data1\" content=\"1 minute\" \/>\n<script type=\"application\/ld+json\" class=\"yoast-schema-graph\">{\"@context\":\"https:\/\/schema.org\",\"@graph\":[{\"@type\":\"WebPage\",\"@id\":\"https:\/\/www.cudgel.de\/produkt\/belly-error-povidky-ze-sklepa-cd\/\",\"url\":\"https:\/\/www.cudgel.de\/produkt\/belly-error-povidky-ze-sklepa-cd\/\",\"name\":\"BELLY ERROR - povidky ze sklepa CD - cudgel | Der ultimative Metal Online Store\",\"isPartOf\":{\"@id\":\"https:\/\/www.cudgel.de\/#website\"},\"primaryImageOfPage\":{\"@id\":\"https:\/\/www.cudgel.de\/produkt\/belly-error-povidky-ze-sklepa-cd\/#primaryimage\"},\"image\":{\"@id\":\"https:\/\/www.cudgel.de\/produkt\/belly-error-povidky-ze-sklepa-cd\/#primaryimage\"},\"thumbnailUrl\":\"https:\/\/www.cudgel.de\/wp-content\/uploads\/2024\/06\/Art221702.jpg\",\"datePublished\":\"2024-06-29T09:34:59+00:00\",\"dateModified\":\"2025-12-31T16:13:13+00:00\",\"breadcrumb\":{\"@id\":\"https:\/\/www.cudgel.de\/produkt\/belly-error-povidky-ze-sklepa-cd\/#breadcrumb\"},\"inLanguage\":\"en-US\",\"potentialAction\":[{\"@type\":\"ReadAction\",\"target\":[\"https:\/\/www.cudgel.de\/produkt\/belly-error-povidky-ze-sklepa-cd\/\"]}]},{\"@type\":\"ImageObject\",\"inLanguage\":\"en-US\",\"@id\":\"https:\/\/www.cudgel.de\/produkt\/belly-error-povidky-ze-sklepa-cd\/#primaryimage\",\"url\":\"https:\/\/www.cudgel.de\/wp-content\/uploads\/2024\/06\/Art221702.jpg\",\"contentUrl\":\"https:\/\/www.cudgel.de\/wp-content\/uploads\/2024\/06\/Art221702.jpg\",\"width\":1000,\"height\":1000},{\"@type\":\"BreadcrumbList\",\"@id\":\"https:\/\/www.cudgel.de\/produkt\/belly-error-povidky-ze-sklepa-cd\/#breadcrumb\",\"itemListElement\":[{\"@type\":\"ListItem\",\"position\":1,\"name\":\"Home\",\"item\":\"https:\/\/www.cudgel.de\/en\/\"},{\"@type\":\"ListItem\",\"position\":2,\"name\":\"Shop\",\"item\":\"https:\/\/www.cudgel.de\/en\/shop\/\"},{\"@type\":\"ListItem\",\"position\":3,\"name\":\"BELLY ERROR &#8211; povidky ze sklepa CD\"}]},{\"@type\":\"WebSite\",\"@id\":\"https:\/\/www.cudgel.de\/#website\",\"url\":\"https:\/\/www.cudgel.de\/\",\"name\":\"cudgel | Der ultimative Metal Online Store\",\"description\":\"Eine weitere WordPress-Website\",\"publisher\":{\"@id\":\"https:\/\/www.cudgel.de\/#organization\"},\"potentialAction\":[{\"@type\":\"SearchAction\",\"target\":{\"@type\":\"EntryPoint\",\"urlTemplate\":\"https:\/\/www.cudgel.de\/?s={search_term_string}\"},\"query-input\":\"required name=search_term_string\"}],\"inLanguage\":\"en-US\"},{\"@type\":\"Organization\",\"@id\":\"https:\/\/www.cudgel.de\/#organization\",\"name\":\"cudgel | Der ultimative Metal Online Store\",\"url\":\"https:\/\/www.cudgel.de\/\",\"logo\":{\"@type\":\"ImageObject\",\"inLanguage\":\"en-US\",\"@id\":\"https:\/\/www.cudgel.de\/#\/schema\/logo\/image\/\",\"url\":\"https:\/\/www.cudgel.de\/wp-content\/uploads\/2024\/06\/cudgel-logo-neu-1-1400x419png.webp\",\"contentUrl\":\"https:\/\/www.cudgel.de\/wp-content\/uploads\/2024\/06\/cudgel-logo-neu-1-1400x419png.webp\",\"width\":1400,\"height\":419,\"caption\":\"cudgel | Der ultimative Metal Online Store\"},\"image\":{\"@id\":\"https:\/\/www.cudgel.de\/#\/schema\/logo\/image\/\"},\"sameAs\":[\"https:\/\/www.facebook.com\/CudgelVertrieb\"]}]}<\/script>\n<!-- \/ Yoast SEO plugin. -->","yoast_head_json":{"title":"BELLY ERROR - povidky ze sklepa CD - cudgel | Der ultimative Metal Online Store","robots":{"index":"index","follow":"follow","max-snippet":"max-snippet:-1","max-image-preview":"max-image-preview:large","max-video-preview":"max-video-preview:-1"},"canonical":"https:\/\/www.cudgel.de\/produkt\/belly-error-povidky-ze-sklepa-cd\/","og_locale":"en_US","og_type":"article","og_title":"BELLY ERROR - povidky ze sklepa CD - cudgel | Der ultimative Metal Online Store","og_description":"First full album of Czech goregrind band Belly Error. 18 smashing tracks full of tales about human evel, bestial criminals and deviants with mixture of sci-fi and fantasy horror&#8230; For all fans of 90\u00b4s classics like Ulcerous Phlegm, Dead Infection, Impetigo, Regurgitate and mano more!!! Tracks: \u008a\u00edlenstv\u00ed (Pochod zl\u00e9ho Mesi\u00e1\u009ae) Primitiv a kanibal (Ladislav Hojer) [...]","og_url":"https:\/\/www.cudgel.de\/produkt\/belly-error-povidky-ze-sklepa-cd\/","og_site_name":"cudgel | Der ultimative Metal Online Store","article_publisher":"https:\/\/www.facebook.com\/CudgelVertrieb","article_modified_time":"2025-12-31T16:13:13+00:00","og_image":[{"width":1000,"height":1000,"url":"https:\/\/www.cudgel.de\/wp-content\/uploads\/2024\/06\/Art221702.jpg","type":"image\/jpeg"}],"twitter_card":"summary_large_image","twitter_misc":{"Est. reading time":"1 minute"},"schema":{"@context":"https:\/\/schema.org","@graph":[{"@type":"WebPage","@id":"https:\/\/www.cudgel.de\/produkt\/belly-error-povidky-ze-sklepa-cd\/","url":"https:\/\/www.cudgel.de\/produkt\/belly-error-povidky-ze-sklepa-cd\/","name":"BELLY ERROR - povidky ze sklepa CD - cudgel | Der ultimative Metal Online Store","isPartOf":{"@id":"https:\/\/www.cudgel.de\/#website"},"primaryImageOfPage":{"@id":"https:\/\/www.cudgel.de\/produkt\/belly-error-povidky-ze-sklepa-cd\/#primaryimage"},"image":{"@id":"https:\/\/www.cudgel.de\/produkt\/belly-error-povidky-ze-sklepa-cd\/#primaryimage"},"thumbnailUrl":"https:\/\/www.cudgel.de\/wp-content\/uploads\/2024\/06\/Art221702.jpg","datePublished":"2024-06-29T09:34:59+00:00","dateModified":"2025-12-31T16:13:13+00:00","breadcrumb":{"@id":"https:\/\/www.cudgel.de\/produkt\/belly-error-povidky-ze-sklepa-cd\/#breadcrumb"},"inLanguage":"en-US","potentialAction":[{"@type":"ReadAction","target":["https:\/\/www.cudgel.de\/produkt\/belly-error-povidky-ze-sklepa-cd\/"]}]},{"@type":"ImageObject","inLanguage":"en-US","@id":"https:\/\/www.cudgel.de\/produkt\/belly-error-povidky-ze-sklepa-cd\/#primaryimage","url":"https:\/\/www.cudgel.de\/wp-content\/uploads\/2024\/06\/Art221702.jpg","contentUrl":"https:\/\/www.cudgel.de\/wp-content\/uploads\/2024\/06\/Art221702.jpg","width":1000,"height":1000},{"@type":"BreadcrumbList","@id":"https:\/\/www.cudgel.de\/produkt\/belly-error-povidky-ze-sklepa-cd\/#breadcrumb","itemListElement":[{"@type":"ListItem","position":1,"name":"Home","item":"https:\/\/www.cudgel.de\/en\/"},{"@type":"ListItem","position":2,"name":"Shop","item":"https:\/\/www.cudgel.de\/en\/shop\/"},{"@type":"ListItem","position":3,"name":"BELLY ERROR &#8211; povidky ze sklepa CD"}]},{"@type":"WebSite","@id":"https:\/\/www.cudgel.de\/#website","url":"https:\/\/www.cudgel.de\/","name":"cudgel | Der ultimative Metal Online Store","description":"Eine weitere WordPress-Website","publisher":{"@id":"https:\/\/www.cudgel.de\/#organization"},"potentialAction":[{"@type":"SearchAction","target":{"@type":"EntryPoint","urlTemplate":"https:\/\/www.cudgel.de\/?s={search_term_string}"},"query-input":"required name=search_term_string"}],"inLanguage":"en-US"},{"@type":"Organization","@id":"https:\/\/www.cudgel.de\/#organization","name":"cudgel | Der ultimative Metal Online Store","url":"https:\/\/www.cudgel.de\/","logo":{"@type":"ImageObject","inLanguage":"en-US","@id":"https:\/\/www.cudgel.de\/#\/schema\/logo\/image\/","url":"https:\/\/www.cudgel.de\/wp-content\/uploads\/2024\/06\/cudgel-logo-neu-1-1400x419png.webp","contentUrl":"https:\/\/www.cudgel.de\/wp-content\/uploads\/2024\/06\/cudgel-logo-neu-1-1400x419png.webp","width":1400,"height":419,"caption":"cudgel | Der ultimative Metal Online Store"},"image":{"@id":"https:\/\/www.cudgel.de\/#\/schema\/logo\/image\/"},"sameAs":["https:\/\/www.facebook.com\/CudgelVertrieb"]}]}},"_links":{"self":[{"href":"https:\/\/www.cudgel.de\/en\/wp-json\/wp\/v2\/product\/2045688","targetHints":{"allow":["GET"]}}],"collection":[{"href":"https:\/\/www.cudgel.de\/en\/wp-json\/wp\/v2\/product"}],"about":[{"href":"https:\/\/www.cudgel.de\/en\/wp-json\/wp\/v2\/types\/product"}],"replies":[{"embeddable":true,"href":"https:\/\/www.cudgel.de\/en\/wp-json\/wp\/v2\/comments?post=2045688"}],"wp:featuredmedia":[{"embeddable":true,"href":"https:\/\/www.cudgel.de\/en\/wp-json\/wp\/v2\/media\/2045686"}],"wp:attachment":[{"href":"https:\/\/www.cudgel.de\/en\/wp-json\/wp\/v2\/media?parent=2045688"}],"wp:term":[{"taxonomy":"product_cat","embeddable":true,"href":"https:\/\/www.cudgel.de\/en\/wp-json\/wp\/v2\/product_cat?post=2045688"},{"taxonomy":"product_tag","embeddable":true,"href":"https:\/\/www.cudgel.de\/en\/wp-json\/wp\/v2\/product_tag?post=2045688"}],"curies":[{"name":"wp","href":"https:\/\/api.w.org\/{rel}","templated":true}]}}