{"id":2073130,"date":"2024-07-15T15:08:07","date_gmt":"2024-07-15T13:08:07","guid":{"rendered":"https:\/\/www.cudgel.de\/produkt\/tomb-mold-the-enduring-spirit-lp-black\/"},"modified":"2025-12-31T01:10:39","modified_gmt":"2025-12-31T00:10:39","slug":"tomb-mold-the-enduring-spirit-lp-black","status":"publish","type":"product","link":"https:\/\/www.cudgel.de\/en\/product\/tomb-mold-the-enduring-spirit-lp-black\/","title":{"rendered":"TOMB MOLD &#8211; the enduring spirit LP black"},"content":{"rendered":"<p>lim. black vinyl<br \/>\nDie Vinyl-Version enth\u00e4lt ein 4-Panel-Insert und ein riesiges 36&#215;24-Zoll-Poster.<\/p>\n<p>Nach Ver\u00f6ffentlichung von drei Alben innerhalb von drei Jahren und einer anschlie\u00dfenden vierj\u00e4hrigen Pause sind Tomb Mold auf ihrem vierten Album &#8220;The Enduring Spirit&#8221; wiedergeboren worden, ein durch und durch unverfrorener Schritt in neue Gefilde. Doch bei all dem frenetischen Wagemut und k\u00fchner Erkundung ist &#8220;The Enduring Spirit&#8221; nie etwas anderes als unverkennbar TOMB MOLD!<\/p>\n<p>W\u00e4hrend neue Strukturen die TOMB MOLD Architektur um neue Einfl\u00fcsse bereits auf dem im letzten Jahr selbst ver\u00f6ffentlichten Tape &#8220;Aperture of Body&#8221; erweiterten, insbesondere beim letzten St\u00fcck &#8220;Prestige of Rebirth&#8221;, treten sie bei &#8220;The Enduring Spirit&#8221; deutlich in den Vordergrund. Die Zeit, in der Derrick Vella mit Dream Unending im Doom-Genre erschuf und ausbaute, ist zweifellos in Tomb Mold eingeflossen- ganz zu schweigen von Payson Power und Max Klebanoffs Erkundungen in ihrem eigenen Projekt, Daydream Plus.<\/p>\n<p>Mit dem Album-Opener &#8220;The Perfect Memory (Phantasm of Aura)&#8221; kommt das kantige, Dimensionen verschiebende Riffing der Band sofort zum Vorschein, w\u00e4hrend der Track durch verschiedene Stufen des progressiven Death Metal und einige der bisher extremsten St\u00fccke der Band wandert. &#8220;Will Of Whispers&#8221; beginnt mit einer jazzartigen Fantasiesequenz, bevor es in ein blendendes wei\u00dfes Lichtfeuer, geschmackvolle Gitarrenleads und zur\u00fcck in ein vertr\u00e4umtes Serpentinenmuster kippt, das in seiner fast 7-min\u00fctigen Laufzeit ganze Universen umspannt.<\/p>\n<p>Die hintere H\u00e4lfte des Albums setzt die Reise in das fort, was innerhalb der Death Metal-Normen m\u00f6glich ist, und erreicht den H\u00f6hepunkt mit dem \u00fcber 11-min\u00fctigen Albumschlussst\u00fcck &#8220;The Enduring Spirit Of Calamity&#8221;, einer jenseitigen Reise in einen Strudel, in dem alle Dinge in Raum und Zeit zusammenlaufen und den Baum des Lebens durch eine leuchtende himmlische Komposition bildlich greifbar machen.<\/p>\n<p>Nach vier Jahren Pause war es f\u00fcr eine Band mit grenzenloser kreativer Energie, wie Tomb Mold es sind, eine Selbstverst\u00e4ndlichkeit, den Umfang ihrer Vision zu erweitern &#8211; auf &#8220;The Enduring Spirit&#8221; haben sie ein Album mit einer cineastischen Umgebung geschaffen, die unbegrenzte M\u00f6glichkeiten der Erforschung bietet, sowohl f\u00fcr sie selbst als auch f\u00fcr den H\u00f6rer.<\/p>\n<p>&#8211; Artwork von Jesse Jacobi, der auch das Artwork von Planetary Clairvoyance gestaltet hat<br \/>\n&#8211; Aufgenommen von Sean Pearson (Tomb Mold, Dream Unending) und gemischt und gemastert von Arthur Rizk (Tomb Mold, Dream Unending, Kommand, Gravesend, Power Trip)<\/p>\n<p>&#8211; FFO: Demilich, Death, Cynic, Convulse, Nile, Demigod, Ulthar, Lunar Chamber, Atheist, Carcass, Watchtower, Obliveon, Undeath, Blood Incantation, Vastum, Horrendous<\/p>\n<p><strong>Tracks:<\/strong><\/p>\n<ol class=\"tracklisting\">\n<li>The Perfect Memory (Phantasm of Aura)<\/li>\n<li>Angelic Fabrications<\/li>\n<li>Will of Whispers<\/li>\n<li>Fate\u0092s Tangled Thread<\/li>\n<li>Flesh as Armour<\/li>\n<li>Servants of Possibility<\/li>\n<li>The Enduring Spirit of Calamity<\/li>\n<\/ol>\n<p><strong>Genres:<\/strong> Death Metal<\/p>\n","protected":false},"excerpt":{"rendered":"<p>lim. black vinyl Die Vinyl-Version enth\u00e4lt ein 4-Panel-Insert und ein riesiges 36&#215;24-Zoll-Poster. Nach Ver\u00f6ffentlichung von drei Alben innerhalb von drei Jahren und einer anschlie\u00dfenden vierj\u00e4hrigen Pause sind Tomb Mold auf ihrem vierten Album &#8220;The Enduring Spirit&#8221; wiedergeboren worden, ein durch und durch unverfrorener Schritt in neue Gefilde. Doch bei all dem frenetischen Wagemut und k\u00fchner [&#8230;]\n","protected":false},"featured_media":2073128,"comment_status":"open","ping_status":"closed","template":"","meta":[],"product_cat":[442],"product_tag":[],"class_list":{"0":"post-2073130","1":"product","2":"type-product","3":"status-publish","4":"has-post-thumbnail","6":"product_cat-vinyl-t","7":"pa_band-tomb-mold","8":"pa_productgenre-death-metal","9":"pa_productlabel-20-buck-spin","11":"first","12":"instock","13":"taxable","14":"shipping-taxable","15":"purchasable","16":"product-type-simple"},"yoast_head":"<!-- This site is optimized with the Yoast SEO plugin v22.9 - https:\/\/yoast.com\/wordpress\/plugins\/seo\/ -->\n<title>TOMB MOLD - the enduring spirit LP black - cudgel | Der ultimative Metal Online Store<\/title>\n<meta name=\"robots\" content=\"index, follow, max-snippet:-1, max-image-preview:large, max-video-preview:-1\" \/>\n<link rel=\"canonical\" href=\"https:\/\/www.cudgel.de\/produkt\/tomb-mold-the-enduring-spirit-lp-black\/\" \/>\n<meta property=\"og:locale\" content=\"en_US\" \/>\n<meta property=\"og:type\" content=\"article\" \/>\n<meta property=\"og:title\" content=\"TOMB MOLD - the enduring spirit LP black - cudgel | Der ultimative Metal Online Store\" \/>\n<meta property=\"og:description\" content=\"lim. black vinyl Die Vinyl-Version enth\u00e4lt ein 4-Panel-Insert und ein riesiges 36&#215;24-Zoll-Poster. Nach Ver\u00f6ffentlichung von drei Alben innerhalb von drei Jahren und einer anschlie\u00dfenden vierj\u00e4hrigen Pause sind Tomb Mold auf ihrem vierten Album &#8220;The Enduring Spirit&#8221; wiedergeboren worden, ein durch und durch unverfrorener Schritt in neue Gefilde. Doch bei all dem frenetischen Wagemut und k\u00fchner [...]\" \/>\n<meta property=\"og:url\" content=\"https:\/\/www.cudgel.de\/produkt\/tomb-mold-the-enduring-spirit-lp-black\/\" \/>\n<meta property=\"og:site_name\" content=\"cudgel | Der ultimative Metal Online Store\" \/>\n<meta property=\"article:publisher\" content=\"https:\/\/www.facebook.com\/CudgelVertrieb\" \/>\n<meta property=\"article:modified_time\" content=\"2025-12-31T00:10:39+00:00\" \/>\n<meta property=\"og:image\" content=\"https:\/\/www.cudgel.de\/wp-content\/uploads\/2024\/07\/Art109454.jpg\" \/>\n\t<meta property=\"og:image:width\" content=\"1500\" \/>\n\t<meta property=\"og:image:height\" content=\"1384\" \/>\n\t<meta property=\"og:image:type\" content=\"image\/jpeg\" \/>\n<meta name=\"twitter:card\" content=\"summary_large_image\" \/>\n<meta name=\"twitter:label1\" content=\"Est. reading time\" \/>\n\t<meta name=\"twitter:data1\" content=\"2 minutes\" \/>\n<script type=\"application\/ld+json\" class=\"yoast-schema-graph\">{\"@context\":\"https:\/\/schema.org\",\"@graph\":[{\"@type\":\"WebPage\",\"@id\":\"https:\/\/www.cudgel.de\/produkt\/tomb-mold-the-enduring-spirit-lp-black\/\",\"url\":\"https:\/\/www.cudgel.de\/produkt\/tomb-mold-the-enduring-spirit-lp-black\/\",\"name\":\"TOMB MOLD - the enduring spirit LP black - cudgel | Der ultimative Metal Online Store\",\"isPartOf\":{\"@id\":\"https:\/\/www.cudgel.de\/#website\"},\"primaryImageOfPage\":{\"@id\":\"https:\/\/www.cudgel.de\/produkt\/tomb-mold-the-enduring-spirit-lp-black\/#primaryimage\"},\"image\":{\"@id\":\"https:\/\/www.cudgel.de\/produkt\/tomb-mold-the-enduring-spirit-lp-black\/#primaryimage\"},\"thumbnailUrl\":\"https:\/\/www.cudgel.de\/wp-content\/uploads\/2024\/07\/Art109454.jpg\",\"datePublished\":\"2024-07-15T13:08:07+00:00\",\"dateModified\":\"2025-12-31T00:10:39+00:00\",\"breadcrumb\":{\"@id\":\"https:\/\/www.cudgel.de\/produkt\/tomb-mold-the-enduring-spirit-lp-black\/#breadcrumb\"},\"inLanguage\":\"en-US\",\"potentialAction\":[{\"@type\":\"ReadAction\",\"target\":[\"https:\/\/www.cudgel.de\/produkt\/tomb-mold-the-enduring-spirit-lp-black\/\"]}]},{\"@type\":\"ImageObject\",\"inLanguage\":\"en-US\",\"@id\":\"https:\/\/www.cudgel.de\/produkt\/tomb-mold-the-enduring-spirit-lp-black\/#primaryimage\",\"url\":\"https:\/\/www.cudgel.de\/wp-content\/uploads\/2024\/07\/Art109454.jpg\",\"contentUrl\":\"https:\/\/www.cudgel.de\/wp-content\/uploads\/2024\/07\/Art109454.jpg\",\"width\":1500,\"height\":1384},{\"@type\":\"BreadcrumbList\",\"@id\":\"https:\/\/www.cudgel.de\/produkt\/tomb-mold-the-enduring-spirit-lp-black\/#breadcrumb\",\"itemListElement\":[{\"@type\":\"ListItem\",\"position\":1,\"name\":\"Home\",\"item\":\"https:\/\/www.cudgel.de\/en\/\"},{\"@type\":\"ListItem\",\"position\":2,\"name\":\"Shop\",\"item\":\"https:\/\/www.cudgel.de\/en\/shop\/\"},{\"@type\":\"ListItem\",\"position\":3,\"name\":\"TOMB MOLD &#8211; the enduring spirit LP black\"}]},{\"@type\":\"WebSite\",\"@id\":\"https:\/\/www.cudgel.de\/#website\",\"url\":\"https:\/\/www.cudgel.de\/\",\"name\":\"cudgel | Der ultimative Metal Online Store\",\"description\":\"Eine weitere WordPress-Website\",\"publisher\":{\"@id\":\"https:\/\/www.cudgel.de\/#organization\"},\"potentialAction\":[{\"@type\":\"SearchAction\",\"target\":{\"@type\":\"EntryPoint\",\"urlTemplate\":\"https:\/\/www.cudgel.de\/?s={search_term_string}\"},\"query-input\":\"required name=search_term_string\"}],\"inLanguage\":\"en-US\"},{\"@type\":\"Organization\",\"@id\":\"https:\/\/www.cudgel.de\/#organization\",\"name\":\"cudgel | Der ultimative Metal Online Store\",\"url\":\"https:\/\/www.cudgel.de\/\",\"logo\":{\"@type\":\"ImageObject\",\"inLanguage\":\"en-US\",\"@id\":\"https:\/\/www.cudgel.de\/#\/schema\/logo\/image\/\",\"url\":\"https:\/\/www.cudgel.de\/wp-content\/uploads\/2024\/06\/cudgel-logo-neu-1-1400x419png.webp\",\"contentUrl\":\"https:\/\/www.cudgel.de\/wp-content\/uploads\/2024\/06\/cudgel-logo-neu-1-1400x419png.webp\",\"width\":1400,\"height\":419,\"caption\":\"cudgel | Der ultimative Metal Online Store\"},\"image\":{\"@id\":\"https:\/\/www.cudgel.de\/#\/schema\/logo\/image\/\"},\"sameAs\":[\"https:\/\/www.facebook.com\/CudgelVertrieb\"]}]}<\/script>\n<!-- \/ Yoast SEO plugin. -->","yoast_head_json":{"title":"TOMB MOLD - the enduring spirit LP black - cudgel | Der ultimative Metal Online Store","robots":{"index":"index","follow":"follow","max-snippet":"max-snippet:-1","max-image-preview":"max-image-preview:large","max-video-preview":"max-video-preview:-1"},"canonical":"https:\/\/www.cudgel.de\/produkt\/tomb-mold-the-enduring-spirit-lp-black\/","og_locale":"en_US","og_type":"article","og_title":"TOMB MOLD - the enduring spirit LP black - cudgel | Der ultimative Metal Online Store","og_description":"lim. black vinyl Die Vinyl-Version enth\u00e4lt ein 4-Panel-Insert und ein riesiges 36&#215;24-Zoll-Poster. Nach Ver\u00f6ffentlichung von drei Alben innerhalb von drei Jahren und einer anschlie\u00dfenden vierj\u00e4hrigen Pause sind Tomb Mold auf ihrem vierten Album &#8220;The Enduring Spirit&#8221; wiedergeboren worden, ein durch und durch unverfrorener Schritt in neue Gefilde. Doch bei all dem frenetischen Wagemut und k\u00fchner [...]","og_url":"https:\/\/www.cudgel.de\/produkt\/tomb-mold-the-enduring-spirit-lp-black\/","og_site_name":"cudgel | Der ultimative Metal Online Store","article_publisher":"https:\/\/www.facebook.com\/CudgelVertrieb","article_modified_time":"2025-12-31T00:10:39+00:00","og_image":[{"width":1500,"height":1384,"url":"https:\/\/www.cudgel.de\/wp-content\/uploads\/2024\/07\/Art109454.jpg","type":"image\/jpeg"}],"twitter_card":"summary_large_image","twitter_misc":{"Est. reading time":"2 minutes"},"schema":{"@context":"https:\/\/schema.org","@graph":[{"@type":"WebPage","@id":"https:\/\/www.cudgel.de\/produkt\/tomb-mold-the-enduring-spirit-lp-black\/","url":"https:\/\/www.cudgel.de\/produkt\/tomb-mold-the-enduring-spirit-lp-black\/","name":"TOMB MOLD - the enduring spirit LP black - cudgel | Der ultimative Metal Online Store","isPartOf":{"@id":"https:\/\/www.cudgel.de\/#website"},"primaryImageOfPage":{"@id":"https:\/\/www.cudgel.de\/produkt\/tomb-mold-the-enduring-spirit-lp-black\/#primaryimage"},"image":{"@id":"https:\/\/www.cudgel.de\/produkt\/tomb-mold-the-enduring-spirit-lp-black\/#primaryimage"},"thumbnailUrl":"https:\/\/www.cudgel.de\/wp-content\/uploads\/2024\/07\/Art109454.jpg","datePublished":"2024-07-15T13:08:07+00:00","dateModified":"2025-12-31T00:10:39+00:00","breadcrumb":{"@id":"https:\/\/www.cudgel.de\/produkt\/tomb-mold-the-enduring-spirit-lp-black\/#breadcrumb"},"inLanguage":"en-US","potentialAction":[{"@type":"ReadAction","target":["https:\/\/www.cudgel.de\/produkt\/tomb-mold-the-enduring-spirit-lp-black\/"]}]},{"@type":"ImageObject","inLanguage":"en-US","@id":"https:\/\/www.cudgel.de\/produkt\/tomb-mold-the-enduring-spirit-lp-black\/#primaryimage","url":"https:\/\/www.cudgel.de\/wp-content\/uploads\/2024\/07\/Art109454.jpg","contentUrl":"https:\/\/www.cudgel.de\/wp-content\/uploads\/2024\/07\/Art109454.jpg","width":1500,"height":1384},{"@type":"BreadcrumbList","@id":"https:\/\/www.cudgel.de\/produkt\/tomb-mold-the-enduring-spirit-lp-black\/#breadcrumb","itemListElement":[{"@type":"ListItem","position":1,"name":"Home","item":"https:\/\/www.cudgel.de\/en\/"},{"@type":"ListItem","position":2,"name":"Shop","item":"https:\/\/www.cudgel.de\/en\/shop\/"},{"@type":"ListItem","position":3,"name":"TOMB MOLD &#8211; the enduring spirit LP black"}]},{"@type":"WebSite","@id":"https:\/\/www.cudgel.de\/#website","url":"https:\/\/www.cudgel.de\/","name":"cudgel | Der ultimative Metal Online Store","description":"Eine weitere WordPress-Website","publisher":{"@id":"https:\/\/www.cudgel.de\/#organization"},"potentialAction":[{"@type":"SearchAction","target":{"@type":"EntryPoint","urlTemplate":"https:\/\/www.cudgel.de\/?s={search_term_string}"},"query-input":"required name=search_term_string"}],"inLanguage":"en-US"},{"@type":"Organization","@id":"https:\/\/www.cudgel.de\/#organization","name":"cudgel | Der ultimative Metal Online Store","url":"https:\/\/www.cudgel.de\/","logo":{"@type":"ImageObject","inLanguage":"en-US","@id":"https:\/\/www.cudgel.de\/#\/schema\/logo\/image\/","url":"https:\/\/www.cudgel.de\/wp-content\/uploads\/2024\/06\/cudgel-logo-neu-1-1400x419png.webp","contentUrl":"https:\/\/www.cudgel.de\/wp-content\/uploads\/2024\/06\/cudgel-logo-neu-1-1400x419png.webp","width":1400,"height":419,"caption":"cudgel | Der ultimative Metal Online Store"},"image":{"@id":"https:\/\/www.cudgel.de\/#\/schema\/logo\/image\/"},"sameAs":["https:\/\/www.facebook.com\/CudgelVertrieb"]}]}},"_links":{"self":[{"href":"https:\/\/www.cudgel.de\/en\/wp-json\/wp\/v2\/product\/2073130","targetHints":{"allow":["GET"]}}],"collection":[{"href":"https:\/\/www.cudgel.de\/en\/wp-json\/wp\/v2\/product"}],"about":[{"href":"https:\/\/www.cudgel.de\/en\/wp-json\/wp\/v2\/types\/product"}],"replies":[{"embeddable":true,"href":"https:\/\/www.cudgel.de\/en\/wp-json\/wp\/v2\/comments?post=2073130"}],"wp:featuredmedia":[{"embeddable":true,"href":"https:\/\/www.cudgel.de\/en\/wp-json\/wp\/v2\/media\/2073128"}],"wp:attachment":[{"href":"https:\/\/www.cudgel.de\/en\/wp-json\/wp\/v2\/media?parent=2073130"}],"wp:term":[{"taxonomy":"product_cat","embeddable":true,"href":"https:\/\/www.cudgel.de\/en\/wp-json\/wp\/v2\/product_cat?post=2073130"},{"taxonomy":"product_tag","embeddable":true,"href":"https:\/\/www.cudgel.de\/en\/wp-json\/wp\/v2\/product_tag?post=2073130"}],"curies":[{"name":"wp","href":"https:\/\/api.w.org\/{rel}","templated":true}]}}