{"id":2084189,"date":"2024-07-23T11:33:47","date_gmt":"2024-07-23T09:33:47","guid":{"rendered":"https:\/\/www.cudgel.de\/produkt\/perchta-dmuata-digicd\/"},"modified":"2025-12-31T02:38:37","modified_gmt":"2025-12-31T01:38:37","slug":"perchta-dmuata-digicd","status":"publish","type":"product","link":"https:\/\/www.cudgel.de\/en\/product\/perchta-dmuata-digicd\/","title":{"rendered":"PERCHTA &#8211; d&#8217;muata DigiCD"},"content":{"rendered":"<p>Digisleeve CD<\/p>\n<p>Second record by Austrian Black Folk Metal band. The witch of Tyrolean mountains and her journeymen return with another magnificent and magical album between Black Metal and ritualistic folkloric music.<\/p>\n<p><strong>Tracks:<\/strong><\/p>\n<ol class=\"tracklisting\">\n<li>Vom Verl\u00e5nga<\/li>\n<li>Ois w\u00e5s ma san<\/li>\n<li>Heiliges Bluat<\/li>\n<li>Hebamm<\/li>\n<li>D&#8217;Muata<\/li>\n<li>Wehenkanon<\/li>\n<li>Ausbruch<\/li>\n<li>L\u00e5ngtuttin &amp; Stampa<\/li>\n<li>Mei Dian\u00e4 Mei Bua<\/li>\n<\/ol>\n<p><strong>Genres:<\/strong> Black Metal, Folk Metal, Post Metal<\/p>\n<p> <strong>Label:<\/strong> Prophecy Productions<\/p>\n<p> <strong>Erscheinungsjahr:<\/strong> 2024<\/p>\n<p> <strong>K\u00fcnstler:<\/strong> PERCHTA<\/p>\n<p> <strong>Spieldauer:<\/strong> 47:47<\/p>\n<p> <strong>Format:<\/strong> CD<\/p>\n<p> <strong>EAN:<\/strong> 0884388879959<\/p>\n","protected":false},"excerpt":{"rendered":"<p>Digisleeve CD Second record by Austrian Black Folk Metal band. The witch of Tyrolean mountains and her journeymen return with another magnificent and magical album between Black Metal and ritualistic folkloric music. Tracks: Vom Verl\u00e5nga Ois w\u00e5s ma san Heiliges Bluat Hebamm D&#8217;Muata Wehenkanon Ausbruch L\u00e5ngtuttin &amp; Stampa Mei Dian\u00e4 Mei Bua Genres: Black Metal, [&#8230;]\n","protected":false},"featured_media":2084187,"comment_status":"open","ping_status":"closed","template":"","meta":[],"product_cat":[460],"product_tag":[],"class_list":{"0":"post-2084189","1":"product","2":"type-product","3":"status-publish","4":"has-post-thumbnail","6":"product_cat-cd-o-q","7":"pa_band-perchta","8":"pa_productgenre-black-metal","9":"pa_productgenre-folk-metal","10":"pa_productgenre-post-metal","11":"pa_productlabel-prophecy-productions","13":"first","14":"instock","15":"taxable","16":"shipping-taxable","17":"purchasable","18":"product-type-simple"},"yoast_head":"<!-- This site is optimized with the Yoast SEO plugin v22.9 - https:\/\/yoast.com\/wordpress\/plugins\/seo\/ -->\n<title>PERCHTA - d&#039;muata DigiCD - cudgel | Der ultimative Metal Online Store<\/title>\n<meta name=\"robots\" content=\"index, follow, max-snippet:-1, max-image-preview:large, max-video-preview:-1\" \/>\n<link rel=\"canonical\" href=\"https:\/\/www.cudgel.de\/produkt\/perchta-dmuata-digicd\/\" \/>\n<meta property=\"og:locale\" content=\"en_US\" \/>\n<meta property=\"og:type\" content=\"article\" \/>\n<meta property=\"og:title\" content=\"PERCHTA - d&#039;muata DigiCD - cudgel | Der ultimative Metal Online Store\" \/>\n<meta property=\"og:description\" content=\"Digisleeve CD Second record by Austrian Black Folk Metal band. The witch of Tyrolean mountains and her journeymen return with another magnificent and magical album between Black Metal and ritualistic folkloric music. Tracks: Vom Verl\u00e5nga Ois w\u00e5s ma san Heiliges Bluat Hebamm D&#8217;Muata Wehenkanon Ausbruch L\u00e5ngtuttin &amp; Stampa Mei Dian\u00e4 Mei Bua Genres: Black Metal, [...]\" \/>\n<meta property=\"og:url\" content=\"https:\/\/www.cudgel.de\/produkt\/perchta-dmuata-digicd\/\" \/>\n<meta property=\"og:site_name\" content=\"cudgel | Der ultimative Metal Online Store\" \/>\n<meta property=\"article:publisher\" content=\"https:\/\/www.facebook.com\/CudgelVertrieb\" \/>\n<meta property=\"article:modified_time\" content=\"2025-12-31T01:38:37+00:00\" \/>\n<meta property=\"og:image\" content=\"https:\/\/www.cudgel.de\/wp-content\/uploads\/2024\/07\/Art221761.jpg\" \/>\n\t<meta property=\"og:image:width\" content=\"1200\" \/>\n\t<meta property=\"og:image:height\" content=\"1200\" \/>\n\t<meta property=\"og:image:type\" content=\"image\/jpeg\" \/>\n<meta name=\"twitter:card\" content=\"summary_large_image\" \/>\n<script type=\"application\/ld+json\" class=\"yoast-schema-graph\">{\"@context\":\"https:\/\/schema.org\",\"@graph\":[{\"@type\":\"WebPage\",\"@id\":\"https:\/\/www.cudgel.de\/produkt\/perchta-dmuata-digicd\/\",\"url\":\"https:\/\/www.cudgel.de\/produkt\/perchta-dmuata-digicd\/\",\"name\":\"PERCHTA - d'muata DigiCD - cudgel | Der ultimative Metal Online Store\",\"isPartOf\":{\"@id\":\"https:\/\/www.cudgel.de\/#website\"},\"primaryImageOfPage\":{\"@id\":\"https:\/\/www.cudgel.de\/produkt\/perchta-dmuata-digicd\/#primaryimage\"},\"image\":{\"@id\":\"https:\/\/www.cudgel.de\/produkt\/perchta-dmuata-digicd\/#primaryimage\"},\"thumbnailUrl\":\"https:\/\/www.cudgel.de\/wp-content\/uploads\/2024\/07\/Art221761.jpg\",\"datePublished\":\"2024-07-23T09:33:47+00:00\",\"dateModified\":\"2025-12-31T01:38:37+00:00\",\"breadcrumb\":{\"@id\":\"https:\/\/www.cudgel.de\/produkt\/perchta-dmuata-digicd\/#breadcrumb\"},\"inLanguage\":\"en-US\",\"potentialAction\":[{\"@type\":\"ReadAction\",\"target\":[\"https:\/\/www.cudgel.de\/produkt\/perchta-dmuata-digicd\/\"]}]},{\"@type\":\"ImageObject\",\"inLanguage\":\"en-US\",\"@id\":\"https:\/\/www.cudgel.de\/produkt\/perchta-dmuata-digicd\/#primaryimage\",\"url\":\"https:\/\/www.cudgel.de\/wp-content\/uploads\/2024\/07\/Art221761.jpg\",\"contentUrl\":\"https:\/\/www.cudgel.de\/wp-content\/uploads\/2024\/07\/Art221761.jpg\",\"width\":1200,\"height\":1200},{\"@type\":\"BreadcrumbList\",\"@id\":\"https:\/\/www.cudgel.de\/produkt\/perchta-dmuata-digicd\/#breadcrumb\",\"itemListElement\":[{\"@type\":\"ListItem\",\"position\":1,\"name\":\"Home\",\"item\":\"https:\/\/www.cudgel.de\/en\/\"},{\"@type\":\"ListItem\",\"position\":2,\"name\":\"Shop\",\"item\":\"https:\/\/www.cudgel.de\/en\/shop\/\"},{\"@type\":\"ListItem\",\"position\":3,\"name\":\"PERCHTA &#8211; d&#8217;muata DigiCD\"}]},{\"@type\":\"WebSite\",\"@id\":\"https:\/\/www.cudgel.de\/#website\",\"url\":\"https:\/\/www.cudgel.de\/\",\"name\":\"cudgel | Der ultimative Metal Online Store\",\"description\":\"Eine weitere WordPress-Website\",\"publisher\":{\"@id\":\"https:\/\/www.cudgel.de\/#organization\"},\"potentialAction\":[{\"@type\":\"SearchAction\",\"target\":{\"@type\":\"EntryPoint\",\"urlTemplate\":\"https:\/\/www.cudgel.de\/?s={search_term_string}\"},\"query-input\":\"required name=search_term_string\"}],\"inLanguage\":\"en-US\"},{\"@type\":\"Organization\",\"@id\":\"https:\/\/www.cudgel.de\/#organization\",\"name\":\"cudgel | Der ultimative Metal Online Store\",\"url\":\"https:\/\/www.cudgel.de\/\",\"logo\":{\"@type\":\"ImageObject\",\"inLanguage\":\"en-US\",\"@id\":\"https:\/\/www.cudgel.de\/#\/schema\/logo\/image\/\",\"url\":\"https:\/\/www.cudgel.de\/wp-content\/uploads\/2024\/06\/cudgel-logo-neu-1-1400x419png.webp\",\"contentUrl\":\"https:\/\/www.cudgel.de\/wp-content\/uploads\/2024\/06\/cudgel-logo-neu-1-1400x419png.webp\",\"width\":1400,\"height\":419,\"caption\":\"cudgel | Der ultimative Metal Online Store\"},\"image\":{\"@id\":\"https:\/\/www.cudgel.de\/#\/schema\/logo\/image\/\"},\"sameAs\":[\"https:\/\/www.facebook.com\/CudgelVertrieb\"]}]}<\/script>\n<!-- \/ Yoast SEO plugin. -->","yoast_head_json":{"title":"PERCHTA - d'muata DigiCD - cudgel | Der ultimative Metal Online Store","robots":{"index":"index","follow":"follow","max-snippet":"max-snippet:-1","max-image-preview":"max-image-preview:large","max-video-preview":"max-video-preview:-1"},"canonical":"https:\/\/www.cudgel.de\/produkt\/perchta-dmuata-digicd\/","og_locale":"en_US","og_type":"article","og_title":"PERCHTA - d'muata DigiCD - cudgel | Der ultimative Metal Online Store","og_description":"Digisleeve CD Second record by Austrian Black Folk Metal band. The witch of Tyrolean mountains and her journeymen return with another magnificent and magical album between Black Metal and ritualistic folkloric music. Tracks: Vom Verl\u00e5nga Ois w\u00e5s ma san Heiliges Bluat Hebamm D&#8217;Muata Wehenkanon Ausbruch L\u00e5ngtuttin &amp; Stampa Mei Dian\u00e4 Mei Bua Genres: Black Metal, [...]","og_url":"https:\/\/www.cudgel.de\/produkt\/perchta-dmuata-digicd\/","og_site_name":"cudgel | Der ultimative Metal Online Store","article_publisher":"https:\/\/www.facebook.com\/CudgelVertrieb","article_modified_time":"2025-12-31T01:38:37+00:00","og_image":[{"width":1200,"height":1200,"url":"https:\/\/www.cudgel.de\/wp-content\/uploads\/2024\/07\/Art221761.jpg","type":"image\/jpeg"}],"twitter_card":"summary_large_image","schema":{"@context":"https:\/\/schema.org","@graph":[{"@type":"WebPage","@id":"https:\/\/www.cudgel.de\/produkt\/perchta-dmuata-digicd\/","url":"https:\/\/www.cudgel.de\/produkt\/perchta-dmuata-digicd\/","name":"PERCHTA - d'muata DigiCD - cudgel | Der ultimative Metal Online Store","isPartOf":{"@id":"https:\/\/www.cudgel.de\/#website"},"primaryImageOfPage":{"@id":"https:\/\/www.cudgel.de\/produkt\/perchta-dmuata-digicd\/#primaryimage"},"image":{"@id":"https:\/\/www.cudgel.de\/produkt\/perchta-dmuata-digicd\/#primaryimage"},"thumbnailUrl":"https:\/\/www.cudgel.de\/wp-content\/uploads\/2024\/07\/Art221761.jpg","datePublished":"2024-07-23T09:33:47+00:00","dateModified":"2025-12-31T01:38:37+00:00","breadcrumb":{"@id":"https:\/\/www.cudgel.de\/produkt\/perchta-dmuata-digicd\/#breadcrumb"},"inLanguage":"en-US","potentialAction":[{"@type":"ReadAction","target":["https:\/\/www.cudgel.de\/produkt\/perchta-dmuata-digicd\/"]}]},{"@type":"ImageObject","inLanguage":"en-US","@id":"https:\/\/www.cudgel.de\/produkt\/perchta-dmuata-digicd\/#primaryimage","url":"https:\/\/www.cudgel.de\/wp-content\/uploads\/2024\/07\/Art221761.jpg","contentUrl":"https:\/\/www.cudgel.de\/wp-content\/uploads\/2024\/07\/Art221761.jpg","width":1200,"height":1200},{"@type":"BreadcrumbList","@id":"https:\/\/www.cudgel.de\/produkt\/perchta-dmuata-digicd\/#breadcrumb","itemListElement":[{"@type":"ListItem","position":1,"name":"Home","item":"https:\/\/www.cudgel.de\/en\/"},{"@type":"ListItem","position":2,"name":"Shop","item":"https:\/\/www.cudgel.de\/en\/shop\/"},{"@type":"ListItem","position":3,"name":"PERCHTA &#8211; d&#8217;muata DigiCD"}]},{"@type":"WebSite","@id":"https:\/\/www.cudgel.de\/#website","url":"https:\/\/www.cudgel.de\/","name":"cudgel | Der ultimative Metal Online Store","description":"Eine weitere WordPress-Website","publisher":{"@id":"https:\/\/www.cudgel.de\/#organization"},"potentialAction":[{"@type":"SearchAction","target":{"@type":"EntryPoint","urlTemplate":"https:\/\/www.cudgel.de\/?s={search_term_string}"},"query-input":"required name=search_term_string"}],"inLanguage":"en-US"},{"@type":"Organization","@id":"https:\/\/www.cudgel.de\/#organization","name":"cudgel | Der ultimative Metal Online Store","url":"https:\/\/www.cudgel.de\/","logo":{"@type":"ImageObject","inLanguage":"en-US","@id":"https:\/\/www.cudgel.de\/#\/schema\/logo\/image\/","url":"https:\/\/www.cudgel.de\/wp-content\/uploads\/2024\/06\/cudgel-logo-neu-1-1400x419png.webp","contentUrl":"https:\/\/www.cudgel.de\/wp-content\/uploads\/2024\/06\/cudgel-logo-neu-1-1400x419png.webp","width":1400,"height":419,"caption":"cudgel | Der ultimative Metal Online Store"},"image":{"@id":"https:\/\/www.cudgel.de\/#\/schema\/logo\/image\/"},"sameAs":["https:\/\/www.facebook.com\/CudgelVertrieb"]}]}},"_links":{"self":[{"href":"https:\/\/www.cudgel.de\/en\/wp-json\/wp\/v2\/product\/2084189","targetHints":{"allow":["GET"]}}],"collection":[{"href":"https:\/\/www.cudgel.de\/en\/wp-json\/wp\/v2\/product"}],"about":[{"href":"https:\/\/www.cudgel.de\/en\/wp-json\/wp\/v2\/types\/product"}],"replies":[{"embeddable":true,"href":"https:\/\/www.cudgel.de\/en\/wp-json\/wp\/v2\/comments?post=2084189"}],"wp:featuredmedia":[{"embeddable":true,"href":"https:\/\/www.cudgel.de\/en\/wp-json\/wp\/v2\/media\/2084187"}],"wp:attachment":[{"href":"https:\/\/www.cudgel.de\/en\/wp-json\/wp\/v2\/media?parent=2084189"}],"wp:term":[{"taxonomy":"product_cat","embeddable":true,"href":"https:\/\/www.cudgel.de\/en\/wp-json\/wp\/v2\/product_cat?post=2084189"},{"taxonomy":"product_tag","embeddable":true,"href":"https:\/\/www.cudgel.de\/en\/wp-json\/wp\/v2\/product_tag?post=2084189"}],"curies":[{"name":"wp","href":"https:\/\/api.w.org\/{rel}","templated":true}]}}