{"id":2142395,"date":"2024-09-03T11:07:35","date_gmt":"2024-09-03T09:07:35","guid":{"rendered":"https:\/\/www.cudgel.de\/produkt\/infernal-sea-the-hellfenlic-lp-green-black-split\/"},"modified":"2025-12-31T03:01:55","modified_gmt":"2025-12-31T02:01:55","slug":"infernal-sea-the-hellfenlic-lp-green-black-split","status":"publish","type":"product","link":"https:\/\/www.cudgel.de\/en\/product\/infernal-sea-the-hellfenlic-lp-green-black-split\/","title":{"rendered":"INFERNAL SEA, THE &#8211; hellfenlic LP green black split"},"content":{"rendered":"<p>Das neue Album der furchteinfl\u00f6\u00dfenden Black Metal Band aus UK!<\/p>\n<p>The Infernal Sea sind seit 2011 eine Plage auf dieser Erde, komponieren grimmigen und furchteinfl\u00f6\u00dfenden Black Metal mit ihrem einzigartigen UK-Imprint und beschw\u00f6ren fesselnde Geschichten aus der englischen und europ\u00e4ischen Geschichte des Mittelalters herauf. The Infernal Sea stammen aus dem Osten Englands, einer Gegend voller Trostlosigkeit und Trostlosigkeit, die in ihrer Musik widerhallt. Viele ihrer Geschichten stammen aus dieser Gegend, insbesondere auf ihrem neuen Album &#8216;Hellfenlic&#8217;, das sich um die brutale Verfolgung von M\u00e4nnern und Frauen durch den ber\u00fcchtigten Witchfinder General, Matthew Hopkins, dreht. Es erz\u00e4hlt von seiner Besessenheit, seinem religi\u00f6sen Eifer, seiner Brutalit\u00e4t und schlie\u00dflich seinem Untergang.  <\/p>\n<p>lim. gatefold hafl green \/ half black vinyl <\/p>\n<p><strong>Tracks:<\/strong><\/p>\n<ol class=\"tracklisting\">\n<li>Lord Abhorrent<\/li>\n<li>Shadow of the Beast<\/li>\n<li>Witchfinder<\/li>\n<li>The Hunter<\/li>\n<li>Bastard of the East<\/li>\n<li>Black Witchery<\/li>\n<li>Frozen Fen<\/li>\n<li>Messenger of God<\/li>\n<\/ol>\n<p><strong>Genres:<\/strong> Black Metal<\/p>\n","protected":false},"excerpt":{"rendered":"<p>Das neue Album der furchteinfl\u00f6\u00dfenden Black Metal Band aus UK! The Infernal Sea sind seit 2011 eine Plage auf dieser Erde, komponieren grimmigen und furchteinfl\u00f6\u00dfenden Black Metal mit ihrem einzigartigen UK-Imprint und beschw\u00f6ren fesselnde Geschichten aus der englischen und europ\u00e4ischen Geschichte des Mittelalters herauf. The Infernal Sea stammen aus dem Osten Englands, einer Gegend voller [&#8230;]\n","protected":false},"featured_media":2142393,"comment_status":"open","ping_status":"closed","template":"","meta":[],"product_cat":[436],"product_tag":[],"class_list":{"0":"post-2142395","1":"product","2":"type-product","3":"status-publish","4":"has-post-thumbnail","6":"product_cat-vinyl-i-l","7":"pa_band-infernal-sea-the","8":"pa_productgenre-black-metal","9":"pa_productlabel-candlelight-records","11":"first","12":"instock","13":"taxable","14":"shipping-taxable","15":"purchasable","16":"product-type-simple"},"yoast_head":"<!-- This site is optimized with the Yoast SEO plugin v22.9 - https:\/\/yoast.com\/wordpress\/plugins\/seo\/ -->\n<title>INFERNAL SEA, THE - hellfenlic LP green black split - cudgel | Der ultimative Metal Online Store<\/title>\n<meta name=\"robots\" content=\"index, follow, max-snippet:-1, max-image-preview:large, max-video-preview:-1\" \/>\n<link rel=\"canonical\" href=\"https:\/\/www.cudgel.de\/produkt\/infernal-sea-the-hellfenlic-lp-green-black-split\/\" \/>\n<meta property=\"og:locale\" content=\"en_US\" \/>\n<meta property=\"og:type\" content=\"article\" \/>\n<meta property=\"og:title\" content=\"INFERNAL SEA, THE - hellfenlic LP green black split - cudgel | Der ultimative Metal Online Store\" \/>\n<meta property=\"og:description\" content=\"Das neue Album der furchteinfl\u00f6\u00dfenden Black Metal Band aus UK! The Infernal Sea sind seit 2011 eine Plage auf dieser Erde, komponieren grimmigen und furchteinfl\u00f6\u00dfenden Black Metal mit ihrem einzigartigen UK-Imprint und beschw\u00f6ren fesselnde Geschichten aus der englischen und europ\u00e4ischen Geschichte des Mittelalters herauf. The Infernal Sea stammen aus dem Osten Englands, einer Gegend voller [...]\" \/>\n<meta property=\"og:url\" content=\"https:\/\/www.cudgel.de\/produkt\/infernal-sea-the-hellfenlic-lp-green-black-split\/\" \/>\n<meta property=\"og:site_name\" content=\"cudgel | Der ultimative Metal Online Store\" \/>\n<meta property=\"article:publisher\" content=\"https:\/\/www.facebook.com\/CudgelVertrieb\" \/>\n<meta property=\"article:modified_time\" content=\"2025-12-31T02:01:55+00:00\" \/>\n<meta property=\"og:image\" content=\"https:\/\/www.cudgel.de\/wp-content\/uploads\/2024\/09\/Art110049.jpg\" \/>\n\t<meta property=\"og:image:width\" content=\"1000\" \/>\n\t<meta property=\"og:image:height\" content=\"1000\" \/>\n\t<meta property=\"og:image:type\" content=\"image\/jpeg\" \/>\n<meta name=\"twitter:card\" content=\"summary_large_image\" \/>\n<meta name=\"twitter:label1\" content=\"Est. reading time\" \/>\n\t<meta name=\"twitter:data1\" content=\"1 minute\" \/>\n<script type=\"application\/ld+json\" class=\"yoast-schema-graph\">{\"@context\":\"https:\/\/schema.org\",\"@graph\":[{\"@type\":\"WebPage\",\"@id\":\"https:\/\/www.cudgel.de\/produkt\/infernal-sea-the-hellfenlic-lp-green-black-split\/\",\"url\":\"https:\/\/www.cudgel.de\/produkt\/infernal-sea-the-hellfenlic-lp-green-black-split\/\",\"name\":\"INFERNAL SEA, THE - hellfenlic LP green black split - cudgel | Der ultimative Metal Online Store\",\"isPartOf\":{\"@id\":\"https:\/\/www.cudgel.de\/#website\"},\"primaryImageOfPage\":{\"@id\":\"https:\/\/www.cudgel.de\/produkt\/infernal-sea-the-hellfenlic-lp-green-black-split\/#primaryimage\"},\"image\":{\"@id\":\"https:\/\/www.cudgel.de\/produkt\/infernal-sea-the-hellfenlic-lp-green-black-split\/#primaryimage\"},\"thumbnailUrl\":\"https:\/\/www.cudgel.de\/wp-content\/uploads\/2024\/09\/Art110049.jpg\",\"datePublished\":\"2024-09-03T09:07:35+00:00\",\"dateModified\":\"2025-12-31T02:01:55+00:00\",\"breadcrumb\":{\"@id\":\"https:\/\/www.cudgel.de\/produkt\/infernal-sea-the-hellfenlic-lp-green-black-split\/#breadcrumb\"},\"inLanguage\":\"en-US\",\"potentialAction\":[{\"@type\":\"ReadAction\",\"target\":[\"https:\/\/www.cudgel.de\/produkt\/infernal-sea-the-hellfenlic-lp-green-black-split\/\"]}]},{\"@type\":\"ImageObject\",\"inLanguage\":\"en-US\",\"@id\":\"https:\/\/www.cudgel.de\/produkt\/infernal-sea-the-hellfenlic-lp-green-black-split\/#primaryimage\",\"url\":\"https:\/\/www.cudgel.de\/wp-content\/uploads\/2024\/09\/Art110049.jpg\",\"contentUrl\":\"https:\/\/www.cudgel.de\/wp-content\/uploads\/2024\/09\/Art110049.jpg\",\"width\":1000,\"height\":1000},{\"@type\":\"BreadcrumbList\",\"@id\":\"https:\/\/www.cudgel.de\/produkt\/infernal-sea-the-hellfenlic-lp-green-black-split\/#breadcrumb\",\"itemListElement\":[{\"@type\":\"ListItem\",\"position\":1,\"name\":\"Home\",\"item\":\"https:\/\/www.cudgel.de\/en\/\"},{\"@type\":\"ListItem\",\"position\":2,\"name\":\"Shop\",\"item\":\"https:\/\/www.cudgel.de\/en\/shop\/\"},{\"@type\":\"ListItem\",\"position\":3,\"name\":\"INFERNAL SEA, THE &#8211; hellfenlic LP green black split\"}]},{\"@type\":\"WebSite\",\"@id\":\"https:\/\/www.cudgel.de\/#website\",\"url\":\"https:\/\/www.cudgel.de\/\",\"name\":\"cudgel | Der ultimative Metal Online Store\",\"description\":\"Eine weitere WordPress-Website\",\"publisher\":{\"@id\":\"https:\/\/www.cudgel.de\/#organization\"},\"potentialAction\":[{\"@type\":\"SearchAction\",\"target\":{\"@type\":\"EntryPoint\",\"urlTemplate\":\"https:\/\/www.cudgel.de\/?s={search_term_string}\"},\"query-input\":\"required name=search_term_string\"}],\"inLanguage\":\"en-US\"},{\"@type\":\"Organization\",\"@id\":\"https:\/\/www.cudgel.de\/#organization\",\"name\":\"cudgel | Der ultimative Metal Online Store\",\"url\":\"https:\/\/www.cudgel.de\/\",\"logo\":{\"@type\":\"ImageObject\",\"inLanguage\":\"en-US\",\"@id\":\"https:\/\/www.cudgel.de\/#\/schema\/logo\/image\/\",\"url\":\"https:\/\/www.cudgel.de\/wp-content\/uploads\/2024\/06\/cudgel-logo-neu-1-1400x419png.webp\",\"contentUrl\":\"https:\/\/www.cudgel.de\/wp-content\/uploads\/2024\/06\/cudgel-logo-neu-1-1400x419png.webp\",\"width\":1400,\"height\":419,\"caption\":\"cudgel | Der ultimative Metal Online Store\"},\"image\":{\"@id\":\"https:\/\/www.cudgel.de\/#\/schema\/logo\/image\/\"},\"sameAs\":[\"https:\/\/www.facebook.com\/CudgelVertrieb\"]}]}<\/script>\n<!-- \/ Yoast SEO plugin. -->","yoast_head_json":{"title":"INFERNAL SEA, THE - hellfenlic LP green black split - cudgel | Der ultimative Metal Online Store","robots":{"index":"index","follow":"follow","max-snippet":"max-snippet:-1","max-image-preview":"max-image-preview:large","max-video-preview":"max-video-preview:-1"},"canonical":"https:\/\/www.cudgel.de\/produkt\/infernal-sea-the-hellfenlic-lp-green-black-split\/","og_locale":"en_US","og_type":"article","og_title":"INFERNAL SEA, THE - hellfenlic LP green black split - cudgel | Der ultimative Metal Online Store","og_description":"Das neue Album der furchteinfl\u00f6\u00dfenden Black Metal Band aus UK! The Infernal Sea sind seit 2011 eine Plage auf dieser Erde, komponieren grimmigen und furchteinfl\u00f6\u00dfenden Black Metal mit ihrem einzigartigen UK-Imprint und beschw\u00f6ren fesselnde Geschichten aus der englischen und europ\u00e4ischen Geschichte des Mittelalters herauf. The Infernal Sea stammen aus dem Osten Englands, einer Gegend voller [...]","og_url":"https:\/\/www.cudgel.de\/produkt\/infernal-sea-the-hellfenlic-lp-green-black-split\/","og_site_name":"cudgel | Der ultimative Metal Online Store","article_publisher":"https:\/\/www.facebook.com\/CudgelVertrieb","article_modified_time":"2025-12-31T02:01:55+00:00","og_image":[{"width":1000,"height":1000,"url":"https:\/\/www.cudgel.de\/wp-content\/uploads\/2024\/09\/Art110049.jpg","type":"image\/jpeg"}],"twitter_card":"summary_large_image","twitter_misc":{"Est. reading time":"1 minute"},"schema":{"@context":"https:\/\/schema.org","@graph":[{"@type":"WebPage","@id":"https:\/\/www.cudgel.de\/produkt\/infernal-sea-the-hellfenlic-lp-green-black-split\/","url":"https:\/\/www.cudgel.de\/produkt\/infernal-sea-the-hellfenlic-lp-green-black-split\/","name":"INFERNAL SEA, THE - hellfenlic LP green black split - cudgel | Der ultimative Metal Online Store","isPartOf":{"@id":"https:\/\/www.cudgel.de\/#website"},"primaryImageOfPage":{"@id":"https:\/\/www.cudgel.de\/produkt\/infernal-sea-the-hellfenlic-lp-green-black-split\/#primaryimage"},"image":{"@id":"https:\/\/www.cudgel.de\/produkt\/infernal-sea-the-hellfenlic-lp-green-black-split\/#primaryimage"},"thumbnailUrl":"https:\/\/www.cudgel.de\/wp-content\/uploads\/2024\/09\/Art110049.jpg","datePublished":"2024-09-03T09:07:35+00:00","dateModified":"2025-12-31T02:01:55+00:00","breadcrumb":{"@id":"https:\/\/www.cudgel.de\/produkt\/infernal-sea-the-hellfenlic-lp-green-black-split\/#breadcrumb"},"inLanguage":"en-US","potentialAction":[{"@type":"ReadAction","target":["https:\/\/www.cudgel.de\/produkt\/infernal-sea-the-hellfenlic-lp-green-black-split\/"]}]},{"@type":"ImageObject","inLanguage":"en-US","@id":"https:\/\/www.cudgel.de\/produkt\/infernal-sea-the-hellfenlic-lp-green-black-split\/#primaryimage","url":"https:\/\/www.cudgel.de\/wp-content\/uploads\/2024\/09\/Art110049.jpg","contentUrl":"https:\/\/www.cudgel.de\/wp-content\/uploads\/2024\/09\/Art110049.jpg","width":1000,"height":1000},{"@type":"BreadcrumbList","@id":"https:\/\/www.cudgel.de\/produkt\/infernal-sea-the-hellfenlic-lp-green-black-split\/#breadcrumb","itemListElement":[{"@type":"ListItem","position":1,"name":"Home","item":"https:\/\/www.cudgel.de\/en\/"},{"@type":"ListItem","position":2,"name":"Shop","item":"https:\/\/www.cudgel.de\/en\/shop\/"},{"@type":"ListItem","position":3,"name":"INFERNAL SEA, THE &#8211; hellfenlic LP green black split"}]},{"@type":"WebSite","@id":"https:\/\/www.cudgel.de\/#website","url":"https:\/\/www.cudgel.de\/","name":"cudgel | Der ultimative Metal Online Store","description":"Eine weitere WordPress-Website","publisher":{"@id":"https:\/\/www.cudgel.de\/#organization"},"potentialAction":[{"@type":"SearchAction","target":{"@type":"EntryPoint","urlTemplate":"https:\/\/www.cudgel.de\/?s={search_term_string}"},"query-input":"required name=search_term_string"}],"inLanguage":"en-US"},{"@type":"Organization","@id":"https:\/\/www.cudgel.de\/#organization","name":"cudgel | Der ultimative Metal Online Store","url":"https:\/\/www.cudgel.de\/","logo":{"@type":"ImageObject","inLanguage":"en-US","@id":"https:\/\/www.cudgel.de\/#\/schema\/logo\/image\/","url":"https:\/\/www.cudgel.de\/wp-content\/uploads\/2024\/06\/cudgel-logo-neu-1-1400x419png.webp","contentUrl":"https:\/\/www.cudgel.de\/wp-content\/uploads\/2024\/06\/cudgel-logo-neu-1-1400x419png.webp","width":1400,"height":419,"caption":"cudgel | Der ultimative Metal Online Store"},"image":{"@id":"https:\/\/www.cudgel.de\/#\/schema\/logo\/image\/"},"sameAs":["https:\/\/www.facebook.com\/CudgelVertrieb"]}]}},"_links":{"self":[{"href":"https:\/\/www.cudgel.de\/en\/wp-json\/wp\/v2\/product\/2142395","targetHints":{"allow":["GET"]}}],"collection":[{"href":"https:\/\/www.cudgel.de\/en\/wp-json\/wp\/v2\/product"}],"about":[{"href":"https:\/\/www.cudgel.de\/en\/wp-json\/wp\/v2\/types\/product"}],"replies":[{"embeddable":true,"href":"https:\/\/www.cudgel.de\/en\/wp-json\/wp\/v2\/comments?post=2142395"}],"wp:featuredmedia":[{"embeddable":true,"href":"https:\/\/www.cudgel.de\/en\/wp-json\/wp\/v2\/media\/2142393"}],"wp:attachment":[{"href":"https:\/\/www.cudgel.de\/en\/wp-json\/wp\/v2\/media?parent=2142395"}],"wp:term":[{"taxonomy":"product_cat","embeddable":true,"href":"https:\/\/www.cudgel.de\/en\/wp-json\/wp\/v2\/product_cat?post=2142395"},{"taxonomy":"product_tag","embeddable":true,"href":"https:\/\/www.cudgel.de\/en\/wp-json\/wp\/v2\/product_tag?post=2142395"}],"curies":[{"name":"wp","href":"https:\/\/api.w.org\/{rel}","templated":true}]}}