{"id":2151210,"date":"2024-09-09T16:37:42","date_gmt":"2024-09-09T14:37:42","guid":{"rendered":"https:\/\/www.cudgel.de\/produkt\/trelldom-by-the-shadows-digicd\/"},"modified":"2025-12-31T02:59:34","modified_gmt":"2025-12-31T01:59:34","slug":"trelldom-by-the-shadows-digicd","status":"publish","type":"product","link":"https:\/\/www.cudgel.de\/en\/product\/trelldom-by-the-shadows-digicd\/","title":{"rendered":"TRELLDOM &#8211; by the shadows DigiCD"},"content":{"rendered":"<p>TRELLDOM sind das geistige Kind von Kristian Eivind Espedal \u0096 besser bekannt unter seinem K\u00fcnstlernamen Gaahl. Der Norweger wurde zu einem der f\u00fchrenden K\u00f6pfe der nordischen Black Metal Szene, nachdem er sich im Jahr 1998 der ber\u00fcchtigten Bergener Band GORGOROTH angeschlossen hatte. Sowohl aufgrund seines extremen Gesangs als auch zahlreicher finsterer Ger\u00fcchte \u00fcber seine Person wurde der Frontmann oft in eine besonders schmale Schublade gesteckt. Doch wenn eine Aussage \u00fcber Espedal wahr ist, dann ist es die gegenteilige, n\u00e4mlich dass von ihm meist das Unerwartete kommt. Auch mit TRELLDOM hat er bereits Black Metal Geschichte geschrieben. Die im Jahr 1992 von Gaahl in Sunnfjord im Distrikt Vestland, gegr\u00fcndete Band ver\u00f6ffentlichte drei Jahre sp\u00e4ter ihr Deb\u00fctalbum &#8220;Til evighet&#8230;&#8221; (1995), das in Underground Black Metal Kreisen gro\u00dfen Anklang fand. Das Nachfolgeralbum &#8220;Til et annet&#8230;&#8221; (1999) pr\u00e4sentierte den Gitarristen Valgard sowie Stian &#8220;Sir&#8221; K\u00e5rstad am Bass als Neuzug\u00e4nge bei TRELLDOM und erreichte auch die &#8220;Mainstream-Medien&#8221; im Metal. Als Produzent zeichnete der legend\u00e4re Toningenieur Pytten in den Grieghallen Studios in Bergen verantwortlich. Pytten nahm ebenfalls den dritten Meilenstein &#8220;Til minne&#8230;&#8221; (2007) auf, der sowohl von Kritikern als auch von Fans hoch gelobt wurde. Einer der Schl\u00fcsselaspekte dieser ersten TRELLDOM-Trilogie lag darin, dass Gaahl in seiner eigenen Band die M\u00f6glichkeiten seiner Stimme frei von den strengen Regeln erforschen konnte, unter denen GORGOROTH operierte. Danach wurde es still um die Band, da sich alle beteiligten Musiker auf zahlreiche andere Projekte konzentrierten. Bei der R\u00fcckkehr bleibt die wichtige Zusammenarbeit mit Stian K\u00e5rstad das musikalische Herzst\u00fcck der Band. Der gr\u00f6\u00dfte Teil des Materials auf &#8220;&#8230;by the shadows&#8230;&#8221; stammt aus der Feder des Gitarristen. Andere Aspekte von TRELLDOM hat Espedal bewusst ver\u00e4ndert. Die daraus resultierenden Effekte haben zu faszinierenden Resultaten gef\u00fchrt. Auf dem Hocker thront nun der renommierte Schlagzeuger Kenneth Kapstad, der neun Jahre lang bei MOTORPSYCHO war und aktuell auch bei SPIDERGAWD, M\u00d8STER! und THORNS f\u00fcr den Rhythmus sorgt. Mit Kapstad stie\u00df auch der international gefeierte Jazzmusiker und Saxophonist Kjetil M\u00f8ster (M\u00d8STER!, R\u00d6YKSOPP, THE END) zur Besetzung. Die Einbeziehung von M\u00f8sters unorthodoxen Saxophon-Kl\u00e4ngen ist ein erstes Indiz daf\u00fcr, dass sich TRELLDOM nicht mehr durch eine enge Definition von Black Metal gebunden f\u00fchlen. Die Musik auf &#8220;&#8230;by the shadows&#8230;&#8221; ist zwar nach wie vor dunkel und harsch, und auch ihre Wurzeln in der schwarzen Vergangenheit bleiben erkennbar. Doch Espedal hat seine Band in eine weitaus komplexere Kreatur verwandelt und sie in einer avantgardistischen Dimension losgelassen &#8211; mit einem Sound, der manchmal sogar ins Experimentelle reicht. TRELLDOM sind erwacht und liefern mit &#8220;&#8230;by the shadows&#8230;&#8221; ein beherztes Manifest der k\u00fcnstlerischen Freiheit als starke Kampfansage an jegliche nostalgische Stagnation ab. Dieses Album fordert heraus: Love it or leave it!<\/p>\n<p><strong>Tracks:<\/strong><\/p>\n<ol class=\"tracklisting\">\n<li>The Vpice of What Whispers<\/li>\n<li>Exit Existence<\/li>\n<li>Return the Distance<\/li>\n<li>Between the World<\/li>\n<li>I Drink Out of My Head<\/li>\n<li>Hiding Invisble<\/li>\n<li>By the Shadows<\/li>\n<\/ol>\n<p><strong>Genres:<\/strong> Black Metal<\/p>\n<p> <strong>Label:<\/strong> Prophecy Productions<\/p>\n<p> <strong>Erscheinungsjahr:<\/strong> 2024<\/p>\n<p> <strong>K\u00fcnstler:<\/strong> TRELLDOM<\/p>\n<p> <strong>Spieldauer:<\/strong> 40:37<\/p>\n<p> <strong>Format:<\/strong> CD<\/p>\n<p> <strong>EAN:<\/strong> 0884388881464<\/p>\n<p><strong>GPSR Information:<\/strong><br \/>Manufacturer:<br \/>\nWeltnetz S.\u00e0r.l. \/ Prophecy Productions<br \/>\n40-42 Grand Rue, 6630 Wasserbillig, Luxemburg<br \/>\npost(at)spkr.media<\/p>\n","protected":false},"excerpt":{"rendered":"<p>TRELLDOM sind das geistige Kind von Kristian Eivind Espedal \u0096 besser bekannt unter seinem K\u00fcnstlernamen Gaahl. Der Norweger wurde zu einem der f\u00fchrenden K\u00f6pfe der nordischen Black Metal Szene, nachdem er sich im Jahr 1998 der ber\u00fcchtigten Bergener Band GORGOROTH angeschlossen hatte. Sowohl aufgrund seines extremen Gesangs als auch zahlreicher finsterer Ger\u00fcchte \u00fcber seine Person [&#8230;]\n","protected":false},"featured_media":2151208,"comment_status":"open","ping_status":"closed","template":"","meta":[],"product_cat":[463],"product_tag":[],"class_list":{"0":"post-2151210","1":"product","2":"type-product","3":"status-publish","4":"has-post-thumbnail","6":"product_cat-cd-t","7":"pa_band-trelldom","8":"pa_productgenre-black-metal","9":"pa_productlabel-prophecy-productions","11":"first","12":"instock","13":"taxable","14":"shipping-taxable","15":"purchasable","16":"product-type-simple"},"yoast_head":"<!-- This site is optimized with the Yoast SEO plugin v22.9 - https:\/\/yoast.com\/wordpress\/plugins\/seo\/ -->\n<title>TRELLDOM - by the shadows DigiCD - cudgel | Der ultimative Metal Online Store<\/title>\n<meta name=\"robots\" content=\"index, follow, max-snippet:-1, max-image-preview:large, max-video-preview:-1\" \/>\n<link rel=\"canonical\" href=\"https:\/\/www.cudgel.de\/produkt\/trelldom-by-the-shadows-digicd\/\" \/>\n<meta property=\"og:locale\" content=\"en_US\" \/>\n<meta property=\"og:type\" content=\"article\" \/>\n<meta property=\"og:title\" content=\"TRELLDOM - by the shadows DigiCD - cudgel | Der ultimative Metal Online Store\" \/>\n<meta property=\"og:description\" content=\"TRELLDOM sind das geistige Kind von Kristian Eivind Espedal \u0096 besser bekannt unter seinem K\u00fcnstlernamen Gaahl. Der Norweger wurde zu einem der f\u00fchrenden K\u00f6pfe der nordischen Black Metal Szene, nachdem er sich im Jahr 1998 der ber\u00fcchtigten Bergener Band GORGOROTH angeschlossen hatte. Sowohl aufgrund seines extremen Gesangs als auch zahlreicher finsterer Ger\u00fcchte \u00fcber seine Person [...]\" \/>\n<meta property=\"og:url\" content=\"https:\/\/www.cudgel.de\/produkt\/trelldom-by-the-shadows-digicd\/\" \/>\n<meta property=\"og:site_name\" content=\"cudgel | Der ultimative Metal Online Store\" \/>\n<meta property=\"article:publisher\" content=\"https:\/\/www.facebook.com\/CudgelVertrieb\" \/>\n<meta property=\"article:modified_time\" content=\"2025-12-31T01:59:34+00:00\" \/>\n<meta property=\"og:image\" content=\"https:\/\/www.cudgel.de\/wp-content\/uploads\/2024\/09\/Art221994.jpg\" \/>\n\t<meta property=\"og:image:width\" content=\"1000\" \/>\n\t<meta property=\"og:image:height\" content=\"1000\" \/>\n\t<meta property=\"og:image:type\" content=\"image\/jpeg\" \/>\n<meta name=\"twitter:card\" content=\"summary_large_image\" \/>\n<meta name=\"twitter:label1\" content=\"Est. reading time\" \/>\n\t<meta name=\"twitter:data1\" content=\"3 minutes\" \/>\n<script type=\"application\/ld+json\" class=\"yoast-schema-graph\">{\"@context\":\"https:\/\/schema.org\",\"@graph\":[{\"@type\":\"WebPage\",\"@id\":\"https:\/\/www.cudgel.de\/produkt\/trelldom-by-the-shadows-digicd\/\",\"url\":\"https:\/\/www.cudgel.de\/produkt\/trelldom-by-the-shadows-digicd\/\",\"name\":\"TRELLDOM - by the shadows DigiCD - cudgel | Der ultimative Metal Online Store\",\"isPartOf\":{\"@id\":\"https:\/\/www.cudgel.de\/#website\"},\"primaryImageOfPage\":{\"@id\":\"https:\/\/www.cudgel.de\/produkt\/trelldom-by-the-shadows-digicd\/#primaryimage\"},\"image\":{\"@id\":\"https:\/\/www.cudgel.de\/produkt\/trelldom-by-the-shadows-digicd\/#primaryimage\"},\"thumbnailUrl\":\"https:\/\/www.cudgel.de\/wp-content\/uploads\/2024\/09\/Art221994.jpg\",\"datePublished\":\"2024-09-09T14:37:42+00:00\",\"dateModified\":\"2025-12-31T01:59:34+00:00\",\"breadcrumb\":{\"@id\":\"https:\/\/www.cudgel.de\/produkt\/trelldom-by-the-shadows-digicd\/#breadcrumb\"},\"inLanguage\":\"en-US\",\"potentialAction\":[{\"@type\":\"ReadAction\",\"target\":[\"https:\/\/www.cudgel.de\/produkt\/trelldom-by-the-shadows-digicd\/\"]}]},{\"@type\":\"ImageObject\",\"inLanguage\":\"en-US\",\"@id\":\"https:\/\/www.cudgel.de\/produkt\/trelldom-by-the-shadows-digicd\/#primaryimage\",\"url\":\"https:\/\/www.cudgel.de\/wp-content\/uploads\/2024\/09\/Art221994.jpg\",\"contentUrl\":\"https:\/\/www.cudgel.de\/wp-content\/uploads\/2024\/09\/Art221994.jpg\",\"width\":1000,\"height\":1000},{\"@type\":\"BreadcrumbList\",\"@id\":\"https:\/\/www.cudgel.de\/produkt\/trelldom-by-the-shadows-digicd\/#breadcrumb\",\"itemListElement\":[{\"@type\":\"ListItem\",\"position\":1,\"name\":\"Home\",\"item\":\"https:\/\/www.cudgel.de\/en\/\"},{\"@type\":\"ListItem\",\"position\":2,\"name\":\"Shop\",\"item\":\"https:\/\/www.cudgel.de\/en\/shop\/\"},{\"@type\":\"ListItem\",\"position\":3,\"name\":\"TRELLDOM &#8211; by the shadows DigiCD\"}]},{\"@type\":\"WebSite\",\"@id\":\"https:\/\/www.cudgel.de\/#website\",\"url\":\"https:\/\/www.cudgel.de\/\",\"name\":\"cudgel | Der ultimative Metal Online Store\",\"description\":\"Eine weitere WordPress-Website\",\"publisher\":{\"@id\":\"https:\/\/www.cudgel.de\/#organization\"},\"potentialAction\":[{\"@type\":\"SearchAction\",\"target\":{\"@type\":\"EntryPoint\",\"urlTemplate\":\"https:\/\/www.cudgel.de\/?s={search_term_string}\"},\"query-input\":\"required name=search_term_string\"}],\"inLanguage\":\"en-US\"},{\"@type\":\"Organization\",\"@id\":\"https:\/\/www.cudgel.de\/#organization\",\"name\":\"cudgel | Der ultimative Metal Online Store\",\"url\":\"https:\/\/www.cudgel.de\/\",\"logo\":{\"@type\":\"ImageObject\",\"inLanguage\":\"en-US\",\"@id\":\"https:\/\/www.cudgel.de\/#\/schema\/logo\/image\/\",\"url\":\"https:\/\/www.cudgel.de\/wp-content\/uploads\/2024\/06\/cudgel-logo-neu-1-1400x419png.webp\",\"contentUrl\":\"https:\/\/www.cudgel.de\/wp-content\/uploads\/2024\/06\/cudgel-logo-neu-1-1400x419png.webp\",\"width\":1400,\"height\":419,\"caption\":\"cudgel | Der ultimative Metal Online Store\"},\"image\":{\"@id\":\"https:\/\/www.cudgel.de\/#\/schema\/logo\/image\/\"},\"sameAs\":[\"https:\/\/www.facebook.com\/CudgelVertrieb\"]}]}<\/script>\n<!-- \/ Yoast SEO plugin. -->","yoast_head_json":{"title":"TRELLDOM - by the shadows DigiCD - cudgel | Der ultimative Metal Online Store","robots":{"index":"index","follow":"follow","max-snippet":"max-snippet:-1","max-image-preview":"max-image-preview:large","max-video-preview":"max-video-preview:-1"},"canonical":"https:\/\/www.cudgel.de\/produkt\/trelldom-by-the-shadows-digicd\/","og_locale":"en_US","og_type":"article","og_title":"TRELLDOM - by the shadows DigiCD - cudgel | Der ultimative Metal Online Store","og_description":"TRELLDOM sind das geistige Kind von Kristian Eivind Espedal \u0096 besser bekannt unter seinem K\u00fcnstlernamen Gaahl. Der Norweger wurde zu einem der f\u00fchrenden K\u00f6pfe der nordischen Black Metal Szene, nachdem er sich im Jahr 1998 der ber\u00fcchtigten Bergener Band GORGOROTH angeschlossen hatte. Sowohl aufgrund seines extremen Gesangs als auch zahlreicher finsterer Ger\u00fcchte \u00fcber seine Person [...]","og_url":"https:\/\/www.cudgel.de\/produkt\/trelldom-by-the-shadows-digicd\/","og_site_name":"cudgel | Der ultimative Metal Online Store","article_publisher":"https:\/\/www.facebook.com\/CudgelVertrieb","article_modified_time":"2025-12-31T01:59:34+00:00","og_image":[{"width":1000,"height":1000,"url":"https:\/\/www.cudgel.de\/wp-content\/uploads\/2024\/09\/Art221994.jpg","type":"image\/jpeg"}],"twitter_card":"summary_large_image","twitter_misc":{"Est. reading time":"3 minutes"},"schema":{"@context":"https:\/\/schema.org","@graph":[{"@type":"WebPage","@id":"https:\/\/www.cudgel.de\/produkt\/trelldom-by-the-shadows-digicd\/","url":"https:\/\/www.cudgel.de\/produkt\/trelldom-by-the-shadows-digicd\/","name":"TRELLDOM - by the shadows DigiCD - cudgel | Der ultimative Metal Online Store","isPartOf":{"@id":"https:\/\/www.cudgel.de\/#website"},"primaryImageOfPage":{"@id":"https:\/\/www.cudgel.de\/produkt\/trelldom-by-the-shadows-digicd\/#primaryimage"},"image":{"@id":"https:\/\/www.cudgel.de\/produkt\/trelldom-by-the-shadows-digicd\/#primaryimage"},"thumbnailUrl":"https:\/\/www.cudgel.de\/wp-content\/uploads\/2024\/09\/Art221994.jpg","datePublished":"2024-09-09T14:37:42+00:00","dateModified":"2025-12-31T01:59:34+00:00","breadcrumb":{"@id":"https:\/\/www.cudgel.de\/produkt\/trelldom-by-the-shadows-digicd\/#breadcrumb"},"inLanguage":"en-US","potentialAction":[{"@type":"ReadAction","target":["https:\/\/www.cudgel.de\/produkt\/trelldom-by-the-shadows-digicd\/"]}]},{"@type":"ImageObject","inLanguage":"en-US","@id":"https:\/\/www.cudgel.de\/produkt\/trelldom-by-the-shadows-digicd\/#primaryimage","url":"https:\/\/www.cudgel.de\/wp-content\/uploads\/2024\/09\/Art221994.jpg","contentUrl":"https:\/\/www.cudgel.de\/wp-content\/uploads\/2024\/09\/Art221994.jpg","width":1000,"height":1000},{"@type":"BreadcrumbList","@id":"https:\/\/www.cudgel.de\/produkt\/trelldom-by-the-shadows-digicd\/#breadcrumb","itemListElement":[{"@type":"ListItem","position":1,"name":"Home","item":"https:\/\/www.cudgel.de\/en\/"},{"@type":"ListItem","position":2,"name":"Shop","item":"https:\/\/www.cudgel.de\/en\/shop\/"},{"@type":"ListItem","position":3,"name":"TRELLDOM &#8211; by the shadows DigiCD"}]},{"@type":"WebSite","@id":"https:\/\/www.cudgel.de\/#website","url":"https:\/\/www.cudgel.de\/","name":"cudgel | Der ultimative Metal Online Store","description":"Eine weitere WordPress-Website","publisher":{"@id":"https:\/\/www.cudgel.de\/#organization"},"potentialAction":[{"@type":"SearchAction","target":{"@type":"EntryPoint","urlTemplate":"https:\/\/www.cudgel.de\/?s={search_term_string}"},"query-input":"required name=search_term_string"}],"inLanguage":"en-US"},{"@type":"Organization","@id":"https:\/\/www.cudgel.de\/#organization","name":"cudgel | Der ultimative Metal Online Store","url":"https:\/\/www.cudgel.de\/","logo":{"@type":"ImageObject","inLanguage":"en-US","@id":"https:\/\/www.cudgel.de\/#\/schema\/logo\/image\/","url":"https:\/\/www.cudgel.de\/wp-content\/uploads\/2024\/06\/cudgel-logo-neu-1-1400x419png.webp","contentUrl":"https:\/\/www.cudgel.de\/wp-content\/uploads\/2024\/06\/cudgel-logo-neu-1-1400x419png.webp","width":1400,"height":419,"caption":"cudgel | Der ultimative Metal Online Store"},"image":{"@id":"https:\/\/www.cudgel.de\/#\/schema\/logo\/image\/"},"sameAs":["https:\/\/www.facebook.com\/CudgelVertrieb"]}]}},"_links":{"self":[{"href":"https:\/\/www.cudgel.de\/en\/wp-json\/wp\/v2\/product\/2151210","targetHints":{"allow":["GET"]}}],"collection":[{"href":"https:\/\/www.cudgel.de\/en\/wp-json\/wp\/v2\/product"}],"about":[{"href":"https:\/\/www.cudgel.de\/en\/wp-json\/wp\/v2\/types\/product"}],"replies":[{"embeddable":true,"href":"https:\/\/www.cudgel.de\/en\/wp-json\/wp\/v2\/comments?post=2151210"}],"wp:featuredmedia":[{"embeddable":true,"href":"https:\/\/www.cudgel.de\/en\/wp-json\/wp\/v2\/media\/2151208"}],"wp:attachment":[{"href":"https:\/\/www.cudgel.de\/en\/wp-json\/wp\/v2\/media?parent=2151210"}],"wp:term":[{"taxonomy":"product_cat","embeddable":true,"href":"https:\/\/www.cudgel.de\/en\/wp-json\/wp\/v2\/product_cat?post=2151210"},{"taxonomy":"product_tag","embeddable":true,"href":"https:\/\/www.cudgel.de\/en\/wp-json\/wp\/v2\/product_tag?post=2151210"}],"curies":[{"name":"wp","href":"https:\/\/api.w.org\/{rel}","templated":true}]}}