{"id":2188789,"date":"2024-10-08T12:17:30","date_gmt":"2024-10-08T10:17:30","guid":{"rendered":"https:\/\/www.cudgel.de\/produkt\/maul-in-the-jaws-of-bereavement-lp-bone-beer-eavement-merge-b3\/"},"modified":"2025-12-31T17:15:17","modified_gmt":"2025-12-31T16:15:17","slug":"maul-in-the-jaws-of-bereavement-lp-bone-beer-eavement-merge-b3","status":"publish","type":"product","link":"https:\/\/www.cudgel.de\/en\/product\/maul-in-the-jaws-of-bereavement-lp-bone-beer-eavement-merge-b3\/","title":{"rendered":"MAUL &#8211; in the jaws of bereavement LP bone beer-eavement merge (B3)"},"content":{"rendered":"<p>Gepaart mit dem unerm\u00fcdlichen Bestreben der Band, ihre Musik im ganzen Land unter die Leute zu bringen, wuchs der Ruf von Maul schnell und ein Pakt mit 20 Buck Spin wurde mit Blut besiegelt. Die ersten Fr\u00fcchte dieses B\u00fcndnisses wurden Ende 2023 mit dem Promo-Tape &#8220;Desecration and Enchantment&#8221; geliefert. Und nun f\u00fchren alle Wege zu Mauls zweitem Album &#8220;In the Jaws of Bereavement&#8221;.<\/p>\n<p>W\u00e4hrend der verrottete Death Metal im Kern der Band unbestritten ist, sch\u00e4mt sich die Band nicht, wenn es darum geht, eine Vorliebe f\u00fcr die h\u00e4rtere Seite des Hardcore mit moshtauglichen Riffs und massentauglichen Breaks zu zeigen. In the &#8220;Jaws of Bereavement&#8221; schafft es, die unheimlichen Erscheinungen und die melodische Leadarbeit der Gr\u00f6\u00dfen des Death Metal mit den strafenden Rhythmen der gewaltt\u00e4tigen Kraft des Hardcore so gekonnt zu verschmelzen, dass es sich v\u00f6llig organisch anf\u00fchlt. Zusammengehalten wird das Ganze durch die ungest\u00fcme Stimmgewalt der menschlichen Abrissbirne Garrett Alvarado.<\/p>\n<p>FFO: Sanguisugabogg, Phobophilic, Fulci, Scorched, Warflurch, Kruelty, Terminal Nation, Obituary, Gatecreeper<\/p>\n<p>lim. bone beer-eavement merge (B3) vinyl<\/p>\n<p><strong>Tracks:<\/strong><\/p>\n<ol class=\"tracklisting\">\n<li>In the Jaws of Bereavement<\/li>\n<li>Blood Quantum<\/li>\n<li>Weaving Cerebral Horrors<\/li>\n<li>Spontaneous Stigmata<\/li>\n<li>An Alluring Deceit<\/li>\n<li>Midwest Death<\/li>\n<li>Unbridled Delusions<\/li>\n<li>Stuck Stomped and Smeared<\/li>\n<li>With Each Voracious Lick<\/li>\n<li>Drawn to Drowning<\/li>\n<\/ol>\n<p><strong>Genres:<\/strong> Death Metal<\/p>\n","protected":false},"excerpt":{"rendered":"<p>Gepaart mit dem unerm\u00fcdlichen Bestreben der Band, ihre Musik im ganzen Land unter die Leute zu bringen, wuchs der Ruf von Maul schnell und ein Pakt mit 20 Buck Spin wurde mit Blut besiegelt. Die ersten Fr\u00fcchte dieses B\u00fcndnisses wurden Ende 2023 mit dem Promo-Tape &#8220;Desecration and Enchantment&#8221; geliefert. Und nun f\u00fchren alle Wege zu [&#8230;]\n","protected":false},"featured_media":2188947,"comment_status":"open","ping_status":"closed","template":"","meta":[],"product_cat":[437],"product_tag":[],"class_list":{"0":"post-2188789","1":"product","2":"type-product","3":"status-publish","4":"has-post-thumbnail","6":"product_cat-vinyl-m","7":"pa_band-maul","8":"pa_productgenre-death-metal","9":"pa_productlabel-20-buck-spin","11":"first","12":"instock","13":"taxable","14":"shipping-taxable","15":"purchasable","16":"product-type-simple"},"yoast_head":"<!-- This site is optimized with the Yoast SEO plugin v22.9 - https:\/\/yoast.com\/wordpress\/plugins\/seo\/ -->\n<title>MAUL - in the jaws of bereavement LP bone beer-eavement merge (B3) - cudgel | Der ultimative Metal Online Store<\/title>\n<meta name=\"robots\" content=\"index, follow, max-snippet:-1, max-image-preview:large, max-video-preview:-1\" \/>\n<link rel=\"canonical\" href=\"https:\/\/www.cudgel.de\/produkt\/maul-in-the-jaws-of-bereavement-lp-bone-beer-eavement-merge-b3\/\" \/>\n<meta property=\"og:locale\" content=\"en_US\" \/>\n<meta property=\"og:type\" content=\"article\" \/>\n<meta property=\"og:title\" content=\"MAUL - in the jaws of bereavement LP bone beer-eavement merge (B3) - cudgel | Der ultimative Metal Online Store\" \/>\n<meta property=\"og:description\" content=\"Gepaart mit dem unerm\u00fcdlichen Bestreben der Band, ihre Musik im ganzen Land unter die Leute zu bringen, wuchs der Ruf von Maul schnell und ein Pakt mit 20 Buck Spin wurde mit Blut besiegelt. Die ersten Fr\u00fcchte dieses B\u00fcndnisses wurden Ende 2023 mit dem Promo-Tape &#8220;Desecration and Enchantment&#8221; geliefert. Und nun f\u00fchren alle Wege zu [...]\" \/>\n<meta property=\"og:url\" content=\"https:\/\/www.cudgel.de\/produkt\/maul-in-the-jaws-of-bereavement-lp-bone-beer-eavement-merge-b3\/\" \/>\n<meta property=\"og:site_name\" content=\"cudgel | Der ultimative Metal Online Store\" \/>\n<meta property=\"article:publisher\" content=\"https:\/\/www.facebook.com\/CudgelVertrieb\" \/>\n<meta property=\"article:modified_time\" content=\"2025-12-31T16:15:17+00:00\" \/>\n<meta property=\"og:image\" content=\"https:\/\/www.cudgel.de\/wp-content\/uploads\/2024\/10\/maul-in-the-jaws-of-bereavement-lp-bone-beer-eavement-merge-b3.jpg\" \/>\n\t<meta property=\"og:image:width\" content=\"1500\" \/>\n\t<meta property=\"og:image:height\" content=\"1384\" \/>\n\t<meta property=\"og:image:type\" content=\"image\/jpeg\" \/>\n<meta name=\"twitter:card\" content=\"summary_large_image\" \/>\n<meta name=\"twitter:label1\" content=\"Est. reading time\" \/>\n\t<meta name=\"twitter:data1\" content=\"2 minutes\" \/>\n<script type=\"application\/ld+json\" class=\"yoast-schema-graph\">{\"@context\":\"https:\/\/schema.org\",\"@graph\":[{\"@type\":\"WebPage\",\"@id\":\"https:\/\/www.cudgel.de\/produkt\/maul-in-the-jaws-of-bereavement-lp-bone-beer-eavement-merge-b3\/\",\"url\":\"https:\/\/www.cudgel.de\/produkt\/maul-in-the-jaws-of-bereavement-lp-bone-beer-eavement-merge-b3\/\",\"name\":\"MAUL - in the jaws of bereavement LP bone beer-eavement merge (B3) - cudgel | Der ultimative Metal Online Store\",\"isPartOf\":{\"@id\":\"https:\/\/www.cudgel.de\/#website\"},\"primaryImageOfPage\":{\"@id\":\"https:\/\/www.cudgel.de\/produkt\/maul-in-the-jaws-of-bereavement-lp-bone-beer-eavement-merge-b3\/#primaryimage\"},\"image\":{\"@id\":\"https:\/\/www.cudgel.de\/produkt\/maul-in-the-jaws-of-bereavement-lp-bone-beer-eavement-merge-b3\/#primaryimage\"},\"thumbnailUrl\":\"https:\/\/www.cudgel.de\/wp-content\/uploads\/2024\/10\/maul-in-the-jaws-of-bereavement-lp-bone-beer-eavement-merge-b3.jpg\",\"datePublished\":\"2024-10-08T10:17:30+00:00\",\"dateModified\":\"2025-12-31T16:15:17+00:00\",\"breadcrumb\":{\"@id\":\"https:\/\/www.cudgel.de\/produkt\/maul-in-the-jaws-of-bereavement-lp-bone-beer-eavement-merge-b3\/#breadcrumb\"},\"inLanguage\":\"en-US\",\"potentialAction\":[{\"@type\":\"ReadAction\",\"target\":[\"https:\/\/www.cudgel.de\/produkt\/maul-in-the-jaws-of-bereavement-lp-bone-beer-eavement-merge-b3\/\"]}]},{\"@type\":\"ImageObject\",\"inLanguage\":\"en-US\",\"@id\":\"https:\/\/www.cudgel.de\/produkt\/maul-in-the-jaws-of-bereavement-lp-bone-beer-eavement-merge-b3\/#primaryimage\",\"url\":\"https:\/\/www.cudgel.de\/wp-content\/uploads\/2024\/10\/maul-in-the-jaws-of-bereavement-lp-bone-beer-eavement-merge-b3.jpg\",\"contentUrl\":\"https:\/\/www.cudgel.de\/wp-content\/uploads\/2024\/10\/maul-in-the-jaws-of-bereavement-lp-bone-beer-eavement-merge-b3.jpg\",\"width\":1500,\"height\":1384},{\"@type\":\"BreadcrumbList\",\"@id\":\"https:\/\/www.cudgel.de\/produkt\/maul-in-the-jaws-of-bereavement-lp-bone-beer-eavement-merge-b3\/#breadcrumb\",\"itemListElement\":[{\"@type\":\"ListItem\",\"position\":1,\"name\":\"Home\",\"item\":\"https:\/\/www.cudgel.de\/en\/\"},{\"@type\":\"ListItem\",\"position\":2,\"name\":\"Shop\",\"item\":\"https:\/\/www.cudgel.de\/en\/shop\/\"},{\"@type\":\"ListItem\",\"position\":3,\"name\":\"MAUL &#8211; in the jaws of bereavement LP bone beer-eavement merge (B3)\"}]},{\"@type\":\"WebSite\",\"@id\":\"https:\/\/www.cudgel.de\/#website\",\"url\":\"https:\/\/www.cudgel.de\/\",\"name\":\"cudgel | Der ultimative Metal Online Store\",\"description\":\"Eine weitere WordPress-Website\",\"publisher\":{\"@id\":\"https:\/\/www.cudgel.de\/#organization\"},\"potentialAction\":[{\"@type\":\"SearchAction\",\"target\":{\"@type\":\"EntryPoint\",\"urlTemplate\":\"https:\/\/www.cudgel.de\/?s={search_term_string}\"},\"query-input\":\"required name=search_term_string\"}],\"inLanguage\":\"en-US\"},{\"@type\":\"Organization\",\"@id\":\"https:\/\/www.cudgel.de\/#organization\",\"name\":\"cudgel | Der ultimative Metal Online Store\",\"url\":\"https:\/\/www.cudgel.de\/\",\"logo\":{\"@type\":\"ImageObject\",\"inLanguage\":\"en-US\",\"@id\":\"https:\/\/www.cudgel.de\/#\/schema\/logo\/image\/\",\"url\":\"https:\/\/www.cudgel.de\/wp-content\/uploads\/2024\/06\/cudgel-logo-neu-1-1400x419png.webp\",\"contentUrl\":\"https:\/\/www.cudgel.de\/wp-content\/uploads\/2024\/06\/cudgel-logo-neu-1-1400x419png.webp\",\"width\":1400,\"height\":419,\"caption\":\"cudgel | Der ultimative Metal Online Store\"},\"image\":{\"@id\":\"https:\/\/www.cudgel.de\/#\/schema\/logo\/image\/\"},\"sameAs\":[\"https:\/\/www.facebook.com\/CudgelVertrieb\"]}]}<\/script>\n<!-- \/ Yoast SEO plugin. -->","yoast_head_json":{"title":"MAUL - in the jaws of bereavement LP bone beer-eavement merge (B3) - cudgel | Der ultimative Metal Online Store","robots":{"index":"index","follow":"follow","max-snippet":"max-snippet:-1","max-image-preview":"max-image-preview:large","max-video-preview":"max-video-preview:-1"},"canonical":"https:\/\/www.cudgel.de\/produkt\/maul-in-the-jaws-of-bereavement-lp-bone-beer-eavement-merge-b3\/","og_locale":"en_US","og_type":"article","og_title":"MAUL - in the jaws of bereavement LP bone beer-eavement merge (B3) - cudgel | Der ultimative Metal Online Store","og_description":"Gepaart mit dem unerm\u00fcdlichen Bestreben der Band, ihre Musik im ganzen Land unter die Leute zu bringen, wuchs der Ruf von Maul schnell und ein Pakt mit 20 Buck Spin wurde mit Blut besiegelt. Die ersten Fr\u00fcchte dieses B\u00fcndnisses wurden Ende 2023 mit dem Promo-Tape &#8220;Desecration and Enchantment&#8221; geliefert. Und nun f\u00fchren alle Wege zu [...]","og_url":"https:\/\/www.cudgel.de\/produkt\/maul-in-the-jaws-of-bereavement-lp-bone-beer-eavement-merge-b3\/","og_site_name":"cudgel | Der ultimative Metal Online Store","article_publisher":"https:\/\/www.facebook.com\/CudgelVertrieb","article_modified_time":"2025-12-31T16:15:17+00:00","og_image":[{"width":1500,"height":1384,"url":"https:\/\/www.cudgel.de\/wp-content\/uploads\/2024\/10\/maul-in-the-jaws-of-bereavement-lp-bone-beer-eavement-merge-b3.jpg","type":"image\/jpeg"}],"twitter_card":"summary_large_image","twitter_misc":{"Est. reading time":"2 minutes"},"schema":{"@context":"https:\/\/schema.org","@graph":[{"@type":"WebPage","@id":"https:\/\/www.cudgel.de\/produkt\/maul-in-the-jaws-of-bereavement-lp-bone-beer-eavement-merge-b3\/","url":"https:\/\/www.cudgel.de\/produkt\/maul-in-the-jaws-of-bereavement-lp-bone-beer-eavement-merge-b3\/","name":"MAUL - in the jaws of bereavement LP bone beer-eavement merge (B3) - cudgel | Der ultimative Metal Online Store","isPartOf":{"@id":"https:\/\/www.cudgel.de\/#website"},"primaryImageOfPage":{"@id":"https:\/\/www.cudgel.de\/produkt\/maul-in-the-jaws-of-bereavement-lp-bone-beer-eavement-merge-b3\/#primaryimage"},"image":{"@id":"https:\/\/www.cudgel.de\/produkt\/maul-in-the-jaws-of-bereavement-lp-bone-beer-eavement-merge-b3\/#primaryimage"},"thumbnailUrl":"https:\/\/www.cudgel.de\/wp-content\/uploads\/2024\/10\/maul-in-the-jaws-of-bereavement-lp-bone-beer-eavement-merge-b3.jpg","datePublished":"2024-10-08T10:17:30+00:00","dateModified":"2025-12-31T16:15:17+00:00","breadcrumb":{"@id":"https:\/\/www.cudgel.de\/produkt\/maul-in-the-jaws-of-bereavement-lp-bone-beer-eavement-merge-b3\/#breadcrumb"},"inLanguage":"en-US","potentialAction":[{"@type":"ReadAction","target":["https:\/\/www.cudgel.de\/produkt\/maul-in-the-jaws-of-bereavement-lp-bone-beer-eavement-merge-b3\/"]}]},{"@type":"ImageObject","inLanguage":"en-US","@id":"https:\/\/www.cudgel.de\/produkt\/maul-in-the-jaws-of-bereavement-lp-bone-beer-eavement-merge-b3\/#primaryimage","url":"https:\/\/www.cudgel.de\/wp-content\/uploads\/2024\/10\/maul-in-the-jaws-of-bereavement-lp-bone-beer-eavement-merge-b3.jpg","contentUrl":"https:\/\/www.cudgel.de\/wp-content\/uploads\/2024\/10\/maul-in-the-jaws-of-bereavement-lp-bone-beer-eavement-merge-b3.jpg","width":1500,"height":1384},{"@type":"BreadcrumbList","@id":"https:\/\/www.cudgel.de\/produkt\/maul-in-the-jaws-of-bereavement-lp-bone-beer-eavement-merge-b3\/#breadcrumb","itemListElement":[{"@type":"ListItem","position":1,"name":"Home","item":"https:\/\/www.cudgel.de\/en\/"},{"@type":"ListItem","position":2,"name":"Shop","item":"https:\/\/www.cudgel.de\/en\/shop\/"},{"@type":"ListItem","position":3,"name":"MAUL &#8211; in the jaws of bereavement LP bone beer-eavement merge (B3)"}]},{"@type":"WebSite","@id":"https:\/\/www.cudgel.de\/#website","url":"https:\/\/www.cudgel.de\/","name":"cudgel | Der ultimative Metal Online Store","description":"Eine weitere WordPress-Website","publisher":{"@id":"https:\/\/www.cudgel.de\/#organization"},"potentialAction":[{"@type":"SearchAction","target":{"@type":"EntryPoint","urlTemplate":"https:\/\/www.cudgel.de\/?s={search_term_string}"},"query-input":"required name=search_term_string"}],"inLanguage":"en-US"},{"@type":"Organization","@id":"https:\/\/www.cudgel.de\/#organization","name":"cudgel | Der ultimative Metal Online Store","url":"https:\/\/www.cudgel.de\/","logo":{"@type":"ImageObject","inLanguage":"en-US","@id":"https:\/\/www.cudgel.de\/#\/schema\/logo\/image\/","url":"https:\/\/www.cudgel.de\/wp-content\/uploads\/2024\/06\/cudgel-logo-neu-1-1400x419png.webp","contentUrl":"https:\/\/www.cudgel.de\/wp-content\/uploads\/2024\/06\/cudgel-logo-neu-1-1400x419png.webp","width":1400,"height":419,"caption":"cudgel | Der ultimative Metal Online Store"},"image":{"@id":"https:\/\/www.cudgel.de\/#\/schema\/logo\/image\/"},"sameAs":["https:\/\/www.facebook.com\/CudgelVertrieb"]}]}},"_links":{"self":[{"href":"https:\/\/www.cudgel.de\/en\/wp-json\/wp\/v2\/product\/2188789","targetHints":{"allow":["GET"]}}],"collection":[{"href":"https:\/\/www.cudgel.de\/en\/wp-json\/wp\/v2\/product"}],"about":[{"href":"https:\/\/www.cudgel.de\/en\/wp-json\/wp\/v2\/types\/product"}],"replies":[{"embeddable":true,"href":"https:\/\/www.cudgel.de\/en\/wp-json\/wp\/v2\/comments?post=2188789"}],"wp:featuredmedia":[{"embeddable":true,"href":"https:\/\/www.cudgel.de\/en\/wp-json\/wp\/v2\/media\/2188947"}],"wp:attachment":[{"href":"https:\/\/www.cudgel.de\/en\/wp-json\/wp\/v2\/media?parent=2188789"}],"wp:term":[{"taxonomy":"product_cat","embeddable":true,"href":"https:\/\/www.cudgel.de\/en\/wp-json\/wp\/v2\/product_cat?post=2188789"},{"taxonomy":"product_tag","embeddable":true,"href":"https:\/\/www.cudgel.de\/en\/wp-json\/wp\/v2\/product_tag?post=2188789"}],"curies":[{"name":"wp","href":"https:\/\/api.w.org\/{rel}","templated":true}]}}