{"id":2222772,"date":"2024-11-05T15:43:48","date_gmt":"2024-11-05T14:43:48","guid":{"rendered":"https:\/\/www.cudgel.de\/produkt\/solstafir-hin-helga-kvoel-lp-white\/"},"modified":"2025-12-31T17:28:46","modified_gmt":"2025-12-31T16:28:46","slug":"solstafir-hin-helga-kvoel-lp-white","status":"publish","type":"product","link":"https:\/\/www.cudgel.de\/en\/product\/solstafir-hin-helga-kvoel-lp-white\/","title":{"rendered":"SOLSTAFIR &#8211; hin helga kv\u00f6l LP white"},"content":{"rendered":"<p>lim.180g gatefold white vinyl + art print<\/p>\n<p>Hin helga kv\u00f6l (The Holy Suffering) is a profound exploration of raw emotion and stark beauty, deeply inspired by S\u00f3lstafir\u0092s cultural heritage and Iceland&#8217;s breathtaking landscapes. S\u00f3lstafir, meaning &#8220;crepuscular rays&#8221; in Icelandic, refers to sunlight piercing through dark clouds at dusk, capturing the essence of Hin helga kv\u00f6l, a beacon of hope shining through the heaviest of times. S\u00f3lstafir confronts inner demons and transcends rock and roll decadence, creating music that resonates with the universal struggle and triumph over hardship. Recorded at Fl\u00f3ki Studios in the remote Skagafj\u00f6r\u00f0ur, Iceland, the change of scenery has profoundly influenced the album&#8217;s atmosphere. Hin helga kv\u00f6l features eight tracks blending S\u00f3lstafir&#8217;s signature melancholic sound with elements from their past, merging black metal roots with tuneful, anthemic rock. Reflecting on the album&#8217;s title, Tryggvason shares: &#8220;We all suffer in life, and even nature suffers. It can be found in religion and spirituality as well. Hin helga kv\u00f6l means &#8216;The Holy Suffering,&#8217; representing the struggle we all face.&#8221; The album\u0092s stunning cover art by Rowan E Cassidy, featuring charcoal shadows, perfectly illustrates the emotional depth and breathtaking altitudes of Hin helga kv\u00f6l. Tryggvason describes the music with one word: &#8220;alone,&#8221; capturing the essence of S\u00f3lstafir&#8217;s unfiltered and ardently emotional sound. S\u00f3lstafir\u0092s music is shaped by diverse influences, including Black Metal, Classic Rock, Post-Rock, Punk, and the stark beauty of Icelandic nature, crafting a unique sound all of their own. Hin helga kv\u00f6l promises to be a bright, shining milestone in S\u00f3lstafir\u0092s illustrious career, illuminating the path from darkness to light. This November, let that undiluted haunting beauty and spiritual raw power of Hin helga kv\u00f6l run free in your mind. Suffering has never felt this enlightening<\/p>\n<p><strong>Tracks:<\/strong><\/p>\n<ol class=\"tracklisting\">\n<li>H\u00fan andar<\/li>\n<li>Hin helga kv\u00f6l<\/li>\n<li>Blakkrakki<\/li>\n<li>S\u00e1lumessa<\/li>\n<li>Vor \u00e1s<\/li>\n<li>Freyg\u00e1tan<\/li>\n<li>Gr\u00fdla<\/li>\n<li>N\u00fa mun lj\u00f3si\u00f0 deyja<\/li>\n<li>Kuml (forspil, s\u00e1lmur, kve\u00f0ja)<\/li>\n<\/ol>\n<p><strong>Genres:<\/strong> Pagan Metal, Black Metal, Post Metal<\/p>\n","protected":false},"excerpt":{"rendered":"<p>lim.180g gatefold white vinyl + art print Hin helga kv\u00f6l (The Holy Suffering) is a profound exploration of raw emotion and stark beauty, deeply inspired by S\u00f3lstafir\u0092s cultural heritage and Iceland&#8217;s breathtaking landscapes. S\u00f3lstafir, meaning &#8220;crepuscular rays&#8221; in Icelandic, refers to sunlight piercing through dark clouds at dusk, capturing the essence of Hin helga kv\u00f6l, [&#8230;]\n","protected":false},"featured_media":2222770,"comment_status":"open","ping_status":"closed","template":"","meta":[],"product_cat":[441],"product_tag":[],"class_list":{"0":"post-2222772","1":"product","2":"type-product","3":"status-publish","4":"has-post-thumbnail","6":"product_cat-vinyl-s","7":"pa_band-solstafir","8":"pa_productgenre-black-metal","9":"pa_productgenre-pagan-metal","10":"pa_productgenre-post-metal","11":"pa_productlabel-century-media-records","13":"first","14":"instock","15":"taxable","16":"shipping-taxable","17":"purchasable","18":"product-type-simple"},"yoast_head":"<!-- This site is optimized with the Yoast SEO plugin v22.9 - https:\/\/yoast.com\/wordpress\/plugins\/seo\/ -->\n<title>SOLSTAFIR - hin helga kv\u00f6l LP white - cudgel | Der ultimative Metal Online Store<\/title>\n<meta name=\"robots\" content=\"index, follow, max-snippet:-1, max-image-preview:large, max-video-preview:-1\" \/>\n<link rel=\"canonical\" href=\"https:\/\/www.cudgel.de\/produkt\/solstafir-hin-helga-kvoel-lp-white\/\" \/>\n<meta property=\"og:locale\" content=\"en_US\" \/>\n<meta property=\"og:type\" content=\"article\" \/>\n<meta property=\"og:title\" content=\"SOLSTAFIR - hin helga kv\u00f6l LP white - cudgel | Der ultimative Metal Online Store\" \/>\n<meta property=\"og:description\" content=\"lim.180g gatefold white vinyl + art print Hin helga kv\u00f6l (The Holy Suffering) is a profound exploration of raw emotion and stark beauty, deeply inspired by S\u00f3lstafir\u0092s cultural heritage and Iceland&#8217;s breathtaking landscapes. S\u00f3lstafir, meaning &#8220;crepuscular rays&#8221; in Icelandic, refers to sunlight piercing through dark clouds at dusk, capturing the essence of Hin helga kv\u00f6l, [...]\" \/>\n<meta property=\"og:url\" content=\"https:\/\/www.cudgel.de\/produkt\/solstafir-hin-helga-kvoel-lp-white\/\" \/>\n<meta property=\"og:site_name\" content=\"cudgel | Der ultimative Metal Online Store\" \/>\n<meta property=\"article:publisher\" content=\"https:\/\/www.facebook.com\/CudgelVertrieb\" \/>\n<meta property=\"article:modified_time\" content=\"2025-12-31T16:28:46+00:00\" \/>\n<meta property=\"og:image\" content=\"https:\/\/www.cudgel.de\/wp-content\/uploads\/2024\/11\/Art110177.jpg\" \/>\n\t<meta property=\"og:image:width\" content=\"1000\" \/>\n\t<meta property=\"og:image:height\" content=\"1000\" \/>\n\t<meta property=\"og:image:type\" content=\"image\/jpeg\" \/>\n<meta name=\"twitter:card\" content=\"summary_large_image\" \/>\n<meta name=\"twitter:label1\" content=\"Est. reading time\" \/>\n\t<meta name=\"twitter:data1\" content=\"2 minutes\" \/>\n<script type=\"application\/ld+json\" class=\"yoast-schema-graph\">{\"@context\":\"https:\/\/schema.org\",\"@graph\":[{\"@type\":\"WebPage\",\"@id\":\"https:\/\/www.cudgel.de\/produkt\/solstafir-hin-helga-kvoel-lp-white\/\",\"url\":\"https:\/\/www.cudgel.de\/produkt\/solstafir-hin-helga-kvoel-lp-white\/\",\"name\":\"SOLSTAFIR - hin helga kv\u00f6l LP white - cudgel | Der ultimative Metal Online Store\",\"isPartOf\":{\"@id\":\"https:\/\/www.cudgel.de\/#website\"},\"primaryImageOfPage\":{\"@id\":\"https:\/\/www.cudgel.de\/produkt\/solstafir-hin-helga-kvoel-lp-white\/#primaryimage\"},\"image\":{\"@id\":\"https:\/\/www.cudgel.de\/produkt\/solstafir-hin-helga-kvoel-lp-white\/#primaryimage\"},\"thumbnailUrl\":\"https:\/\/www.cudgel.de\/wp-content\/uploads\/2024\/11\/Art110177.jpg\",\"datePublished\":\"2024-11-05T14:43:48+00:00\",\"dateModified\":\"2025-12-31T16:28:46+00:00\",\"breadcrumb\":{\"@id\":\"https:\/\/www.cudgel.de\/produkt\/solstafir-hin-helga-kvoel-lp-white\/#breadcrumb\"},\"inLanguage\":\"en-US\",\"potentialAction\":[{\"@type\":\"ReadAction\",\"target\":[\"https:\/\/www.cudgel.de\/produkt\/solstafir-hin-helga-kvoel-lp-white\/\"]}]},{\"@type\":\"ImageObject\",\"inLanguage\":\"en-US\",\"@id\":\"https:\/\/www.cudgel.de\/produkt\/solstafir-hin-helga-kvoel-lp-white\/#primaryimage\",\"url\":\"https:\/\/www.cudgel.de\/wp-content\/uploads\/2024\/11\/Art110177.jpg\",\"contentUrl\":\"https:\/\/www.cudgel.de\/wp-content\/uploads\/2024\/11\/Art110177.jpg\",\"width\":1000,\"height\":1000},{\"@type\":\"BreadcrumbList\",\"@id\":\"https:\/\/www.cudgel.de\/produkt\/solstafir-hin-helga-kvoel-lp-white\/#breadcrumb\",\"itemListElement\":[{\"@type\":\"ListItem\",\"position\":1,\"name\":\"Home\",\"item\":\"https:\/\/www.cudgel.de\/en\/\"},{\"@type\":\"ListItem\",\"position\":2,\"name\":\"Shop\",\"item\":\"https:\/\/www.cudgel.de\/en\/shop\/\"},{\"@type\":\"ListItem\",\"position\":3,\"name\":\"SOLSTAFIR &#8211; hin helga kv\u00f6l LP white\"}]},{\"@type\":\"WebSite\",\"@id\":\"https:\/\/www.cudgel.de\/#website\",\"url\":\"https:\/\/www.cudgel.de\/\",\"name\":\"cudgel | Der ultimative Metal Online Store\",\"description\":\"Eine weitere WordPress-Website\",\"publisher\":{\"@id\":\"https:\/\/www.cudgel.de\/#organization\"},\"potentialAction\":[{\"@type\":\"SearchAction\",\"target\":{\"@type\":\"EntryPoint\",\"urlTemplate\":\"https:\/\/www.cudgel.de\/?s={search_term_string}\"},\"query-input\":\"required name=search_term_string\"}],\"inLanguage\":\"en-US\"},{\"@type\":\"Organization\",\"@id\":\"https:\/\/www.cudgel.de\/#organization\",\"name\":\"cudgel | Der ultimative Metal Online Store\",\"url\":\"https:\/\/www.cudgel.de\/\",\"logo\":{\"@type\":\"ImageObject\",\"inLanguage\":\"en-US\",\"@id\":\"https:\/\/www.cudgel.de\/#\/schema\/logo\/image\/\",\"url\":\"https:\/\/www.cudgel.de\/wp-content\/uploads\/2024\/06\/cudgel-logo-neu-1-1400x419png.webp\",\"contentUrl\":\"https:\/\/www.cudgel.de\/wp-content\/uploads\/2024\/06\/cudgel-logo-neu-1-1400x419png.webp\",\"width\":1400,\"height\":419,\"caption\":\"cudgel | Der ultimative Metal Online Store\"},\"image\":{\"@id\":\"https:\/\/www.cudgel.de\/#\/schema\/logo\/image\/\"},\"sameAs\":[\"https:\/\/www.facebook.com\/CudgelVertrieb\"]}]}<\/script>\n<!-- \/ Yoast SEO plugin. -->","yoast_head_json":{"title":"SOLSTAFIR - hin helga kv\u00f6l LP white - cudgel | Der ultimative Metal Online Store","robots":{"index":"index","follow":"follow","max-snippet":"max-snippet:-1","max-image-preview":"max-image-preview:large","max-video-preview":"max-video-preview:-1"},"canonical":"https:\/\/www.cudgel.de\/produkt\/solstafir-hin-helga-kvoel-lp-white\/","og_locale":"en_US","og_type":"article","og_title":"SOLSTAFIR - hin helga kv\u00f6l LP white - cudgel | Der ultimative Metal Online Store","og_description":"lim.180g gatefold white vinyl + art print Hin helga kv\u00f6l (The Holy Suffering) is a profound exploration of raw emotion and stark beauty, deeply inspired by S\u00f3lstafir\u0092s cultural heritage and Iceland&#8217;s breathtaking landscapes. S\u00f3lstafir, meaning &#8220;crepuscular rays&#8221; in Icelandic, refers to sunlight piercing through dark clouds at dusk, capturing the essence of Hin helga kv\u00f6l, [...]","og_url":"https:\/\/www.cudgel.de\/produkt\/solstafir-hin-helga-kvoel-lp-white\/","og_site_name":"cudgel | Der ultimative Metal Online Store","article_publisher":"https:\/\/www.facebook.com\/CudgelVertrieb","article_modified_time":"2025-12-31T16:28:46+00:00","og_image":[{"width":1000,"height":1000,"url":"https:\/\/www.cudgel.de\/wp-content\/uploads\/2024\/11\/Art110177.jpg","type":"image\/jpeg"}],"twitter_card":"summary_large_image","twitter_misc":{"Est. reading time":"2 minutes"},"schema":{"@context":"https:\/\/schema.org","@graph":[{"@type":"WebPage","@id":"https:\/\/www.cudgel.de\/produkt\/solstafir-hin-helga-kvoel-lp-white\/","url":"https:\/\/www.cudgel.de\/produkt\/solstafir-hin-helga-kvoel-lp-white\/","name":"SOLSTAFIR - hin helga kv\u00f6l LP white - cudgel | Der ultimative Metal Online Store","isPartOf":{"@id":"https:\/\/www.cudgel.de\/#website"},"primaryImageOfPage":{"@id":"https:\/\/www.cudgel.de\/produkt\/solstafir-hin-helga-kvoel-lp-white\/#primaryimage"},"image":{"@id":"https:\/\/www.cudgel.de\/produkt\/solstafir-hin-helga-kvoel-lp-white\/#primaryimage"},"thumbnailUrl":"https:\/\/www.cudgel.de\/wp-content\/uploads\/2024\/11\/Art110177.jpg","datePublished":"2024-11-05T14:43:48+00:00","dateModified":"2025-12-31T16:28:46+00:00","breadcrumb":{"@id":"https:\/\/www.cudgel.de\/produkt\/solstafir-hin-helga-kvoel-lp-white\/#breadcrumb"},"inLanguage":"en-US","potentialAction":[{"@type":"ReadAction","target":["https:\/\/www.cudgel.de\/produkt\/solstafir-hin-helga-kvoel-lp-white\/"]}]},{"@type":"ImageObject","inLanguage":"en-US","@id":"https:\/\/www.cudgel.de\/produkt\/solstafir-hin-helga-kvoel-lp-white\/#primaryimage","url":"https:\/\/www.cudgel.de\/wp-content\/uploads\/2024\/11\/Art110177.jpg","contentUrl":"https:\/\/www.cudgel.de\/wp-content\/uploads\/2024\/11\/Art110177.jpg","width":1000,"height":1000},{"@type":"BreadcrumbList","@id":"https:\/\/www.cudgel.de\/produkt\/solstafir-hin-helga-kvoel-lp-white\/#breadcrumb","itemListElement":[{"@type":"ListItem","position":1,"name":"Home","item":"https:\/\/www.cudgel.de\/en\/"},{"@type":"ListItem","position":2,"name":"Shop","item":"https:\/\/www.cudgel.de\/en\/shop\/"},{"@type":"ListItem","position":3,"name":"SOLSTAFIR &#8211; hin helga kv\u00f6l LP white"}]},{"@type":"WebSite","@id":"https:\/\/www.cudgel.de\/#website","url":"https:\/\/www.cudgel.de\/","name":"cudgel | Der ultimative Metal Online Store","description":"Eine weitere WordPress-Website","publisher":{"@id":"https:\/\/www.cudgel.de\/#organization"},"potentialAction":[{"@type":"SearchAction","target":{"@type":"EntryPoint","urlTemplate":"https:\/\/www.cudgel.de\/?s={search_term_string}"},"query-input":"required name=search_term_string"}],"inLanguage":"en-US"},{"@type":"Organization","@id":"https:\/\/www.cudgel.de\/#organization","name":"cudgel | Der ultimative Metal Online Store","url":"https:\/\/www.cudgel.de\/","logo":{"@type":"ImageObject","inLanguage":"en-US","@id":"https:\/\/www.cudgel.de\/#\/schema\/logo\/image\/","url":"https:\/\/www.cudgel.de\/wp-content\/uploads\/2024\/06\/cudgel-logo-neu-1-1400x419png.webp","contentUrl":"https:\/\/www.cudgel.de\/wp-content\/uploads\/2024\/06\/cudgel-logo-neu-1-1400x419png.webp","width":1400,"height":419,"caption":"cudgel | Der ultimative Metal Online Store"},"image":{"@id":"https:\/\/www.cudgel.de\/#\/schema\/logo\/image\/"},"sameAs":["https:\/\/www.facebook.com\/CudgelVertrieb"]}]}},"_links":{"self":[{"href":"https:\/\/www.cudgel.de\/en\/wp-json\/wp\/v2\/product\/2222772","targetHints":{"allow":["GET"]}}],"collection":[{"href":"https:\/\/www.cudgel.de\/en\/wp-json\/wp\/v2\/product"}],"about":[{"href":"https:\/\/www.cudgel.de\/en\/wp-json\/wp\/v2\/types\/product"}],"replies":[{"embeddable":true,"href":"https:\/\/www.cudgel.de\/en\/wp-json\/wp\/v2\/comments?post=2222772"}],"wp:featuredmedia":[{"embeddable":true,"href":"https:\/\/www.cudgel.de\/en\/wp-json\/wp\/v2\/media\/2222770"}],"wp:attachment":[{"href":"https:\/\/www.cudgel.de\/en\/wp-json\/wp\/v2\/media?parent=2222772"}],"wp:term":[{"taxonomy":"product_cat","embeddable":true,"href":"https:\/\/www.cudgel.de\/en\/wp-json\/wp\/v2\/product_cat?post=2222772"},{"taxonomy":"product_tag","embeddable":true,"href":"https:\/\/www.cudgel.de\/en\/wp-json\/wp\/v2\/product_tag?post=2222772"}],"curies":[{"name":"wp","href":"https:\/\/api.w.org\/{rel}","templated":true}]}}