{"id":2245944,"date":"2024-11-21T16:20:55","date_gmt":"2024-11-21T15:20:55","guid":{"rendered":"https:\/\/www.cudgel.de\/produkt\/obnoxious-youth-same-digicd\/"},"modified":"2026-01-19T09:29:00","modified_gmt":"2026-01-19T08:29:00","slug":"obnoxious-youth-same-digicd","status":"publish","type":"product","link":"https:\/\/www.cudgel.de\/en\/product\/obnoxious-youth-same-digicd\/","title":{"rendered":"OBNOXIOUS YOUTH &#8211; burning savage DigiCD"},"content":{"rendered":"<p>The Swedish-Finnish speed and thrash metal quintet Obnoxious Youth is back with a bang after a four year break. New album Burning Savage will be out in 18th October 2024.<\/p>\n<p>-\u0093A total speed metal rager manifesting the driving force behind the onslaught that is Obnoxious Youth. A sexual flame and a satanic force of nature. An urge to discover and embrace the primitive flame that grows inside. Succumb to the Burning fucking Savage\u0094 Affe \u0094Phantasma\u0094 Piran, the vocalist of Obnoxious Youth, manifests.<\/p>\n<p>The sperm of Satan\u0092s cock AKA the Obnoxious Youth was born in 2002 in Uppsala\/Sweden. But the fully fledged and perverted behemoth that stands before you today was an international collaboration brought to life in 2009 by John \u0094Zeke\u0094 Finne, Affe \u0094Phantasma\u0094 Piran and Frans \u0094Cult\u0094 Utterstr\u00f6m. But today Edde \u0094Shit\u0094 Aftonfalk and Lukas \u0094Spine\u0094 H\u00e4ger are added to the live lineup of the band.<\/p>\n<p>The purpose of the band was to break boundaries and to return to the time when extreme music didn\u0092t have any rules or regulations. When there was no \u0094death metal\u0094 or \u0094thrash metal\u0094, when there was just \u0094metal\u0094 or \u0094punk\u0094. Just channeling the most insane music that was humanly possible. Using methods that was founded in the 80\u0092s, Obnoxious Youth fully encloses itself and gets swallowed by the power of extreme music and getting influences from a feeling rather than other bands. Taking the listeners back to a time when heavy music was something to fear.<\/p>\n<p>In 2012 the band received a Manifest Award for the debut album The Eternal Void and has since then released two EP\u0092s (Suck On The Cross, 2013 and Mouths Sewn Shut, 2020) and one more full length album Disturbing the Graves in 2017. They have established themselves as a fierce live band that leaves no one unaffected.<\/p>\n<p>Members of Obnoxious Youth has played in or currently plays in bands such as Vorum, Underg\u00e5ng, Endtime, Reveal!, Morbus Chron, Century, T\u00f8ronto, Degial, Begravningsentrepren\u00f6rerna, Entombed and No Future.  <\/p>\n<p><strong>Tracks:<\/strong><\/p>\n<ol class=\"tracklisting\">\n<li>Alpha Diabolos<\/li>\n<li>Imminent Evil<\/li>\n<li>Burning Savage<\/li>\n<li>Lethal Revenge<\/li>\n<li>Black Magic Whore<\/li>\n<li>Torrents of Black Blood<\/li>\n<li>Ultra Death<\/li>\n<li>Bitchkrieg<\/li>\n<li>Ethereal Termination<\/li>\n<li>Phantasma<\/li>\n<li>Tornado of Blades<\/li>\n<li>Omega Therion<\/li>\n<\/ol>\n<p><strong>Genres:<\/strong> Thrash Metal, Punk, Heavy Metal<\/p>\n<p> <strong>Label:<\/strong> Svart Records<\/p>\n<p> <strong>Erscheinungsjahr:<\/strong> 2024<\/p>\n<p> <strong>K\u00fcnstler:<\/strong> OBNOXIOUS YOUTH<\/p>\n<p> <strong>Spieldauer:<\/strong> 36:07<\/p>\n<p> <strong>Format:<\/strong> CD<\/p>\n<p> <strong>EAN:<\/strong> 6430080236169<\/p>\n","protected":false},"excerpt":{"rendered":"<p>The Swedish-Finnish speed and thrash metal quintet Obnoxious Youth is back with a bang after a four year break. New album Burning Savage will be out in 18th October 2024. -\u0093A total speed metal rager manifesting the driving force behind the onslaught that is Obnoxious Youth. A sexual flame and a satanic force of nature. [&#8230;]\n","protected":false},"featured_media":2245942,"comment_status":"open","ping_status":"closed","template":"","meta":[],"product_cat":[460],"product_tag":[],"class_list":{"0":"post-2245944","1":"product","2":"type-product","3":"status-publish","4":"has-post-thumbnail","6":"product_cat-cd-o-q","7":"pa_band-obnoxious-youth","8":"pa_productgenre-heavy-metal","9":"pa_productgenre-punk","10":"pa_productgenre-thrash-metal","11":"pa_productlabel-svart-records","13":"first","14":"instock","15":"taxable","16":"shipping-taxable","17":"purchasable","18":"product-type-simple"},"yoast_head":"<!-- This site is optimized with the Yoast SEO plugin v22.9 - https:\/\/yoast.com\/wordpress\/plugins\/seo\/ -->\n<title>OBNOXIOUS YOUTH - burning savage DigiCD - cudgel | Der ultimative Metal Online Store<\/title>\n<meta name=\"robots\" content=\"index, follow, max-snippet:-1, max-image-preview:large, max-video-preview:-1\" \/>\n<link rel=\"canonical\" href=\"https:\/\/www.cudgel.de\/produkt\/obnoxious-youth-same-digicd\/\" \/>\n<meta property=\"og:locale\" content=\"en_US\" \/>\n<meta property=\"og:type\" content=\"article\" \/>\n<meta property=\"og:title\" content=\"OBNOXIOUS YOUTH - burning savage DigiCD - cudgel | Der ultimative Metal Online Store\" \/>\n<meta property=\"og:description\" content=\"The Swedish-Finnish speed and thrash metal quintet Obnoxious Youth is back with a bang after a four year break. New album Burning Savage will be out in 18th October 2024. -\u0093A total speed metal rager manifesting the driving force behind the onslaught that is Obnoxious Youth. A sexual flame and a satanic force of nature. [...]\" \/>\n<meta property=\"og:url\" content=\"https:\/\/www.cudgel.de\/produkt\/obnoxious-youth-same-digicd\/\" \/>\n<meta property=\"og:site_name\" content=\"cudgel | Der ultimative Metal Online Store\" \/>\n<meta property=\"article:publisher\" content=\"https:\/\/www.facebook.com\/CudgelVertrieb\" \/>\n<meta property=\"article:modified_time\" content=\"2026-01-19T08:29:00+00:00\" \/>\n<meta property=\"og:image\" content=\"https:\/\/www.cudgel.de\/wp-content\/uploads\/2024\/11\/Art222027.jpg\" \/>\n\t<meta property=\"og:image:width\" content=\"1000\" \/>\n\t<meta property=\"og:image:height\" content=\"1000\" \/>\n\t<meta property=\"og:image:type\" content=\"image\/jpeg\" \/>\n<meta name=\"twitter:card\" content=\"summary_large_image\" \/>\n<meta name=\"twitter:label1\" content=\"Est. reading time\" \/>\n\t<meta name=\"twitter:data1\" content=\"2 minutes\" \/>\n<script type=\"application\/ld+json\" class=\"yoast-schema-graph\">{\"@context\":\"https:\/\/schema.org\",\"@graph\":[{\"@type\":\"WebPage\",\"@id\":\"https:\/\/www.cudgel.de\/produkt\/obnoxious-youth-same-digicd\/\",\"url\":\"https:\/\/www.cudgel.de\/produkt\/obnoxious-youth-same-digicd\/\",\"name\":\"OBNOXIOUS YOUTH - burning savage DigiCD - cudgel | Der ultimative Metal Online Store\",\"isPartOf\":{\"@id\":\"https:\/\/www.cudgel.de\/#website\"},\"primaryImageOfPage\":{\"@id\":\"https:\/\/www.cudgel.de\/produkt\/obnoxious-youth-same-digicd\/#primaryimage\"},\"image\":{\"@id\":\"https:\/\/www.cudgel.de\/produkt\/obnoxious-youth-same-digicd\/#primaryimage\"},\"thumbnailUrl\":\"https:\/\/www.cudgel.de\/wp-content\/uploads\/2024\/11\/Art222027.jpg\",\"datePublished\":\"2024-11-21T15:20:55+00:00\",\"dateModified\":\"2026-01-19T08:29:00+00:00\",\"breadcrumb\":{\"@id\":\"https:\/\/www.cudgel.de\/produkt\/obnoxious-youth-same-digicd\/#breadcrumb\"},\"inLanguage\":\"en-US\",\"potentialAction\":[{\"@type\":\"ReadAction\",\"target\":[\"https:\/\/www.cudgel.de\/produkt\/obnoxious-youth-same-digicd\/\"]}]},{\"@type\":\"ImageObject\",\"inLanguage\":\"en-US\",\"@id\":\"https:\/\/www.cudgel.de\/produkt\/obnoxious-youth-same-digicd\/#primaryimage\",\"url\":\"https:\/\/www.cudgel.de\/wp-content\/uploads\/2024\/11\/Art222027.jpg\",\"contentUrl\":\"https:\/\/www.cudgel.de\/wp-content\/uploads\/2024\/11\/Art222027.jpg\",\"width\":1000,\"height\":1000},{\"@type\":\"BreadcrumbList\",\"@id\":\"https:\/\/www.cudgel.de\/produkt\/obnoxious-youth-same-digicd\/#breadcrumb\",\"itemListElement\":[{\"@type\":\"ListItem\",\"position\":1,\"name\":\"Home\",\"item\":\"https:\/\/www.cudgel.de\/en\/\"},{\"@type\":\"ListItem\",\"position\":2,\"name\":\"Shop\",\"item\":\"https:\/\/www.cudgel.de\/en\/shop\/\"},{\"@type\":\"ListItem\",\"position\":3,\"name\":\"OBNOXIOUS YOUTH &#8211; burning savage DigiCD\"}]},{\"@type\":\"WebSite\",\"@id\":\"https:\/\/www.cudgel.de\/#website\",\"url\":\"https:\/\/www.cudgel.de\/\",\"name\":\"cudgel | Der ultimative Metal Online Store\",\"description\":\"Eine weitere WordPress-Website\",\"publisher\":{\"@id\":\"https:\/\/www.cudgel.de\/#organization\"},\"potentialAction\":[{\"@type\":\"SearchAction\",\"target\":{\"@type\":\"EntryPoint\",\"urlTemplate\":\"https:\/\/www.cudgel.de\/?s={search_term_string}\"},\"query-input\":\"required name=search_term_string\"}],\"inLanguage\":\"en-US\"},{\"@type\":\"Organization\",\"@id\":\"https:\/\/www.cudgel.de\/#organization\",\"name\":\"cudgel | Der ultimative Metal Online Store\",\"url\":\"https:\/\/www.cudgel.de\/\",\"logo\":{\"@type\":\"ImageObject\",\"inLanguage\":\"en-US\",\"@id\":\"https:\/\/www.cudgel.de\/#\/schema\/logo\/image\/\",\"url\":\"https:\/\/www.cudgel.de\/wp-content\/uploads\/2024\/06\/cudgel-logo-neu-1-1400x419png.webp\",\"contentUrl\":\"https:\/\/www.cudgel.de\/wp-content\/uploads\/2024\/06\/cudgel-logo-neu-1-1400x419png.webp\",\"width\":1400,\"height\":419,\"caption\":\"cudgel | Der ultimative Metal Online Store\"},\"image\":{\"@id\":\"https:\/\/www.cudgel.de\/#\/schema\/logo\/image\/\"},\"sameAs\":[\"https:\/\/www.facebook.com\/CudgelVertrieb\"]}]}<\/script>\n<!-- \/ Yoast SEO plugin. -->","yoast_head_json":{"title":"OBNOXIOUS YOUTH - burning savage DigiCD - cudgel | Der ultimative Metal Online Store","robots":{"index":"index","follow":"follow","max-snippet":"max-snippet:-1","max-image-preview":"max-image-preview:large","max-video-preview":"max-video-preview:-1"},"canonical":"https:\/\/www.cudgel.de\/produkt\/obnoxious-youth-same-digicd\/","og_locale":"en_US","og_type":"article","og_title":"OBNOXIOUS YOUTH - burning savage DigiCD - cudgel | Der ultimative Metal Online Store","og_description":"The Swedish-Finnish speed and thrash metal quintet Obnoxious Youth is back with a bang after a four year break. New album Burning Savage will be out in 18th October 2024. -\u0093A total speed metal rager manifesting the driving force behind the onslaught that is Obnoxious Youth. A sexual flame and a satanic force of nature. [...]","og_url":"https:\/\/www.cudgel.de\/produkt\/obnoxious-youth-same-digicd\/","og_site_name":"cudgel | Der ultimative Metal Online Store","article_publisher":"https:\/\/www.facebook.com\/CudgelVertrieb","article_modified_time":"2026-01-19T08:29:00+00:00","og_image":[{"width":1000,"height":1000,"url":"https:\/\/www.cudgel.de\/wp-content\/uploads\/2024\/11\/Art222027.jpg","type":"image\/jpeg"}],"twitter_card":"summary_large_image","twitter_misc":{"Est. reading time":"2 minutes"},"schema":{"@context":"https:\/\/schema.org","@graph":[{"@type":"WebPage","@id":"https:\/\/www.cudgel.de\/produkt\/obnoxious-youth-same-digicd\/","url":"https:\/\/www.cudgel.de\/produkt\/obnoxious-youth-same-digicd\/","name":"OBNOXIOUS YOUTH - burning savage DigiCD - cudgel | Der ultimative Metal Online Store","isPartOf":{"@id":"https:\/\/www.cudgel.de\/#website"},"primaryImageOfPage":{"@id":"https:\/\/www.cudgel.de\/produkt\/obnoxious-youth-same-digicd\/#primaryimage"},"image":{"@id":"https:\/\/www.cudgel.de\/produkt\/obnoxious-youth-same-digicd\/#primaryimage"},"thumbnailUrl":"https:\/\/www.cudgel.de\/wp-content\/uploads\/2024\/11\/Art222027.jpg","datePublished":"2024-11-21T15:20:55+00:00","dateModified":"2026-01-19T08:29:00+00:00","breadcrumb":{"@id":"https:\/\/www.cudgel.de\/produkt\/obnoxious-youth-same-digicd\/#breadcrumb"},"inLanguage":"en-US","potentialAction":[{"@type":"ReadAction","target":["https:\/\/www.cudgel.de\/produkt\/obnoxious-youth-same-digicd\/"]}]},{"@type":"ImageObject","inLanguage":"en-US","@id":"https:\/\/www.cudgel.de\/produkt\/obnoxious-youth-same-digicd\/#primaryimage","url":"https:\/\/www.cudgel.de\/wp-content\/uploads\/2024\/11\/Art222027.jpg","contentUrl":"https:\/\/www.cudgel.de\/wp-content\/uploads\/2024\/11\/Art222027.jpg","width":1000,"height":1000},{"@type":"BreadcrumbList","@id":"https:\/\/www.cudgel.de\/produkt\/obnoxious-youth-same-digicd\/#breadcrumb","itemListElement":[{"@type":"ListItem","position":1,"name":"Home","item":"https:\/\/www.cudgel.de\/en\/"},{"@type":"ListItem","position":2,"name":"Shop","item":"https:\/\/www.cudgel.de\/en\/shop\/"},{"@type":"ListItem","position":3,"name":"OBNOXIOUS YOUTH &#8211; burning savage DigiCD"}]},{"@type":"WebSite","@id":"https:\/\/www.cudgel.de\/#website","url":"https:\/\/www.cudgel.de\/","name":"cudgel | Der ultimative Metal Online Store","description":"Eine weitere WordPress-Website","publisher":{"@id":"https:\/\/www.cudgel.de\/#organization"},"potentialAction":[{"@type":"SearchAction","target":{"@type":"EntryPoint","urlTemplate":"https:\/\/www.cudgel.de\/?s={search_term_string}"},"query-input":"required name=search_term_string"}],"inLanguage":"en-US"},{"@type":"Organization","@id":"https:\/\/www.cudgel.de\/#organization","name":"cudgel | Der ultimative Metal Online Store","url":"https:\/\/www.cudgel.de\/","logo":{"@type":"ImageObject","inLanguage":"en-US","@id":"https:\/\/www.cudgel.de\/#\/schema\/logo\/image\/","url":"https:\/\/www.cudgel.de\/wp-content\/uploads\/2024\/06\/cudgel-logo-neu-1-1400x419png.webp","contentUrl":"https:\/\/www.cudgel.de\/wp-content\/uploads\/2024\/06\/cudgel-logo-neu-1-1400x419png.webp","width":1400,"height":419,"caption":"cudgel | Der ultimative Metal Online Store"},"image":{"@id":"https:\/\/www.cudgel.de\/#\/schema\/logo\/image\/"},"sameAs":["https:\/\/www.facebook.com\/CudgelVertrieb"]}]}},"_links":{"self":[{"href":"https:\/\/www.cudgel.de\/en\/wp-json\/wp\/v2\/product\/2245944","targetHints":{"allow":["GET"]}}],"collection":[{"href":"https:\/\/www.cudgel.de\/en\/wp-json\/wp\/v2\/product"}],"about":[{"href":"https:\/\/www.cudgel.de\/en\/wp-json\/wp\/v2\/types\/product"}],"replies":[{"embeddable":true,"href":"https:\/\/www.cudgel.de\/en\/wp-json\/wp\/v2\/comments?post=2245944"}],"wp:featuredmedia":[{"embeddable":true,"href":"https:\/\/www.cudgel.de\/en\/wp-json\/wp\/v2\/media\/2245942"}],"wp:attachment":[{"href":"https:\/\/www.cudgel.de\/en\/wp-json\/wp\/v2\/media?parent=2245944"}],"wp:term":[{"taxonomy":"product_cat","embeddable":true,"href":"https:\/\/www.cudgel.de\/en\/wp-json\/wp\/v2\/product_cat?post=2245944"},{"taxonomy":"product_tag","embeddable":true,"href":"https:\/\/www.cudgel.de\/en\/wp-json\/wp\/v2\/product_tag?post=2245944"}],"curies":[{"name":"wp","href":"https:\/\/api.w.org\/{rel}","templated":true}]}}