{"id":2260559,"date":"2024-11-26T15:18:36","date_gmt":"2024-11-26T14:18:36","guid":{"rendered":"https:\/\/www.cudgel.de\/produkt\/tuhka-havuportaali-cd\/"},"modified":"2025-12-31T17:40:43","modified_gmt":"2025-12-31T16:40:43","slug":"tuhka-havuportaali-cd","status":"publish","type":"product","link":"https:\/\/www.cudgel.de\/en\/product\/tuhka-havuportaali-cd\/","title":{"rendered":"TUHKA &#8211; havuportaali CD"},"content":{"rendered":"<p>\u0093Havuportaali\u0094 blurs the boundaries between genres. Tuhka draws not only from black metal darkness but also from the hypnotic, pulsating rhythms of electronic music, crafting a sound where primal chaos and brooding calm coexist in harmony. Tuhka, \u0091ash\u0092 in Finnish, is a most apt moniker \u0096 music that rises from smouldering depths, only to drift into the cold northern night.<\/p>\n<p>\u0093Havuportaali\u0094, the project\u0092s last demo, evokes a profound sense of desolation, driven by the hypnotic repetition of riffs and minimalist, machine-like beats. At the core of Tuhka\u0092s sound is an affinity for the atmospheric and obscure, inspired by select pioneers of Scandinavian black metal \u0096 yet it\u0092s clear that Tuhka\u0092s creator forges his own path.<\/p>\n<p>Recorded in isolation, \u0093Havuportaali\u0094 blends live instrumentation, looping, and digital manipulation. The raw, barbaric simplicity of the drum tracks, shaped through a Roland Octapad and synthesisers, creates a cold, lifeless pulse that perfectly complements the monotone riffs anchoring the album. Throughout, atmospheric synths \u0096 reminiscent of 70s kosmische musik, 90s underground trance, and psybient \u0096 form a bridge between the grim black metal foundation and a more introspective, ambient dimension.<\/p>\n<p><strong>Tracks:<\/strong><\/p>\n<ol class=\"tracklisting\">\n<li>Kuusen varjossa kankea raato<\/li>\n<li>Mask of the Moon<\/li>\n<li>Hahmoja h\u00e4m\u00e4r\u00e4st\u00e4 (Verhot veress\u00e4)<\/li>\n<li>Pakanakiven legenda<\/li>\n<li>The Lord of Thieves<\/li>\n<li>Initiaatio<\/li>\n<\/ol>\n<p><strong>Genres:<\/strong> Black Metal, Ambient<\/p>\n<p> <strong>Label:<\/strong> Nordvis Produktion<\/p>\n<p> <strong>Erscheinungsjahr:<\/strong> 2024<\/p>\n<p> <strong>K\u00fcnstler:<\/strong> TUHKA<\/p>\n<p> <strong>Spieldauer:<\/strong> 37:39<\/p>\n<p> <strong>Format:<\/strong> CD<\/p>\n<p> <strong>EAN:<\/strong> &#8211;<\/p>\n","protected":false},"excerpt":{"rendered":"<p>\u0093Havuportaali\u0094 blurs the boundaries between genres. Tuhka draws not only from black metal darkness but also from the hypnotic, pulsating rhythms of electronic music, crafting a sound where primal chaos and brooding calm coexist in harmony. Tuhka, \u0091ash\u0092 in Finnish, is a most apt moniker \u0096 music that rises from smouldering depths, only to drift [&#8230;]\n","protected":false},"featured_media":2260557,"comment_status":"open","ping_status":"closed","template":"","meta":[],"product_cat":[463],"product_tag":[],"class_list":{"0":"post-2260559","1":"product","2":"type-product","3":"status-publish","4":"has-post-thumbnail","6":"product_cat-cd-t","7":"pa_band-tuhka","8":"pa_productgenre-ambient","9":"pa_productgenre-black-metal","10":"pa_productlabel-nordvis-produktion","12":"first","13":"instock","14":"taxable","15":"shipping-taxable","16":"purchasable","17":"product-type-simple"},"yoast_head":"<!-- This site is optimized with the Yoast SEO plugin v22.9 - https:\/\/yoast.com\/wordpress\/plugins\/seo\/ -->\n<title>TUHKA - havuportaali CD - cudgel | Der ultimative Metal Online Store<\/title>\n<meta name=\"robots\" content=\"index, follow, max-snippet:-1, max-image-preview:large, max-video-preview:-1\" \/>\n<link rel=\"canonical\" href=\"https:\/\/www.cudgel.de\/produkt\/tuhka-havuportaali-cd\/\" \/>\n<meta property=\"og:locale\" content=\"en_US\" \/>\n<meta property=\"og:type\" content=\"article\" \/>\n<meta property=\"og:title\" content=\"TUHKA - havuportaali CD - cudgel | Der ultimative Metal Online Store\" \/>\n<meta property=\"og:description\" content=\"\u0093Havuportaali\u0094 blurs the boundaries between genres. Tuhka draws not only from black metal darkness but also from the hypnotic, pulsating rhythms of electronic music, crafting a sound where primal chaos and brooding calm coexist in harmony. Tuhka, \u0091ash\u0092 in Finnish, is a most apt moniker \u0096 music that rises from smouldering depths, only to drift [...]\" \/>\n<meta property=\"og:url\" content=\"https:\/\/www.cudgel.de\/produkt\/tuhka-havuportaali-cd\/\" \/>\n<meta property=\"og:site_name\" content=\"cudgel | Der ultimative Metal Online Store\" \/>\n<meta property=\"article:publisher\" content=\"https:\/\/www.facebook.com\/CudgelVertrieb\" \/>\n<meta property=\"article:modified_time\" content=\"2025-12-31T16:40:43+00:00\" \/>\n<meta property=\"og:image\" content=\"https:\/\/www.cudgel.de\/wp-content\/uploads\/2024\/11\/Art222053.jpg\" \/>\n\t<meta property=\"og:image:width\" content=\"1000\" \/>\n\t<meta property=\"og:image:height\" content=\"1000\" \/>\n\t<meta property=\"og:image:type\" content=\"image\/jpeg\" \/>\n<meta name=\"twitter:card\" content=\"summary_large_image\" \/>\n<meta name=\"twitter:label1\" content=\"Est. reading time\" \/>\n\t<meta name=\"twitter:data1\" content=\"1 minute\" \/>\n<script type=\"application\/ld+json\" class=\"yoast-schema-graph\">{\"@context\":\"https:\/\/schema.org\",\"@graph\":[{\"@type\":\"WebPage\",\"@id\":\"https:\/\/www.cudgel.de\/produkt\/tuhka-havuportaali-cd\/\",\"url\":\"https:\/\/www.cudgel.de\/produkt\/tuhka-havuportaali-cd\/\",\"name\":\"TUHKA - havuportaali CD - cudgel | Der ultimative Metal Online Store\",\"isPartOf\":{\"@id\":\"https:\/\/www.cudgel.de\/#website\"},\"primaryImageOfPage\":{\"@id\":\"https:\/\/www.cudgel.de\/produkt\/tuhka-havuportaali-cd\/#primaryimage\"},\"image\":{\"@id\":\"https:\/\/www.cudgel.de\/produkt\/tuhka-havuportaali-cd\/#primaryimage\"},\"thumbnailUrl\":\"https:\/\/www.cudgel.de\/wp-content\/uploads\/2024\/11\/Art222053.jpg\",\"datePublished\":\"2024-11-26T14:18:36+00:00\",\"dateModified\":\"2025-12-31T16:40:43+00:00\",\"breadcrumb\":{\"@id\":\"https:\/\/www.cudgel.de\/produkt\/tuhka-havuportaali-cd\/#breadcrumb\"},\"inLanguage\":\"en-US\",\"potentialAction\":[{\"@type\":\"ReadAction\",\"target\":[\"https:\/\/www.cudgel.de\/produkt\/tuhka-havuportaali-cd\/\"]}]},{\"@type\":\"ImageObject\",\"inLanguage\":\"en-US\",\"@id\":\"https:\/\/www.cudgel.de\/produkt\/tuhka-havuportaali-cd\/#primaryimage\",\"url\":\"https:\/\/www.cudgel.de\/wp-content\/uploads\/2024\/11\/Art222053.jpg\",\"contentUrl\":\"https:\/\/www.cudgel.de\/wp-content\/uploads\/2024\/11\/Art222053.jpg\",\"width\":1000,\"height\":1000},{\"@type\":\"BreadcrumbList\",\"@id\":\"https:\/\/www.cudgel.de\/produkt\/tuhka-havuportaali-cd\/#breadcrumb\",\"itemListElement\":[{\"@type\":\"ListItem\",\"position\":1,\"name\":\"Home\",\"item\":\"https:\/\/www.cudgel.de\/en\/\"},{\"@type\":\"ListItem\",\"position\":2,\"name\":\"Shop\",\"item\":\"https:\/\/www.cudgel.de\/en\/shop\/\"},{\"@type\":\"ListItem\",\"position\":3,\"name\":\"TUHKA &#8211; havuportaali CD\"}]},{\"@type\":\"WebSite\",\"@id\":\"https:\/\/www.cudgel.de\/#website\",\"url\":\"https:\/\/www.cudgel.de\/\",\"name\":\"cudgel | Der ultimative Metal Online Store\",\"description\":\"Eine weitere WordPress-Website\",\"publisher\":{\"@id\":\"https:\/\/www.cudgel.de\/#organization\"},\"potentialAction\":[{\"@type\":\"SearchAction\",\"target\":{\"@type\":\"EntryPoint\",\"urlTemplate\":\"https:\/\/www.cudgel.de\/?s={search_term_string}\"},\"query-input\":\"required name=search_term_string\"}],\"inLanguage\":\"en-US\"},{\"@type\":\"Organization\",\"@id\":\"https:\/\/www.cudgel.de\/#organization\",\"name\":\"cudgel | Der ultimative Metal Online Store\",\"url\":\"https:\/\/www.cudgel.de\/\",\"logo\":{\"@type\":\"ImageObject\",\"inLanguage\":\"en-US\",\"@id\":\"https:\/\/www.cudgel.de\/#\/schema\/logo\/image\/\",\"url\":\"https:\/\/www.cudgel.de\/wp-content\/uploads\/2024\/06\/cudgel-logo-neu-1-1400x419png.webp\",\"contentUrl\":\"https:\/\/www.cudgel.de\/wp-content\/uploads\/2024\/06\/cudgel-logo-neu-1-1400x419png.webp\",\"width\":1400,\"height\":419,\"caption\":\"cudgel | Der ultimative Metal Online Store\"},\"image\":{\"@id\":\"https:\/\/www.cudgel.de\/#\/schema\/logo\/image\/\"},\"sameAs\":[\"https:\/\/www.facebook.com\/CudgelVertrieb\"]}]}<\/script>\n<!-- \/ Yoast SEO plugin. -->","yoast_head_json":{"title":"TUHKA - havuportaali CD - cudgel | Der ultimative Metal Online Store","robots":{"index":"index","follow":"follow","max-snippet":"max-snippet:-1","max-image-preview":"max-image-preview:large","max-video-preview":"max-video-preview:-1"},"canonical":"https:\/\/www.cudgel.de\/produkt\/tuhka-havuportaali-cd\/","og_locale":"en_US","og_type":"article","og_title":"TUHKA - havuportaali CD - cudgel | Der ultimative Metal Online Store","og_description":"\u0093Havuportaali\u0094 blurs the boundaries between genres. Tuhka draws not only from black metal darkness but also from the hypnotic, pulsating rhythms of electronic music, crafting a sound where primal chaos and brooding calm coexist in harmony. Tuhka, \u0091ash\u0092 in Finnish, is a most apt moniker \u0096 music that rises from smouldering depths, only to drift [...]","og_url":"https:\/\/www.cudgel.de\/produkt\/tuhka-havuportaali-cd\/","og_site_name":"cudgel | Der ultimative Metal Online Store","article_publisher":"https:\/\/www.facebook.com\/CudgelVertrieb","article_modified_time":"2025-12-31T16:40:43+00:00","og_image":[{"width":1000,"height":1000,"url":"https:\/\/www.cudgel.de\/wp-content\/uploads\/2024\/11\/Art222053.jpg","type":"image\/jpeg"}],"twitter_card":"summary_large_image","twitter_misc":{"Est. reading time":"1 minute"},"schema":{"@context":"https:\/\/schema.org","@graph":[{"@type":"WebPage","@id":"https:\/\/www.cudgel.de\/produkt\/tuhka-havuportaali-cd\/","url":"https:\/\/www.cudgel.de\/produkt\/tuhka-havuportaali-cd\/","name":"TUHKA - havuportaali CD - cudgel | Der ultimative Metal Online Store","isPartOf":{"@id":"https:\/\/www.cudgel.de\/#website"},"primaryImageOfPage":{"@id":"https:\/\/www.cudgel.de\/produkt\/tuhka-havuportaali-cd\/#primaryimage"},"image":{"@id":"https:\/\/www.cudgel.de\/produkt\/tuhka-havuportaali-cd\/#primaryimage"},"thumbnailUrl":"https:\/\/www.cudgel.de\/wp-content\/uploads\/2024\/11\/Art222053.jpg","datePublished":"2024-11-26T14:18:36+00:00","dateModified":"2025-12-31T16:40:43+00:00","breadcrumb":{"@id":"https:\/\/www.cudgel.de\/produkt\/tuhka-havuportaali-cd\/#breadcrumb"},"inLanguage":"en-US","potentialAction":[{"@type":"ReadAction","target":["https:\/\/www.cudgel.de\/produkt\/tuhka-havuportaali-cd\/"]}]},{"@type":"ImageObject","inLanguage":"en-US","@id":"https:\/\/www.cudgel.de\/produkt\/tuhka-havuportaali-cd\/#primaryimage","url":"https:\/\/www.cudgel.de\/wp-content\/uploads\/2024\/11\/Art222053.jpg","contentUrl":"https:\/\/www.cudgel.de\/wp-content\/uploads\/2024\/11\/Art222053.jpg","width":1000,"height":1000},{"@type":"BreadcrumbList","@id":"https:\/\/www.cudgel.de\/produkt\/tuhka-havuportaali-cd\/#breadcrumb","itemListElement":[{"@type":"ListItem","position":1,"name":"Home","item":"https:\/\/www.cudgel.de\/en\/"},{"@type":"ListItem","position":2,"name":"Shop","item":"https:\/\/www.cudgel.de\/en\/shop\/"},{"@type":"ListItem","position":3,"name":"TUHKA &#8211; havuportaali CD"}]},{"@type":"WebSite","@id":"https:\/\/www.cudgel.de\/#website","url":"https:\/\/www.cudgel.de\/","name":"cudgel | Der ultimative Metal Online Store","description":"Eine weitere WordPress-Website","publisher":{"@id":"https:\/\/www.cudgel.de\/#organization"},"potentialAction":[{"@type":"SearchAction","target":{"@type":"EntryPoint","urlTemplate":"https:\/\/www.cudgel.de\/?s={search_term_string}"},"query-input":"required name=search_term_string"}],"inLanguage":"en-US"},{"@type":"Organization","@id":"https:\/\/www.cudgel.de\/#organization","name":"cudgel | Der ultimative Metal Online Store","url":"https:\/\/www.cudgel.de\/","logo":{"@type":"ImageObject","inLanguage":"en-US","@id":"https:\/\/www.cudgel.de\/#\/schema\/logo\/image\/","url":"https:\/\/www.cudgel.de\/wp-content\/uploads\/2024\/06\/cudgel-logo-neu-1-1400x419png.webp","contentUrl":"https:\/\/www.cudgel.de\/wp-content\/uploads\/2024\/06\/cudgel-logo-neu-1-1400x419png.webp","width":1400,"height":419,"caption":"cudgel | Der ultimative Metal Online Store"},"image":{"@id":"https:\/\/www.cudgel.de\/#\/schema\/logo\/image\/"},"sameAs":["https:\/\/www.facebook.com\/CudgelVertrieb"]}]}},"_links":{"self":[{"href":"https:\/\/www.cudgel.de\/en\/wp-json\/wp\/v2\/product\/2260559","targetHints":{"allow":["GET"]}}],"collection":[{"href":"https:\/\/www.cudgel.de\/en\/wp-json\/wp\/v2\/product"}],"about":[{"href":"https:\/\/www.cudgel.de\/en\/wp-json\/wp\/v2\/types\/product"}],"replies":[{"embeddable":true,"href":"https:\/\/www.cudgel.de\/en\/wp-json\/wp\/v2\/comments?post=2260559"}],"wp:featuredmedia":[{"embeddable":true,"href":"https:\/\/www.cudgel.de\/en\/wp-json\/wp\/v2\/media\/2260557"}],"wp:attachment":[{"href":"https:\/\/www.cudgel.de\/en\/wp-json\/wp\/v2\/media?parent=2260559"}],"wp:term":[{"taxonomy":"product_cat","embeddable":true,"href":"https:\/\/www.cudgel.de\/en\/wp-json\/wp\/v2\/product_cat?post=2260559"},{"taxonomy":"product_tag","embeddable":true,"href":"https:\/\/www.cudgel.de\/en\/wp-json\/wp\/v2\/product_tag?post=2260559"}],"curies":[{"name":"wp","href":"https:\/\/api.w.org\/{rel}","templated":true}]}}