{"id":2349452,"date":"2025-01-28T14:38:16","date_gmt":"2025-01-28T13:38:16","guid":{"rendered":"https:\/\/www.cudgel.de\/produkt\/great-old-ones-the-kadath-digicd\/"},"modified":"2026-03-31T09:57:00","modified_gmt":"2026-03-31T07:57:00","slug":"great-old-ones-the-kadath-digicd","status":"publish","type":"product","link":"https:\/\/www.cudgel.de\/en\/product\/great-old-ones-the-kadath-digicd\/","title":{"rendered":"GREAT OLD ONES, THE &#8211; kadath DigiCD"},"content":{"rendered":"<p>Bereite dich auf eine Odyssee der Seele mit THE GREAT OLD ONES&#8217; neuesten Werk, Kadath, vor. In diesem sieben Titel umfassenden Meisterwerk taucht die Band in Lovecrafts \u0084The Dream-Quest of Unknown Kadath\u0093 ein und f\u00fchrt den H\u00f6rer durch die zum Scheitern verurteilten Tr\u00e4ume von Randolph Carter und seine Suche nach der schwer fassbaren, pr\u00e4chtigen Stadt, die ihm von b\u00f6swilligen G\u00f6ttern verwehrt wurde.<\/p>\n<p>Auf seiner Reise durch die gef\u00e4hrlichen Dreamlands erlebt Carter Ehrfurcht und Schrecken zugleich &#8211; sein Weg ist gepr\u00e4gt von phantastischen Welten und kriechendem Chaos. Mit Kompositionen, die sowohl gewaltt\u00e4tig als auch atemberaubend sch\u00f6n sind, f\u00e4ngt Kadath die essentielle Gegen\u00fcberstellung von Terror und Wunder ein, unterstrichen durch die makellose Produktion von Francis Caste im Studio Sainte-Marthe. Jeder Track ist eine Mischung aus komplexen Melodien und furchteinfl\u00f6\u00dfender Intensit\u00e4t, die THE GREAT OLD ONES als herausragende Vertreter der Lovecraft&#8217;schen Black-Metal-Klangwelten festigt.<\/p>\n<p>Wage zu tr\u00e4umen und lass dich von Kadath an den Rand des Wahnsinns und dar\u00fcber hinaus f\u00fchren!<\/p>\n<p><strong>Tracks:<\/strong><\/p>\n<ol class=\"tracklisting\">\n<li>Me, the Dreamer<\/li>\n<li>Those from Ulthar<\/li>\n<li>In the Mouth of Madness<\/li>\n<li>Under the Sign of Koth<\/li>\n<li>The Gathering<\/li>\n<li>Leng<\/li>\n<li>Astral Void (End of the Dream)<\/li>\n<\/ol>\n<p><strong>Genres:<\/strong> Black Metal, Post Metal<\/p>\n<p> <strong>Label:<\/strong> Season Of Mist<\/p>\n<p> <strong>Erscheinungsjahr:<\/strong> 2025<\/p>\n<p> <strong>K\u00fcnstler:<\/strong> GREAT OLD ONES, THE<\/p>\n<p> <strong>Spieldauer:<\/strong> 01:01:15<\/p>\n<p> <strong>Format:<\/strong> CD<\/p>\n<p> <strong>EAN:<\/strong> 0822603004755<\/p>\n<p><strong>GPSR Information:<\/strong><br \/>Manufacturer:<br \/>\nBelieve Digital GmbH \/ Soulfood<br \/>\nVan-der-Smissen-Stra\u00dfe 3, 22767 Hamburg, Deutschland<br \/>\nlegal.de@believe.com<\/p>\n","protected":false},"excerpt":{"rendered":"<p>Bereite dich auf eine Odyssee der Seele mit THE GREAT OLD ONES&#8217; neuesten Werk, Kadath, vor. In diesem sieben Titel umfassenden Meisterwerk taucht die Band in Lovecrafts \u0084The Dream-Quest of Unknown Kadath\u0093 ein und f\u00fchrt den H\u00f6rer durch die zum Scheitern verurteilten Tr\u00e4ume von Randolph Carter und seine Suche nach der schwer fassbaren, pr\u00e4chtigen Stadt, [&#8230;]\n","protected":false},"featured_media":2349450,"comment_status":"open","ping_status":"closed","template":"","meta":[],"product_cat":[454],"product_tag":[],"class_list":{"0":"post-2349452","1":"product","2":"type-product","3":"status-publish","4":"has-post-thumbnail","6":"product_cat-cd-g","7":"pa_band-great-old-ones-the","8":"pa_productgenre-black-metal","9":"pa_productgenre-post-metal","10":"pa_productlabel-season-of-mist","12":"first","13":"instock","14":"taxable","15":"shipping-taxable","16":"purchasable","17":"product-type-simple"},"yoast_head":"<!-- This site is optimized with the Yoast SEO plugin v22.9 - https:\/\/yoast.com\/wordpress\/plugins\/seo\/ -->\n<title>GREAT OLD ONES, THE - kadath DigiCD - cudgel | Der ultimative Metal Online Store<\/title>\n<meta name=\"robots\" content=\"index, follow, max-snippet:-1, max-image-preview:large, max-video-preview:-1\" \/>\n<link rel=\"canonical\" href=\"https:\/\/www.cudgel.de\/produkt\/great-old-ones-the-kadath-digicd\/\" \/>\n<meta property=\"og:locale\" content=\"en_US\" \/>\n<meta property=\"og:type\" content=\"article\" \/>\n<meta property=\"og:title\" content=\"GREAT OLD ONES, THE - kadath DigiCD - cudgel | Der ultimative Metal Online Store\" \/>\n<meta property=\"og:description\" content=\"Bereite dich auf eine Odyssee der Seele mit THE GREAT OLD ONES&#8217; neuesten Werk, Kadath, vor. In diesem sieben Titel umfassenden Meisterwerk taucht die Band in Lovecrafts \u0084The Dream-Quest of Unknown Kadath\u0093 ein und f\u00fchrt den H\u00f6rer durch die zum Scheitern verurteilten Tr\u00e4ume von Randolph Carter und seine Suche nach der schwer fassbaren, pr\u00e4chtigen Stadt, [...]\" \/>\n<meta property=\"og:url\" content=\"https:\/\/www.cudgel.de\/produkt\/great-old-ones-the-kadath-digicd\/\" \/>\n<meta property=\"og:site_name\" content=\"cudgel | Der ultimative Metal Online Store\" \/>\n<meta property=\"article:publisher\" content=\"https:\/\/www.facebook.com\/CudgelVertrieb\" \/>\n<meta property=\"article:modified_time\" content=\"2026-03-31T07:57:00+00:00\" \/>\n<meta property=\"og:image\" content=\"https:\/\/www.cudgel.de\/wp-content\/uploads\/2025\/01\/Art222178.jpg\" \/>\n\t<meta property=\"og:image:width\" content=\"1000\" \/>\n\t<meta property=\"og:image:height\" content=\"1000\" \/>\n\t<meta property=\"og:image:type\" content=\"image\/jpeg\" \/>\n<meta name=\"twitter:card\" content=\"summary_large_image\" \/>\n<meta name=\"twitter:label1\" content=\"Est. reading time\" \/>\n\t<meta name=\"twitter:data1\" content=\"1 minute\" \/>\n<script type=\"application\/ld+json\" class=\"yoast-schema-graph\">{\"@context\":\"https:\/\/schema.org\",\"@graph\":[{\"@type\":\"WebPage\",\"@id\":\"https:\/\/www.cudgel.de\/produkt\/great-old-ones-the-kadath-digicd\/\",\"url\":\"https:\/\/www.cudgel.de\/produkt\/great-old-ones-the-kadath-digicd\/\",\"name\":\"GREAT OLD ONES, THE - kadath DigiCD - cudgel | Der ultimative Metal Online Store\",\"isPartOf\":{\"@id\":\"https:\/\/www.cudgel.de\/#website\"},\"primaryImageOfPage\":{\"@id\":\"https:\/\/www.cudgel.de\/produkt\/great-old-ones-the-kadath-digicd\/#primaryimage\"},\"image\":{\"@id\":\"https:\/\/www.cudgel.de\/produkt\/great-old-ones-the-kadath-digicd\/#primaryimage\"},\"thumbnailUrl\":\"https:\/\/www.cudgel.de\/wp-content\/uploads\/2025\/01\/Art222178.jpg\",\"datePublished\":\"2025-01-28T13:38:16+00:00\",\"dateModified\":\"2026-03-31T07:57:00+00:00\",\"breadcrumb\":{\"@id\":\"https:\/\/www.cudgel.de\/produkt\/great-old-ones-the-kadath-digicd\/#breadcrumb\"},\"inLanguage\":\"en-US\",\"potentialAction\":[{\"@type\":\"ReadAction\",\"target\":[\"https:\/\/www.cudgel.de\/produkt\/great-old-ones-the-kadath-digicd\/\"]}]},{\"@type\":\"ImageObject\",\"inLanguage\":\"en-US\",\"@id\":\"https:\/\/www.cudgel.de\/produkt\/great-old-ones-the-kadath-digicd\/#primaryimage\",\"url\":\"https:\/\/www.cudgel.de\/wp-content\/uploads\/2025\/01\/Art222178.jpg\",\"contentUrl\":\"https:\/\/www.cudgel.de\/wp-content\/uploads\/2025\/01\/Art222178.jpg\",\"width\":1000,\"height\":1000},{\"@type\":\"BreadcrumbList\",\"@id\":\"https:\/\/www.cudgel.de\/produkt\/great-old-ones-the-kadath-digicd\/#breadcrumb\",\"itemListElement\":[{\"@type\":\"ListItem\",\"position\":1,\"name\":\"Home\",\"item\":\"https:\/\/www.cudgel.de\/en\/\"},{\"@type\":\"ListItem\",\"position\":2,\"name\":\"Shop\",\"item\":\"https:\/\/www.cudgel.de\/en\/shop\/\"},{\"@type\":\"ListItem\",\"position\":3,\"name\":\"GREAT OLD ONES, THE &#8211; kadath DigiCD\"}]},{\"@type\":\"WebSite\",\"@id\":\"https:\/\/www.cudgel.de\/#website\",\"url\":\"https:\/\/www.cudgel.de\/\",\"name\":\"cudgel | Der ultimative Metal Online Store\",\"description\":\"Eine weitere WordPress-Website\",\"publisher\":{\"@id\":\"https:\/\/www.cudgel.de\/#organization\"},\"potentialAction\":[{\"@type\":\"SearchAction\",\"target\":{\"@type\":\"EntryPoint\",\"urlTemplate\":\"https:\/\/www.cudgel.de\/?s={search_term_string}\"},\"query-input\":\"required name=search_term_string\"}],\"inLanguage\":\"en-US\"},{\"@type\":\"Organization\",\"@id\":\"https:\/\/www.cudgel.de\/#organization\",\"name\":\"cudgel | Der ultimative Metal Online Store\",\"url\":\"https:\/\/www.cudgel.de\/\",\"logo\":{\"@type\":\"ImageObject\",\"inLanguage\":\"en-US\",\"@id\":\"https:\/\/www.cudgel.de\/#\/schema\/logo\/image\/\",\"url\":\"https:\/\/www.cudgel.de\/wp-content\/uploads\/2024\/06\/cudgel-logo-neu-1-1400x419png.webp\",\"contentUrl\":\"https:\/\/www.cudgel.de\/wp-content\/uploads\/2024\/06\/cudgel-logo-neu-1-1400x419png.webp\",\"width\":1400,\"height\":419,\"caption\":\"cudgel | Der ultimative Metal Online Store\"},\"image\":{\"@id\":\"https:\/\/www.cudgel.de\/#\/schema\/logo\/image\/\"},\"sameAs\":[\"https:\/\/www.facebook.com\/CudgelVertrieb\"]}]}<\/script>\n<!-- \/ Yoast SEO plugin. -->","yoast_head_json":{"title":"GREAT OLD ONES, THE - kadath DigiCD - cudgel | Der ultimative Metal Online Store","robots":{"index":"index","follow":"follow","max-snippet":"max-snippet:-1","max-image-preview":"max-image-preview:large","max-video-preview":"max-video-preview:-1"},"canonical":"https:\/\/www.cudgel.de\/produkt\/great-old-ones-the-kadath-digicd\/","og_locale":"en_US","og_type":"article","og_title":"GREAT OLD ONES, THE - kadath DigiCD - cudgel | Der ultimative Metal Online Store","og_description":"Bereite dich auf eine Odyssee der Seele mit THE GREAT OLD ONES&#8217; neuesten Werk, Kadath, vor. In diesem sieben Titel umfassenden Meisterwerk taucht die Band in Lovecrafts \u0084The Dream-Quest of Unknown Kadath\u0093 ein und f\u00fchrt den H\u00f6rer durch die zum Scheitern verurteilten Tr\u00e4ume von Randolph Carter und seine Suche nach der schwer fassbaren, pr\u00e4chtigen Stadt, [...]","og_url":"https:\/\/www.cudgel.de\/produkt\/great-old-ones-the-kadath-digicd\/","og_site_name":"cudgel | Der ultimative Metal Online Store","article_publisher":"https:\/\/www.facebook.com\/CudgelVertrieb","article_modified_time":"2026-03-31T07:57:00+00:00","og_image":[{"width":1000,"height":1000,"url":"https:\/\/www.cudgel.de\/wp-content\/uploads\/2025\/01\/Art222178.jpg","type":"image\/jpeg"}],"twitter_card":"summary_large_image","twitter_misc":{"Est. reading time":"1 minute"},"schema":{"@context":"https:\/\/schema.org","@graph":[{"@type":"WebPage","@id":"https:\/\/www.cudgel.de\/produkt\/great-old-ones-the-kadath-digicd\/","url":"https:\/\/www.cudgel.de\/produkt\/great-old-ones-the-kadath-digicd\/","name":"GREAT OLD ONES, THE - kadath DigiCD - cudgel | Der ultimative Metal Online Store","isPartOf":{"@id":"https:\/\/www.cudgel.de\/#website"},"primaryImageOfPage":{"@id":"https:\/\/www.cudgel.de\/produkt\/great-old-ones-the-kadath-digicd\/#primaryimage"},"image":{"@id":"https:\/\/www.cudgel.de\/produkt\/great-old-ones-the-kadath-digicd\/#primaryimage"},"thumbnailUrl":"https:\/\/www.cudgel.de\/wp-content\/uploads\/2025\/01\/Art222178.jpg","datePublished":"2025-01-28T13:38:16+00:00","dateModified":"2026-03-31T07:57:00+00:00","breadcrumb":{"@id":"https:\/\/www.cudgel.de\/produkt\/great-old-ones-the-kadath-digicd\/#breadcrumb"},"inLanguage":"en-US","potentialAction":[{"@type":"ReadAction","target":["https:\/\/www.cudgel.de\/produkt\/great-old-ones-the-kadath-digicd\/"]}]},{"@type":"ImageObject","inLanguage":"en-US","@id":"https:\/\/www.cudgel.de\/produkt\/great-old-ones-the-kadath-digicd\/#primaryimage","url":"https:\/\/www.cudgel.de\/wp-content\/uploads\/2025\/01\/Art222178.jpg","contentUrl":"https:\/\/www.cudgel.de\/wp-content\/uploads\/2025\/01\/Art222178.jpg","width":1000,"height":1000},{"@type":"BreadcrumbList","@id":"https:\/\/www.cudgel.de\/produkt\/great-old-ones-the-kadath-digicd\/#breadcrumb","itemListElement":[{"@type":"ListItem","position":1,"name":"Home","item":"https:\/\/www.cudgel.de\/en\/"},{"@type":"ListItem","position":2,"name":"Shop","item":"https:\/\/www.cudgel.de\/en\/shop\/"},{"@type":"ListItem","position":3,"name":"GREAT OLD ONES, THE &#8211; kadath DigiCD"}]},{"@type":"WebSite","@id":"https:\/\/www.cudgel.de\/#website","url":"https:\/\/www.cudgel.de\/","name":"cudgel | Der ultimative Metal Online Store","description":"Eine weitere WordPress-Website","publisher":{"@id":"https:\/\/www.cudgel.de\/#organization"},"potentialAction":[{"@type":"SearchAction","target":{"@type":"EntryPoint","urlTemplate":"https:\/\/www.cudgel.de\/?s={search_term_string}"},"query-input":"required name=search_term_string"}],"inLanguage":"en-US"},{"@type":"Organization","@id":"https:\/\/www.cudgel.de\/#organization","name":"cudgel | Der ultimative Metal Online Store","url":"https:\/\/www.cudgel.de\/","logo":{"@type":"ImageObject","inLanguage":"en-US","@id":"https:\/\/www.cudgel.de\/#\/schema\/logo\/image\/","url":"https:\/\/www.cudgel.de\/wp-content\/uploads\/2024\/06\/cudgel-logo-neu-1-1400x419png.webp","contentUrl":"https:\/\/www.cudgel.de\/wp-content\/uploads\/2024\/06\/cudgel-logo-neu-1-1400x419png.webp","width":1400,"height":419,"caption":"cudgel | Der ultimative Metal Online Store"},"image":{"@id":"https:\/\/www.cudgel.de\/#\/schema\/logo\/image\/"},"sameAs":["https:\/\/www.facebook.com\/CudgelVertrieb"]}]}},"_links":{"self":[{"href":"https:\/\/www.cudgel.de\/en\/wp-json\/wp\/v2\/product\/2349452","targetHints":{"allow":["GET"]}}],"collection":[{"href":"https:\/\/www.cudgel.de\/en\/wp-json\/wp\/v2\/product"}],"about":[{"href":"https:\/\/www.cudgel.de\/en\/wp-json\/wp\/v2\/types\/product"}],"replies":[{"embeddable":true,"href":"https:\/\/www.cudgel.de\/en\/wp-json\/wp\/v2\/comments?post=2349452"}],"wp:featuredmedia":[{"embeddable":true,"href":"https:\/\/www.cudgel.de\/en\/wp-json\/wp\/v2\/media\/2349450"}],"wp:attachment":[{"href":"https:\/\/www.cudgel.de\/en\/wp-json\/wp\/v2\/media?parent=2349452"}],"wp:term":[{"taxonomy":"product_cat","embeddable":true,"href":"https:\/\/www.cudgel.de\/en\/wp-json\/wp\/v2\/product_cat?post=2349452"},{"taxonomy":"product_tag","embeddable":true,"href":"https:\/\/www.cudgel.de\/en\/wp-json\/wp\/v2\/product_tag?post=2349452"}],"curies":[{"name":"wp","href":"https:\/\/api.w.org\/{rel}","templated":true}]}}