{"id":2349494,"date":"2025-01-28T15:09:52","date_gmt":"2025-01-28T14:09:52","guid":{"rendered":"https:\/\/www.cudgel.de\/produkt\/avatarium-between-you-god-the-devil-and-the-dead-cdslipcase\/"},"modified":"2025-12-31T17:47:56","modified_gmt":"2025-12-31T16:47:56","slug":"avatarium-between-you-god-the-devil-and-the-dead-cdslipcase","status":"publish","type":"product","link":"https:\/\/www.cudgel.de\/en\/product\/avatarium-between-you-god-the-devil-and-the-dead-cdslipcase\/","title":{"rendered":"AVATARIUM &#8211; between you, god, the devil and the dead CD+Slipcase"},"content":{"rendered":"<p>Die Doom-Rock-Band AVATARIUM meldet sich mit ihrem neuen Album &#8220;Between You, God, The Devil and The Dead&#8221; zur\u00fcck. Mach dich bereit f\u00fcr eine gro\u00dfartige Kombination aus d\u00fcsterem Hard Rock mit sanften Doom Metal Akzenten. Diese spezielle Mischung verleiht der schwedischen Band ihren einzigartigen Sound und ist einer der Gr\u00fcnde, warum sie sich in der Szene bereits einen gro\u00dfen Namen gemacht haben.<\/p>\n<p>Als Meister des melancholischen Heavy Metal sind Avatarium seit 2013 eine einzigartige und beeindruckende musikalische Kraft. Urspr\u00fcnglich als au\u00dferschulisches Projekt der Candlemass-Legende Leif Edling gegr\u00fcndet, haben sich die Stockholmer Doom-Ausrei\u00dfer seither weit \u00fcber ihre Wurzeln hinaus entwickelt und sind zu einer der kreativsten Hardrock-Bands des Planeten geworden. Unter der Leitung ihrer Lebenspartner, der S\u00e4ngerin Jennie-Ann Smith und dem Gitarristen Marcus Jidell, haben Avatarium ihren einzigartigen Weg fortgesetzt und sind auf diesem Weg noch st\u00e4rker geworden. Vom gefeierten Doom-Purismus ihres selbstbetitelten Deb\u00fcts bis hin zum detailreichen Rock-Genuss von &#8220;Death, Where Is Your Sting?&#8221; aus dem Jahr 2022 war jedes Kapitel der Bandgeschichte ein Ma\u00dfstab f\u00fcr Substanz und Seele in der Heavy-Musik.<br \/>\nAm 24. Januar 2025 ver\u00f6ffentlichen die Schweden nun ihr sechstes Studioalbum, &#8220;Between You, God, The Devil &amp; The Dead&#8221;. Wie bei jedem ihrer vorherigen f\u00fcnf Alben offenbart das neue Werk bisher unbekannte Schattierungen und Texturen in ihrem klassischen, aber formbaren Sound. Voller gigantischer Riffs und erstaunlicher Melodien, ist &#8220;Between You, God, The Devil &amp; The Dead&#8221; in den letzten 18 Monaten gereift.<\/p>\n<p><strong>Tracks:<\/strong><\/p>\n<ol class=\"tracklisting\">\n<li>Long Black Waves<\/li>\n<li>I See You Better in the Dark<\/li>\n<li>My Hair Is on Fire (but I&#8217;ll Take Your Hand)<\/li>\n<li>Lovers Give a Kingdom to Each Other<\/li>\n<li>Being with the Dead<\/li>\n<li>Until Forever and Again<\/li>\n<li>Notes from Underground<\/li>\n<li>Between You, God, the Devil and the Dead<\/li>\n<\/ol>\n<p><strong>Genres:<\/strong> Doom Metal, Rock<\/p>\n<p> <strong>Label:<\/strong> AFM Records<\/p>\n<p> <strong>Erscheinungsjahr:<\/strong> 2025<\/p>\n<p> <strong>K\u00fcnstler:<\/strong> AVATARIUM<\/p>\n<p> <strong>Spieldauer:<\/strong> 42:35<\/p>\n<p> <strong>Format:<\/strong> CD<\/p>\n<p> <strong>EAN:<\/strong> 0884860590921<\/p>\n<p><strong>GPSR Information:<\/strong><br \/>Manufacturer:<br \/>\nBelieve Digital GmbH \/ Soulfood<br \/>\nVan-der-Smissen-Stra\u00dfe 3, 22767 Hamburg, Deutschland<br \/>\nlegal.de@believe.com<\/p>\n","protected":false},"excerpt":{"rendered":"<p>Die Doom-Rock-Band AVATARIUM meldet sich mit ihrem neuen Album &#8220;Between You, God, The Devil and The Dead&#8221; zur\u00fcck. Mach dich bereit f\u00fcr eine gro\u00dfartige Kombination aus d\u00fcsterem Hard Rock mit sanften Doom Metal Akzenten. Diese spezielle Mischung verleiht der schwedischen Band ihren einzigartigen Sound und ist einer der Gr\u00fcnde, warum sie sich in der Szene [&#8230;]\n","protected":false},"featured_media":2349492,"comment_status":"open","ping_status":"closed","template":"","meta":[],"product_cat":[448],"product_tag":[],"class_list":{"0":"post-2349494","1":"product","2":"type-product","3":"status-publish","4":"has-post-thumbnail","6":"product_cat-cd-a","7":"pa_band-avatarium","8":"pa_productgenre-doom-metal","9":"pa_productgenre-rock","10":"pa_productlabel-afm-records","12":"first","13":"instock","14":"taxable","15":"shipping-taxable","16":"purchasable","17":"product-type-simple"},"yoast_head":"<!-- This site is optimized with the Yoast SEO plugin v22.9 - https:\/\/yoast.com\/wordpress\/plugins\/seo\/ -->\n<title>AVATARIUM - between you, god, the devil and the dead CD+Slipcase - cudgel | Der ultimative Metal Online Store<\/title>\n<meta name=\"robots\" content=\"index, follow, max-snippet:-1, max-image-preview:large, max-video-preview:-1\" \/>\n<link rel=\"canonical\" href=\"https:\/\/www.cudgel.de\/produkt\/avatarium-between-you-god-the-devil-and-the-dead-cdslipcase\/\" \/>\n<meta property=\"og:locale\" content=\"en_US\" \/>\n<meta property=\"og:type\" content=\"article\" \/>\n<meta property=\"og:title\" content=\"AVATARIUM - between you, god, the devil and the dead CD+Slipcase - cudgel | Der ultimative Metal Online Store\" \/>\n<meta property=\"og:description\" content=\"Die Doom-Rock-Band AVATARIUM meldet sich mit ihrem neuen Album &#8220;Between You, God, The Devil and The Dead&#8221; zur\u00fcck. Mach dich bereit f\u00fcr eine gro\u00dfartige Kombination aus d\u00fcsterem Hard Rock mit sanften Doom Metal Akzenten. Diese spezielle Mischung verleiht der schwedischen Band ihren einzigartigen Sound und ist einer der Gr\u00fcnde, warum sie sich in der Szene [...]\" \/>\n<meta property=\"og:url\" content=\"https:\/\/www.cudgel.de\/produkt\/avatarium-between-you-god-the-devil-and-the-dead-cdslipcase\/\" \/>\n<meta property=\"og:site_name\" content=\"cudgel | Der ultimative Metal Online Store\" \/>\n<meta property=\"article:publisher\" content=\"https:\/\/www.facebook.com\/CudgelVertrieb\" \/>\n<meta property=\"article:modified_time\" content=\"2025-12-31T16:47:56+00:00\" \/>\n<meta property=\"og:image\" content=\"https:\/\/www.cudgel.de\/wp-content\/uploads\/2025\/01\/Art222176.jpg\" \/>\n\t<meta property=\"og:image:width\" content=\"1000\" \/>\n\t<meta property=\"og:image:height\" content=\"1000\" \/>\n\t<meta property=\"og:image:type\" content=\"image\/jpeg\" \/>\n<meta name=\"twitter:card\" content=\"summary_large_image\" \/>\n<meta name=\"twitter:label1\" content=\"Est. reading time\" \/>\n\t<meta name=\"twitter:data1\" content=\"2 minutes\" \/>\n<script type=\"application\/ld+json\" class=\"yoast-schema-graph\">{\"@context\":\"https:\/\/schema.org\",\"@graph\":[{\"@type\":\"WebPage\",\"@id\":\"https:\/\/www.cudgel.de\/produkt\/avatarium-between-you-god-the-devil-and-the-dead-cdslipcase\/\",\"url\":\"https:\/\/www.cudgel.de\/produkt\/avatarium-between-you-god-the-devil-and-the-dead-cdslipcase\/\",\"name\":\"AVATARIUM - between you, god, the devil and the dead CD+Slipcase - cudgel | Der ultimative Metal Online Store\",\"isPartOf\":{\"@id\":\"https:\/\/www.cudgel.de\/#website\"},\"primaryImageOfPage\":{\"@id\":\"https:\/\/www.cudgel.de\/produkt\/avatarium-between-you-god-the-devil-and-the-dead-cdslipcase\/#primaryimage\"},\"image\":{\"@id\":\"https:\/\/www.cudgel.de\/produkt\/avatarium-between-you-god-the-devil-and-the-dead-cdslipcase\/#primaryimage\"},\"thumbnailUrl\":\"https:\/\/www.cudgel.de\/wp-content\/uploads\/2025\/01\/Art222176.jpg\",\"datePublished\":\"2025-01-28T14:09:52+00:00\",\"dateModified\":\"2025-12-31T16:47:56+00:00\",\"breadcrumb\":{\"@id\":\"https:\/\/www.cudgel.de\/produkt\/avatarium-between-you-god-the-devil-and-the-dead-cdslipcase\/#breadcrumb\"},\"inLanguage\":\"en-US\",\"potentialAction\":[{\"@type\":\"ReadAction\",\"target\":[\"https:\/\/www.cudgel.de\/produkt\/avatarium-between-you-god-the-devil-and-the-dead-cdslipcase\/\"]}]},{\"@type\":\"ImageObject\",\"inLanguage\":\"en-US\",\"@id\":\"https:\/\/www.cudgel.de\/produkt\/avatarium-between-you-god-the-devil-and-the-dead-cdslipcase\/#primaryimage\",\"url\":\"https:\/\/www.cudgel.de\/wp-content\/uploads\/2025\/01\/Art222176.jpg\",\"contentUrl\":\"https:\/\/www.cudgel.de\/wp-content\/uploads\/2025\/01\/Art222176.jpg\",\"width\":1000,\"height\":1000},{\"@type\":\"BreadcrumbList\",\"@id\":\"https:\/\/www.cudgel.de\/produkt\/avatarium-between-you-god-the-devil-and-the-dead-cdslipcase\/#breadcrumb\",\"itemListElement\":[{\"@type\":\"ListItem\",\"position\":1,\"name\":\"Home\",\"item\":\"https:\/\/www.cudgel.de\/en\/\"},{\"@type\":\"ListItem\",\"position\":2,\"name\":\"Shop\",\"item\":\"https:\/\/www.cudgel.de\/en\/shop\/\"},{\"@type\":\"ListItem\",\"position\":3,\"name\":\"AVATARIUM &#8211; between you, god, the devil and the dead CD+Slipcase\"}]},{\"@type\":\"WebSite\",\"@id\":\"https:\/\/www.cudgel.de\/#website\",\"url\":\"https:\/\/www.cudgel.de\/\",\"name\":\"cudgel | Der ultimative Metal Online Store\",\"description\":\"Eine weitere WordPress-Website\",\"publisher\":{\"@id\":\"https:\/\/www.cudgel.de\/#organization\"},\"potentialAction\":[{\"@type\":\"SearchAction\",\"target\":{\"@type\":\"EntryPoint\",\"urlTemplate\":\"https:\/\/www.cudgel.de\/?s={search_term_string}\"},\"query-input\":\"required name=search_term_string\"}],\"inLanguage\":\"en-US\"},{\"@type\":\"Organization\",\"@id\":\"https:\/\/www.cudgel.de\/#organization\",\"name\":\"cudgel | Der ultimative Metal Online Store\",\"url\":\"https:\/\/www.cudgel.de\/\",\"logo\":{\"@type\":\"ImageObject\",\"inLanguage\":\"en-US\",\"@id\":\"https:\/\/www.cudgel.de\/#\/schema\/logo\/image\/\",\"url\":\"https:\/\/www.cudgel.de\/wp-content\/uploads\/2024\/06\/cudgel-logo-neu-1-1400x419png.webp\",\"contentUrl\":\"https:\/\/www.cudgel.de\/wp-content\/uploads\/2024\/06\/cudgel-logo-neu-1-1400x419png.webp\",\"width\":1400,\"height\":419,\"caption\":\"cudgel | Der ultimative Metal Online Store\"},\"image\":{\"@id\":\"https:\/\/www.cudgel.de\/#\/schema\/logo\/image\/\"},\"sameAs\":[\"https:\/\/www.facebook.com\/CudgelVertrieb\"]}]}<\/script>\n<!-- \/ Yoast SEO plugin. -->","yoast_head_json":{"title":"AVATARIUM - between you, god, the devil and the dead CD+Slipcase - cudgel | Der ultimative Metal Online Store","robots":{"index":"index","follow":"follow","max-snippet":"max-snippet:-1","max-image-preview":"max-image-preview:large","max-video-preview":"max-video-preview:-1"},"canonical":"https:\/\/www.cudgel.de\/produkt\/avatarium-between-you-god-the-devil-and-the-dead-cdslipcase\/","og_locale":"en_US","og_type":"article","og_title":"AVATARIUM - between you, god, the devil and the dead CD+Slipcase - cudgel | Der ultimative Metal Online Store","og_description":"Die Doom-Rock-Band AVATARIUM meldet sich mit ihrem neuen Album &#8220;Between You, God, The Devil and The Dead&#8221; zur\u00fcck. Mach dich bereit f\u00fcr eine gro\u00dfartige Kombination aus d\u00fcsterem Hard Rock mit sanften Doom Metal Akzenten. Diese spezielle Mischung verleiht der schwedischen Band ihren einzigartigen Sound und ist einer der Gr\u00fcnde, warum sie sich in der Szene [...]","og_url":"https:\/\/www.cudgel.de\/produkt\/avatarium-between-you-god-the-devil-and-the-dead-cdslipcase\/","og_site_name":"cudgel | Der ultimative Metal Online Store","article_publisher":"https:\/\/www.facebook.com\/CudgelVertrieb","article_modified_time":"2025-12-31T16:47:56+00:00","og_image":[{"width":1000,"height":1000,"url":"https:\/\/www.cudgel.de\/wp-content\/uploads\/2025\/01\/Art222176.jpg","type":"image\/jpeg"}],"twitter_card":"summary_large_image","twitter_misc":{"Est. reading time":"2 minutes"},"schema":{"@context":"https:\/\/schema.org","@graph":[{"@type":"WebPage","@id":"https:\/\/www.cudgel.de\/produkt\/avatarium-between-you-god-the-devil-and-the-dead-cdslipcase\/","url":"https:\/\/www.cudgel.de\/produkt\/avatarium-between-you-god-the-devil-and-the-dead-cdslipcase\/","name":"AVATARIUM - between you, god, the devil and the dead CD+Slipcase - cudgel | Der ultimative Metal Online Store","isPartOf":{"@id":"https:\/\/www.cudgel.de\/#website"},"primaryImageOfPage":{"@id":"https:\/\/www.cudgel.de\/produkt\/avatarium-between-you-god-the-devil-and-the-dead-cdslipcase\/#primaryimage"},"image":{"@id":"https:\/\/www.cudgel.de\/produkt\/avatarium-between-you-god-the-devil-and-the-dead-cdslipcase\/#primaryimage"},"thumbnailUrl":"https:\/\/www.cudgel.de\/wp-content\/uploads\/2025\/01\/Art222176.jpg","datePublished":"2025-01-28T14:09:52+00:00","dateModified":"2025-12-31T16:47:56+00:00","breadcrumb":{"@id":"https:\/\/www.cudgel.de\/produkt\/avatarium-between-you-god-the-devil-and-the-dead-cdslipcase\/#breadcrumb"},"inLanguage":"en-US","potentialAction":[{"@type":"ReadAction","target":["https:\/\/www.cudgel.de\/produkt\/avatarium-between-you-god-the-devil-and-the-dead-cdslipcase\/"]}]},{"@type":"ImageObject","inLanguage":"en-US","@id":"https:\/\/www.cudgel.de\/produkt\/avatarium-between-you-god-the-devil-and-the-dead-cdslipcase\/#primaryimage","url":"https:\/\/www.cudgel.de\/wp-content\/uploads\/2025\/01\/Art222176.jpg","contentUrl":"https:\/\/www.cudgel.de\/wp-content\/uploads\/2025\/01\/Art222176.jpg","width":1000,"height":1000},{"@type":"BreadcrumbList","@id":"https:\/\/www.cudgel.de\/produkt\/avatarium-between-you-god-the-devil-and-the-dead-cdslipcase\/#breadcrumb","itemListElement":[{"@type":"ListItem","position":1,"name":"Home","item":"https:\/\/www.cudgel.de\/en\/"},{"@type":"ListItem","position":2,"name":"Shop","item":"https:\/\/www.cudgel.de\/en\/shop\/"},{"@type":"ListItem","position":3,"name":"AVATARIUM &#8211; between you, god, the devil and the dead CD+Slipcase"}]},{"@type":"WebSite","@id":"https:\/\/www.cudgel.de\/#website","url":"https:\/\/www.cudgel.de\/","name":"cudgel | Der ultimative Metal Online Store","description":"Eine weitere WordPress-Website","publisher":{"@id":"https:\/\/www.cudgel.de\/#organization"},"potentialAction":[{"@type":"SearchAction","target":{"@type":"EntryPoint","urlTemplate":"https:\/\/www.cudgel.de\/?s={search_term_string}"},"query-input":"required name=search_term_string"}],"inLanguage":"en-US"},{"@type":"Organization","@id":"https:\/\/www.cudgel.de\/#organization","name":"cudgel | Der ultimative Metal Online Store","url":"https:\/\/www.cudgel.de\/","logo":{"@type":"ImageObject","inLanguage":"en-US","@id":"https:\/\/www.cudgel.de\/#\/schema\/logo\/image\/","url":"https:\/\/www.cudgel.de\/wp-content\/uploads\/2024\/06\/cudgel-logo-neu-1-1400x419png.webp","contentUrl":"https:\/\/www.cudgel.de\/wp-content\/uploads\/2024\/06\/cudgel-logo-neu-1-1400x419png.webp","width":1400,"height":419,"caption":"cudgel | Der ultimative Metal Online Store"},"image":{"@id":"https:\/\/www.cudgel.de\/#\/schema\/logo\/image\/"},"sameAs":["https:\/\/www.facebook.com\/CudgelVertrieb"]}]}},"_links":{"self":[{"href":"https:\/\/www.cudgel.de\/en\/wp-json\/wp\/v2\/product\/2349494","targetHints":{"allow":["GET"]}}],"collection":[{"href":"https:\/\/www.cudgel.de\/en\/wp-json\/wp\/v2\/product"}],"about":[{"href":"https:\/\/www.cudgel.de\/en\/wp-json\/wp\/v2\/types\/product"}],"replies":[{"embeddable":true,"href":"https:\/\/www.cudgel.de\/en\/wp-json\/wp\/v2\/comments?post=2349494"}],"wp:featuredmedia":[{"embeddable":true,"href":"https:\/\/www.cudgel.de\/en\/wp-json\/wp\/v2\/media\/2349492"}],"wp:attachment":[{"href":"https:\/\/www.cudgel.de\/en\/wp-json\/wp\/v2\/media?parent=2349494"}],"wp:term":[{"taxonomy":"product_cat","embeddable":true,"href":"https:\/\/www.cudgel.de\/en\/wp-json\/wp\/v2\/product_cat?post=2349494"},{"taxonomy":"product_tag","embeddable":true,"href":"https:\/\/www.cudgel.de\/en\/wp-json\/wp\/v2\/product_tag?post=2349494"}],"curies":[{"name":"wp","href":"https:\/\/api.w.org\/{rel}","templated":true}]}}