{"id":2369497,"date":"2025-02-13T10:10:16","date_gmt":"2025-02-13T09:10:16","guid":{"rendered":"https:\/\/www.cudgel.de\/produkt\/ereb-altor-haelsingemoerker-digicd\/"},"modified":"2026-04-13T09:32:58","modified_gmt":"2026-04-13T07:32:58","slug":"ereb-altor-haelsingemoerker-digicd","status":"publish","type":"product","link":"https:\/\/www.cudgel.de\/en\/product\/ereb-altor-haelsingemoerker-digicd\/","title":{"rendered":"EREB ALTOR &#8211; h\u00e4lsingem\u00f6rker DigiCD"},"content":{"rendered":"<p>From the mythical dark forests of H\u00e4lsingland, Ereb Altor rises again, weaving their Epic Viking Metal sound around stories from the old days of Scandinavia!<\/p>\n<p>Expect nothing less than Ereb Altor\u0092s blend of mythology, majestic riffs, and haunting atmospheres. \u0093H\u00e4lsingem\u00f6rker\u0094 embraces the legends and mysticism of ancient Scandinavia, painting a sonic landscape that is both powerful and deeply immersive. Sharp, epic melodies intertwined with folk elements, combined with intense vocal performances, both clean and harsh!<\/p>\n<p>\u0093H\u00e4lsingem\u00f6rker\u0094 marks a new chapter for Ereb Altor, continuing their journey through the shadows of H\u00e4lsingland with some of their most epic songwriting yet. The stunning artwork, created by Tomar\u00fam av Christine Linde, perfectly complements the album\u0092s athmosphere!<\/p>\n<p><strong>Tracks:<\/strong><\/p>\n<ol class=\"tracklisting\">\n<li>Valkyrian Fate<\/li>\n<li>H\u00e4lsingem\u00f6rker<\/li>\n<li>\u00c4ttestupan<\/li>\n<li>Vi \u00e4r m\u00f6rkret<\/li>\n<li>Tr\u00e4ldom<\/li>\n<li>The Waves, the Sky and the Pyre<\/li>\n<li>The Last Step<\/li>\n<\/ol>\n<p><strong>Genres:<\/strong> Viking Metal, Folk Metal, Black Metal<\/p>\n<p> <strong>Label:<\/strong> Hammerheart Records<\/p>\n<p> <strong>Erscheinungsjahr:<\/strong> 2025<\/p>\n<p> <strong>K\u00fcnstler:<\/strong> EREB ALTOR<\/p>\n<p> <strong>Spieldauer:<\/strong> 45:51<\/p>\n<p> <strong>Format:<\/strong> CD<\/p>\n<p> <strong>EAN:<\/strong> 8715392250125<\/p>\n<p><strong>GPSR Information:<\/strong><br \/>Manufacturer:<br \/>\nHammerheart Records BV<br \/>\nP.O. Box 277, 6300 AG Valkenburg, Netherlands<br \/>\ninfo(at)hammerheart.com<\/p>\n","protected":false},"excerpt":{"rendered":"<p>From the mythical dark forests of H\u00e4lsingland, Ereb Altor rises again, weaving their Epic Viking Metal sound around stories from the old days of Scandinavia! Expect nothing less than Ereb Altor\u0092s blend of mythology, majestic riffs, and haunting atmospheres. \u0093H\u00e4lsingem\u00f6rker\u0094 embraces the legends and mysticism of ancient Scandinavia, painting a sonic landscape that is both [&#8230;]\n","protected":false},"featured_media":2369495,"comment_status":"open","ping_status":"closed","template":"","meta":[],"product_cat":[452],"product_tag":[],"class_list":{"0":"post-2369497","1":"product","2":"type-product","3":"status-publish","4":"has-post-thumbnail","6":"product_cat-cd-e","7":"pa_band-ereb-altor","8":"pa_productgenre-black-metal","9":"pa_productgenre-folk-metal","10":"pa_productgenre-viking-metal","11":"pa_productlabel-hammerheart-records","13":"first","14":"instock","15":"taxable","16":"shipping-taxable","17":"purchasable","18":"product-type-simple"},"yoast_head":"<!-- This site is optimized with the Yoast SEO plugin v22.9 - https:\/\/yoast.com\/wordpress\/plugins\/seo\/ -->\n<title>EREB ALTOR - h\u00e4lsingem\u00f6rker DigiCD - cudgel | Der ultimative Metal Online Store<\/title>\n<meta name=\"robots\" content=\"index, follow, max-snippet:-1, max-image-preview:large, max-video-preview:-1\" \/>\n<link rel=\"canonical\" href=\"https:\/\/www.cudgel.de\/produkt\/ereb-altor-haelsingemoerker-digicd\/\" \/>\n<meta property=\"og:locale\" content=\"en_US\" \/>\n<meta property=\"og:type\" content=\"article\" \/>\n<meta property=\"og:title\" content=\"EREB ALTOR - h\u00e4lsingem\u00f6rker DigiCD - cudgel | Der ultimative Metal Online Store\" \/>\n<meta property=\"og:description\" content=\"From the mythical dark forests of H\u00e4lsingland, Ereb Altor rises again, weaving their Epic Viking Metal sound around stories from the old days of Scandinavia! Expect nothing less than Ereb Altor\u0092s blend of mythology, majestic riffs, and haunting atmospheres. \u0093H\u00e4lsingem\u00f6rker\u0094 embraces the legends and mysticism of ancient Scandinavia, painting a sonic landscape that is both [...]\" \/>\n<meta property=\"og:url\" content=\"https:\/\/www.cudgel.de\/produkt\/ereb-altor-haelsingemoerker-digicd\/\" \/>\n<meta property=\"og:site_name\" content=\"cudgel | Der ultimative Metal Online Store\" \/>\n<meta property=\"article:publisher\" content=\"https:\/\/www.facebook.com\/CudgelVertrieb\" \/>\n<meta property=\"article:modified_time\" content=\"2026-04-13T07:32:58+00:00\" \/>\n<meta property=\"og:image\" content=\"https:\/\/www.cudgel.de\/wp-content\/uploads\/2025\/02\/Art222207.jpg\" \/>\n\t<meta property=\"og:image:width\" content=\"1000\" \/>\n\t<meta property=\"og:image:height\" content=\"1000\" \/>\n\t<meta property=\"og:image:type\" content=\"image\/jpeg\" \/>\n<meta name=\"twitter:card\" content=\"summary_large_image\" \/>\n<meta name=\"twitter:label1\" content=\"Est. reading time\" \/>\n\t<meta name=\"twitter:data1\" content=\"1 minute\" \/>\n<script type=\"application\/ld+json\" class=\"yoast-schema-graph\">{\"@context\":\"https:\/\/schema.org\",\"@graph\":[{\"@type\":\"WebPage\",\"@id\":\"https:\/\/www.cudgel.de\/produkt\/ereb-altor-haelsingemoerker-digicd\/\",\"url\":\"https:\/\/www.cudgel.de\/produkt\/ereb-altor-haelsingemoerker-digicd\/\",\"name\":\"EREB ALTOR - h\u00e4lsingem\u00f6rker DigiCD - cudgel | Der ultimative Metal Online Store\",\"isPartOf\":{\"@id\":\"https:\/\/www.cudgel.de\/#website\"},\"primaryImageOfPage\":{\"@id\":\"https:\/\/www.cudgel.de\/produkt\/ereb-altor-haelsingemoerker-digicd\/#primaryimage\"},\"image\":{\"@id\":\"https:\/\/www.cudgel.de\/produkt\/ereb-altor-haelsingemoerker-digicd\/#primaryimage\"},\"thumbnailUrl\":\"https:\/\/www.cudgel.de\/wp-content\/uploads\/2025\/02\/Art222207.jpg\",\"datePublished\":\"2025-02-13T09:10:16+00:00\",\"dateModified\":\"2026-04-13T07:32:58+00:00\",\"breadcrumb\":{\"@id\":\"https:\/\/www.cudgel.de\/produkt\/ereb-altor-haelsingemoerker-digicd\/#breadcrumb\"},\"inLanguage\":\"en-US\",\"potentialAction\":[{\"@type\":\"ReadAction\",\"target\":[\"https:\/\/www.cudgel.de\/produkt\/ereb-altor-haelsingemoerker-digicd\/\"]}]},{\"@type\":\"ImageObject\",\"inLanguage\":\"en-US\",\"@id\":\"https:\/\/www.cudgel.de\/produkt\/ereb-altor-haelsingemoerker-digicd\/#primaryimage\",\"url\":\"https:\/\/www.cudgel.de\/wp-content\/uploads\/2025\/02\/Art222207.jpg\",\"contentUrl\":\"https:\/\/www.cudgel.de\/wp-content\/uploads\/2025\/02\/Art222207.jpg\",\"width\":1000,\"height\":1000},{\"@type\":\"BreadcrumbList\",\"@id\":\"https:\/\/www.cudgel.de\/produkt\/ereb-altor-haelsingemoerker-digicd\/#breadcrumb\",\"itemListElement\":[{\"@type\":\"ListItem\",\"position\":1,\"name\":\"Home\",\"item\":\"https:\/\/www.cudgel.de\/en\/\"},{\"@type\":\"ListItem\",\"position\":2,\"name\":\"Shop\",\"item\":\"https:\/\/www.cudgel.de\/en\/shop\/\"},{\"@type\":\"ListItem\",\"position\":3,\"name\":\"EREB ALTOR &#8211; h\u00e4lsingem\u00f6rker DigiCD\"}]},{\"@type\":\"WebSite\",\"@id\":\"https:\/\/www.cudgel.de\/#website\",\"url\":\"https:\/\/www.cudgel.de\/\",\"name\":\"cudgel | Der ultimative Metal Online Store\",\"description\":\"Eine weitere WordPress-Website\",\"publisher\":{\"@id\":\"https:\/\/www.cudgel.de\/#organization\"},\"potentialAction\":[{\"@type\":\"SearchAction\",\"target\":{\"@type\":\"EntryPoint\",\"urlTemplate\":\"https:\/\/www.cudgel.de\/?s={search_term_string}\"},\"query-input\":\"required name=search_term_string\"}],\"inLanguage\":\"en-US\"},{\"@type\":\"Organization\",\"@id\":\"https:\/\/www.cudgel.de\/#organization\",\"name\":\"cudgel | Der ultimative Metal Online Store\",\"url\":\"https:\/\/www.cudgel.de\/\",\"logo\":{\"@type\":\"ImageObject\",\"inLanguage\":\"en-US\",\"@id\":\"https:\/\/www.cudgel.de\/#\/schema\/logo\/image\/\",\"url\":\"https:\/\/www.cudgel.de\/wp-content\/uploads\/2024\/06\/cudgel-logo-neu-1-1400x419png.webp\",\"contentUrl\":\"https:\/\/www.cudgel.de\/wp-content\/uploads\/2024\/06\/cudgel-logo-neu-1-1400x419png.webp\",\"width\":1400,\"height\":419,\"caption\":\"cudgel | Der ultimative Metal Online Store\"},\"image\":{\"@id\":\"https:\/\/www.cudgel.de\/#\/schema\/logo\/image\/\"},\"sameAs\":[\"https:\/\/www.facebook.com\/CudgelVertrieb\"]}]}<\/script>\n<!-- \/ Yoast SEO plugin. -->","yoast_head_json":{"title":"EREB ALTOR - h\u00e4lsingem\u00f6rker DigiCD - cudgel | Der ultimative Metal Online Store","robots":{"index":"index","follow":"follow","max-snippet":"max-snippet:-1","max-image-preview":"max-image-preview:large","max-video-preview":"max-video-preview:-1"},"canonical":"https:\/\/www.cudgel.de\/produkt\/ereb-altor-haelsingemoerker-digicd\/","og_locale":"en_US","og_type":"article","og_title":"EREB ALTOR - h\u00e4lsingem\u00f6rker DigiCD - cudgel | Der ultimative Metal Online Store","og_description":"From the mythical dark forests of H\u00e4lsingland, Ereb Altor rises again, weaving their Epic Viking Metal sound around stories from the old days of Scandinavia! Expect nothing less than Ereb Altor\u0092s blend of mythology, majestic riffs, and haunting atmospheres. \u0093H\u00e4lsingem\u00f6rker\u0094 embraces the legends and mysticism of ancient Scandinavia, painting a sonic landscape that is both [...]","og_url":"https:\/\/www.cudgel.de\/produkt\/ereb-altor-haelsingemoerker-digicd\/","og_site_name":"cudgel | Der ultimative Metal Online Store","article_publisher":"https:\/\/www.facebook.com\/CudgelVertrieb","article_modified_time":"2026-04-13T07:32:58+00:00","og_image":[{"width":1000,"height":1000,"url":"https:\/\/www.cudgel.de\/wp-content\/uploads\/2025\/02\/Art222207.jpg","type":"image\/jpeg"}],"twitter_card":"summary_large_image","twitter_misc":{"Est. reading time":"1 minute"},"schema":{"@context":"https:\/\/schema.org","@graph":[{"@type":"WebPage","@id":"https:\/\/www.cudgel.de\/produkt\/ereb-altor-haelsingemoerker-digicd\/","url":"https:\/\/www.cudgel.de\/produkt\/ereb-altor-haelsingemoerker-digicd\/","name":"EREB ALTOR - h\u00e4lsingem\u00f6rker DigiCD - cudgel | Der ultimative Metal Online Store","isPartOf":{"@id":"https:\/\/www.cudgel.de\/#website"},"primaryImageOfPage":{"@id":"https:\/\/www.cudgel.de\/produkt\/ereb-altor-haelsingemoerker-digicd\/#primaryimage"},"image":{"@id":"https:\/\/www.cudgel.de\/produkt\/ereb-altor-haelsingemoerker-digicd\/#primaryimage"},"thumbnailUrl":"https:\/\/www.cudgel.de\/wp-content\/uploads\/2025\/02\/Art222207.jpg","datePublished":"2025-02-13T09:10:16+00:00","dateModified":"2026-04-13T07:32:58+00:00","breadcrumb":{"@id":"https:\/\/www.cudgel.de\/produkt\/ereb-altor-haelsingemoerker-digicd\/#breadcrumb"},"inLanguage":"en-US","potentialAction":[{"@type":"ReadAction","target":["https:\/\/www.cudgel.de\/produkt\/ereb-altor-haelsingemoerker-digicd\/"]}]},{"@type":"ImageObject","inLanguage":"en-US","@id":"https:\/\/www.cudgel.de\/produkt\/ereb-altor-haelsingemoerker-digicd\/#primaryimage","url":"https:\/\/www.cudgel.de\/wp-content\/uploads\/2025\/02\/Art222207.jpg","contentUrl":"https:\/\/www.cudgel.de\/wp-content\/uploads\/2025\/02\/Art222207.jpg","width":1000,"height":1000},{"@type":"BreadcrumbList","@id":"https:\/\/www.cudgel.de\/produkt\/ereb-altor-haelsingemoerker-digicd\/#breadcrumb","itemListElement":[{"@type":"ListItem","position":1,"name":"Home","item":"https:\/\/www.cudgel.de\/en\/"},{"@type":"ListItem","position":2,"name":"Shop","item":"https:\/\/www.cudgel.de\/en\/shop\/"},{"@type":"ListItem","position":3,"name":"EREB ALTOR &#8211; h\u00e4lsingem\u00f6rker DigiCD"}]},{"@type":"WebSite","@id":"https:\/\/www.cudgel.de\/#website","url":"https:\/\/www.cudgel.de\/","name":"cudgel | Der ultimative Metal Online Store","description":"Eine weitere WordPress-Website","publisher":{"@id":"https:\/\/www.cudgel.de\/#organization"},"potentialAction":[{"@type":"SearchAction","target":{"@type":"EntryPoint","urlTemplate":"https:\/\/www.cudgel.de\/?s={search_term_string}"},"query-input":"required name=search_term_string"}],"inLanguage":"en-US"},{"@type":"Organization","@id":"https:\/\/www.cudgel.de\/#organization","name":"cudgel | Der ultimative Metal Online Store","url":"https:\/\/www.cudgel.de\/","logo":{"@type":"ImageObject","inLanguage":"en-US","@id":"https:\/\/www.cudgel.de\/#\/schema\/logo\/image\/","url":"https:\/\/www.cudgel.de\/wp-content\/uploads\/2024\/06\/cudgel-logo-neu-1-1400x419png.webp","contentUrl":"https:\/\/www.cudgel.de\/wp-content\/uploads\/2024\/06\/cudgel-logo-neu-1-1400x419png.webp","width":1400,"height":419,"caption":"cudgel | Der ultimative Metal Online Store"},"image":{"@id":"https:\/\/www.cudgel.de\/#\/schema\/logo\/image\/"},"sameAs":["https:\/\/www.facebook.com\/CudgelVertrieb"]}]}},"_links":{"self":[{"href":"https:\/\/www.cudgel.de\/en\/wp-json\/wp\/v2\/product\/2369497","targetHints":{"allow":["GET"]}}],"collection":[{"href":"https:\/\/www.cudgel.de\/en\/wp-json\/wp\/v2\/product"}],"about":[{"href":"https:\/\/www.cudgel.de\/en\/wp-json\/wp\/v2\/types\/product"}],"replies":[{"embeddable":true,"href":"https:\/\/www.cudgel.de\/en\/wp-json\/wp\/v2\/comments?post=2369497"}],"wp:featuredmedia":[{"embeddable":true,"href":"https:\/\/www.cudgel.de\/en\/wp-json\/wp\/v2\/media\/2369495"}],"wp:attachment":[{"href":"https:\/\/www.cudgel.de\/en\/wp-json\/wp\/v2\/media?parent=2369497"}],"wp:term":[{"taxonomy":"product_cat","embeddable":true,"href":"https:\/\/www.cudgel.de\/en\/wp-json\/wp\/v2\/product_cat?post=2369497"},{"taxonomy":"product_tag","embeddable":true,"href":"https:\/\/www.cudgel.de\/en\/wp-json\/wp\/v2\/product_tag?post=2369497"}],"curies":[{"name":"wp","href":"https:\/\/api.w.org\/{rel}","templated":true}]}}