{"id":2374553,"date":"2025-02-17T12:58:40","date_gmt":"2025-02-17T11:58:40","guid":{"rendered":"https:\/\/www.cudgel.de\/produkt\/gorgoroth-destroyer-cd\/"},"modified":"2025-12-15T16:04:36","modified_gmt":"2025-12-15T15:04:36","slug":"gorgoroth-destroyer-cd","status":"publish","type":"product","link":"https:\/\/www.cudgel.de\/en\/product\/gorgoroth-destroyer-cd\/","title":{"rendered":"GORGOROTH &#8211; destroyer CD"},"content":{"rendered":"<p>a raw &amp; violent black metal classic from norway<\/p>\n<p><strong>Tracks:<\/strong><\/p>\n<ol class=\"tracklisting\">\n<li>Destroyer<\/li>\n<li>Open the Gates<\/li>\n<li>The Devil, the Sinner and His Journey<\/li>\n<li>Om kristen og j\u00f8disk tru<\/li>\n<li>P\u00e5 slagmark langt mot nord<\/li>\n<li>Blodoffer<\/li>\n<li>The Virginborn<\/li>\n<\/ol>\n<p><strong>Genres:<\/strong> Black Metal<\/p>\n<p> <strong>Label:<\/strong> Soulseller Records<\/p>\n<p> <strong>Erscheinungsjahr:<\/strong> 2017<\/p>\n<p> <strong>K\u00fcnstler:<\/strong> GORGOROTH<\/p>\n<p> <strong>Format:<\/strong> CD<\/p>\n<p> <strong>EAN:<\/strong> 4046661494822<\/p>\n<p><strong>GPSR Information:<\/strong><br \/>Manufacturer:<br \/>\nSoulseller Records<br \/>\nDeltazijde 10D, 1261 ZM Blaricum, Netherlands<br \/>\njorn(at)soulsellerrecords.com<\/p>\n","protected":false},"excerpt":{"rendered":"<p>a raw &amp; violent black metal classic from norway Tracks: Destroyer Open the Gates The Devil, the Sinner and His Journey Om kristen og j\u00f8disk tru P\u00e5 slagmark langt mot nord Blodoffer The Virginborn Genres: Black Metal Label: Soulseller Records Erscheinungsjahr: 2017 K\u00fcnstler: GORGOROTH Format: CD EAN: 4046661494822 GPSR Information:Manufacturer: Soulseller Records Deltazijde 10D, 1261 [&#8230;]\n","protected":false},"featured_media":2374551,"comment_status":"open","ping_status":"closed","template":"","meta":[],"product_cat":[454],"product_tag":[],"class_list":{"0":"post-2374553","1":"product","2":"type-product","3":"status-publish","4":"has-post-thumbnail","6":"product_cat-cd-g","7":"pa_band-gorgoroth","8":"pa_productgenre-black-metal","9":"pa_productlabel-soulseller-records","11":"first","12":"instock","13":"taxable","14":"shipping-taxable","15":"purchasable","16":"product-type-simple"},"yoast_head":"<!-- This site is optimized with the Yoast SEO plugin v22.9 - https:\/\/yoast.com\/wordpress\/plugins\/seo\/ -->\n<title>GORGOROTH - destroyer CD - cudgel | Der ultimative Metal Online Store<\/title>\n<meta name=\"robots\" content=\"index, follow, max-snippet:-1, max-image-preview:large, max-video-preview:-1\" \/>\n<link rel=\"canonical\" href=\"https:\/\/www.cudgel.de\/produkt\/gorgoroth-destroyer-cd\/\" \/>\n<meta property=\"og:locale\" content=\"en_US\" \/>\n<meta property=\"og:type\" content=\"article\" \/>\n<meta property=\"og:title\" content=\"GORGOROTH - destroyer CD - cudgel | Der ultimative Metal Online Store\" \/>\n<meta property=\"og:description\" content=\"a raw &amp; violent black metal classic from norway Tracks: Destroyer Open the Gates The Devil, the Sinner and His Journey Om kristen og j\u00f8disk tru P\u00e5 slagmark langt mot nord Blodoffer The Virginborn Genres: Black Metal Label: Soulseller Records Erscheinungsjahr: 2017 K\u00fcnstler: GORGOROTH Format: CD EAN: 4046661494822 GPSR Information:Manufacturer: Soulseller Records Deltazijde 10D, 1261 [...]\" \/>\n<meta property=\"og:url\" content=\"https:\/\/www.cudgel.de\/produkt\/gorgoroth-destroyer-cd\/\" \/>\n<meta property=\"og:site_name\" content=\"cudgel | Der ultimative Metal Online Store\" \/>\n<meta property=\"article:publisher\" content=\"https:\/\/www.facebook.com\/CudgelVertrieb\" \/>\n<meta property=\"article:modified_time\" content=\"2025-12-15T15:04:36+00:00\" \/>\n<meta property=\"og:image\" content=\"https:\/\/www.cudgel.de\/wp-content\/uploads\/2025\/02\/Art202655.jpg\" \/>\n\t<meta property=\"og:image:width\" content=\"1000\" \/>\n\t<meta property=\"og:image:height\" content=\"1000\" \/>\n\t<meta property=\"og:image:type\" content=\"image\/jpeg\" \/>\n<meta name=\"twitter:card\" content=\"summary_large_image\" \/>\n<script type=\"application\/ld+json\" class=\"yoast-schema-graph\">{\"@context\":\"https:\/\/schema.org\",\"@graph\":[{\"@type\":\"WebPage\",\"@id\":\"https:\/\/www.cudgel.de\/produkt\/gorgoroth-destroyer-cd\/\",\"url\":\"https:\/\/www.cudgel.de\/produkt\/gorgoroth-destroyer-cd\/\",\"name\":\"GORGOROTH - destroyer CD - cudgel | Der ultimative Metal Online Store\",\"isPartOf\":{\"@id\":\"https:\/\/www.cudgel.de\/#website\"},\"primaryImageOfPage\":{\"@id\":\"https:\/\/www.cudgel.de\/produkt\/gorgoroth-destroyer-cd\/#primaryimage\"},\"image\":{\"@id\":\"https:\/\/www.cudgel.de\/produkt\/gorgoroth-destroyer-cd\/#primaryimage\"},\"thumbnailUrl\":\"https:\/\/www.cudgel.de\/wp-content\/uploads\/2025\/02\/Art202655.jpg\",\"datePublished\":\"2025-02-17T11:58:40+00:00\",\"dateModified\":\"2025-12-15T15:04:36+00:00\",\"breadcrumb\":{\"@id\":\"https:\/\/www.cudgel.de\/produkt\/gorgoroth-destroyer-cd\/#breadcrumb\"},\"inLanguage\":\"en-US\",\"potentialAction\":[{\"@type\":\"ReadAction\",\"target\":[\"https:\/\/www.cudgel.de\/produkt\/gorgoroth-destroyer-cd\/\"]}]},{\"@type\":\"ImageObject\",\"inLanguage\":\"en-US\",\"@id\":\"https:\/\/www.cudgel.de\/produkt\/gorgoroth-destroyer-cd\/#primaryimage\",\"url\":\"https:\/\/www.cudgel.de\/wp-content\/uploads\/2025\/02\/Art202655.jpg\",\"contentUrl\":\"https:\/\/www.cudgel.de\/wp-content\/uploads\/2025\/02\/Art202655.jpg\",\"width\":1000,\"height\":1000},{\"@type\":\"BreadcrumbList\",\"@id\":\"https:\/\/www.cudgel.de\/produkt\/gorgoroth-destroyer-cd\/#breadcrumb\",\"itemListElement\":[{\"@type\":\"ListItem\",\"position\":1,\"name\":\"Home\",\"item\":\"https:\/\/www.cudgel.de\/en\/\"},{\"@type\":\"ListItem\",\"position\":2,\"name\":\"Shop\",\"item\":\"https:\/\/www.cudgel.de\/en\/shop\/\"},{\"@type\":\"ListItem\",\"position\":3,\"name\":\"GORGOROTH &#8211; destroyer CD\"}]},{\"@type\":\"WebSite\",\"@id\":\"https:\/\/www.cudgel.de\/#website\",\"url\":\"https:\/\/www.cudgel.de\/\",\"name\":\"cudgel | Der ultimative Metal Online Store\",\"description\":\"Eine weitere WordPress-Website\",\"publisher\":{\"@id\":\"https:\/\/www.cudgel.de\/#organization\"},\"potentialAction\":[{\"@type\":\"SearchAction\",\"target\":{\"@type\":\"EntryPoint\",\"urlTemplate\":\"https:\/\/www.cudgel.de\/?s={search_term_string}\"},\"query-input\":\"required name=search_term_string\"}],\"inLanguage\":\"en-US\"},{\"@type\":\"Organization\",\"@id\":\"https:\/\/www.cudgel.de\/#organization\",\"name\":\"cudgel | Der ultimative Metal Online Store\",\"url\":\"https:\/\/www.cudgel.de\/\",\"logo\":{\"@type\":\"ImageObject\",\"inLanguage\":\"en-US\",\"@id\":\"https:\/\/www.cudgel.de\/#\/schema\/logo\/image\/\",\"url\":\"https:\/\/www.cudgel.de\/wp-content\/uploads\/2024\/06\/cudgel-logo-neu-1-1400x419png.webp\",\"contentUrl\":\"https:\/\/www.cudgel.de\/wp-content\/uploads\/2024\/06\/cudgel-logo-neu-1-1400x419png.webp\",\"width\":1400,\"height\":419,\"caption\":\"cudgel | Der ultimative Metal Online Store\"},\"image\":{\"@id\":\"https:\/\/www.cudgel.de\/#\/schema\/logo\/image\/\"},\"sameAs\":[\"https:\/\/www.facebook.com\/CudgelVertrieb\"]}]}<\/script>\n<!-- \/ Yoast SEO plugin. -->","yoast_head_json":{"title":"GORGOROTH - destroyer CD - cudgel | Der ultimative Metal Online Store","robots":{"index":"index","follow":"follow","max-snippet":"max-snippet:-1","max-image-preview":"max-image-preview:large","max-video-preview":"max-video-preview:-1"},"canonical":"https:\/\/www.cudgel.de\/produkt\/gorgoroth-destroyer-cd\/","og_locale":"en_US","og_type":"article","og_title":"GORGOROTH - destroyer CD - cudgel | Der ultimative Metal Online Store","og_description":"a raw &amp; violent black metal classic from norway Tracks: Destroyer Open the Gates The Devil, the Sinner and His Journey Om kristen og j\u00f8disk tru P\u00e5 slagmark langt mot nord Blodoffer The Virginborn Genres: Black Metal Label: Soulseller Records Erscheinungsjahr: 2017 K\u00fcnstler: GORGOROTH Format: CD EAN: 4046661494822 GPSR Information:Manufacturer: Soulseller Records Deltazijde 10D, 1261 [...]","og_url":"https:\/\/www.cudgel.de\/produkt\/gorgoroth-destroyer-cd\/","og_site_name":"cudgel | Der ultimative Metal Online Store","article_publisher":"https:\/\/www.facebook.com\/CudgelVertrieb","article_modified_time":"2025-12-15T15:04:36+00:00","og_image":[{"width":1000,"height":1000,"url":"https:\/\/www.cudgel.de\/wp-content\/uploads\/2025\/02\/Art202655.jpg","type":"image\/jpeg"}],"twitter_card":"summary_large_image","schema":{"@context":"https:\/\/schema.org","@graph":[{"@type":"WebPage","@id":"https:\/\/www.cudgel.de\/produkt\/gorgoroth-destroyer-cd\/","url":"https:\/\/www.cudgel.de\/produkt\/gorgoroth-destroyer-cd\/","name":"GORGOROTH - destroyer CD - cudgel | Der ultimative Metal Online Store","isPartOf":{"@id":"https:\/\/www.cudgel.de\/#website"},"primaryImageOfPage":{"@id":"https:\/\/www.cudgel.de\/produkt\/gorgoroth-destroyer-cd\/#primaryimage"},"image":{"@id":"https:\/\/www.cudgel.de\/produkt\/gorgoroth-destroyer-cd\/#primaryimage"},"thumbnailUrl":"https:\/\/www.cudgel.de\/wp-content\/uploads\/2025\/02\/Art202655.jpg","datePublished":"2025-02-17T11:58:40+00:00","dateModified":"2025-12-15T15:04:36+00:00","breadcrumb":{"@id":"https:\/\/www.cudgel.de\/produkt\/gorgoroth-destroyer-cd\/#breadcrumb"},"inLanguage":"en-US","potentialAction":[{"@type":"ReadAction","target":["https:\/\/www.cudgel.de\/produkt\/gorgoroth-destroyer-cd\/"]}]},{"@type":"ImageObject","inLanguage":"en-US","@id":"https:\/\/www.cudgel.de\/produkt\/gorgoroth-destroyer-cd\/#primaryimage","url":"https:\/\/www.cudgel.de\/wp-content\/uploads\/2025\/02\/Art202655.jpg","contentUrl":"https:\/\/www.cudgel.de\/wp-content\/uploads\/2025\/02\/Art202655.jpg","width":1000,"height":1000},{"@type":"BreadcrumbList","@id":"https:\/\/www.cudgel.de\/produkt\/gorgoroth-destroyer-cd\/#breadcrumb","itemListElement":[{"@type":"ListItem","position":1,"name":"Home","item":"https:\/\/www.cudgel.de\/en\/"},{"@type":"ListItem","position":2,"name":"Shop","item":"https:\/\/www.cudgel.de\/en\/shop\/"},{"@type":"ListItem","position":3,"name":"GORGOROTH &#8211; destroyer CD"}]},{"@type":"WebSite","@id":"https:\/\/www.cudgel.de\/#website","url":"https:\/\/www.cudgel.de\/","name":"cudgel | Der ultimative Metal Online Store","description":"Eine weitere WordPress-Website","publisher":{"@id":"https:\/\/www.cudgel.de\/#organization"},"potentialAction":[{"@type":"SearchAction","target":{"@type":"EntryPoint","urlTemplate":"https:\/\/www.cudgel.de\/?s={search_term_string}"},"query-input":"required name=search_term_string"}],"inLanguage":"en-US"},{"@type":"Organization","@id":"https:\/\/www.cudgel.de\/#organization","name":"cudgel | Der ultimative Metal Online Store","url":"https:\/\/www.cudgel.de\/","logo":{"@type":"ImageObject","inLanguage":"en-US","@id":"https:\/\/www.cudgel.de\/#\/schema\/logo\/image\/","url":"https:\/\/www.cudgel.de\/wp-content\/uploads\/2024\/06\/cudgel-logo-neu-1-1400x419png.webp","contentUrl":"https:\/\/www.cudgel.de\/wp-content\/uploads\/2024\/06\/cudgel-logo-neu-1-1400x419png.webp","width":1400,"height":419,"caption":"cudgel | Der ultimative Metal Online Store"},"image":{"@id":"https:\/\/www.cudgel.de\/#\/schema\/logo\/image\/"},"sameAs":["https:\/\/www.facebook.com\/CudgelVertrieb"]}]}},"_links":{"self":[{"href":"https:\/\/www.cudgel.de\/en\/wp-json\/wp\/v2\/product\/2374553","targetHints":{"allow":["GET"]}}],"collection":[{"href":"https:\/\/www.cudgel.de\/en\/wp-json\/wp\/v2\/product"}],"about":[{"href":"https:\/\/www.cudgel.de\/en\/wp-json\/wp\/v2\/types\/product"}],"replies":[{"embeddable":true,"href":"https:\/\/www.cudgel.de\/en\/wp-json\/wp\/v2\/comments?post=2374553"}],"wp:featuredmedia":[{"embeddable":true,"href":"https:\/\/www.cudgel.de\/en\/wp-json\/wp\/v2\/media\/2374551"}],"wp:attachment":[{"href":"https:\/\/www.cudgel.de\/en\/wp-json\/wp\/v2\/media?parent=2374553"}],"wp:term":[{"taxonomy":"product_cat","embeddable":true,"href":"https:\/\/www.cudgel.de\/en\/wp-json\/wp\/v2\/product_cat?post=2374553"},{"taxonomy":"product_tag","embeddable":true,"href":"https:\/\/www.cudgel.de\/en\/wp-json\/wp\/v2\/product_tag?post=2374553"}],"curies":[{"name":"wp","href":"https:\/\/api.w.org\/{rel}","templated":true}]}}