{"id":2395586,"date":"2025-02-28T14:12:40","date_gmt":"2025-02-28T13:12:40","guid":{"rendered":"https:\/\/www.cudgel.de\/produkt\/keep-of-kalessin-kolossus-cd\/"},"modified":"2025-12-16T20:25:47","modified_gmt":"2025-12-16T19:25:47","slug":"keep-of-kalessin-kolossus-cd","status":"publish","type":"product","link":"https:\/\/www.cudgel.de\/en\/product\/keep-of-kalessin-kolossus-cd\/","title":{"rendered":"KEEP OF KALESSIN &#8211; kolossus CD"},"content":{"rendered":"<p>Selbst norwegische Legenden sind nicht immun gegen die epidemischen Besetzungswechsel im Metal. Mit dem Weggang von Frost und Atilla h\u00e4tten selbst diejenigen, die die Band &#8220;through times of war&#8221; begleitet haben, bef\u00fcrchten k\u00f6nnen, dass Keep of Kalessin t\u00f6dlich verwundet worden war. Immerhin spielte der furchtlose Anf\u00fchrer der Band auch bei Satyricon Gitarre.<\/p>\n<p>Nat\u00fcrlich hat Arnt Obsidian weitergemacht. Mit einem neuen Zauberer am Bass und einer Internet-Sensation auf dem Thron holten Keep of Kalessin mit ihrem kolossalen vierten Album ihre zweite norwegische Grammy-Nominierung.<\/p>\n<p>Kolossus ist immer noch aus den melodischen, aber nicht weniger feurigen Kesseln des Black Metal geschmiedet. Die Gitarrensoli schneiden wie lange Schwerter, w\u00e4hrend die Double-Bass mit der unerbittlichen Wut einer Kriegstrommel schl\u00e4gt. Aber die Hinzuf\u00fcgung von akustischem Feinschliff und symphonischen Einsprengseln in ihr Arsenal hob die Band auf ein h\u00f6heres level.<\/p>\n<p>\u0093My name will spawn legends\u0094, schreit Obsidian im aufsteigenden gro\u00dfen Finale des Albums.<\/p>\n<p>F\u00fcr Fans von Dimmu Borgir, Emperor, Satyricon<\/p>\n<p><strong>Tracks:<\/strong><\/p>\n<ol class=\"tracklisting\">\n<li>Origin<\/li>\n<li>A New Empire&#8217;s Birth<\/li>\n<li>Against the Gods<\/li>\n<li>The Rising Sign<\/li>\n<li>Warmonger<\/li>\n<li>Escape the Union<\/li>\n<li>The Mark of Power<\/li>\n<li>Kolossus<\/li>\n<li>Ascendant<\/li>\n<\/ol>\n<p><strong>Genres:<\/strong> Black Metal, Death Metal, Thrash Metal<\/p>\n<p> <strong>Label:<\/strong> Season Of Mist<\/p>\n<p> <strong>Erscheinungsjahr:<\/strong> 2025<\/p>\n<p> <strong>K\u00fcnstler:<\/strong> KEEP OF KALESSIN<\/p>\n<p> <strong>Spieldauer:<\/strong> 54:21<\/p>\n<p> <strong>Format:<\/strong> CD<\/p>\n<p> <strong>EAN:<\/strong> 0822603010947<\/p>\n<p><strong>GPSR Information:<\/strong><br \/>Manufacturer:<br \/>\nSoundworks (Seasons of Mist)<br \/>\n126 boulevard Bara<br \/>\nHeliopolis 2, Lot B4<br \/>\n13013 Marseille, France<br \/>\ninfo(at)season-of-mist.com<\/p>\n","protected":false},"excerpt":{"rendered":"<p>Selbst norwegische Legenden sind nicht immun gegen die epidemischen Besetzungswechsel im Metal. Mit dem Weggang von Frost und Atilla h\u00e4tten selbst diejenigen, die die Band &#8220;through times of war&#8221; begleitet haben, bef\u00fcrchten k\u00f6nnen, dass Keep of Kalessin t\u00f6dlich verwundet worden war. Immerhin spielte der furchtlose Anf\u00fchrer der Band auch bei Satyricon Gitarre. Nat\u00fcrlich hat Arnt [&#8230;]\n","protected":false},"featured_media":2395584,"comment_status":"open","ping_status":"closed","template":"","meta":[],"product_cat":[457],"product_tag":[],"class_list":{"0":"post-2395586","1":"product","2":"type-product","3":"status-publish","4":"has-post-thumbnail","6":"product_cat-cd-j-l","7":"pa_band-keep-of-kalessin","8":"pa_productgenre-black-metal","9":"pa_productgenre-death-metal","10":"pa_productgenre-thrash-metal","11":"pa_productlabel-season-of-mist","13":"first","14":"instock","15":"taxable","16":"shipping-taxable","17":"purchasable","18":"product-type-simple"},"yoast_head":"<!-- This site is optimized with the Yoast SEO plugin v22.9 - https:\/\/yoast.com\/wordpress\/plugins\/seo\/ -->\n<title>KEEP OF KALESSIN - kolossus CD - cudgel | Der ultimative Metal Online Store<\/title>\n<meta name=\"robots\" content=\"index, follow, max-snippet:-1, max-image-preview:large, max-video-preview:-1\" \/>\n<link rel=\"canonical\" href=\"https:\/\/www.cudgel.de\/produkt\/keep-of-kalessin-kolossus-cd\/\" \/>\n<meta property=\"og:locale\" content=\"en_US\" \/>\n<meta property=\"og:type\" content=\"article\" \/>\n<meta property=\"og:title\" content=\"KEEP OF KALESSIN - kolossus CD - cudgel | Der ultimative Metal Online Store\" \/>\n<meta property=\"og:description\" content=\"Selbst norwegische Legenden sind nicht immun gegen die epidemischen Besetzungswechsel im Metal. Mit dem Weggang von Frost und Atilla h\u00e4tten selbst diejenigen, die die Band &#8220;through times of war&#8221; begleitet haben, bef\u00fcrchten k\u00f6nnen, dass Keep of Kalessin t\u00f6dlich verwundet worden war. Immerhin spielte der furchtlose Anf\u00fchrer der Band auch bei Satyricon Gitarre. Nat\u00fcrlich hat Arnt [...]\" \/>\n<meta property=\"og:url\" content=\"https:\/\/www.cudgel.de\/produkt\/keep-of-kalessin-kolossus-cd\/\" \/>\n<meta property=\"og:site_name\" content=\"cudgel | Der ultimative Metal Online Store\" \/>\n<meta property=\"article:publisher\" content=\"https:\/\/www.facebook.com\/CudgelVertrieb\" \/>\n<meta property=\"article:modified_time\" content=\"2025-12-16T19:25:47+00:00\" \/>\n<meta property=\"og:image\" content=\"https:\/\/www.cudgel.de\/wp-content\/uploads\/2025\/02\/Art208614.jpg\" \/>\n\t<meta property=\"og:image:width\" content=\"1000\" \/>\n\t<meta property=\"og:image:height\" content=\"1000\" \/>\n\t<meta property=\"og:image:type\" content=\"image\/jpeg\" \/>\n<meta name=\"twitter:card\" content=\"summary_large_image\" \/>\n<meta name=\"twitter:label1\" content=\"Est. reading time\" \/>\n\t<meta name=\"twitter:data1\" content=\"1 minute\" \/>\n<script type=\"application\/ld+json\" class=\"yoast-schema-graph\">{\"@context\":\"https:\/\/schema.org\",\"@graph\":[{\"@type\":\"WebPage\",\"@id\":\"https:\/\/www.cudgel.de\/produkt\/keep-of-kalessin-kolossus-cd\/\",\"url\":\"https:\/\/www.cudgel.de\/produkt\/keep-of-kalessin-kolossus-cd\/\",\"name\":\"KEEP OF KALESSIN - kolossus CD - cudgel | Der ultimative Metal Online Store\",\"isPartOf\":{\"@id\":\"https:\/\/www.cudgel.de\/#website\"},\"primaryImageOfPage\":{\"@id\":\"https:\/\/www.cudgel.de\/produkt\/keep-of-kalessin-kolossus-cd\/#primaryimage\"},\"image\":{\"@id\":\"https:\/\/www.cudgel.de\/produkt\/keep-of-kalessin-kolossus-cd\/#primaryimage\"},\"thumbnailUrl\":\"https:\/\/www.cudgel.de\/wp-content\/uploads\/2025\/02\/Art208614.jpg\",\"datePublished\":\"2025-02-28T13:12:40+00:00\",\"dateModified\":\"2025-12-16T19:25:47+00:00\",\"breadcrumb\":{\"@id\":\"https:\/\/www.cudgel.de\/produkt\/keep-of-kalessin-kolossus-cd\/#breadcrumb\"},\"inLanguage\":\"en-US\",\"potentialAction\":[{\"@type\":\"ReadAction\",\"target\":[\"https:\/\/www.cudgel.de\/produkt\/keep-of-kalessin-kolossus-cd\/\"]}]},{\"@type\":\"ImageObject\",\"inLanguage\":\"en-US\",\"@id\":\"https:\/\/www.cudgel.de\/produkt\/keep-of-kalessin-kolossus-cd\/#primaryimage\",\"url\":\"https:\/\/www.cudgel.de\/wp-content\/uploads\/2025\/02\/Art208614.jpg\",\"contentUrl\":\"https:\/\/www.cudgel.de\/wp-content\/uploads\/2025\/02\/Art208614.jpg\",\"width\":1000,\"height\":1000},{\"@type\":\"BreadcrumbList\",\"@id\":\"https:\/\/www.cudgel.de\/produkt\/keep-of-kalessin-kolossus-cd\/#breadcrumb\",\"itemListElement\":[{\"@type\":\"ListItem\",\"position\":1,\"name\":\"Home\",\"item\":\"https:\/\/www.cudgel.de\/en\/\"},{\"@type\":\"ListItem\",\"position\":2,\"name\":\"Shop\",\"item\":\"https:\/\/www.cudgel.de\/en\/shop\/\"},{\"@type\":\"ListItem\",\"position\":3,\"name\":\"KEEP OF KALESSIN &#8211; kolossus CD\"}]},{\"@type\":\"WebSite\",\"@id\":\"https:\/\/www.cudgel.de\/#website\",\"url\":\"https:\/\/www.cudgel.de\/\",\"name\":\"cudgel | Der ultimative Metal Online Store\",\"description\":\"Eine weitere WordPress-Website\",\"publisher\":{\"@id\":\"https:\/\/www.cudgel.de\/#organization\"},\"potentialAction\":[{\"@type\":\"SearchAction\",\"target\":{\"@type\":\"EntryPoint\",\"urlTemplate\":\"https:\/\/www.cudgel.de\/?s={search_term_string}\"},\"query-input\":\"required name=search_term_string\"}],\"inLanguage\":\"en-US\"},{\"@type\":\"Organization\",\"@id\":\"https:\/\/www.cudgel.de\/#organization\",\"name\":\"cudgel | Der ultimative Metal Online Store\",\"url\":\"https:\/\/www.cudgel.de\/\",\"logo\":{\"@type\":\"ImageObject\",\"inLanguage\":\"en-US\",\"@id\":\"https:\/\/www.cudgel.de\/#\/schema\/logo\/image\/\",\"url\":\"https:\/\/www.cudgel.de\/wp-content\/uploads\/2024\/06\/cudgel-logo-neu-1-1400x419png.webp\",\"contentUrl\":\"https:\/\/www.cudgel.de\/wp-content\/uploads\/2024\/06\/cudgel-logo-neu-1-1400x419png.webp\",\"width\":1400,\"height\":419,\"caption\":\"cudgel | Der ultimative Metal Online Store\"},\"image\":{\"@id\":\"https:\/\/www.cudgel.de\/#\/schema\/logo\/image\/\"},\"sameAs\":[\"https:\/\/www.facebook.com\/CudgelVertrieb\"]}]}<\/script>\n<!-- \/ Yoast SEO plugin. -->","yoast_head_json":{"title":"KEEP OF KALESSIN - kolossus CD - cudgel | Der ultimative Metal Online Store","robots":{"index":"index","follow":"follow","max-snippet":"max-snippet:-1","max-image-preview":"max-image-preview:large","max-video-preview":"max-video-preview:-1"},"canonical":"https:\/\/www.cudgel.de\/produkt\/keep-of-kalessin-kolossus-cd\/","og_locale":"en_US","og_type":"article","og_title":"KEEP OF KALESSIN - kolossus CD - cudgel | Der ultimative Metal Online Store","og_description":"Selbst norwegische Legenden sind nicht immun gegen die epidemischen Besetzungswechsel im Metal. Mit dem Weggang von Frost und Atilla h\u00e4tten selbst diejenigen, die die Band &#8220;through times of war&#8221; begleitet haben, bef\u00fcrchten k\u00f6nnen, dass Keep of Kalessin t\u00f6dlich verwundet worden war. Immerhin spielte der furchtlose Anf\u00fchrer der Band auch bei Satyricon Gitarre. Nat\u00fcrlich hat Arnt [...]","og_url":"https:\/\/www.cudgel.de\/produkt\/keep-of-kalessin-kolossus-cd\/","og_site_name":"cudgel | Der ultimative Metal Online Store","article_publisher":"https:\/\/www.facebook.com\/CudgelVertrieb","article_modified_time":"2025-12-16T19:25:47+00:00","og_image":[{"width":1000,"height":1000,"url":"https:\/\/www.cudgel.de\/wp-content\/uploads\/2025\/02\/Art208614.jpg","type":"image\/jpeg"}],"twitter_card":"summary_large_image","twitter_misc":{"Est. reading time":"1 minute"},"schema":{"@context":"https:\/\/schema.org","@graph":[{"@type":"WebPage","@id":"https:\/\/www.cudgel.de\/produkt\/keep-of-kalessin-kolossus-cd\/","url":"https:\/\/www.cudgel.de\/produkt\/keep-of-kalessin-kolossus-cd\/","name":"KEEP OF KALESSIN - kolossus CD - cudgel | Der ultimative Metal Online Store","isPartOf":{"@id":"https:\/\/www.cudgel.de\/#website"},"primaryImageOfPage":{"@id":"https:\/\/www.cudgel.de\/produkt\/keep-of-kalessin-kolossus-cd\/#primaryimage"},"image":{"@id":"https:\/\/www.cudgel.de\/produkt\/keep-of-kalessin-kolossus-cd\/#primaryimage"},"thumbnailUrl":"https:\/\/www.cudgel.de\/wp-content\/uploads\/2025\/02\/Art208614.jpg","datePublished":"2025-02-28T13:12:40+00:00","dateModified":"2025-12-16T19:25:47+00:00","breadcrumb":{"@id":"https:\/\/www.cudgel.de\/produkt\/keep-of-kalessin-kolossus-cd\/#breadcrumb"},"inLanguage":"en-US","potentialAction":[{"@type":"ReadAction","target":["https:\/\/www.cudgel.de\/produkt\/keep-of-kalessin-kolossus-cd\/"]}]},{"@type":"ImageObject","inLanguage":"en-US","@id":"https:\/\/www.cudgel.de\/produkt\/keep-of-kalessin-kolossus-cd\/#primaryimage","url":"https:\/\/www.cudgel.de\/wp-content\/uploads\/2025\/02\/Art208614.jpg","contentUrl":"https:\/\/www.cudgel.de\/wp-content\/uploads\/2025\/02\/Art208614.jpg","width":1000,"height":1000},{"@type":"BreadcrumbList","@id":"https:\/\/www.cudgel.de\/produkt\/keep-of-kalessin-kolossus-cd\/#breadcrumb","itemListElement":[{"@type":"ListItem","position":1,"name":"Home","item":"https:\/\/www.cudgel.de\/en\/"},{"@type":"ListItem","position":2,"name":"Shop","item":"https:\/\/www.cudgel.de\/en\/shop\/"},{"@type":"ListItem","position":3,"name":"KEEP OF KALESSIN &#8211; kolossus CD"}]},{"@type":"WebSite","@id":"https:\/\/www.cudgel.de\/#website","url":"https:\/\/www.cudgel.de\/","name":"cudgel | Der ultimative Metal Online Store","description":"Eine weitere WordPress-Website","publisher":{"@id":"https:\/\/www.cudgel.de\/#organization"},"potentialAction":[{"@type":"SearchAction","target":{"@type":"EntryPoint","urlTemplate":"https:\/\/www.cudgel.de\/?s={search_term_string}"},"query-input":"required name=search_term_string"}],"inLanguage":"en-US"},{"@type":"Organization","@id":"https:\/\/www.cudgel.de\/#organization","name":"cudgel | Der ultimative Metal Online Store","url":"https:\/\/www.cudgel.de\/","logo":{"@type":"ImageObject","inLanguage":"en-US","@id":"https:\/\/www.cudgel.de\/#\/schema\/logo\/image\/","url":"https:\/\/www.cudgel.de\/wp-content\/uploads\/2024\/06\/cudgel-logo-neu-1-1400x419png.webp","contentUrl":"https:\/\/www.cudgel.de\/wp-content\/uploads\/2024\/06\/cudgel-logo-neu-1-1400x419png.webp","width":1400,"height":419,"caption":"cudgel | Der ultimative Metal Online Store"},"image":{"@id":"https:\/\/www.cudgel.de\/#\/schema\/logo\/image\/"},"sameAs":["https:\/\/www.facebook.com\/CudgelVertrieb"]}]}},"_links":{"self":[{"href":"https:\/\/www.cudgel.de\/en\/wp-json\/wp\/v2\/product\/2395586","targetHints":{"allow":["GET"]}}],"collection":[{"href":"https:\/\/www.cudgel.de\/en\/wp-json\/wp\/v2\/product"}],"about":[{"href":"https:\/\/www.cudgel.de\/en\/wp-json\/wp\/v2\/types\/product"}],"replies":[{"embeddable":true,"href":"https:\/\/www.cudgel.de\/en\/wp-json\/wp\/v2\/comments?post=2395586"}],"wp:featuredmedia":[{"embeddable":true,"href":"https:\/\/www.cudgel.de\/en\/wp-json\/wp\/v2\/media\/2395584"}],"wp:attachment":[{"href":"https:\/\/www.cudgel.de\/en\/wp-json\/wp\/v2\/media?parent=2395586"}],"wp:term":[{"taxonomy":"product_cat","embeddable":true,"href":"https:\/\/www.cudgel.de\/en\/wp-json\/wp\/v2\/product_cat?post=2395586"},{"taxonomy":"product_tag","embeddable":true,"href":"https:\/\/www.cudgel.de\/en\/wp-json\/wp\/v2\/product_tag?post=2395586"}],"curies":[{"name":"wp","href":"https:\/\/api.w.org\/{rel}","templated":true}]}}