{"id":2409759,"date":"2025-03-10T09:59:18","date_gmt":"2025-03-10T08:59:18","guid":{"rendered":"https:\/\/www.cudgel.de\/produkt\/retromorphosis-psalmus-mortis-digicd\/"},"modified":"2025-12-31T18:09:12","modified_gmt":"2025-12-31T17:09:12","slug":"retromorphosis-psalmus-mortis-digicd","status":"publish","type":"product","link":"https:\/\/www.cudgel.de\/en\/product\/retromorphosis-psalmus-mortis-digicd\/","title":{"rendered":"RETROMORPHOSIS &#8211; psalmus mortis DigiCD"},"content":{"rendered":"<p>Nach drei Jahrzehnten, in denen sich Spawn of Possession zu einem der innovativsten Kuriosit\u00e4ten im Reich des extremen Metals entwickelt haben, wurden sie 2017 zu Grabe getragen. Aber nach den Gesetzen des Death Metal kann man nicht begraben, was bereits untot ist. Wie eine besonders faulige Spore hat die Saat von SoP im Untergrund gekeimt und darauf gewartet, die Erde in Form einer noch gr\u00e4sslicheren Mutation heimzusuchen.<\/p>\n<p>Dies ist die schmutzige Entstehungsgeschichte von Retromorphosis. Nach dem Ableben seines ersten musikalischen Babys begann Gitarrist Jonas Bryssling, neue Songs zu schreiben, die mehr von seiner eigenen wahnsinnigen Sensibilit\u00e4t in die einflussreiche DNA von Spawn of Possession einbrachten. W\u00e4hrend er diese Formel austestete, schloss sich Bryssling wieder mit SoP-S\u00e4nger Dennis R\u00f6ndum und Bassist Erlend Caspersen zusammen, zusammen mit dem schreddernden Schweizer Armeemesser Christian Muenzner (ex-Obscura und Necrophagist), bevor er den ehemaligen Decrepit Birth-Schlagzeuger KC Howard in den Mix aufnahm.<\/p>\n<p>Die Ergebnisse dieses Experiments werden Metalheads zufriedenstellen, die nach dem fehlenden Glied in der Evolutionskette des Tech-Death gesucht haben. Das erste Album von Retromorphosis strotzt nur so vor wahnsinnig schnellen Riffs, verzerrter rhythmischer Pr\u00e4zision und kosmischem Horror. \u0084Vanished\u0093 \u00f6ffnet offiziell den chemischen Becher mit einem vertrauten, aber nicht weniger knochensch\u00fcttelnden Growl und f\u00fcgt gleichzeitig schwere Tropfen von Old-School-Crunch hinzu. Auf \u0084Psalmus Mortis\u0093 verbreiten die abartigsten aller Metal-Evangelisten das B\u00f6se, indem sie noch mehr Saatgut f\u00fcr grausame Sci-Fi einpflanzen. \u0084The Tree\u0093 gibt dem uralten Thema der menschlichen Gier eine dystopische Wendung, mit einem sich in den Magen bohrenden Solo und Synthesizern, die wie Alien-Eingeweide gl\u00fchen.<\/p>\n<p><strong>Tracks:<\/strong><\/p>\n<ol class=\"tracklisting\">\n<li>Obscure Exordium<\/li>\n<li>Vanished<\/li>\n<li>Aunt Christie&#8217;s Will<\/li>\n<li>Never to Awake<\/li>\n<li>The Tree<\/li>\n<li>Retromorphosis<\/li>\n<li>Machine<\/li>\n<li>Exalted Splendour<\/li>\n<\/ol>\n<p><strong>Genres:<\/strong> Death Metal, Tech Death<\/p>\n<p> <strong>Label:<\/strong> Season Of Mist<\/p>\n<p> <strong>Erscheinungsjahr:<\/strong> 2025<\/p>\n<p> <strong>K\u00fcnstler:<\/strong> RETROMORPHOSIS<\/p>\n<p> <strong>Spieldauer:<\/strong> 42:10<\/p>\n<p> <strong>Format:<\/strong> CD<\/p>\n<p> <strong>EAN:<\/strong> 0822603002928<\/p>\n<p><strong>GPSR Information:<\/strong><br \/>Manufacturer:<br \/>\nSoundworks (Seasons of Mist)<br \/>\n126 boulevard Bara<br \/>\nHeliopolis 2, Lot B4<br \/>\n13013 Marseille, France<br \/>\ninfo(at)season-of-mist.com<\/p>\n","protected":false},"excerpt":{"rendered":"<p>Nach drei Jahrzehnten, in denen sich Spawn of Possession zu einem der innovativsten Kuriosit\u00e4ten im Reich des extremen Metals entwickelt haben, wurden sie 2017 zu Grabe getragen. Aber nach den Gesetzen des Death Metal kann man nicht begraben, was bereits untot ist. Wie eine besonders faulige Spore hat die Saat von SoP im Untergrund gekeimt [&#8230;]\n","protected":false},"featured_media":2409757,"comment_status":"open","ping_status":"closed","template":"","meta":[],"product_cat":[461],"product_tag":[],"class_list":{"0":"post-2409759","1":"product","2":"type-product","3":"status-publish","4":"has-post-thumbnail","6":"product_cat-cd-r","7":"pa_band-retromorphosis","8":"pa_productgenre-death-metal","9":"pa_productgenre-tech-death","10":"pa_productlabel-season-of-mist","12":"first","13":"instock","14":"taxable","15":"shipping-taxable","16":"purchasable","17":"product-type-simple"},"yoast_head":"<!-- This site is optimized with the Yoast SEO plugin v22.9 - https:\/\/yoast.com\/wordpress\/plugins\/seo\/ -->\n<title>RETROMORPHOSIS - psalmus mortis DigiCD - cudgel | Der ultimative Metal Online Store<\/title>\n<meta name=\"robots\" content=\"index, follow, max-snippet:-1, max-image-preview:large, max-video-preview:-1\" \/>\n<link rel=\"canonical\" href=\"https:\/\/www.cudgel.de\/produkt\/retromorphosis-psalmus-mortis-digicd\/\" \/>\n<meta property=\"og:locale\" content=\"en_US\" \/>\n<meta property=\"og:type\" content=\"article\" \/>\n<meta property=\"og:title\" content=\"RETROMORPHOSIS - psalmus mortis DigiCD - cudgel | Der ultimative Metal Online Store\" \/>\n<meta property=\"og:description\" content=\"Nach drei Jahrzehnten, in denen sich Spawn of Possession zu einem der innovativsten Kuriosit\u00e4ten im Reich des extremen Metals entwickelt haben, wurden sie 2017 zu Grabe getragen. Aber nach den Gesetzen des Death Metal kann man nicht begraben, was bereits untot ist. Wie eine besonders faulige Spore hat die Saat von SoP im Untergrund gekeimt [...]\" \/>\n<meta property=\"og:url\" content=\"https:\/\/www.cudgel.de\/produkt\/retromorphosis-psalmus-mortis-digicd\/\" \/>\n<meta property=\"og:site_name\" content=\"cudgel | Der ultimative Metal Online Store\" \/>\n<meta property=\"article:publisher\" content=\"https:\/\/www.facebook.com\/CudgelVertrieb\" \/>\n<meta property=\"article:modified_time\" content=\"2025-12-31T17:09:12+00:00\" \/>\n<meta property=\"og:image\" content=\"https:\/\/www.cudgel.de\/wp-content\/uploads\/2025\/03\/Art222269.jpg\" \/>\n\t<meta property=\"og:image:width\" content=\"1000\" \/>\n\t<meta property=\"og:image:height\" content=\"1000\" \/>\n\t<meta property=\"og:image:type\" content=\"image\/jpeg\" \/>\n<meta name=\"twitter:card\" content=\"summary_large_image\" \/>\n<meta name=\"twitter:label1\" content=\"Est. reading time\" \/>\n\t<meta name=\"twitter:data1\" content=\"2 minutes\" \/>\n<script type=\"application\/ld+json\" class=\"yoast-schema-graph\">{\"@context\":\"https:\/\/schema.org\",\"@graph\":[{\"@type\":\"WebPage\",\"@id\":\"https:\/\/www.cudgel.de\/produkt\/retromorphosis-psalmus-mortis-digicd\/\",\"url\":\"https:\/\/www.cudgel.de\/produkt\/retromorphosis-psalmus-mortis-digicd\/\",\"name\":\"RETROMORPHOSIS - psalmus mortis DigiCD - cudgel | Der ultimative Metal Online Store\",\"isPartOf\":{\"@id\":\"https:\/\/www.cudgel.de\/#website\"},\"primaryImageOfPage\":{\"@id\":\"https:\/\/www.cudgel.de\/produkt\/retromorphosis-psalmus-mortis-digicd\/#primaryimage\"},\"image\":{\"@id\":\"https:\/\/www.cudgel.de\/produkt\/retromorphosis-psalmus-mortis-digicd\/#primaryimage\"},\"thumbnailUrl\":\"https:\/\/www.cudgel.de\/wp-content\/uploads\/2025\/03\/Art222269.jpg\",\"datePublished\":\"2025-03-10T08:59:18+00:00\",\"dateModified\":\"2025-12-31T17:09:12+00:00\",\"breadcrumb\":{\"@id\":\"https:\/\/www.cudgel.de\/produkt\/retromorphosis-psalmus-mortis-digicd\/#breadcrumb\"},\"inLanguage\":\"en-US\",\"potentialAction\":[{\"@type\":\"ReadAction\",\"target\":[\"https:\/\/www.cudgel.de\/produkt\/retromorphosis-psalmus-mortis-digicd\/\"]}]},{\"@type\":\"ImageObject\",\"inLanguage\":\"en-US\",\"@id\":\"https:\/\/www.cudgel.de\/produkt\/retromorphosis-psalmus-mortis-digicd\/#primaryimage\",\"url\":\"https:\/\/www.cudgel.de\/wp-content\/uploads\/2025\/03\/Art222269.jpg\",\"contentUrl\":\"https:\/\/www.cudgel.de\/wp-content\/uploads\/2025\/03\/Art222269.jpg\",\"width\":1000,\"height\":1000},{\"@type\":\"BreadcrumbList\",\"@id\":\"https:\/\/www.cudgel.de\/produkt\/retromorphosis-psalmus-mortis-digicd\/#breadcrumb\",\"itemListElement\":[{\"@type\":\"ListItem\",\"position\":1,\"name\":\"Home\",\"item\":\"https:\/\/www.cudgel.de\/en\/\"},{\"@type\":\"ListItem\",\"position\":2,\"name\":\"Shop\",\"item\":\"https:\/\/www.cudgel.de\/en\/shop\/\"},{\"@type\":\"ListItem\",\"position\":3,\"name\":\"RETROMORPHOSIS &#8211; psalmus mortis DigiCD\"}]},{\"@type\":\"WebSite\",\"@id\":\"https:\/\/www.cudgel.de\/#website\",\"url\":\"https:\/\/www.cudgel.de\/\",\"name\":\"cudgel | Der ultimative Metal Online Store\",\"description\":\"Eine weitere WordPress-Website\",\"publisher\":{\"@id\":\"https:\/\/www.cudgel.de\/#organization\"},\"potentialAction\":[{\"@type\":\"SearchAction\",\"target\":{\"@type\":\"EntryPoint\",\"urlTemplate\":\"https:\/\/www.cudgel.de\/?s={search_term_string}\"},\"query-input\":\"required name=search_term_string\"}],\"inLanguage\":\"en-US\"},{\"@type\":\"Organization\",\"@id\":\"https:\/\/www.cudgel.de\/#organization\",\"name\":\"cudgel | Der ultimative Metal Online Store\",\"url\":\"https:\/\/www.cudgel.de\/\",\"logo\":{\"@type\":\"ImageObject\",\"inLanguage\":\"en-US\",\"@id\":\"https:\/\/www.cudgel.de\/#\/schema\/logo\/image\/\",\"url\":\"https:\/\/www.cudgel.de\/wp-content\/uploads\/2024\/06\/cudgel-logo-neu-1-1400x419png.webp\",\"contentUrl\":\"https:\/\/www.cudgel.de\/wp-content\/uploads\/2024\/06\/cudgel-logo-neu-1-1400x419png.webp\",\"width\":1400,\"height\":419,\"caption\":\"cudgel | Der ultimative Metal Online Store\"},\"image\":{\"@id\":\"https:\/\/www.cudgel.de\/#\/schema\/logo\/image\/\"},\"sameAs\":[\"https:\/\/www.facebook.com\/CudgelVertrieb\"]}]}<\/script>\n<!-- \/ Yoast SEO plugin. -->","yoast_head_json":{"title":"RETROMORPHOSIS - psalmus mortis DigiCD - cudgel | Der ultimative Metal Online Store","robots":{"index":"index","follow":"follow","max-snippet":"max-snippet:-1","max-image-preview":"max-image-preview:large","max-video-preview":"max-video-preview:-1"},"canonical":"https:\/\/www.cudgel.de\/produkt\/retromorphosis-psalmus-mortis-digicd\/","og_locale":"en_US","og_type":"article","og_title":"RETROMORPHOSIS - psalmus mortis DigiCD - cudgel | Der ultimative Metal Online Store","og_description":"Nach drei Jahrzehnten, in denen sich Spawn of Possession zu einem der innovativsten Kuriosit\u00e4ten im Reich des extremen Metals entwickelt haben, wurden sie 2017 zu Grabe getragen. Aber nach den Gesetzen des Death Metal kann man nicht begraben, was bereits untot ist. Wie eine besonders faulige Spore hat die Saat von SoP im Untergrund gekeimt [...]","og_url":"https:\/\/www.cudgel.de\/produkt\/retromorphosis-psalmus-mortis-digicd\/","og_site_name":"cudgel | Der ultimative Metal Online Store","article_publisher":"https:\/\/www.facebook.com\/CudgelVertrieb","article_modified_time":"2025-12-31T17:09:12+00:00","og_image":[{"width":1000,"height":1000,"url":"https:\/\/www.cudgel.de\/wp-content\/uploads\/2025\/03\/Art222269.jpg","type":"image\/jpeg"}],"twitter_card":"summary_large_image","twitter_misc":{"Est. reading time":"2 minutes"},"schema":{"@context":"https:\/\/schema.org","@graph":[{"@type":"WebPage","@id":"https:\/\/www.cudgel.de\/produkt\/retromorphosis-psalmus-mortis-digicd\/","url":"https:\/\/www.cudgel.de\/produkt\/retromorphosis-psalmus-mortis-digicd\/","name":"RETROMORPHOSIS - psalmus mortis DigiCD - cudgel | Der ultimative Metal Online Store","isPartOf":{"@id":"https:\/\/www.cudgel.de\/#website"},"primaryImageOfPage":{"@id":"https:\/\/www.cudgel.de\/produkt\/retromorphosis-psalmus-mortis-digicd\/#primaryimage"},"image":{"@id":"https:\/\/www.cudgel.de\/produkt\/retromorphosis-psalmus-mortis-digicd\/#primaryimage"},"thumbnailUrl":"https:\/\/www.cudgel.de\/wp-content\/uploads\/2025\/03\/Art222269.jpg","datePublished":"2025-03-10T08:59:18+00:00","dateModified":"2025-12-31T17:09:12+00:00","breadcrumb":{"@id":"https:\/\/www.cudgel.de\/produkt\/retromorphosis-psalmus-mortis-digicd\/#breadcrumb"},"inLanguage":"en-US","potentialAction":[{"@type":"ReadAction","target":["https:\/\/www.cudgel.de\/produkt\/retromorphosis-psalmus-mortis-digicd\/"]}]},{"@type":"ImageObject","inLanguage":"en-US","@id":"https:\/\/www.cudgel.de\/produkt\/retromorphosis-psalmus-mortis-digicd\/#primaryimage","url":"https:\/\/www.cudgel.de\/wp-content\/uploads\/2025\/03\/Art222269.jpg","contentUrl":"https:\/\/www.cudgel.de\/wp-content\/uploads\/2025\/03\/Art222269.jpg","width":1000,"height":1000},{"@type":"BreadcrumbList","@id":"https:\/\/www.cudgel.de\/produkt\/retromorphosis-psalmus-mortis-digicd\/#breadcrumb","itemListElement":[{"@type":"ListItem","position":1,"name":"Home","item":"https:\/\/www.cudgel.de\/en\/"},{"@type":"ListItem","position":2,"name":"Shop","item":"https:\/\/www.cudgel.de\/en\/shop\/"},{"@type":"ListItem","position":3,"name":"RETROMORPHOSIS &#8211; psalmus mortis DigiCD"}]},{"@type":"WebSite","@id":"https:\/\/www.cudgel.de\/#website","url":"https:\/\/www.cudgel.de\/","name":"cudgel | Der ultimative Metal Online Store","description":"Eine weitere WordPress-Website","publisher":{"@id":"https:\/\/www.cudgel.de\/#organization"},"potentialAction":[{"@type":"SearchAction","target":{"@type":"EntryPoint","urlTemplate":"https:\/\/www.cudgel.de\/?s={search_term_string}"},"query-input":"required name=search_term_string"}],"inLanguage":"en-US"},{"@type":"Organization","@id":"https:\/\/www.cudgel.de\/#organization","name":"cudgel | Der ultimative Metal Online Store","url":"https:\/\/www.cudgel.de\/","logo":{"@type":"ImageObject","inLanguage":"en-US","@id":"https:\/\/www.cudgel.de\/#\/schema\/logo\/image\/","url":"https:\/\/www.cudgel.de\/wp-content\/uploads\/2024\/06\/cudgel-logo-neu-1-1400x419png.webp","contentUrl":"https:\/\/www.cudgel.de\/wp-content\/uploads\/2024\/06\/cudgel-logo-neu-1-1400x419png.webp","width":1400,"height":419,"caption":"cudgel | Der ultimative Metal Online Store"},"image":{"@id":"https:\/\/www.cudgel.de\/#\/schema\/logo\/image\/"},"sameAs":["https:\/\/www.facebook.com\/CudgelVertrieb"]}]}},"_links":{"self":[{"href":"https:\/\/www.cudgel.de\/en\/wp-json\/wp\/v2\/product\/2409759","targetHints":{"allow":["GET"]}}],"collection":[{"href":"https:\/\/www.cudgel.de\/en\/wp-json\/wp\/v2\/product"}],"about":[{"href":"https:\/\/www.cudgel.de\/en\/wp-json\/wp\/v2\/types\/product"}],"replies":[{"embeddable":true,"href":"https:\/\/www.cudgel.de\/en\/wp-json\/wp\/v2\/comments?post=2409759"}],"wp:featuredmedia":[{"embeddable":true,"href":"https:\/\/www.cudgel.de\/en\/wp-json\/wp\/v2\/media\/2409757"}],"wp:attachment":[{"href":"https:\/\/www.cudgel.de\/en\/wp-json\/wp\/v2\/media?parent=2409759"}],"wp:term":[{"taxonomy":"product_cat","embeddable":true,"href":"https:\/\/www.cudgel.de\/en\/wp-json\/wp\/v2\/product_cat?post=2409759"},{"taxonomy":"product_tag","embeddable":true,"href":"https:\/\/www.cudgel.de\/en\/wp-json\/wp\/v2\/product_tag?post=2409759"}],"curies":[{"name":"wp","href":"https:\/\/api.w.org\/{rel}","templated":true}]}}