{"id":2466218,"date":"2025-03-24T14:21:14","date_gmt":"2025-03-24T13:21:14","guid":{"rendered":"https:\/\/www.cudgel.de\/produkt\/dymna-lotva-wormwood-digicd\/"},"modified":"2025-12-31T18:13:06","modified_gmt":"2025-12-31T17:13:06","slug":"dymna-lotva-wormwood-digicd","status":"publish","type":"product","link":"https:\/\/www.cudgel.de\/en\/product\/dymna-lotva-wormwood-digicd\/","title":{"rendered":"DYMNA LOTVA &#8211; wormwood DigiCD"},"content":{"rendered":"<p>Mit ihrem zweiten Album, &#8220;Wormwood&#8221; kehrten DYMNA LOTVA im Jahr 2017 zum Thema Tschornobyl zur\u00fcck. Das Duo hatte seinen ersten Song, &#8216;A Solitary Human Voice&#8217; auf der Basis von Zitaten von Ljudmila Ignatenko, der Witwe eines Tschornobyl-Liquidators, erschaffen. Die Geschichte ihres Ehemanns Wassili Iwanowitsch Ignatenko hatte ma\u00dfgeblich die HBO-Serie &#8220;Chernobyl&#8221; inspiriert. Musikalisch stellt &#8220;Wormwood&#8221; sowohl eine Fortsetzung als auch eine Erweiterung des Deb\u00fctalbums &#8220;The Land under the Black Wings: Swamp&#8221; aus dem Jahr 2016 dar, welches nordischen Black Metal mit slawischen Elementen kombinierte. Lyrisch z\u00e4hlt &#8220;Wormwood&#8221; nicht zur Trilogie, die DYMNA LOTVA mit ihrem Deb\u00fct begonnen hatten und die auf historischen Ereignissen und Legenden ihrer belarusischen Heimat fu\u00dft und zitieren auch wiederholt die klassische Literatur des Landes. Das musikalische Feuer von Komponist Jauhien Charkasau und S\u00e4ngerin Katsiaryna &#8220;Nokt Aeon&#8221; Mankevich wurde durch die Nachricht entfacht, dass der belarusischen Schriftstellerin Swetlana Alexandrowna Alexijewitsch der Literaturnobelpreis verliehen wurde. Noch am gleichen Tag komponierte das Duo seinen ersten Song. Nach der Ver\u00f6ffentlichung von &#8220;Wormwood&#8221; mussten die beiden Gr\u00fcndungsmitglieder aufgrund von politischer Verfolgung und Zensur durch das Lukaschenka-Regime aus ihrer Heimat Belarus fliehen. Die Trilogie wurde anschlie\u00dfend mit dem dritten Album &#8220;The Land under the Black Wings&#8221; fortgesetzt. Das Werk erweitert den musikalischen Rahmen in Richtung Doom und mehr traditionelle T\u00f6ne, basiert aber weiterhin auf nordischem Black Metal. Der Name der Band, DYMNA LOTVA, bedeutet &#8220;Sumpf im Rauch&#8221; und bezieht sich auf die grausamen Ereignisse rund um die verbrannten D\u00f6rfer von Polesien \u0096 einer Sumpfregion entlang des Flusses Pripyat, die heute zwischen vier Staaten aufgeteilt ist.<\/p>\n<p><strong>Tracks:<\/strong><\/p>\n<ol class=\"tracklisting\">\n<li>Intro<\/li>\n<li>The Land Under the Black Wings<\/li>\n<li>Willothewisp<\/li>\n<li>Into the Swamp<\/li>\n<li>The Vain<\/li>\n<li>There\u0092s No More Me<\/li>\n<li>Under Ice<\/li>\n<li>Requiem<\/li>\n<li>Heather on Bones<\/li>\n<li>Outro<\/li>\n<\/ol>\n<p><strong>Genres:<\/strong> Black Metal, Doom Metal, Folk Metal, Post Metal<\/p>\n<p> <strong>Label:<\/strong> Prophecy Productions<\/p>\n<p> <strong>Erscheinungsjahr:<\/strong> 2025<\/p>\n<p> <strong>K\u00fcnstler:<\/strong> DYMNA LOTVA<\/p>\n<p> <strong>Format:<\/strong> CD<\/p>\n<p> <strong>EAN:<\/strong> 0884388887633<\/p>\n<p><strong>GPSR Information:<\/strong><br \/>Manufacturer:<br \/>\nWeltnetz S.\u00e0r.l. \/ Prophecy Productions<br \/>\n40-42 Grand Rue, 6630 Wasserbillig, Luxemburg<br \/>\npost(at)spkr.media<\/p>\n","protected":false},"excerpt":{"rendered":"<p>Mit ihrem zweiten Album, &#8220;Wormwood&#8221; kehrten DYMNA LOTVA im Jahr 2017 zum Thema Tschornobyl zur\u00fcck. Das Duo hatte seinen ersten Song, &#8216;A Solitary Human Voice&#8217; auf der Basis von Zitaten von Ljudmila Ignatenko, der Witwe eines Tschornobyl-Liquidators, erschaffen. Die Geschichte ihres Ehemanns Wassili Iwanowitsch Ignatenko hatte ma\u00dfgeblich die HBO-Serie &#8220;Chernobyl&#8221; inspiriert. Musikalisch stellt &#8220;Wormwood&#8221; sowohl [&#8230;]\n","protected":false},"featured_media":2466216,"comment_status":"open","ping_status":"closed","template":"","meta":[],"product_cat":[451],"product_tag":[],"class_list":{"0":"post-2466218","1":"product","2":"type-product","3":"status-publish","4":"has-post-thumbnail","6":"product_cat-cd-d","7":"pa_band-dymna-lotva","8":"pa_productgenre-black-metal","9":"pa_productgenre-doom-metal","10":"pa_productgenre-folk-metal","11":"pa_productgenre-post-metal","12":"pa_productlabel-prophecy-productions","14":"first","15":"instock","16":"taxable","17":"shipping-taxable","18":"purchasable","19":"product-type-simple"},"yoast_head":"<!-- This site is optimized with the Yoast SEO plugin v22.9 - https:\/\/yoast.com\/wordpress\/plugins\/seo\/ -->\n<title>DYMNA LOTVA - wormwood DigiCD - cudgel | Der ultimative Metal Online Store<\/title>\n<meta name=\"robots\" content=\"index, follow, max-snippet:-1, max-image-preview:large, max-video-preview:-1\" \/>\n<link rel=\"canonical\" href=\"https:\/\/www.cudgel.de\/produkt\/dymna-lotva-wormwood-digicd\/\" \/>\n<meta property=\"og:locale\" content=\"en_US\" \/>\n<meta property=\"og:type\" content=\"article\" \/>\n<meta property=\"og:title\" content=\"DYMNA LOTVA - wormwood DigiCD - cudgel | Der ultimative Metal Online Store\" \/>\n<meta property=\"og:description\" content=\"Mit ihrem zweiten Album, &#8220;Wormwood&#8221; kehrten DYMNA LOTVA im Jahr 2017 zum Thema Tschornobyl zur\u00fcck. Das Duo hatte seinen ersten Song, &#8216;A Solitary Human Voice&#8217; auf der Basis von Zitaten von Ljudmila Ignatenko, der Witwe eines Tschornobyl-Liquidators, erschaffen. Die Geschichte ihres Ehemanns Wassili Iwanowitsch Ignatenko hatte ma\u00dfgeblich die HBO-Serie &#8220;Chernobyl&#8221; inspiriert. Musikalisch stellt &#8220;Wormwood&#8221; sowohl [...]\" \/>\n<meta property=\"og:url\" content=\"https:\/\/www.cudgel.de\/produkt\/dymna-lotva-wormwood-digicd\/\" \/>\n<meta property=\"og:site_name\" content=\"cudgel | Der ultimative Metal Online Store\" \/>\n<meta property=\"article:publisher\" content=\"https:\/\/www.facebook.com\/CudgelVertrieb\" \/>\n<meta property=\"article:modified_time\" content=\"2025-12-31T17:13:06+00:00\" \/>\n<meta property=\"og:image\" content=\"https:\/\/www.cudgel.de\/wp-content\/uploads\/2025\/03\/Art222305.jpg\" \/>\n\t<meta property=\"og:image:width\" content=\"1000\" \/>\n\t<meta property=\"og:image:height\" content=\"1000\" \/>\n\t<meta property=\"og:image:type\" content=\"image\/jpeg\" \/>\n<meta name=\"twitter:card\" content=\"summary_large_image\" \/>\n<meta name=\"twitter:label1\" content=\"Est. reading time\" \/>\n\t<meta name=\"twitter:data1\" content=\"2 minutes\" \/>\n<script type=\"application\/ld+json\" class=\"yoast-schema-graph\">{\"@context\":\"https:\/\/schema.org\",\"@graph\":[{\"@type\":\"WebPage\",\"@id\":\"https:\/\/www.cudgel.de\/produkt\/dymna-lotva-wormwood-digicd\/\",\"url\":\"https:\/\/www.cudgel.de\/produkt\/dymna-lotva-wormwood-digicd\/\",\"name\":\"DYMNA LOTVA - wormwood DigiCD - cudgel | Der ultimative Metal Online Store\",\"isPartOf\":{\"@id\":\"https:\/\/www.cudgel.de\/#website\"},\"primaryImageOfPage\":{\"@id\":\"https:\/\/www.cudgel.de\/produkt\/dymna-lotva-wormwood-digicd\/#primaryimage\"},\"image\":{\"@id\":\"https:\/\/www.cudgel.de\/produkt\/dymna-lotva-wormwood-digicd\/#primaryimage\"},\"thumbnailUrl\":\"https:\/\/www.cudgel.de\/wp-content\/uploads\/2025\/03\/Art222305.jpg\",\"datePublished\":\"2025-03-24T13:21:14+00:00\",\"dateModified\":\"2025-12-31T17:13:06+00:00\",\"breadcrumb\":{\"@id\":\"https:\/\/www.cudgel.de\/produkt\/dymna-lotva-wormwood-digicd\/#breadcrumb\"},\"inLanguage\":\"en-US\",\"potentialAction\":[{\"@type\":\"ReadAction\",\"target\":[\"https:\/\/www.cudgel.de\/produkt\/dymna-lotva-wormwood-digicd\/\"]}]},{\"@type\":\"ImageObject\",\"inLanguage\":\"en-US\",\"@id\":\"https:\/\/www.cudgel.de\/produkt\/dymna-lotva-wormwood-digicd\/#primaryimage\",\"url\":\"https:\/\/www.cudgel.de\/wp-content\/uploads\/2025\/03\/Art222305.jpg\",\"contentUrl\":\"https:\/\/www.cudgel.de\/wp-content\/uploads\/2025\/03\/Art222305.jpg\",\"width\":1000,\"height\":1000},{\"@type\":\"BreadcrumbList\",\"@id\":\"https:\/\/www.cudgel.de\/produkt\/dymna-lotva-wormwood-digicd\/#breadcrumb\",\"itemListElement\":[{\"@type\":\"ListItem\",\"position\":1,\"name\":\"Home\",\"item\":\"https:\/\/www.cudgel.de\/en\/\"},{\"@type\":\"ListItem\",\"position\":2,\"name\":\"Shop\",\"item\":\"https:\/\/www.cudgel.de\/en\/shop\/\"},{\"@type\":\"ListItem\",\"position\":3,\"name\":\"DYMNA LOTVA &#8211; wormwood DigiCD\"}]},{\"@type\":\"WebSite\",\"@id\":\"https:\/\/www.cudgel.de\/#website\",\"url\":\"https:\/\/www.cudgel.de\/\",\"name\":\"cudgel | Der ultimative Metal Online Store\",\"description\":\"Eine weitere WordPress-Website\",\"publisher\":{\"@id\":\"https:\/\/www.cudgel.de\/#organization\"},\"potentialAction\":[{\"@type\":\"SearchAction\",\"target\":{\"@type\":\"EntryPoint\",\"urlTemplate\":\"https:\/\/www.cudgel.de\/?s={search_term_string}\"},\"query-input\":\"required name=search_term_string\"}],\"inLanguage\":\"en-US\"},{\"@type\":\"Organization\",\"@id\":\"https:\/\/www.cudgel.de\/#organization\",\"name\":\"cudgel | Der ultimative Metal Online Store\",\"url\":\"https:\/\/www.cudgel.de\/\",\"logo\":{\"@type\":\"ImageObject\",\"inLanguage\":\"en-US\",\"@id\":\"https:\/\/www.cudgel.de\/#\/schema\/logo\/image\/\",\"url\":\"https:\/\/www.cudgel.de\/wp-content\/uploads\/2024\/06\/cudgel-logo-neu-1-1400x419png.webp\",\"contentUrl\":\"https:\/\/www.cudgel.de\/wp-content\/uploads\/2024\/06\/cudgel-logo-neu-1-1400x419png.webp\",\"width\":1400,\"height\":419,\"caption\":\"cudgel | Der ultimative Metal Online Store\"},\"image\":{\"@id\":\"https:\/\/www.cudgel.de\/#\/schema\/logo\/image\/\"},\"sameAs\":[\"https:\/\/www.facebook.com\/CudgelVertrieb\"]}]}<\/script>\n<!-- \/ Yoast SEO plugin. -->","yoast_head_json":{"title":"DYMNA LOTVA - wormwood DigiCD - cudgel | Der ultimative Metal Online Store","robots":{"index":"index","follow":"follow","max-snippet":"max-snippet:-1","max-image-preview":"max-image-preview:large","max-video-preview":"max-video-preview:-1"},"canonical":"https:\/\/www.cudgel.de\/produkt\/dymna-lotva-wormwood-digicd\/","og_locale":"en_US","og_type":"article","og_title":"DYMNA LOTVA - wormwood DigiCD - cudgel | Der ultimative Metal Online Store","og_description":"Mit ihrem zweiten Album, &#8220;Wormwood&#8221; kehrten DYMNA LOTVA im Jahr 2017 zum Thema Tschornobyl zur\u00fcck. Das Duo hatte seinen ersten Song, &#8216;A Solitary Human Voice&#8217; auf der Basis von Zitaten von Ljudmila Ignatenko, der Witwe eines Tschornobyl-Liquidators, erschaffen. Die Geschichte ihres Ehemanns Wassili Iwanowitsch Ignatenko hatte ma\u00dfgeblich die HBO-Serie &#8220;Chernobyl&#8221; inspiriert. Musikalisch stellt &#8220;Wormwood&#8221; sowohl [...]","og_url":"https:\/\/www.cudgel.de\/produkt\/dymna-lotva-wormwood-digicd\/","og_site_name":"cudgel | Der ultimative Metal Online Store","article_publisher":"https:\/\/www.facebook.com\/CudgelVertrieb","article_modified_time":"2025-12-31T17:13:06+00:00","og_image":[{"width":1000,"height":1000,"url":"https:\/\/www.cudgel.de\/wp-content\/uploads\/2025\/03\/Art222305.jpg","type":"image\/jpeg"}],"twitter_card":"summary_large_image","twitter_misc":{"Est. reading time":"2 minutes"},"schema":{"@context":"https:\/\/schema.org","@graph":[{"@type":"WebPage","@id":"https:\/\/www.cudgel.de\/produkt\/dymna-lotva-wormwood-digicd\/","url":"https:\/\/www.cudgel.de\/produkt\/dymna-lotva-wormwood-digicd\/","name":"DYMNA LOTVA - wormwood DigiCD - cudgel | Der ultimative Metal Online Store","isPartOf":{"@id":"https:\/\/www.cudgel.de\/#website"},"primaryImageOfPage":{"@id":"https:\/\/www.cudgel.de\/produkt\/dymna-lotva-wormwood-digicd\/#primaryimage"},"image":{"@id":"https:\/\/www.cudgel.de\/produkt\/dymna-lotva-wormwood-digicd\/#primaryimage"},"thumbnailUrl":"https:\/\/www.cudgel.de\/wp-content\/uploads\/2025\/03\/Art222305.jpg","datePublished":"2025-03-24T13:21:14+00:00","dateModified":"2025-12-31T17:13:06+00:00","breadcrumb":{"@id":"https:\/\/www.cudgel.de\/produkt\/dymna-lotva-wormwood-digicd\/#breadcrumb"},"inLanguage":"en-US","potentialAction":[{"@type":"ReadAction","target":["https:\/\/www.cudgel.de\/produkt\/dymna-lotva-wormwood-digicd\/"]}]},{"@type":"ImageObject","inLanguage":"en-US","@id":"https:\/\/www.cudgel.de\/produkt\/dymna-lotva-wormwood-digicd\/#primaryimage","url":"https:\/\/www.cudgel.de\/wp-content\/uploads\/2025\/03\/Art222305.jpg","contentUrl":"https:\/\/www.cudgel.de\/wp-content\/uploads\/2025\/03\/Art222305.jpg","width":1000,"height":1000},{"@type":"BreadcrumbList","@id":"https:\/\/www.cudgel.de\/produkt\/dymna-lotva-wormwood-digicd\/#breadcrumb","itemListElement":[{"@type":"ListItem","position":1,"name":"Home","item":"https:\/\/www.cudgel.de\/en\/"},{"@type":"ListItem","position":2,"name":"Shop","item":"https:\/\/www.cudgel.de\/en\/shop\/"},{"@type":"ListItem","position":3,"name":"DYMNA LOTVA &#8211; wormwood DigiCD"}]},{"@type":"WebSite","@id":"https:\/\/www.cudgel.de\/#website","url":"https:\/\/www.cudgel.de\/","name":"cudgel | Der ultimative Metal Online Store","description":"Eine weitere WordPress-Website","publisher":{"@id":"https:\/\/www.cudgel.de\/#organization"},"potentialAction":[{"@type":"SearchAction","target":{"@type":"EntryPoint","urlTemplate":"https:\/\/www.cudgel.de\/?s={search_term_string}"},"query-input":"required name=search_term_string"}],"inLanguage":"en-US"},{"@type":"Organization","@id":"https:\/\/www.cudgel.de\/#organization","name":"cudgel | Der ultimative Metal Online Store","url":"https:\/\/www.cudgel.de\/","logo":{"@type":"ImageObject","inLanguage":"en-US","@id":"https:\/\/www.cudgel.de\/#\/schema\/logo\/image\/","url":"https:\/\/www.cudgel.de\/wp-content\/uploads\/2024\/06\/cudgel-logo-neu-1-1400x419png.webp","contentUrl":"https:\/\/www.cudgel.de\/wp-content\/uploads\/2024\/06\/cudgel-logo-neu-1-1400x419png.webp","width":1400,"height":419,"caption":"cudgel | Der ultimative Metal Online Store"},"image":{"@id":"https:\/\/www.cudgel.de\/#\/schema\/logo\/image\/"},"sameAs":["https:\/\/www.facebook.com\/CudgelVertrieb"]}]}},"_links":{"self":[{"href":"https:\/\/www.cudgel.de\/en\/wp-json\/wp\/v2\/product\/2466218","targetHints":{"allow":["GET"]}}],"collection":[{"href":"https:\/\/www.cudgel.de\/en\/wp-json\/wp\/v2\/product"}],"about":[{"href":"https:\/\/www.cudgel.de\/en\/wp-json\/wp\/v2\/types\/product"}],"replies":[{"embeddable":true,"href":"https:\/\/www.cudgel.de\/en\/wp-json\/wp\/v2\/comments?post=2466218"}],"wp:featuredmedia":[{"embeddable":true,"href":"https:\/\/www.cudgel.de\/en\/wp-json\/wp\/v2\/media\/2466216"}],"wp:attachment":[{"href":"https:\/\/www.cudgel.de\/en\/wp-json\/wp\/v2\/media?parent=2466218"}],"wp:term":[{"taxonomy":"product_cat","embeddable":true,"href":"https:\/\/www.cudgel.de\/en\/wp-json\/wp\/v2\/product_cat?post=2466218"},{"taxonomy":"product_tag","embeddable":true,"href":"https:\/\/www.cudgel.de\/en\/wp-json\/wp\/v2\/product_tag?post=2466218"}],"curies":[{"name":"wp","href":"https:\/\/api.w.org\/{rel}","templated":true}]}}