{"id":2481481,"date":"2025-04-04T13:05:15","date_gmt":"2025-04-04T11:05:15","guid":{"rendered":"https:\/\/www.cudgel.de\/produkt\/immortal-bird-sin-querencia-cd\/"},"modified":"2025-12-31T17:23:35","modified_gmt":"2025-12-31T16:23:35","slug":"immortal-bird-sin-querencia-cd","status":"publish","type":"product","link":"https:\/\/www.cudgel.de\/en\/product\/immortal-bird-sin-querencia-cd\/","title":{"rendered":"IMMORTAL BIRD &#8211; sin querencia CD"},"content":{"rendered":"<p>Chicagos einzigartig ersch\u00fctternde und technisch grausame Chaos-Einheit Immortal Bird ist zur\u00fcck mit ihrem mit Spannung erwarteten dritten Album. Auf dem 2019er Album &#8220;Thrive on Neglect&#8221; man\u00f6vrierte sich die Band durch ein Amalgam von Kl\u00e4ngen, das sich zu einer verzerrten und kantigen Darbietung von vielschichtigen \u00c4ngsten entwickelte und nun als Sprungbrett f\u00fcr die weitere Entwicklung auf dem neuen Album &#8220;Sin Querencia&#8221; dient.<\/p>\n<p>Immortal Bird vereinen Elemente aus Death und Black Metal, Hardcore-Tumult, eine Dosis Noise Rock aus ihrer Stadt und eine kompositorische Komplexit\u00e4t, die an Grenzg\u00e4nger wie Gorguts und Ulcerate erinnert.<\/p>\n<p>&#8211; FFO: Pig Destroyer, Cattle Decapitation, Krallice, Oathbreaker, Converge, Full Of Hell, Cretin, Tombs, Cult Leader<\/p>\n<p><strong>Tracks:<\/strong><\/p>\n<ol class=\"tracklisting\">\n<li>Bioluminescent Toxins<\/li>\n<li>Plastered Sainthood<\/li>\n<li>Consanguinity<\/li>\n<li>Propagandized<\/li>\n<li>Ocean Endless<\/li>\n<li>Synthetic Alliances<\/li>\n<li>Contrarian Companions<\/li>\n<li>Sin Querencia<\/li>\n<\/ol>\n<p><strong>Genres:<\/strong> Death Metal, Black Metal, Grindcore<\/p>\n<p> <strong>Label:<\/strong> 20 Buck Spin<\/p>\n<p> <strong>Erscheinungsjahr:<\/strong> 2024<\/p>\n<p> <strong>K\u00fcnstler:<\/strong> IMMORTAL BIRD<\/p>\n<p> <strong>Format:<\/strong> CD<\/p>\n<p> <strong>EAN:<\/strong> 0810079501847<\/p>\n","protected":false},"excerpt":{"rendered":"<p>Chicagos einzigartig ersch\u00fctternde und technisch grausame Chaos-Einheit Immortal Bird ist zur\u00fcck mit ihrem mit Spannung erwarteten dritten Album. Auf dem 2019er Album &#8220;Thrive on Neglect&#8221; man\u00f6vrierte sich die Band durch ein Amalgam von Kl\u00e4ngen, das sich zu einer verzerrten und kantigen Darbietung von vielschichtigen \u00c4ngsten entwickelte und nun als Sprungbrett f\u00fcr die weitere Entwicklung auf [&#8230;]\n","protected":false},"featured_media":2481479,"comment_status":"open","ping_status":"closed","template":"","meta":[],"product_cat":[456],"product_tag":[],"class_list":{"0":"post-2481481","1":"product","2":"type-product","3":"status-publish","4":"has-post-thumbnail","6":"product_cat-cd-i","7":"pa_band-immortal-bird","8":"pa_productgenre-black-metal","9":"pa_productgenre-death-metal","10":"pa_productgenre-grindcore","11":"pa_productlabel-20-buck-spin","13":"first","14":"instock","15":"taxable","16":"shipping-taxable","17":"purchasable","18":"product-type-simple"},"yoast_head":"<!-- This site is optimized with the Yoast SEO plugin v22.9 - https:\/\/yoast.com\/wordpress\/plugins\/seo\/ -->\n<title>IMMORTAL BIRD - sin querencia CD - cudgel | Der ultimative Metal Online Store<\/title>\n<meta name=\"robots\" content=\"index, follow, max-snippet:-1, max-image-preview:large, max-video-preview:-1\" \/>\n<link rel=\"canonical\" href=\"https:\/\/www.cudgel.de\/produkt\/immortal-bird-sin-querencia-cd\/\" \/>\n<meta property=\"og:locale\" content=\"en_US\" \/>\n<meta property=\"og:type\" content=\"article\" \/>\n<meta property=\"og:title\" content=\"IMMORTAL BIRD - sin querencia CD - cudgel | Der ultimative Metal Online Store\" \/>\n<meta property=\"og:description\" content=\"Chicagos einzigartig ersch\u00fctternde und technisch grausame Chaos-Einheit Immortal Bird ist zur\u00fcck mit ihrem mit Spannung erwarteten dritten Album. Auf dem 2019er Album &#8220;Thrive on Neglect&#8221; man\u00f6vrierte sich die Band durch ein Amalgam von Kl\u00e4ngen, das sich zu einer verzerrten und kantigen Darbietung von vielschichtigen \u00c4ngsten entwickelte und nun als Sprungbrett f\u00fcr die weitere Entwicklung auf [...]\" \/>\n<meta property=\"og:url\" content=\"https:\/\/www.cudgel.de\/produkt\/immortal-bird-sin-querencia-cd\/\" \/>\n<meta property=\"og:site_name\" content=\"cudgel | Der ultimative Metal Online Store\" \/>\n<meta property=\"article:publisher\" content=\"https:\/\/www.facebook.com\/CudgelVertrieb\" \/>\n<meta property=\"article:modified_time\" content=\"2025-12-31T16:23:35+00:00\" \/>\n<meta property=\"og:image\" content=\"https:\/\/www.cudgel.de\/wp-content\/uploads\/2025\/04\/Art221923.jpg\" \/>\n\t<meta property=\"og:image:width\" content=\"1000\" \/>\n\t<meta property=\"og:image:height\" content=\"1000\" \/>\n\t<meta property=\"og:image:type\" content=\"image\/jpeg\" \/>\n<meta name=\"twitter:card\" content=\"summary_large_image\" \/>\n<meta name=\"twitter:label1\" content=\"Est. reading time\" \/>\n\t<meta name=\"twitter:data1\" content=\"1 minute\" \/>\n<script type=\"application\/ld+json\" class=\"yoast-schema-graph\">{\"@context\":\"https:\/\/schema.org\",\"@graph\":[{\"@type\":\"WebPage\",\"@id\":\"https:\/\/www.cudgel.de\/produkt\/immortal-bird-sin-querencia-cd\/\",\"url\":\"https:\/\/www.cudgel.de\/produkt\/immortal-bird-sin-querencia-cd\/\",\"name\":\"IMMORTAL BIRD - sin querencia CD - cudgel | Der ultimative Metal Online Store\",\"isPartOf\":{\"@id\":\"https:\/\/www.cudgel.de\/#website\"},\"primaryImageOfPage\":{\"@id\":\"https:\/\/www.cudgel.de\/produkt\/immortal-bird-sin-querencia-cd\/#primaryimage\"},\"image\":{\"@id\":\"https:\/\/www.cudgel.de\/produkt\/immortal-bird-sin-querencia-cd\/#primaryimage\"},\"thumbnailUrl\":\"https:\/\/www.cudgel.de\/wp-content\/uploads\/2025\/04\/Art221923.jpg\",\"datePublished\":\"2025-04-04T11:05:15+00:00\",\"dateModified\":\"2025-12-31T16:23:35+00:00\",\"breadcrumb\":{\"@id\":\"https:\/\/www.cudgel.de\/produkt\/immortal-bird-sin-querencia-cd\/#breadcrumb\"},\"inLanguage\":\"en-US\",\"potentialAction\":[{\"@type\":\"ReadAction\",\"target\":[\"https:\/\/www.cudgel.de\/produkt\/immortal-bird-sin-querencia-cd\/\"]}]},{\"@type\":\"ImageObject\",\"inLanguage\":\"en-US\",\"@id\":\"https:\/\/www.cudgel.de\/produkt\/immortal-bird-sin-querencia-cd\/#primaryimage\",\"url\":\"https:\/\/www.cudgel.de\/wp-content\/uploads\/2025\/04\/Art221923.jpg\",\"contentUrl\":\"https:\/\/www.cudgel.de\/wp-content\/uploads\/2025\/04\/Art221923.jpg\",\"width\":1000,\"height\":1000},{\"@type\":\"BreadcrumbList\",\"@id\":\"https:\/\/www.cudgel.de\/produkt\/immortal-bird-sin-querencia-cd\/#breadcrumb\",\"itemListElement\":[{\"@type\":\"ListItem\",\"position\":1,\"name\":\"Home\",\"item\":\"https:\/\/www.cudgel.de\/en\/\"},{\"@type\":\"ListItem\",\"position\":2,\"name\":\"Shop\",\"item\":\"https:\/\/www.cudgel.de\/en\/shop\/\"},{\"@type\":\"ListItem\",\"position\":3,\"name\":\"IMMORTAL BIRD &#8211; sin querencia CD\"}]},{\"@type\":\"WebSite\",\"@id\":\"https:\/\/www.cudgel.de\/#website\",\"url\":\"https:\/\/www.cudgel.de\/\",\"name\":\"cudgel | Der ultimative Metal Online Store\",\"description\":\"Eine weitere WordPress-Website\",\"publisher\":{\"@id\":\"https:\/\/www.cudgel.de\/#organization\"},\"potentialAction\":[{\"@type\":\"SearchAction\",\"target\":{\"@type\":\"EntryPoint\",\"urlTemplate\":\"https:\/\/www.cudgel.de\/?s={search_term_string}\"},\"query-input\":\"required name=search_term_string\"}],\"inLanguage\":\"en-US\"},{\"@type\":\"Organization\",\"@id\":\"https:\/\/www.cudgel.de\/#organization\",\"name\":\"cudgel | Der ultimative Metal Online Store\",\"url\":\"https:\/\/www.cudgel.de\/\",\"logo\":{\"@type\":\"ImageObject\",\"inLanguage\":\"en-US\",\"@id\":\"https:\/\/www.cudgel.de\/#\/schema\/logo\/image\/\",\"url\":\"https:\/\/www.cudgel.de\/wp-content\/uploads\/2024\/06\/cudgel-logo-neu-1-1400x419png.webp\",\"contentUrl\":\"https:\/\/www.cudgel.de\/wp-content\/uploads\/2024\/06\/cudgel-logo-neu-1-1400x419png.webp\",\"width\":1400,\"height\":419,\"caption\":\"cudgel | Der ultimative Metal Online Store\"},\"image\":{\"@id\":\"https:\/\/www.cudgel.de\/#\/schema\/logo\/image\/\"},\"sameAs\":[\"https:\/\/www.facebook.com\/CudgelVertrieb\"]}]}<\/script>\n<!-- \/ Yoast SEO plugin. -->","yoast_head_json":{"title":"IMMORTAL BIRD - sin querencia CD - cudgel | Der ultimative Metal Online Store","robots":{"index":"index","follow":"follow","max-snippet":"max-snippet:-1","max-image-preview":"max-image-preview:large","max-video-preview":"max-video-preview:-1"},"canonical":"https:\/\/www.cudgel.de\/produkt\/immortal-bird-sin-querencia-cd\/","og_locale":"en_US","og_type":"article","og_title":"IMMORTAL BIRD - sin querencia CD - cudgel | Der ultimative Metal Online Store","og_description":"Chicagos einzigartig ersch\u00fctternde und technisch grausame Chaos-Einheit Immortal Bird ist zur\u00fcck mit ihrem mit Spannung erwarteten dritten Album. Auf dem 2019er Album &#8220;Thrive on Neglect&#8221; man\u00f6vrierte sich die Band durch ein Amalgam von Kl\u00e4ngen, das sich zu einer verzerrten und kantigen Darbietung von vielschichtigen \u00c4ngsten entwickelte und nun als Sprungbrett f\u00fcr die weitere Entwicklung auf [...]","og_url":"https:\/\/www.cudgel.de\/produkt\/immortal-bird-sin-querencia-cd\/","og_site_name":"cudgel | Der ultimative Metal Online Store","article_publisher":"https:\/\/www.facebook.com\/CudgelVertrieb","article_modified_time":"2025-12-31T16:23:35+00:00","og_image":[{"width":1000,"height":1000,"url":"https:\/\/www.cudgel.de\/wp-content\/uploads\/2025\/04\/Art221923.jpg","type":"image\/jpeg"}],"twitter_card":"summary_large_image","twitter_misc":{"Est. reading time":"1 minute"},"schema":{"@context":"https:\/\/schema.org","@graph":[{"@type":"WebPage","@id":"https:\/\/www.cudgel.de\/produkt\/immortal-bird-sin-querencia-cd\/","url":"https:\/\/www.cudgel.de\/produkt\/immortal-bird-sin-querencia-cd\/","name":"IMMORTAL BIRD - sin querencia CD - cudgel | Der ultimative Metal Online Store","isPartOf":{"@id":"https:\/\/www.cudgel.de\/#website"},"primaryImageOfPage":{"@id":"https:\/\/www.cudgel.de\/produkt\/immortal-bird-sin-querencia-cd\/#primaryimage"},"image":{"@id":"https:\/\/www.cudgel.de\/produkt\/immortal-bird-sin-querencia-cd\/#primaryimage"},"thumbnailUrl":"https:\/\/www.cudgel.de\/wp-content\/uploads\/2025\/04\/Art221923.jpg","datePublished":"2025-04-04T11:05:15+00:00","dateModified":"2025-12-31T16:23:35+00:00","breadcrumb":{"@id":"https:\/\/www.cudgel.de\/produkt\/immortal-bird-sin-querencia-cd\/#breadcrumb"},"inLanguage":"en-US","potentialAction":[{"@type":"ReadAction","target":["https:\/\/www.cudgel.de\/produkt\/immortal-bird-sin-querencia-cd\/"]}]},{"@type":"ImageObject","inLanguage":"en-US","@id":"https:\/\/www.cudgel.de\/produkt\/immortal-bird-sin-querencia-cd\/#primaryimage","url":"https:\/\/www.cudgel.de\/wp-content\/uploads\/2025\/04\/Art221923.jpg","contentUrl":"https:\/\/www.cudgel.de\/wp-content\/uploads\/2025\/04\/Art221923.jpg","width":1000,"height":1000},{"@type":"BreadcrumbList","@id":"https:\/\/www.cudgel.de\/produkt\/immortal-bird-sin-querencia-cd\/#breadcrumb","itemListElement":[{"@type":"ListItem","position":1,"name":"Home","item":"https:\/\/www.cudgel.de\/en\/"},{"@type":"ListItem","position":2,"name":"Shop","item":"https:\/\/www.cudgel.de\/en\/shop\/"},{"@type":"ListItem","position":3,"name":"IMMORTAL BIRD &#8211; sin querencia CD"}]},{"@type":"WebSite","@id":"https:\/\/www.cudgel.de\/#website","url":"https:\/\/www.cudgel.de\/","name":"cudgel | Der ultimative Metal Online Store","description":"Eine weitere WordPress-Website","publisher":{"@id":"https:\/\/www.cudgel.de\/#organization"},"potentialAction":[{"@type":"SearchAction","target":{"@type":"EntryPoint","urlTemplate":"https:\/\/www.cudgel.de\/?s={search_term_string}"},"query-input":"required name=search_term_string"}],"inLanguage":"en-US"},{"@type":"Organization","@id":"https:\/\/www.cudgel.de\/#organization","name":"cudgel | Der ultimative Metal Online Store","url":"https:\/\/www.cudgel.de\/","logo":{"@type":"ImageObject","inLanguage":"en-US","@id":"https:\/\/www.cudgel.de\/#\/schema\/logo\/image\/","url":"https:\/\/www.cudgel.de\/wp-content\/uploads\/2024\/06\/cudgel-logo-neu-1-1400x419png.webp","contentUrl":"https:\/\/www.cudgel.de\/wp-content\/uploads\/2024\/06\/cudgel-logo-neu-1-1400x419png.webp","width":1400,"height":419,"caption":"cudgel | Der ultimative Metal Online Store"},"image":{"@id":"https:\/\/www.cudgel.de\/#\/schema\/logo\/image\/"},"sameAs":["https:\/\/www.facebook.com\/CudgelVertrieb"]}]}},"_links":{"self":[{"href":"https:\/\/www.cudgel.de\/en\/wp-json\/wp\/v2\/product\/2481481","targetHints":{"allow":["GET"]}}],"collection":[{"href":"https:\/\/www.cudgel.de\/en\/wp-json\/wp\/v2\/product"}],"about":[{"href":"https:\/\/www.cudgel.de\/en\/wp-json\/wp\/v2\/types\/product"}],"replies":[{"embeddable":true,"href":"https:\/\/www.cudgel.de\/en\/wp-json\/wp\/v2\/comments?post=2481481"}],"wp:featuredmedia":[{"embeddable":true,"href":"https:\/\/www.cudgel.de\/en\/wp-json\/wp\/v2\/media\/2481479"}],"wp:attachment":[{"href":"https:\/\/www.cudgel.de\/en\/wp-json\/wp\/v2\/media?parent=2481481"}],"wp:term":[{"taxonomy":"product_cat","embeddable":true,"href":"https:\/\/www.cudgel.de\/en\/wp-json\/wp\/v2\/product_cat?post=2481481"},{"taxonomy":"product_tag","embeddable":true,"href":"https:\/\/www.cudgel.de\/en\/wp-json\/wp\/v2\/product_tag?post=2481481"}],"curies":[{"name":"wp","href":"https:\/\/api.w.org\/{rel}","templated":true}]}}