{"id":2521788,"date":"2025-05-07T17:05:39","date_gmt":"2025-05-07T15:05:39","guid":{"rendered":"https:\/\/www.cudgel.de\/produkt\/massgrav-slowly-we-rock-cd\/"},"modified":"2026-03-26T09:11:40","modified_gmt":"2026-03-26T08:11:40","slug":"massgrav-slowly-we-rock-cd","status":"publish","type":"product","link":"https:\/\/www.cudgel.de\/en\/product\/massgrav-slowly-we-rock-cd\/","title":{"rendered":"MASSGRAV &#8211; slowly we rock CD"},"content":{"rendered":"<p>MASSGRAV, the rock&#8217;n&#8217;roll kings from the scandi thrash monarchy of Sweden are back with a bang! Hotter than hell. Colder than ice. Faster and more furious than ever before. &#8220;Slowly We Rock&#8221; is the band&#8217;s 4th full length and brings forth 21 songs of unrelenting hardcore\/punk\/thrash!<\/p>\n<p><strong>Tracks:<\/strong><\/p>\n<ol class=\"tracklisting\">\n<li>Br\u00e4nn \u00d6stermalm<\/li>\n<li>Gasen I Botten<\/li>\n<li>Inget J\u00e4vla Tingeltangel<\/li>\n<li>N\u00e4r Antikrundan Kommer Till Stan<\/li>\n<li>Krossa Noblessen<\/li>\n<li>Hetsjakt P\u00e5 Sverigedemokrater<\/li>\n<li>H\u00f6j Skatten<\/li>\n<li>Ebba Braun Thor &#8211; She Wolf Of The SD<\/li>\n<li>Snut En Skjut<\/li>\n<li>K\u00e4lla: Feeling<\/li>\n<li>Ditt Alldeles Livegna Liv<\/li>\n<li>Enad Front Mot Idioter<\/li>\n<li>Nu \u00c4r Svinen Vid Makten Igen<\/li>\n<li>H\u00e5rda J\u00e4vla Snutkukar<\/li>\n<li>Man \u00c4r V\u00e4l Ingen J\u00e4vla Ekonom<\/li>\n<li>H\u00f6g P\u00e5 Livet<\/li>\n<li>Sista Dan P\u00e5 Jobbet<\/li>\n<li>Det Finns Ingen R\u00e4ttvisa<\/li>\n<li>Lagen \u00c4r Till Salu<\/li>\n<li>Buhuhu<\/li>\n<li>\u00c4r Det Konstigt?<\/li>\n<\/ol>\n<p><strong>Genres:<\/strong> Grindcore, Punk, Crust<\/p>\n<p> <strong>Label:<\/strong> Selfmadegod Records<\/p>\n<p> <strong>Erscheinungsjahr:<\/strong> 2022<\/p>\n<p> <strong>K\u00fcnstler:<\/strong> MASSGRAV<\/p>\n<p> <strong>Format:<\/strong> CD<\/p>\n<p> <strong>EAN:<\/strong> 5907996084401<\/p>\n<p><strong>GPSR Information:<\/strong><br \/>Manufacturer:<br \/>\nSelfmadegod Records<br \/>\nGrzybowa 13a, 21500  Biala Podl, Poland<br \/>\nkarol(at)selfmadegod.com<\/p>\n","protected":false},"excerpt":{"rendered":"<p>MASSGRAV, the rock&#8217;n&#8217;roll kings from the scandi thrash monarchy of Sweden are back with a bang! Hotter than hell. Colder than ice. Faster and more furious than ever before. &#8220;Slowly We Rock&#8221; is the band&#8217;s 4th full length and brings forth 21 songs of unrelenting hardcore\/punk\/thrash! Tracks: Br\u00e4nn \u00d6stermalm Gasen I Botten Inget J\u00e4vla Tingeltangel [&#8230;]\n","protected":false},"featured_media":2521786,"comment_status":"open","ping_status":"closed","template":"","meta":[],"product_cat":[458],"product_tag":[],"class_list":{"0":"post-2521788","1":"product","2":"type-product","3":"status-publish","4":"has-post-thumbnail","6":"product_cat-cd-m","7":"pa_band-massgrav","8":"pa_productgenre-crust","9":"pa_productgenre-grindcore","10":"pa_productgenre-punk","11":"pa_productlabel-selfmadegod-records","13":"first","14":"instock","15":"taxable","16":"shipping-taxable","17":"purchasable","18":"product-type-simple"},"yoast_head":"<!-- This site is optimized with the Yoast SEO plugin v22.9 - https:\/\/yoast.com\/wordpress\/plugins\/seo\/ -->\n<title>MASSGRAV - slowly we rock CD - cudgel | Der ultimative Metal Online Store<\/title>\n<meta name=\"robots\" content=\"index, follow, max-snippet:-1, max-image-preview:large, max-video-preview:-1\" \/>\n<link rel=\"canonical\" href=\"https:\/\/www.cudgel.de\/produkt\/massgrav-slowly-we-rock-cd\/\" \/>\n<meta property=\"og:locale\" content=\"en_US\" \/>\n<meta property=\"og:type\" content=\"article\" \/>\n<meta property=\"og:title\" content=\"MASSGRAV - slowly we rock CD - cudgel | Der ultimative Metal Online Store\" \/>\n<meta property=\"og:description\" content=\"MASSGRAV, the rock&#8217;n&#8217;roll kings from the scandi thrash monarchy of Sweden are back with a bang! Hotter than hell. Colder than ice. Faster and more furious than ever before. &#8220;Slowly We Rock&#8221; is the band&#8217;s 4th full length and brings forth 21 songs of unrelenting hardcore\/punk\/thrash! Tracks: Br\u00e4nn \u00d6stermalm Gasen I Botten Inget J\u00e4vla Tingeltangel [...]\" \/>\n<meta property=\"og:url\" content=\"https:\/\/www.cudgel.de\/produkt\/massgrav-slowly-we-rock-cd\/\" \/>\n<meta property=\"og:site_name\" content=\"cudgel | Der ultimative Metal Online Store\" \/>\n<meta property=\"article:publisher\" content=\"https:\/\/www.facebook.com\/CudgelVertrieb\" \/>\n<meta property=\"article:modified_time\" content=\"2026-03-26T08:11:40+00:00\" \/>\n<meta property=\"og:image\" content=\"https:\/\/www.cudgel.de\/wp-content\/uploads\/2025\/05\/Art220408.jpg\" \/>\n\t<meta property=\"og:image:width\" content=\"1000\" \/>\n\t<meta property=\"og:image:height\" content=\"1000\" \/>\n\t<meta property=\"og:image:type\" content=\"image\/jpeg\" \/>\n<meta name=\"twitter:card\" content=\"summary_large_image\" \/>\n<meta name=\"twitter:label1\" content=\"Est. reading time\" \/>\n\t<meta name=\"twitter:data1\" content=\"1 minute\" \/>\n<script type=\"application\/ld+json\" class=\"yoast-schema-graph\">{\"@context\":\"https:\/\/schema.org\",\"@graph\":[{\"@type\":\"WebPage\",\"@id\":\"https:\/\/www.cudgel.de\/produkt\/massgrav-slowly-we-rock-cd\/\",\"url\":\"https:\/\/www.cudgel.de\/produkt\/massgrav-slowly-we-rock-cd\/\",\"name\":\"MASSGRAV - slowly we rock CD - cudgel | Der ultimative Metal Online Store\",\"isPartOf\":{\"@id\":\"https:\/\/www.cudgel.de\/#website\"},\"primaryImageOfPage\":{\"@id\":\"https:\/\/www.cudgel.de\/produkt\/massgrav-slowly-we-rock-cd\/#primaryimage\"},\"image\":{\"@id\":\"https:\/\/www.cudgel.de\/produkt\/massgrav-slowly-we-rock-cd\/#primaryimage\"},\"thumbnailUrl\":\"https:\/\/www.cudgel.de\/wp-content\/uploads\/2025\/05\/Art220408.jpg\",\"datePublished\":\"2025-05-07T15:05:39+00:00\",\"dateModified\":\"2026-03-26T08:11:40+00:00\",\"breadcrumb\":{\"@id\":\"https:\/\/www.cudgel.de\/produkt\/massgrav-slowly-we-rock-cd\/#breadcrumb\"},\"inLanguage\":\"en-US\",\"potentialAction\":[{\"@type\":\"ReadAction\",\"target\":[\"https:\/\/www.cudgel.de\/produkt\/massgrav-slowly-we-rock-cd\/\"]}]},{\"@type\":\"ImageObject\",\"inLanguage\":\"en-US\",\"@id\":\"https:\/\/www.cudgel.de\/produkt\/massgrav-slowly-we-rock-cd\/#primaryimage\",\"url\":\"https:\/\/www.cudgel.de\/wp-content\/uploads\/2025\/05\/Art220408.jpg\",\"contentUrl\":\"https:\/\/www.cudgel.de\/wp-content\/uploads\/2025\/05\/Art220408.jpg\",\"width\":1000,\"height\":1000},{\"@type\":\"BreadcrumbList\",\"@id\":\"https:\/\/www.cudgel.de\/produkt\/massgrav-slowly-we-rock-cd\/#breadcrumb\",\"itemListElement\":[{\"@type\":\"ListItem\",\"position\":1,\"name\":\"Home\",\"item\":\"https:\/\/www.cudgel.de\/en\/\"},{\"@type\":\"ListItem\",\"position\":2,\"name\":\"Shop\",\"item\":\"https:\/\/www.cudgel.de\/en\/shop\/\"},{\"@type\":\"ListItem\",\"position\":3,\"name\":\"MASSGRAV &#8211; slowly we rock CD\"}]},{\"@type\":\"WebSite\",\"@id\":\"https:\/\/www.cudgel.de\/#website\",\"url\":\"https:\/\/www.cudgel.de\/\",\"name\":\"cudgel | Der ultimative Metal Online Store\",\"description\":\"Eine weitere WordPress-Website\",\"publisher\":{\"@id\":\"https:\/\/www.cudgel.de\/#organization\"},\"potentialAction\":[{\"@type\":\"SearchAction\",\"target\":{\"@type\":\"EntryPoint\",\"urlTemplate\":\"https:\/\/www.cudgel.de\/?s={search_term_string}\"},\"query-input\":\"required name=search_term_string\"}],\"inLanguage\":\"en-US\"},{\"@type\":\"Organization\",\"@id\":\"https:\/\/www.cudgel.de\/#organization\",\"name\":\"cudgel | Der ultimative Metal Online Store\",\"url\":\"https:\/\/www.cudgel.de\/\",\"logo\":{\"@type\":\"ImageObject\",\"inLanguage\":\"en-US\",\"@id\":\"https:\/\/www.cudgel.de\/#\/schema\/logo\/image\/\",\"url\":\"https:\/\/www.cudgel.de\/wp-content\/uploads\/2024\/06\/cudgel-logo-neu-1-1400x419png.webp\",\"contentUrl\":\"https:\/\/www.cudgel.de\/wp-content\/uploads\/2024\/06\/cudgel-logo-neu-1-1400x419png.webp\",\"width\":1400,\"height\":419,\"caption\":\"cudgel | Der ultimative Metal Online Store\"},\"image\":{\"@id\":\"https:\/\/www.cudgel.de\/#\/schema\/logo\/image\/\"},\"sameAs\":[\"https:\/\/www.facebook.com\/CudgelVertrieb\"]}]}<\/script>\n<!-- \/ Yoast SEO plugin. -->","yoast_head_json":{"title":"MASSGRAV - slowly we rock CD - cudgel | Der ultimative Metal Online Store","robots":{"index":"index","follow":"follow","max-snippet":"max-snippet:-1","max-image-preview":"max-image-preview:large","max-video-preview":"max-video-preview:-1"},"canonical":"https:\/\/www.cudgel.de\/produkt\/massgrav-slowly-we-rock-cd\/","og_locale":"en_US","og_type":"article","og_title":"MASSGRAV - slowly we rock CD - cudgel | Der ultimative Metal Online Store","og_description":"MASSGRAV, the rock&#8217;n&#8217;roll kings from the scandi thrash monarchy of Sweden are back with a bang! Hotter than hell. Colder than ice. Faster and more furious than ever before. &#8220;Slowly We Rock&#8221; is the band&#8217;s 4th full length and brings forth 21 songs of unrelenting hardcore\/punk\/thrash! Tracks: Br\u00e4nn \u00d6stermalm Gasen I Botten Inget J\u00e4vla Tingeltangel [...]","og_url":"https:\/\/www.cudgel.de\/produkt\/massgrav-slowly-we-rock-cd\/","og_site_name":"cudgel | Der ultimative Metal Online Store","article_publisher":"https:\/\/www.facebook.com\/CudgelVertrieb","article_modified_time":"2026-03-26T08:11:40+00:00","og_image":[{"width":1000,"height":1000,"url":"https:\/\/www.cudgel.de\/wp-content\/uploads\/2025\/05\/Art220408.jpg","type":"image\/jpeg"}],"twitter_card":"summary_large_image","twitter_misc":{"Est. reading time":"1 minute"},"schema":{"@context":"https:\/\/schema.org","@graph":[{"@type":"WebPage","@id":"https:\/\/www.cudgel.de\/produkt\/massgrav-slowly-we-rock-cd\/","url":"https:\/\/www.cudgel.de\/produkt\/massgrav-slowly-we-rock-cd\/","name":"MASSGRAV - slowly we rock CD - cudgel | Der ultimative Metal Online Store","isPartOf":{"@id":"https:\/\/www.cudgel.de\/#website"},"primaryImageOfPage":{"@id":"https:\/\/www.cudgel.de\/produkt\/massgrav-slowly-we-rock-cd\/#primaryimage"},"image":{"@id":"https:\/\/www.cudgel.de\/produkt\/massgrav-slowly-we-rock-cd\/#primaryimage"},"thumbnailUrl":"https:\/\/www.cudgel.de\/wp-content\/uploads\/2025\/05\/Art220408.jpg","datePublished":"2025-05-07T15:05:39+00:00","dateModified":"2026-03-26T08:11:40+00:00","breadcrumb":{"@id":"https:\/\/www.cudgel.de\/produkt\/massgrav-slowly-we-rock-cd\/#breadcrumb"},"inLanguage":"en-US","potentialAction":[{"@type":"ReadAction","target":["https:\/\/www.cudgel.de\/produkt\/massgrav-slowly-we-rock-cd\/"]}]},{"@type":"ImageObject","inLanguage":"en-US","@id":"https:\/\/www.cudgel.de\/produkt\/massgrav-slowly-we-rock-cd\/#primaryimage","url":"https:\/\/www.cudgel.de\/wp-content\/uploads\/2025\/05\/Art220408.jpg","contentUrl":"https:\/\/www.cudgel.de\/wp-content\/uploads\/2025\/05\/Art220408.jpg","width":1000,"height":1000},{"@type":"BreadcrumbList","@id":"https:\/\/www.cudgel.de\/produkt\/massgrav-slowly-we-rock-cd\/#breadcrumb","itemListElement":[{"@type":"ListItem","position":1,"name":"Home","item":"https:\/\/www.cudgel.de\/en\/"},{"@type":"ListItem","position":2,"name":"Shop","item":"https:\/\/www.cudgel.de\/en\/shop\/"},{"@type":"ListItem","position":3,"name":"MASSGRAV &#8211; slowly we rock CD"}]},{"@type":"WebSite","@id":"https:\/\/www.cudgel.de\/#website","url":"https:\/\/www.cudgel.de\/","name":"cudgel | Der ultimative Metal Online Store","description":"Eine weitere WordPress-Website","publisher":{"@id":"https:\/\/www.cudgel.de\/#organization"},"potentialAction":[{"@type":"SearchAction","target":{"@type":"EntryPoint","urlTemplate":"https:\/\/www.cudgel.de\/?s={search_term_string}"},"query-input":"required name=search_term_string"}],"inLanguage":"en-US"},{"@type":"Organization","@id":"https:\/\/www.cudgel.de\/#organization","name":"cudgel | Der ultimative Metal Online Store","url":"https:\/\/www.cudgel.de\/","logo":{"@type":"ImageObject","inLanguage":"en-US","@id":"https:\/\/www.cudgel.de\/#\/schema\/logo\/image\/","url":"https:\/\/www.cudgel.de\/wp-content\/uploads\/2024\/06\/cudgel-logo-neu-1-1400x419png.webp","contentUrl":"https:\/\/www.cudgel.de\/wp-content\/uploads\/2024\/06\/cudgel-logo-neu-1-1400x419png.webp","width":1400,"height":419,"caption":"cudgel | Der ultimative Metal Online Store"},"image":{"@id":"https:\/\/www.cudgel.de\/#\/schema\/logo\/image\/"},"sameAs":["https:\/\/www.facebook.com\/CudgelVertrieb"]}]}},"_links":{"self":[{"href":"https:\/\/www.cudgel.de\/en\/wp-json\/wp\/v2\/product\/2521788","targetHints":{"allow":["GET"]}}],"collection":[{"href":"https:\/\/www.cudgel.de\/en\/wp-json\/wp\/v2\/product"}],"about":[{"href":"https:\/\/www.cudgel.de\/en\/wp-json\/wp\/v2\/types\/product"}],"replies":[{"embeddable":true,"href":"https:\/\/www.cudgel.de\/en\/wp-json\/wp\/v2\/comments?post=2521788"}],"wp:featuredmedia":[{"embeddable":true,"href":"https:\/\/www.cudgel.de\/en\/wp-json\/wp\/v2\/media\/2521786"}],"wp:attachment":[{"href":"https:\/\/www.cudgel.de\/en\/wp-json\/wp\/v2\/media?parent=2521788"}],"wp:term":[{"taxonomy":"product_cat","embeddable":true,"href":"https:\/\/www.cudgel.de\/en\/wp-json\/wp\/v2\/product_cat?post=2521788"},{"taxonomy":"product_tag","embeddable":true,"href":"https:\/\/www.cudgel.de\/en\/wp-json\/wp\/v2\/product_tag?post=2521788"}],"curies":[{"name":"wp","href":"https:\/\/api.w.org\/{rel}","templated":true}]}}