{"id":2528826,"date":"2025-05-13T15:16:31","date_gmt":"2025-05-13T13:16:31","guid":{"rendered":"https:\/\/www.cudgel.de\/produkt\/scalpture-landkrieg-lp-red-black-marble\/"},"modified":"2025-12-31T18:13:53","modified_gmt":"2025-12-31T17:13:53","slug":"scalpture-landkrieg-lp-red-black-marble","status":"publish","type":"product","link":"https:\/\/www.cudgel.de\/en\/product\/scalpture-landkrieg-lp-red-black-marble\/","title":{"rendered":"SCALPTURE &#8211; landkrieg LP red black marble"},"content":{"rendered":"<p>LP (rot und schwarz marbled ) inkl. zweiseitigem Einleger, gef\u00fctterter Innenh\u00fclle und Schutzh\u00fclle (200 St\u00fcck erh\u00e4ltlich) <\/p>\n<p>Der deutsche Todespanzer zermalmt zum vierten Mal jeden Widerstand und durchbricht musikalische Grenzen. SCALPTURE feuern auf &#8220;Landkrieg&#8221; mit t\u00f6dlicher Pr\u00e4zision aus allen Rohren und folgen ihrem ehrgeizigen Einsatzziel: Die Welt mit Death Metal zu erobern. Das neue Album besch\u00e4ftigt sich nicht nur mit der \u00fcblichen Kriegsthematik, sondern die Songs von &#8220;Landkrieg&#8221; kreisen um den 30-j\u00e4hrigen Krieg, der die deutschen Lande von 1618 bis 1648 verw\u00fcstete und noch bis heute pr\u00e4gt. Auf &#8220;Landkrieg&#8221; bleiben SCALPTURE ihren t\u00f6dlichen Wurzeln treu, aber der Schliff durch die endlosen Stunden auf Tour, zahlreiche Shows und viele Tage und N\u00e4chte sowohl im Proberaum als auch im Hellforge Studio haben ihren Sound h\u00f6rbar nachgesch\u00e4rft. Die neuen Songs sind brachial, hammerhart und 100% Death Metal, aber sie lassen auch Raum f\u00fcr Abwechslung und spannende Wendungen. Als SCALPTURE im Jahr 2009 in Bielefeld ins Leben gerufen wurden, hatte Gitarrist Felix Marbach als Gr\u00fcnder bereits eine klare Vision: Die musikalische Ausrichtung sollte kompromisslos dem klassischen Death Metal folgen, aber gleichzeitig sollte die Band in jeder Hinsicht ihren eigenen Stil entwickeln. Alle bisherigen Albumtitel von SCALPTURE beziehen sich auf den Krieg, den die Band zu ihrem wichtigsten lyrischen Thema gemacht hat. Ohne Glorifizierung und Stereotypen, st\u00fctzen sich die Texte auf detaillierte historische Recherchen und schildern die Schrecken des Krieges, der viele L\u00e4nder dieser Welt bereits in den Abgrund gerissen hat. Trotz ihres Themas vertreten SCALPTURE moderne Werte wie Toleranz, Frieden und Vernunft. SCALPTURE entfesseln einen neuen musikalischen &#8220;Landkrieg\u0093 und lassen der Welt nur zwei M\u00f6glichkeiten: Kapitulation oder die Sch\u00e4del sch\u00fctteln!<\/p>\n<p><strong>Tracks:<\/strong><\/p>\n<ol class=\"tracklisting\">\n<li>The Fall &#8230;<\/li>\n<li>Into Catastrophe<\/li>\n<li>Til jeret undergang<\/li>\n<li>Landsknecht<\/li>\n<li>Wallenstein<\/li>\n<li>Den m\u00f6rka nattens lejon<\/li>\n<li>Of Siege and Besieged<\/li>\n<li>Schwedentrunk<\/li>\n<li>Hell&#8217;s Choirs Chant<\/li>\n<li>Bellum se ipsum alet<\/li>\n<\/ol>\n<p><strong>Genres:<\/strong> Death Metal<\/p>\n<p><strong>GPSR Information:<\/strong><br \/>Manufacturer:<br \/>\nWeltnetz S.\u00e0r.l. \/ Testimony Records<br \/>\n40-42 Grand Rue, 6630 Wasserbillig, Luxemburg<br \/>\npost(at)spkr.media<\/p>\n","protected":false},"excerpt":{"rendered":"<p>LP (rot und schwarz marbled ) inkl. zweiseitigem Einleger, gef\u00fctterter Innenh\u00fclle und Schutzh\u00fclle (200 St\u00fcck erh\u00e4ltlich) Der deutsche Todespanzer zermalmt zum vierten Mal jeden Widerstand und durchbricht musikalische Grenzen. SCALPTURE feuern auf &#8220;Landkrieg&#8221; mit t\u00f6dlicher Pr\u00e4zision aus allen Rohren und folgen ihrem ehrgeizigen Einsatzziel: Die Welt mit Death Metal zu erobern. Das neue Album besch\u00e4ftigt [&#8230;]\n","protected":false},"featured_media":2528824,"comment_status":"open","ping_status":"closed","template":"","meta":[],"product_cat":[441],"product_tag":[],"class_list":{"0":"post-2528826","1":"product","2":"type-product","3":"status-publish","4":"has-post-thumbnail","6":"product_cat-vinyl-s","7":"pa_band-scalpture","8":"pa_productgenre-death-metal","9":"pa_productlabel-testimony-records","11":"first","12":"instock","13":"taxable","14":"shipping-taxable","15":"purchasable","16":"product-type-simple"},"yoast_head":"<!-- This site is optimized with the Yoast SEO plugin v22.9 - https:\/\/yoast.com\/wordpress\/plugins\/seo\/ -->\n<title>SCALPTURE - landkrieg LP red black marble - cudgel | Der ultimative Metal Online Store<\/title>\n<meta name=\"robots\" content=\"index, follow, max-snippet:-1, max-image-preview:large, max-video-preview:-1\" \/>\n<link rel=\"canonical\" href=\"https:\/\/www.cudgel.de\/produkt\/scalpture-landkrieg-lp-red-black-marble\/\" \/>\n<meta property=\"og:locale\" content=\"en_US\" \/>\n<meta property=\"og:type\" content=\"article\" \/>\n<meta property=\"og:title\" content=\"SCALPTURE - landkrieg LP red black marble - cudgel | Der ultimative Metal Online Store\" \/>\n<meta property=\"og:description\" content=\"LP (rot und schwarz marbled ) inkl. zweiseitigem Einleger, gef\u00fctterter Innenh\u00fclle und Schutzh\u00fclle (200 St\u00fcck erh\u00e4ltlich) Der deutsche Todespanzer zermalmt zum vierten Mal jeden Widerstand und durchbricht musikalische Grenzen. SCALPTURE feuern auf &#8220;Landkrieg&#8221; mit t\u00f6dlicher Pr\u00e4zision aus allen Rohren und folgen ihrem ehrgeizigen Einsatzziel: Die Welt mit Death Metal zu erobern. Das neue Album besch\u00e4ftigt [...]\" \/>\n<meta property=\"og:url\" content=\"https:\/\/www.cudgel.de\/produkt\/scalpture-landkrieg-lp-red-black-marble\/\" \/>\n<meta property=\"og:site_name\" content=\"cudgel | Der ultimative Metal Online Store\" \/>\n<meta property=\"article:publisher\" content=\"https:\/\/www.facebook.com\/CudgelVertrieb\" \/>\n<meta property=\"article:modified_time\" content=\"2025-12-31T17:13:53+00:00\" \/>\n<meta property=\"og:image\" content=\"https:\/\/www.cudgel.de\/wp-content\/uploads\/2025\/05\/Art110506.jpg\" \/>\n\t<meta property=\"og:image:width\" content=\"1000\" \/>\n\t<meta property=\"og:image:height\" content=\"1000\" \/>\n\t<meta property=\"og:image:type\" content=\"image\/jpeg\" \/>\n<meta name=\"twitter:card\" content=\"summary_large_image\" \/>\n<meta name=\"twitter:label1\" content=\"Est. reading time\" \/>\n\t<meta name=\"twitter:data1\" content=\"2 minutes\" \/>\n<script type=\"application\/ld+json\" class=\"yoast-schema-graph\">{\"@context\":\"https:\/\/schema.org\",\"@graph\":[{\"@type\":\"WebPage\",\"@id\":\"https:\/\/www.cudgel.de\/produkt\/scalpture-landkrieg-lp-red-black-marble\/\",\"url\":\"https:\/\/www.cudgel.de\/produkt\/scalpture-landkrieg-lp-red-black-marble\/\",\"name\":\"SCALPTURE - landkrieg LP red black marble - cudgel | Der ultimative Metal Online Store\",\"isPartOf\":{\"@id\":\"https:\/\/www.cudgel.de\/#website\"},\"primaryImageOfPage\":{\"@id\":\"https:\/\/www.cudgel.de\/produkt\/scalpture-landkrieg-lp-red-black-marble\/#primaryimage\"},\"image\":{\"@id\":\"https:\/\/www.cudgel.de\/produkt\/scalpture-landkrieg-lp-red-black-marble\/#primaryimage\"},\"thumbnailUrl\":\"https:\/\/www.cudgel.de\/wp-content\/uploads\/2025\/05\/Art110506.jpg\",\"datePublished\":\"2025-05-13T13:16:31+00:00\",\"dateModified\":\"2025-12-31T17:13:53+00:00\",\"breadcrumb\":{\"@id\":\"https:\/\/www.cudgel.de\/produkt\/scalpture-landkrieg-lp-red-black-marble\/#breadcrumb\"},\"inLanguage\":\"en-US\",\"potentialAction\":[{\"@type\":\"ReadAction\",\"target\":[\"https:\/\/www.cudgel.de\/produkt\/scalpture-landkrieg-lp-red-black-marble\/\"]}]},{\"@type\":\"ImageObject\",\"inLanguage\":\"en-US\",\"@id\":\"https:\/\/www.cudgel.de\/produkt\/scalpture-landkrieg-lp-red-black-marble\/#primaryimage\",\"url\":\"https:\/\/www.cudgel.de\/wp-content\/uploads\/2025\/05\/Art110506.jpg\",\"contentUrl\":\"https:\/\/www.cudgel.de\/wp-content\/uploads\/2025\/05\/Art110506.jpg\",\"width\":1000,\"height\":1000},{\"@type\":\"BreadcrumbList\",\"@id\":\"https:\/\/www.cudgel.de\/produkt\/scalpture-landkrieg-lp-red-black-marble\/#breadcrumb\",\"itemListElement\":[{\"@type\":\"ListItem\",\"position\":1,\"name\":\"Home\",\"item\":\"https:\/\/www.cudgel.de\/en\/\"},{\"@type\":\"ListItem\",\"position\":2,\"name\":\"Shop\",\"item\":\"https:\/\/www.cudgel.de\/en\/shop\/\"},{\"@type\":\"ListItem\",\"position\":3,\"name\":\"SCALPTURE &#8211; landkrieg LP red black marble\"}]},{\"@type\":\"WebSite\",\"@id\":\"https:\/\/www.cudgel.de\/#website\",\"url\":\"https:\/\/www.cudgel.de\/\",\"name\":\"cudgel | Der ultimative Metal Online Store\",\"description\":\"Eine weitere WordPress-Website\",\"publisher\":{\"@id\":\"https:\/\/www.cudgel.de\/#organization\"},\"potentialAction\":[{\"@type\":\"SearchAction\",\"target\":{\"@type\":\"EntryPoint\",\"urlTemplate\":\"https:\/\/www.cudgel.de\/?s={search_term_string}\"},\"query-input\":\"required name=search_term_string\"}],\"inLanguage\":\"en-US\"},{\"@type\":\"Organization\",\"@id\":\"https:\/\/www.cudgel.de\/#organization\",\"name\":\"cudgel | Der ultimative Metal Online Store\",\"url\":\"https:\/\/www.cudgel.de\/\",\"logo\":{\"@type\":\"ImageObject\",\"inLanguage\":\"en-US\",\"@id\":\"https:\/\/www.cudgel.de\/#\/schema\/logo\/image\/\",\"url\":\"https:\/\/www.cudgel.de\/wp-content\/uploads\/2024\/06\/cudgel-logo-neu-1-1400x419png.webp\",\"contentUrl\":\"https:\/\/www.cudgel.de\/wp-content\/uploads\/2024\/06\/cudgel-logo-neu-1-1400x419png.webp\",\"width\":1400,\"height\":419,\"caption\":\"cudgel | Der ultimative Metal Online Store\"},\"image\":{\"@id\":\"https:\/\/www.cudgel.de\/#\/schema\/logo\/image\/\"},\"sameAs\":[\"https:\/\/www.facebook.com\/CudgelVertrieb\"]}]}<\/script>\n<!-- \/ Yoast SEO plugin. -->","yoast_head_json":{"title":"SCALPTURE - landkrieg LP red black marble - cudgel | Der ultimative Metal Online Store","robots":{"index":"index","follow":"follow","max-snippet":"max-snippet:-1","max-image-preview":"max-image-preview:large","max-video-preview":"max-video-preview:-1"},"canonical":"https:\/\/www.cudgel.de\/produkt\/scalpture-landkrieg-lp-red-black-marble\/","og_locale":"en_US","og_type":"article","og_title":"SCALPTURE - landkrieg LP red black marble - cudgel | Der ultimative Metal Online Store","og_description":"LP (rot und schwarz marbled ) inkl. zweiseitigem Einleger, gef\u00fctterter Innenh\u00fclle und Schutzh\u00fclle (200 St\u00fcck erh\u00e4ltlich) Der deutsche Todespanzer zermalmt zum vierten Mal jeden Widerstand und durchbricht musikalische Grenzen. SCALPTURE feuern auf &#8220;Landkrieg&#8221; mit t\u00f6dlicher Pr\u00e4zision aus allen Rohren und folgen ihrem ehrgeizigen Einsatzziel: Die Welt mit Death Metal zu erobern. Das neue Album besch\u00e4ftigt [...]","og_url":"https:\/\/www.cudgel.de\/produkt\/scalpture-landkrieg-lp-red-black-marble\/","og_site_name":"cudgel | Der ultimative Metal Online Store","article_publisher":"https:\/\/www.facebook.com\/CudgelVertrieb","article_modified_time":"2025-12-31T17:13:53+00:00","og_image":[{"width":1000,"height":1000,"url":"https:\/\/www.cudgel.de\/wp-content\/uploads\/2025\/05\/Art110506.jpg","type":"image\/jpeg"}],"twitter_card":"summary_large_image","twitter_misc":{"Est. reading time":"2 minutes"},"schema":{"@context":"https:\/\/schema.org","@graph":[{"@type":"WebPage","@id":"https:\/\/www.cudgel.de\/produkt\/scalpture-landkrieg-lp-red-black-marble\/","url":"https:\/\/www.cudgel.de\/produkt\/scalpture-landkrieg-lp-red-black-marble\/","name":"SCALPTURE - landkrieg LP red black marble - cudgel | Der ultimative Metal Online Store","isPartOf":{"@id":"https:\/\/www.cudgel.de\/#website"},"primaryImageOfPage":{"@id":"https:\/\/www.cudgel.de\/produkt\/scalpture-landkrieg-lp-red-black-marble\/#primaryimage"},"image":{"@id":"https:\/\/www.cudgel.de\/produkt\/scalpture-landkrieg-lp-red-black-marble\/#primaryimage"},"thumbnailUrl":"https:\/\/www.cudgel.de\/wp-content\/uploads\/2025\/05\/Art110506.jpg","datePublished":"2025-05-13T13:16:31+00:00","dateModified":"2025-12-31T17:13:53+00:00","breadcrumb":{"@id":"https:\/\/www.cudgel.de\/produkt\/scalpture-landkrieg-lp-red-black-marble\/#breadcrumb"},"inLanguage":"en-US","potentialAction":[{"@type":"ReadAction","target":["https:\/\/www.cudgel.de\/produkt\/scalpture-landkrieg-lp-red-black-marble\/"]}]},{"@type":"ImageObject","inLanguage":"en-US","@id":"https:\/\/www.cudgel.de\/produkt\/scalpture-landkrieg-lp-red-black-marble\/#primaryimage","url":"https:\/\/www.cudgel.de\/wp-content\/uploads\/2025\/05\/Art110506.jpg","contentUrl":"https:\/\/www.cudgel.de\/wp-content\/uploads\/2025\/05\/Art110506.jpg","width":1000,"height":1000},{"@type":"BreadcrumbList","@id":"https:\/\/www.cudgel.de\/produkt\/scalpture-landkrieg-lp-red-black-marble\/#breadcrumb","itemListElement":[{"@type":"ListItem","position":1,"name":"Home","item":"https:\/\/www.cudgel.de\/en\/"},{"@type":"ListItem","position":2,"name":"Shop","item":"https:\/\/www.cudgel.de\/en\/shop\/"},{"@type":"ListItem","position":3,"name":"SCALPTURE &#8211; landkrieg LP red black marble"}]},{"@type":"WebSite","@id":"https:\/\/www.cudgel.de\/#website","url":"https:\/\/www.cudgel.de\/","name":"cudgel | Der ultimative Metal Online Store","description":"Eine weitere WordPress-Website","publisher":{"@id":"https:\/\/www.cudgel.de\/#organization"},"potentialAction":[{"@type":"SearchAction","target":{"@type":"EntryPoint","urlTemplate":"https:\/\/www.cudgel.de\/?s={search_term_string}"},"query-input":"required name=search_term_string"}],"inLanguage":"en-US"},{"@type":"Organization","@id":"https:\/\/www.cudgel.de\/#organization","name":"cudgel | Der ultimative Metal Online Store","url":"https:\/\/www.cudgel.de\/","logo":{"@type":"ImageObject","inLanguage":"en-US","@id":"https:\/\/www.cudgel.de\/#\/schema\/logo\/image\/","url":"https:\/\/www.cudgel.de\/wp-content\/uploads\/2024\/06\/cudgel-logo-neu-1-1400x419png.webp","contentUrl":"https:\/\/www.cudgel.de\/wp-content\/uploads\/2024\/06\/cudgel-logo-neu-1-1400x419png.webp","width":1400,"height":419,"caption":"cudgel | Der ultimative Metal Online Store"},"image":{"@id":"https:\/\/www.cudgel.de\/#\/schema\/logo\/image\/"},"sameAs":["https:\/\/www.facebook.com\/CudgelVertrieb"]}]}},"_links":{"self":[{"href":"https:\/\/www.cudgel.de\/en\/wp-json\/wp\/v2\/product\/2528826","targetHints":{"allow":["GET"]}}],"collection":[{"href":"https:\/\/www.cudgel.de\/en\/wp-json\/wp\/v2\/product"}],"about":[{"href":"https:\/\/www.cudgel.de\/en\/wp-json\/wp\/v2\/types\/product"}],"replies":[{"embeddable":true,"href":"https:\/\/www.cudgel.de\/en\/wp-json\/wp\/v2\/comments?post=2528826"}],"wp:featuredmedia":[{"embeddable":true,"href":"https:\/\/www.cudgel.de\/en\/wp-json\/wp\/v2\/media\/2528824"}],"wp:attachment":[{"href":"https:\/\/www.cudgel.de\/en\/wp-json\/wp\/v2\/media?parent=2528826"}],"wp:term":[{"taxonomy":"product_cat","embeddable":true,"href":"https:\/\/www.cudgel.de\/en\/wp-json\/wp\/v2\/product_cat?post=2528826"},{"taxonomy":"product_tag","embeddable":true,"href":"https:\/\/www.cudgel.de\/en\/wp-json\/wp\/v2\/product_tag?post=2528826"}],"curies":[{"name":"wp","href":"https:\/\/api.w.org\/{rel}","templated":true}]}}