{"id":2553634,"date":"2025-06-02T16:20:00","date_gmt":"2025-06-02T14:20:00","guid":{"rendered":"https:\/\/www.cudgel.de\/produkt\/grafjammer-de-tyfus-de-teerling-digicd\/"},"modified":"2026-01-13T10:48:08","modified_gmt":"2026-01-13T09:48:08","slug":"grafjammer-de-tyfus-de-teerling-digicd","status":"publish","type":"product","link":"https:\/\/www.cudgel.de\/en\/product\/grafjammer-de-tyfus-de-teerling-digicd\/","title":{"rendered":"GRAFJAMMER &#8211; de tyfus de teerling DigiCD"},"content":{"rendered":"<p>Die Niederl\u00e4nder GRAFJAMMER melden sich mit neuer Besetzung und einem vierten Album zur\u00fcck! Nach ihrem letzten Langspieler \u00bbDe Zoute Kwel\u00ab, der zahlreiche positive Kritiken und viel Aufmerksamkeit in der Szene nach sich zog, ist \u00bbDe Tyfus, De Teerling\u00ab die neueste Attacke mit ihrem ureigenen, (es) b\u00f6sartig treibenden \u00bbPrimitive Dutch Necrorock\u00ab. F\u00fcr den versieht die seit 2012 existierende Band aus Utrecht h\u00f6chst effektiv First- und Second-Wave-Black-Metal mit deftigen Prisen von Punk, D-Beat und Mot\u00f6rhead. Groovt im Resultat wie Sau \u0096 respektive: \u00bbswings like a floppy tit\u00ab, wie Vokalist Jorre meint \u0096, doch neben tobend rockenden Brechern und Passagen schneidigen Getr\u00fcmmers, gibt es auch Momente, in denen sich alles in ein melancholisches Zwielicht verlagert.<br \/>\nMit \u00bbDe Tyfus, De Teerling\u00ab pr\u00e4sentieren GRAFJAMMER neun knallharte Tracks (plus ein Intro), die in ihrer Muttersprache von religi\u00f6sem Wahnsinn, Selbstt\u00e4uschung und Zerst\u00f6rung berichten. Dabei tauchen sie noch tiefer als zuvor in die dunklen Schattenseiten der Gesellschaft und der niederl\u00e4ndischen Geschichte ein. Der Albumtitel ist eine Abwandlung von \u00bbTyfus! Tering!\u00ab, einer beliebten Fluchkombination im Niederl\u00e4ndischen, in der GRAFJAMMER-Version bedeutet es: \u00bbDer Typhus (und), der W\u00fcrfel\u00ab.<\/p>\n<p>Anyway: Time to groove and swing! \u0096 Schnell, roh, dreckig und berauschend wie das Schn\u00fcffeln von Amphetamin. <\/p>\n<p><strong>Tracks:<\/strong><\/p>\n<ol class=\"tracklisting\">\n<li>De dijk is dicht<\/li>\n<li>Hachel mijn bout<\/li>\n<li>Lijdensverlenger<\/li>\n<li>Bloedbruid<\/li>\n<li>Krengenslagers<\/li>\n<li>Bertken<\/li>\n<li>Rampokker<\/li>\n<li>Schoftensermoen<\/li>\n<li>Varkensbocht<\/li>\n<li>Waanzee<\/li>\n<\/ol>\n<p><strong>Genres:<\/strong> Black Metal<\/p>\n<p> <strong>Label:<\/strong> Folter Records<\/p>\n<p> <strong>Erscheinungsjahr:<\/strong> 2025<\/p>\n<p> <strong>K\u00fcnstler:<\/strong> GRAFJAMMER<\/p>\n<p> <strong>Spieldauer:<\/strong> 34:36<\/p>\n<p> <strong>Format:<\/strong> CD<\/p>\n<p> <strong>EAN:<\/strong> 4260149121783<\/p>\n<p><strong>GPSR Information:<\/strong><br \/>Manufacturer:<br \/>\nFolter Records<br \/>\nRudolf Schwarz Str. 26A, 10407 Berlin., Deutschland<br \/>\ninfo(at)folter666.de<\/p>\n","protected":false},"excerpt":{"rendered":"<p>Die Niederl\u00e4nder GRAFJAMMER melden sich mit neuer Besetzung und einem vierten Album zur\u00fcck! Nach ihrem letzten Langspieler \u00bbDe Zoute Kwel\u00ab, der zahlreiche positive Kritiken und viel Aufmerksamkeit in der Szene nach sich zog, ist \u00bbDe Tyfus, De Teerling\u00ab die neueste Attacke mit ihrem ureigenen, (es) b\u00f6sartig treibenden \u00bbPrimitive Dutch Necrorock\u00ab. F\u00fcr den versieht die seit [&#8230;]\n","protected":false},"featured_media":2553632,"comment_status":"open","ping_status":"closed","template":"","meta":[],"product_cat":[454],"product_tag":[],"class_list":{"0":"post-2553634","1":"product","2":"type-product","3":"status-publish","4":"has-post-thumbnail","6":"product_cat-cd-g","7":"pa_band-grafjammer","8":"pa_productgenre-black-metal","9":"pa_productlabel-folter-records","11":"first","12":"instock","13":"taxable","14":"shipping-taxable","15":"purchasable","16":"product-type-simple"},"yoast_head":"<!-- This site is optimized with the Yoast SEO plugin v22.9 - https:\/\/yoast.com\/wordpress\/plugins\/seo\/ -->\n<title>GRAFJAMMER - de tyfus de teerling DigiCD - cudgel | Der ultimative Metal Online Store<\/title>\n<meta name=\"robots\" content=\"index, follow, max-snippet:-1, max-image-preview:large, max-video-preview:-1\" \/>\n<link rel=\"canonical\" href=\"https:\/\/www.cudgel.de\/produkt\/grafjammer-de-tyfus-de-teerling-digicd\/\" \/>\n<meta property=\"og:locale\" content=\"en_US\" \/>\n<meta property=\"og:type\" content=\"article\" \/>\n<meta property=\"og:title\" content=\"GRAFJAMMER - de tyfus de teerling DigiCD - cudgel | Der ultimative Metal Online Store\" \/>\n<meta property=\"og:description\" content=\"Die Niederl\u00e4nder GRAFJAMMER melden sich mit neuer Besetzung und einem vierten Album zur\u00fcck! Nach ihrem letzten Langspieler \u00bbDe Zoute Kwel\u00ab, der zahlreiche positive Kritiken und viel Aufmerksamkeit in der Szene nach sich zog, ist \u00bbDe Tyfus, De Teerling\u00ab die neueste Attacke mit ihrem ureigenen, (es) b\u00f6sartig treibenden \u00bbPrimitive Dutch Necrorock\u00ab. F\u00fcr den versieht die seit [...]\" \/>\n<meta property=\"og:url\" content=\"https:\/\/www.cudgel.de\/produkt\/grafjammer-de-tyfus-de-teerling-digicd\/\" \/>\n<meta property=\"og:site_name\" content=\"cudgel | Der ultimative Metal Online Store\" \/>\n<meta property=\"article:publisher\" content=\"https:\/\/www.facebook.com\/CudgelVertrieb\" \/>\n<meta property=\"article:modified_time\" content=\"2026-01-13T09:48:08+00:00\" \/>\n<meta property=\"og:image\" content=\"https:\/\/www.cudgel.de\/wp-content\/uploads\/2025\/06\/Art222560-1.jpg\" \/>\n\t<meta property=\"og:image:width\" content=\"1000\" \/>\n\t<meta property=\"og:image:height\" content=\"1000\" \/>\n\t<meta property=\"og:image:type\" content=\"image\/jpeg\" \/>\n<meta name=\"twitter:card\" content=\"summary_large_image\" \/>\n<meta name=\"twitter:label1\" content=\"Est. reading time\" \/>\n\t<meta name=\"twitter:data1\" content=\"1 minute\" \/>\n<script type=\"application\/ld+json\" class=\"yoast-schema-graph\">{\"@context\":\"https:\/\/schema.org\",\"@graph\":[{\"@type\":\"WebPage\",\"@id\":\"https:\/\/www.cudgel.de\/produkt\/grafjammer-de-tyfus-de-teerling-digicd\/\",\"url\":\"https:\/\/www.cudgel.de\/produkt\/grafjammer-de-tyfus-de-teerling-digicd\/\",\"name\":\"GRAFJAMMER - de tyfus de teerling DigiCD - cudgel | Der ultimative Metal Online Store\",\"isPartOf\":{\"@id\":\"https:\/\/www.cudgel.de\/#website\"},\"primaryImageOfPage\":{\"@id\":\"https:\/\/www.cudgel.de\/produkt\/grafjammer-de-tyfus-de-teerling-digicd\/#primaryimage\"},\"image\":{\"@id\":\"https:\/\/www.cudgel.de\/produkt\/grafjammer-de-tyfus-de-teerling-digicd\/#primaryimage\"},\"thumbnailUrl\":\"https:\/\/www.cudgel.de\/wp-content\/uploads\/2025\/06\/Art222560-1.jpg\",\"datePublished\":\"2025-06-02T14:20:00+00:00\",\"dateModified\":\"2026-01-13T09:48:08+00:00\",\"breadcrumb\":{\"@id\":\"https:\/\/www.cudgel.de\/produkt\/grafjammer-de-tyfus-de-teerling-digicd\/#breadcrumb\"},\"inLanguage\":\"en-US\",\"potentialAction\":[{\"@type\":\"ReadAction\",\"target\":[\"https:\/\/www.cudgel.de\/produkt\/grafjammer-de-tyfus-de-teerling-digicd\/\"]}]},{\"@type\":\"ImageObject\",\"inLanguage\":\"en-US\",\"@id\":\"https:\/\/www.cudgel.de\/produkt\/grafjammer-de-tyfus-de-teerling-digicd\/#primaryimage\",\"url\":\"https:\/\/www.cudgel.de\/wp-content\/uploads\/2025\/06\/Art222560-1.jpg\",\"contentUrl\":\"https:\/\/www.cudgel.de\/wp-content\/uploads\/2025\/06\/Art222560-1.jpg\",\"width\":1000,\"height\":1000},{\"@type\":\"BreadcrumbList\",\"@id\":\"https:\/\/www.cudgel.de\/produkt\/grafjammer-de-tyfus-de-teerling-digicd\/#breadcrumb\",\"itemListElement\":[{\"@type\":\"ListItem\",\"position\":1,\"name\":\"Home\",\"item\":\"https:\/\/www.cudgel.de\/en\/\"},{\"@type\":\"ListItem\",\"position\":2,\"name\":\"Shop\",\"item\":\"https:\/\/www.cudgel.de\/en\/shop\/\"},{\"@type\":\"ListItem\",\"position\":3,\"name\":\"GRAFJAMMER &#8211; de tyfus de teerling DigiCD\"}]},{\"@type\":\"WebSite\",\"@id\":\"https:\/\/www.cudgel.de\/#website\",\"url\":\"https:\/\/www.cudgel.de\/\",\"name\":\"cudgel | Der ultimative Metal Online Store\",\"description\":\"Eine weitere WordPress-Website\",\"publisher\":{\"@id\":\"https:\/\/www.cudgel.de\/#organization\"},\"potentialAction\":[{\"@type\":\"SearchAction\",\"target\":{\"@type\":\"EntryPoint\",\"urlTemplate\":\"https:\/\/www.cudgel.de\/?s={search_term_string}\"},\"query-input\":\"required name=search_term_string\"}],\"inLanguage\":\"en-US\"},{\"@type\":\"Organization\",\"@id\":\"https:\/\/www.cudgel.de\/#organization\",\"name\":\"cudgel | Der ultimative Metal Online Store\",\"url\":\"https:\/\/www.cudgel.de\/\",\"logo\":{\"@type\":\"ImageObject\",\"inLanguage\":\"en-US\",\"@id\":\"https:\/\/www.cudgel.de\/#\/schema\/logo\/image\/\",\"url\":\"https:\/\/www.cudgel.de\/wp-content\/uploads\/2024\/06\/cudgel-logo-neu-1-1400x419png.webp\",\"contentUrl\":\"https:\/\/www.cudgel.de\/wp-content\/uploads\/2024\/06\/cudgel-logo-neu-1-1400x419png.webp\",\"width\":1400,\"height\":419,\"caption\":\"cudgel | Der ultimative Metal Online Store\"},\"image\":{\"@id\":\"https:\/\/www.cudgel.de\/#\/schema\/logo\/image\/\"},\"sameAs\":[\"https:\/\/www.facebook.com\/CudgelVertrieb\"]}]}<\/script>\n<!-- \/ Yoast SEO plugin. -->","yoast_head_json":{"title":"GRAFJAMMER - de tyfus de teerling DigiCD - cudgel | Der ultimative Metal Online Store","robots":{"index":"index","follow":"follow","max-snippet":"max-snippet:-1","max-image-preview":"max-image-preview:large","max-video-preview":"max-video-preview:-1"},"canonical":"https:\/\/www.cudgel.de\/produkt\/grafjammer-de-tyfus-de-teerling-digicd\/","og_locale":"en_US","og_type":"article","og_title":"GRAFJAMMER - de tyfus de teerling DigiCD - cudgel | Der ultimative Metal Online Store","og_description":"Die Niederl\u00e4nder GRAFJAMMER melden sich mit neuer Besetzung und einem vierten Album zur\u00fcck! Nach ihrem letzten Langspieler \u00bbDe Zoute Kwel\u00ab, der zahlreiche positive Kritiken und viel Aufmerksamkeit in der Szene nach sich zog, ist \u00bbDe Tyfus, De Teerling\u00ab die neueste Attacke mit ihrem ureigenen, (es) b\u00f6sartig treibenden \u00bbPrimitive Dutch Necrorock\u00ab. F\u00fcr den versieht die seit [...]","og_url":"https:\/\/www.cudgel.de\/produkt\/grafjammer-de-tyfus-de-teerling-digicd\/","og_site_name":"cudgel | Der ultimative Metal Online Store","article_publisher":"https:\/\/www.facebook.com\/CudgelVertrieb","article_modified_time":"2026-01-13T09:48:08+00:00","og_image":[{"width":1000,"height":1000,"url":"https:\/\/www.cudgel.de\/wp-content\/uploads\/2025\/06\/Art222560-1.jpg","type":"image\/jpeg"}],"twitter_card":"summary_large_image","twitter_misc":{"Est. reading time":"1 minute"},"schema":{"@context":"https:\/\/schema.org","@graph":[{"@type":"WebPage","@id":"https:\/\/www.cudgel.de\/produkt\/grafjammer-de-tyfus-de-teerling-digicd\/","url":"https:\/\/www.cudgel.de\/produkt\/grafjammer-de-tyfus-de-teerling-digicd\/","name":"GRAFJAMMER - de tyfus de teerling DigiCD - cudgel | Der ultimative Metal Online Store","isPartOf":{"@id":"https:\/\/www.cudgel.de\/#website"},"primaryImageOfPage":{"@id":"https:\/\/www.cudgel.de\/produkt\/grafjammer-de-tyfus-de-teerling-digicd\/#primaryimage"},"image":{"@id":"https:\/\/www.cudgel.de\/produkt\/grafjammer-de-tyfus-de-teerling-digicd\/#primaryimage"},"thumbnailUrl":"https:\/\/www.cudgel.de\/wp-content\/uploads\/2025\/06\/Art222560-1.jpg","datePublished":"2025-06-02T14:20:00+00:00","dateModified":"2026-01-13T09:48:08+00:00","breadcrumb":{"@id":"https:\/\/www.cudgel.de\/produkt\/grafjammer-de-tyfus-de-teerling-digicd\/#breadcrumb"},"inLanguage":"en-US","potentialAction":[{"@type":"ReadAction","target":["https:\/\/www.cudgel.de\/produkt\/grafjammer-de-tyfus-de-teerling-digicd\/"]}]},{"@type":"ImageObject","inLanguage":"en-US","@id":"https:\/\/www.cudgel.de\/produkt\/grafjammer-de-tyfus-de-teerling-digicd\/#primaryimage","url":"https:\/\/www.cudgel.de\/wp-content\/uploads\/2025\/06\/Art222560-1.jpg","contentUrl":"https:\/\/www.cudgel.de\/wp-content\/uploads\/2025\/06\/Art222560-1.jpg","width":1000,"height":1000},{"@type":"BreadcrumbList","@id":"https:\/\/www.cudgel.de\/produkt\/grafjammer-de-tyfus-de-teerling-digicd\/#breadcrumb","itemListElement":[{"@type":"ListItem","position":1,"name":"Home","item":"https:\/\/www.cudgel.de\/en\/"},{"@type":"ListItem","position":2,"name":"Shop","item":"https:\/\/www.cudgel.de\/en\/shop\/"},{"@type":"ListItem","position":3,"name":"GRAFJAMMER &#8211; de tyfus de teerling DigiCD"}]},{"@type":"WebSite","@id":"https:\/\/www.cudgel.de\/#website","url":"https:\/\/www.cudgel.de\/","name":"cudgel | Der ultimative Metal Online Store","description":"Eine weitere WordPress-Website","publisher":{"@id":"https:\/\/www.cudgel.de\/#organization"},"potentialAction":[{"@type":"SearchAction","target":{"@type":"EntryPoint","urlTemplate":"https:\/\/www.cudgel.de\/?s={search_term_string}"},"query-input":"required name=search_term_string"}],"inLanguage":"en-US"},{"@type":"Organization","@id":"https:\/\/www.cudgel.de\/#organization","name":"cudgel | Der ultimative Metal Online Store","url":"https:\/\/www.cudgel.de\/","logo":{"@type":"ImageObject","inLanguage":"en-US","@id":"https:\/\/www.cudgel.de\/#\/schema\/logo\/image\/","url":"https:\/\/www.cudgel.de\/wp-content\/uploads\/2024\/06\/cudgel-logo-neu-1-1400x419png.webp","contentUrl":"https:\/\/www.cudgel.de\/wp-content\/uploads\/2024\/06\/cudgel-logo-neu-1-1400x419png.webp","width":1400,"height":419,"caption":"cudgel | Der ultimative Metal Online Store"},"image":{"@id":"https:\/\/www.cudgel.de\/#\/schema\/logo\/image\/"},"sameAs":["https:\/\/www.facebook.com\/CudgelVertrieb"]}]}},"_links":{"self":[{"href":"https:\/\/www.cudgel.de\/en\/wp-json\/wp\/v2\/product\/2553634","targetHints":{"allow":["GET"]}}],"collection":[{"href":"https:\/\/www.cudgel.de\/en\/wp-json\/wp\/v2\/product"}],"about":[{"href":"https:\/\/www.cudgel.de\/en\/wp-json\/wp\/v2\/types\/product"}],"replies":[{"embeddable":true,"href":"https:\/\/www.cudgel.de\/en\/wp-json\/wp\/v2\/comments?post=2553634"}],"wp:featuredmedia":[{"embeddable":true,"href":"https:\/\/www.cudgel.de\/en\/wp-json\/wp\/v2\/media\/2553632"}],"wp:attachment":[{"href":"https:\/\/www.cudgel.de\/en\/wp-json\/wp\/v2\/media?parent=2553634"}],"wp:term":[{"taxonomy":"product_cat","embeddable":true,"href":"https:\/\/www.cudgel.de\/en\/wp-json\/wp\/v2\/product_cat?post=2553634"},{"taxonomy":"product_tag","embeddable":true,"href":"https:\/\/www.cudgel.de\/en\/wp-json\/wp\/v2\/product_tag?post=2553634"}],"curies":[{"name":"wp","href":"https:\/\/api.w.org\/{rel}","templated":true}]}}