{"id":2556003,"date":"2025-06-04T11:47:43","date_gmt":"2025-06-04T09:47:43","guid":{"rendered":"https:\/\/www.cudgel.de\/produkt\/witch-vomit-funeral-sanctum-lp-metallic-blue-b5\/"},"modified":"2025-12-31T02:03:19","modified_gmt":"2025-12-31T01:03:19","slug":"witch-vomit-funeral-sanctum-lp-metallic-blue-b5","status":"publish","type":"product","link":"https:\/\/www.cudgel.de\/en\/product\/witch-vomit-funeral-sanctum-lp-metallic-blue-b5\/","title":{"rendered":"WITCH VOMIT &#8211; funeral sanctum LP metallic blue (B5)"},"content":{"rendered":"<p>lim. metallic blue vinyl (B5) + huge 24&#215;36 inch poster<\/p>\n<p>Die beiden vorherigen Ver\u00f6ffentlichungen von Witch Vomit, &#8220;Abhorrent Rapture&#8221; und &#8220;Buried Deep In A Bottomless Grave&#8221;, festigten und erh\u00f6hten ihre Position als eine der st\u00e4rksten und direktesten Kapellen des aktuellen US-Death Metals, die gekonntes, kakophonisches Gemetzel bieten. Mit methodisch unerbittlicher Inbrunst und gnadenloser Aggression haben sich Witch Vomit einen formidablen Ruf f\u00fcr brutales Riffing mit Hooks erarbeitet, die so eing\u00e4ngig sind, dass sie Fleisch von Knochen rei\u00dfen.<\/p>\n<p>Auf dem neuen Album &#8220;Funeral Sanctum&#8221; erweitern Witch Vomit die dunkle Melodik, die in der Raserei vergangener Ver\u00f6ffentlichungen vergraben war &#8211; nun zu schwarzem Obsidian geschliffen und mit der f\u00fcr die Band typischen Brutalit\u00e4t verschmolzen. Die DNA von Tracks wie Blood of Abomination&#8221; und Dominion of a Darkened Realm&#8221; erinnert nicht an die beschwingten Harmonien, die man im typischen Melodic Death Metal h\u00f6rt, sondern eher an die d\u00e4monisch-b\u00f6se Macht der fr\u00fchen Dissection, die in gefrorener Dunkelheit gl\u00e4nzt. Die blutgetr\u00e4nkte USDM-Grausamkeit bleibt der verrottete Kern von Witch Vomits Fundament<\/p>\n<p>Witch Vomits dominante dynamische Entwicklung innerhalb ihres konzentrierten stilistischen Rahmens hat mit &#8220;Funeral Sanctum&#8221; einen neuen H\u00f6hepunkt erreicht. Der intensive Fokus des Albums und der unaufh\u00f6rliche Riffsturm entfesseln eine Welle blutiger Befriedigung, die sich mit unbarmherziger Eindringlichkeit in die Geh\u00f6rg\u00e4nge fr\u00e4st! <\/p>\n<p>FFO: Necrophobic, Dissection, Autopsy, Mortuous, Entombed, Gorement, Necrowretch, Ceremonial Oath, Torture Rack, Entrails <\/p>\n<p><strong>Tracks:<\/strong><\/p>\n<ol class=\"tracklisting\">\n<li>Dying Embers (Intro)<\/li>\n<li>Endless Fall<\/li>\n<li>Blood of Abomination<\/li>\n<li>Serpentine Shadows<\/li>\n<li>Decaying Angelic Flesh<\/li>\n<li>Black Wings of Desolation<\/li>\n<li>Dominion of a Darkened Realm<\/li>\n<li>Endarkened Spirits<\/li>\n<li>Abject Silence (Interlude)<\/li>\n<li>Funeral Sanctum<\/li>\n<\/ol>\n<p><strong>Genres:<\/strong> Death Metal<\/p>\n<p><strong>GPSR Information:<\/strong><br \/>Manufacturer:<br \/>\nBelieve Digital GmbH \/ Soulfood<br \/>\nVan-der-Smissen-Stra\u00dfe 3, 22767 Hamburg, Deutschland<br \/>\nLegal.de(at)believe.de<\/p>\n","protected":false},"excerpt":{"rendered":"<p>lim. metallic blue vinyl (B5) + huge 24&#215;36 inch poster Die beiden vorherigen Ver\u00f6ffentlichungen von Witch Vomit, &#8220;Abhorrent Rapture&#8221; und &#8220;Buried Deep In A Bottomless Grave&#8221;, festigten und erh\u00f6hten ihre Position als eine der st\u00e4rksten und direktesten Kapellen des aktuellen US-Death Metals, die gekonntes, kakophonisches Gemetzel bieten. Mit methodisch unerbittlicher Inbrunst und gnadenloser Aggression haben [&#8230;]\n","protected":false},"featured_media":2556001,"comment_status":"open","ping_status":"closed","template":"","meta":[],"product_cat":[443],"product_tag":[],"class_list":{"0":"post-2556003","1":"product","2":"type-product","3":"status-publish","4":"has-post-thumbnail","6":"product_cat-vinyl-u-z","7":"pa_band-witch-vomit","8":"pa_productgenre-death-metal","9":"pa_productlabel-20-buck-spin","11":"first","12":"instock","13":"taxable","14":"shipping-taxable","15":"purchasable","16":"product-type-simple"},"yoast_head":"<!-- This site is optimized with the Yoast SEO plugin v22.9 - https:\/\/yoast.com\/wordpress\/plugins\/seo\/ -->\n<title>WITCH VOMIT - funeral sanctum LP metallic blue (B5) - cudgel | Der ultimative Metal Online Store<\/title>\n<meta name=\"robots\" content=\"index, follow, max-snippet:-1, max-image-preview:large, max-video-preview:-1\" \/>\n<link rel=\"canonical\" href=\"https:\/\/www.cudgel.de\/produkt\/witch-vomit-funeral-sanctum-lp-metallic-blue-b5\/\" \/>\n<meta property=\"og:locale\" content=\"en_US\" \/>\n<meta property=\"og:type\" content=\"article\" \/>\n<meta property=\"og:title\" content=\"WITCH VOMIT - funeral sanctum LP metallic blue (B5) - cudgel | Der ultimative Metal Online Store\" \/>\n<meta property=\"og:description\" content=\"lim. metallic blue vinyl (B5) + huge 24&#215;36 inch poster Die beiden vorherigen Ver\u00f6ffentlichungen von Witch Vomit, &#8220;Abhorrent Rapture&#8221; und &#8220;Buried Deep In A Bottomless Grave&#8221;, festigten und erh\u00f6hten ihre Position als eine der st\u00e4rksten und direktesten Kapellen des aktuellen US-Death Metals, die gekonntes, kakophonisches Gemetzel bieten. Mit methodisch unerbittlicher Inbrunst und gnadenloser Aggression haben [...]\" \/>\n<meta property=\"og:url\" content=\"https:\/\/www.cudgel.de\/produkt\/witch-vomit-funeral-sanctum-lp-metallic-blue-b5\/\" \/>\n<meta property=\"og:site_name\" content=\"cudgel | Der ultimative Metal Online Store\" \/>\n<meta property=\"article:publisher\" content=\"https:\/\/www.facebook.com\/CudgelVertrieb\" \/>\n<meta property=\"article:modified_time\" content=\"2025-12-31T01:03:19+00:00\" \/>\n<meta property=\"og:image\" content=\"https:\/\/www.cudgel.de\/wp-content\/uploads\/2025\/06\/Art109772.jpg\" \/>\n\t<meta property=\"og:image:width\" content=\"1000\" \/>\n\t<meta property=\"og:image:height\" content=\"1000\" \/>\n\t<meta property=\"og:image:type\" content=\"image\/jpeg\" \/>\n<meta name=\"twitter:card\" content=\"summary_large_image\" \/>\n<meta name=\"twitter:label1\" content=\"Est. reading time\" \/>\n\t<meta name=\"twitter:data1\" content=\"1 minute\" \/>\n<script type=\"application\/ld+json\" class=\"yoast-schema-graph\">{\"@context\":\"https:\/\/schema.org\",\"@graph\":[{\"@type\":\"WebPage\",\"@id\":\"https:\/\/www.cudgel.de\/produkt\/witch-vomit-funeral-sanctum-lp-metallic-blue-b5\/\",\"url\":\"https:\/\/www.cudgel.de\/produkt\/witch-vomit-funeral-sanctum-lp-metallic-blue-b5\/\",\"name\":\"WITCH VOMIT - funeral sanctum LP metallic blue (B5) - cudgel | Der ultimative Metal Online Store\",\"isPartOf\":{\"@id\":\"https:\/\/www.cudgel.de\/#website\"},\"primaryImageOfPage\":{\"@id\":\"https:\/\/www.cudgel.de\/produkt\/witch-vomit-funeral-sanctum-lp-metallic-blue-b5\/#primaryimage\"},\"image\":{\"@id\":\"https:\/\/www.cudgel.de\/produkt\/witch-vomit-funeral-sanctum-lp-metallic-blue-b5\/#primaryimage\"},\"thumbnailUrl\":\"https:\/\/www.cudgel.de\/wp-content\/uploads\/2025\/06\/Art109772.jpg\",\"datePublished\":\"2025-06-04T09:47:43+00:00\",\"dateModified\":\"2025-12-31T01:03:19+00:00\",\"breadcrumb\":{\"@id\":\"https:\/\/www.cudgel.de\/produkt\/witch-vomit-funeral-sanctum-lp-metallic-blue-b5\/#breadcrumb\"},\"inLanguage\":\"en-US\",\"potentialAction\":[{\"@type\":\"ReadAction\",\"target\":[\"https:\/\/www.cudgel.de\/produkt\/witch-vomit-funeral-sanctum-lp-metallic-blue-b5\/\"]}]},{\"@type\":\"ImageObject\",\"inLanguage\":\"en-US\",\"@id\":\"https:\/\/www.cudgel.de\/produkt\/witch-vomit-funeral-sanctum-lp-metallic-blue-b5\/#primaryimage\",\"url\":\"https:\/\/www.cudgel.de\/wp-content\/uploads\/2025\/06\/Art109772.jpg\",\"contentUrl\":\"https:\/\/www.cudgel.de\/wp-content\/uploads\/2025\/06\/Art109772.jpg\",\"width\":1000,\"height\":1000},{\"@type\":\"BreadcrumbList\",\"@id\":\"https:\/\/www.cudgel.de\/produkt\/witch-vomit-funeral-sanctum-lp-metallic-blue-b5\/#breadcrumb\",\"itemListElement\":[{\"@type\":\"ListItem\",\"position\":1,\"name\":\"Home\",\"item\":\"https:\/\/www.cudgel.de\/en\/\"},{\"@type\":\"ListItem\",\"position\":2,\"name\":\"Shop\",\"item\":\"https:\/\/www.cudgel.de\/en\/shop\/\"},{\"@type\":\"ListItem\",\"position\":3,\"name\":\"WITCH VOMIT &#8211; funeral sanctum LP metallic blue (B5)\"}]},{\"@type\":\"WebSite\",\"@id\":\"https:\/\/www.cudgel.de\/#website\",\"url\":\"https:\/\/www.cudgel.de\/\",\"name\":\"cudgel | Der ultimative Metal Online Store\",\"description\":\"Eine weitere WordPress-Website\",\"publisher\":{\"@id\":\"https:\/\/www.cudgel.de\/#organization\"},\"potentialAction\":[{\"@type\":\"SearchAction\",\"target\":{\"@type\":\"EntryPoint\",\"urlTemplate\":\"https:\/\/www.cudgel.de\/?s={search_term_string}\"},\"query-input\":\"required name=search_term_string\"}],\"inLanguage\":\"en-US\"},{\"@type\":\"Organization\",\"@id\":\"https:\/\/www.cudgel.de\/#organization\",\"name\":\"cudgel | Der ultimative Metal Online Store\",\"url\":\"https:\/\/www.cudgel.de\/\",\"logo\":{\"@type\":\"ImageObject\",\"inLanguage\":\"en-US\",\"@id\":\"https:\/\/www.cudgel.de\/#\/schema\/logo\/image\/\",\"url\":\"https:\/\/www.cudgel.de\/wp-content\/uploads\/2024\/06\/cudgel-logo-neu-1-1400x419png.webp\",\"contentUrl\":\"https:\/\/www.cudgel.de\/wp-content\/uploads\/2024\/06\/cudgel-logo-neu-1-1400x419png.webp\",\"width\":1400,\"height\":419,\"caption\":\"cudgel | Der ultimative Metal Online Store\"},\"image\":{\"@id\":\"https:\/\/www.cudgel.de\/#\/schema\/logo\/image\/\"},\"sameAs\":[\"https:\/\/www.facebook.com\/CudgelVertrieb\"]}]}<\/script>\n<!-- \/ Yoast SEO plugin. -->","yoast_head_json":{"title":"WITCH VOMIT - funeral sanctum LP metallic blue (B5) - cudgel | Der ultimative Metal Online Store","robots":{"index":"index","follow":"follow","max-snippet":"max-snippet:-1","max-image-preview":"max-image-preview:large","max-video-preview":"max-video-preview:-1"},"canonical":"https:\/\/www.cudgel.de\/produkt\/witch-vomit-funeral-sanctum-lp-metallic-blue-b5\/","og_locale":"en_US","og_type":"article","og_title":"WITCH VOMIT - funeral sanctum LP metallic blue (B5) - cudgel | Der ultimative Metal Online Store","og_description":"lim. metallic blue vinyl (B5) + huge 24&#215;36 inch poster Die beiden vorherigen Ver\u00f6ffentlichungen von Witch Vomit, &#8220;Abhorrent Rapture&#8221; und &#8220;Buried Deep In A Bottomless Grave&#8221;, festigten und erh\u00f6hten ihre Position als eine der st\u00e4rksten und direktesten Kapellen des aktuellen US-Death Metals, die gekonntes, kakophonisches Gemetzel bieten. Mit methodisch unerbittlicher Inbrunst und gnadenloser Aggression haben [...]","og_url":"https:\/\/www.cudgel.de\/produkt\/witch-vomit-funeral-sanctum-lp-metallic-blue-b5\/","og_site_name":"cudgel | Der ultimative Metal Online Store","article_publisher":"https:\/\/www.facebook.com\/CudgelVertrieb","article_modified_time":"2025-12-31T01:03:19+00:00","og_image":[{"width":1000,"height":1000,"url":"https:\/\/www.cudgel.de\/wp-content\/uploads\/2025\/06\/Art109772.jpg","type":"image\/jpeg"}],"twitter_card":"summary_large_image","twitter_misc":{"Est. reading time":"1 minute"},"schema":{"@context":"https:\/\/schema.org","@graph":[{"@type":"WebPage","@id":"https:\/\/www.cudgel.de\/produkt\/witch-vomit-funeral-sanctum-lp-metallic-blue-b5\/","url":"https:\/\/www.cudgel.de\/produkt\/witch-vomit-funeral-sanctum-lp-metallic-blue-b5\/","name":"WITCH VOMIT - funeral sanctum LP metallic blue (B5) - cudgel | Der ultimative Metal Online Store","isPartOf":{"@id":"https:\/\/www.cudgel.de\/#website"},"primaryImageOfPage":{"@id":"https:\/\/www.cudgel.de\/produkt\/witch-vomit-funeral-sanctum-lp-metallic-blue-b5\/#primaryimage"},"image":{"@id":"https:\/\/www.cudgel.de\/produkt\/witch-vomit-funeral-sanctum-lp-metallic-blue-b5\/#primaryimage"},"thumbnailUrl":"https:\/\/www.cudgel.de\/wp-content\/uploads\/2025\/06\/Art109772.jpg","datePublished":"2025-06-04T09:47:43+00:00","dateModified":"2025-12-31T01:03:19+00:00","breadcrumb":{"@id":"https:\/\/www.cudgel.de\/produkt\/witch-vomit-funeral-sanctum-lp-metallic-blue-b5\/#breadcrumb"},"inLanguage":"en-US","potentialAction":[{"@type":"ReadAction","target":["https:\/\/www.cudgel.de\/produkt\/witch-vomit-funeral-sanctum-lp-metallic-blue-b5\/"]}]},{"@type":"ImageObject","inLanguage":"en-US","@id":"https:\/\/www.cudgel.de\/produkt\/witch-vomit-funeral-sanctum-lp-metallic-blue-b5\/#primaryimage","url":"https:\/\/www.cudgel.de\/wp-content\/uploads\/2025\/06\/Art109772.jpg","contentUrl":"https:\/\/www.cudgel.de\/wp-content\/uploads\/2025\/06\/Art109772.jpg","width":1000,"height":1000},{"@type":"BreadcrumbList","@id":"https:\/\/www.cudgel.de\/produkt\/witch-vomit-funeral-sanctum-lp-metallic-blue-b5\/#breadcrumb","itemListElement":[{"@type":"ListItem","position":1,"name":"Home","item":"https:\/\/www.cudgel.de\/en\/"},{"@type":"ListItem","position":2,"name":"Shop","item":"https:\/\/www.cudgel.de\/en\/shop\/"},{"@type":"ListItem","position":3,"name":"WITCH VOMIT &#8211; funeral sanctum LP metallic blue (B5)"}]},{"@type":"WebSite","@id":"https:\/\/www.cudgel.de\/#website","url":"https:\/\/www.cudgel.de\/","name":"cudgel | Der ultimative Metal Online Store","description":"Eine weitere WordPress-Website","publisher":{"@id":"https:\/\/www.cudgel.de\/#organization"},"potentialAction":[{"@type":"SearchAction","target":{"@type":"EntryPoint","urlTemplate":"https:\/\/www.cudgel.de\/?s={search_term_string}"},"query-input":"required name=search_term_string"}],"inLanguage":"en-US"},{"@type":"Organization","@id":"https:\/\/www.cudgel.de\/#organization","name":"cudgel | Der ultimative Metal Online Store","url":"https:\/\/www.cudgel.de\/","logo":{"@type":"ImageObject","inLanguage":"en-US","@id":"https:\/\/www.cudgel.de\/#\/schema\/logo\/image\/","url":"https:\/\/www.cudgel.de\/wp-content\/uploads\/2024\/06\/cudgel-logo-neu-1-1400x419png.webp","contentUrl":"https:\/\/www.cudgel.de\/wp-content\/uploads\/2024\/06\/cudgel-logo-neu-1-1400x419png.webp","width":1400,"height":419,"caption":"cudgel | Der ultimative Metal Online Store"},"image":{"@id":"https:\/\/www.cudgel.de\/#\/schema\/logo\/image\/"},"sameAs":["https:\/\/www.facebook.com\/CudgelVertrieb"]}]}},"_links":{"self":[{"href":"https:\/\/www.cudgel.de\/en\/wp-json\/wp\/v2\/product\/2556003","targetHints":{"allow":["GET"]}}],"collection":[{"href":"https:\/\/www.cudgel.de\/en\/wp-json\/wp\/v2\/product"}],"about":[{"href":"https:\/\/www.cudgel.de\/en\/wp-json\/wp\/v2\/types\/product"}],"replies":[{"embeddable":true,"href":"https:\/\/www.cudgel.de\/en\/wp-json\/wp\/v2\/comments?post=2556003"}],"wp:featuredmedia":[{"embeddable":true,"href":"https:\/\/www.cudgel.de\/en\/wp-json\/wp\/v2\/media\/2556001"}],"wp:attachment":[{"href":"https:\/\/www.cudgel.de\/en\/wp-json\/wp\/v2\/media?parent=2556003"}],"wp:term":[{"taxonomy":"product_cat","embeddable":true,"href":"https:\/\/www.cudgel.de\/en\/wp-json\/wp\/v2\/product_cat?post=2556003"},{"taxonomy":"product_tag","embeddable":true,"href":"https:\/\/www.cudgel.de\/en\/wp-json\/wp\/v2\/product_tag?post=2556003"}],"curies":[{"name":"wp","href":"https:\/\/api.w.org\/{rel}","templated":true}]}}