{"id":2570343,"date":"2025-06-18T12:45:36","date_gmt":"2025-06-18T10:45:36","guid":{"rendered":"https:\/\/www.cudgel.de\/produkt\/leper-colony-those-of-the-morbid-lp-black\/"},"modified":"2025-12-31T18:41:47","modified_gmt":"2025-12-31T17:41:47","slug":"leper-colony-those-of-the-morbid-lp-black","status":"publish","type":"product","link":"https:\/\/www.cudgel.de\/en\/product\/leper-colony-those-of-the-morbid-lp-black\/","title":{"rendered":"LEPER COLONY &#8211; those of the morbid LP black"},"content":{"rendered":"<p>LP (schwarz) inkl. zweiseitigem Einleger, gef\u00fctterter Innenh\u00fclle und Schutzh\u00fclle (200 St\u00fcck erh\u00e4ltlich) <\/p>\n<p>Was ist das Beste am Death Metal? Coole Riffs und krasse Vocals. Massives Schlagzeugsperrfeuer und Lyrics \u00fcber Horrorfilme. LEPER COLONOY liefern mit ihrem zweiten Album &#8220;Those of the Morbid&#8221; genau das ab, was das Death Metal Fanherz begehrt. Bei den Szene-Ikonen, die hinter diesem internationalen Projekt stehen, ist das auch kein Wunder: LEPER COLONY kreuzen den deutschen und schwedischen Death Metal Stil mit klassischen Einfl\u00fcssen aus der US-Szene. Die Band entstand aus der langj\u00e4hrigen Freundschaft und der gemeinsamen Liebe zum Death Metal der alten Schule, die den deutschen S\u00e4nger Marc Grewe und den schwedischen Gitarristen Rogga Johansson dazu brachten, im Jahr 2020 ein gemeinsames Album zu produzieren. Das Duo holte sich CONSUMPTION-Schlagzeuger Jon Sk\u00e4re und Lead-Gitarrist Kjetil Lyngahug (PAGANIZER) ins Boot, um das selbstbetitelte Deb\u00fctalbum aufzunehmen, welches im Jahr 2023 ver\u00f6ffentlicht wurde. Das Werk wurde von Kritikern und Fans gleicherma\u00dfen positiv aufgenommen. Es wurde schnell klar, dass es sich bei LEPER COLONY keineswegs blo\u00df um ein weiteres &#8220;Superprojekt&#8221; handelte, sondern dass eingefleischte Death Metal Fanatiker mit einer Vielzahl von frischen Ideen aufwarten. Marc Crewe hat sich als ehemaliger Frontmann von MORGOTH, und sp\u00e4ter mit INSIDIOUS DISEASE sowie ASINHELL einen klangvollen Namen in der Szene erworben. Gitarrist und Bassist Rogga Johansson pr\u00e4gte den schwedischen Death Metal in einer Reihe von Bands wie PAGANIZER, RIBSPREADER und REVOLTING entscheidend mit. WOMBBATH-Gitarrist H\u00e5kan Stuvemark \u00fcbernahm mittlerweile die Leadgitarre und Jon Rudin wurde ebenfalls als neues Mitglied verpflichtet. Der britische Schlagzeuger ist unter anderem von MONSTROUS und DEAD SUN bekannt. Mit &#8220;Those of the Morbid&#8221; geben LEPER COLONOY allen Old School Death Metal Fans exakt das brutale und kompromisslose Album, auf das sie lange warten mussten!<\/p>\n<p><strong>Tracks:<\/strong><\/p>\n<ol class=\"tracklisting\">\n<li>Facing the Faceless<\/li>\n<li>Master&#8217;s Voice<\/li>\n<li>The Age of Insanity<\/li>\n<li>Flesh to Rot to Ashes<\/li>\n<li>Realm of Madness<\/li>\n<li>Those of the Morbid Inclination<\/li>\n<li>Apocalypse Whore<\/li>\n<li>Creature from the Deep<\/li>\n<li>A Story in Red<\/li>\n<\/ol>\n<p><strong>Genres:<\/strong> Death Metal, Thrash Metal<\/p>\n<p><strong>GPSR Information:<\/strong><br \/>Manufacturer:<br \/>\nWeltnetz S.\u00e0r.l. \/ Testimony Records<br \/>\n40-42 Grand Rue, 6630 Wasserbillig, Luxemburg<br \/>\npost(at)spkr.media<\/p>\n","protected":false},"excerpt":{"rendered":"<p>LP (schwarz) inkl. zweiseitigem Einleger, gef\u00fctterter Innenh\u00fclle und Schutzh\u00fclle (200 St\u00fcck erh\u00e4ltlich) Was ist das Beste am Death Metal? Coole Riffs und krasse Vocals. Massives Schlagzeugsperrfeuer und Lyrics \u00fcber Horrorfilme. LEPER COLONOY liefern mit ihrem zweiten Album &#8220;Those of the Morbid&#8221; genau das ab, was das Death Metal Fanherz begehrt. Bei den Szene-Ikonen, die hinter [&#8230;]\n","protected":false},"featured_media":2570341,"comment_status":"open","ping_status":"closed","template":"","meta":[],"product_cat":[436],"product_tag":[],"class_list":{"0":"post-2570343","1":"product","2":"type-product","3":"status-publish","4":"has-post-thumbnail","6":"product_cat-vinyl-i-l","7":"pa_band-leper-colony","8":"pa_productgenre-death-metal","9":"pa_productgenre-thrash-metal","10":"pa_productlabel-testimony-records","12":"first","13":"instock","14":"taxable","15":"shipping-taxable","16":"purchasable","17":"product-type-simple"},"yoast_head":"<!-- This site is optimized with the Yoast SEO plugin v22.9 - https:\/\/yoast.com\/wordpress\/plugins\/seo\/ -->\n<title>LEPER COLONY - those of the morbid LP black - cudgel | Der ultimative Metal Online Store<\/title>\n<meta name=\"robots\" content=\"index, follow, max-snippet:-1, max-image-preview:large, max-video-preview:-1\" \/>\n<link rel=\"canonical\" href=\"https:\/\/www.cudgel.de\/produkt\/leper-colony-those-of-the-morbid-lp-black\/\" \/>\n<meta property=\"og:locale\" content=\"en_US\" \/>\n<meta property=\"og:type\" content=\"article\" \/>\n<meta property=\"og:title\" content=\"LEPER COLONY - those of the morbid LP black - cudgel | Der ultimative Metal Online Store\" \/>\n<meta property=\"og:description\" content=\"LP (schwarz) inkl. zweiseitigem Einleger, gef\u00fctterter Innenh\u00fclle und Schutzh\u00fclle (200 St\u00fcck erh\u00e4ltlich) Was ist das Beste am Death Metal? Coole Riffs und krasse Vocals. Massives Schlagzeugsperrfeuer und Lyrics \u00fcber Horrorfilme. LEPER COLONOY liefern mit ihrem zweiten Album &#8220;Those of the Morbid&#8221; genau das ab, was das Death Metal Fanherz begehrt. Bei den Szene-Ikonen, die hinter [...]\" \/>\n<meta property=\"og:url\" content=\"https:\/\/www.cudgel.de\/produkt\/leper-colony-those-of-the-morbid-lp-black\/\" \/>\n<meta property=\"og:site_name\" content=\"cudgel | Der ultimative Metal Online Store\" \/>\n<meta property=\"article:publisher\" content=\"https:\/\/www.facebook.com\/CudgelVertrieb\" \/>\n<meta property=\"article:modified_time\" content=\"2025-12-31T17:41:47+00:00\" \/>\n<meta property=\"og:image\" content=\"https:\/\/www.cudgel.de\/wp-content\/uploads\/2025\/06\/Art110491.jpg\" \/>\n\t<meta property=\"og:image:width\" content=\"1000\" \/>\n\t<meta property=\"og:image:height\" content=\"1000\" \/>\n\t<meta property=\"og:image:type\" content=\"image\/jpeg\" \/>\n<meta name=\"twitter:card\" content=\"summary_large_image\" \/>\n<meta name=\"twitter:label1\" content=\"Est. reading time\" \/>\n\t<meta name=\"twitter:data1\" content=\"2 minutes\" \/>\n<script type=\"application\/ld+json\" class=\"yoast-schema-graph\">{\"@context\":\"https:\/\/schema.org\",\"@graph\":[{\"@type\":\"WebPage\",\"@id\":\"https:\/\/www.cudgel.de\/produkt\/leper-colony-those-of-the-morbid-lp-black\/\",\"url\":\"https:\/\/www.cudgel.de\/produkt\/leper-colony-those-of-the-morbid-lp-black\/\",\"name\":\"LEPER COLONY - those of the morbid LP black - cudgel | Der ultimative Metal Online Store\",\"isPartOf\":{\"@id\":\"https:\/\/www.cudgel.de\/#website\"},\"primaryImageOfPage\":{\"@id\":\"https:\/\/www.cudgel.de\/produkt\/leper-colony-those-of-the-morbid-lp-black\/#primaryimage\"},\"image\":{\"@id\":\"https:\/\/www.cudgel.de\/produkt\/leper-colony-those-of-the-morbid-lp-black\/#primaryimage\"},\"thumbnailUrl\":\"https:\/\/www.cudgel.de\/wp-content\/uploads\/2025\/06\/Art110491.jpg\",\"datePublished\":\"2025-06-18T10:45:36+00:00\",\"dateModified\":\"2025-12-31T17:41:47+00:00\",\"breadcrumb\":{\"@id\":\"https:\/\/www.cudgel.de\/produkt\/leper-colony-those-of-the-morbid-lp-black\/#breadcrumb\"},\"inLanguage\":\"en-US\",\"potentialAction\":[{\"@type\":\"ReadAction\",\"target\":[\"https:\/\/www.cudgel.de\/produkt\/leper-colony-those-of-the-morbid-lp-black\/\"]}]},{\"@type\":\"ImageObject\",\"inLanguage\":\"en-US\",\"@id\":\"https:\/\/www.cudgel.de\/produkt\/leper-colony-those-of-the-morbid-lp-black\/#primaryimage\",\"url\":\"https:\/\/www.cudgel.de\/wp-content\/uploads\/2025\/06\/Art110491.jpg\",\"contentUrl\":\"https:\/\/www.cudgel.de\/wp-content\/uploads\/2025\/06\/Art110491.jpg\",\"width\":1000,\"height\":1000},{\"@type\":\"BreadcrumbList\",\"@id\":\"https:\/\/www.cudgel.de\/produkt\/leper-colony-those-of-the-morbid-lp-black\/#breadcrumb\",\"itemListElement\":[{\"@type\":\"ListItem\",\"position\":1,\"name\":\"Home\",\"item\":\"https:\/\/www.cudgel.de\/en\/\"},{\"@type\":\"ListItem\",\"position\":2,\"name\":\"Shop\",\"item\":\"https:\/\/www.cudgel.de\/en\/shop\/\"},{\"@type\":\"ListItem\",\"position\":3,\"name\":\"LEPER COLONY &#8211; those of the morbid LP black\"}]},{\"@type\":\"WebSite\",\"@id\":\"https:\/\/www.cudgel.de\/#website\",\"url\":\"https:\/\/www.cudgel.de\/\",\"name\":\"cudgel | Der ultimative Metal Online Store\",\"description\":\"Eine weitere WordPress-Website\",\"publisher\":{\"@id\":\"https:\/\/www.cudgel.de\/#organization\"},\"potentialAction\":[{\"@type\":\"SearchAction\",\"target\":{\"@type\":\"EntryPoint\",\"urlTemplate\":\"https:\/\/www.cudgel.de\/?s={search_term_string}\"},\"query-input\":\"required name=search_term_string\"}],\"inLanguage\":\"en-US\"},{\"@type\":\"Organization\",\"@id\":\"https:\/\/www.cudgel.de\/#organization\",\"name\":\"cudgel | Der ultimative Metal Online Store\",\"url\":\"https:\/\/www.cudgel.de\/\",\"logo\":{\"@type\":\"ImageObject\",\"inLanguage\":\"en-US\",\"@id\":\"https:\/\/www.cudgel.de\/#\/schema\/logo\/image\/\",\"url\":\"https:\/\/www.cudgel.de\/wp-content\/uploads\/2024\/06\/cudgel-logo-neu-1-1400x419png.webp\",\"contentUrl\":\"https:\/\/www.cudgel.de\/wp-content\/uploads\/2024\/06\/cudgel-logo-neu-1-1400x419png.webp\",\"width\":1400,\"height\":419,\"caption\":\"cudgel | Der ultimative Metal Online Store\"},\"image\":{\"@id\":\"https:\/\/www.cudgel.de\/#\/schema\/logo\/image\/\"},\"sameAs\":[\"https:\/\/www.facebook.com\/CudgelVertrieb\"]}]}<\/script>\n<!-- \/ Yoast SEO plugin. -->","yoast_head_json":{"title":"LEPER COLONY - those of the morbid LP black - cudgel | Der ultimative Metal Online Store","robots":{"index":"index","follow":"follow","max-snippet":"max-snippet:-1","max-image-preview":"max-image-preview:large","max-video-preview":"max-video-preview:-1"},"canonical":"https:\/\/www.cudgel.de\/produkt\/leper-colony-those-of-the-morbid-lp-black\/","og_locale":"en_US","og_type":"article","og_title":"LEPER COLONY - those of the morbid LP black - cudgel | Der ultimative Metal Online Store","og_description":"LP (schwarz) inkl. zweiseitigem Einleger, gef\u00fctterter Innenh\u00fclle und Schutzh\u00fclle (200 St\u00fcck erh\u00e4ltlich) Was ist das Beste am Death Metal? Coole Riffs und krasse Vocals. Massives Schlagzeugsperrfeuer und Lyrics \u00fcber Horrorfilme. LEPER COLONOY liefern mit ihrem zweiten Album &#8220;Those of the Morbid&#8221; genau das ab, was das Death Metal Fanherz begehrt. Bei den Szene-Ikonen, die hinter [...]","og_url":"https:\/\/www.cudgel.de\/produkt\/leper-colony-those-of-the-morbid-lp-black\/","og_site_name":"cudgel | Der ultimative Metal Online Store","article_publisher":"https:\/\/www.facebook.com\/CudgelVertrieb","article_modified_time":"2025-12-31T17:41:47+00:00","og_image":[{"width":1000,"height":1000,"url":"https:\/\/www.cudgel.de\/wp-content\/uploads\/2025\/06\/Art110491.jpg","type":"image\/jpeg"}],"twitter_card":"summary_large_image","twitter_misc":{"Est. reading time":"2 minutes"},"schema":{"@context":"https:\/\/schema.org","@graph":[{"@type":"WebPage","@id":"https:\/\/www.cudgel.de\/produkt\/leper-colony-those-of-the-morbid-lp-black\/","url":"https:\/\/www.cudgel.de\/produkt\/leper-colony-those-of-the-morbid-lp-black\/","name":"LEPER COLONY - those of the morbid LP black - cudgel | Der ultimative Metal Online Store","isPartOf":{"@id":"https:\/\/www.cudgel.de\/#website"},"primaryImageOfPage":{"@id":"https:\/\/www.cudgel.de\/produkt\/leper-colony-those-of-the-morbid-lp-black\/#primaryimage"},"image":{"@id":"https:\/\/www.cudgel.de\/produkt\/leper-colony-those-of-the-morbid-lp-black\/#primaryimage"},"thumbnailUrl":"https:\/\/www.cudgel.de\/wp-content\/uploads\/2025\/06\/Art110491.jpg","datePublished":"2025-06-18T10:45:36+00:00","dateModified":"2025-12-31T17:41:47+00:00","breadcrumb":{"@id":"https:\/\/www.cudgel.de\/produkt\/leper-colony-those-of-the-morbid-lp-black\/#breadcrumb"},"inLanguage":"en-US","potentialAction":[{"@type":"ReadAction","target":["https:\/\/www.cudgel.de\/produkt\/leper-colony-those-of-the-morbid-lp-black\/"]}]},{"@type":"ImageObject","inLanguage":"en-US","@id":"https:\/\/www.cudgel.de\/produkt\/leper-colony-those-of-the-morbid-lp-black\/#primaryimage","url":"https:\/\/www.cudgel.de\/wp-content\/uploads\/2025\/06\/Art110491.jpg","contentUrl":"https:\/\/www.cudgel.de\/wp-content\/uploads\/2025\/06\/Art110491.jpg","width":1000,"height":1000},{"@type":"BreadcrumbList","@id":"https:\/\/www.cudgel.de\/produkt\/leper-colony-those-of-the-morbid-lp-black\/#breadcrumb","itemListElement":[{"@type":"ListItem","position":1,"name":"Home","item":"https:\/\/www.cudgel.de\/en\/"},{"@type":"ListItem","position":2,"name":"Shop","item":"https:\/\/www.cudgel.de\/en\/shop\/"},{"@type":"ListItem","position":3,"name":"LEPER COLONY &#8211; those of the morbid LP black"}]},{"@type":"WebSite","@id":"https:\/\/www.cudgel.de\/#website","url":"https:\/\/www.cudgel.de\/","name":"cudgel | Der ultimative Metal Online Store","description":"Eine weitere WordPress-Website","publisher":{"@id":"https:\/\/www.cudgel.de\/#organization"},"potentialAction":[{"@type":"SearchAction","target":{"@type":"EntryPoint","urlTemplate":"https:\/\/www.cudgel.de\/?s={search_term_string}"},"query-input":"required name=search_term_string"}],"inLanguage":"en-US"},{"@type":"Organization","@id":"https:\/\/www.cudgel.de\/#organization","name":"cudgel | Der ultimative Metal Online Store","url":"https:\/\/www.cudgel.de\/","logo":{"@type":"ImageObject","inLanguage":"en-US","@id":"https:\/\/www.cudgel.de\/#\/schema\/logo\/image\/","url":"https:\/\/www.cudgel.de\/wp-content\/uploads\/2024\/06\/cudgel-logo-neu-1-1400x419png.webp","contentUrl":"https:\/\/www.cudgel.de\/wp-content\/uploads\/2024\/06\/cudgel-logo-neu-1-1400x419png.webp","width":1400,"height":419,"caption":"cudgel | Der ultimative Metal Online Store"},"image":{"@id":"https:\/\/www.cudgel.de\/#\/schema\/logo\/image\/"},"sameAs":["https:\/\/www.facebook.com\/CudgelVertrieb"]}]}},"_links":{"self":[{"href":"https:\/\/www.cudgel.de\/en\/wp-json\/wp\/v2\/product\/2570343","targetHints":{"allow":["GET"]}}],"collection":[{"href":"https:\/\/www.cudgel.de\/en\/wp-json\/wp\/v2\/product"}],"about":[{"href":"https:\/\/www.cudgel.de\/en\/wp-json\/wp\/v2\/types\/product"}],"replies":[{"embeddable":true,"href":"https:\/\/www.cudgel.de\/en\/wp-json\/wp\/v2\/comments?post=2570343"}],"wp:featuredmedia":[{"embeddable":true,"href":"https:\/\/www.cudgel.de\/en\/wp-json\/wp\/v2\/media\/2570341"}],"wp:attachment":[{"href":"https:\/\/www.cudgel.de\/en\/wp-json\/wp\/v2\/media?parent=2570343"}],"wp:term":[{"taxonomy":"product_cat","embeddable":true,"href":"https:\/\/www.cudgel.de\/en\/wp-json\/wp\/v2\/product_cat?post=2570343"},{"taxonomy":"product_tag","embeddable":true,"href":"https:\/\/www.cudgel.de\/en\/wp-json\/wp\/v2\/product_tag?post=2570343"}],"curies":[{"name":"wp","href":"https:\/\/api.w.org\/{rel}","templated":true}]}}