{"id":2633844,"date":"2025-08-06T10:07:14","date_gmt":"2025-08-06T08:07:14","guid":{"rendered":"https:\/\/www.cudgel.de\/produkt\/cloak-black-flame-eternal-digicd\/"},"modified":"2025-12-31T00:44:21","modified_gmt":"2025-12-30T23:44:21","slug":"cloak-black-flame-eternal-digicd","status":"publish","type":"product","link":"https:\/\/www.cudgel.de\/en\/product\/cloak-black-flame-eternal-digicd\/","title":{"rendered":"CLOAK &#8211; black flame eternal DigiCD"},"content":{"rendered":"<p>In einer \u00c4ra, die darauf ausgelegt ist, das Individuum niederzuschlagen und zu schw\u00e4chen, ist &#8220;Black Flame Eternal&#8221; ein Album, das St\u00e4rke, Erm\u00e4chtigung und totalen Widerstand repr\u00e4sentiert. Angesichts des zunehmenden Drucks, sich im modernen gesellschaftlichen Tribalismus zu engagieren, beschw\u00f6rt Cloak mit Album Nummer drei eine spirituelle Rebellion, die jenseits von Gut und B\u00f6se existiert. W\u00e4hrend Cloak gegen gesellschaftliche Konventionen w\u00fcten, umarmt das Quartett aus Atlanta die rebellischen und altbew\u00e4hrten Traditionen des Heavy Metal.<\/p>\n<p>Ob sie nun den chaotischen Geist der schwedischen Black-Metal-Vertreter Watain und Dissection beschw\u00f6ren, den tiefen, dunklen und sinnlichen Groove von Danzig heraufbeschw\u00f6ren oder die rohe Geschwindigkeit und raue Energie von Mot\u00f6rhead heraufbeschw\u00f6ren &#8211; der Einfluss der Gr\u00fcnderv\u00e4ter des Metal ist tief in der DNA von Cloak verankert. Der Charme von Cloak liegt jedoch nicht nur in der Romantik der Vergangenheit, sondern vielmehr in der Art und Weise, wie jedes dieser Genres die pers\u00f6nliche Identit\u00e4t von Cloak gepr\u00e4gt hat. Und mit &#8220;Black Flame Eternal&#8221; baut Cloak seinen eigenen, einzigartigen und etablierten Sound weiter aus.<\/p>\n<p><strong>Tracks:<\/strong><\/p>\n<ol class=\"tracklisting\">\n<li>Ethereal Fire<\/li>\n<li>With Fury and Allegiance<\/li>\n<li>Shadowlands<\/li>\n<li>Invictus<\/li>\n<li>Seven Thunders<\/li>\n<li>Eye of the Abyss<\/li>\n<li>The Holy Dark<\/li>\n<li>Heavenless<\/li>\n<li>Black Flame Eternal<\/li>\n<\/ol>\n<p><strong>Genres:<\/strong> Black Metal, Gothic Metal<\/p>\n<p> <strong>Label:<\/strong> Season Of Mist<\/p>\n<p> <strong>Erscheinungsjahr:<\/strong> 2023<\/p>\n<p> <strong>K\u00fcnstler:<\/strong> CLOAK<\/p>\n<p> <strong>Spieldauer:<\/strong> 49:35<\/p>\n<p> <strong>Format:<\/strong> CD<\/p>\n<p> <strong>EAN:<\/strong> 0822603175424<\/p>\n<p><strong>GPSR Information:<\/strong><br \/>Manufacturer:<br \/>\nSoundworks (Seasons of Mist)<br \/>\n126 boulevard Bara<br \/>\nHeliopolis 2, Lot B4<br \/>\n13013 Marseille, France<br \/>\ninfo(at)season-of-mist.com<\/p>\n","protected":false},"excerpt":{"rendered":"<p>In einer \u00c4ra, die darauf ausgelegt ist, das Individuum niederzuschlagen und zu schw\u00e4chen, ist &#8220;Black Flame Eternal&#8221; ein Album, das St\u00e4rke, Erm\u00e4chtigung und totalen Widerstand repr\u00e4sentiert. Angesichts des zunehmenden Drucks, sich im modernen gesellschaftlichen Tribalismus zu engagieren, beschw\u00f6rt Cloak mit Album Nummer drei eine spirituelle Rebellion, die jenseits von Gut und B\u00f6se existiert. W\u00e4hrend Cloak [&#8230;]\n","protected":false},"featured_media":2633842,"comment_status":"open","ping_status":"closed","template":"","meta":[],"product_cat":[450],"product_tag":[],"class_list":{"0":"post-2633844","1":"product","2":"type-product","3":"status-publish","4":"has-post-thumbnail","6":"product_cat-cd-c","7":"pa_band-cloak","8":"pa_productgenre-black-metal","9":"pa_productgenre-gothic-metal","10":"pa_productlabel-season-of-mist","12":"first","13":"instock","14":"taxable","15":"shipping-taxable","16":"purchasable","17":"product-type-simple"},"yoast_head":"<!-- This site is optimized with the Yoast SEO plugin v22.9 - https:\/\/yoast.com\/wordpress\/plugins\/seo\/ -->\n<title>CLOAK - black flame eternal DigiCD - cudgel | Der ultimative Metal Online Store<\/title>\n<meta name=\"robots\" content=\"index, follow, max-snippet:-1, max-image-preview:large, max-video-preview:-1\" \/>\n<link rel=\"canonical\" href=\"https:\/\/www.cudgel.de\/produkt\/cloak-black-flame-eternal-digicd\/\" \/>\n<meta property=\"og:locale\" content=\"en_US\" \/>\n<meta property=\"og:type\" content=\"article\" \/>\n<meta property=\"og:title\" content=\"CLOAK - black flame eternal DigiCD - cudgel | Der ultimative Metal Online Store\" \/>\n<meta property=\"og:description\" content=\"In einer \u00c4ra, die darauf ausgelegt ist, das Individuum niederzuschlagen und zu schw\u00e4chen, ist &#8220;Black Flame Eternal&#8221; ein Album, das St\u00e4rke, Erm\u00e4chtigung und totalen Widerstand repr\u00e4sentiert. Angesichts des zunehmenden Drucks, sich im modernen gesellschaftlichen Tribalismus zu engagieren, beschw\u00f6rt Cloak mit Album Nummer drei eine spirituelle Rebellion, die jenseits von Gut und B\u00f6se existiert. W\u00e4hrend Cloak [...]\" \/>\n<meta property=\"og:url\" content=\"https:\/\/www.cudgel.de\/produkt\/cloak-black-flame-eternal-digicd\/\" \/>\n<meta property=\"og:site_name\" content=\"cudgel | Der ultimative Metal Online Store\" \/>\n<meta property=\"article:publisher\" content=\"https:\/\/www.facebook.com\/CudgelVertrieb\" \/>\n<meta property=\"article:modified_time\" content=\"2025-12-30T23:44:21+00:00\" \/>\n<meta property=\"og:image\" content=\"https:\/\/www.cudgel.de\/wp-content\/uploads\/2025\/08\/Art220754.jpg\" \/>\n\t<meta property=\"og:image:width\" content=\"1000\" \/>\n\t<meta property=\"og:image:height\" content=\"1000\" \/>\n\t<meta property=\"og:image:type\" content=\"image\/jpeg\" \/>\n<meta name=\"twitter:card\" content=\"summary_large_image\" \/>\n<meta name=\"twitter:label1\" content=\"Est. reading time\" \/>\n\t<meta name=\"twitter:data1\" content=\"1 minute\" \/>\n<script type=\"application\/ld+json\" class=\"yoast-schema-graph\">{\"@context\":\"https:\/\/schema.org\",\"@graph\":[{\"@type\":\"WebPage\",\"@id\":\"https:\/\/www.cudgel.de\/produkt\/cloak-black-flame-eternal-digicd\/\",\"url\":\"https:\/\/www.cudgel.de\/produkt\/cloak-black-flame-eternal-digicd\/\",\"name\":\"CLOAK - black flame eternal DigiCD - cudgel | Der ultimative Metal Online Store\",\"isPartOf\":{\"@id\":\"https:\/\/www.cudgel.de\/#website\"},\"primaryImageOfPage\":{\"@id\":\"https:\/\/www.cudgel.de\/produkt\/cloak-black-flame-eternal-digicd\/#primaryimage\"},\"image\":{\"@id\":\"https:\/\/www.cudgel.de\/produkt\/cloak-black-flame-eternal-digicd\/#primaryimage\"},\"thumbnailUrl\":\"https:\/\/www.cudgel.de\/wp-content\/uploads\/2025\/08\/Art220754.jpg\",\"datePublished\":\"2025-08-06T08:07:14+00:00\",\"dateModified\":\"2025-12-30T23:44:21+00:00\",\"breadcrumb\":{\"@id\":\"https:\/\/www.cudgel.de\/produkt\/cloak-black-flame-eternal-digicd\/#breadcrumb\"},\"inLanguage\":\"en-US\",\"potentialAction\":[{\"@type\":\"ReadAction\",\"target\":[\"https:\/\/www.cudgel.de\/produkt\/cloak-black-flame-eternal-digicd\/\"]}]},{\"@type\":\"ImageObject\",\"inLanguage\":\"en-US\",\"@id\":\"https:\/\/www.cudgel.de\/produkt\/cloak-black-flame-eternal-digicd\/#primaryimage\",\"url\":\"https:\/\/www.cudgel.de\/wp-content\/uploads\/2025\/08\/Art220754.jpg\",\"contentUrl\":\"https:\/\/www.cudgel.de\/wp-content\/uploads\/2025\/08\/Art220754.jpg\",\"width\":1000,\"height\":1000},{\"@type\":\"BreadcrumbList\",\"@id\":\"https:\/\/www.cudgel.de\/produkt\/cloak-black-flame-eternal-digicd\/#breadcrumb\",\"itemListElement\":[{\"@type\":\"ListItem\",\"position\":1,\"name\":\"Home\",\"item\":\"https:\/\/www.cudgel.de\/en\/\"},{\"@type\":\"ListItem\",\"position\":2,\"name\":\"Shop\",\"item\":\"https:\/\/www.cudgel.de\/en\/shop\/\"},{\"@type\":\"ListItem\",\"position\":3,\"name\":\"CLOAK &#8211; black flame eternal DigiCD\"}]},{\"@type\":\"WebSite\",\"@id\":\"https:\/\/www.cudgel.de\/#website\",\"url\":\"https:\/\/www.cudgel.de\/\",\"name\":\"cudgel | Der ultimative Metal Online Store\",\"description\":\"Eine weitere WordPress-Website\",\"publisher\":{\"@id\":\"https:\/\/www.cudgel.de\/#organization\"},\"potentialAction\":[{\"@type\":\"SearchAction\",\"target\":{\"@type\":\"EntryPoint\",\"urlTemplate\":\"https:\/\/www.cudgel.de\/?s={search_term_string}\"},\"query-input\":\"required name=search_term_string\"}],\"inLanguage\":\"en-US\"},{\"@type\":\"Organization\",\"@id\":\"https:\/\/www.cudgel.de\/#organization\",\"name\":\"cudgel | Der ultimative Metal Online Store\",\"url\":\"https:\/\/www.cudgel.de\/\",\"logo\":{\"@type\":\"ImageObject\",\"inLanguage\":\"en-US\",\"@id\":\"https:\/\/www.cudgel.de\/#\/schema\/logo\/image\/\",\"url\":\"https:\/\/www.cudgel.de\/wp-content\/uploads\/2024\/06\/cudgel-logo-neu-1-1400x419png.webp\",\"contentUrl\":\"https:\/\/www.cudgel.de\/wp-content\/uploads\/2024\/06\/cudgel-logo-neu-1-1400x419png.webp\",\"width\":1400,\"height\":419,\"caption\":\"cudgel | Der ultimative Metal Online Store\"},\"image\":{\"@id\":\"https:\/\/www.cudgel.de\/#\/schema\/logo\/image\/\"},\"sameAs\":[\"https:\/\/www.facebook.com\/CudgelVertrieb\"]}]}<\/script>\n<!-- \/ Yoast SEO plugin. -->","yoast_head_json":{"title":"CLOAK - black flame eternal DigiCD - cudgel | Der ultimative Metal Online Store","robots":{"index":"index","follow":"follow","max-snippet":"max-snippet:-1","max-image-preview":"max-image-preview:large","max-video-preview":"max-video-preview:-1"},"canonical":"https:\/\/www.cudgel.de\/produkt\/cloak-black-flame-eternal-digicd\/","og_locale":"en_US","og_type":"article","og_title":"CLOAK - black flame eternal DigiCD - cudgel | Der ultimative Metal Online Store","og_description":"In einer \u00c4ra, die darauf ausgelegt ist, das Individuum niederzuschlagen und zu schw\u00e4chen, ist &#8220;Black Flame Eternal&#8221; ein Album, das St\u00e4rke, Erm\u00e4chtigung und totalen Widerstand repr\u00e4sentiert. Angesichts des zunehmenden Drucks, sich im modernen gesellschaftlichen Tribalismus zu engagieren, beschw\u00f6rt Cloak mit Album Nummer drei eine spirituelle Rebellion, die jenseits von Gut und B\u00f6se existiert. W\u00e4hrend Cloak [...]","og_url":"https:\/\/www.cudgel.de\/produkt\/cloak-black-flame-eternal-digicd\/","og_site_name":"cudgel | Der ultimative Metal Online Store","article_publisher":"https:\/\/www.facebook.com\/CudgelVertrieb","article_modified_time":"2025-12-30T23:44:21+00:00","og_image":[{"width":1000,"height":1000,"url":"https:\/\/www.cudgel.de\/wp-content\/uploads\/2025\/08\/Art220754.jpg","type":"image\/jpeg"}],"twitter_card":"summary_large_image","twitter_misc":{"Est. reading time":"1 minute"},"schema":{"@context":"https:\/\/schema.org","@graph":[{"@type":"WebPage","@id":"https:\/\/www.cudgel.de\/produkt\/cloak-black-flame-eternal-digicd\/","url":"https:\/\/www.cudgel.de\/produkt\/cloak-black-flame-eternal-digicd\/","name":"CLOAK - black flame eternal DigiCD - cudgel | Der ultimative Metal Online Store","isPartOf":{"@id":"https:\/\/www.cudgel.de\/#website"},"primaryImageOfPage":{"@id":"https:\/\/www.cudgel.de\/produkt\/cloak-black-flame-eternal-digicd\/#primaryimage"},"image":{"@id":"https:\/\/www.cudgel.de\/produkt\/cloak-black-flame-eternal-digicd\/#primaryimage"},"thumbnailUrl":"https:\/\/www.cudgel.de\/wp-content\/uploads\/2025\/08\/Art220754.jpg","datePublished":"2025-08-06T08:07:14+00:00","dateModified":"2025-12-30T23:44:21+00:00","breadcrumb":{"@id":"https:\/\/www.cudgel.de\/produkt\/cloak-black-flame-eternal-digicd\/#breadcrumb"},"inLanguage":"en-US","potentialAction":[{"@type":"ReadAction","target":["https:\/\/www.cudgel.de\/produkt\/cloak-black-flame-eternal-digicd\/"]}]},{"@type":"ImageObject","inLanguage":"en-US","@id":"https:\/\/www.cudgel.de\/produkt\/cloak-black-flame-eternal-digicd\/#primaryimage","url":"https:\/\/www.cudgel.de\/wp-content\/uploads\/2025\/08\/Art220754.jpg","contentUrl":"https:\/\/www.cudgel.de\/wp-content\/uploads\/2025\/08\/Art220754.jpg","width":1000,"height":1000},{"@type":"BreadcrumbList","@id":"https:\/\/www.cudgel.de\/produkt\/cloak-black-flame-eternal-digicd\/#breadcrumb","itemListElement":[{"@type":"ListItem","position":1,"name":"Home","item":"https:\/\/www.cudgel.de\/en\/"},{"@type":"ListItem","position":2,"name":"Shop","item":"https:\/\/www.cudgel.de\/en\/shop\/"},{"@type":"ListItem","position":3,"name":"CLOAK &#8211; black flame eternal DigiCD"}]},{"@type":"WebSite","@id":"https:\/\/www.cudgel.de\/#website","url":"https:\/\/www.cudgel.de\/","name":"cudgel | Der ultimative Metal Online Store","description":"Eine weitere WordPress-Website","publisher":{"@id":"https:\/\/www.cudgel.de\/#organization"},"potentialAction":[{"@type":"SearchAction","target":{"@type":"EntryPoint","urlTemplate":"https:\/\/www.cudgel.de\/?s={search_term_string}"},"query-input":"required name=search_term_string"}],"inLanguage":"en-US"},{"@type":"Organization","@id":"https:\/\/www.cudgel.de\/#organization","name":"cudgel | Der ultimative Metal Online Store","url":"https:\/\/www.cudgel.de\/","logo":{"@type":"ImageObject","inLanguage":"en-US","@id":"https:\/\/www.cudgel.de\/#\/schema\/logo\/image\/","url":"https:\/\/www.cudgel.de\/wp-content\/uploads\/2024\/06\/cudgel-logo-neu-1-1400x419png.webp","contentUrl":"https:\/\/www.cudgel.de\/wp-content\/uploads\/2024\/06\/cudgel-logo-neu-1-1400x419png.webp","width":1400,"height":419,"caption":"cudgel | Der ultimative Metal Online Store"},"image":{"@id":"https:\/\/www.cudgel.de\/#\/schema\/logo\/image\/"},"sameAs":["https:\/\/www.facebook.com\/CudgelVertrieb"]}]}},"_links":{"self":[{"href":"https:\/\/www.cudgel.de\/en\/wp-json\/wp\/v2\/product\/2633844","targetHints":{"allow":["GET"]}}],"collection":[{"href":"https:\/\/www.cudgel.de\/en\/wp-json\/wp\/v2\/product"}],"about":[{"href":"https:\/\/www.cudgel.de\/en\/wp-json\/wp\/v2\/types\/product"}],"replies":[{"embeddable":true,"href":"https:\/\/www.cudgel.de\/en\/wp-json\/wp\/v2\/comments?post=2633844"}],"wp:featuredmedia":[{"embeddable":true,"href":"https:\/\/www.cudgel.de\/en\/wp-json\/wp\/v2\/media\/2633842"}],"wp:attachment":[{"href":"https:\/\/www.cudgel.de\/en\/wp-json\/wp\/v2\/media?parent=2633844"}],"wp:term":[{"taxonomy":"product_cat","embeddable":true,"href":"https:\/\/www.cudgel.de\/en\/wp-json\/wp\/v2\/product_cat?post=2633844"},{"taxonomy":"product_tag","embeddable":true,"href":"https:\/\/www.cudgel.de\/en\/wp-json\/wp\/v2\/product_tag?post=2633844"}],"curies":[{"name":"wp","href":"https:\/\/api.w.org\/{rel}","templated":true}]}}