{"id":2664568,"date":"2025-08-18T11:26:19","date_gmt":"2025-08-18T09:26:19","guid":{"rendered":"https:\/\/www.cudgel.de\/produkt\/thorns-stigma-diabolicum-dlp-black\/"},"modified":"2025-12-31T19:09:34","modified_gmt":"2025-12-31T18:09:34","slug":"thorns-stigma-diabolicum-dlp-black","status":"publish","type":"product","link":"https:\/\/www.cudgel.de\/en\/product\/thorns-stigma-diabolicum-dlp-black\/","title":{"rendered":"THORNS &#8211; stigma diabolicum DLP black"},"content":{"rendered":"<p>Gatefold 2-LP (schwarzes Vinyl), inkl. A2 Poster, gef\u00fctterten innenh\u00fcllen und Schutzh\u00fclle<\/p>\n<p>Die fr\u00fchen Aufnahmen von THORNS und ihrer Vorg\u00e4ngerband STIGMA DIABOLICUM z\u00e4hlen zu den legend\u00e4rsten und einflussreichsten Werken des norwegischen Black Metal \u00fcberhaupt. Dazu geh\u00f6ren das Demo &#8220;Luna De Nocturnus&#8221; (1991) und das Rehearsal von STIGMA DIABOLICUM sowie die THORNS-Demos &#8220;Grymyrk&#8221; (1991) und &#8220;Tr\u00f8ndertun&#8221; (1992). Mastermind Snorre Ruch alias Blackthorn gilt als der urspr\u00fcngliche Sch\u00f6pfer des nordischen Black-Metal-Gitarrensounds, der in Kombination mit dem Riffing und den Konzepten von MAYHEMs \u00d8ystein &#8220;Euronymous&#8221; Aarseth den klanglichen Grundstein der ebenso ber\u00fchmten wie ber\u00fcchtigten norwegischen Szene und sp\u00e4ter des darauf folgenden globalen Ph\u00e4nomens legte.<\/p>\n<p>Diese sehr bedeutsamen Ver\u00f6ffentlichungen wurden bereits 2007 und 2015 von Kyrck Productions unter dem Titel &#8220;Stigma Diabolicum&#8221; zusammengestellt und physisch ver\u00f6ffentlicht. Mit den aktuellen Neuauflagen werden diese historischen Aufnahmen jedoch endlich auf eine Weise in Szene gesetzt, die sie verdienen. Die Seiten der hochwertigen 36-seitigen Artbook-CD-Edition enthalten pers\u00f6nliche Erinnerungen und Notizen der urspr\u00fcnglichen Bandmitglieder, die Geschichten erz\u00e4hlen und faszinierende Einblicke in die Zeit der Wiedergeburt des Black Metal bieten. Sie enthalten au\u00dferdem eine Sammlung seltener Fotos, die unverf\u00e4lschte Momente hinter den Kulissen einfangen und ihren intensiven, eigenwilligen Kreationen eine zus\u00e4tzliche Ebene verleihen. Die K\u00fcnstler offenbaren, was sie von anderen abhob und warum ihr Verm\u00e4chtnis so heraussticht.<\/p>\n<p><strong>Tracks:<\/strong><\/p>\n<ol class=\"tracklisting\">\n<li>Aerie Descent<\/li>\n<li>Funeral Marches To The Grave<\/li>\n<li>Lovely Children<\/li>\n<li>Fairytales<\/li>\n<li>Fall<\/li>\n<li>Thule<\/li>\n<li>Home<\/li>\n<li>You That Mingle May<\/li>\n<li>Into The Promised Land (Rehearsal)<\/li>\n<li>Lacus De Luna (Rehearsal)<\/li>\n<li>Mare Frigoris<\/li>\n<li>Into The Promised Land<\/li>\n<li>Lacus De Luna<\/li>\n<li>Thule (Rehearsal)<\/li>\n<li>Fall (Rehearsal)<\/li>\n<\/ol>\n<p><strong>Genres:<\/strong> Black Metal, Industrial Metal<\/p>\n<p><strong>GPSR Information:<\/strong><br \/>Manufacturer:<br \/>\nWeltnetz S.\u00e0r.l. \/ Prophecy Productions<br \/>\n40-42 Grand Rue, 6630 Wasserbillig, Luxemburg<br \/>\npost(at)spkr.media<\/p>\n","protected":false},"excerpt":{"rendered":"<p>Gatefold 2-LP (schwarzes Vinyl), inkl. A2 Poster, gef\u00fctterten innenh\u00fcllen und Schutzh\u00fclle Die fr\u00fchen Aufnahmen von THORNS und ihrer Vorg\u00e4ngerband STIGMA DIABOLICUM z\u00e4hlen zu den legend\u00e4rsten und einflussreichsten Werken des norwegischen Black Metal \u00fcberhaupt. Dazu geh\u00f6ren das Demo &#8220;Luna De Nocturnus&#8221; (1991) und das Rehearsal von STIGMA DIABOLICUM sowie die THORNS-Demos &#8220;Grymyrk&#8221; (1991) und &#8220;Tr\u00f8ndertun&#8221; (1992). [&#8230;]\n","protected":false},"featured_media":2664566,"comment_status":"open","ping_status":"closed","template":"","meta":[],"product_cat":[463,442],"product_tag":[],"class_list":{"0":"post-2664568","1":"product","2":"type-product","3":"status-publish","4":"has-post-thumbnail","6":"product_cat-cd-t","7":"product_cat-vinyl-t","8":"pa_band-thorns","9":"pa_productgenre-black-metal","10":"pa_productgenre-industrial-metal","11":"pa_productlabel-kyrck-productions-armour","13":"first","14":"instock","15":"taxable","16":"shipping-taxable","17":"purchasable","18":"product-type-simple"},"yoast_head":"<!-- This site is optimized with the Yoast SEO plugin v22.9 - https:\/\/yoast.com\/wordpress\/plugins\/seo\/ -->\n<title>THORNS - stigma diabolicum DLP black - cudgel | Der ultimative Metal Online Store<\/title>\n<meta name=\"robots\" content=\"index, follow, max-snippet:-1, max-image-preview:large, max-video-preview:-1\" \/>\n<link rel=\"canonical\" href=\"https:\/\/www.cudgel.de\/produkt\/thorns-stigma-diabolicum-dlp-black\/\" \/>\n<meta property=\"og:locale\" content=\"en_US\" \/>\n<meta property=\"og:type\" content=\"article\" \/>\n<meta property=\"og:title\" content=\"THORNS - stigma diabolicum DLP black - cudgel | Der ultimative Metal Online Store\" \/>\n<meta property=\"og:description\" content=\"Gatefold 2-LP (schwarzes Vinyl), inkl. A2 Poster, gef\u00fctterten innenh\u00fcllen und Schutzh\u00fclle Die fr\u00fchen Aufnahmen von THORNS und ihrer Vorg\u00e4ngerband STIGMA DIABOLICUM z\u00e4hlen zu den legend\u00e4rsten und einflussreichsten Werken des norwegischen Black Metal \u00fcberhaupt. Dazu geh\u00f6ren das Demo &#8220;Luna De Nocturnus&#8221; (1991) und das Rehearsal von STIGMA DIABOLICUM sowie die THORNS-Demos &#8220;Grymyrk&#8221; (1991) und &#8220;Tr\u00f8ndertun&#8221; (1992). [...]\" \/>\n<meta property=\"og:url\" content=\"https:\/\/www.cudgel.de\/produkt\/thorns-stigma-diabolicum-dlp-black\/\" \/>\n<meta property=\"og:site_name\" content=\"cudgel | Der ultimative Metal Online Store\" \/>\n<meta property=\"article:publisher\" content=\"https:\/\/www.facebook.com\/CudgelVertrieb\" \/>\n<meta property=\"article:modified_time\" content=\"2025-12-31T18:09:34+00:00\" \/>\n<meta property=\"og:image\" content=\"https:\/\/www.cudgel.de\/wp-content\/uploads\/2025\/08\/Art110690-1.jpg\" \/>\n\t<meta property=\"og:image:width\" content=\"1000\" \/>\n\t<meta property=\"og:image:height\" content=\"1000\" \/>\n\t<meta property=\"og:image:type\" content=\"image\/jpeg\" \/>\n<meta name=\"twitter:card\" content=\"summary_large_image\" \/>\n<meta name=\"twitter:label1\" content=\"Est. reading time\" \/>\n\t<meta name=\"twitter:data1\" content=\"1 minute\" \/>\n<script type=\"application\/ld+json\" class=\"yoast-schema-graph\">{\"@context\":\"https:\/\/schema.org\",\"@graph\":[{\"@type\":\"WebPage\",\"@id\":\"https:\/\/www.cudgel.de\/produkt\/thorns-stigma-diabolicum-dlp-black\/\",\"url\":\"https:\/\/www.cudgel.de\/produkt\/thorns-stigma-diabolicum-dlp-black\/\",\"name\":\"THORNS - stigma diabolicum DLP black - cudgel | Der ultimative Metal Online Store\",\"isPartOf\":{\"@id\":\"https:\/\/www.cudgel.de\/#website\"},\"primaryImageOfPage\":{\"@id\":\"https:\/\/www.cudgel.de\/produkt\/thorns-stigma-diabolicum-dlp-black\/#primaryimage\"},\"image\":{\"@id\":\"https:\/\/www.cudgel.de\/produkt\/thorns-stigma-diabolicum-dlp-black\/#primaryimage\"},\"thumbnailUrl\":\"https:\/\/www.cudgel.de\/wp-content\/uploads\/2025\/08\/Art110690-1.jpg\",\"datePublished\":\"2025-08-18T09:26:19+00:00\",\"dateModified\":\"2025-12-31T18:09:34+00:00\",\"breadcrumb\":{\"@id\":\"https:\/\/www.cudgel.de\/produkt\/thorns-stigma-diabolicum-dlp-black\/#breadcrumb\"},\"inLanguage\":\"en-US\",\"potentialAction\":[{\"@type\":\"ReadAction\",\"target\":[\"https:\/\/www.cudgel.de\/produkt\/thorns-stigma-diabolicum-dlp-black\/\"]}]},{\"@type\":\"ImageObject\",\"inLanguage\":\"en-US\",\"@id\":\"https:\/\/www.cudgel.de\/produkt\/thorns-stigma-diabolicum-dlp-black\/#primaryimage\",\"url\":\"https:\/\/www.cudgel.de\/wp-content\/uploads\/2025\/08\/Art110690-1.jpg\",\"contentUrl\":\"https:\/\/www.cudgel.de\/wp-content\/uploads\/2025\/08\/Art110690-1.jpg\",\"width\":1000,\"height\":1000},{\"@type\":\"BreadcrumbList\",\"@id\":\"https:\/\/www.cudgel.de\/produkt\/thorns-stigma-diabolicum-dlp-black\/#breadcrumb\",\"itemListElement\":[{\"@type\":\"ListItem\",\"position\":1,\"name\":\"Home\",\"item\":\"https:\/\/www.cudgel.de\/en\/\"},{\"@type\":\"ListItem\",\"position\":2,\"name\":\"Shop\",\"item\":\"https:\/\/www.cudgel.de\/en\/shop\/\"},{\"@type\":\"ListItem\",\"position\":3,\"name\":\"THORNS &#8211; stigma diabolicum DLP black\"}]},{\"@type\":\"WebSite\",\"@id\":\"https:\/\/www.cudgel.de\/#website\",\"url\":\"https:\/\/www.cudgel.de\/\",\"name\":\"cudgel | Der ultimative Metal Online Store\",\"description\":\"Eine weitere WordPress-Website\",\"publisher\":{\"@id\":\"https:\/\/www.cudgel.de\/#organization\"},\"potentialAction\":[{\"@type\":\"SearchAction\",\"target\":{\"@type\":\"EntryPoint\",\"urlTemplate\":\"https:\/\/www.cudgel.de\/?s={search_term_string}\"},\"query-input\":\"required name=search_term_string\"}],\"inLanguage\":\"en-US\"},{\"@type\":\"Organization\",\"@id\":\"https:\/\/www.cudgel.de\/#organization\",\"name\":\"cudgel | Der ultimative Metal Online Store\",\"url\":\"https:\/\/www.cudgel.de\/\",\"logo\":{\"@type\":\"ImageObject\",\"inLanguage\":\"en-US\",\"@id\":\"https:\/\/www.cudgel.de\/#\/schema\/logo\/image\/\",\"url\":\"https:\/\/www.cudgel.de\/wp-content\/uploads\/2024\/06\/cudgel-logo-neu-1-1400x419png.webp\",\"contentUrl\":\"https:\/\/www.cudgel.de\/wp-content\/uploads\/2024\/06\/cudgel-logo-neu-1-1400x419png.webp\",\"width\":1400,\"height\":419,\"caption\":\"cudgel | Der ultimative Metal Online Store\"},\"image\":{\"@id\":\"https:\/\/www.cudgel.de\/#\/schema\/logo\/image\/\"},\"sameAs\":[\"https:\/\/www.facebook.com\/CudgelVertrieb\"]}]}<\/script>\n<!-- \/ Yoast SEO plugin. -->","yoast_head_json":{"title":"THORNS - stigma diabolicum DLP black - cudgel | Der ultimative Metal Online Store","robots":{"index":"index","follow":"follow","max-snippet":"max-snippet:-1","max-image-preview":"max-image-preview:large","max-video-preview":"max-video-preview:-1"},"canonical":"https:\/\/www.cudgel.de\/produkt\/thorns-stigma-diabolicum-dlp-black\/","og_locale":"en_US","og_type":"article","og_title":"THORNS - stigma diabolicum DLP black - cudgel | Der ultimative Metal Online Store","og_description":"Gatefold 2-LP (schwarzes Vinyl), inkl. A2 Poster, gef\u00fctterten innenh\u00fcllen und Schutzh\u00fclle Die fr\u00fchen Aufnahmen von THORNS und ihrer Vorg\u00e4ngerband STIGMA DIABOLICUM z\u00e4hlen zu den legend\u00e4rsten und einflussreichsten Werken des norwegischen Black Metal \u00fcberhaupt. Dazu geh\u00f6ren das Demo &#8220;Luna De Nocturnus&#8221; (1991) und das Rehearsal von STIGMA DIABOLICUM sowie die THORNS-Demos &#8220;Grymyrk&#8221; (1991) und &#8220;Tr\u00f8ndertun&#8221; (1992). [...]","og_url":"https:\/\/www.cudgel.de\/produkt\/thorns-stigma-diabolicum-dlp-black\/","og_site_name":"cudgel | Der ultimative Metal Online Store","article_publisher":"https:\/\/www.facebook.com\/CudgelVertrieb","article_modified_time":"2025-12-31T18:09:34+00:00","og_image":[{"width":1000,"height":1000,"url":"https:\/\/www.cudgel.de\/wp-content\/uploads\/2025\/08\/Art110690-1.jpg","type":"image\/jpeg"}],"twitter_card":"summary_large_image","twitter_misc":{"Est. reading time":"1 minute"},"schema":{"@context":"https:\/\/schema.org","@graph":[{"@type":"WebPage","@id":"https:\/\/www.cudgel.de\/produkt\/thorns-stigma-diabolicum-dlp-black\/","url":"https:\/\/www.cudgel.de\/produkt\/thorns-stigma-diabolicum-dlp-black\/","name":"THORNS - stigma diabolicum DLP black - cudgel | Der ultimative Metal Online Store","isPartOf":{"@id":"https:\/\/www.cudgel.de\/#website"},"primaryImageOfPage":{"@id":"https:\/\/www.cudgel.de\/produkt\/thorns-stigma-diabolicum-dlp-black\/#primaryimage"},"image":{"@id":"https:\/\/www.cudgel.de\/produkt\/thorns-stigma-diabolicum-dlp-black\/#primaryimage"},"thumbnailUrl":"https:\/\/www.cudgel.de\/wp-content\/uploads\/2025\/08\/Art110690-1.jpg","datePublished":"2025-08-18T09:26:19+00:00","dateModified":"2025-12-31T18:09:34+00:00","breadcrumb":{"@id":"https:\/\/www.cudgel.de\/produkt\/thorns-stigma-diabolicum-dlp-black\/#breadcrumb"},"inLanguage":"en-US","potentialAction":[{"@type":"ReadAction","target":["https:\/\/www.cudgel.de\/produkt\/thorns-stigma-diabolicum-dlp-black\/"]}]},{"@type":"ImageObject","inLanguage":"en-US","@id":"https:\/\/www.cudgel.de\/produkt\/thorns-stigma-diabolicum-dlp-black\/#primaryimage","url":"https:\/\/www.cudgel.de\/wp-content\/uploads\/2025\/08\/Art110690-1.jpg","contentUrl":"https:\/\/www.cudgel.de\/wp-content\/uploads\/2025\/08\/Art110690-1.jpg","width":1000,"height":1000},{"@type":"BreadcrumbList","@id":"https:\/\/www.cudgel.de\/produkt\/thorns-stigma-diabolicum-dlp-black\/#breadcrumb","itemListElement":[{"@type":"ListItem","position":1,"name":"Home","item":"https:\/\/www.cudgel.de\/en\/"},{"@type":"ListItem","position":2,"name":"Shop","item":"https:\/\/www.cudgel.de\/en\/shop\/"},{"@type":"ListItem","position":3,"name":"THORNS &#8211; stigma diabolicum DLP black"}]},{"@type":"WebSite","@id":"https:\/\/www.cudgel.de\/#website","url":"https:\/\/www.cudgel.de\/","name":"cudgel | Der ultimative Metal Online Store","description":"Eine weitere WordPress-Website","publisher":{"@id":"https:\/\/www.cudgel.de\/#organization"},"potentialAction":[{"@type":"SearchAction","target":{"@type":"EntryPoint","urlTemplate":"https:\/\/www.cudgel.de\/?s={search_term_string}"},"query-input":"required name=search_term_string"}],"inLanguage":"en-US"},{"@type":"Organization","@id":"https:\/\/www.cudgel.de\/#organization","name":"cudgel | Der ultimative Metal Online Store","url":"https:\/\/www.cudgel.de\/","logo":{"@type":"ImageObject","inLanguage":"en-US","@id":"https:\/\/www.cudgel.de\/#\/schema\/logo\/image\/","url":"https:\/\/www.cudgel.de\/wp-content\/uploads\/2024\/06\/cudgel-logo-neu-1-1400x419png.webp","contentUrl":"https:\/\/www.cudgel.de\/wp-content\/uploads\/2024\/06\/cudgel-logo-neu-1-1400x419png.webp","width":1400,"height":419,"caption":"cudgel | Der ultimative Metal Online Store"},"image":{"@id":"https:\/\/www.cudgel.de\/#\/schema\/logo\/image\/"},"sameAs":["https:\/\/www.facebook.com\/CudgelVertrieb"]}]}},"_links":{"self":[{"href":"https:\/\/www.cudgel.de\/en\/wp-json\/wp\/v2\/product\/2664568","targetHints":{"allow":["GET"]}}],"collection":[{"href":"https:\/\/www.cudgel.de\/en\/wp-json\/wp\/v2\/product"}],"about":[{"href":"https:\/\/www.cudgel.de\/en\/wp-json\/wp\/v2\/types\/product"}],"replies":[{"embeddable":true,"href":"https:\/\/www.cudgel.de\/en\/wp-json\/wp\/v2\/comments?post=2664568"}],"wp:featuredmedia":[{"embeddable":true,"href":"https:\/\/www.cudgel.de\/en\/wp-json\/wp\/v2\/media\/2664566"}],"wp:attachment":[{"href":"https:\/\/www.cudgel.de\/en\/wp-json\/wp\/v2\/media?parent=2664568"}],"wp:term":[{"taxonomy":"product_cat","embeddable":true,"href":"https:\/\/www.cudgel.de\/en\/wp-json\/wp\/v2\/product_cat?post=2664568"},{"taxonomy":"product_tag","embeddable":true,"href":"https:\/\/www.cudgel.de\/en\/wp-json\/wp\/v2\/product_tag?post=2664568"}],"curies":[{"name":"wp","href":"https:\/\/api.w.org\/{rel}","templated":true}]}}