{"id":2674959,"date":"2025-08-25T12:07:48","date_gmt":"2025-08-25T10:07:48","guid":{"rendered":"https:\/\/www.cudgel.de\/produkt\/simple-existenz-truemmer-cd\/"},"modified":"2025-12-31T19:11:25","modified_gmt":"2025-12-31T18:11:25","slug":"simple-existenz-truemmer-cd","status":"publish","type":"product","link":"https:\/\/www.cudgel.de\/en\/product\/simple-existenz-truemmer-cd\/","title":{"rendered":"SIMPLE EXISTENZ &#8211; tr\u00fcmmer CD"},"content":{"rendered":"<p>D\u00fcster. Apokalyptisch. Unvers\u00f6hnlich.<\/p>\n<p>Simple Existenz ist das Soloprojekt von Zorn \u0096 ehemals Gitarrist der legend\u00e4ren deutschen Black-Metal-Formation Nagelfar. Mit einer Mischung aus roher Energie, atmosph\u00e4rischen Klangw\u00e4nden und tiefgreifenden Texten bewegt sich Simple Existenz jenseits von Genregrenzen \u0096 zwischen Black Metal, Dark Metal und nihilistischer Klangkunst.<\/p>\n<p>Das aktuelle Album \u0084Tr\u00fcmmer\u0093 ist ein Monument aus Verzweiflung, Klanggewalt und innerem Zerfall.<br \/>\nJede Ver\u00f6ffentlichung ist ein Fragment aus einem zerschellenden Kosmos.<\/p>\n<p><strong>Tracks:<\/strong><\/p>\n<ol class=\"tracklisting\">\n<li>Zorn<\/li>\n<li>Das Leid des Prometheus<\/li>\n<li>Das Blut am Boden<\/li>\n<li>27<\/li>\n<li>Schmutz<\/li>\n<li>Der letzte Instinkt<\/li>\n<li>Der Turm<\/li>\n<li>Der letzte Lupan<\/li>\n<li>Das Silo<\/li>\n<\/ol>\n<p><strong>Genres:<\/strong> Black Metal<\/p>\n<p> <strong>Label:<\/strong> Undercover Records<\/p>\n<p> <strong>Erscheinungsjahr:<\/strong> 2025<\/p>\n<p> <strong>K\u00fcnstler:<\/strong> SIMPLE EXISTENZ<\/p>\n<p> <strong>Spieldauer:<\/strong> 50:55<\/p>\n<p> <strong>Format:<\/strong> CD<\/p>\n<p> <strong>EAN:<\/strong> 4270004660821<\/p>\n<p><strong>GPSR Information:<\/strong><br \/>Manufacturer:<br \/>\nUndercover Records<br \/>\nLange Str. 2, 35619 Braunfels, Germany<br \/>\ncontact(at)undercover-records.de<\/p>\n","protected":false},"excerpt":{"rendered":"<p>D\u00fcster. Apokalyptisch. Unvers\u00f6hnlich. Simple Existenz ist das Soloprojekt von Zorn \u0096 ehemals Gitarrist der legend\u00e4ren deutschen Black-Metal-Formation Nagelfar. Mit einer Mischung aus roher Energie, atmosph\u00e4rischen Klangw\u00e4nden und tiefgreifenden Texten bewegt sich Simple Existenz jenseits von Genregrenzen \u0096 zwischen Black Metal, Dark Metal und nihilistischer Klangkunst. Das aktuelle Album \u0084Tr\u00fcmmer\u0093 ist ein Monument aus Verzweiflung, Klanggewalt [&#8230;]\n","protected":false},"featured_media":2674957,"comment_status":"open","ping_status":"closed","template":"","meta":[],"product_cat":[462],"product_tag":[],"class_list":{"0":"post-2674959","1":"product","2":"type-product","3":"status-publish","4":"has-post-thumbnail","6":"product_cat-cd-s","7":"pa_band-simple-existenz","8":"pa_productgenre-black-metal","9":"pa_productlabel-undercover-records","11":"first","12":"instock","13":"taxable","14":"shipping-taxable","15":"purchasable","16":"product-type-simple"},"yoast_head":"<!-- This site is optimized with the Yoast SEO plugin v22.9 - https:\/\/yoast.com\/wordpress\/plugins\/seo\/ -->\n<title>SIMPLE EXISTENZ - tr\u00fcmmer CD - cudgel | Der ultimative Metal Online Store<\/title>\n<meta name=\"robots\" content=\"index, follow, max-snippet:-1, max-image-preview:large, max-video-preview:-1\" \/>\n<link rel=\"canonical\" href=\"https:\/\/www.cudgel.de\/produkt\/simple-existenz-truemmer-cd\/\" \/>\n<meta property=\"og:locale\" content=\"en_US\" \/>\n<meta property=\"og:type\" content=\"article\" \/>\n<meta property=\"og:title\" content=\"SIMPLE EXISTENZ - tr\u00fcmmer CD - cudgel | Der ultimative Metal Online Store\" \/>\n<meta property=\"og:description\" content=\"D\u00fcster. Apokalyptisch. Unvers\u00f6hnlich. Simple Existenz ist das Soloprojekt von Zorn \u0096 ehemals Gitarrist der legend\u00e4ren deutschen Black-Metal-Formation Nagelfar. Mit einer Mischung aus roher Energie, atmosph\u00e4rischen Klangw\u00e4nden und tiefgreifenden Texten bewegt sich Simple Existenz jenseits von Genregrenzen \u0096 zwischen Black Metal, Dark Metal und nihilistischer Klangkunst. Das aktuelle Album \u0084Tr\u00fcmmer\u0093 ist ein Monument aus Verzweiflung, Klanggewalt [...]\" \/>\n<meta property=\"og:url\" content=\"https:\/\/www.cudgel.de\/produkt\/simple-existenz-truemmer-cd\/\" \/>\n<meta property=\"og:site_name\" content=\"cudgel | Der ultimative Metal Online Store\" \/>\n<meta property=\"article:publisher\" content=\"https:\/\/www.facebook.com\/CudgelVertrieb\" \/>\n<meta property=\"article:modified_time\" content=\"2025-12-31T18:11:25+00:00\" \/>\n<meta property=\"og:image\" content=\"https:\/\/www.cudgel.de\/wp-content\/uploads\/2025\/08\/Art222771.jpg\" \/>\n\t<meta property=\"og:image:width\" content=\"1000\" \/>\n\t<meta property=\"og:image:height\" content=\"1000\" \/>\n\t<meta property=\"og:image:type\" content=\"image\/jpeg\" \/>\n<meta name=\"twitter:card\" content=\"summary_large_image\" \/>\n<meta name=\"twitter:label1\" content=\"Est. reading time\" \/>\n\t<meta name=\"twitter:data1\" content=\"1 minute\" \/>\n<script type=\"application\/ld+json\" class=\"yoast-schema-graph\">{\"@context\":\"https:\/\/schema.org\",\"@graph\":[{\"@type\":\"WebPage\",\"@id\":\"https:\/\/www.cudgel.de\/produkt\/simple-existenz-truemmer-cd\/\",\"url\":\"https:\/\/www.cudgel.de\/produkt\/simple-existenz-truemmer-cd\/\",\"name\":\"SIMPLE EXISTENZ - tr\u00fcmmer CD - cudgel | Der ultimative Metal Online Store\",\"isPartOf\":{\"@id\":\"https:\/\/www.cudgel.de\/#website\"},\"primaryImageOfPage\":{\"@id\":\"https:\/\/www.cudgel.de\/produkt\/simple-existenz-truemmer-cd\/#primaryimage\"},\"image\":{\"@id\":\"https:\/\/www.cudgel.de\/produkt\/simple-existenz-truemmer-cd\/#primaryimage\"},\"thumbnailUrl\":\"https:\/\/www.cudgel.de\/wp-content\/uploads\/2025\/08\/Art222771.jpg\",\"datePublished\":\"2025-08-25T10:07:48+00:00\",\"dateModified\":\"2025-12-31T18:11:25+00:00\",\"breadcrumb\":{\"@id\":\"https:\/\/www.cudgel.de\/produkt\/simple-existenz-truemmer-cd\/#breadcrumb\"},\"inLanguage\":\"en-US\",\"potentialAction\":[{\"@type\":\"ReadAction\",\"target\":[\"https:\/\/www.cudgel.de\/produkt\/simple-existenz-truemmer-cd\/\"]}]},{\"@type\":\"ImageObject\",\"inLanguage\":\"en-US\",\"@id\":\"https:\/\/www.cudgel.de\/produkt\/simple-existenz-truemmer-cd\/#primaryimage\",\"url\":\"https:\/\/www.cudgel.de\/wp-content\/uploads\/2025\/08\/Art222771.jpg\",\"contentUrl\":\"https:\/\/www.cudgel.de\/wp-content\/uploads\/2025\/08\/Art222771.jpg\",\"width\":1000,\"height\":1000},{\"@type\":\"BreadcrumbList\",\"@id\":\"https:\/\/www.cudgel.de\/produkt\/simple-existenz-truemmer-cd\/#breadcrumb\",\"itemListElement\":[{\"@type\":\"ListItem\",\"position\":1,\"name\":\"Home\",\"item\":\"https:\/\/www.cudgel.de\/en\/\"},{\"@type\":\"ListItem\",\"position\":2,\"name\":\"Shop\",\"item\":\"https:\/\/www.cudgel.de\/en\/shop\/\"},{\"@type\":\"ListItem\",\"position\":3,\"name\":\"SIMPLE EXISTENZ &#8211; tr\u00fcmmer CD\"}]},{\"@type\":\"WebSite\",\"@id\":\"https:\/\/www.cudgel.de\/#website\",\"url\":\"https:\/\/www.cudgel.de\/\",\"name\":\"cudgel | Der ultimative Metal Online Store\",\"description\":\"Eine weitere WordPress-Website\",\"publisher\":{\"@id\":\"https:\/\/www.cudgel.de\/#organization\"},\"potentialAction\":[{\"@type\":\"SearchAction\",\"target\":{\"@type\":\"EntryPoint\",\"urlTemplate\":\"https:\/\/www.cudgel.de\/?s={search_term_string}\"},\"query-input\":\"required name=search_term_string\"}],\"inLanguage\":\"en-US\"},{\"@type\":\"Organization\",\"@id\":\"https:\/\/www.cudgel.de\/#organization\",\"name\":\"cudgel | Der ultimative Metal Online Store\",\"url\":\"https:\/\/www.cudgel.de\/\",\"logo\":{\"@type\":\"ImageObject\",\"inLanguage\":\"en-US\",\"@id\":\"https:\/\/www.cudgel.de\/#\/schema\/logo\/image\/\",\"url\":\"https:\/\/www.cudgel.de\/wp-content\/uploads\/2024\/06\/cudgel-logo-neu-1-1400x419png.webp\",\"contentUrl\":\"https:\/\/www.cudgel.de\/wp-content\/uploads\/2024\/06\/cudgel-logo-neu-1-1400x419png.webp\",\"width\":1400,\"height\":419,\"caption\":\"cudgel | Der ultimative Metal Online Store\"},\"image\":{\"@id\":\"https:\/\/www.cudgel.de\/#\/schema\/logo\/image\/\"},\"sameAs\":[\"https:\/\/www.facebook.com\/CudgelVertrieb\"]}]}<\/script>\n<!-- \/ Yoast SEO plugin. -->","yoast_head_json":{"title":"SIMPLE EXISTENZ - tr\u00fcmmer CD - cudgel | Der ultimative Metal Online Store","robots":{"index":"index","follow":"follow","max-snippet":"max-snippet:-1","max-image-preview":"max-image-preview:large","max-video-preview":"max-video-preview:-1"},"canonical":"https:\/\/www.cudgel.de\/produkt\/simple-existenz-truemmer-cd\/","og_locale":"en_US","og_type":"article","og_title":"SIMPLE EXISTENZ - tr\u00fcmmer CD - cudgel | Der ultimative Metal Online Store","og_description":"D\u00fcster. Apokalyptisch. Unvers\u00f6hnlich. Simple Existenz ist das Soloprojekt von Zorn \u0096 ehemals Gitarrist der legend\u00e4ren deutschen Black-Metal-Formation Nagelfar. Mit einer Mischung aus roher Energie, atmosph\u00e4rischen Klangw\u00e4nden und tiefgreifenden Texten bewegt sich Simple Existenz jenseits von Genregrenzen \u0096 zwischen Black Metal, Dark Metal und nihilistischer Klangkunst. Das aktuelle Album \u0084Tr\u00fcmmer\u0093 ist ein Monument aus Verzweiflung, Klanggewalt [...]","og_url":"https:\/\/www.cudgel.de\/produkt\/simple-existenz-truemmer-cd\/","og_site_name":"cudgel | Der ultimative Metal Online Store","article_publisher":"https:\/\/www.facebook.com\/CudgelVertrieb","article_modified_time":"2025-12-31T18:11:25+00:00","og_image":[{"width":1000,"height":1000,"url":"https:\/\/www.cudgel.de\/wp-content\/uploads\/2025\/08\/Art222771.jpg","type":"image\/jpeg"}],"twitter_card":"summary_large_image","twitter_misc":{"Est. reading time":"1 minute"},"schema":{"@context":"https:\/\/schema.org","@graph":[{"@type":"WebPage","@id":"https:\/\/www.cudgel.de\/produkt\/simple-existenz-truemmer-cd\/","url":"https:\/\/www.cudgel.de\/produkt\/simple-existenz-truemmer-cd\/","name":"SIMPLE EXISTENZ - tr\u00fcmmer CD - cudgel | Der ultimative Metal Online Store","isPartOf":{"@id":"https:\/\/www.cudgel.de\/#website"},"primaryImageOfPage":{"@id":"https:\/\/www.cudgel.de\/produkt\/simple-existenz-truemmer-cd\/#primaryimage"},"image":{"@id":"https:\/\/www.cudgel.de\/produkt\/simple-existenz-truemmer-cd\/#primaryimage"},"thumbnailUrl":"https:\/\/www.cudgel.de\/wp-content\/uploads\/2025\/08\/Art222771.jpg","datePublished":"2025-08-25T10:07:48+00:00","dateModified":"2025-12-31T18:11:25+00:00","breadcrumb":{"@id":"https:\/\/www.cudgel.de\/produkt\/simple-existenz-truemmer-cd\/#breadcrumb"},"inLanguage":"en-US","potentialAction":[{"@type":"ReadAction","target":["https:\/\/www.cudgel.de\/produkt\/simple-existenz-truemmer-cd\/"]}]},{"@type":"ImageObject","inLanguage":"en-US","@id":"https:\/\/www.cudgel.de\/produkt\/simple-existenz-truemmer-cd\/#primaryimage","url":"https:\/\/www.cudgel.de\/wp-content\/uploads\/2025\/08\/Art222771.jpg","contentUrl":"https:\/\/www.cudgel.de\/wp-content\/uploads\/2025\/08\/Art222771.jpg","width":1000,"height":1000},{"@type":"BreadcrumbList","@id":"https:\/\/www.cudgel.de\/produkt\/simple-existenz-truemmer-cd\/#breadcrumb","itemListElement":[{"@type":"ListItem","position":1,"name":"Home","item":"https:\/\/www.cudgel.de\/en\/"},{"@type":"ListItem","position":2,"name":"Shop","item":"https:\/\/www.cudgel.de\/en\/shop\/"},{"@type":"ListItem","position":3,"name":"SIMPLE EXISTENZ &#8211; tr\u00fcmmer CD"}]},{"@type":"WebSite","@id":"https:\/\/www.cudgel.de\/#website","url":"https:\/\/www.cudgel.de\/","name":"cudgel | Der ultimative Metal Online Store","description":"Eine weitere WordPress-Website","publisher":{"@id":"https:\/\/www.cudgel.de\/#organization"},"potentialAction":[{"@type":"SearchAction","target":{"@type":"EntryPoint","urlTemplate":"https:\/\/www.cudgel.de\/?s={search_term_string}"},"query-input":"required name=search_term_string"}],"inLanguage":"en-US"},{"@type":"Organization","@id":"https:\/\/www.cudgel.de\/#organization","name":"cudgel | Der ultimative Metal Online Store","url":"https:\/\/www.cudgel.de\/","logo":{"@type":"ImageObject","inLanguage":"en-US","@id":"https:\/\/www.cudgel.de\/#\/schema\/logo\/image\/","url":"https:\/\/www.cudgel.de\/wp-content\/uploads\/2024\/06\/cudgel-logo-neu-1-1400x419png.webp","contentUrl":"https:\/\/www.cudgel.de\/wp-content\/uploads\/2024\/06\/cudgel-logo-neu-1-1400x419png.webp","width":1400,"height":419,"caption":"cudgel | Der ultimative Metal Online Store"},"image":{"@id":"https:\/\/www.cudgel.de\/#\/schema\/logo\/image\/"},"sameAs":["https:\/\/www.facebook.com\/CudgelVertrieb"]}]}},"_links":{"self":[{"href":"https:\/\/www.cudgel.de\/en\/wp-json\/wp\/v2\/product\/2674959","targetHints":{"allow":["GET"]}}],"collection":[{"href":"https:\/\/www.cudgel.de\/en\/wp-json\/wp\/v2\/product"}],"about":[{"href":"https:\/\/www.cudgel.de\/en\/wp-json\/wp\/v2\/types\/product"}],"replies":[{"embeddable":true,"href":"https:\/\/www.cudgel.de\/en\/wp-json\/wp\/v2\/comments?post=2674959"}],"wp:featuredmedia":[{"embeddable":true,"href":"https:\/\/www.cudgel.de\/en\/wp-json\/wp\/v2\/media\/2674957"}],"wp:attachment":[{"href":"https:\/\/www.cudgel.de\/en\/wp-json\/wp\/v2\/media?parent=2674959"}],"wp:term":[{"taxonomy":"product_cat","embeddable":true,"href":"https:\/\/www.cudgel.de\/en\/wp-json\/wp\/v2\/product_cat?post=2674959"},{"taxonomy":"product_tag","embeddable":true,"href":"https:\/\/www.cudgel.de\/en\/wp-json\/wp\/v2\/product_tag?post=2674959"}],"curies":[{"name":"wp","href":"https:\/\/api.w.org\/{rel}","templated":true}]}}