{"id":2675996,"date":"2025-08-26T10:45:20","date_gmt":"2025-08-26T08:45:20","guid":{"rendered":"https:\/\/www.cudgel.de\/produkt\/crystalium-diktat-omega-dlp-black\/"},"modified":"2025-12-31T19:21:45","modified_gmt":"2025-12-31T18:21:45","slug":"crystalium-diktat-omega-dlp-black","status":"publish","type":"product","link":"https:\/\/www.cudgel.de\/en\/product\/crystalium-diktat-omega-dlp-black\/","title":{"rendered":"CRYSTALIUM &#8211; diktat omega DLP black"},"content":{"rendered":"<p>uncompromising french black metal full of chaos nad hatred, lim. gatefold double black vinyl<\/p>\n<p><strong>Tracks:<\/strong><\/p>\n<ol class=\"tracklisting\">\n<li>Analyse du digne vulgaire<\/li>\n<li>Fanatisme en apog\u00e9e<\/li>\n<li>Mon intime g\u00e9nocide<\/li>\n<li>Unifiez les chairs, mes fr\u00e8res<\/li>\n<li>Je<\/li>\n<li>Saigne et honore mon triomphe par le feu<\/li>\n<li>Dans la splendeur de notre irr\u00e9v\u00e9rence<\/li>\n<li>Empires et m\u00e9ritocratie<\/li>\n<\/ol>\n<p><strong>Genres:<\/strong> Black Metal<\/p>\n<p><strong>GPSR Information:<\/strong><br \/>Importeur:<br \/>\nParty.San GmbH<br \/>\nSchwanseestra\u00dfe 20; 99423 Weimar, Germany<br \/>\nshop(at)cudgel.de<br \/>\nContact Person: T. Giersberg<\/p>\n","protected":false},"excerpt":{"rendered":"<p>uncompromising french black metal full of chaos nad hatred, lim. gatefold double black vinyl Tracks: Analyse du digne vulgaire Fanatisme en apog\u00e9e Mon intime g\u00e9nocide Unifiez les chairs, mes fr\u00e8res Je Saigne et honore mon triomphe par le feu Dans la splendeur de notre irr\u00e9v\u00e9rence Empires et m\u00e9ritocratie Genres: Black Metal GPSR Information:Importeur: Party.San GmbH [&#8230;]\n","protected":false},"featured_media":2675994,"comment_status":"open","ping_status":"closed","template":"","meta":[],"product_cat":[432],"product_tag":[],"class_list":{"0":"post-2675996","1":"product","2":"type-product","3":"status-publish","4":"has-post-thumbnail","6":"product_cat-vinyl-c","7":"pa_band-crystalium","8":"pa_productgenre-black-metal","9":"pa_productlabel-asgard-hass-productions","11":"first","12":"instock","13":"taxable","14":"shipping-taxable","15":"purchasable","16":"product-type-simple"},"yoast_head":"<!-- This site is optimized with the Yoast SEO plugin v22.9 - https:\/\/yoast.com\/wordpress\/plugins\/seo\/ -->\n<title>CRYSTALIUM - diktat omega DLP black - cudgel | Der ultimative Metal Online Store<\/title>\n<meta name=\"robots\" content=\"index, follow, max-snippet:-1, max-image-preview:large, max-video-preview:-1\" \/>\n<link rel=\"canonical\" href=\"https:\/\/www.cudgel.de\/produkt\/crystalium-diktat-omega-dlp-black\/\" \/>\n<meta property=\"og:locale\" content=\"en_US\" \/>\n<meta property=\"og:type\" content=\"article\" \/>\n<meta property=\"og:title\" content=\"CRYSTALIUM - diktat omega DLP black - cudgel | Der ultimative Metal Online Store\" \/>\n<meta property=\"og:description\" content=\"uncompromising french black metal full of chaos nad hatred, lim. gatefold double black vinyl Tracks: Analyse du digne vulgaire Fanatisme en apog\u00e9e Mon intime g\u00e9nocide Unifiez les chairs, mes fr\u00e8res Je Saigne et honore mon triomphe par le feu Dans la splendeur de notre irr\u00e9v\u00e9rence Empires et m\u00e9ritocratie Genres: Black Metal GPSR Information:Importeur: Party.San GmbH [...]\" \/>\n<meta property=\"og:url\" content=\"https:\/\/www.cudgel.de\/produkt\/crystalium-diktat-omega-dlp-black\/\" \/>\n<meta property=\"og:site_name\" content=\"cudgel | Der ultimative Metal Online Store\" \/>\n<meta property=\"article:publisher\" content=\"https:\/\/www.facebook.com\/CudgelVertrieb\" \/>\n<meta property=\"article:modified_time\" content=\"2025-12-31T18:21:45+00:00\" \/>\n<meta property=\"og:image\" content=\"https:\/\/www.cudgel.de\/wp-content\/uploads\/2025\/08\/Art110725.jpg\" \/>\n\t<meta property=\"og:image:width\" content=\"1500\" \/>\n\t<meta property=\"og:image:height\" content=\"1384\" \/>\n\t<meta property=\"og:image:type\" content=\"image\/jpeg\" \/>\n<meta name=\"twitter:card\" content=\"summary_large_image\" \/>\n<script type=\"application\/ld+json\" class=\"yoast-schema-graph\">{\"@context\":\"https:\/\/schema.org\",\"@graph\":[{\"@type\":\"WebPage\",\"@id\":\"https:\/\/www.cudgel.de\/produkt\/crystalium-diktat-omega-dlp-black\/\",\"url\":\"https:\/\/www.cudgel.de\/produkt\/crystalium-diktat-omega-dlp-black\/\",\"name\":\"CRYSTALIUM - diktat omega DLP black - cudgel | Der ultimative Metal Online Store\",\"isPartOf\":{\"@id\":\"https:\/\/www.cudgel.de\/#website\"},\"primaryImageOfPage\":{\"@id\":\"https:\/\/www.cudgel.de\/produkt\/crystalium-diktat-omega-dlp-black\/#primaryimage\"},\"image\":{\"@id\":\"https:\/\/www.cudgel.de\/produkt\/crystalium-diktat-omega-dlp-black\/#primaryimage\"},\"thumbnailUrl\":\"https:\/\/www.cudgel.de\/wp-content\/uploads\/2025\/08\/Art110725.jpg\",\"datePublished\":\"2025-08-26T08:45:20+00:00\",\"dateModified\":\"2025-12-31T18:21:45+00:00\",\"breadcrumb\":{\"@id\":\"https:\/\/www.cudgel.de\/produkt\/crystalium-diktat-omega-dlp-black\/#breadcrumb\"},\"inLanguage\":\"en-US\",\"potentialAction\":[{\"@type\":\"ReadAction\",\"target\":[\"https:\/\/www.cudgel.de\/produkt\/crystalium-diktat-omega-dlp-black\/\"]}]},{\"@type\":\"ImageObject\",\"inLanguage\":\"en-US\",\"@id\":\"https:\/\/www.cudgel.de\/produkt\/crystalium-diktat-omega-dlp-black\/#primaryimage\",\"url\":\"https:\/\/www.cudgel.de\/wp-content\/uploads\/2025\/08\/Art110725.jpg\",\"contentUrl\":\"https:\/\/www.cudgel.de\/wp-content\/uploads\/2025\/08\/Art110725.jpg\",\"width\":1500,\"height\":1384},{\"@type\":\"BreadcrumbList\",\"@id\":\"https:\/\/www.cudgel.de\/produkt\/crystalium-diktat-omega-dlp-black\/#breadcrumb\",\"itemListElement\":[{\"@type\":\"ListItem\",\"position\":1,\"name\":\"Home\",\"item\":\"https:\/\/www.cudgel.de\/en\/\"},{\"@type\":\"ListItem\",\"position\":2,\"name\":\"Shop\",\"item\":\"https:\/\/www.cudgel.de\/en\/shop\/\"},{\"@type\":\"ListItem\",\"position\":3,\"name\":\"CRYSTALIUM &#8211; diktat omega DLP black\"}]},{\"@type\":\"WebSite\",\"@id\":\"https:\/\/www.cudgel.de\/#website\",\"url\":\"https:\/\/www.cudgel.de\/\",\"name\":\"cudgel | Der ultimative Metal Online Store\",\"description\":\"Eine weitere WordPress-Website\",\"publisher\":{\"@id\":\"https:\/\/www.cudgel.de\/#organization\"},\"potentialAction\":[{\"@type\":\"SearchAction\",\"target\":{\"@type\":\"EntryPoint\",\"urlTemplate\":\"https:\/\/www.cudgel.de\/?s={search_term_string}\"},\"query-input\":\"required name=search_term_string\"}],\"inLanguage\":\"en-US\"},{\"@type\":\"Organization\",\"@id\":\"https:\/\/www.cudgel.de\/#organization\",\"name\":\"cudgel | Der ultimative Metal Online Store\",\"url\":\"https:\/\/www.cudgel.de\/\",\"logo\":{\"@type\":\"ImageObject\",\"inLanguage\":\"en-US\",\"@id\":\"https:\/\/www.cudgel.de\/#\/schema\/logo\/image\/\",\"url\":\"https:\/\/www.cudgel.de\/wp-content\/uploads\/2024\/06\/cudgel-logo-neu-1-1400x419png.webp\",\"contentUrl\":\"https:\/\/www.cudgel.de\/wp-content\/uploads\/2024\/06\/cudgel-logo-neu-1-1400x419png.webp\",\"width\":1400,\"height\":419,\"caption\":\"cudgel | Der ultimative Metal Online Store\"},\"image\":{\"@id\":\"https:\/\/www.cudgel.de\/#\/schema\/logo\/image\/\"},\"sameAs\":[\"https:\/\/www.facebook.com\/CudgelVertrieb\"]}]}<\/script>\n<!-- \/ Yoast SEO plugin. -->","yoast_head_json":{"title":"CRYSTALIUM - diktat omega DLP black - cudgel | Der ultimative Metal Online Store","robots":{"index":"index","follow":"follow","max-snippet":"max-snippet:-1","max-image-preview":"max-image-preview:large","max-video-preview":"max-video-preview:-1"},"canonical":"https:\/\/www.cudgel.de\/produkt\/crystalium-diktat-omega-dlp-black\/","og_locale":"en_US","og_type":"article","og_title":"CRYSTALIUM - diktat omega DLP black - cudgel | Der ultimative Metal Online Store","og_description":"uncompromising french black metal full of chaos nad hatred, lim. gatefold double black vinyl Tracks: Analyse du digne vulgaire Fanatisme en apog\u00e9e Mon intime g\u00e9nocide Unifiez les chairs, mes fr\u00e8res Je Saigne et honore mon triomphe par le feu Dans la splendeur de notre irr\u00e9v\u00e9rence Empires et m\u00e9ritocratie Genres: Black Metal GPSR Information:Importeur: Party.San GmbH [...]","og_url":"https:\/\/www.cudgel.de\/produkt\/crystalium-diktat-omega-dlp-black\/","og_site_name":"cudgel | Der ultimative Metal Online Store","article_publisher":"https:\/\/www.facebook.com\/CudgelVertrieb","article_modified_time":"2025-12-31T18:21:45+00:00","og_image":[{"width":1500,"height":1384,"url":"https:\/\/www.cudgel.de\/wp-content\/uploads\/2025\/08\/Art110725.jpg","type":"image\/jpeg"}],"twitter_card":"summary_large_image","schema":{"@context":"https:\/\/schema.org","@graph":[{"@type":"WebPage","@id":"https:\/\/www.cudgel.de\/produkt\/crystalium-diktat-omega-dlp-black\/","url":"https:\/\/www.cudgel.de\/produkt\/crystalium-diktat-omega-dlp-black\/","name":"CRYSTALIUM - diktat omega DLP black - cudgel | Der ultimative Metal Online Store","isPartOf":{"@id":"https:\/\/www.cudgel.de\/#website"},"primaryImageOfPage":{"@id":"https:\/\/www.cudgel.de\/produkt\/crystalium-diktat-omega-dlp-black\/#primaryimage"},"image":{"@id":"https:\/\/www.cudgel.de\/produkt\/crystalium-diktat-omega-dlp-black\/#primaryimage"},"thumbnailUrl":"https:\/\/www.cudgel.de\/wp-content\/uploads\/2025\/08\/Art110725.jpg","datePublished":"2025-08-26T08:45:20+00:00","dateModified":"2025-12-31T18:21:45+00:00","breadcrumb":{"@id":"https:\/\/www.cudgel.de\/produkt\/crystalium-diktat-omega-dlp-black\/#breadcrumb"},"inLanguage":"en-US","potentialAction":[{"@type":"ReadAction","target":["https:\/\/www.cudgel.de\/produkt\/crystalium-diktat-omega-dlp-black\/"]}]},{"@type":"ImageObject","inLanguage":"en-US","@id":"https:\/\/www.cudgel.de\/produkt\/crystalium-diktat-omega-dlp-black\/#primaryimage","url":"https:\/\/www.cudgel.de\/wp-content\/uploads\/2025\/08\/Art110725.jpg","contentUrl":"https:\/\/www.cudgel.de\/wp-content\/uploads\/2025\/08\/Art110725.jpg","width":1500,"height":1384},{"@type":"BreadcrumbList","@id":"https:\/\/www.cudgel.de\/produkt\/crystalium-diktat-omega-dlp-black\/#breadcrumb","itemListElement":[{"@type":"ListItem","position":1,"name":"Home","item":"https:\/\/www.cudgel.de\/en\/"},{"@type":"ListItem","position":2,"name":"Shop","item":"https:\/\/www.cudgel.de\/en\/shop\/"},{"@type":"ListItem","position":3,"name":"CRYSTALIUM &#8211; diktat omega DLP black"}]},{"@type":"WebSite","@id":"https:\/\/www.cudgel.de\/#website","url":"https:\/\/www.cudgel.de\/","name":"cudgel | Der ultimative Metal Online Store","description":"Eine weitere WordPress-Website","publisher":{"@id":"https:\/\/www.cudgel.de\/#organization"},"potentialAction":[{"@type":"SearchAction","target":{"@type":"EntryPoint","urlTemplate":"https:\/\/www.cudgel.de\/?s={search_term_string}"},"query-input":"required name=search_term_string"}],"inLanguage":"en-US"},{"@type":"Organization","@id":"https:\/\/www.cudgel.de\/#organization","name":"cudgel | Der ultimative Metal Online Store","url":"https:\/\/www.cudgel.de\/","logo":{"@type":"ImageObject","inLanguage":"en-US","@id":"https:\/\/www.cudgel.de\/#\/schema\/logo\/image\/","url":"https:\/\/www.cudgel.de\/wp-content\/uploads\/2024\/06\/cudgel-logo-neu-1-1400x419png.webp","contentUrl":"https:\/\/www.cudgel.de\/wp-content\/uploads\/2024\/06\/cudgel-logo-neu-1-1400x419png.webp","width":1400,"height":419,"caption":"cudgel | Der ultimative Metal Online Store"},"image":{"@id":"https:\/\/www.cudgel.de\/#\/schema\/logo\/image\/"},"sameAs":["https:\/\/www.facebook.com\/CudgelVertrieb"]}]}},"_links":{"self":[{"href":"https:\/\/www.cudgel.de\/en\/wp-json\/wp\/v2\/product\/2675996","targetHints":{"allow":["GET"]}}],"collection":[{"href":"https:\/\/www.cudgel.de\/en\/wp-json\/wp\/v2\/product"}],"about":[{"href":"https:\/\/www.cudgel.de\/en\/wp-json\/wp\/v2\/types\/product"}],"replies":[{"embeddable":true,"href":"https:\/\/www.cudgel.de\/en\/wp-json\/wp\/v2\/comments?post=2675996"}],"wp:featuredmedia":[{"embeddable":true,"href":"https:\/\/www.cudgel.de\/en\/wp-json\/wp\/v2\/media\/2675994"}],"wp:attachment":[{"href":"https:\/\/www.cudgel.de\/en\/wp-json\/wp\/v2\/media?parent=2675996"}],"wp:term":[{"taxonomy":"product_cat","embeddable":true,"href":"https:\/\/www.cudgel.de\/en\/wp-json\/wp\/v2\/product_cat?post=2675996"},{"taxonomy":"product_tag","embeddable":true,"href":"https:\/\/www.cudgel.de\/en\/wp-json\/wp\/v2\/product_tag?post=2675996"}],"curies":[{"name":"wp","href":"https:\/\/api.w.org\/{rel}","templated":true}]}}