{"id":2678190,"date":"2025-08-28T10:12:00","date_gmt":"2025-08-28T08:12:00","guid":{"rendered":"https:\/\/www.cudgel.de\/produkt\/wormed-omegon-cd-old-shaodws\/"},"modified":"2025-12-31T19:25:49","modified_gmt":"2025-12-31T18:25:49","slug":"wormed-omegon-cd-old-shaodws","status":"publish","type":"product","link":"https:\/\/www.cudgel.de\/en\/product\/wormed-omegon-cd-old-shaodws\/","title":{"rendered":"WORMED &#8211; omegon CD (Old Shaodws Rec.)"},"content":{"rendered":"<p>Omegon ist WORMEDs neuestes Meisterwerk, eine klangliche Reise vor dem Hintergrund eines uralten kosmischen Konflikts, in dem Zivilisationen um die Allmacht einer Substanz jenseits der sterblichen H\u00fclle wetteifern. Durch die Erz\u00e4hlung von Krighsu, einem Hacker von Zeitlinien, der in kosmische Manipulationen verwickelt ist, entfaltet sich das Album \u00fcber neun Tracks von technischer Pr\u00e4zision und brutaler Eleganz. Aufgenommen in den BlackStorm Studios und gemastert von den geschickten H\u00e4nden von Colin Marston, ist Omegon ein H\u00f6rspektakel, das das Gewebe der Realit\u00e4t durch Schichten von technischen Riffs, unheimlichen Vocals und Erz\u00e4hlungen, die in kosmischen \u00dcberlieferungen stecken, zusammenwebt. Jeder Track ist ein Tor zu einer anderen Dimension und verspricht dem H\u00f6rer eine Erfahrung, die die Beschr\u00e4nkungen von Raum und Zeit \u00fcberschreitet.<\/p>\n<p>F\u00fcr Fans von Origin, Malignancy, Cryptopsy<\/p>\n<p>licensed south america press<\/p>\n<p><strong>Tracks:<\/strong><\/p>\n<ol class=\"tracklisting\">\n<li>Automaton Virtulague<\/li>\n<li>Pareidolia Robotica<\/li>\n<li>Protogod<\/li>\n<li>Pleoverse Omninertia<\/li>\n<li>Malignant Nexus<\/li>\n<li>Virtual Teratogenesis<\/li>\n<li>Aetheric Transdimensionalization<\/li>\n<li>Gravitational Servo Matrix<\/li>\n<li>Omegon<\/li>\n<\/ol>\n<p><strong>Genres:<\/strong> Death Metal, Brutal Death Metal, Tech Death<\/p>\n<p> <strong>Label:<\/strong> Old Shadows Records<\/p>\n<p> <strong>Erscheinungsjahr:<\/strong> 2024<\/p>\n<p> <strong>K\u00fcnstler:<\/strong> WORMED<\/p>\n<p> <strong>Spieldauer:<\/strong> 40:56<\/p>\n<p> <strong>Format:<\/strong> CD<\/p>\n<p> <strong>EAN:<\/strong> 0822603000498<\/p>\n<p><strong>GPSR Information:<\/strong><br \/>Importeur:<br \/>\nParty.San GmbH<br \/>\nSchwanseestra\u00dfe 20; 99423 Weimar, Germany<br \/>\nshop(at)cudgel.de<br \/>\nContact Person: T. Giersberg<\/p>\n","protected":false},"excerpt":{"rendered":"<p>Omegon ist WORMEDs neuestes Meisterwerk, eine klangliche Reise vor dem Hintergrund eines uralten kosmischen Konflikts, in dem Zivilisationen um die Allmacht einer Substanz jenseits der sterblichen H\u00fclle wetteifern. Durch die Erz\u00e4hlung von Krighsu, einem Hacker von Zeitlinien, der in kosmische Manipulationen verwickelt ist, entfaltet sich das Album \u00fcber neun Tracks von technischer Pr\u00e4zision und brutaler [&#8230;]\n","protected":false},"featured_media":2678188,"comment_status":"open","ping_status":"closed","template":"","meta":[],"product_cat":[466],"product_tag":[],"class_list":{"0":"post-2678190","1":"product","2":"type-product","3":"status-publish","4":"has-post-thumbnail","6":"product_cat-cd-w-z","7":"pa_band-wormed","8":"pa_productgenre-brutal-death-metal","9":"pa_productgenre-death-metal","10":"pa_productgenre-tech-death","11":"pa_productlabel-old-shadows-records","13":"first","14":"instock","15":"taxable","16":"shipping-taxable","17":"purchasable","18":"product-type-simple"},"yoast_head":"<!-- This site is optimized with the Yoast SEO plugin v22.9 - https:\/\/yoast.com\/wordpress\/plugins\/seo\/ -->\n<title>WORMED - omegon CD (Old Shaodws Rec.) - cudgel | Der ultimative Metal Online Store<\/title>\n<meta name=\"robots\" content=\"index, follow, max-snippet:-1, max-image-preview:large, max-video-preview:-1\" \/>\n<link rel=\"canonical\" href=\"https:\/\/www.cudgel.de\/produkt\/wormed-omegon-cd-old-shaodws\/\" \/>\n<meta property=\"og:locale\" content=\"en_US\" \/>\n<meta property=\"og:type\" content=\"article\" \/>\n<meta property=\"og:title\" content=\"WORMED - omegon CD (Old Shaodws Rec.) - cudgel | Der ultimative Metal Online Store\" \/>\n<meta property=\"og:description\" content=\"Omegon ist WORMEDs neuestes Meisterwerk, eine klangliche Reise vor dem Hintergrund eines uralten kosmischen Konflikts, in dem Zivilisationen um die Allmacht einer Substanz jenseits der sterblichen H\u00fclle wetteifern. Durch die Erz\u00e4hlung von Krighsu, einem Hacker von Zeitlinien, der in kosmische Manipulationen verwickelt ist, entfaltet sich das Album \u00fcber neun Tracks von technischer Pr\u00e4zision und brutaler [...]\" \/>\n<meta property=\"og:url\" content=\"https:\/\/www.cudgel.de\/produkt\/wormed-omegon-cd-old-shaodws\/\" \/>\n<meta property=\"og:site_name\" content=\"cudgel | Der ultimative Metal Online Store\" \/>\n<meta property=\"article:publisher\" content=\"https:\/\/www.facebook.com\/CudgelVertrieb\" \/>\n<meta property=\"article:modified_time\" content=\"2025-12-31T18:25:49+00:00\" \/>\n<meta property=\"og:image\" content=\"https:\/\/www.cudgel.de\/wp-content\/uploads\/2025\/08\/Art222783.jpg\" \/>\n\t<meta property=\"og:image:width\" content=\"1000\" \/>\n\t<meta property=\"og:image:height\" content=\"1000\" \/>\n\t<meta property=\"og:image:type\" content=\"image\/jpeg\" \/>\n<meta name=\"twitter:card\" content=\"summary_large_image\" \/>\n<meta name=\"twitter:label1\" content=\"Est. reading time\" \/>\n\t<meta name=\"twitter:data1\" content=\"1 minute\" \/>\n<script type=\"application\/ld+json\" class=\"yoast-schema-graph\">{\"@context\":\"https:\/\/schema.org\",\"@graph\":[{\"@type\":\"WebPage\",\"@id\":\"https:\/\/www.cudgel.de\/produkt\/wormed-omegon-cd-old-shaodws\/\",\"url\":\"https:\/\/www.cudgel.de\/produkt\/wormed-omegon-cd-old-shaodws\/\",\"name\":\"WORMED - omegon CD (Old Shaodws Rec.) - cudgel | Der ultimative Metal Online Store\",\"isPartOf\":{\"@id\":\"https:\/\/www.cudgel.de\/#website\"},\"primaryImageOfPage\":{\"@id\":\"https:\/\/www.cudgel.de\/produkt\/wormed-omegon-cd-old-shaodws\/#primaryimage\"},\"image\":{\"@id\":\"https:\/\/www.cudgel.de\/produkt\/wormed-omegon-cd-old-shaodws\/#primaryimage\"},\"thumbnailUrl\":\"https:\/\/www.cudgel.de\/wp-content\/uploads\/2025\/08\/Art222783.jpg\",\"datePublished\":\"2025-08-28T08:12:00+00:00\",\"dateModified\":\"2025-12-31T18:25:49+00:00\",\"breadcrumb\":{\"@id\":\"https:\/\/www.cudgel.de\/produkt\/wormed-omegon-cd-old-shaodws\/#breadcrumb\"},\"inLanguage\":\"en-US\",\"potentialAction\":[{\"@type\":\"ReadAction\",\"target\":[\"https:\/\/www.cudgel.de\/produkt\/wormed-omegon-cd-old-shaodws\/\"]}]},{\"@type\":\"ImageObject\",\"inLanguage\":\"en-US\",\"@id\":\"https:\/\/www.cudgel.de\/produkt\/wormed-omegon-cd-old-shaodws\/#primaryimage\",\"url\":\"https:\/\/www.cudgel.de\/wp-content\/uploads\/2025\/08\/Art222783.jpg\",\"contentUrl\":\"https:\/\/www.cudgel.de\/wp-content\/uploads\/2025\/08\/Art222783.jpg\",\"width\":1000,\"height\":1000},{\"@type\":\"BreadcrumbList\",\"@id\":\"https:\/\/www.cudgel.de\/produkt\/wormed-omegon-cd-old-shaodws\/#breadcrumb\",\"itemListElement\":[{\"@type\":\"ListItem\",\"position\":1,\"name\":\"Home\",\"item\":\"https:\/\/www.cudgel.de\/en\/\"},{\"@type\":\"ListItem\",\"position\":2,\"name\":\"Shop\",\"item\":\"https:\/\/www.cudgel.de\/en\/shop\/\"},{\"@type\":\"ListItem\",\"position\":3,\"name\":\"WORMED &#8211; omegon CD (Old Shaodws Rec.)\"}]},{\"@type\":\"WebSite\",\"@id\":\"https:\/\/www.cudgel.de\/#website\",\"url\":\"https:\/\/www.cudgel.de\/\",\"name\":\"cudgel | Der ultimative Metal Online Store\",\"description\":\"Eine weitere WordPress-Website\",\"publisher\":{\"@id\":\"https:\/\/www.cudgel.de\/#organization\"},\"potentialAction\":[{\"@type\":\"SearchAction\",\"target\":{\"@type\":\"EntryPoint\",\"urlTemplate\":\"https:\/\/www.cudgel.de\/?s={search_term_string}\"},\"query-input\":\"required name=search_term_string\"}],\"inLanguage\":\"en-US\"},{\"@type\":\"Organization\",\"@id\":\"https:\/\/www.cudgel.de\/#organization\",\"name\":\"cudgel | Der ultimative Metal Online Store\",\"url\":\"https:\/\/www.cudgel.de\/\",\"logo\":{\"@type\":\"ImageObject\",\"inLanguage\":\"en-US\",\"@id\":\"https:\/\/www.cudgel.de\/#\/schema\/logo\/image\/\",\"url\":\"https:\/\/www.cudgel.de\/wp-content\/uploads\/2024\/06\/cudgel-logo-neu-1-1400x419png.webp\",\"contentUrl\":\"https:\/\/www.cudgel.de\/wp-content\/uploads\/2024\/06\/cudgel-logo-neu-1-1400x419png.webp\",\"width\":1400,\"height\":419,\"caption\":\"cudgel | Der ultimative Metal Online Store\"},\"image\":{\"@id\":\"https:\/\/www.cudgel.de\/#\/schema\/logo\/image\/\"},\"sameAs\":[\"https:\/\/www.facebook.com\/CudgelVertrieb\"]}]}<\/script>\n<!-- \/ Yoast SEO plugin. -->","yoast_head_json":{"title":"WORMED - omegon CD (Old Shaodws Rec.) - cudgel | Der ultimative Metal Online Store","robots":{"index":"index","follow":"follow","max-snippet":"max-snippet:-1","max-image-preview":"max-image-preview:large","max-video-preview":"max-video-preview:-1"},"canonical":"https:\/\/www.cudgel.de\/produkt\/wormed-omegon-cd-old-shaodws\/","og_locale":"en_US","og_type":"article","og_title":"WORMED - omegon CD (Old Shaodws Rec.) - cudgel | Der ultimative Metal Online Store","og_description":"Omegon ist WORMEDs neuestes Meisterwerk, eine klangliche Reise vor dem Hintergrund eines uralten kosmischen Konflikts, in dem Zivilisationen um die Allmacht einer Substanz jenseits der sterblichen H\u00fclle wetteifern. Durch die Erz\u00e4hlung von Krighsu, einem Hacker von Zeitlinien, der in kosmische Manipulationen verwickelt ist, entfaltet sich das Album \u00fcber neun Tracks von technischer Pr\u00e4zision und brutaler [...]","og_url":"https:\/\/www.cudgel.de\/produkt\/wormed-omegon-cd-old-shaodws\/","og_site_name":"cudgel | Der ultimative Metal Online Store","article_publisher":"https:\/\/www.facebook.com\/CudgelVertrieb","article_modified_time":"2025-12-31T18:25:49+00:00","og_image":[{"width":1000,"height":1000,"url":"https:\/\/www.cudgel.de\/wp-content\/uploads\/2025\/08\/Art222783.jpg","type":"image\/jpeg"}],"twitter_card":"summary_large_image","twitter_misc":{"Est. reading time":"1 minute"},"schema":{"@context":"https:\/\/schema.org","@graph":[{"@type":"WebPage","@id":"https:\/\/www.cudgel.de\/produkt\/wormed-omegon-cd-old-shaodws\/","url":"https:\/\/www.cudgel.de\/produkt\/wormed-omegon-cd-old-shaodws\/","name":"WORMED - omegon CD (Old Shaodws Rec.) - cudgel | Der ultimative Metal Online Store","isPartOf":{"@id":"https:\/\/www.cudgel.de\/#website"},"primaryImageOfPage":{"@id":"https:\/\/www.cudgel.de\/produkt\/wormed-omegon-cd-old-shaodws\/#primaryimage"},"image":{"@id":"https:\/\/www.cudgel.de\/produkt\/wormed-omegon-cd-old-shaodws\/#primaryimage"},"thumbnailUrl":"https:\/\/www.cudgel.de\/wp-content\/uploads\/2025\/08\/Art222783.jpg","datePublished":"2025-08-28T08:12:00+00:00","dateModified":"2025-12-31T18:25:49+00:00","breadcrumb":{"@id":"https:\/\/www.cudgel.de\/produkt\/wormed-omegon-cd-old-shaodws\/#breadcrumb"},"inLanguage":"en-US","potentialAction":[{"@type":"ReadAction","target":["https:\/\/www.cudgel.de\/produkt\/wormed-omegon-cd-old-shaodws\/"]}]},{"@type":"ImageObject","inLanguage":"en-US","@id":"https:\/\/www.cudgel.de\/produkt\/wormed-omegon-cd-old-shaodws\/#primaryimage","url":"https:\/\/www.cudgel.de\/wp-content\/uploads\/2025\/08\/Art222783.jpg","contentUrl":"https:\/\/www.cudgel.de\/wp-content\/uploads\/2025\/08\/Art222783.jpg","width":1000,"height":1000},{"@type":"BreadcrumbList","@id":"https:\/\/www.cudgel.de\/produkt\/wormed-omegon-cd-old-shaodws\/#breadcrumb","itemListElement":[{"@type":"ListItem","position":1,"name":"Home","item":"https:\/\/www.cudgel.de\/en\/"},{"@type":"ListItem","position":2,"name":"Shop","item":"https:\/\/www.cudgel.de\/en\/shop\/"},{"@type":"ListItem","position":3,"name":"WORMED &#8211; omegon CD (Old Shaodws Rec.)"}]},{"@type":"WebSite","@id":"https:\/\/www.cudgel.de\/#website","url":"https:\/\/www.cudgel.de\/","name":"cudgel | Der ultimative Metal Online Store","description":"Eine weitere WordPress-Website","publisher":{"@id":"https:\/\/www.cudgel.de\/#organization"},"potentialAction":[{"@type":"SearchAction","target":{"@type":"EntryPoint","urlTemplate":"https:\/\/www.cudgel.de\/?s={search_term_string}"},"query-input":"required name=search_term_string"}],"inLanguage":"en-US"},{"@type":"Organization","@id":"https:\/\/www.cudgel.de\/#organization","name":"cudgel | Der ultimative Metal Online Store","url":"https:\/\/www.cudgel.de\/","logo":{"@type":"ImageObject","inLanguage":"en-US","@id":"https:\/\/www.cudgel.de\/#\/schema\/logo\/image\/","url":"https:\/\/www.cudgel.de\/wp-content\/uploads\/2024\/06\/cudgel-logo-neu-1-1400x419png.webp","contentUrl":"https:\/\/www.cudgel.de\/wp-content\/uploads\/2024\/06\/cudgel-logo-neu-1-1400x419png.webp","width":1400,"height":419,"caption":"cudgel | Der ultimative Metal Online Store"},"image":{"@id":"https:\/\/www.cudgel.de\/#\/schema\/logo\/image\/"},"sameAs":["https:\/\/www.facebook.com\/CudgelVertrieb"]}]}},"_links":{"self":[{"href":"https:\/\/www.cudgel.de\/en\/wp-json\/wp\/v2\/product\/2678190","targetHints":{"allow":["GET"]}}],"collection":[{"href":"https:\/\/www.cudgel.de\/en\/wp-json\/wp\/v2\/product"}],"about":[{"href":"https:\/\/www.cudgel.de\/en\/wp-json\/wp\/v2\/types\/product"}],"replies":[{"embeddable":true,"href":"https:\/\/www.cudgel.de\/en\/wp-json\/wp\/v2\/comments?post=2678190"}],"wp:featuredmedia":[{"embeddable":true,"href":"https:\/\/www.cudgel.de\/en\/wp-json\/wp\/v2\/media\/2678188"}],"wp:attachment":[{"href":"https:\/\/www.cudgel.de\/en\/wp-json\/wp\/v2\/media?parent=2678190"}],"wp:term":[{"taxonomy":"product_cat","embeddable":true,"href":"https:\/\/www.cudgel.de\/en\/wp-json\/wp\/v2\/product_cat?post=2678190"},{"taxonomy":"product_tag","embeddable":true,"href":"https:\/\/www.cudgel.de\/en\/wp-json\/wp\/v2\/product_tag?post=2678190"}],"curies":[{"name":"wp","href":"https:\/\/api.w.org\/{rel}","templated":true}]}}