{"id":2707119,"date":"2025-09-22T12:11:04","date_gmt":"2025-09-22T10:11:04","guid":{"rendered":"https:\/\/www.cudgel.de\/produkt\/infest-ambassadors-of-aggression-lp-black\/"},"modified":"2025-12-31T19:11:52","modified_gmt":"2025-12-31T18:11:52","slug":"infest-ambassadors-of-aggression-lp-black","status":"publish","type":"product","link":"https:\/\/www.cudgel.de\/en\/product\/infest-ambassadors-of-aggression-lp-black\/","title":{"rendered":"INFEST &#8211; ambassadors of aggression LP black"},"content":{"rendered":"<p>Die serbischen Death-Thrasher INFEST ver\u00f6ffentlichen ihr lang erwartetes siebtes Album &#8220;Ambassadors of Aggression&#8221;<\/p>\n<p>INFEST sind f\u00fcr ihre rohe Intensit\u00e4t und ihren unerbittlichen Sound bekannt und mischen die Underground-Metal- Szene mit ihrer einzigartigen Mischung aus Geschwindigkeit, Pr\u00e4zision und energiegeladenen Live-Shows weiter auf. Mit Ambassadors of Aggression versprechen INFEST ihr bisher brutalstes und abwechslungsreichstes Werk!<\/p>\n<p>Aufgenommen wurde Ambassadors of Aggression in den Vortex Studios in Belgrade, die Drums in den Citadela Studios. Der Mix wurde von Rodoljub Rai?kovic \u00fcbernommen. Und das finale Master wurde von niemanden geringeren als dem schwedischen Musikproduzenten Dan Swan\u00f6 angefertigt, welcher bereits f\u00fcr &#8220;Bloodbath&#8221;, &#8220;Dark Funeral&#8221;, &#8220;Opeth&#8221; oder &#8220;Fleshcrawl&#8221; an den Reglern sa\u00df. F\u00fcr das Artwork zeichnet sich Roberto Toderico (u.A. Sinister, Atillery, Poltergeist, Asphyx uvm.) verantwortlich.<\/p>\n<p>Ambassadors Of Aggression zementiert den Status der Band und sollte jedem Death- und Thrash Metal Fan, der etwas mit &#8220;Vader&#8221;, &#8220;Immolation&#8221; oder &#8220;Sinister&#8221; anfangen kann, in reine Ekstase versetzen!<\/p>\n<p>lim. black vinyl<\/p>\n<p><strong>Tracks:<\/strong><\/p>\n<ol class=\"tracklisting\">\n<li>Man-God<\/li>\n<li>Songs of Violence<\/li>\n<li>Ambassadors of Aggression<\/li>\n<li>Seeds of Corruption<\/li>\n<li>Are You with Me<\/li>\n<li>Screaming Your Name<\/li>\n<li>Bolje da umrem<\/li>\n<li>Winds of Despair<\/li>\n<li>Shoot to Kill<\/li>\n<li>Requiem for the Balkans<\/li>\n<\/ol>\n<p><strong>Genres:<\/strong> Death Metal, Thrash Metal<\/p>\n<p><strong>GPSR Information:<\/strong><br \/>Manufacturer:<br \/>\nIntegral Music \/ Virgin Music Group BV<br \/>\n&#8216;s-Gravelandseweg 80, 1217 EW Hilversum, Netherlands<br \/>\nKundenservice(at)integralmusic.com<\/p>\n","protected":false},"excerpt":{"rendered":"<p>Die serbischen Death-Thrasher INFEST ver\u00f6ffentlichen ihr lang erwartetes siebtes Album &#8220;Ambassadors of Aggression&#8221; INFEST sind f\u00fcr ihre rohe Intensit\u00e4t und ihren unerbittlichen Sound bekannt und mischen die Underground-Metal- Szene mit ihrer einzigartigen Mischung aus Geschwindigkeit, Pr\u00e4zision und energiegeladenen Live-Shows weiter auf. Mit Ambassadors of Aggression versprechen INFEST ihr bisher brutalstes und abwechslungsreichstes Werk! Aufgenommen wurde [&#8230;]\n","protected":false},"featured_media":2707117,"comment_status":"open","ping_status":"closed","template":"","meta":[],"product_cat":[436],"product_tag":[],"class_list":{"0":"post-2707119","1":"product","2":"type-product","3":"status-publish","4":"has-post-thumbnail","6":"product_cat-vinyl-i-l","7":"pa_band-infest","8":"pa_productgenre-death-metal","9":"pa_productgenre-thrash-metal","10":"pa_productlabel-violent-creek-records","12":"first","13":"instock","14":"taxable","15":"shipping-taxable","16":"purchasable","17":"product-type-simple"},"yoast_head":"<!-- This site is optimized with the Yoast SEO plugin v22.9 - https:\/\/yoast.com\/wordpress\/plugins\/seo\/ -->\n<title>INFEST - ambassadors of aggression LP black - cudgel | Der ultimative Metal Online Store<\/title>\n<meta name=\"robots\" content=\"index, follow, max-snippet:-1, max-image-preview:large, max-video-preview:-1\" \/>\n<link rel=\"canonical\" href=\"https:\/\/www.cudgel.de\/produkt\/infest-ambassadors-of-aggression-lp-black\/\" \/>\n<meta property=\"og:locale\" content=\"en_US\" \/>\n<meta property=\"og:type\" content=\"article\" \/>\n<meta property=\"og:title\" content=\"INFEST - ambassadors of aggression LP black - cudgel | Der ultimative Metal Online Store\" \/>\n<meta property=\"og:description\" content=\"Die serbischen Death-Thrasher INFEST ver\u00f6ffentlichen ihr lang erwartetes siebtes Album &#8220;Ambassadors of Aggression&#8221; INFEST sind f\u00fcr ihre rohe Intensit\u00e4t und ihren unerbittlichen Sound bekannt und mischen die Underground-Metal- Szene mit ihrer einzigartigen Mischung aus Geschwindigkeit, Pr\u00e4zision und energiegeladenen Live-Shows weiter auf. Mit Ambassadors of Aggression versprechen INFEST ihr bisher brutalstes und abwechslungsreichstes Werk! Aufgenommen wurde [...]\" \/>\n<meta property=\"og:url\" content=\"https:\/\/www.cudgel.de\/produkt\/infest-ambassadors-of-aggression-lp-black\/\" \/>\n<meta property=\"og:site_name\" content=\"cudgel | Der ultimative Metal Online Store\" \/>\n<meta property=\"article:publisher\" content=\"https:\/\/www.facebook.com\/CudgelVertrieb\" \/>\n<meta property=\"article:modified_time\" content=\"2025-12-31T18:11:52+00:00\" \/>\n<meta property=\"og:image\" content=\"https:\/\/www.cudgel.de\/wp-content\/uploads\/2025\/09\/Art110770.jpg\" \/>\n\t<meta property=\"og:image:width\" content=\"1500\" \/>\n\t<meta property=\"og:image:height\" content=\"1384\" \/>\n\t<meta property=\"og:image:type\" content=\"image\/jpeg\" \/>\n<meta name=\"twitter:card\" content=\"summary_large_image\" \/>\n<meta name=\"twitter:label1\" content=\"Est. reading time\" \/>\n\t<meta name=\"twitter:data1\" content=\"1 minute\" \/>\n<script type=\"application\/ld+json\" class=\"yoast-schema-graph\">{\"@context\":\"https:\/\/schema.org\",\"@graph\":[{\"@type\":\"WebPage\",\"@id\":\"https:\/\/www.cudgel.de\/produkt\/infest-ambassadors-of-aggression-lp-black\/\",\"url\":\"https:\/\/www.cudgel.de\/produkt\/infest-ambassadors-of-aggression-lp-black\/\",\"name\":\"INFEST - ambassadors of aggression LP black - cudgel | Der ultimative Metal Online Store\",\"isPartOf\":{\"@id\":\"https:\/\/www.cudgel.de\/#website\"},\"primaryImageOfPage\":{\"@id\":\"https:\/\/www.cudgel.de\/produkt\/infest-ambassadors-of-aggression-lp-black\/#primaryimage\"},\"image\":{\"@id\":\"https:\/\/www.cudgel.de\/produkt\/infest-ambassadors-of-aggression-lp-black\/#primaryimage\"},\"thumbnailUrl\":\"https:\/\/www.cudgel.de\/wp-content\/uploads\/2025\/09\/Art110770.jpg\",\"datePublished\":\"2025-09-22T10:11:04+00:00\",\"dateModified\":\"2025-12-31T18:11:52+00:00\",\"breadcrumb\":{\"@id\":\"https:\/\/www.cudgel.de\/produkt\/infest-ambassadors-of-aggression-lp-black\/#breadcrumb\"},\"inLanguage\":\"en-US\",\"potentialAction\":[{\"@type\":\"ReadAction\",\"target\":[\"https:\/\/www.cudgel.de\/produkt\/infest-ambassadors-of-aggression-lp-black\/\"]}]},{\"@type\":\"ImageObject\",\"inLanguage\":\"en-US\",\"@id\":\"https:\/\/www.cudgel.de\/produkt\/infest-ambassadors-of-aggression-lp-black\/#primaryimage\",\"url\":\"https:\/\/www.cudgel.de\/wp-content\/uploads\/2025\/09\/Art110770.jpg\",\"contentUrl\":\"https:\/\/www.cudgel.de\/wp-content\/uploads\/2025\/09\/Art110770.jpg\",\"width\":1500,\"height\":1384},{\"@type\":\"BreadcrumbList\",\"@id\":\"https:\/\/www.cudgel.de\/produkt\/infest-ambassadors-of-aggression-lp-black\/#breadcrumb\",\"itemListElement\":[{\"@type\":\"ListItem\",\"position\":1,\"name\":\"Home\",\"item\":\"https:\/\/www.cudgel.de\/en\/\"},{\"@type\":\"ListItem\",\"position\":2,\"name\":\"Shop\",\"item\":\"https:\/\/www.cudgel.de\/en\/shop\/\"},{\"@type\":\"ListItem\",\"position\":3,\"name\":\"INFEST &#8211; ambassadors of aggression LP black\"}]},{\"@type\":\"WebSite\",\"@id\":\"https:\/\/www.cudgel.de\/#website\",\"url\":\"https:\/\/www.cudgel.de\/\",\"name\":\"cudgel | Der ultimative Metal Online Store\",\"description\":\"Eine weitere WordPress-Website\",\"publisher\":{\"@id\":\"https:\/\/www.cudgel.de\/#organization\"},\"potentialAction\":[{\"@type\":\"SearchAction\",\"target\":{\"@type\":\"EntryPoint\",\"urlTemplate\":\"https:\/\/www.cudgel.de\/?s={search_term_string}\"},\"query-input\":\"required name=search_term_string\"}],\"inLanguage\":\"en-US\"},{\"@type\":\"Organization\",\"@id\":\"https:\/\/www.cudgel.de\/#organization\",\"name\":\"cudgel | Der ultimative Metal Online Store\",\"url\":\"https:\/\/www.cudgel.de\/\",\"logo\":{\"@type\":\"ImageObject\",\"inLanguage\":\"en-US\",\"@id\":\"https:\/\/www.cudgel.de\/#\/schema\/logo\/image\/\",\"url\":\"https:\/\/www.cudgel.de\/wp-content\/uploads\/2024\/06\/cudgel-logo-neu-1-1400x419png.webp\",\"contentUrl\":\"https:\/\/www.cudgel.de\/wp-content\/uploads\/2024\/06\/cudgel-logo-neu-1-1400x419png.webp\",\"width\":1400,\"height\":419,\"caption\":\"cudgel | Der ultimative Metal Online Store\"},\"image\":{\"@id\":\"https:\/\/www.cudgel.de\/#\/schema\/logo\/image\/\"},\"sameAs\":[\"https:\/\/www.facebook.com\/CudgelVertrieb\"]}]}<\/script>\n<!-- \/ Yoast SEO plugin. -->","yoast_head_json":{"title":"INFEST - ambassadors of aggression LP black - cudgel | Der ultimative Metal Online Store","robots":{"index":"index","follow":"follow","max-snippet":"max-snippet:-1","max-image-preview":"max-image-preview:large","max-video-preview":"max-video-preview:-1"},"canonical":"https:\/\/www.cudgel.de\/produkt\/infest-ambassadors-of-aggression-lp-black\/","og_locale":"en_US","og_type":"article","og_title":"INFEST - ambassadors of aggression LP black - cudgel | Der ultimative Metal Online Store","og_description":"Die serbischen Death-Thrasher INFEST ver\u00f6ffentlichen ihr lang erwartetes siebtes Album &#8220;Ambassadors of Aggression&#8221; INFEST sind f\u00fcr ihre rohe Intensit\u00e4t und ihren unerbittlichen Sound bekannt und mischen die Underground-Metal- Szene mit ihrer einzigartigen Mischung aus Geschwindigkeit, Pr\u00e4zision und energiegeladenen Live-Shows weiter auf. Mit Ambassadors of Aggression versprechen INFEST ihr bisher brutalstes und abwechslungsreichstes Werk! Aufgenommen wurde [...]","og_url":"https:\/\/www.cudgel.de\/produkt\/infest-ambassadors-of-aggression-lp-black\/","og_site_name":"cudgel | Der ultimative Metal Online Store","article_publisher":"https:\/\/www.facebook.com\/CudgelVertrieb","article_modified_time":"2025-12-31T18:11:52+00:00","og_image":[{"width":1500,"height":1384,"url":"https:\/\/www.cudgel.de\/wp-content\/uploads\/2025\/09\/Art110770.jpg","type":"image\/jpeg"}],"twitter_card":"summary_large_image","twitter_misc":{"Est. reading time":"1 minute"},"schema":{"@context":"https:\/\/schema.org","@graph":[{"@type":"WebPage","@id":"https:\/\/www.cudgel.de\/produkt\/infest-ambassadors-of-aggression-lp-black\/","url":"https:\/\/www.cudgel.de\/produkt\/infest-ambassadors-of-aggression-lp-black\/","name":"INFEST - ambassadors of aggression LP black - cudgel | Der ultimative Metal Online Store","isPartOf":{"@id":"https:\/\/www.cudgel.de\/#website"},"primaryImageOfPage":{"@id":"https:\/\/www.cudgel.de\/produkt\/infest-ambassadors-of-aggression-lp-black\/#primaryimage"},"image":{"@id":"https:\/\/www.cudgel.de\/produkt\/infest-ambassadors-of-aggression-lp-black\/#primaryimage"},"thumbnailUrl":"https:\/\/www.cudgel.de\/wp-content\/uploads\/2025\/09\/Art110770.jpg","datePublished":"2025-09-22T10:11:04+00:00","dateModified":"2025-12-31T18:11:52+00:00","breadcrumb":{"@id":"https:\/\/www.cudgel.de\/produkt\/infest-ambassadors-of-aggression-lp-black\/#breadcrumb"},"inLanguage":"en-US","potentialAction":[{"@type":"ReadAction","target":["https:\/\/www.cudgel.de\/produkt\/infest-ambassadors-of-aggression-lp-black\/"]}]},{"@type":"ImageObject","inLanguage":"en-US","@id":"https:\/\/www.cudgel.de\/produkt\/infest-ambassadors-of-aggression-lp-black\/#primaryimage","url":"https:\/\/www.cudgel.de\/wp-content\/uploads\/2025\/09\/Art110770.jpg","contentUrl":"https:\/\/www.cudgel.de\/wp-content\/uploads\/2025\/09\/Art110770.jpg","width":1500,"height":1384},{"@type":"BreadcrumbList","@id":"https:\/\/www.cudgel.de\/produkt\/infest-ambassadors-of-aggression-lp-black\/#breadcrumb","itemListElement":[{"@type":"ListItem","position":1,"name":"Home","item":"https:\/\/www.cudgel.de\/en\/"},{"@type":"ListItem","position":2,"name":"Shop","item":"https:\/\/www.cudgel.de\/en\/shop\/"},{"@type":"ListItem","position":3,"name":"INFEST &#8211; ambassadors of aggression LP black"}]},{"@type":"WebSite","@id":"https:\/\/www.cudgel.de\/#website","url":"https:\/\/www.cudgel.de\/","name":"cudgel | Der ultimative Metal Online Store","description":"Eine weitere WordPress-Website","publisher":{"@id":"https:\/\/www.cudgel.de\/#organization"},"potentialAction":[{"@type":"SearchAction","target":{"@type":"EntryPoint","urlTemplate":"https:\/\/www.cudgel.de\/?s={search_term_string}"},"query-input":"required name=search_term_string"}],"inLanguage":"en-US"},{"@type":"Organization","@id":"https:\/\/www.cudgel.de\/#organization","name":"cudgel | Der ultimative Metal Online Store","url":"https:\/\/www.cudgel.de\/","logo":{"@type":"ImageObject","inLanguage":"en-US","@id":"https:\/\/www.cudgel.de\/#\/schema\/logo\/image\/","url":"https:\/\/www.cudgel.de\/wp-content\/uploads\/2024\/06\/cudgel-logo-neu-1-1400x419png.webp","contentUrl":"https:\/\/www.cudgel.de\/wp-content\/uploads\/2024\/06\/cudgel-logo-neu-1-1400x419png.webp","width":1400,"height":419,"caption":"cudgel | Der ultimative Metal Online Store"},"image":{"@id":"https:\/\/www.cudgel.de\/#\/schema\/logo\/image\/"},"sameAs":["https:\/\/www.facebook.com\/CudgelVertrieb"]}]}},"_links":{"self":[{"href":"https:\/\/www.cudgel.de\/en\/wp-json\/wp\/v2\/product\/2707119","targetHints":{"allow":["GET"]}}],"collection":[{"href":"https:\/\/www.cudgel.de\/en\/wp-json\/wp\/v2\/product"}],"about":[{"href":"https:\/\/www.cudgel.de\/en\/wp-json\/wp\/v2\/types\/product"}],"replies":[{"embeddable":true,"href":"https:\/\/www.cudgel.de\/en\/wp-json\/wp\/v2\/comments?post=2707119"}],"wp:featuredmedia":[{"embeddable":true,"href":"https:\/\/www.cudgel.de\/en\/wp-json\/wp\/v2\/media\/2707117"}],"wp:attachment":[{"href":"https:\/\/www.cudgel.de\/en\/wp-json\/wp\/v2\/media?parent=2707119"}],"wp:term":[{"taxonomy":"product_cat","embeddable":true,"href":"https:\/\/www.cudgel.de\/en\/wp-json\/wp\/v2\/product_cat?post=2707119"},{"taxonomy":"product_tag","embeddable":true,"href":"https:\/\/www.cudgel.de\/en\/wp-json\/wp\/v2\/product_tag?post=2707119"}],"curies":[{"name":"wp","href":"https:\/\/api.w.org\/{rel}","templated":true}]}}