{"id":2733989,"date":"2025-10-10T14:44:24","date_gmt":"2025-10-10T12:44:24","guid":{"rendered":"https:\/\/www.cudgel.de\/produkt\/profanatica-crux-simplex-cd\/"},"modified":"2025-12-31T01:07:19","modified_gmt":"2025-12-31T00:07:19","slug":"profanatica-crux-simplex-cd","status":"publish","type":"product","link":"https:\/\/www.cudgel.de\/en\/product\/profanatica-crux-simplex-cd\/","title":{"rendered":"PROFANATICA &#8211; crux simplex CD"},"content":{"rendered":"<p>Die ber\u00fcchtigte Black-Metal-Horde PROFANATICA kriechen mit ihrem neuen Album &#8220;Crux Simplex&#8221; aus den tiesten Tiefen der H\u00f6lle hervor. Diese neueste Salve der S\u00fcnde und des Sakrilegs, diese Zehn-Track-Offensive ist eine Huldigung des B\u00f6sen, der die ersten 10 Stationen des Kreuzes bastardisiert.<br \/>\nDie Band, angef\u00fchrt vom ber\u00fcchtigten Meister der schwarzen Perversion Paul Ledney, steht f\u00fcr bestialischen Black Metal der ersten Stunde, und &#8220;Crux Simplex&#8221; offenbart ein gottloses Ausma\u00df an Galle und Blasphemie.<br \/>\nFFO: MAYHEM, POSSESSED, INCANTATION, HELLHAMMER, BLASPHEMY<\/p>\n<p><strong>Tracks:<\/strong><\/p>\n<ol class=\"tracklisting\">\n<li>Condemned to Unholy Death<\/li>\n<li>Take Up the Cross<\/li>\n<li>The First Fall<\/li>\n<li>Meeting of a Whore<\/li>\n<li>Compelled by Romans<\/li>\n<li>Wipe the Fucking Face of Jesus<\/li>\n<li>The Second Fall<\/li>\n<li>Cunts of Jerusalem<\/li>\n<li>The Third Fall<\/li>\n<li>Division of Robes<\/li>\n<\/ol>\n<p><strong>Genres:<\/strong> Black Metal<\/p>\n<p> <strong>Label:<\/strong> Season Of Mist Underground Activists<\/p>\n<p> <strong>Erscheinungsjahr:<\/strong> 2023<\/p>\n<p> <strong>K\u00fcnstler:<\/strong> PROFANATICA<\/p>\n<p> <strong>Spieldauer:<\/strong> 38:36<\/p>\n<p> <strong>Format:<\/strong> CD<\/p>\n<p> <strong>EAN:<\/strong> 0822603996722<\/p>\n<p><strong>GPSR Information:<\/strong><br \/>Manufacturer:<br \/>\nSoundworks (Season of Mist)<br \/>\n126 boulevard Bara<br \/>\nHeliopolis 2, Lot B4<br \/>\n13013 Marseille, France<br \/>\ninfo(at)season-of-mist.com<\/p>\n","protected":false},"excerpt":{"rendered":"<p>Die ber\u00fcchtigte Black-Metal-Horde PROFANATICA kriechen mit ihrem neuen Album &#8220;Crux Simplex&#8221; aus den tiesten Tiefen der H\u00f6lle hervor. Diese neueste Salve der S\u00fcnde und des Sakrilegs, diese Zehn-Track-Offensive ist eine Huldigung des B\u00f6sen, der die ersten 10 Stationen des Kreuzes bastardisiert. Die Band, angef\u00fchrt vom ber\u00fcchtigten Meister der schwarzen Perversion Paul Ledney, steht f\u00fcr bestialischen [&#8230;]\n","protected":false},"featured_media":2733987,"comment_status":"open","ping_status":"closed","template":"","meta":[],"product_cat":[460],"product_tag":[],"class_list":{"0":"post-2733989","1":"product","2":"type-product","3":"status-publish","4":"has-post-thumbnail","6":"product_cat-cd-o-q","7":"pa_band-profanatica","8":"pa_productgenre-black-metal","9":"pa_productlabel-season-of-mist-underground-activists","11":"first","12":"instock","13":"taxable","14":"shipping-taxable","15":"purchasable","16":"product-type-simple"},"yoast_head":"<!-- This site is optimized with the Yoast SEO plugin v22.9 - https:\/\/yoast.com\/wordpress\/plugins\/seo\/ -->\n<title>PROFANATICA - crux simplex CD - cudgel | Der ultimative Metal Online Store<\/title>\n<meta name=\"robots\" content=\"index, follow, max-snippet:-1, max-image-preview:large, max-video-preview:-1\" \/>\n<link rel=\"canonical\" href=\"https:\/\/www.cudgel.de\/produkt\/profanatica-crux-simplex-cd\/\" \/>\n<meta property=\"og:locale\" content=\"en_US\" \/>\n<meta property=\"og:type\" content=\"article\" \/>\n<meta property=\"og:title\" content=\"PROFANATICA - crux simplex CD - cudgel | Der ultimative Metal Online Store\" \/>\n<meta property=\"og:description\" content=\"Die ber\u00fcchtigte Black-Metal-Horde PROFANATICA kriechen mit ihrem neuen Album &#8220;Crux Simplex&#8221; aus den tiesten Tiefen der H\u00f6lle hervor. Diese neueste Salve der S\u00fcnde und des Sakrilegs, diese Zehn-Track-Offensive ist eine Huldigung des B\u00f6sen, der die ersten 10 Stationen des Kreuzes bastardisiert. Die Band, angef\u00fchrt vom ber\u00fcchtigten Meister der schwarzen Perversion Paul Ledney, steht f\u00fcr bestialischen [...]\" \/>\n<meta property=\"og:url\" content=\"https:\/\/www.cudgel.de\/produkt\/profanatica-crux-simplex-cd\/\" \/>\n<meta property=\"og:site_name\" content=\"cudgel | Der ultimative Metal Online Store\" \/>\n<meta property=\"article:publisher\" content=\"https:\/\/www.facebook.com\/CudgelVertrieb\" \/>\n<meta property=\"article:modified_time\" content=\"2025-12-31T00:07:19+00:00\" \/>\n<meta property=\"og:image\" content=\"https:\/\/www.cudgel.de\/wp-content\/uploads\/2025\/10\/Art221029.jpg\" \/>\n\t<meta property=\"og:image:width\" content=\"1000\" \/>\n\t<meta property=\"og:image:height\" content=\"1000\" \/>\n\t<meta property=\"og:image:type\" content=\"image\/jpeg\" \/>\n<meta name=\"twitter:card\" content=\"summary_large_image\" \/>\n<meta name=\"twitter:label1\" content=\"Est. reading time\" \/>\n\t<meta name=\"twitter:data1\" content=\"1 minute\" \/>\n<script type=\"application\/ld+json\" class=\"yoast-schema-graph\">{\"@context\":\"https:\/\/schema.org\",\"@graph\":[{\"@type\":\"WebPage\",\"@id\":\"https:\/\/www.cudgel.de\/produkt\/profanatica-crux-simplex-cd\/\",\"url\":\"https:\/\/www.cudgel.de\/produkt\/profanatica-crux-simplex-cd\/\",\"name\":\"PROFANATICA - crux simplex CD - cudgel | Der ultimative Metal Online Store\",\"isPartOf\":{\"@id\":\"https:\/\/www.cudgel.de\/#website\"},\"primaryImageOfPage\":{\"@id\":\"https:\/\/www.cudgel.de\/produkt\/profanatica-crux-simplex-cd\/#primaryimage\"},\"image\":{\"@id\":\"https:\/\/www.cudgel.de\/produkt\/profanatica-crux-simplex-cd\/#primaryimage\"},\"thumbnailUrl\":\"https:\/\/www.cudgel.de\/wp-content\/uploads\/2025\/10\/Art221029.jpg\",\"datePublished\":\"2025-10-10T12:44:24+00:00\",\"dateModified\":\"2025-12-31T00:07:19+00:00\",\"breadcrumb\":{\"@id\":\"https:\/\/www.cudgel.de\/produkt\/profanatica-crux-simplex-cd\/#breadcrumb\"},\"inLanguage\":\"en-US\",\"potentialAction\":[{\"@type\":\"ReadAction\",\"target\":[\"https:\/\/www.cudgel.de\/produkt\/profanatica-crux-simplex-cd\/\"]}]},{\"@type\":\"ImageObject\",\"inLanguage\":\"en-US\",\"@id\":\"https:\/\/www.cudgel.de\/produkt\/profanatica-crux-simplex-cd\/#primaryimage\",\"url\":\"https:\/\/www.cudgel.de\/wp-content\/uploads\/2025\/10\/Art221029.jpg\",\"contentUrl\":\"https:\/\/www.cudgel.de\/wp-content\/uploads\/2025\/10\/Art221029.jpg\",\"width\":1000,\"height\":1000},{\"@type\":\"BreadcrumbList\",\"@id\":\"https:\/\/www.cudgel.de\/produkt\/profanatica-crux-simplex-cd\/#breadcrumb\",\"itemListElement\":[{\"@type\":\"ListItem\",\"position\":1,\"name\":\"Home\",\"item\":\"https:\/\/www.cudgel.de\/en\/\"},{\"@type\":\"ListItem\",\"position\":2,\"name\":\"Shop\",\"item\":\"https:\/\/www.cudgel.de\/en\/shop\/\"},{\"@type\":\"ListItem\",\"position\":3,\"name\":\"PROFANATICA &#8211; crux simplex CD\"}]},{\"@type\":\"WebSite\",\"@id\":\"https:\/\/www.cudgel.de\/#website\",\"url\":\"https:\/\/www.cudgel.de\/\",\"name\":\"cudgel | Der ultimative Metal Online Store\",\"description\":\"Eine weitere WordPress-Website\",\"publisher\":{\"@id\":\"https:\/\/www.cudgel.de\/#organization\"},\"potentialAction\":[{\"@type\":\"SearchAction\",\"target\":{\"@type\":\"EntryPoint\",\"urlTemplate\":\"https:\/\/www.cudgel.de\/?s={search_term_string}\"},\"query-input\":\"required name=search_term_string\"}],\"inLanguage\":\"en-US\"},{\"@type\":\"Organization\",\"@id\":\"https:\/\/www.cudgel.de\/#organization\",\"name\":\"cudgel | Der ultimative Metal Online Store\",\"url\":\"https:\/\/www.cudgel.de\/\",\"logo\":{\"@type\":\"ImageObject\",\"inLanguage\":\"en-US\",\"@id\":\"https:\/\/www.cudgel.de\/#\/schema\/logo\/image\/\",\"url\":\"https:\/\/www.cudgel.de\/wp-content\/uploads\/2024\/06\/cudgel-logo-neu-1-1400x419png.webp\",\"contentUrl\":\"https:\/\/www.cudgel.de\/wp-content\/uploads\/2024\/06\/cudgel-logo-neu-1-1400x419png.webp\",\"width\":1400,\"height\":419,\"caption\":\"cudgel | Der ultimative Metal Online Store\"},\"image\":{\"@id\":\"https:\/\/www.cudgel.de\/#\/schema\/logo\/image\/\"},\"sameAs\":[\"https:\/\/www.facebook.com\/CudgelVertrieb\"]}]}<\/script>\n<!-- \/ Yoast SEO plugin. -->","yoast_head_json":{"title":"PROFANATICA - crux simplex CD - cudgel | Der ultimative Metal Online Store","robots":{"index":"index","follow":"follow","max-snippet":"max-snippet:-1","max-image-preview":"max-image-preview:large","max-video-preview":"max-video-preview:-1"},"canonical":"https:\/\/www.cudgel.de\/produkt\/profanatica-crux-simplex-cd\/","og_locale":"en_US","og_type":"article","og_title":"PROFANATICA - crux simplex CD - cudgel | Der ultimative Metal Online Store","og_description":"Die ber\u00fcchtigte Black-Metal-Horde PROFANATICA kriechen mit ihrem neuen Album &#8220;Crux Simplex&#8221; aus den tiesten Tiefen der H\u00f6lle hervor. Diese neueste Salve der S\u00fcnde und des Sakrilegs, diese Zehn-Track-Offensive ist eine Huldigung des B\u00f6sen, der die ersten 10 Stationen des Kreuzes bastardisiert. Die Band, angef\u00fchrt vom ber\u00fcchtigten Meister der schwarzen Perversion Paul Ledney, steht f\u00fcr bestialischen [...]","og_url":"https:\/\/www.cudgel.de\/produkt\/profanatica-crux-simplex-cd\/","og_site_name":"cudgel | Der ultimative Metal Online Store","article_publisher":"https:\/\/www.facebook.com\/CudgelVertrieb","article_modified_time":"2025-12-31T00:07:19+00:00","og_image":[{"width":1000,"height":1000,"url":"https:\/\/www.cudgel.de\/wp-content\/uploads\/2025\/10\/Art221029.jpg","type":"image\/jpeg"}],"twitter_card":"summary_large_image","twitter_misc":{"Est. reading time":"1 minute"},"schema":{"@context":"https:\/\/schema.org","@graph":[{"@type":"WebPage","@id":"https:\/\/www.cudgel.de\/produkt\/profanatica-crux-simplex-cd\/","url":"https:\/\/www.cudgel.de\/produkt\/profanatica-crux-simplex-cd\/","name":"PROFANATICA - crux simplex CD - cudgel | Der ultimative Metal Online Store","isPartOf":{"@id":"https:\/\/www.cudgel.de\/#website"},"primaryImageOfPage":{"@id":"https:\/\/www.cudgel.de\/produkt\/profanatica-crux-simplex-cd\/#primaryimage"},"image":{"@id":"https:\/\/www.cudgel.de\/produkt\/profanatica-crux-simplex-cd\/#primaryimage"},"thumbnailUrl":"https:\/\/www.cudgel.de\/wp-content\/uploads\/2025\/10\/Art221029.jpg","datePublished":"2025-10-10T12:44:24+00:00","dateModified":"2025-12-31T00:07:19+00:00","breadcrumb":{"@id":"https:\/\/www.cudgel.de\/produkt\/profanatica-crux-simplex-cd\/#breadcrumb"},"inLanguage":"en-US","potentialAction":[{"@type":"ReadAction","target":["https:\/\/www.cudgel.de\/produkt\/profanatica-crux-simplex-cd\/"]}]},{"@type":"ImageObject","inLanguage":"en-US","@id":"https:\/\/www.cudgel.de\/produkt\/profanatica-crux-simplex-cd\/#primaryimage","url":"https:\/\/www.cudgel.de\/wp-content\/uploads\/2025\/10\/Art221029.jpg","contentUrl":"https:\/\/www.cudgel.de\/wp-content\/uploads\/2025\/10\/Art221029.jpg","width":1000,"height":1000},{"@type":"BreadcrumbList","@id":"https:\/\/www.cudgel.de\/produkt\/profanatica-crux-simplex-cd\/#breadcrumb","itemListElement":[{"@type":"ListItem","position":1,"name":"Home","item":"https:\/\/www.cudgel.de\/en\/"},{"@type":"ListItem","position":2,"name":"Shop","item":"https:\/\/www.cudgel.de\/en\/shop\/"},{"@type":"ListItem","position":3,"name":"PROFANATICA &#8211; crux simplex CD"}]},{"@type":"WebSite","@id":"https:\/\/www.cudgel.de\/#website","url":"https:\/\/www.cudgel.de\/","name":"cudgel | Der ultimative Metal Online Store","description":"Eine weitere WordPress-Website","publisher":{"@id":"https:\/\/www.cudgel.de\/#organization"},"potentialAction":[{"@type":"SearchAction","target":{"@type":"EntryPoint","urlTemplate":"https:\/\/www.cudgel.de\/?s={search_term_string}"},"query-input":"required name=search_term_string"}],"inLanguage":"en-US"},{"@type":"Organization","@id":"https:\/\/www.cudgel.de\/#organization","name":"cudgel | Der ultimative Metal Online Store","url":"https:\/\/www.cudgel.de\/","logo":{"@type":"ImageObject","inLanguage":"en-US","@id":"https:\/\/www.cudgel.de\/#\/schema\/logo\/image\/","url":"https:\/\/www.cudgel.de\/wp-content\/uploads\/2024\/06\/cudgel-logo-neu-1-1400x419png.webp","contentUrl":"https:\/\/www.cudgel.de\/wp-content\/uploads\/2024\/06\/cudgel-logo-neu-1-1400x419png.webp","width":1400,"height":419,"caption":"cudgel | Der ultimative Metal Online Store"},"image":{"@id":"https:\/\/www.cudgel.de\/#\/schema\/logo\/image\/"},"sameAs":["https:\/\/www.facebook.com\/CudgelVertrieb"]}]}},"_links":{"self":[{"href":"https:\/\/www.cudgel.de\/en\/wp-json\/wp\/v2\/product\/2733989","targetHints":{"allow":["GET"]}}],"collection":[{"href":"https:\/\/www.cudgel.de\/en\/wp-json\/wp\/v2\/product"}],"about":[{"href":"https:\/\/www.cudgel.de\/en\/wp-json\/wp\/v2\/types\/product"}],"replies":[{"embeddable":true,"href":"https:\/\/www.cudgel.de\/en\/wp-json\/wp\/v2\/comments?post=2733989"}],"wp:featuredmedia":[{"embeddable":true,"href":"https:\/\/www.cudgel.de\/en\/wp-json\/wp\/v2\/media\/2733987"}],"wp:attachment":[{"href":"https:\/\/www.cudgel.de\/en\/wp-json\/wp\/v2\/media?parent=2733989"}],"wp:term":[{"taxonomy":"product_cat","embeddable":true,"href":"https:\/\/www.cudgel.de\/en\/wp-json\/wp\/v2\/product_cat?post=2733989"},{"taxonomy":"product_tag","embeddable":true,"href":"https:\/\/www.cudgel.de\/en\/wp-json\/wp\/v2\/product_tag?post=2733989"}],"curies":[{"name":"wp","href":"https:\/\/api.w.org\/{rel}","templated":true}]}}