{"id":2734382,"date":"2025-10-10T14:53:24","date_gmt":"2025-10-10T12:53:24","guid":{"rendered":"https:\/\/www.cudgel.de\/produkt\/defeated-sanity-chronicles-of-lunacy-cd-season-of-mist\/"},"modified":"2026-02-09T09:02:34","modified_gmt":"2026-02-09T08:02:34","slug":"defeated-sanity-chronicles-of-lunacy-cd-season-of-mist","status":"publish","type":"product","link":"https:\/\/www.cudgel.de\/en\/product\/defeated-sanity-chronicles-of-lunacy-cd-season-of-mist\/","title":{"rendered":"DEFEATED SANITY &#8211; chronicles of lunacy CD Season Of Mist"},"content":{"rendered":"<p>Auf Chronicles of Lunacy kehren Defeated Sanity zur Brutalit\u00e4t zur\u00fcck. Der Underground ist seit fast drei Jahrzehnten verr\u00fcckt nach Defeated Sanity. Die Band wird daf\u00fcr verehrt, Death Metal der alten Schule mit jazzigem Chaos und der technischen Pr\u00e4zision eines klassischen Komponisten zu verbinden. Doch als die vier Verr\u00fcckten \u00fcber ihr siebtes Album nachdachten, wollten sie es mit den R\u00e4tseln langsam angehen lassen und wieder H\u00e4lse brechen.<\/p>\n<p>Chronicles of Lunacy ist kein Defeated Sanity f\u00fcr Dummies. Ob er nun auf Blast-Beats einh\u00e4mmert oder zwischen Crash-Becken hin und her springt, Gr\u00fcndungsmitglied Lille Gruber h\u00f6rt w\u00e4hrend der Leadsingle \u0084The Odour of Sanctity\u0093 nicht auf, das Tempo zu wechseln. Aber dieses Album zieht eine zackige rote Linie zur\u00fcck zu den brutalen Urspr\u00fcngen von Defeated Sanity. Das Konzept von Defeated Sanity besteht aus all den verdrehten Wegen, auf denen wahnhaftes Denken unseren Verstand verzerrt.<\/p>\n<p>In der Hoffnung, das rohe Low-End des Fan-Lieblings Psalms of the Moribund zur\u00fcckzuerobern, begaben sich Defeated Sanity im Januar 2024 mit Produzent Colin Marston in die Thousand Cave Studios.<\/p>\n<p>FFO: Cannibal Corpse, Immolation, Suffocation, Devourment<\/p>\n<p><strong>Tracks:<\/strong><\/p>\n<ol class=\"tracklisting\">\n<li>Amputationsdrang<\/li>\n<li>The Odour of Sanctity<\/li>\n<li>Accelerating the Rot<\/li>\n<li>Temporal Disintegration<\/li>\n<li>Extrinsically Enraged<\/li>\n<li>A Patriarchy Perverse<\/li>\n<li>Condemned to Vascular Famine<\/li>\n<li>Heredity Violated<\/li>\n<\/ol>\n<p><strong>Genres:<\/strong> Tech Death, Brutal Death Metal, Death Metal<\/p>\n<p> <strong>Label:<\/strong> Season of Mist<\/p>\n<p> <strong>Erscheinungsjahr:<\/strong> 2024<\/p>\n<p> <strong>K\u00fcnstler:<\/strong> DEFEATED SANITY<\/p>\n<p> <strong>Spieldauer:<\/strong> 33:32<\/p>\n<p> <strong>Format:<\/strong> CD<\/p>\n<p> <strong>EAN:<\/strong> 0822603002898<\/p>\n<p><strong>GPSR Information:<\/strong><br \/>Manufacturer:<br \/>\nSoundworks (Season of Mist)<br \/>\n126 boulevard Bara<br \/>\nHeliopolis 2, Lot B4<br \/>\n13013 Marseille, France<br \/>\ninfo(at)season-of-mist.com<\/p>\n","protected":false},"excerpt":{"rendered":"<p>Auf Chronicles of Lunacy kehren Defeated Sanity zur Brutalit\u00e4t zur\u00fcck. Der Underground ist seit fast drei Jahrzehnten verr\u00fcckt nach Defeated Sanity. Die Band wird daf\u00fcr verehrt, Death Metal der alten Schule mit jazzigem Chaos und der technischen Pr\u00e4zision eines klassischen Komponisten zu verbinden. Doch als die vier Verr\u00fcckten \u00fcber ihr siebtes Album nachdachten, wollten sie [&#8230;]\n","protected":false},"featured_media":2734380,"comment_status":"open","ping_status":"closed","template":"","meta":[],"product_cat":[451],"product_tag":[],"class_list":{"0":"post-2734382","1":"product","2":"type-product","3":"status-publish","4":"has-post-thumbnail","6":"product_cat-cd-d","7":"pa_band-defeated-sanity","8":"pa_productgenre-brutal-death-metal","9":"pa_productgenre-death-metal","10":"pa_productgenre-tech-death","11":"pa_productlabel-season-of-mist","13":"first","14":"instock","15":"taxable","16":"shipping-taxable","17":"purchasable","18":"product-type-simple"},"yoast_head":"<!-- This site is optimized with the Yoast SEO plugin v22.9 - https:\/\/yoast.com\/wordpress\/plugins\/seo\/ -->\n<title>DEFEATED SANITY - chronicles of lunacy CD Season Of Mist - cudgel | Der ultimative Metal Online Store<\/title>\n<meta name=\"robots\" content=\"index, follow, max-snippet:-1, max-image-preview:large, max-video-preview:-1\" \/>\n<link rel=\"canonical\" href=\"https:\/\/www.cudgel.de\/produkt\/defeated-sanity-chronicles-of-lunacy-cd-season-of-mist\/\" \/>\n<meta property=\"og:locale\" content=\"en_US\" \/>\n<meta property=\"og:type\" content=\"article\" \/>\n<meta property=\"og:title\" content=\"DEFEATED SANITY - chronicles of lunacy CD Season Of Mist - cudgel | Der ultimative Metal Online Store\" \/>\n<meta property=\"og:description\" content=\"Auf Chronicles of Lunacy kehren Defeated Sanity zur Brutalit\u00e4t zur\u00fcck. Der Underground ist seit fast drei Jahrzehnten verr\u00fcckt nach Defeated Sanity. Die Band wird daf\u00fcr verehrt, Death Metal der alten Schule mit jazzigem Chaos und der technischen Pr\u00e4zision eines klassischen Komponisten zu verbinden. Doch als die vier Verr\u00fcckten \u00fcber ihr siebtes Album nachdachten, wollten sie [...]\" \/>\n<meta property=\"og:url\" content=\"https:\/\/www.cudgel.de\/produkt\/defeated-sanity-chronicles-of-lunacy-cd-season-of-mist\/\" \/>\n<meta property=\"og:site_name\" content=\"cudgel | Der ultimative Metal Online Store\" \/>\n<meta property=\"article:publisher\" content=\"https:\/\/www.facebook.com\/CudgelVertrieb\" \/>\n<meta property=\"article:modified_time\" content=\"2026-02-09T08:02:34+00:00\" \/>\n<meta property=\"og:image\" content=\"https:\/\/www.cudgel.de\/wp-content\/uploads\/2025\/10\/Art222858.jpg\" \/>\n\t<meta property=\"og:image:width\" content=\"1000\" \/>\n\t<meta property=\"og:image:height\" content=\"1000\" \/>\n\t<meta property=\"og:image:type\" content=\"image\/jpeg\" \/>\n<meta name=\"twitter:card\" content=\"summary_large_image\" \/>\n<meta name=\"twitter:label1\" content=\"Est. reading time\" \/>\n\t<meta name=\"twitter:data1\" content=\"1 minute\" \/>\n<script type=\"application\/ld+json\" class=\"yoast-schema-graph\">{\"@context\":\"https:\/\/schema.org\",\"@graph\":[{\"@type\":\"WebPage\",\"@id\":\"https:\/\/www.cudgel.de\/produkt\/defeated-sanity-chronicles-of-lunacy-cd-season-of-mist\/\",\"url\":\"https:\/\/www.cudgel.de\/produkt\/defeated-sanity-chronicles-of-lunacy-cd-season-of-mist\/\",\"name\":\"DEFEATED SANITY - chronicles of lunacy CD Season Of Mist - cudgel | Der ultimative Metal Online Store\",\"isPartOf\":{\"@id\":\"https:\/\/www.cudgel.de\/#website\"},\"primaryImageOfPage\":{\"@id\":\"https:\/\/www.cudgel.de\/produkt\/defeated-sanity-chronicles-of-lunacy-cd-season-of-mist\/#primaryimage\"},\"image\":{\"@id\":\"https:\/\/www.cudgel.de\/produkt\/defeated-sanity-chronicles-of-lunacy-cd-season-of-mist\/#primaryimage\"},\"thumbnailUrl\":\"https:\/\/www.cudgel.de\/wp-content\/uploads\/2025\/10\/Art222858.jpg\",\"datePublished\":\"2025-10-10T12:53:24+00:00\",\"dateModified\":\"2026-02-09T08:02:34+00:00\",\"breadcrumb\":{\"@id\":\"https:\/\/www.cudgel.de\/produkt\/defeated-sanity-chronicles-of-lunacy-cd-season-of-mist\/#breadcrumb\"},\"inLanguage\":\"en-US\",\"potentialAction\":[{\"@type\":\"ReadAction\",\"target\":[\"https:\/\/www.cudgel.de\/produkt\/defeated-sanity-chronicles-of-lunacy-cd-season-of-mist\/\"]}]},{\"@type\":\"ImageObject\",\"inLanguage\":\"en-US\",\"@id\":\"https:\/\/www.cudgel.de\/produkt\/defeated-sanity-chronicles-of-lunacy-cd-season-of-mist\/#primaryimage\",\"url\":\"https:\/\/www.cudgel.de\/wp-content\/uploads\/2025\/10\/Art222858.jpg\",\"contentUrl\":\"https:\/\/www.cudgel.de\/wp-content\/uploads\/2025\/10\/Art222858.jpg\",\"width\":1000,\"height\":1000},{\"@type\":\"BreadcrumbList\",\"@id\":\"https:\/\/www.cudgel.de\/produkt\/defeated-sanity-chronicles-of-lunacy-cd-season-of-mist\/#breadcrumb\",\"itemListElement\":[{\"@type\":\"ListItem\",\"position\":1,\"name\":\"Home\",\"item\":\"https:\/\/www.cudgel.de\/en\/\"},{\"@type\":\"ListItem\",\"position\":2,\"name\":\"Shop\",\"item\":\"https:\/\/www.cudgel.de\/en\/shop\/\"},{\"@type\":\"ListItem\",\"position\":3,\"name\":\"DEFEATED SANITY &#8211; chronicles of lunacy CD Season Of Mist\"}]},{\"@type\":\"WebSite\",\"@id\":\"https:\/\/www.cudgel.de\/#website\",\"url\":\"https:\/\/www.cudgel.de\/\",\"name\":\"cudgel | Der ultimative Metal Online Store\",\"description\":\"Eine weitere WordPress-Website\",\"publisher\":{\"@id\":\"https:\/\/www.cudgel.de\/#organization\"},\"potentialAction\":[{\"@type\":\"SearchAction\",\"target\":{\"@type\":\"EntryPoint\",\"urlTemplate\":\"https:\/\/www.cudgel.de\/?s={search_term_string}\"},\"query-input\":\"required name=search_term_string\"}],\"inLanguage\":\"en-US\"},{\"@type\":\"Organization\",\"@id\":\"https:\/\/www.cudgel.de\/#organization\",\"name\":\"cudgel | Der ultimative Metal Online Store\",\"url\":\"https:\/\/www.cudgel.de\/\",\"logo\":{\"@type\":\"ImageObject\",\"inLanguage\":\"en-US\",\"@id\":\"https:\/\/www.cudgel.de\/#\/schema\/logo\/image\/\",\"url\":\"https:\/\/www.cudgel.de\/wp-content\/uploads\/2024\/06\/cudgel-logo-neu-1-1400x419png.webp\",\"contentUrl\":\"https:\/\/www.cudgel.de\/wp-content\/uploads\/2024\/06\/cudgel-logo-neu-1-1400x419png.webp\",\"width\":1400,\"height\":419,\"caption\":\"cudgel | Der ultimative Metal Online Store\"},\"image\":{\"@id\":\"https:\/\/www.cudgel.de\/#\/schema\/logo\/image\/\"},\"sameAs\":[\"https:\/\/www.facebook.com\/CudgelVertrieb\"]}]}<\/script>\n<!-- \/ Yoast SEO plugin. -->","yoast_head_json":{"title":"DEFEATED SANITY - chronicles of lunacy CD Season Of Mist - cudgel | Der ultimative Metal Online Store","robots":{"index":"index","follow":"follow","max-snippet":"max-snippet:-1","max-image-preview":"max-image-preview:large","max-video-preview":"max-video-preview:-1"},"canonical":"https:\/\/www.cudgel.de\/produkt\/defeated-sanity-chronicles-of-lunacy-cd-season-of-mist\/","og_locale":"en_US","og_type":"article","og_title":"DEFEATED SANITY - chronicles of lunacy CD Season Of Mist - cudgel | Der ultimative Metal Online Store","og_description":"Auf Chronicles of Lunacy kehren Defeated Sanity zur Brutalit\u00e4t zur\u00fcck. Der Underground ist seit fast drei Jahrzehnten verr\u00fcckt nach Defeated Sanity. Die Band wird daf\u00fcr verehrt, Death Metal der alten Schule mit jazzigem Chaos und der technischen Pr\u00e4zision eines klassischen Komponisten zu verbinden. Doch als die vier Verr\u00fcckten \u00fcber ihr siebtes Album nachdachten, wollten sie [...]","og_url":"https:\/\/www.cudgel.de\/produkt\/defeated-sanity-chronicles-of-lunacy-cd-season-of-mist\/","og_site_name":"cudgel | Der ultimative Metal Online Store","article_publisher":"https:\/\/www.facebook.com\/CudgelVertrieb","article_modified_time":"2026-02-09T08:02:34+00:00","og_image":[{"width":1000,"height":1000,"url":"https:\/\/www.cudgel.de\/wp-content\/uploads\/2025\/10\/Art222858.jpg","type":"image\/jpeg"}],"twitter_card":"summary_large_image","twitter_misc":{"Est. reading time":"1 minute"},"schema":{"@context":"https:\/\/schema.org","@graph":[{"@type":"WebPage","@id":"https:\/\/www.cudgel.de\/produkt\/defeated-sanity-chronicles-of-lunacy-cd-season-of-mist\/","url":"https:\/\/www.cudgel.de\/produkt\/defeated-sanity-chronicles-of-lunacy-cd-season-of-mist\/","name":"DEFEATED SANITY - chronicles of lunacy CD Season Of Mist - cudgel | Der ultimative Metal Online Store","isPartOf":{"@id":"https:\/\/www.cudgel.de\/#website"},"primaryImageOfPage":{"@id":"https:\/\/www.cudgel.de\/produkt\/defeated-sanity-chronicles-of-lunacy-cd-season-of-mist\/#primaryimage"},"image":{"@id":"https:\/\/www.cudgel.de\/produkt\/defeated-sanity-chronicles-of-lunacy-cd-season-of-mist\/#primaryimage"},"thumbnailUrl":"https:\/\/www.cudgel.de\/wp-content\/uploads\/2025\/10\/Art222858.jpg","datePublished":"2025-10-10T12:53:24+00:00","dateModified":"2026-02-09T08:02:34+00:00","breadcrumb":{"@id":"https:\/\/www.cudgel.de\/produkt\/defeated-sanity-chronicles-of-lunacy-cd-season-of-mist\/#breadcrumb"},"inLanguage":"en-US","potentialAction":[{"@type":"ReadAction","target":["https:\/\/www.cudgel.de\/produkt\/defeated-sanity-chronicles-of-lunacy-cd-season-of-mist\/"]}]},{"@type":"ImageObject","inLanguage":"en-US","@id":"https:\/\/www.cudgel.de\/produkt\/defeated-sanity-chronicles-of-lunacy-cd-season-of-mist\/#primaryimage","url":"https:\/\/www.cudgel.de\/wp-content\/uploads\/2025\/10\/Art222858.jpg","contentUrl":"https:\/\/www.cudgel.de\/wp-content\/uploads\/2025\/10\/Art222858.jpg","width":1000,"height":1000},{"@type":"BreadcrumbList","@id":"https:\/\/www.cudgel.de\/produkt\/defeated-sanity-chronicles-of-lunacy-cd-season-of-mist\/#breadcrumb","itemListElement":[{"@type":"ListItem","position":1,"name":"Home","item":"https:\/\/www.cudgel.de\/en\/"},{"@type":"ListItem","position":2,"name":"Shop","item":"https:\/\/www.cudgel.de\/en\/shop\/"},{"@type":"ListItem","position":3,"name":"DEFEATED SANITY &#8211; chronicles of lunacy CD Season Of Mist"}]},{"@type":"WebSite","@id":"https:\/\/www.cudgel.de\/#website","url":"https:\/\/www.cudgel.de\/","name":"cudgel | Der ultimative Metal Online Store","description":"Eine weitere WordPress-Website","publisher":{"@id":"https:\/\/www.cudgel.de\/#organization"},"potentialAction":[{"@type":"SearchAction","target":{"@type":"EntryPoint","urlTemplate":"https:\/\/www.cudgel.de\/?s={search_term_string}"},"query-input":"required name=search_term_string"}],"inLanguage":"en-US"},{"@type":"Organization","@id":"https:\/\/www.cudgel.de\/#organization","name":"cudgel | Der ultimative Metal Online Store","url":"https:\/\/www.cudgel.de\/","logo":{"@type":"ImageObject","inLanguage":"en-US","@id":"https:\/\/www.cudgel.de\/#\/schema\/logo\/image\/","url":"https:\/\/www.cudgel.de\/wp-content\/uploads\/2024\/06\/cudgel-logo-neu-1-1400x419png.webp","contentUrl":"https:\/\/www.cudgel.de\/wp-content\/uploads\/2024\/06\/cudgel-logo-neu-1-1400x419png.webp","width":1400,"height":419,"caption":"cudgel | Der ultimative Metal Online Store"},"image":{"@id":"https:\/\/www.cudgel.de\/#\/schema\/logo\/image\/"},"sameAs":["https:\/\/www.facebook.com\/CudgelVertrieb"]}]}},"_links":{"self":[{"href":"https:\/\/www.cudgel.de\/en\/wp-json\/wp\/v2\/product\/2734382","targetHints":{"allow":["GET"]}}],"collection":[{"href":"https:\/\/www.cudgel.de\/en\/wp-json\/wp\/v2\/product"}],"about":[{"href":"https:\/\/www.cudgel.de\/en\/wp-json\/wp\/v2\/types\/product"}],"replies":[{"embeddable":true,"href":"https:\/\/www.cudgel.de\/en\/wp-json\/wp\/v2\/comments?post=2734382"}],"wp:featuredmedia":[{"embeddable":true,"href":"https:\/\/www.cudgel.de\/en\/wp-json\/wp\/v2\/media\/2734380"}],"wp:attachment":[{"href":"https:\/\/www.cudgel.de\/en\/wp-json\/wp\/v2\/media?parent=2734382"}],"wp:term":[{"taxonomy":"product_cat","embeddable":true,"href":"https:\/\/www.cudgel.de\/en\/wp-json\/wp\/v2\/product_cat?post=2734382"},{"taxonomy":"product_tag","embeddable":true,"href":"https:\/\/www.cudgel.de\/en\/wp-json\/wp\/v2\/product_tag?post=2734382"}],"curies":[{"name":"wp","href":"https:\/\/api.w.org\/{rel}","templated":true}]}}